{"id":339,"date":"2023-03-02T20:37:24","date_gmt":"2023-03-02T19:37:24","guid":{"rendered":"https:\/\/airportsmokinglounge.com\/?page_id=339"},"modified":"2023-05-08T13:02:29","modified_gmt":"2023-05-08T11:02:29","slug":"smoking-areas-in-cameroon-airports","status":"publish","type":"page","link":"https:\/\/airportsmokinglounge.com\/fr\/zones-fumeurs-dans-les-aeroports-du-cameroun\/","title":{"rendered":"Zones fumeurs dans les a\u00e9roports du Cameroun"},"content":{"rendered":"<p>Sur ce site Web, vous pouvez trouver toutes les zones fumeurs dans les a\u00e9roports, y compris les zones fumeurs d\u00e9sign\u00e9es et les installations disponibles. Nous comprenons la frustration de passer par la s\u00e9curit\u00e9 pour constater qu&#039;il n&#039;y a pas de zones fumeurs nulle part et dans certains cas, les cigarettes \u00e9lectroniques peuvent ne pas \u00eatre autoris\u00e9es.<\/p>\n<p>Ce service s&#039;adresse \u00e0 tous les fumeurs qui souhaitent profiter d&#039;une cigarette avant ou apr\u00e8s de longs vols.<\/p>\n<p>Le Cameroun poss\u00e8de plusieurs a\u00e9roports, allant des petits a\u00e9roports r\u00e9gionaux aux grands hubs internationaux.<\/p>\n<h2>A\u00e9roports au Cameroun<\/h2>\n<ul style=\"list-style-type: circle;\">\n<li><a href=\"https:\/\/airportsmokinglounge.com\/fr\/espaces-fumeurs-a-l-aeroport-de-douala-dla\/\">A\u00c9ROPORT INTERNATIONAL DE DOUALA (DLA)<\/a><\/li>\n<li><a href=\"https:\/\/airportsmokinglounge.com\/fr\/espaces-fumeurs-a-l-aeroport-de-yaounde-nsimalen-nsi\/\">AEROPORT INTERNATIONAL DE YAOUNDE NSIMALEN (INS)<\/a><\/li>\n<\/ul>\n<h2>Loi camerounaise sur le tabagisme<\/h2>\n<p>Le Cameroun a mis en place des lois antitabac pour r\u00e9glementer et contr\u00f4ler le tabagisme dans les lieux publics. Ces lois visent \u00e0 prot\u00e9ger la sant\u00e9 publique, \u00e0 r\u00e9duire l&#039;exposition \u00e0 la fum\u00e9e secondaire et \u00e0 d\u00e9courager l&#039;usage du tabac.<\/p>\n<p>Au Cameroun, il est interdit de fumer dans certains lieux publics int\u00e9rieurs, notamment les b\u00e2timents gouvernementaux, les \u00e9tablissements de sant\u00e9, les \u00e9tablissements d&#039;enseignement et les transports publics. La loi interdit \u00e9galement de fumer dans les zones sp\u00e9cifiquement d\u00e9sign\u00e9es comme zones non-fumeurs, telles que les espaces publics ferm\u00e9s et les zones proches des entr\u00e9es et des sorties des b\u00e2timents publics.<\/p>\n<p>La vente de produits du tabac aux mineurs de moins de 18 ans est \u00e9galement interdite au Cameroun. La publicit\u00e9 et la promotion du tabac sont r\u00e9glement\u00e9es, avec des restrictions sur la publicit\u00e9 dans certains m\u00e9dias et lieux publics.<\/p>\n<p>L&#039;application des lois antitabac au Cameroun est effectu\u00e9e par les autorit\u00e9s comp\u00e9tentes, et les violations peuvent entra\u00eener des amendes ou d&#039;autres sanctions.<\/p>\n<p>Il est important de noter que les lois et r\u00e9glementations antitabac peuvent changer avec le temps, il est donc conseill\u00e9 de se r\u00e9f\u00e9rer \u00e0 la l\u00e9gislation la plus r\u00e9cente ou de consulter les autorit\u00e9s locales pour obtenir les informations les plus r\u00e9centes sur les lois antitabac au Cameroun.<\/p>\n<p><strong>Plus de zones fumeurs \u00e0 l&#039;a\u00e9roport\u00a0<\/strong><\/p>\n<ul>\n<li><a href=\"https:\/\/airportsmokinglounge.com\/fr\/fumer-dans-les-aeroports-d-amerique-du-nord\/\">Am\u00e9rique du Nord<\/a><\/li>\n<li><a href=\"https:\/\/airportsmokinglounge.com\/fr\/fumer-dans-les-aeroports-d-amerique-du-sud\/\">Am\u00e9rique du Sud<\/a><\/li>\n<li><a href=\"https:\/\/airportsmokinglounge.com\/fr\/espaces-fumeurs-dans-les-aeroports-europeens\/\">L&#039;Europe \uf0d7<\/a><\/li>\n<li><a href=\"https:\/\/airportsmokinglounge.com\/fr\/fumer-dans-les-aeroports-en-asie\/\">Asie<\/a><\/li>\n<li><a href=\"https:\/\/airportsmokinglounge.com\/fr\/fumer-dans-les-aeroports-en-oceanie\/\">Oc\u00e9anie<\/a><\/li>\n<\/ul>","protected":false},"excerpt":{"rendered":"<p>Sur ce site Web, vous trouverez toutes les zones fumeurs dans les a\u00e9roports, y compris les zones fumeurs d\u00e9sign\u00e9es et les installations disponibles. Nous comprenons la frustration de passer les contr\u00f4les de s\u00e9curit\u00e9 pour constater qu&#039;il n&#039;y a aucune zone fumeurs nulle part et que, dans certains cas, les cigarettes \u00e9lectroniques ne sont pas autoris\u00e9es. Ce service s\u2019adresse \u00e0 tous les fumeurs qui souhaitent profiter\u2026&nbsp;<a href=\"https:\/\/airportsmokinglounge.com\/fr\/zones-fumeurs-dans-les-aeroports-du-cameroun\/\" rel=\"bookmark\">En savoir plus &quot;<span class=\"screen-reader-text\">Zones fumeurs dans les a\u00e9roports du Cameroun<\/span><\/a><\/p>","protected":false},"author":1,"featured_media":1199,"parent":0,"menu_order":0,"comment_status":"closed","ping_status":"closed","template":"","meta":{"neve_meta_sidebar":"","neve_meta_container":"","neve_meta_enable_content_width":"off","neve_meta_content_width":100,"neve_meta_title_alignment":"","neve_meta_author_avatar":"","neve_post_elements_order":"","neve_meta_disable_header":"","neve_meta_disable_footer":"","neve_meta_disable_title":"","neve_meta_reading_time":"","footnotes":""},"class_list":["post-339","page","type-page","status-publish","has-post-thumbnail","hentry"],"yoast_head":"<!-- This site is optimized with the Yoast SEO plugin v26.6 - https:\/\/yoast.com\/wordpress\/plugins\/seo\/ -->\n<title>Smoking areas in Cameroon airports - airportsmokinglounge.com<\/title>\n<meta name=\"description\" content=\"Smoking Areas in Cameroon Airports - Your Ultimate Guide to Finding a Place to Smoke \u2714\ufe0e Find Your Next Smoke Break Spot \u2714\ufe0e\" \/>\n<meta name=\"robots\" content=\"index, follow, max-snippet:-1, max-image-preview:large, max-video-preview:-1\" \/>\n<link rel=\"canonical\" href=\"https:\/\/airportsmokinglounge.com\/fr\/zones-fumeurs-dans-les-aeroports-du-cameroun\/\" \/>\n<meta property=\"og:locale\" content=\"fr_FR\" \/>\n<meta property=\"og:type\" content=\"article\" \/>\n<meta property=\"og:title\" content=\"Smoking areas in Cameroon airports - airportsmokinglounge.com\" \/>\n<meta property=\"og:description\" content=\"Smoking Areas in Cameroon Airports - Your Ultimate Guide to Finding a Place to Smoke \u2714\ufe0e Find Your Next Smoke Break Spot \u2714\ufe0e\" \/>\n<meta property=\"og:url\" content=\"https:\/\/airportsmokinglounge.com\/fr\/zones-fumeurs-dans-les-aeroports-du-cameroun\/\" \/>\n<meta property=\"og:site_name\" content=\"airportsmokinglounge.com\" \/>\n<meta property=\"article:modified_time\" content=\"2023-05-08T11:02:29+00:00\" \/>\n<meta property=\"og:image\" content=\"https:\/\/airportsmokinglounge.com\/wp-content\/uploads\/2023\/03\/airport-smoking-lounge-4.jpg\" \/>\n\t<meta property=\"og:image:width\" content=\"2048\" \/>\n\t<meta property=\"og:image:height\" content=\"1152\" \/>\n\t<meta property=\"og:image:type\" content=\"image\/jpeg\" \/>\n<meta name=\"twitter:card\" content=\"summary_large_image\" \/>\n<meta name=\"twitter:label1\" content=\"Dur\u00e9e de lecture estim\u00e9e\" \/>\n\t<meta name=\"twitter:data1\" content=\"2 minutes\" \/>\n<script type=\"application\/ld+json\" class=\"yoast-schema-graph\">{\"@context\":\"https:\/\/schema.org\",\"@graph\":[{\"@type\":\"WebPage\",\"@id\":\"https:\/\/airportsmokinglounge.com\/smoking-areas-in-cameroon-airports\/\",\"url\":\"https:\/\/airportsmokinglounge.com\/smoking-areas-in-cameroon-airports\/\",\"name\":\"Smoking areas in Cameroon airports - airportsmokinglounge.com\",\"isPartOf\":{\"@id\":\"https:\/\/airportsmokinglounge.com\/#website\"},\"primaryImageOfPage\":{\"@id\":\"https:\/\/airportsmokinglounge.com\/smoking-areas-in-cameroon-airports\/#primaryimage\"},\"image\":{\"@id\":\"https:\/\/airportsmokinglounge.com\/smoking-areas-in-cameroon-airports\/#primaryimage\"},\"thumbnailUrl\":\"https:\/\/airportsmokinglounge.com\/wp-content\/uploads\/2023\/03\/airport-smoking-lounge-4.jpg\",\"datePublished\":\"2023-03-02T19:37:24+00:00\",\"dateModified\":\"2023-05-08T11:02:29+00:00\",\"description\":\"Smoking Areas in Cameroon Airports - Your Ultimate Guide to Finding a Place to Smoke \u2714\ufe0e Find Your Next Smoke Break Spot \u2714\ufe0e\",\"breadcrumb\":{\"@id\":\"https:\/\/airportsmokinglounge.com\/smoking-areas-in-cameroon-airports\/#breadcrumb\"},\"inLanguage\":\"fr-FR\",\"potentialAction\":[{\"@type\":\"ReadAction\",\"target\":[\"https:\/\/airportsmokinglounge.com\/smoking-areas-in-cameroon-airports\/\"]}]},{\"@type\":\"ImageObject\",\"inLanguage\":\"fr-FR\",\"@id\":\"https:\/\/airportsmokinglounge.com\/smoking-areas-in-cameroon-airports\/#primaryimage\",\"url\":\"https:\/\/airportsmokinglounge.com\/wp-content\/uploads\/2023\/03\/airport-smoking-lounge-4.jpg\",\"contentUrl\":\"https:\/\/airportsmokinglounge.com\/wp-content\/uploads\/2023\/03\/airport-smoking-lounge-4.jpg\",\"width\":2048,\"height\":1152,\"caption\":\"Airport Smoking\"},{\"@type\":\"BreadcrumbList\",\"@id\":\"https:\/\/airportsmokinglounge.com\/smoking-areas-in-cameroon-airports\/#breadcrumb\",\"itemListElement\":[{\"@type\":\"ListItem\",\"position\":1,\"name\":\"Home\",\"item\":\"https:\/\/airportsmokinglounge.com\/\"},{\"@type\":\"ListItem\",\"position\":2,\"name\":\"Smoking areas in Cameroon airports\"}]},{\"@type\":\"WebSite\",\"@id\":\"https:\/\/airportsmokinglounge.com\/#website\",\"url\":\"https:\/\/airportsmokinglounge.com\/\",\"name\":\"airportsmokinglounge.com\",\"description\":\"\",\"potentialAction\":[{\"@type\":\"SearchAction\",\"target\":{\"@type\":\"EntryPoint\",\"urlTemplate\":\"https:\/\/airportsmokinglounge.com\/?s={search_term_string}\"},\"query-input\":{\"@type\":\"PropertyValueSpecification\",\"valueRequired\":true,\"valueName\":\"search_term_string\"}}],\"inLanguage\":\"fr-FR\"}]}<\/script>\n<!-- \/ Yoast SEO plugin. -->","yoast_head_json":{"title":"Zones fumeurs dans les a\u00e9roports du Cameroun - airportsmokinglounge.com","description":"Zones fumeurs dans les a\u00e9roports du Cameroun - Votre guide ultime pour trouver un endroit o\u00f9 fumer \u2714\ufe0e Trouvez votre prochain endroit pour fumer \u2714\ufe0e","robots":{"index":"index","follow":"follow","max-snippet":"max-snippet:-1","max-image-preview":"max-image-preview:large","max-video-preview":"max-video-preview:-1"},"canonical":"https:\/\/airportsmokinglounge.com\/fr\/zones-fumeurs-dans-les-aeroports-du-cameroun\/","og_locale":"fr_FR","og_type":"article","og_title":"Smoking areas in Cameroon airports - airportsmokinglounge.com","og_description":"Smoking Areas in Cameroon Airports - Your Ultimate Guide to Finding a Place to Smoke \u2714\ufe0e Find Your Next Smoke Break Spot \u2714\ufe0e","og_url":"https:\/\/airportsmokinglounge.com\/fr\/zones-fumeurs-dans-les-aeroports-du-cameroun\/","og_site_name":"airportsmokinglounge.com","article_modified_time":"2023-05-08T11:02:29+00:00","og_image":[{"width":2048,"height":1152,"url":"https:\/\/airportsmokinglounge.com\/wp-content\/uploads\/2023\/03\/airport-smoking-lounge-4.jpg","type":"image\/jpeg"}],"twitter_card":"summary_large_image","twitter_misc":{"Dur\u00e9e de lecture estim\u00e9e":"2 minutes"},"schema":{"@context":"https:\/\/schema.org","@graph":[{"@type":"WebPage","@id":"https:\/\/airportsmokinglounge.com\/smoking-areas-in-cameroon-airports\/","url":"https:\/\/airportsmokinglounge.com\/smoking-areas-in-cameroon-airports\/","name":"Zones fumeurs dans les a\u00e9roports du Cameroun - airportsmokinglounge.com","isPartOf":{"@id":"https:\/\/airportsmokinglounge.com\/#website"},"primaryImageOfPage":{"@id":"https:\/\/airportsmokinglounge.com\/smoking-areas-in-cameroon-airports\/#primaryimage"},"image":{"@id":"https:\/\/airportsmokinglounge.com\/smoking-areas-in-cameroon-airports\/#primaryimage"},"thumbnailUrl":"https:\/\/airportsmokinglounge.com\/wp-content\/uploads\/2023\/03\/airport-smoking-lounge-4.jpg","datePublished":"2023-03-02T19:37:24+00:00","dateModified":"2023-05-08T11:02:29+00:00","description":"Zones fumeurs dans les a\u00e9roports du Cameroun - Votre guide ultime pour trouver un endroit o\u00f9 fumer \u2714\ufe0e Trouvez votre prochain endroit pour fumer \u2714\ufe0e","breadcrumb":{"@id":"https:\/\/airportsmokinglounge.com\/smoking-areas-in-cameroon-airports\/#breadcrumb"},"inLanguage":"fr-FR","potentialAction":[{"@type":"ReadAction","target":["https:\/\/airportsmokinglounge.com\/smoking-areas-in-cameroon-airports\/"]}]},{"@type":"ImageObject","inLanguage":"fr-FR","@id":"https:\/\/airportsmokinglounge.com\/smoking-areas-in-cameroon-airports\/#primaryimage","url":"https:\/\/airportsmokinglounge.com\/wp-content\/uploads\/2023\/03\/airport-smoking-lounge-4.jpg","contentUrl":"https:\/\/airportsmokinglounge.com\/wp-content\/uploads\/2023\/03\/airport-smoking-lounge-4.jpg","width":2048,"height":1152,"caption":"Airport Smoking"},{"@type":"BreadcrumbList","@id":"https:\/\/airportsmokinglounge.com\/smoking-areas-in-cameroon-airports\/#breadcrumb","itemListElement":[{"@type":"ListItem","position":1,"name":"Home","item":"https:\/\/airportsmokinglounge.com\/"},{"@type":"ListItem","position":2,"name":"Smoking areas in Cameroon airports"}]},{"@type":"WebSite","@id":"https:\/\/airportsmokinglounge.com\/#website","url":"https:\/\/airportsmokinglounge.com\/","name":"airportsmokinglounge.com","description":"","potentialAction":[{"@type":"SearchAction","target":{"@type":"EntryPoint","urlTemplate":"https:\/\/airportsmokinglounge.com\/?s={search_term_string}"},"query-input":{"@type":"PropertyValueSpecification","valueRequired":true,"valueName":"search_term_string"}}],"inLanguage":"fr-FR"}]}},"_links":{"self":[{"href":"https:\/\/airportsmokinglounge.com\/fr\/wp-json\/wp\/v2\/pages\/339","targetHints":{"allow":["GET"]}}],"collection":[{"href":"https:\/\/airportsmokinglounge.com\/fr\/wp-json\/wp\/v2\/pages"}],"about":[{"href":"https:\/\/airportsmokinglounge.com\/fr\/wp-json\/wp\/v2\/types\/page"}],"author":[{"embeddable":true,"href":"https:\/\/airportsmokinglounge.com\/fr\/wp-json\/wp\/v2\/users\/1"}],"replies":[{"embeddable":true,"href":"https:\/\/airportsmokinglounge.com\/fr\/wp-json\/wp\/v2\/comments?post=339"}],"version-history":[{"count":6,"href":"https:\/\/airportsmokinglounge.com\/fr\/wp-json\/wp\/v2\/pages\/339\/revisions"}],"predecessor-version":[{"id":4645,"href":"https:\/\/airportsmokinglounge.com\/fr\/wp-json\/wp\/v2\/pages\/339\/revisions\/4645"}],"wp:featuredmedia":[{"embeddable":true,"href":"https:\/\/airportsmokinglounge.com\/fr\/wp-json\/wp\/v2\/media\/1199"}],"wp:attachment":[{"href":"https:\/\/airportsmokinglounge.com\/fr\/wp-json\/wp\/v2\/media?parent=339"}],"curies":[{"name":"wp","href":"https:\/\/api.w.org\/{rel}","templated":true}]}}