{"id":379,"date":"2023-03-02T22:51:51","date_gmt":"2023-03-02T21:51:51","guid":{"rendered":"https:\/\/airportsmokinglounge.com\/?page_id=379"},"modified":"2023-05-22T23:00:56","modified_gmt":"2023-05-22T21:00:56","slug":"smoking-areas-in-indias-airports","status":"publish","type":"page","link":"https:\/\/airportsmokinglounge.com\/fr\/zones-fumeurs-dans-les-aeroports-en-inde\/","title":{"rendered":"Zones fumeurs dans les a\u00e9roports indiens"},"content":{"rendered":"<p>L&#039;Inde poss\u00e8de plusieurs a\u00e9roports, allant des petits a\u00e9roports r\u00e9gionaux aux plus grands hubs internationaux.<\/p>\n<p>Sur ce site Web, vous pouvez trouver toutes les zones fumeurs dans les a\u00e9roports, y compris les zones fumeurs d\u00e9sign\u00e9es et les installations disponibles. Nous comprenons la frustration de passer par la s\u00e9curit\u00e9 pour constater qu&#039;il n&#039;y a pas de zones fumeurs nulle part et dans certains cas, les cigarettes \u00e9lectroniques peuvent ne pas \u00eatre autoris\u00e9es.<\/p>\n<p>Ce service s&#039;adresse \u00e0 tous les fumeurs qui souhaitent profiter d&#039;une cigarette avant ou apr\u00e8s de longs vols.<\/p>\n<h2>A\u00e9roports en Inde<\/h2>\n<ul style=\"list-style-type: circle;\">\n<li><a href=\"https:\/\/airportsmokinglounge.com\/fr\/zones-fumeurs-a-laeroport-international-de-new-delhi-del\/\">NOUVEAU DEHLI \u2013 A\u00c9ROPORT INTERNATIONAL INDIRA GANDHI (DEL)<\/a><\/li>\n<li><a href=\"https:\/\/airportsmokinglounge.com\/fr\/zones-fumeurs-a-laeroport-international-de-mumbai-bom\/\">MUMBAI \u2013 A\u00c9ROPORT INTERNATIONAL CHHATRAPATI SHIVAJI (BOM)<\/a><\/li>\n<li><a href=\"https:\/\/airportsmokinglounge.com\/fr\/zones-fumeurs-a-laeroport-international-de-chennai-maa\/\">A\u00c9ROPORT INTERNATIONAL DE CHENNAI (MAA)<\/a><\/li>\n<li><a href=\"https:\/\/airportsmokinglounge.com\/fr\/zones-fumeurs-a-laeroport-international-de-bangalore-blr\/\">A\u00c9ROPORT INTERNATIONAL DE BANGALORE KEMPEGOWDA (BLR)<\/a><\/li>\n<li><a href=\"https:\/\/airportsmokinglounge.com\/fr\/zones-fumeurs-a-laeroport-international-de-kochi-cochin-cok\/\">KOCHI \u2013 A\u00c9ROPORT INTERNATIONAL DE COCHIN (COK)<\/a><\/li>\n<li><a href=\"https:\/\/airportsmokinglounge.com\/fr\/zones-fumeurs-a-l-aeroport-de-chandigarh-ixc\/\">A\u00c9ROPORT DE CHANDIGARH (IXC)<\/a><\/li>\n<li><a href=\"https:\/\/airportsmokinglounge.com\/fr\/zones-fumeurs-a-laeroport-international-dhyderabad-hyd\/\">HYDERABAD \u2013 A\u00c9ROPORT INTERNATIONAL RAJIV GANDHI (HYD)<\/a><\/li>\n<li><a href=\"https:\/\/airportsmokinglounge.com\/fr\/zones-fumeurs-a-laeroport-international-de-trivandrum-trv\/\">A\u00c9ROPORT INTERNATIONAL DE TRIVANDRUM (TRV)<\/a><\/li>\n<li><a href=\"https:\/\/airportsmokinglounge.com\/fr\/zones-fumeurs-a-l-aeroport-international-de-kolkata-ccu\/\">KOLKATA \u2013 A\u00c9ROPORT INTERNATIONAL NETAJI SUBHASH CHANDRA BOSE (CCU)<\/a><\/li>\n<li><a href=\"https:\/\/airportsmokinglounge.com\/fr\/zones-fumeurs-a-laeroport-international-de-calicut-ccj\/\">A\u00c9ROPORT INTERNATIONAL DE CALICUT (CCJ)<\/a><\/li>\n<li><a href=\"https:\/\/airportsmokinglounge.com\/fr\/zones-fumeurs-a-laeroport-de-goa-dabolim-goi\/\">A\u00c9ROPORT DE GOA DABOLIM (GOI)<\/a><\/li>\n<li><a href=\"https:\/\/airportsmokinglounge.com\/fr\/zones-fumeurs-a-amritsar-dri-guru-ram-dass-jee-aeroport-international-atq\/\">AMRITSAR \u2013 A\u00c9ROPORT INTERNATIONAL DRI GURU RAM DASS JEE (ATQ)<\/a><\/li>\n<li><a href=\"https:\/\/airportsmokinglounge.com\/fr\/zones-fumeurs-a-laeroport-international-de-mangalore-ixe\/\">A\u00c9ROPORT INTERNATIONAL DE MANGALORE (IXE)<\/a><\/li>\n<li><a href=\"https:\/\/airportsmokinglounge.com\/fr\/zones-fumeurs-a-l-aeroport-international-d-ahmedabad-amd\/\">A\u00c9ROPORT INTERNATIONAL D&#039;AHMEDABAD (AMD)<\/a><\/li>\n<li><a href=\"https:\/\/airportsmokinglounge.com\/fr\/zones-fumeurs-a-laeroport-international-de-jaipur-jai\/\">A\u00c9ROPORT INTERNATIONAL DE JAIPUR (JAI)<\/a><\/li>\n<li><a href=\"https:\/\/airportsmokinglounge.com\/fr\/zones-fumeurs-a-laeroport-de-pune-pnq\/\">A\u00c9ROPORT DE PUNE (PNQ)<\/a><\/li>\n<li><a href=\"https:\/\/airportsmokinglounge.com\/fr\/zones-fumeurs-a-laeroport-international-de-lucknow-lko\/\">A\u00c9ROPORT INTERNATIONAL DE LUCKNOW CHAUDHARY CHARAN SINGH (LKO)<\/a><\/li>\n<li><a href=\"https:\/\/airportsmokinglounge.com\/fr\/zones-fumeurs-a-laeroport-international-de-coimbatore-cjb\/\">A\u00c9ROPORT INTERNATIONAL DE COIMBATORE (CJB)<\/a><\/li>\n<li><a href=\"https:\/\/airportsmokinglounge.com\/fr\/zones-fumeurs-a-tiruchirapally-civil-airport-trz\/\">A\u00c9ROPORT CIVIL DE TIRUCHIRAPAL (TRZ)<\/a><\/li>\n<li><a href=\"https:\/\/airportsmokinglounge.com\/fr\/zones-fumeurs-a-laeroport-de-siliguri-bagdogra-ixb\/\">A\u00c9ROPORT DE SILIGURI BAGDOGRA (IXB)<\/a><\/li>\n<li><a href=\"https:\/\/airportsmokinglounge.com\/fr\/zones-fumeurs-a-laeroport-international-de-guwahati\/\">GUWAHATI \u2013 A\u00c9ROPORT INTERNATIONAL LOKPRIYA GOPINATH BORDOLOI (GAU)<\/a><\/li>\n<\/ul>\n<h2>Loi sur le tabagisme en Inde<\/h2>\n<p>L&#039;Inde a mis en \u0153uvre des r\u00e9glementations compl\u00e8tes sur le tabagisme pour prot\u00e9ger la sant\u00e9 publique et r\u00e9duire la consommation de tabac. Cependant, veuillez noter que les lois et r\u00e9glementations relatives au tabagisme peuvent changer avec le temps. Il est donc conseill\u00e9 de se r\u00e9f\u00e9rer \u00e0 la l\u00e9gislation la plus r\u00e9cente ou de consulter les autorit\u00e9s locales pour obtenir les informations les plus r\u00e9centes sur les lois indiennes relatives au tabagisme.<\/p>\n<p>En Inde, il est g\u00e9n\u00e9ralement interdit de fumer dans tous les lieux publics int\u00e9rieurs, y compris les b\u00e2timents gouvernementaux, les \u00e9tablissements de sant\u00e9, les \u00e9tablissements d&#039;enseignement, les transports publics, les restaurants, les bars et les lieux de travail. La loi interdit \u00e9galement de fumer dans les espaces ext\u00e9rieurs tels que les parcs, les stades et \u00e0 proximit\u00e9 des \u00e9tablissements d&#039;enseignement. L&#039;Inde a d\u00e9sign\u00e9 de nombreux espaces publics comme zones sans fum\u00e9e afin de garantir un environnement plus sain \u00e0 ses citoyens.<\/p>\n<p>La vente de produits du tabac aux mineurs de moins de 18 ans est interdite en Inde. En outre, le pays a mis en \u0153uvre des r\u00e9glementations strictes en mati\u00e8re de publicit\u00e9, de promotion et de parrainage en faveur du tabac.<\/p>\n<p>L&#039;Inde a pris de nombreuses mesures pour sensibiliser le public aux risques pour la sant\u00e9 associ\u00e9s au tabagisme, par le biais de campagnes de sant\u00e9, de programmes \u00e9ducatifs et d&#039;avertissements sur les paquets de cigarettes. Le pays a mis en place des avertissements sanitaires graphiques et illustr\u00e9s sur les emballages des produits du tabac.<\/p>\n<p>L&#039;application des lois sur le tabagisme est effectu\u00e9e par les autorit\u00e9s comp\u00e9tentes, et les violations peuvent entra\u00eener des amendes ou d&#039;autres sanctions.<\/p>\n<p>Il convient de noter que certains \u00c9tats indiens et territoires de l&#039;Union peuvent avoir des restrictions et r\u00e9glementations suppl\u00e9mentaires en mati\u00e8re de tabagisme au-del\u00e0 des lois nationales. Il est donc important de consulter la l\u00e9gislation et la r\u00e9glementation sp\u00e9cifiques de l&#039;\u00c9tat ou du territoire de l&#039;Union concern\u00e9 pour des informations plus d\u00e9taill\u00e9es.<\/p>\n<p>Pour obtenir les informations les plus pr\u00e9cises et les plus r\u00e9centes sur les lois indiennes relatives au tabagisme, il est recommand\u00e9 de consulter la derni\u00e8re l\u00e9gislation ou de contacter les autorit\u00e9s locales ou les organismes de sant\u00e9.<\/p>\n<p><strong>Plus de zones fumeurs \u00e0 l&#039;a\u00e9roport\u00a0<\/strong><\/p>\n<ul>\n<li><a href=\"https:\/\/airportsmokinglounge.com\/fr\/fumer-dans-les-aeroports-d-amerique-du-nord\/\">Am\u00e9rique du Nord<\/a><\/li>\n<li><a href=\"https:\/\/airportsmokinglounge.com\/fr\/fumer-dans-les-aeroports-d-amerique-du-sud\/\">Am\u00e9rique du Sud<\/a><\/li>\n<li><a href=\"https:\/\/airportsmokinglounge.com\/fr\/espaces-fumeurs-dans-les-aeroports-europeens\/\">L&#039;Europe \uf0d7<\/a><\/li>\n<li><a href=\"https:\/\/airportsmokinglounge.com\/fr\/fumer-dans-les-aeroports-en-asie\/\">Asie<\/a><\/li>\n<li><a href=\"https:\/\/airportsmokinglounge.com\/fr\/fumer-dans-les-aeroports-en-oceanie\/\">Oc\u00e9anie<\/a><\/li>\n<\/ul>","protected":false},"excerpt":{"rendered":"<p>L&#039;Inde poss\u00e8de plusieurs a\u00e9roports, allant des petits a\u00e9roports r\u00e9gionaux aux plus grands hubs internationaux. Sur ce site Web, vous trouverez toutes les zones fumeurs dans les a\u00e9roports, y compris les zones fumeurs d\u00e9sign\u00e9es et les installations disponibles. Nous comprenons la frustration de passer les contr\u00f4les de s\u00e9curit\u00e9 pour constater qu&#039;il n&#039;y a aucune zone fumeurs nulle part et que, dans certains cas, les cigarettes \u00e9lectroniques peuvent\u2026&nbsp;<a href=\"https:\/\/airportsmokinglounge.com\/fr\/zones-fumeurs-dans-les-aeroports-en-inde\/\" rel=\"bookmark\">En savoir plus &quot;<span class=\"screen-reader-text\">Zones fumeurs dans les a\u00e9roports indiens<\/span><\/a><\/p>","protected":false},"author":1,"featured_media":1199,"parent":0,"menu_order":0,"comment_status":"closed","ping_status":"closed","template":"","meta":{"neve_meta_sidebar":"","neve_meta_container":"","neve_meta_enable_content_width":"off","neve_meta_content_width":100,"neve_meta_title_alignment":"","neve_meta_author_avatar":"","neve_post_elements_order":"","neve_meta_disable_header":"","neve_meta_disable_footer":"","neve_meta_disable_title":"","neve_meta_reading_time":"","footnotes":""},"class_list":["post-379","page","type-page","status-publish","has-post-thumbnail","hentry"],"yoast_head":"<!-- This site is optimized with the Yoast SEO plugin v26.6 - https:\/\/yoast.com\/wordpress\/plugins\/seo\/ -->\n<title>Smoking areas in India&#039;s airports - airportsmokinglounge.com<\/title>\n<meta name=\"description\" content=\"Smoking Areas in India&#039;s Airports - Your Ultimate Guide to Finding a Place to Smoke \u2714\ufe0e Find Your Next Smoke Break Spot \u2714\ufe0e\" \/>\n<meta name=\"robots\" content=\"index, follow, max-snippet:-1, max-image-preview:large, max-video-preview:-1\" \/>\n<link rel=\"canonical\" href=\"https:\/\/airportsmokinglounge.com\/fr\/zones-fumeurs-dans-les-aeroports-en-inde\/\" \/>\n<meta property=\"og:locale\" content=\"fr_FR\" \/>\n<meta property=\"og:type\" content=\"article\" \/>\n<meta property=\"og:title\" content=\"Smoking areas in India&#039;s airports - airportsmokinglounge.com\" \/>\n<meta property=\"og:description\" content=\"Smoking Areas in India&#039;s Airports - Your Ultimate Guide to Finding a Place to Smoke \u2714\ufe0e Find Your Next Smoke Break Spot \u2714\ufe0e\" \/>\n<meta property=\"og:url\" content=\"https:\/\/airportsmokinglounge.com\/fr\/zones-fumeurs-dans-les-aeroports-en-inde\/\" \/>\n<meta property=\"og:site_name\" content=\"airportsmokinglounge.com\" \/>\n<meta property=\"article:modified_time\" content=\"2023-05-22T21:00:56+00:00\" \/>\n<meta property=\"og:image\" content=\"https:\/\/airportsmokinglounge.com\/wp-content\/uploads\/2023\/03\/airport-smoking-lounge-4.jpg\" \/>\n\t<meta property=\"og:image:width\" content=\"2048\" \/>\n\t<meta property=\"og:image:height\" content=\"1152\" \/>\n\t<meta property=\"og:image:type\" content=\"image\/jpeg\" \/>\n<meta name=\"twitter:card\" content=\"summary_large_image\" \/>\n<meta name=\"twitter:label1\" content=\"Dur\u00e9e de lecture estim\u00e9e\" \/>\n\t<meta name=\"twitter:data1\" content=\"3 minutes\" \/>\n<script type=\"application\/ld+json\" class=\"yoast-schema-graph\">{\"@context\":\"https:\/\/schema.org\",\"@graph\":[{\"@type\":\"WebPage\",\"@id\":\"https:\/\/airportsmokinglounge.com\/smoking-areas-in-indias-airports\/\",\"url\":\"https:\/\/airportsmokinglounge.com\/smoking-areas-in-indias-airports\/\",\"name\":\"Smoking areas in India's airports - airportsmokinglounge.com\",\"isPartOf\":{\"@id\":\"https:\/\/airportsmokinglounge.com\/#website\"},\"primaryImageOfPage\":{\"@id\":\"https:\/\/airportsmokinglounge.com\/smoking-areas-in-indias-airports\/#primaryimage\"},\"image\":{\"@id\":\"https:\/\/airportsmokinglounge.com\/smoking-areas-in-indias-airports\/#primaryimage\"},\"thumbnailUrl\":\"https:\/\/airportsmokinglounge.com\/wp-content\/uploads\/2023\/03\/airport-smoking-lounge-4.jpg\",\"datePublished\":\"2023-03-02T21:51:51+00:00\",\"dateModified\":\"2023-05-22T21:00:56+00:00\",\"description\":\"Smoking Areas in India's Airports - Your Ultimate Guide to Finding a Place to Smoke \u2714\ufe0e Find Your Next Smoke Break Spot \u2714\ufe0e\",\"breadcrumb\":{\"@id\":\"https:\/\/airportsmokinglounge.com\/smoking-areas-in-indias-airports\/#breadcrumb\"},\"inLanguage\":\"fr-FR\",\"potentialAction\":[{\"@type\":\"ReadAction\",\"target\":[\"https:\/\/airportsmokinglounge.com\/smoking-areas-in-indias-airports\/\"]}]},{\"@type\":\"ImageObject\",\"inLanguage\":\"fr-FR\",\"@id\":\"https:\/\/airportsmokinglounge.com\/smoking-areas-in-indias-airports\/#primaryimage\",\"url\":\"https:\/\/airportsmokinglounge.com\/wp-content\/uploads\/2023\/03\/airport-smoking-lounge-4.jpg\",\"contentUrl\":\"https:\/\/airportsmokinglounge.com\/wp-content\/uploads\/2023\/03\/airport-smoking-lounge-4.jpg\",\"width\":2048,\"height\":1152,\"caption\":\"Airport Smoking\"},{\"@type\":\"BreadcrumbList\",\"@id\":\"https:\/\/airportsmokinglounge.com\/smoking-areas-in-indias-airports\/#breadcrumb\",\"itemListElement\":[{\"@type\":\"ListItem\",\"position\":1,\"name\":\"Home\",\"item\":\"https:\/\/airportsmokinglounge.com\/\"},{\"@type\":\"ListItem\",\"position\":2,\"name\":\"Smoking areas in India&#8217;s airports\"}]},{\"@type\":\"WebSite\",\"@id\":\"https:\/\/airportsmokinglounge.com\/#website\",\"url\":\"https:\/\/airportsmokinglounge.com\/\",\"name\":\"airportsmokinglounge.com\",\"description\":\"\",\"potentialAction\":[{\"@type\":\"SearchAction\",\"target\":{\"@type\":\"EntryPoint\",\"urlTemplate\":\"https:\/\/airportsmokinglounge.com\/?s={search_term_string}\"},\"query-input\":{\"@type\":\"PropertyValueSpecification\",\"valueRequired\":true,\"valueName\":\"search_term_string\"}}],\"inLanguage\":\"fr-FR\"}]}<\/script>\n<!-- \/ Yoast SEO plugin. -->","yoast_head_json":{"title":"Zones fumeurs dans les a\u00e9roports indiens - Airportsmokinglounge.com","description":"Zones fumeurs dans les a\u00e9roports indiens \u2013 Votre guide ultime pour trouver un endroit pour fumer \u2714\ufe0e Trouvez votre prochain endroit pour fumer \u2714\ufe0e","robots":{"index":"index","follow":"follow","max-snippet":"max-snippet:-1","max-image-preview":"max-image-preview:large","max-video-preview":"max-video-preview:-1"},"canonical":"https:\/\/airportsmokinglounge.com\/fr\/zones-fumeurs-dans-les-aeroports-en-inde\/","og_locale":"fr_FR","og_type":"article","og_title":"Smoking areas in India's airports - airportsmokinglounge.com","og_description":"Smoking Areas in India's Airports - Your Ultimate Guide to Finding a Place to Smoke \u2714\ufe0e Find Your Next Smoke Break Spot \u2714\ufe0e","og_url":"https:\/\/airportsmokinglounge.com\/fr\/zones-fumeurs-dans-les-aeroports-en-inde\/","og_site_name":"airportsmokinglounge.com","article_modified_time":"2023-05-22T21:00:56+00:00","og_image":[{"width":2048,"height":1152,"url":"https:\/\/airportsmokinglounge.com\/wp-content\/uploads\/2023\/03\/airport-smoking-lounge-4.jpg","type":"image\/jpeg"}],"twitter_card":"summary_large_image","twitter_misc":{"Dur\u00e9e de lecture estim\u00e9e":"3 minutes"},"schema":{"@context":"https:\/\/schema.org","@graph":[{"@type":"WebPage","@id":"https:\/\/airportsmokinglounge.com\/smoking-areas-in-indias-airports\/","url":"https:\/\/airportsmokinglounge.com\/smoking-areas-in-indias-airports\/","name":"Zones fumeurs dans les a\u00e9roports indiens - Airportsmokinglounge.com","isPartOf":{"@id":"https:\/\/airportsmokinglounge.com\/#website"},"primaryImageOfPage":{"@id":"https:\/\/airportsmokinglounge.com\/smoking-areas-in-indias-airports\/#primaryimage"},"image":{"@id":"https:\/\/airportsmokinglounge.com\/smoking-areas-in-indias-airports\/#primaryimage"},"thumbnailUrl":"https:\/\/airportsmokinglounge.com\/wp-content\/uploads\/2023\/03\/airport-smoking-lounge-4.jpg","datePublished":"2023-03-02T21:51:51+00:00","dateModified":"2023-05-22T21:00:56+00:00","description":"Zones fumeurs dans les a\u00e9roports indiens \u2013 Votre guide ultime pour trouver un endroit pour fumer \u2714\ufe0e Trouvez votre prochain endroit pour fumer \u2714\ufe0e","breadcrumb":{"@id":"https:\/\/airportsmokinglounge.com\/smoking-areas-in-indias-airports\/#breadcrumb"},"inLanguage":"fr-FR","potentialAction":[{"@type":"ReadAction","target":["https:\/\/airportsmokinglounge.com\/smoking-areas-in-indias-airports\/"]}]},{"@type":"ImageObject","inLanguage":"fr-FR","@id":"https:\/\/airportsmokinglounge.com\/smoking-areas-in-indias-airports\/#primaryimage","url":"https:\/\/airportsmokinglounge.com\/wp-content\/uploads\/2023\/03\/airport-smoking-lounge-4.jpg","contentUrl":"https:\/\/airportsmokinglounge.com\/wp-content\/uploads\/2023\/03\/airport-smoking-lounge-4.jpg","width":2048,"height":1152,"caption":"Airport Smoking"},{"@type":"BreadcrumbList","@id":"https:\/\/airportsmokinglounge.com\/smoking-areas-in-indias-airports\/#breadcrumb","itemListElement":[{"@type":"ListItem","position":1,"name":"Home","item":"https:\/\/airportsmokinglounge.com\/"},{"@type":"ListItem","position":2,"name":"Smoking areas in India&#8217;s airports"}]},{"@type":"WebSite","@id":"https:\/\/airportsmokinglounge.com\/#website","url":"https:\/\/airportsmokinglounge.com\/","name":"airportsmokinglounge.com","description":"","potentialAction":[{"@type":"SearchAction","target":{"@type":"EntryPoint","urlTemplate":"https:\/\/airportsmokinglounge.com\/?s={search_term_string}"},"query-input":{"@type":"PropertyValueSpecification","valueRequired":true,"valueName":"search_term_string"}}],"inLanguage":"fr-FR"}]}},"_links":{"self":[{"href":"https:\/\/airportsmokinglounge.com\/fr\/wp-json\/wp\/v2\/pages\/379","targetHints":{"allow":["GET"]}}],"collection":[{"href":"https:\/\/airportsmokinglounge.com\/fr\/wp-json\/wp\/v2\/pages"}],"about":[{"href":"https:\/\/airportsmokinglounge.com\/fr\/wp-json\/wp\/v2\/types\/page"}],"author":[{"embeddable":true,"href":"https:\/\/airportsmokinglounge.com\/fr\/wp-json\/wp\/v2\/users\/1"}],"replies":[{"embeddable":true,"href":"https:\/\/airportsmokinglounge.com\/fr\/wp-json\/wp\/v2\/comments?post=379"}],"version-history":[{"count":10,"href":"https:\/\/airportsmokinglounge.com\/fr\/wp-json\/wp\/v2\/pages\/379\/revisions"}],"predecessor-version":[{"id":5822,"href":"https:\/\/airportsmokinglounge.com\/fr\/wp-json\/wp\/v2\/pages\/379\/revisions\/5822"}],"wp:featuredmedia":[{"embeddable":true,"href":"https:\/\/airportsmokinglounge.com\/fr\/wp-json\/wp\/v2\/media\/1199"}],"wp:attachment":[{"href":"https:\/\/airportsmokinglounge.com\/fr\/wp-json\/wp\/v2\/media?parent=379"}],"curies":[{"name":"wp","href":"https:\/\/api.w.org\/{rel}","templated":true}]}}