{"id":467,"date":"2023-03-15T18:33:47","date_gmt":"2023-03-15T17:33:47","guid":{"rendered":"https:\/\/airportsmokinglounge.com\/?page_id=467"},"modified":"2023-05-13T14:49:47","modified_gmt":"2023-05-13T12:49:47","slug":"smoking-areas-at-vienna-airport-vie","status":"publish","type":"page","link":"https:\/\/airportsmokinglounge.com\/fr\/zones-fumeurs-a-laeroport-de-vienne-vie\/","title":{"rendered":"Zones fumeurs \u00e0 l&#039;a\u00e9roport de Vienne (VIE)"},"content":{"rendered":"<p>L&#039;a\u00e9roport de Vienne, \u00e9galement connu sous le nom d&#039;a\u00e9roport international de Vienne, est le plus grand a\u00e9roport d&#039;Autriche et est situ\u00e9 \u00e0 environ 18 km au sud-est du centre-ville de Vienne. L&#039;a\u00e9roport sert de plaque tournante majeure pour de nombreuses compagnies a\u00e9riennes et assure des liaisons vers des destinations du monde entier.<\/p>\n<h2>Zones fumeurs \u00e0 Vienne avant le contr\u00f4le de s\u00e9curit\u00e9<\/h2>\n<ul>\n<li><span style=\"font-size: 14pt;\">Fumer n&#039;est autoris\u00e9 qu&#039;\u00e0 l&#039;ext\u00e9rieur du terminal<\/span><\/li>\n<li><span style=\"font-size: 14pt;\">Il est interdit de fumer \u00e0 l&#039;int\u00e9rieur du b\u00e2timent et sur la terrasse.<\/span><\/li>\n<\/ul>\n<h2>Zones fumeurs apr\u00e8s le contr\u00f4le de s\u00e9curit\u00e9<\/h2>\n<ul>\n<li><span style=\"font-size: 14pt;\">Le nouveau \u00ab Vienna Lounge \u00bb, accessible apr\u00e8s la s\u00e9curit\u00e9 et avant le contr\u00f4le des passeports. Le salon est payant et dispose d&#039;un superbe espace fumeur ext\u00e9rieur.<\/span><\/li>\n<\/ul>\n<p><span style=\"color: #000080;\"><strong><span style=\"font-size: 14pt;\">Terminal 1:<\/span><\/strong><\/span><\/p>\n<ul>\n<li><span style=\"font-size: 14pt;\">Il y a une salle fumeurs au G16.<\/span><\/li>\n<li><span style=\"font-size: 14pt;\">Il y a un fumoir \u00e0 la porte F.<\/span><\/li>\n<\/ul>\n<p><span style=\"color: #000080;\"><strong><span style=\"font-size: 14pt;\">Terminal 3:<\/span><\/strong><\/span><\/p>\n<ul>\n<li><span style=\"font-size: 14pt;\">Il y a 2 fumoirs ventil\u00e9s aux portes F33 et F34<\/span><\/li>\n<\/ul>\n<p><span style=\"font-size: 12pt;\">Plus d&#039;informations sur le site officiel<\/span><\/p>\n<ul>\n<li><span style=\"font-size: 12pt;\"><a href=\"https:\/\/www.viennaairport.com\/\" target=\"_blank\" rel=\"noopener\">vienneairport.com<\/a><\/span><\/li>\n<\/ul>\n<p><span style=\"font-size: 12pt;\"><strong>Envoyez-nous vos commentaires<\/strong><\/span><\/p>\n<p><span style=\"font-size: 12pt;\">Si vous \u00eates \u00e0 l&#039;a\u00e9roport de Vienne, n&#039;h\u00e9sitez pas \u00e0 nous envoyer des photos des zones fumeurs. Cela nous aidera \u00e0 remplir notre base de donn\u00e9es plus rapidement. Tu peux le faire <strong><a href=\"https:\/\/airportsmokinglounge.com\/fr\/contact\/\">Ici<\/a>.<\/strong> Les images sont publi\u00e9es sur notre site Web, en indiquant la source de l&#039;image (nom). N&#039;h\u00e9sitez pas \u00e0 partager ces photos avec nous et tous les visiteurs de airportsmokinglounge.com.<\/span><\/p>\n<h2>La loi autrichienne sur le tabagisme<\/h2>\n<p>Les lois autrichiennes sur le tabagisme interdisent de fumer dans tous les espaces publics ferm\u00e9s, y compris les bars, les restaurants et les lieux de travail.<\/p>\n<p>Il existe cependant quelques exceptions \u00e0 cette interdiction. Par exemple, il est permis de fumer dans des fumoirs d\u00e9di\u00e9s qui r\u00e9pondent \u00e0 certaines normes de ventilation, et certains bars et restaurants disposent de zones fumeurs ext\u00e9rieures d\u00e9sign\u00e9es.<\/p>\n<p>Les sanctions en cas de violation de ces lois sur le tabagisme en Autriche peuvent \u00eatre assez s\u00e9v\u00e8res.<\/p>\n<h3>Questions fr\u00e9quemment pos\u00e9es<\/h3>\n<h4>Les zones fumeurs de l&#039;a\u00e9roport sont-elles disponibles 24h\/24 et 7j\/7 ?<\/h4>\n<p>La disponibilit\u00e9 des zones fumeurs de l&#039;a\u00e9roport peut varier en fonction de l&#039;a\u00e9roport et de l&#039;emplacement. Certaines zones fumeurs sont ouvertes 24 heures sur 24, tandis que d&#039;autres peuvent avoir des horaires restreints ou \u00eatre ferm\u00e9es \u00e0 certaines heures. Il est pr\u00e9f\u00e9rable de v\u00e9rifier aupr\u00e8s de l&#039;a\u00e9roport ou de visiter leur site Web pour obtenir des informations sp\u00e9cifiques sur les heures d&#039;ouverture de la zone fumeurs.<\/p>\n<h4>Est-il permis d&#039;apporter ma propre nourriture et mes boissons dans la zone fumeurs ?<\/h4>\n<p>Cela peut d\u00e9pendre de la zone fumeurs et de l&#039;a\u00e9roport. Certaines zones fumeurs peuvent autoriser la nourriture et les boissons \u00e0 l&#039;ext\u00e9rieur, tandis que d&#039;autres peuvent avoir des restrictions ou les interdire compl\u00e8tement. Il est pr\u00e9f\u00e9rable de v\u00e9rifier aupr\u00e8s de l&#039;a\u00e9roport ou de la signalisation de la zone fumeurs les r\u00e8gles et r\u00e9glementations sp\u00e9cifiques.<\/p>\n<h4>Fumer est-il autoris\u00e9 dans toutes les zones fumeurs de l&#039;a\u00e9roport\u00a0?<\/h4>\n<p>Toutes les zones fumeurs de l&#039;a\u00e9roport ne permettent pas de fumer. Certains a\u00e9roports peuvent avoir des zones d\u00e9sign\u00e9es pour les cigarettes \u00e9lectroniques ou le vapotage, qui sont distinctes des zones fumeurs traditionnelles. Assurez-vous de v\u00e9rifier les r\u00e8gles et r\u00e9glementations sp\u00e9cifiques \u00e0 la zone fumeurs que vous pr\u00e9voyez d&#039;utiliser.<\/p>\n<h4>Les espaces fumeurs sont-ils climatis\u00e9s ou chauff\u00e9s ?<\/h4>\n<p>La temp\u00e9rature et la ventilation des zones fumeurs des a\u00e9roports peuvent varier consid\u00e9rablement. Certains peuvent \u00eatre climatis\u00e9s ou chauff\u00e9s, tandis que d&#039;autres peuvent \u00eatre des espaces en plein air avec une protection limit\u00e9e contre les \u00e9l\u00e9ments. Assurez-vous de v\u00e9rifier aupr\u00e8s de l&#039;a\u00e9roport ou de visiter la zone fumeurs \u00e0 l&#039;avance pour d\u00e9terminer les conditions et vous pr\u00e9parer en cons\u00e9quence.<\/p>\n<h4>Les zones fumeurs sont-elles accessibles aux voyageurs handicap\u00e9s\u00a0?<\/h4>\n<p>De nombreux a\u00e9roports ont fait des efforts pour rendre leurs espaces fumeurs accessibles aux voyageurs handicap\u00e9s. Cependant, l&#039;accessibilit\u00e9 des zones fumeurs sp\u00e9cifiques peut varier consid\u00e9rablement. Assurez-vous de v\u00e9rifier aupr\u00e8s de l&#039;a\u00e9roport ou de visiter la zone fumeurs \u00e0 l&#039;avance pour d\u00e9terminer si elle est accessible et r\u00e9pond \u00e0 vos besoins.<\/p>\n<p>&nbsp;<\/p>\n<p><span style=\"font-size: 12pt;\"><strong>Plus d&#039;a\u00e9roports \u00e0 Autriche :<\/strong> <\/span><\/p>\n<ul>\n<li><span style=\"font-size: 12pt;\"><a href=\"https:\/\/airportsmokinglounge.com\/fr\/zones-fumeurs-a-innsbruck-airport-inn\/\">A\u00e9roport d&#039;Innsbruck<\/a>\u00a0<\/span><\/li>\n<li><span style=\"font-size: 12pt;\"><a href=\"https:\/\/airportsmokinglounge.com\/fr\/zones-fumeurs-a-laeroport-de-salzbourg-szg\/\">A\u00e9roport de Salzbourg<\/a><\/span><\/li>\n<\/ul>\n<p><span style=\"font-size: 12pt;\"><strong>Zones fumeurs dans\u00a0:<\/strong><\/span><\/p>\n<ul>\n<li><span style=\"font-size: 12pt;\"><a href=\"https:\/\/airportsmokinglounge.com\/fr\/espaces-fumeurs-dans-les-aeroports-europeens\/\">A\u00e9roports europ\u00e9ens<\/a><\/span><\/li>\n<\/ul>","protected":false},"excerpt":{"rendered":"<p>L&#039;a\u00e9roport de Vienne, aussi appel\u00e9 a\u00e9roport international de Vienne, est le plus grand a\u00e9roport d&#039;Autriche et se situe \u00e0 environ 18 km au sud-est du centre-ville. Il sert de plateforme de correspondance majeure pour de nombreuses compagnies a\u00e9riennes et propose des correspondances vers des destinations du monde entier. Zones fumeurs \u00e0 Vienne avant le contr\u00f4le de s\u00e9curit\u00e9. Fumer est interdit uniquement\u2026&nbsp;<a href=\"https:\/\/airportsmokinglounge.com\/fr\/zones-fumeurs-a-laeroport-de-vienne-vie\/\" rel=\"bookmark\">En savoir plus &quot;<span class=\"screen-reader-text\">Zones fumeurs \u00e0 l&#039;a\u00e9roport de Vienne (VIE)<\/span><\/a><\/p>","protected":false},"author":1,"featured_media":1199,"parent":0,"menu_order":0,"comment_status":"closed","ping_status":"closed","template":"","meta":{"neve_meta_sidebar":"","neve_meta_container":"","neve_meta_enable_content_width":"off","neve_meta_content_width":100,"neve_meta_title_alignment":"","neve_meta_author_avatar":"","neve_post_elements_order":"","neve_meta_disable_header":"","neve_meta_disable_footer":"","neve_meta_disable_title":"","neve_meta_reading_time":"","footnotes":""},"class_list":["post-467","page","type-page","status-publish","has-post-thumbnail","hentry"],"yoast_head":"<!-- This site is optimized with the Yoast SEO plugin v26.6 - https:\/\/yoast.com\/wordpress\/plugins\/seo\/ -->\n<title>Smoking areas at Vienna Airport (VIE) - airportsmokinglounge.com<\/title>\n<meta name=\"description\" content=\"Smoking areas Vienna Airport - Find a smoking area in the airport from Vienna \u2714\ufe0e Smoking Guide in Airports: Information for Travelers \u2714\ufe0e\" \/>\n<meta name=\"robots\" content=\"index, follow, max-snippet:-1, max-image-preview:large, max-video-preview:-1\" \/>\n<link rel=\"canonical\" href=\"https:\/\/airportsmokinglounge.com\/fr\/zones-fumeurs-a-laeroport-de-vienne-vie\/\" \/>\n<meta property=\"og:locale\" content=\"fr_FR\" \/>\n<meta property=\"og:type\" content=\"article\" \/>\n<meta property=\"og:title\" content=\"Smoking areas at Vienna Airport (VIE) - airportsmokinglounge.com\" \/>\n<meta property=\"og:description\" content=\"Smoking areas Vienna Airport - Find a smoking area in the airport from Vienna \u2714\ufe0e Smoking Guide in Airports: Information for Travelers \u2714\ufe0e\" \/>\n<meta property=\"og:url\" content=\"https:\/\/airportsmokinglounge.com\/fr\/zones-fumeurs-a-laeroport-de-vienne-vie\/\" \/>\n<meta property=\"og:site_name\" content=\"airportsmokinglounge.com\" \/>\n<meta property=\"article:modified_time\" content=\"2023-05-13T12:49:47+00:00\" \/>\n<meta property=\"og:image\" content=\"https:\/\/airportsmokinglounge.com\/wp-content\/uploads\/2023\/03\/airport-smoking-lounge-4.jpg\" \/>\n\t<meta property=\"og:image:width\" content=\"2048\" \/>\n\t<meta property=\"og:image:height\" content=\"1152\" \/>\n\t<meta property=\"og:image:type\" content=\"image\/jpeg\" \/>\n<meta name=\"twitter:card\" content=\"summary_large_image\" \/>\n<meta name=\"twitter:label1\" content=\"Dur\u00e9e de lecture estim\u00e9e\" \/>\n\t<meta name=\"twitter:data1\" content=\"3 minutes\" \/>\n<script type=\"application\/ld+json\" class=\"yoast-schema-graph\">{\"@context\":\"https:\/\/schema.org\",\"@graph\":[{\"@type\":\"WebPage\",\"@id\":\"https:\/\/airportsmokinglounge.com\/smoking-areas-at-vienna-airport-vie\/\",\"url\":\"https:\/\/airportsmokinglounge.com\/smoking-areas-at-vienna-airport-vie\/\",\"name\":\"Smoking areas at Vienna Airport (VIE) - airportsmokinglounge.com\",\"isPartOf\":{\"@id\":\"https:\/\/airportsmokinglounge.com\/#website\"},\"primaryImageOfPage\":{\"@id\":\"https:\/\/airportsmokinglounge.com\/smoking-areas-at-vienna-airport-vie\/#primaryimage\"},\"image\":{\"@id\":\"https:\/\/airportsmokinglounge.com\/smoking-areas-at-vienna-airport-vie\/#primaryimage\"},\"thumbnailUrl\":\"https:\/\/airportsmokinglounge.com\/wp-content\/uploads\/2023\/03\/airport-smoking-lounge-4.jpg\",\"datePublished\":\"2023-03-15T17:33:47+00:00\",\"dateModified\":\"2023-05-13T12:49:47+00:00\",\"description\":\"Smoking areas Vienna Airport - Find a smoking area in the airport from Vienna \u2714\ufe0e Smoking Guide in Airports: Information for Travelers \u2714\ufe0e\",\"breadcrumb\":{\"@id\":\"https:\/\/airportsmokinglounge.com\/smoking-areas-at-vienna-airport-vie\/#breadcrumb\"},\"inLanguage\":\"fr-FR\",\"potentialAction\":[{\"@type\":\"ReadAction\",\"target\":[\"https:\/\/airportsmokinglounge.com\/smoking-areas-at-vienna-airport-vie\/\"]}]},{\"@type\":\"ImageObject\",\"inLanguage\":\"fr-FR\",\"@id\":\"https:\/\/airportsmokinglounge.com\/smoking-areas-at-vienna-airport-vie\/#primaryimage\",\"url\":\"https:\/\/airportsmokinglounge.com\/wp-content\/uploads\/2023\/03\/airport-smoking-lounge-4.jpg\",\"contentUrl\":\"https:\/\/airportsmokinglounge.com\/wp-content\/uploads\/2023\/03\/airport-smoking-lounge-4.jpg\",\"width\":2048,\"height\":1152,\"caption\":\"Airport Smoking\"},{\"@type\":\"BreadcrumbList\",\"@id\":\"https:\/\/airportsmokinglounge.com\/smoking-areas-at-vienna-airport-vie\/#breadcrumb\",\"itemListElement\":[{\"@type\":\"ListItem\",\"position\":1,\"name\":\"Home\",\"item\":\"https:\/\/airportsmokinglounge.com\/\"},{\"@type\":\"ListItem\",\"position\":2,\"name\":\"Smoking areas at Vienna Airport (VIE)\"}]},{\"@type\":\"WebSite\",\"@id\":\"https:\/\/airportsmokinglounge.com\/#website\",\"url\":\"https:\/\/airportsmokinglounge.com\/\",\"name\":\"airportsmokinglounge.com\",\"description\":\"\",\"potentialAction\":[{\"@type\":\"SearchAction\",\"target\":{\"@type\":\"EntryPoint\",\"urlTemplate\":\"https:\/\/airportsmokinglounge.com\/?s={search_term_string}\"},\"query-input\":{\"@type\":\"PropertyValueSpecification\",\"valueRequired\":true,\"valueName\":\"search_term_string\"}}],\"inLanguage\":\"fr-FR\"}]}<\/script>\n<!-- \/ Yoast SEO plugin. -->","yoast_head_json":{"title":"Zones fumeurs \u00e0 l&#039;a\u00e9roport de Vienne (VIE) - Airportsmokinglounge.com","description":"Zones fumeurs A\u00e9roport de Vienne - Trouver une zone fumeurs \u00e0 l&#039;a\u00e9roport depuis Vienne \u2714\ufe0e Guide fumeurs dans les a\u00e9roports : Informations aux voyageurs \u2714\ufe0e","robots":{"index":"index","follow":"follow","max-snippet":"max-snippet:-1","max-image-preview":"max-image-preview:large","max-video-preview":"max-video-preview:-1"},"canonical":"https:\/\/airportsmokinglounge.com\/fr\/zones-fumeurs-a-laeroport-de-vienne-vie\/","og_locale":"fr_FR","og_type":"article","og_title":"Smoking areas at Vienna Airport (VIE) - airportsmokinglounge.com","og_description":"Smoking areas Vienna Airport - Find a smoking area in the airport from Vienna \u2714\ufe0e Smoking Guide in Airports: Information for Travelers \u2714\ufe0e","og_url":"https:\/\/airportsmokinglounge.com\/fr\/zones-fumeurs-a-laeroport-de-vienne-vie\/","og_site_name":"airportsmokinglounge.com","article_modified_time":"2023-05-13T12:49:47+00:00","og_image":[{"width":2048,"height":1152,"url":"https:\/\/airportsmokinglounge.com\/wp-content\/uploads\/2023\/03\/airport-smoking-lounge-4.jpg","type":"image\/jpeg"}],"twitter_card":"summary_large_image","twitter_misc":{"Dur\u00e9e de lecture estim\u00e9e":"3 minutes"},"schema":{"@context":"https:\/\/schema.org","@graph":[{"@type":"WebPage","@id":"https:\/\/airportsmokinglounge.com\/smoking-areas-at-vienna-airport-vie\/","url":"https:\/\/airportsmokinglounge.com\/smoking-areas-at-vienna-airport-vie\/","name":"Zones fumeurs \u00e0 l&#039;a\u00e9roport de Vienne (VIE) - Airportsmokinglounge.com","isPartOf":{"@id":"https:\/\/airportsmokinglounge.com\/#website"},"primaryImageOfPage":{"@id":"https:\/\/airportsmokinglounge.com\/smoking-areas-at-vienna-airport-vie\/#primaryimage"},"image":{"@id":"https:\/\/airportsmokinglounge.com\/smoking-areas-at-vienna-airport-vie\/#primaryimage"},"thumbnailUrl":"https:\/\/airportsmokinglounge.com\/wp-content\/uploads\/2023\/03\/airport-smoking-lounge-4.jpg","datePublished":"2023-03-15T17:33:47+00:00","dateModified":"2023-05-13T12:49:47+00:00","description":"Zones fumeurs A\u00e9roport de Vienne - Trouver une zone fumeurs \u00e0 l&#039;a\u00e9roport depuis Vienne \u2714\ufe0e Guide fumeurs dans les a\u00e9roports : Informations aux voyageurs \u2714\ufe0e","breadcrumb":{"@id":"https:\/\/airportsmokinglounge.com\/smoking-areas-at-vienna-airport-vie\/#breadcrumb"},"inLanguage":"fr-FR","potentialAction":[{"@type":"ReadAction","target":["https:\/\/airportsmokinglounge.com\/smoking-areas-at-vienna-airport-vie\/"]}]},{"@type":"ImageObject","inLanguage":"fr-FR","@id":"https:\/\/airportsmokinglounge.com\/smoking-areas-at-vienna-airport-vie\/#primaryimage","url":"https:\/\/airportsmokinglounge.com\/wp-content\/uploads\/2023\/03\/airport-smoking-lounge-4.jpg","contentUrl":"https:\/\/airportsmokinglounge.com\/wp-content\/uploads\/2023\/03\/airport-smoking-lounge-4.jpg","width":2048,"height":1152,"caption":"Airport Smoking"},{"@type":"BreadcrumbList","@id":"https:\/\/airportsmokinglounge.com\/smoking-areas-at-vienna-airport-vie\/#breadcrumb","itemListElement":[{"@type":"ListItem","position":1,"name":"Home","item":"https:\/\/airportsmokinglounge.com\/"},{"@type":"ListItem","position":2,"name":"Smoking areas at Vienna Airport (VIE)"}]},{"@type":"WebSite","@id":"https:\/\/airportsmokinglounge.com\/#website","url":"https:\/\/airportsmokinglounge.com\/","name":"airportsmokinglounge.com","description":"","potentialAction":[{"@type":"SearchAction","target":{"@type":"EntryPoint","urlTemplate":"https:\/\/airportsmokinglounge.com\/?s={search_term_string}"},"query-input":{"@type":"PropertyValueSpecification","valueRequired":true,"valueName":"search_term_string"}}],"inLanguage":"fr-FR"}]}},"_links":{"self":[{"href":"https:\/\/airportsmokinglounge.com\/fr\/wp-json\/wp\/v2\/pages\/467","targetHints":{"allow":["GET"]}}],"collection":[{"href":"https:\/\/airportsmokinglounge.com\/fr\/wp-json\/wp\/v2\/pages"}],"about":[{"href":"https:\/\/airportsmokinglounge.com\/fr\/wp-json\/wp\/v2\/types\/page"}],"author":[{"embeddable":true,"href":"https:\/\/airportsmokinglounge.com\/fr\/wp-json\/wp\/v2\/users\/1"}],"replies":[{"embeddable":true,"href":"https:\/\/airportsmokinglounge.com\/fr\/wp-json\/wp\/v2\/comments?post=467"}],"version-history":[{"count":10,"href":"https:\/\/airportsmokinglounge.com\/fr\/wp-json\/wp\/v2\/pages\/467\/revisions"}],"predecessor-version":[{"id":4965,"href":"https:\/\/airportsmokinglounge.com\/fr\/wp-json\/wp\/v2\/pages\/467\/revisions\/4965"}],"wp:featuredmedia":[{"embeddable":true,"href":"https:\/\/airportsmokinglounge.com\/fr\/wp-json\/wp\/v2\/media\/1199"}],"wp:attachment":[{"href":"https:\/\/airportsmokinglounge.com\/fr\/wp-json\/wp\/v2\/media?parent=467"}],"curies":[{"name":"wp","href":"https:\/\/api.w.org\/{rel}","templated":true}]}}