{"id":498,"date":"2023-03-15T18:52:05","date_gmt":"2023-03-15T17:52:05","guid":{"rendered":"https:\/\/airportsmokinglounge.com\/?page_id=498"},"modified":"2023-05-13T15:04:46","modified_gmt":"2023-05-13T13:04:46","slug":"smoking-areas-at-minsk-national-airport-msq","status":"publish","type":"page","link":"https:\/\/airportsmokinglounge.com\/fr\/zones-fumeurs-a-l-aeroport-national-de-minsk-msq\/","title":{"rendered":"Zones fumeurs \u00e0 l&#039;a\u00e9roport national de Minsk (MSQ)"},"content":{"rendered":"<p>L&#039;a\u00e9roport national de Minsk est le plus grand et le plus fr\u00e9quent\u00e9 de Bi\u00e9lorussie. Il est situ\u00e9 \u00e0 environ 42 km \u00e0 l&#039;est de la capitale Minsk. L&#039;a\u00e9roport est la principale plaque tournante de la compagnie a\u00e9rienne nationale Belavia et propose des vols vers de nombreuses destinations internationales, notamment l&#039;Europe, l&#039;Asie et l&#039;Am\u00e9rique du Nord. Il sert \u00e9galement de plaque tournante pour plusieurs compagnies a\u00e9riennes internationales, dont Turkish Airlines, Lufthansa et AirBaltic.<\/p>\n<p>L&#039;a\u00e9roport de Minsk dispose de deux terminaux : le terminal principal et un deuxi\u00e8me terminal destin\u00e9 aux compagnies a\u00e9riennes low cost. Le terminal principal comporte trois niveaux, le premier \u00e9tant d\u00e9di\u00e9 aux arriv\u00e9es, le deuxi\u00e8me aux d\u00e9parts et le troisi\u00e8me aux salons de classe affaires et VIP.<\/p>\n<h2>Zones fumeurs avant le contr\u00f4le de s\u00e9curit\u00e9<\/h2>\n<ul>\n<li>Fumer n&#039;est autoris\u00e9 qu&#039;\u00e0 l&#039;ext\u00e9rieur du terminal dans les zones d\u00e9sign\u00e9es<\/li>\n<\/ul>\n<h2>Zones fumeurs apr\u00e8s le contr\u00f4le de s\u00e9curit\u00e9<\/h2>\n<ul>\n<li>La salle fumeurs se trouve dans la zone principale du terminal, apr\u00e8s le contr\u00f4le des passeports. Entre les portes 5\/6 et 7\/8.<\/li>\n<li>Il y a une zone fumeur pr\u00e8s de la porte 13<\/li>\n<li>Il y a \u00e9galement un panneau indiquant \u00ab Fumoir \u00bb pr\u00e8s des escaliers pour tous les passagers partant des portes 1 \u00e0 9 (A, B).<\/li>\n<\/ul>\n<p><span style=\"font-size: 12pt;\">Plus d&#039;informations sur le site officiel<\/span><\/p>\n<ul>\n<li><span style=\"font-size: 12pt;\"><a href=\"https:\/\/airport.by\/en\" target=\"_blank\" rel=\"noopener\">a\u00e9roport.par<\/a><\/span><\/li>\n<\/ul>\n<p><span style=\"font-size: 12pt;\"><strong>Envoyez-nous vos commentaires<\/strong><\/span><\/p>\n<p><span style=\"font-size: 12pt;\">Si vous \u00eates \u00e0 l&#039;a\u00e9roport de Minsk, vous pouvez nous envoyer des photos des zones fumeurs. Cela nous aidera \u00e0 remplir notre base de donn\u00e9es plus rapidement. Vous pouvez le faire <strong><a href=\"https:\/\/airportsmokinglounge.com\/fr\/contact\/\">Ici<\/a>.<\/strong> Les images sont publi\u00e9es sur notre site Web, en indiquant la source de l&#039;image (nom). N&#039;h\u00e9sitez pas \u00e0 partager ces photos avec nous et tous les visiteurs de airportsmokinglounge.com.<\/span><\/p>\n<h2>Zones fumeurs dans les a\u00e9roports bi\u00e9lorusses<\/h2>\n<p>Il est g\u00e9n\u00e9ralement interdit de fumer \u00e0 l&#039;int\u00e9rieur des terminaux de tous les a\u00e9roports de Bi\u00e9lorussie, notamment l&#039;a\u00e9roport national de Minsk, l&#039;a\u00e9roport de Gomel, l&#039;a\u00e9roport de Grodno, l&#039;a\u00e9roport de Vitebsk et l&#039;a\u00e9roport de Mogilev.<\/p>\n<p>\u00c0 l&#039;a\u00e9roport national de Minsk, il est autoris\u00e9 de fumer uniquement dans les zones fumeurs d\u00e9sign\u00e9es situ\u00e9es \u00e0 l&#039;ext\u00e9rieur des terminaux. Ces espaces fumeurs sont \u00e9quip\u00e9s de cendriers et de bancs pour les voyageurs qui souhaitent fumer avant ou apr\u00e8s leur vol. Il est strictement interdit de fumer dans toutes les autres zones de l&#039;a\u00e9roport, y compris les toilettes, les zones d&#039;enregistrement et les portes d&#039;embarquement.<\/p>\n<p>D&#039;autres a\u00e9roports de Bi\u00e9lorussie disposent \u00e9galement de zones fumeurs d\u00e9sign\u00e9es situ\u00e9es \u00e0 l&#039;ext\u00e9rieur des terminaux. Cependant, il est interdit de fumer \u00e0 l\u2019int\u00e9rieur des terminaux de l\u2019a\u00e9roport ou dans tout autre espace public ferm\u00e9. Les passagers qui enfreignent la politique relative \u00e0 l&#039;usage du tabac s&#039;exposent \u00e0 des amendes ou \u00e0 d&#039;autres sanctions, car fumer dans les lieux publics est consid\u00e9r\u00e9 comme un d\u00e9lit en Bi\u00e9lorussie.<\/p>\n<p><span style=\"font-size: 12pt;\"><strong>Zones fumeurs dans\u00a0:<\/strong><\/span><\/p>\n<ul>\n<li><span style=\"font-size: 12pt;\"><a href=\"https:\/\/airportsmokinglounge.com\/fr\/espaces-fumeurs-dans-les-aeroports-europeens\/\">A\u00e9roports europ\u00e9ens<\/a><\/span><\/li>\n<\/ul>","protected":false},"excerpt":{"rendered":"<p>Minsk National Airport is the largest and busiest airport in Belarus, located about 42 km east of the capital city of Minsk. The airport is the main hub for the national airline, Belavia, and offers flights to many international destinations, including Europe, Asia, and North America. It also serves as a hub for several international&hellip;&nbsp;<a href=\"https:\/\/airportsmokinglounge.com\/fr\/zones-fumeurs-a-l-aeroport-national-de-minsk-msq\/\" rel=\"bookmark\">En savoir plus &quot;<span class=\"screen-reader-text\">Zones fumeurs \u00e0 l&#039;a\u00e9roport national de Minsk (MSQ)<\/span><\/a><\/p>","protected":false},"author":1,"featured_media":1199,"parent":0,"menu_order":0,"comment_status":"closed","ping_status":"closed","template":"","meta":{"neve_meta_sidebar":"","neve_meta_container":"","neve_meta_enable_content_width":"off","neve_meta_content_width":100,"neve_meta_title_alignment":"","neve_meta_author_avatar":"","neve_post_elements_order":"","neve_meta_disable_header":"","neve_meta_disable_footer":"","neve_meta_disable_title":"","neve_meta_reading_time":"","footnotes":""},"class_list":["post-498","page","type-page","status-publish","has-post-thumbnail","hentry"],"yoast_head":"<!-- This site is optimized with the Yoast SEO plugin v26.6 - https:\/\/yoast.com\/wordpress\/plugins\/seo\/ -->\n<title>Smoking areas at Minsk National Airport (MSQ)<\/title>\n<meta name=\"description\" content=\"Smoking areas Minsk National Airport - Find a smoking area in the airport \u2714\ufe0e Smoking Guide in Airports: Information for Travelers \u2714\ufe0e\" \/>\n<meta name=\"robots\" content=\"index, follow, max-snippet:-1, max-image-preview:large, max-video-preview:-1\" \/>\n<link rel=\"canonical\" href=\"https:\/\/airportsmokinglounge.com\/fr\/zones-fumeurs-a-l-aeroport-national-de-minsk-msq\/\" \/>\n<meta property=\"og:locale\" content=\"fr_FR\" \/>\n<meta property=\"og:type\" content=\"article\" \/>\n<meta property=\"og:title\" content=\"Smoking areas at Minsk National Airport (MSQ)\" \/>\n<meta property=\"og:description\" content=\"Smoking areas Minsk National Airport - Find a smoking area in the airport \u2714\ufe0e Smoking Guide in Airports: Information for Travelers \u2714\ufe0e\" \/>\n<meta property=\"og:url\" content=\"https:\/\/airportsmokinglounge.com\/fr\/zones-fumeurs-a-l-aeroport-national-de-minsk-msq\/\" \/>\n<meta property=\"og:site_name\" content=\"airportsmokinglounge.com\" \/>\n<meta property=\"article:modified_time\" content=\"2023-05-13T13:04:46+00:00\" \/>\n<meta property=\"og:image\" content=\"https:\/\/airportsmokinglounge.com\/wp-content\/uploads\/2023\/03\/airport-smoking-lounge-4.jpg\" \/>\n\t<meta property=\"og:image:width\" content=\"2048\" \/>\n\t<meta property=\"og:image:height\" content=\"1152\" \/>\n\t<meta property=\"og:image:type\" content=\"image\/jpeg\" \/>\n<meta name=\"twitter:card\" content=\"summary_large_image\" \/>\n<meta name=\"twitter:label1\" content=\"Dur\u00e9e de lecture estim\u00e9e\" \/>\n\t<meta name=\"twitter:data1\" content=\"2 minutes\" \/>\n<script type=\"application\/ld+json\" class=\"yoast-schema-graph\">{\"@context\":\"https:\/\/schema.org\",\"@graph\":[{\"@type\":\"WebPage\",\"@id\":\"https:\/\/airportsmokinglounge.com\/smoking-areas-at-minsk-national-airport-msq\/\",\"url\":\"https:\/\/airportsmokinglounge.com\/smoking-areas-at-minsk-national-airport-msq\/\",\"name\":\"Smoking areas at Minsk National Airport (MSQ)\",\"isPartOf\":{\"@id\":\"https:\/\/airportsmokinglounge.com\/#website\"},\"primaryImageOfPage\":{\"@id\":\"https:\/\/airportsmokinglounge.com\/smoking-areas-at-minsk-national-airport-msq\/#primaryimage\"},\"image\":{\"@id\":\"https:\/\/airportsmokinglounge.com\/smoking-areas-at-minsk-national-airport-msq\/#primaryimage\"},\"thumbnailUrl\":\"https:\/\/airportsmokinglounge.com\/wp-content\/uploads\/2023\/03\/airport-smoking-lounge-4.jpg\",\"datePublished\":\"2023-03-15T17:52:05+00:00\",\"dateModified\":\"2023-05-13T13:04:46+00:00\",\"description\":\"Smoking areas Minsk National Airport - Find a smoking area in the airport \u2714\ufe0e Smoking Guide in Airports: Information for Travelers \u2714\ufe0e\",\"breadcrumb\":{\"@id\":\"https:\/\/airportsmokinglounge.com\/smoking-areas-at-minsk-national-airport-msq\/#breadcrumb\"},\"inLanguage\":\"fr-FR\",\"potentialAction\":[{\"@type\":\"ReadAction\",\"target\":[\"https:\/\/airportsmokinglounge.com\/smoking-areas-at-minsk-national-airport-msq\/\"]}]},{\"@type\":\"ImageObject\",\"inLanguage\":\"fr-FR\",\"@id\":\"https:\/\/airportsmokinglounge.com\/smoking-areas-at-minsk-national-airport-msq\/#primaryimage\",\"url\":\"https:\/\/airportsmokinglounge.com\/wp-content\/uploads\/2023\/03\/airport-smoking-lounge-4.jpg\",\"contentUrl\":\"https:\/\/airportsmokinglounge.com\/wp-content\/uploads\/2023\/03\/airport-smoking-lounge-4.jpg\",\"width\":2048,\"height\":1152,\"caption\":\"Airport Smoking\"},{\"@type\":\"BreadcrumbList\",\"@id\":\"https:\/\/airportsmokinglounge.com\/smoking-areas-at-minsk-national-airport-msq\/#breadcrumb\",\"itemListElement\":[{\"@type\":\"ListItem\",\"position\":1,\"name\":\"Home\",\"item\":\"https:\/\/airportsmokinglounge.com\/\"},{\"@type\":\"ListItem\",\"position\":2,\"name\":\"Smoking areas at Minsk National Airport (MSQ)\"}]},{\"@type\":\"WebSite\",\"@id\":\"https:\/\/airportsmokinglounge.com\/#website\",\"url\":\"https:\/\/airportsmokinglounge.com\/\",\"name\":\"airportsmokinglounge.com\",\"description\":\"\",\"potentialAction\":[{\"@type\":\"SearchAction\",\"target\":{\"@type\":\"EntryPoint\",\"urlTemplate\":\"https:\/\/airportsmokinglounge.com\/?s={search_term_string}\"},\"query-input\":{\"@type\":\"PropertyValueSpecification\",\"valueRequired\":true,\"valueName\":\"search_term_string\"}}],\"inLanguage\":\"fr-FR\"}]}<\/script>\n<!-- \/ Yoast SEO plugin. -->","yoast_head_json":{"title":"Zones fumeurs \u00e0 l&#039;a\u00e9roport national de Minsk (MSQ)","description":"Zones fumeurs \u00e0 l&#039;a\u00e9roport de Minsk - Trouvez une zone fumeurs \u00e0 l&#039;a\u00e9roport \u2714\ufe0e Guide pour fumer dans les a\u00e9roports : informations pour les voyageurs \u2714\ufe0e","robots":{"index":"index","follow":"follow","max-snippet":"max-snippet:-1","max-image-preview":"max-image-preview:large","max-video-preview":"max-video-preview:-1"},"canonical":"https:\/\/airportsmokinglounge.com\/fr\/zones-fumeurs-a-l-aeroport-national-de-minsk-msq\/","og_locale":"fr_FR","og_type":"article","og_title":"Smoking areas at Minsk National Airport (MSQ)","og_description":"Smoking areas Minsk National Airport - Find a smoking area in the airport \u2714\ufe0e Smoking Guide in Airports: Information for Travelers \u2714\ufe0e","og_url":"https:\/\/airportsmokinglounge.com\/fr\/zones-fumeurs-a-l-aeroport-national-de-minsk-msq\/","og_site_name":"airportsmokinglounge.com","article_modified_time":"2023-05-13T13:04:46+00:00","og_image":[{"width":2048,"height":1152,"url":"https:\/\/airportsmokinglounge.com\/wp-content\/uploads\/2023\/03\/airport-smoking-lounge-4.jpg","type":"image\/jpeg"}],"twitter_card":"summary_large_image","twitter_misc":{"Dur\u00e9e de lecture estim\u00e9e":"2 minutes"},"schema":{"@context":"https:\/\/schema.org","@graph":[{"@type":"WebPage","@id":"https:\/\/airportsmokinglounge.com\/smoking-areas-at-minsk-national-airport-msq\/","url":"https:\/\/airportsmokinglounge.com\/smoking-areas-at-minsk-national-airport-msq\/","name":"Zones fumeurs \u00e0 l&#039;a\u00e9roport national de Minsk (MSQ)","isPartOf":{"@id":"https:\/\/airportsmokinglounge.com\/#website"},"primaryImageOfPage":{"@id":"https:\/\/airportsmokinglounge.com\/smoking-areas-at-minsk-national-airport-msq\/#primaryimage"},"image":{"@id":"https:\/\/airportsmokinglounge.com\/smoking-areas-at-minsk-national-airport-msq\/#primaryimage"},"thumbnailUrl":"https:\/\/airportsmokinglounge.com\/wp-content\/uploads\/2023\/03\/airport-smoking-lounge-4.jpg","datePublished":"2023-03-15T17:52:05+00:00","dateModified":"2023-05-13T13:04:46+00:00","description":"Zones fumeurs \u00e0 l&#039;a\u00e9roport de Minsk - Trouvez une zone fumeurs \u00e0 l&#039;a\u00e9roport \u2714\ufe0e Guide pour fumer dans les a\u00e9roports : informations pour les voyageurs \u2714\ufe0e","breadcrumb":{"@id":"https:\/\/airportsmokinglounge.com\/smoking-areas-at-minsk-national-airport-msq\/#breadcrumb"},"inLanguage":"fr-FR","potentialAction":[{"@type":"ReadAction","target":["https:\/\/airportsmokinglounge.com\/smoking-areas-at-minsk-national-airport-msq\/"]}]},{"@type":"ImageObject","inLanguage":"fr-FR","@id":"https:\/\/airportsmokinglounge.com\/smoking-areas-at-minsk-national-airport-msq\/#primaryimage","url":"https:\/\/airportsmokinglounge.com\/wp-content\/uploads\/2023\/03\/airport-smoking-lounge-4.jpg","contentUrl":"https:\/\/airportsmokinglounge.com\/wp-content\/uploads\/2023\/03\/airport-smoking-lounge-4.jpg","width":2048,"height":1152,"caption":"Airport Smoking"},{"@type":"BreadcrumbList","@id":"https:\/\/airportsmokinglounge.com\/smoking-areas-at-minsk-national-airport-msq\/#breadcrumb","itemListElement":[{"@type":"ListItem","position":1,"name":"Home","item":"https:\/\/airportsmokinglounge.com\/"},{"@type":"ListItem","position":2,"name":"Smoking areas at Minsk National Airport (MSQ)"}]},{"@type":"WebSite","@id":"https:\/\/airportsmokinglounge.com\/#website","url":"https:\/\/airportsmokinglounge.com\/","name":"airportsmokinglounge.com","description":"","potentialAction":[{"@type":"SearchAction","target":{"@type":"EntryPoint","urlTemplate":"https:\/\/airportsmokinglounge.com\/?s={search_term_string}"},"query-input":{"@type":"PropertyValueSpecification","valueRequired":true,"valueName":"search_term_string"}}],"inLanguage":"fr-FR"}]}},"_links":{"self":[{"href":"https:\/\/airportsmokinglounge.com\/fr\/wp-json\/wp\/v2\/pages\/498","targetHints":{"allow":["GET"]}}],"collection":[{"href":"https:\/\/airportsmokinglounge.com\/fr\/wp-json\/wp\/v2\/pages"}],"about":[{"href":"https:\/\/airportsmokinglounge.com\/fr\/wp-json\/wp\/v2\/types\/page"}],"author":[{"embeddable":true,"href":"https:\/\/airportsmokinglounge.com\/fr\/wp-json\/wp\/v2\/users\/1"}],"replies":[{"embeddable":true,"href":"https:\/\/airportsmokinglounge.com\/fr\/wp-json\/wp\/v2\/comments?post=498"}],"version-history":[{"count":10,"href":"https:\/\/airportsmokinglounge.com\/fr\/wp-json\/wp\/v2\/pages\/498\/revisions"}],"predecessor-version":[{"id":4973,"href":"https:\/\/airportsmokinglounge.com\/fr\/wp-json\/wp\/v2\/pages\/498\/revisions\/4973"}],"wp:featuredmedia":[{"embeddable":true,"href":"https:\/\/airportsmokinglounge.com\/fr\/wp-json\/wp\/v2\/media\/1199"}],"wp:attachment":[{"href":"https:\/\/airportsmokinglounge.com\/fr\/wp-json\/wp\/v2\/media?parent=498"}],"curies":[{"name":"wp","href":"https:\/\/api.w.org\/{rel}","templated":true}]}}