{"id":55,"date":"2023-02-15T16:05:13","date_gmt":"2023-02-15T15:05:13","guid":{"rendered":"https:\/\/airportsmokinglounge.com\/?page_id=55"},"modified":"2023-02-15T16:08:03","modified_gmt":"2023-02-15T15:08:03","slug":"disclaimer","status":"publish","type":"page","link":"https:\/\/airportsmokinglounge.com\/fr\/clause-de-non-responsabilite\/","title":{"rendered":"Clause de non-responsabilit\u00e9"},"content":{"rendered":"<p>Le site Web Airportsmokinglounge.com (le \u00ab\u00a0Site\u00a0\u00bb) est un service d&#039;information en ligne. \u00ab\u00a0airportsmokinglounge.com\u00a0\u00bb, sous r\u00e9serve de votre respect des termes et conditions \u00e9nonc\u00e9s ci-dessous. <strong>VEUILLEZ LIRE ATTENTIVEMENT CE DOCUMENT AVANT D&#039;ACC\u00c9DER OU D&#039;UTILISER LE SITE. <\/strong>EN ACC\u00c9DANT OU EN UTILISANT LE SITE, VOUS ACCEPTEZ D&#039;\u00caTRE LI\u00c9 PAR LES TERMES ET CONDITIONS \u00c9NONC\u00c9S CI-DESSOUS. SI VOUS NE SOUHAITEZ PAS \u00caTRE LI\u00c9 PAR CES TERMES ET CONDITIONS, VOUS NE POUVEZ PAS ACC\u00c9DER OU UTILISER LE SITE. Airportsmokinglounge.com PEUT MODIFIER CET ACCORD \u00c0 TOUT MOMENT, ET DE TELLES MODIFICATIONS DEVRONT EFFECTUER IMM\u00c9DIATEMENT D\u00c8S LA PUBLICATION DE L&#039;ACCORD MODIFI\u00c9 SUR LE SITE. VOUS ACCEPTEZ DE R\u00c9VISER L&#039;ACCORD P\u00c9RIODIQUEMENT POUR \u00caTRE CONSCIENT DE TELLES MODIFICATIONS ET VOTRE ACC\u00c8S OU VOTRE UTILISATION CONTINUE DU SITE SERONT CONSID\u00c9R\u00c9S VOTRE ACCEPTATION CONCLUSIVE DE L&#039;ACCORD MODIFI\u00c9.<\/p>\n<p><strong>1. Droits d\u2019auteur, licences et soumissions d\u2019id\u00e9es.<\/strong><\/p>\n<p>L&#039;ensemble du contenu du Site est prot\u00e9g\u00e9 par les lois internationales sur le droit d&#039;auteur et les marques. Le propri\u00e9taire des droits d&#039;auteur et des marques d\u00e9pos\u00e9es est Airportsmokinglounge.com, ses soci\u00e9t\u00e9s affili\u00e9es ou d&#039;autres conc\u00e9dants de licence tiers. <strong>VOUS NE POUVEZ PAS MODIFIER, COPIER, REPRODUIRE, REPUBLIER, T\u00c9L\u00c9CHARGER, PUBLIER, TRANSMETTRE OU DISTRIBUER, DE QUELQUE MANI\u00c8RE QUE CE SOIT, LE MAT\u00c9RIEL DU SITE, Y COMPRIS LE TEXTE, LES GRAPHIQUES, LE CODE ET\/OU LE LOGICIEL.<\/strong> Vous pouvez imprimer et t\u00e9l\u00e9charger des parties de mat\u00e9riel provenant des diff\u00e9rentes zones du site uniquement pour votre propre usage non commercial, \u00e0 condition que vous acceptiez de ne pas modifier ou supprimer les avis de droit d&#039;auteur ou de propri\u00e9t\u00e9 du mat\u00e9riel. Vous acceptez d&#039;accorder \u00e0 Airportsmokinglounge.com une licence non exclusive, libre de droits, mondiale et perp\u00e9tuelle, avec le droit de sous-licencier, de reproduire, distribuer, transmettre, cr\u00e9er des \u0153uvres d\u00e9riv\u00e9es, afficher publiquement et ex\u00e9cuter publiquement tout mat\u00e9riel et d&#039;autres informations (y compris, sans s&#039;y limiter, les id\u00e9es contenues dans celles-ci pour des produits et services nouveaux ou am\u00e9lior\u00e9s) que vous soumettez dans les zones publiques du site (telles que les tableaux d&#039;affichage, les forums et les groupes de discussion) ou par courrier \u00e9lectronique \u00e0 Airportsmokinglounge.com par tous les moyens et dans tout m\u00e9dia actuellement connu ou d\u00e9velopp\u00e9 ult\u00e9rieurement. Vous accordez \u00e9galement \u00e0 Airportsmokinglounge.com le droit d&#039;utiliser votre nom en relation avec les documents soumis et d&#039;autres informations ainsi qu&#039;en relation avec tout le mat\u00e9riel publicitaire, marketing et promotionnel qui s&#039;y rapporte. Vous acceptez que vous n&#039;aurez aucun recours contre Airportsmokinglounge.com pour toute violation ou d\u00e9tournement pr\u00e9sum\u00e9 ou r\u00e9el de tout droit de propri\u00e9t\u00e9 dans vos communications avec Airportsmokinglounge.com. MARQUES COMMERCIALES, publications, produits, contenus ou services r\u00e9f\u00e9renc\u00e9s ici ou sur le site sont les marques commerciales ou marques de service exclusives d&#039;airportsmokinglounge.com. Les autres noms de produits et de soci\u00e9t\u00e9s mentionn\u00e9s sur le Site peuvent \u00eatre des marques d\u00e9pos\u00e9es de leurs propri\u00e9taires respectifs.<\/p>\n<p><strong>2. Utilisation du Site.<\/strong><\/p>\n<p>Vous comprenez que, \u00e0 l&#039;exception des informations, produits ou services clairement identifi\u00e9s comme \u00e9tant fournis par Airportsmokinglounge.com, Airportsmokinglounge.com n&#039;exploite, ne contr\u00f4le ni n&#039;approuve aucune information, produit ou service sur Internet de quelque mani\u00e8re que ce soit. \u00c0 l\u2019exception des informations, produits ou services identifi\u00e9s par Airportsmokinglounge.com, toutes les informations, produits et services propos\u00e9s via le site ou sur Internet sont g\u00e9n\u00e9ralement propos\u00e9s par des tiers, qui ne sont pas affili\u00e9s \u00e0 Airportsmokinglounge.com. Vous comprenez \u00e9galement que Airportsmokinglounge.com ne peut pas et ne garantit pas que les fichiers disponibles au t\u00e9l\u00e9chargement via le site seront exempts d&#039;infection ou de virus, vers, chevaux de Troie ou autre code manifestant des propri\u00e9t\u00e9s contaminantes ou destructrices. Vous \u00eates responsable de la mise en \u0153uvre de proc\u00e9dures et de points de contr\u00f4le suffisants pour satisfaire vos exigences particuli\u00e8res en mati\u00e8re d&#039;exactitude de l&#039;entr\u00e9e et de la sortie des donn\u00e9es, et du maintien d&#039;un moyen externe au Site pour la reconstruction de toute donn\u00e9e perdue.<\/p>\n<p>VOUS ASSUMEZ LA TOTALE RESPONSABILIT\u00c9 ET LES RISQUES POUR VOTRE UTILISATION DU SITE ET D&#039;INTERNET. Airportsmokinglounge.com FOURNIT LE SITE ET LES INFORMATIONS CONNEXES \u00ab EN L&#039;\u00c9TAT \u00bb ET NE FAIT AUCUNE GARANTIE, D\u00c9CLARATION OU APPROBATION EXPRESSE OU IMPLICITE (Y COMPRIS, SANS LIMITATION, LES GARANTIES DE TITRE OU DE NON-VIOLATION, OU LES GARANTIES IMPLICITES DE QUALIT\u00c9 MARCHANDE OU D&#039;ADAPTATION \u00c0 UN USAGE PARTICULIER) EN CE QUI CONCERNE LE SERVICE, TOUTE INFORMATION SUR LES MARCHANDISES OU SERVICE FOURNI PAR LE SERVICE OU SUR INTERNET EN G\u00c9N\u00c9RAL, ET Airportsmokinglounge.com NE SERONT PAS RESPONSABLES DE TOUT CO\u00dbT OU DOMMAGE R\u00c9SULTANT DIRECTEMENT OU INDIRECTEMENT D&#039;UNE TELLE TRANSACTION. IL EST DE VOTRE SEULE RESPONSABILIT\u00c9 D&#039;\u00c9VALUER L&#039;EXACTITUDE, L&#039;EXHAUSTIVIT\u00c9 ET L&#039;UTILE DE TOUS LES AVIS, CONSEILS, SERVICES, MARCHANDISES ET AUTRES INFORMATIONS FOURNIES PAR LE SERVICE OU SUR INTERNET EN G\u00c9N\u00c9RAL. Airportsmokinglounge.com NE GARANTIT PAS QUE LE SERVICE SERA ININTERROMPU OU SANS ERREUR OU QUE LES D\u00c9FAUTS DU SERVICE SERONT CORRIG\u00c9S.<\/p>\n<p>VOUS COMPRENEZ EN OUTRE QUE LA NATURE PURE D&#039;INTERNET CONTIENT DES DOCUMENTS NON \u00c9DIT\u00c9S DONT CERTAINS SONT SEXUELLEMENT EXPLICITES OU PEUVENT \u00caTRE OFFENSANTS POUR VOUS. VOTRE ACC\u00c8S \u00c0 CES MAT\u00c9RIAUX EST \u00c0 VOS RISQUES. Airportsmokinglounge.com N&#039;A AUCUN CONTR\u00d4LE ET N&#039;ACCEPTE AUCUNE RESPONSABILIT\u00c9 QUELQUE QUE CE SOIT POUR CES MAT\u00c9RIAUX.<\/p>\n<p><strong>LIMITATION DE RESPONSABILIT\u00c9<\/strong><\/p>\n<p>EN AUCUN CAS, Airportsmokinglounge.com NE SERA RESPONSABLE DE (I) TOUT DOMMAGE ACCESSOIRE, CONS\u00c9CUTIF OU INDIRECT (Y COMPRIS, MAIS SANS LIMITATION, LES DOMMAGES POUR PERTE DE PROFITS, INTERRUPTION D&#039;ACTIVIT\u00c9, PERTE DE PROGRAMMES OU D&#039;INFORMATIONS, ET AUTRES) D\u00c9COULANT DE L&#039;UTILISATION OU DE L&#039;INCAPACIT\u00c9 \u00c0 UTILISER LE SERVICE, OU TOUTE INFORMATION OU TRANSACTIONS FOURNIES SUR LE SERVICE, OU T\u00c9L\u00c9CHARG\u00c9ES \u00c0 PARTIR DU SERVICE, OU DE TOUT RETARD DE TELLES INFORMATIONS OU SERVICE. M\u00caME SI Airportsmokinglounge.com OU SES REPR\u00c9SENTANTS AUTORIS\u00c9S ONT \u00c9T\u00c9 AVIS\u00c9S DE LA POSSIBILIT\u00c9 DE TELS DOMMAGES, OU (II) DE TOUTE R\u00c9CLAMATION ATTRIBUABLE \u00c0 DES ERREURS, OMISSIONS OU AUTRES INEXACTITUDES DANS LE SERVICE ET\/OU LES MAT\u00c9RIAUX OU INFORMATIONS T\u00c9L\u00c9CHARG\u00c9S PAR LE SERVICE. PARCE QUE CERTAINS \u00c9TATS N&#039;AUTORISENT PAS L&#039;EXCLUSION OU LA LIMITATION DE RESPONSABILIT\u00c9 POUR LES DOMMAGES CONS\u00c9CUTIFS OU ACCESSOIRES, LA LIMITATION CI-DESSUS PEUT NE PAS S&#039;APPLIQUER \u00c0 VOUS. DANS CES \u00c9TATS, LA RESPONSABILIT\u00c9 d&#039;airportsmokinglounge.com EST LIMIT\u00c9E DANS LA PLUS GRANDE MESURE PERMISE PAR LA LOI.<\/p>\n<p>Airportsmokinglounge.com ne fait aucune d\u00e9claration concernant tout autre site Web auquel vous pouvez acc\u00e9der via celui-ci ou qui peut cr\u00e9er un lien vers ce site. Lorsque vous acc\u00e9dez \u00e0 un site Web non-airportsmokinglounge.com, veuillez comprendre qu&#039;il est ind\u00e9pendant de Airportsmokinglounge.com et que Airportsmokinglounge.com n&#039;a aucun contr\u00f4le sur le contenu de ce site Web. De plus, un lien vers un site Web d&#039;airportsmokinglounge.com ne signifie pas qu&#039;airportsmokinglounge.com endosse ou accepte une quelconque responsabilit\u00e9 quant au contenu ou \u00e0 l&#039;utilisation de ce site Web.<\/p>\n<p><strong>3. Indemnisation.<\/strong><\/p>\n<p>Vous acceptez d&#039;indemniser, de d\u00e9fendre et de tenir indemnes Airportsmokinglounge.com, ses dirigeants, administrateurs, employ\u00e9s, agents, conc\u00e9dants de licence, fournisseurs et tout fournisseur d&#039;informations tiers du Service contre toutes pertes, d\u00e9penses, dommages et co\u00fbts, y compris les avocats raisonnables. frais, r\u00e9sultant de toute violation du pr\u00e9sent Accord (y compris une conduite n\u00e9gligente ou fautive) par vous ou toute autre personne acc\u00e9dant au Service.<\/p>\n<p><strong>4. Droits des tiers.<\/strong><\/p>\n<p>Les dispositions des paragraphes 2 (Utilisation du Service) et 3 (Indemnisation) s&#039;appliquent au b\u00e9n\u00e9fice d&#039;airportsmokinglounge.com et de ses dirigeants, administrateurs, employ\u00e9s, agents, conc\u00e9dants de licence, fournisseurs et de tout fournisseur d&#039;informations tiers au Service. Chacune de ces personnes ou entit\u00e9s aura le droit de faire valoir et d&#039;appliquer ces dispositions directement contre vous en son propre nom.<\/p>\n<p><strong>5.Dur\u00e9e\u00a0; R\u00e9siliation.<\/strong><\/p>\n<p>Le pr\u00e9sent Contrat peut \u00eatre r\u00e9sili\u00e9 par l&#039;une ou l&#039;autre des parties sans pr\u00e9avis, \u00e0 tout moment et pour quelque raison que ce soit. Les dispositions des paragraphes 1 (Droits d&#039;auteur, licences et soumissions d&#039;id\u00e9es), 2 (Utilisation du service), 3 (Indemnisation), 4 (Droits de tiers) et 6 (Divers) survivront \u00e0 toute r\u00e9siliation du pr\u00e9sent Accord.<\/p>\n<p><strong>6.Divers.<\/strong><\/p>\n<p>Le pr\u00e9sent accord sera r\u00e9gi et interpr\u00e9t\u00e9 conform\u00e9ment aux lois de la Bulgarie applicables aux accords conclus et \u00e0 ex\u00e9cuter en Bulgarie. Vous acceptez que toute action ou proc\u00e9dure judiciaire entre Airportsmokinglounge.com et vous, \u00e0 quelque fin que ce soit concernant le pr\u00e9sent Accord ou les obligations des parties en vertu des pr\u00e9sentes, sera port\u00e9e exclusivement devant un tribunal f\u00e9d\u00e9ral ou \u00e9tatique de juridiction comp\u00e9tente si\u00e9geant en Bulgarie. Toute cause d&#039;action ou de r\u00e9clamation que vous pourriez avoir concernant le Service doit \u00eatre intent\u00e9e dans un d\u00e9lai d&#039;un (1) an apr\u00e8s la survenance de la r\u00e9clamation ou de la cause d&#039;action, sinon une telle r\u00e9clamation ou cause d&#039;action est interdite. Le fait que Airportsmokinglounge.com n&#039;insiste pas ou n&#039;impose pas le strict respect de toute disposition du pr\u00e9sent accord ne doit pas \u00eatre interpr\u00e9t\u00e9 comme une renonciation \u00e0 toute disposition ou \u00e0 tout droit. Ni la conduite entre les parties ni les pratiques commerciales ne pourront modifier une quelconque disposition du pr\u00e9sent accord. Airportsmokinglounge.com peut c\u00e9der ses droits et obligations en vertu du pr\u00e9sent accord \u00e0 toute partie \u00e0 tout moment et sans pr\u00e9avis. Tous les droits non express\u00e9ment accord\u00e9s dans les pr\u00e9sentes sont r\u00e9serv\u00e9s.<\/p>","protected":false},"excerpt":{"rendered":"<p>Le site Web airportsmokinglounge.com (le \u00ab Site \u00bb) est un service d\u2019information en ligne. \u00ab airportsmokinglounge.com \u00bb, sous r\u00e9serve de votre respect des conditions g\u00e9n\u00e9rales \u00e9nonc\u00e9es ci-dessous. VEUILLEZ LIRE ATTENTIVEMENT CE DOCUMENT AVANT D\u2019ACC\u00c9DER AU SITE OU DE L\u2019UTILISER. EN ACC\u00c9DANT AU SITE OU EN L\u2019UTILISANT, VOUS ACCEPTEZ D\u2019\u00caTRE LI\u00c9 PAR LES TERMES ET CONDITIONS \u00c9NONC\u00c9S\u2026&nbsp;<a href=\"https:\/\/airportsmokinglounge.com\/fr\/clause-de-non-responsabilite\/\" rel=\"bookmark\">En savoir plus &quot;<span class=\"screen-reader-text\">Clause de non-responsabilit\u00e9<\/span><\/a><\/p>","protected":false},"author":1,"featured_media":0,"parent":0,"menu_order":0,"comment_status":"closed","ping_status":"closed","template":"","meta":{"neve_meta_sidebar":"","neve_meta_container":"","neve_meta_enable_content_width":"off","neve_meta_content_width":100,"neve_meta_title_alignment":"","neve_meta_author_avatar":"","neve_post_elements_order":"","neve_meta_disable_header":"","neve_meta_disable_footer":"","neve_meta_disable_title":"","neve_meta_reading_time":"","footnotes":""},"class_list":["post-55","page","type-page","status-publish","hentry"],"yoast_head":"<!-- This site is optimized with the Yoast SEO plugin v26.6 - https:\/\/yoast.com\/wordpress\/plugins\/seo\/ -->\n<title>Disclaimer - airportsmokinglounge.com<\/title>\n<meta name=\"robots\" content=\"noindex, follow\" \/>\n<meta property=\"og:locale\" content=\"fr_FR\" \/>\n<meta property=\"og:type\" content=\"article\" \/>\n<meta property=\"og:title\" content=\"Disclaimer - airportsmokinglounge.com\" \/>\n<meta property=\"og:description\" content=\"The airportsmokinglounge.com Web Site (the \u201cSite\u201d) is an online information service . \u201cairportsmokinglounge.com \u201c, subject to your compliance with the terms and conditions set forth below. PLEASE READ THIS DOCUMENT CAREFULLY BEFORE ACCESSING OR USING THE SITE. BY ACCESSING OR USING THE SITE, YOU AGREE TO BE BOUND BY THE TERMS AND CONDITIONS SET FORTH&hellip;&nbsp;Read More &raquo;Disclaimer\" \/>\n<meta property=\"og:url\" content=\"https:\/\/airportsmokinglounge.com\/fr\/clause-de-non-responsabilite\/\" \/>\n<meta property=\"og:site_name\" content=\"airportsmokinglounge.com\" \/>\n<meta property=\"article:modified_time\" content=\"2023-02-15T15:08:03+00:00\" \/>\n<meta name=\"twitter:card\" content=\"summary_large_image\" \/>\n<meta name=\"twitter:label1\" content=\"Dur\u00e9e de lecture estim\u00e9e\" \/>\n\t<meta name=\"twitter:data1\" content=\"6 minutes\" \/>\n<script type=\"application\/ld+json\" class=\"yoast-schema-graph\">{\"@context\":\"https:\/\/schema.org\",\"@graph\":[{\"@type\":\"WebPage\",\"@id\":\"https:\/\/airportsmokinglounge.com\/disclaimer\/\",\"url\":\"https:\/\/airportsmokinglounge.com\/disclaimer\/\",\"name\":\"Disclaimer - airportsmokinglounge.com\",\"isPartOf\":{\"@id\":\"https:\/\/airportsmokinglounge.com\/#website\"},\"datePublished\":\"2023-02-15T15:05:13+00:00\",\"dateModified\":\"2023-02-15T15:08:03+00:00\",\"breadcrumb\":{\"@id\":\"https:\/\/airportsmokinglounge.com\/disclaimer\/#breadcrumb\"},\"inLanguage\":\"fr-FR\",\"potentialAction\":[{\"@type\":\"ReadAction\",\"target\":[\"https:\/\/airportsmokinglounge.com\/disclaimer\/\"]}]},{\"@type\":\"BreadcrumbList\",\"@id\":\"https:\/\/airportsmokinglounge.com\/disclaimer\/#breadcrumb\",\"itemListElement\":[{\"@type\":\"ListItem\",\"position\":1,\"name\":\"Home\",\"item\":\"https:\/\/airportsmokinglounge.com\/\"},{\"@type\":\"ListItem\",\"position\":2,\"name\":\"Disclaimer\"}]},{\"@type\":\"WebSite\",\"@id\":\"https:\/\/airportsmokinglounge.com\/#website\",\"url\":\"https:\/\/airportsmokinglounge.com\/\",\"name\":\"airportsmokinglounge.com\",\"description\":\"\",\"potentialAction\":[{\"@type\":\"SearchAction\",\"target\":{\"@type\":\"EntryPoint\",\"urlTemplate\":\"https:\/\/airportsmokinglounge.com\/?s={search_term_string}\"},\"query-input\":{\"@type\":\"PropertyValueSpecification\",\"valueRequired\":true,\"valueName\":\"search_term_string\"}}],\"inLanguage\":\"fr-FR\"}]}<\/script>\n<!-- \/ Yoast SEO plugin. -->","yoast_head_json":{"title":"Avis de non-responsabilit\u00e9 - Airportsmokinglounge.com","robots":{"index":"noindex","follow":"follow"},"og_locale":"fr_FR","og_type":"article","og_title":"Disclaimer - airportsmokinglounge.com","og_description":"The airportsmokinglounge.com Web Site (the \u201cSite\u201d) is an online information service . \u201cairportsmokinglounge.com \u201c, subject to your compliance with the terms and conditions set forth below. PLEASE READ THIS DOCUMENT CAREFULLY BEFORE ACCESSING OR USING THE SITE. BY ACCESSING OR USING THE SITE, YOU AGREE TO BE BOUND BY THE TERMS AND CONDITIONS SET FORTH&hellip;&nbsp;Read More &raquo;Disclaimer","og_url":"https:\/\/airportsmokinglounge.com\/fr\/clause-de-non-responsabilite\/","og_site_name":"airportsmokinglounge.com","article_modified_time":"2023-02-15T15:08:03+00:00","twitter_card":"summary_large_image","twitter_misc":{"Dur\u00e9e de lecture estim\u00e9e":"6 minutes"},"schema":{"@context":"https:\/\/schema.org","@graph":[{"@type":"WebPage","@id":"https:\/\/airportsmokinglounge.com\/disclaimer\/","url":"https:\/\/airportsmokinglounge.com\/disclaimer\/","name":"Avis de non-responsabilit\u00e9 - Airportsmokinglounge.com","isPartOf":{"@id":"https:\/\/airportsmokinglounge.com\/#website"},"datePublished":"2023-02-15T15:05:13+00:00","dateModified":"2023-02-15T15:08:03+00:00","breadcrumb":{"@id":"https:\/\/airportsmokinglounge.com\/disclaimer\/#breadcrumb"},"inLanguage":"fr-FR","potentialAction":[{"@type":"ReadAction","target":["https:\/\/airportsmokinglounge.com\/disclaimer\/"]}]},{"@type":"BreadcrumbList","@id":"https:\/\/airportsmokinglounge.com\/disclaimer\/#breadcrumb","itemListElement":[{"@type":"ListItem","position":1,"name":"Home","item":"https:\/\/airportsmokinglounge.com\/"},{"@type":"ListItem","position":2,"name":"Disclaimer"}]},{"@type":"WebSite","@id":"https:\/\/airportsmokinglounge.com\/#website","url":"https:\/\/airportsmokinglounge.com\/","name":"airportsmokinglounge.com","description":"","potentialAction":[{"@type":"SearchAction","target":{"@type":"EntryPoint","urlTemplate":"https:\/\/airportsmokinglounge.com\/?s={search_term_string}"},"query-input":{"@type":"PropertyValueSpecification","valueRequired":true,"valueName":"search_term_string"}}],"inLanguage":"fr-FR"}]}},"_links":{"self":[{"href":"https:\/\/airportsmokinglounge.com\/fr\/wp-json\/wp\/v2\/pages\/55","targetHints":{"allow":["GET"]}}],"collection":[{"href":"https:\/\/airportsmokinglounge.com\/fr\/wp-json\/wp\/v2\/pages"}],"about":[{"href":"https:\/\/airportsmokinglounge.com\/fr\/wp-json\/wp\/v2\/types\/page"}],"author":[{"embeddable":true,"href":"https:\/\/airportsmokinglounge.com\/fr\/wp-json\/wp\/v2\/users\/1"}],"replies":[{"embeddable":true,"href":"https:\/\/airportsmokinglounge.com\/fr\/wp-json\/wp\/v2\/comments?post=55"}],"version-history":[{"count":2,"href":"https:\/\/airportsmokinglounge.com\/fr\/wp-json\/wp\/v2\/pages\/55\/revisions"}],"predecessor-version":[{"id":57,"href":"https:\/\/airportsmokinglounge.com\/fr\/wp-json\/wp\/v2\/pages\/55\/revisions\/57"}],"wp:attachment":[{"href":"https:\/\/airportsmokinglounge.com\/fr\/wp-json\/wp\/v2\/media?parent=55"}],"curies":[{"name":"wp","href":"https:\/\/api.w.org\/{rel}","templated":true}]}}