{"id":5915,"date":"2023-05-23T13:06:30","date_gmt":"2023-05-23T11:06:30","guid":{"rendered":"https:\/\/airportsmokinglounge.com\/?page_id=5915"},"modified":"2023-05-23T13:34:20","modified_gmt":"2023-05-23T11:34:20","slug":"smoking-areas-at-tarawa-bonriki-international-airport-trw","status":"publish","type":"page","link":"https:\/\/airportsmokinglounge.com\/fr\/zones-fumeurs-a-laeroport-international-de-tarawa-bonriki-trw\/","title":{"rendered":"Zones fumeurs \u00e0 l\u2019A\u00c9ROPORT INTERNATIONAL DE TARAWA \u2013 BONRIKI (TRW)"},"content":{"rendered":"<p>L&#039;a\u00e9roport international de Bonriki (TRW) est la principale porte d&#039;entr\u00e9e internationale vers la R\u00e9publique de Kiribati. Il est situ\u00e9 sur l&#039;atoll de Tarawa, la capitale et l&#039;atoll le plus peupl\u00e9 du pays. L&#039;a\u00e9roport joue un r\u00f4le crucial dans la connexion de cette nation isol\u00e9e du Pacifique avec le reste du monde.<\/p>\n<p>L&#039;a\u00e9roport dispose d&#039;un terminal unique qui dessert \u00e0 la fois les vols nationaux et internationaux. Il offre des connexions vers une vari\u00e9t\u00e9 de destinations, notamment les Fidji, Brisbane et Nadi, ainsi que vers divers endroits des \u00eeles Gilbert. Malgr\u00e9 sa taille relativement petite, l&#039;a\u00e9roport offre des installations essentielles, notamment une zone d&#039;enregistrement, une salle d&#039;attente et des services de transport terrestre.<\/p>\n<h2>Zones fumeurs avant le contr\u00f4le de s\u00e9curit\u00e9<\/h2>\n<ul>\n<li><span style=\"font-size: 14pt;\">Fumer n&#039;est autoris\u00e9 qu&#039;\u00e0 l&#039;ext\u00e9rieur du terminal<\/span><\/li>\n<\/ul>\n<h2>Zones fumeurs apr\u00e8s le contr\u00f4le de s\u00e9curit\u00e9<\/h2>\n<ul>\n<li><span style=\"font-size: 14pt;\">Actuellement, il n&#039;y a pas d&#039;informations disponibles concernant les installations pour fumeurs \u00e0 l&#039;int\u00e9rieur de l&#039;a\u00e9roport.<\/span><\/li>\n<\/ul>\n<p><strong><span style=\"font-size: 14pt;\">Envoyez-nous vos commentaires<\/span><\/strong><\/p>\n<p><span style=\"font-size: 14pt;\">Si vous \u00eates \u00e0 l&#039;a\u00e9roport, vous \u00eates plus que bienvenu pour nous envoyer des photos des zones fumeurs. Cela nous aidera \u00e0 remplir notre base de donn\u00e9es plus rapidement. Tu peux le faire <strong><a href=\"https:\/\/airportsmokinglounge.com\/fr\/contact\/\">Ici<\/a>.<\/strong> Les images sont publi\u00e9es sur notre site Web, en indiquant la source de l&#039;image (nom). N&#039;h\u00e9sitez pas \u00e0 partager ces photos avec nous et tous les visiteurs de airportsmokinglounge.com<\/span>.<\/p>\n<h2>Loi sur le tabagisme \u00e0 Kiribati<\/h2>\n<p>Kiribati a mis en \u0153uvre des lois et r\u00e9glementations sur le tabagisme pour prot\u00e9ger la sant\u00e9 publique et r\u00e9duire la consommation de tabac. Cependant, veuillez noter que les lois antitabac peuvent changer avec le temps, il est donc conseill\u00e9 de se r\u00e9f\u00e9rer \u00e0 la l\u00e9gislation la plus r\u00e9cente ou de consulter les autorit\u00e9s locales pour obtenir les informations les plus r\u00e9centes sur les lois antitabac de Kiribati.<\/p>\n<p>\u00c0 Kiribati, il est g\u00e9n\u00e9ralement interdit de fumer dans les lieux publics ferm\u00e9s, y compris les espaces int\u00e9rieurs des restaurants, bars, centres commerciaux et b\u00e2timents gouvernementaux. Ces zones sont d\u00e9sign\u00e9es comme non-fumeurs et il est interdit de fumer \u00e0 l&#039;int\u00e9rieur.<\/p>\n<p>Kiribati a \u00e9galement mis en place des restrictions interdisant de fumer dans les espaces publics ext\u00e9rieurs, comme \u00e0 proximit\u00e9 des entr\u00e9es des b\u00e2timents, des arr\u00eats de bus et des parcs publics. De plus, il peut \u00eatre interdit de fumer \u00e0 certaines distances de certaines zones, telles que les \u00e9coles et les \u00e9tablissements de sant\u00e9.<\/p>\n<h3>Questions fr\u00e9quemment pos\u00e9es<\/h3>\n<h4>Les zones fumeurs de l&#039;a\u00e9roport sont-elles disponibles 24h\/24 et 7j\/7 ?<\/h4>\n<p>La disponibilit\u00e9 des zones fumeurs de l&#039;a\u00e9roport peut varier en fonction de l&#039;a\u00e9roport et de l&#039;emplacement. Certaines zones fumeurs sont ouvertes 24 heures sur 24, tandis que d&#039;autres peuvent avoir des horaires restreints ou \u00eatre ferm\u00e9es \u00e0 certaines heures. Il est pr\u00e9f\u00e9rable de v\u00e9rifier aupr\u00e8s de l&#039;a\u00e9roport ou de visiter leur site Web pour obtenir des informations sp\u00e9cifiques sur les heures d&#039;ouverture de la zone fumeurs.<\/p>\n<h4>Est-il permis d&#039;apporter ma propre nourriture et mes boissons dans la zone fumeurs ?<\/h4>\n<p>Cela peut d\u00e9pendre de la zone fumeurs et de l&#039;a\u00e9roport. Certaines zones fumeurs peuvent autoriser la nourriture et les boissons \u00e0 l&#039;ext\u00e9rieur, tandis que d&#039;autres peuvent avoir des restrictions ou les interdire compl\u00e8tement. Il est pr\u00e9f\u00e9rable de v\u00e9rifier aupr\u00e8s de l&#039;a\u00e9roport ou de la signalisation de la zone fumeurs les r\u00e8gles et r\u00e9glementations sp\u00e9cifiques.<\/p>\n<h4>Fumer est-il autoris\u00e9 dans toutes les zones fumeurs de l&#039;a\u00e9roport\u00a0?<\/h4>\n<p>Toutes les zones fumeurs de l&#039;a\u00e9roport ne permettent pas de fumer. Certains a\u00e9roports peuvent avoir des zones d\u00e9sign\u00e9es pour les cigarettes \u00e9lectroniques ou le vapotage, qui sont distinctes des zones fumeurs traditionnelles. Assurez-vous de v\u00e9rifier les r\u00e8gles et r\u00e9glementations sp\u00e9cifiques \u00e0 la zone fumeurs que vous pr\u00e9voyez d&#039;utiliser.<\/p>\n<h4>Les espaces fumeurs sont-ils climatis\u00e9s ou chauff\u00e9s ?<\/h4>\n<p>La temp\u00e9rature et la ventilation des zones fumeurs des a\u00e9roports peuvent varier consid\u00e9rablement. Certains peuvent \u00eatre climatis\u00e9s ou chauff\u00e9s, tandis que d&#039;autres peuvent \u00eatre des espaces en plein air avec une protection limit\u00e9e contre les \u00e9l\u00e9ments. Assurez-vous de v\u00e9rifier aupr\u00e8s de l&#039;a\u00e9roport ou de visiter la zone fumeurs \u00e0 l&#039;avance pour d\u00e9terminer les conditions et vous pr\u00e9parer en cons\u00e9quence.<\/p>\n<h4>Les zones fumeurs sont-elles accessibles aux voyageurs handicap\u00e9s\u00a0?<\/h4>\n<p>De nombreux a\u00e9roports ont fait des efforts pour rendre leurs espaces fumeurs accessibles aux voyageurs handicap\u00e9s. Cependant, l&#039;accessibilit\u00e9 des zones fumeurs sp\u00e9cifiques peut varier consid\u00e9rablement. Assurez-vous de v\u00e9rifier aupr\u00e8s de l&#039;a\u00e9roport ou de visiter la zone fumeurs \u00e0 l&#039;avance pour d\u00e9terminer si elle est accessible et r\u00e9pond \u00e0 vos besoins.<\/p>\n<p><span style=\"font-size: 14pt;\"><strong>Zones fumeurs en Oc\u00e9anie<\/strong><\/span><\/p>\n<ul>\n<li><a href=\"https:\/\/airportsmokinglounge.com\/fr\/fumer-dans-les-aeroports-en-oceanie\/\"><span style=\"font-size: 14pt;\">A\u00e9roports d&#039;Oc\u00e9anie<\/span><\/a><\/li>\n<\/ul>","protected":false},"excerpt":{"rendered":"<p>Bonriki International Airport (TRW) is the main international gateway to the Republic of Kiribati. It&#8217;s located on Tarawa Atoll, the capital and most populous atoll of the country. The airport plays a crucial role in connecting this remote Pacific nation with the rest of the world. The airport has a single terminal that serves both&hellip;&nbsp;<a href=\"https:\/\/airportsmokinglounge.com\/fr\/zones-fumeurs-a-laeroport-international-de-tarawa-bonriki-trw\/\" rel=\"bookmark\">En savoir plus &quot;<span class=\"screen-reader-text\">Zones fumeurs \u00e0 l\u2019A\u00c9ROPORT INTERNATIONAL DE TARAWA \u2013 BONRIKI (TRW)<\/span><\/a><\/p>","protected":false},"author":1,"featured_media":1199,"parent":0,"menu_order":0,"comment_status":"closed","ping_status":"closed","template":"","meta":{"neve_meta_sidebar":"","neve_meta_container":"","neve_meta_enable_content_width":"off","neve_meta_content_width":100,"neve_meta_title_alignment":"","neve_meta_author_avatar":"","neve_post_elements_order":"","neve_meta_disable_header":"","neve_meta_disable_footer":"","neve_meta_disable_title":"","neve_meta_reading_time":"","footnotes":""},"class_list":["post-5915","page","type-page","status-publish","has-post-thumbnail","hentry"],"yoast_head":"<!-- This site is optimized with the Yoast SEO plugin v26.6 - https:\/\/yoast.com\/wordpress\/plugins\/seo\/ -->\n<title>Smoking areas at TARAWA - BONRIKI INTERNATIONAL AIRPORT (TRW)<\/title>\n<meta name=\"description\" content=\"Smoking areas at TARAWA - BONRIKI INTERNATIONAL AIRPORT (TRW) - Find a smoking area in the airport \u2714\ufe0e Smoking Guide in Airports\" \/>\n<meta name=\"robots\" content=\"index, follow, max-snippet:-1, max-image-preview:large, max-video-preview:-1\" \/>\n<link rel=\"canonical\" href=\"https:\/\/airportsmokinglounge.com\/fr\/zones-fumeurs-a-laeroport-international-de-tarawa-bonriki-trw\/\" \/>\n<meta property=\"og:locale\" content=\"fr_FR\" \/>\n<meta property=\"og:type\" content=\"article\" \/>\n<meta property=\"og:title\" content=\"Smoking areas at TARAWA - BONRIKI INTERNATIONAL AIRPORT (TRW)\" \/>\n<meta property=\"og:description\" content=\"Smoking areas at TARAWA - BONRIKI INTERNATIONAL AIRPORT (TRW) - Find a smoking area in the airport \u2714\ufe0e Smoking Guide in Airports\" \/>\n<meta property=\"og:url\" content=\"https:\/\/airportsmokinglounge.com\/fr\/zones-fumeurs-a-laeroport-international-de-tarawa-bonriki-trw\/\" \/>\n<meta property=\"og:site_name\" content=\"airportsmokinglounge.com\" \/>\n<meta property=\"article:modified_time\" content=\"2023-05-23T11:34:20+00:00\" \/>\n<meta property=\"og:image\" content=\"https:\/\/airportsmokinglounge.com\/wp-content\/uploads\/2023\/03\/airport-smoking-lounge-4.jpg\" \/>\n\t<meta property=\"og:image:width\" content=\"2048\" \/>\n\t<meta property=\"og:image:height\" content=\"1152\" \/>\n\t<meta property=\"og:image:type\" content=\"image\/jpeg\" \/>\n<meta name=\"twitter:card\" content=\"summary_large_image\" \/>\n<meta name=\"twitter:label1\" content=\"Dur\u00e9e de lecture estim\u00e9e\" \/>\n\t<meta name=\"twitter:data1\" content=\"3 minutes\" \/>\n<script type=\"application\/ld+json\" class=\"yoast-schema-graph\">{\"@context\":\"https:\/\/schema.org\",\"@graph\":[{\"@type\":\"WebPage\",\"@id\":\"https:\/\/airportsmokinglounge.com\/smoking-areas-at-tarawa-bonriki-international-airport-trw\/\",\"url\":\"https:\/\/airportsmokinglounge.com\/smoking-areas-at-tarawa-bonriki-international-airport-trw\/\",\"name\":\"Smoking areas at TARAWA - BONRIKI INTERNATIONAL AIRPORT (TRW)\",\"isPartOf\":{\"@id\":\"https:\/\/airportsmokinglounge.com\/#website\"},\"primaryImageOfPage\":{\"@id\":\"https:\/\/airportsmokinglounge.com\/smoking-areas-at-tarawa-bonriki-international-airport-trw\/#primaryimage\"},\"image\":{\"@id\":\"https:\/\/airportsmokinglounge.com\/smoking-areas-at-tarawa-bonriki-international-airport-trw\/#primaryimage\"},\"thumbnailUrl\":\"https:\/\/airportsmokinglounge.com\/wp-content\/uploads\/2023\/03\/airport-smoking-lounge-4.jpg\",\"datePublished\":\"2023-05-23T11:06:30+00:00\",\"dateModified\":\"2023-05-23T11:34:20+00:00\",\"description\":\"Smoking areas at TARAWA - BONRIKI INTERNATIONAL AIRPORT (TRW) - Find a smoking area in the airport \u2714\ufe0e Smoking Guide in Airports\",\"breadcrumb\":{\"@id\":\"https:\/\/airportsmokinglounge.com\/smoking-areas-at-tarawa-bonriki-international-airport-trw\/#breadcrumb\"},\"inLanguage\":\"fr-FR\",\"potentialAction\":[{\"@type\":\"ReadAction\",\"target\":[\"https:\/\/airportsmokinglounge.com\/smoking-areas-at-tarawa-bonriki-international-airport-trw\/\"]}]},{\"@type\":\"ImageObject\",\"inLanguage\":\"fr-FR\",\"@id\":\"https:\/\/airportsmokinglounge.com\/smoking-areas-at-tarawa-bonriki-international-airport-trw\/#primaryimage\",\"url\":\"https:\/\/airportsmokinglounge.com\/wp-content\/uploads\/2023\/03\/airport-smoking-lounge-4.jpg\",\"contentUrl\":\"https:\/\/airportsmokinglounge.com\/wp-content\/uploads\/2023\/03\/airport-smoking-lounge-4.jpg\",\"width\":2048,\"height\":1152,\"caption\":\"Airport Smoking\"},{\"@type\":\"BreadcrumbList\",\"@id\":\"https:\/\/airportsmokinglounge.com\/smoking-areas-at-tarawa-bonriki-international-airport-trw\/#breadcrumb\",\"itemListElement\":[{\"@type\":\"ListItem\",\"position\":1,\"name\":\"Home\",\"item\":\"https:\/\/airportsmokinglounge.com\/\"},{\"@type\":\"ListItem\",\"position\":2,\"name\":\"Smoking areas at TARAWA &#8211; BONRIKI INTERNATIONAL AIRPORT (TRW)\"}]},{\"@type\":\"WebSite\",\"@id\":\"https:\/\/airportsmokinglounge.com\/#website\",\"url\":\"https:\/\/airportsmokinglounge.com\/\",\"name\":\"airportsmokinglounge.com\",\"description\":\"\",\"potentialAction\":[{\"@type\":\"SearchAction\",\"target\":{\"@type\":\"EntryPoint\",\"urlTemplate\":\"https:\/\/airportsmokinglounge.com\/?s={search_term_string}\"},\"query-input\":{\"@type\":\"PropertyValueSpecification\",\"valueRequired\":true,\"valueName\":\"search_term_string\"}}],\"inLanguage\":\"fr-FR\"}]}<\/script>\n<!-- \/ Yoast SEO plugin. -->","yoast_head_json":{"title":"Zones fumeurs \u00e0 l&#039;A\u00c9ROPORT INTERNATIONAL DE TARAWA - BONRIKI (TRW)","description":"Zones fumeurs \u00e0 l&#039;A\u00c9ROPORT INTERNATIONAL DE TARAWA - BONRIKI (TRW) - Trouver une zone fumeurs \u00e0 l&#039;a\u00e9roport \u2714\ufe0e Guide fumeurs dans les a\u00e9roports","robots":{"index":"index","follow":"follow","max-snippet":"max-snippet:-1","max-image-preview":"max-image-preview:large","max-video-preview":"max-video-preview:-1"},"canonical":"https:\/\/airportsmokinglounge.com\/fr\/zones-fumeurs-a-laeroport-international-de-tarawa-bonriki-trw\/","og_locale":"fr_FR","og_type":"article","og_title":"Smoking areas at TARAWA - BONRIKI INTERNATIONAL AIRPORT (TRW)","og_description":"Smoking areas at TARAWA - BONRIKI INTERNATIONAL AIRPORT (TRW) - Find a smoking area in the airport \u2714\ufe0e Smoking Guide in Airports","og_url":"https:\/\/airportsmokinglounge.com\/fr\/zones-fumeurs-a-laeroport-international-de-tarawa-bonriki-trw\/","og_site_name":"airportsmokinglounge.com","article_modified_time":"2023-05-23T11:34:20+00:00","og_image":[{"width":2048,"height":1152,"url":"https:\/\/airportsmokinglounge.com\/wp-content\/uploads\/2023\/03\/airport-smoking-lounge-4.jpg","type":"image\/jpeg"}],"twitter_card":"summary_large_image","twitter_misc":{"Dur\u00e9e de lecture estim\u00e9e":"3 minutes"},"schema":{"@context":"https:\/\/schema.org","@graph":[{"@type":"WebPage","@id":"https:\/\/airportsmokinglounge.com\/smoking-areas-at-tarawa-bonriki-international-airport-trw\/","url":"https:\/\/airportsmokinglounge.com\/smoking-areas-at-tarawa-bonriki-international-airport-trw\/","name":"Zones fumeurs \u00e0 l&#039;A\u00c9ROPORT INTERNATIONAL DE TARAWA - BONRIKI (TRW)","isPartOf":{"@id":"https:\/\/airportsmokinglounge.com\/#website"},"primaryImageOfPage":{"@id":"https:\/\/airportsmokinglounge.com\/smoking-areas-at-tarawa-bonriki-international-airport-trw\/#primaryimage"},"image":{"@id":"https:\/\/airportsmokinglounge.com\/smoking-areas-at-tarawa-bonriki-international-airport-trw\/#primaryimage"},"thumbnailUrl":"https:\/\/airportsmokinglounge.com\/wp-content\/uploads\/2023\/03\/airport-smoking-lounge-4.jpg","datePublished":"2023-05-23T11:06:30+00:00","dateModified":"2023-05-23T11:34:20+00:00","description":"Zones fumeurs \u00e0 l&#039;A\u00c9ROPORT INTERNATIONAL DE TARAWA - BONRIKI (TRW) - Trouver une zone fumeurs \u00e0 l&#039;a\u00e9roport \u2714\ufe0e Guide fumeurs dans les a\u00e9roports","breadcrumb":{"@id":"https:\/\/airportsmokinglounge.com\/smoking-areas-at-tarawa-bonriki-international-airport-trw\/#breadcrumb"},"inLanguage":"fr-FR","potentialAction":[{"@type":"ReadAction","target":["https:\/\/airportsmokinglounge.com\/smoking-areas-at-tarawa-bonriki-international-airport-trw\/"]}]},{"@type":"ImageObject","inLanguage":"fr-FR","@id":"https:\/\/airportsmokinglounge.com\/smoking-areas-at-tarawa-bonriki-international-airport-trw\/#primaryimage","url":"https:\/\/airportsmokinglounge.com\/wp-content\/uploads\/2023\/03\/airport-smoking-lounge-4.jpg","contentUrl":"https:\/\/airportsmokinglounge.com\/wp-content\/uploads\/2023\/03\/airport-smoking-lounge-4.jpg","width":2048,"height":1152,"caption":"Airport Smoking"},{"@type":"BreadcrumbList","@id":"https:\/\/airportsmokinglounge.com\/smoking-areas-at-tarawa-bonriki-international-airport-trw\/#breadcrumb","itemListElement":[{"@type":"ListItem","position":1,"name":"Home","item":"https:\/\/airportsmokinglounge.com\/"},{"@type":"ListItem","position":2,"name":"Smoking areas at TARAWA &#8211; BONRIKI INTERNATIONAL AIRPORT (TRW)"}]},{"@type":"WebSite","@id":"https:\/\/airportsmokinglounge.com\/#website","url":"https:\/\/airportsmokinglounge.com\/","name":"airportsmokinglounge.com","description":"","potentialAction":[{"@type":"SearchAction","target":{"@type":"EntryPoint","urlTemplate":"https:\/\/airportsmokinglounge.com\/?s={search_term_string}"},"query-input":{"@type":"PropertyValueSpecification","valueRequired":true,"valueName":"search_term_string"}}],"inLanguage":"fr-FR"}]}},"_links":{"self":[{"href":"https:\/\/airportsmokinglounge.com\/fr\/wp-json\/wp\/v2\/pages\/5915","targetHints":{"allow":["GET"]}}],"collection":[{"href":"https:\/\/airportsmokinglounge.com\/fr\/wp-json\/wp\/v2\/pages"}],"about":[{"href":"https:\/\/airportsmokinglounge.com\/fr\/wp-json\/wp\/v2\/types\/page"}],"author":[{"embeddable":true,"href":"https:\/\/airportsmokinglounge.com\/fr\/wp-json\/wp\/v2\/users\/1"}],"replies":[{"embeddable":true,"href":"https:\/\/airportsmokinglounge.com\/fr\/wp-json\/wp\/v2\/comments?post=5915"}],"version-history":[{"count":1,"href":"https:\/\/airportsmokinglounge.com\/fr\/wp-json\/wp\/v2\/pages\/5915\/revisions"}],"predecessor-version":[{"id":5917,"href":"https:\/\/airportsmokinglounge.com\/fr\/wp-json\/wp\/v2\/pages\/5915\/revisions\/5917"}],"wp:featuredmedia":[{"embeddable":true,"href":"https:\/\/airportsmokinglounge.com\/fr\/wp-json\/wp\/v2\/media\/1199"}],"wp:attachment":[{"href":"https:\/\/airportsmokinglounge.com\/fr\/wp-json\/wp\/v2\/media?parent=5915"}],"curies":[{"name":"wp","href":"https:\/\/api.w.org\/{rel}","templated":true}]}}