{"id":6027,"date":"2023-05-23T18:20:07","date_gmt":"2023-05-23T16:20:07","guid":{"rendered":"https:\/\/airportsmokinglounge.com\/?page_id=6027"},"modified":"2023-05-23T18:24:56","modified_gmt":"2023-05-23T16:24:56","slug":"smoking-areas-in-wales-airports","status":"publish","type":"page","link":"https:\/\/airportsmokinglounge.com\/fr\/zones-fumeurs-dans-les-aeroports-du-pays-de-galles\/","title":{"rendered":"Zones fumeurs dans les a\u00e9roports du Pays de Galles"},"content":{"rendered":"<p>Le Pays de Galles poss\u00e8de plusieurs a\u00e9roports, allant des petits a\u00e9roports r\u00e9gionaux aux plus grands hubs internationaux.<\/p>\n<p>Sur ce site Web, vous pouvez trouver toutes les zones fumeurs dans les a\u00e9roports, y compris les zones fumeurs d\u00e9sign\u00e9es et les installations disponibles. Nous comprenons la frustration de passer par la s\u00e9curit\u00e9 pour constater qu&#039;il n&#039;y a pas de zones fumeurs nulle part et dans certains cas, les cigarettes \u00e9lectroniques peuvent ne pas \u00eatre autoris\u00e9es.<\/p>\n<p>Ce service s&#039;adresse \u00e0 tous les fumeurs qui souhaitent profiter d&#039;une cigarette avant ou apr\u00e8s de longs vols.<\/p>\n<h2>A\u00e9roports de Pays de Galles<\/h2>\n<ul style=\"list-style-type: circle;\">\n<li><a href=\"https:\/\/airportsmokinglounge.com\/fr\/zones-fumeurs-a-laeroport-de-cardiff-cwl\/\">A\u00e9roport de Cardiff (CWL)<\/a><\/li>\n<li><a href=\"https:\/\/airportsmokinglounge.com\/fr\/zones-fumeurs-a-laeroport-danglesey-vly\/\">A\u00e9roport d&#039;Anglesey (VLY)<\/a><\/li>\n<\/ul>\n<h2>Loi sur le tabagisme au Pays de Galles<\/h2>\n<p>Le Pays de Galles, qui fait partie du Royaume-Uni, a mis en \u0153uvre des lois et des r\u00e9glementations sur le tabagisme pour prot\u00e9ger la sant\u00e9 publique et r\u00e9duire la consommation de tabac. Cependant, veuillez noter que les lois antitabac peuvent changer avec le temps, il est donc conseill\u00e9 de se r\u00e9f\u00e9rer \u00e0 la l\u00e9gislation la plus r\u00e9cente ou de consulter les autorit\u00e9s locales pour obtenir les informations les plus r\u00e9centes sur les lois antitabac du Pays de Galles.<\/p>\n<p>Au Pays de Galles, il est g\u00e9n\u00e9ralement interdit de fumer dans les lieux publics ferm\u00e9s, y compris les espaces int\u00e9rieurs des restaurants, bars, caf\u00e9s, centres commerciaux et b\u00e2timents gouvernementaux. Ces zones sont d\u00e9sign\u00e9es comme non-fumeurs et il est interdit de fumer \u00e0 l&#039;int\u00e9rieur.<\/p>\n<p>Le Pays de Galles a \u00e9galement mis en place des restrictions interdisant de fumer dans les espaces publics ext\u00e9rieurs, tels que pr\u00e8s des entr\u00e9es des b\u00e2timents, des arr\u00eats de bus et de certains coins salons ext\u00e9rieurs.<\/p>\n<p><strong><span style=\"font-size: 14pt;\">Plus de zones fumeurs \u00e0 l&#039;a\u00e9roport<\/span><\/strong><\/p>\n<ul style=\"list-style-type: circle;\">\n<li><a href=\"https:\/\/airportsmokinglounge.com\/fr\/fumer-dans-les-aeroports-en-afrique\/\">Afrique<\/a><\/li>\n<li><a href=\"https:\/\/airportsmokinglounge.com\/fr\/fumer-dans-les-aeroports-d-amerique-du-nord\/\">Am\u00e9rique du Nord<\/a><\/li>\n<li><a href=\"https:\/\/airportsmokinglounge.com\/fr\/espaces-fumeurs-dans-les-aeroports-europeens\/\">L&#039;Europe \uf0d7<\/a><\/li>\n<li><a href=\"https:\/\/airportsmokinglounge.com\/fr\/fumer-dans-les-aeroports-d-amerique-du-sud\/\">Am\u00e9rique du Sud<\/a><\/li>\n<li><a href=\"https:\/\/airportsmokinglounge.com\/fr\/fumer-dans-les-aeroports-en-asie\/\">Asie<\/a><\/li>\n<\/ul>","protected":false},"excerpt":{"rendered":"<p>Wales has several airports, ranging from small regional airports to larger international hubs. On this website you can find all smoking areas in airports, including designated smoking areas and available facilities. We understand the frustration of going through security only to find that there are no smoking areas anywhere and in some cases e-cigarettes may&hellip;&nbsp;<a href=\"https:\/\/airportsmokinglounge.com\/fr\/zones-fumeurs-dans-les-aeroports-du-pays-de-galles\/\" rel=\"bookmark\">En savoir plus &quot;<span class=\"screen-reader-text\">Zones fumeurs dans les a\u00e9roports du Pays de Galles<\/span><\/a><\/p>","protected":false},"author":1,"featured_media":1199,"parent":0,"menu_order":0,"comment_status":"closed","ping_status":"closed","template":"","meta":{"neve_meta_sidebar":"","neve_meta_container":"","neve_meta_enable_content_width":"off","neve_meta_content_width":100,"neve_meta_title_alignment":"","neve_meta_author_avatar":"","neve_post_elements_order":"","neve_meta_disable_header":"","neve_meta_disable_footer":"","neve_meta_disable_title":"","neve_meta_reading_time":"","footnotes":""},"class_list":["post-6027","page","type-page","status-publish","has-post-thumbnail","hentry"],"yoast_head":"<!-- This site is optimized with the Yoast SEO plugin v26.6 - https:\/\/yoast.com\/wordpress\/plugins\/seo\/ -->\n<title>Smoking areas at Wales airports - airportsmokinglounge.com<\/title>\n<meta name=\"description\" content=\"Smoking Areas in Wales Airports - Your Ultimate Guide to Finding a Place to Smoke \u2714\ufe0e Find Your Next Smoke Break Spot \u2714\ufe0e\" \/>\n<meta name=\"robots\" content=\"index, follow, max-snippet:-1, max-image-preview:large, max-video-preview:-1\" \/>\n<link rel=\"canonical\" href=\"https:\/\/airportsmokinglounge.com\/fr\/zones-fumeurs-dans-les-aeroports-du-pays-de-galles\/\" \/>\n<meta property=\"og:locale\" content=\"fr_FR\" \/>\n<meta property=\"og:type\" content=\"article\" \/>\n<meta property=\"og:title\" content=\"Smoking areas at Wales airports - airportsmokinglounge.com\" \/>\n<meta property=\"og:description\" content=\"Smoking Areas in Wales Airports - Your Ultimate Guide to Finding a Place to Smoke \u2714\ufe0e Find Your Next Smoke Break Spot \u2714\ufe0e\" \/>\n<meta property=\"og:url\" content=\"https:\/\/airportsmokinglounge.com\/fr\/zones-fumeurs-dans-les-aeroports-du-pays-de-galles\/\" \/>\n<meta property=\"og:site_name\" content=\"airportsmokinglounge.com\" \/>\n<meta property=\"article:modified_time\" content=\"2023-05-23T16:24:56+00:00\" \/>\n<meta property=\"og:image\" content=\"https:\/\/airportsmokinglounge.com\/wp-content\/uploads\/2023\/03\/airport-smoking-lounge-4.jpg\" \/>\n\t<meta property=\"og:image:width\" content=\"2048\" \/>\n\t<meta property=\"og:image:height\" content=\"1152\" \/>\n\t<meta property=\"og:image:type\" content=\"image\/jpeg\" \/>\n<meta name=\"twitter:card\" content=\"summary_large_image\" \/>\n<meta name=\"twitter:label1\" content=\"Dur\u00e9e de lecture estim\u00e9e\" \/>\n\t<meta name=\"twitter:data1\" content=\"1 minute\" \/>\n<script type=\"application\/ld+json\" class=\"yoast-schema-graph\">{\"@context\":\"https:\/\/schema.org\",\"@graph\":[{\"@type\":\"WebPage\",\"@id\":\"https:\/\/airportsmokinglounge.com\/smoking-areas-in-wales-airports\/\",\"url\":\"https:\/\/airportsmokinglounge.com\/smoking-areas-in-wales-airports\/\",\"name\":\"Smoking areas at Wales airports - airportsmokinglounge.com\",\"isPartOf\":{\"@id\":\"https:\/\/airportsmokinglounge.com\/#website\"},\"primaryImageOfPage\":{\"@id\":\"https:\/\/airportsmokinglounge.com\/smoking-areas-in-wales-airports\/#primaryimage\"},\"image\":{\"@id\":\"https:\/\/airportsmokinglounge.com\/smoking-areas-in-wales-airports\/#primaryimage\"},\"thumbnailUrl\":\"https:\/\/airportsmokinglounge.com\/wp-content\/uploads\/2023\/03\/airport-smoking-lounge-4.jpg\",\"datePublished\":\"2023-05-23T16:20:07+00:00\",\"dateModified\":\"2023-05-23T16:24:56+00:00\",\"description\":\"Smoking Areas in Wales Airports - Your Ultimate Guide to Finding a Place to Smoke \u2714\ufe0e Find Your Next Smoke Break Spot \u2714\ufe0e\",\"breadcrumb\":{\"@id\":\"https:\/\/airportsmokinglounge.com\/smoking-areas-in-wales-airports\/#breadcrumb\"},\"inLanguage\":\"fr-FR\",\"potentialAction\":[{\"@type\":\"ReadAction\",\"target\":[\"https:\/\/airportsmokinglounge.com\/smoking-areas-in-wales-airports\/\"]}]},{\"@type\":\"ImageObject\",\"inLanguage\":\"fr-FR\",\"@id\":\"https:\/\/airportsmokinglounge.com\/smoking-areas-in-wales-airports\/#primaryimage\",\"url\":\"https:\/\/airportsmokinglounge.com\/wp-content\/uploads\/2023\/03\/airport-smoking-lounge-4.jpg\",\"contentUrl\":\"https:\/\/airportsmokinglounge.com\/wp-content\/uploads\/2023\/03\/airport-smoking-lounge-4.jpg\",\"width\":2048,\"height\":1152,\"caption\":\"Airport Smoking\"},{\"@type\":\"BreadcrumbList\",\"@id\":\"https:\/\/airportsmokinglounge.com\/smoking-areas-in-wales-airports\/#breadcrumb\",\"itemListElement\":[{\"@type\":\"ListItem\",\"position\":1,\"name\":\"Home\",\"item\":\"https:\/\/airportsmokinglounge.com\/\"},{\"@type\":\"ListItem\",\"position\":2,\"name\":\"Smoking areas at Wales airports\"}]},{\"@type\":\"WebSite\",\"@id\":\"https:\/\/airportsmokinglounge.com\/#website\",\"url\":\"https:\/\/airportsmokinglounge.com\/\",\"name\":\"airportsmokinglounge.com\",\"description\":\"\",\"potentialAction\":[{\"@type\":\"SearchAction\",\"target\":{\"@type\":\"EntryPoint\",\"urlTemplate\":\"https:\/\/airportsmokinglounge.com\/?s={search_term_string}\"},\"query-input\":{\"@type\":\"PropertyValueSpecification\",\"valueRequired\":true,\"valueName\":\"search_term_string\"}}],\"inLanguage\":\"fr-FR\"}]}<\/script>\n<!-- \/ Yoast SEO plugin. -->","yoast_head_json":{"title":"Zones fumeurs dans les a\u00e9roports du Pays de Galles - Airportsmokinglounge.com","description":"Zones fumeurs dans les a\u00e9roports du Pays de Galles \u2013 Votre guide ultime pour trouver un endroit pour fumer \u2714\ufe0e Trouvez votre prochain endroit pour fumer \u2714\ufe0e","robots":{"index":"index","follow":"follow","max-snippet":"max-snippet:-1","max-image-preview":"max-image-preview:large","max-video-preview":"max-video-preview:-1"},"canonical":"https:\/\/airportsmokinglounge.com\/fr\/zones-fumeurs-dans-les-aeroports-du-pays-de-galles\/","og_locale":"fr_FR","og_type":"article","og_title":"Smoking areas at Wales airports - airportsmokinglounge.com","og_description":"Smoking Areas in Wales Airports - Your Ultimate Guide to Finding a Place to Smoke \u2714\ufe0e Find Your Next Smoke Break Spot \u2714\ufe0e","og_url":"https:\/\/airportsmokinglounge.com\/fr\/zones-fumeurs-dans-les-aeroports-du-pays-de-galles\/","og_site_name":"airportsmokinglounge.com","article_modified_time":"2023-05-23T16:24:56+00:00","og_image":[{"width":2048,"height":1152,"url":"https:\/\/airportsmokinglounge.com\/wp-content\/uploads\/2023\/03\/airport-smoking-lounge-4.jpg","type":"image\/jpeg"}],"twitter_card":"summary_large_image","twitter_misc":{"Dur\u00e9e de lecture estim\u00e9e":"1 minute"},"schema":{"@context":"https:\/\/schema.org","@graph":[{"@type":"WebPage","@id":"https:\/\/airportsmokinglounge.com\/smoking-areas-in-wales-airports\/","url":"https:\/\/airportsmokinglounge.com\/smoking-areas-in-wales-airports\/","name":"Zones fumeurs dans les a\u00e9roports du Pays de Galles - Airportsmokinglounge.com","isPartOf":{"@id":"https:\/\/airportsmokinglounge.com\/#website"},"primaryImageOfPage":{"@id":"https:\/\/airportsmokinglounge.com\/smoking-areas-in-wales-airports\/#primaryimage"},"image":{"@id":"https:\/\/airportsmokinglounge.com\/smoking-areas-in-wales-airports\/#primaryimage"},"thumbnailUrl":"https:\/\/airportsmokinglounge.com\/wp-content\/uploads\/2023\/03\/airport-smoking-lounge-4.jpg","datePublished":"2023-05-23T16:20:07+00:00","dateModified":"2023-05-23T16:24:56+00:00","description":"Zones fumeurs dans les a\u00e9roports du Pays de Galles \u2013 Votre guide ultime pour trouver un endroit pour fumer \u2714\ufe0e Trouvez votre prochain endroit pour fumer \u2714\ufe0e","breadcrumb":{"@id":"https:\/\/airportsmokinglounge.com\/smoking-areas-in-wales-airports\/#breadcrumb"},"inLanguage":"fr-FR","potentialAction":[{"@type":"ReadAction","target":["https:\/\/airportsmokinglounge.com\/smoking-areas-in-wales-airports\/"]}]},{"@type":"ImageObject","inLanguage":"fr-FR","@id":"https:\/\/airportsmokinglounge.com\/smoking-areas-in-wales-airports\/#primaryimage","url":"https:\/\/airportsmokinglounge.com\/wp-content\/uploads\/2023\/03\/airport-smoking-lounge-4.jpg","contentUrl":"https:\/\/airportsmokinglounge.com\/wp-content\/uploads\/2023\/03\/airport-smoking-lounge-4.jpg","width":2048,"height":1152,"caption":"Airport Smoking"},{"@type":"BreadcrumbList","@id":"https:\/\/airportsmokinglounge.com\/smoking-areas-in-wales-airports\/#breadcrumb","itemListElement":[{"@type":"ListItem","position":1,"name":"Home","item":"https:\/\/airportsmokinglounge.com\/"},{"@type":"ListItem","position":2,"name":"Smoking areas at Wales airports"}]},{"@type":"WebSite","@id":"https:\/\/airportsmokinglounge.com\/#website","url":"https:\/\/airportsmokinglounge.com\/","name":"airportsmokinglounge.com","description":"","potentialAction":[{"@type":"SearchAction","target":{"@type":"EntryPoint","urlTemplate":"https:\/\/airportsmokinglounge.com\/?s={search_term_string}"},"query-input":{"@type":"PropertyValueSpecification","valueRequired":true,"valueName":"search_term_string"}}],"inLanguage":"fr-FR"}]}},"_links":{"self":[{"href":"https:\/\/airportsmokinglounge.com\/fr\/wp-json\/wp\/v2\/pages\/6027","targetHints":{"allow":["GET"]}}],"collection":[{"href":"https:\/\/airportsmokinglounge.com\/fr\/wp-json\/wp\/v2\/pages"}],"about":[{"href":"https:\/\/airportsmokinglounge.com\/fr\/wp-json\/wp\/v2\/types\/page"}],"author":[{"embeddable":true,"href":"https:\/\/airportsmokinglounge.com\/fr\/wp-json\/wp\/v2\/users\/1"}],"replies":[{"embeddable":true,"href":"https:\/\/airportsmokinglounge.com\/fr\/wp-json\/wp\/v2\/comments?post=6027"}],"version-history":[{"count":4,"href":"https:\/\/airportsmokinglounge.com\/fr\/wp-json\/wp\/v2\/pages\/6027\/revisions"}],"predecessor-version":[{"id":6035,"href":"https:\/\/airportsmokinglounge.com\/fr\/wp-json\/wp\/v2\/pages\/6027\/revisions\/6035"}],"wp:featuredmedia":[{"embeddable":true,"href":"https:\/\/airportsmokinglounge.com\/fr\/wp-json\/wp\/v2\/media\/1199"}],"wp:attachment":[{"href":"https:\/\/airportsmokinglounge.com\/fr\/wp-json\/wp\/v2\/media?parent=6027"}],"curies":[{"name":"wp","href":"https:\/\/api.w.org\/{rel}","templated":true}]}}