{"id":6235,"date":"2023-05-26T19:54:17","date_gmt":"2023-05-26T17:54:17","guid":{"rendered":"https:\/\/airportsmokinglounge.com\/?page_id=6235"},"modified":"2023-05-26T19:54:17","modified_gmt":"2023-05-26T17:54:17","slug":"smoking-areas-at-verona-airport-vrn","status":"publish","type":"page","link":"https:\/\/airportsmokinglounge.com\/fr\/zones-fumeurs-a-laeroport-de-verone-vrn\/","title":{"rendered":"Zones fumeurs \u00e0 l&#039;a\u00e9roport de V\u00e9rone (VRN)"},"content":{"rendered":"<p>L&#039;a\u00e9roport de V\u00e9rone, \u00e9galement connu sous le nom d&#039;a\u00e9roport de V\u00e9rone Villafranca ou d&#039;a\u00e9roport Valerio Catullo, est un a\u00e9roport international desservant la ville de V\u00e9rone dans la r\u00e9gion de V\u00e9n\u00e9tie en Italie.<\/p>\n<p>L&#039;a\u00e9roport g\u00e8re des vols nationaux et internationaux, reliant V\u00e9rone \u00e0 diverses destinations en Italie et dans d&#039;autres pays europ\u00e9ens. Il sert de plaque tournante \u00e0 la fois aux compagnies a\u00e9riennes r\u00e9guli\u00e8res et aux compagnies \u00e0 bas prix, offrant une gamme d&#039;options de vol aux voyageurs.<\/p>\n<h2>Zones fumeurs avant le contr\u00f4le de s\u00e9curit\u00e9<\/h2>\n<ul>\n<li>Fumer n&#039;est autoris\u00e9 qu&#039;\u00e0 l&#039;ext\u00e9rieur du terminal dans les zones d\u00e9sign\u00e9es<\/li>\n<\/ul>\n<h2>Zones fumeurs apr\u00e8s le contr\u00f4le de s\u00e9curit\u00e9<\/h2>\n<ul>\n<li>Fumer n&#039;est autoris\u00e9 que dans les zones d\u00e9sign\u00e9es<\/li>\n<\/ul>\n<p><span style=\"font-size: 12pt;\">Plus d&#039;informations sur le site officiel<\/span><\/p>\n<ul>\n<li><a href=\"https:\/\/www.aeroportoverona.it\/\" target=\"_blank\" rel=\"noopener\"><span style=\"font-size: 12pt;\">aeroportoverona.it<\/span><\/a><\/li>\n<\/ul>\n<p><span style=\"font-size: 12pt;\"><strong>Envoyez-nous vos commentaires<\/strong><\/span><\/p>\n<p><span style=\"font-size: 12pt;\">Si vous \u00eates \u00e0 l&#039;a\u00e9roport, vous \u00eates plus que bienvenu pour nous envoyer des photos des zones fumeurs. Cela nous aidera \u00e0 remplir notre base de donn\u00e9es plus rapidement. Tu peux le faire <strong><a href=\"https:\/\/airportsmokinglounge.com\/fr\/contact\/\">Ici<\/a>.<\/strong> Les images sont publi\u00e9es sur notre site Web, en indiquant la source de l&#039;image (nom). N&#039;h\u00e9sitez pas \u00e0 partager ces photos avec nous et tous les visiteurs de airportsmokinglounge.com.<\/span><\/p>\n<h2>Fumer dans les a\u00e9roports italiens<\/h2>\n<p>Il est strictement interdit de fumer dans les espaces publics ferm\u00e9s, y compris dans toutes les zones des terminaux de l&#039;a\u00e9roport, telles que les zones d&#039;attente, les halls d&#039;enregistrement, les portes d&#039;embarquement et les toilettes. Cette interdiction s&#039;applique \u00e0 la fois au tabac et aux cigarettes \u00e9lectroniques.<\/p>\n<p>Pour accueillir les fumeurs, certains a\u00e9roports peuvent fournir des zones fumeurs d\u00e9sign\u00e9es situ\u00e9es \u00e0 l&#039;ext\u00e9rieur des a\u00e9rogares. Ces zones sont g\u00e9n\u00e9ralement bien d\u00e9limit\u00e9es et \u00e9quip\u00e9es de cendriers ou de fumoirs d\u00e9sign\u00e9s. Il est important de noter que ces zones fumeurs sont limit\u00e9es et qu&#039;il est interdit de fumer ailleurs dans les locaux de l&#039;a\u00e9roport.<\/p>\n<p>Les a\u00e9roports italiens disposent d&#039;un personnel d\u00e9di\u00e9 et de personnel de s\u00e9curit\u00e9 qui appliquent les r\u00e9glementations anti-tabac. Fumer dans des zones non d\u00e9sign\u00e9es ou enfreindre l&#039;interdiction de fumer peut entra\u00eener des amendes ou des p\u00e9nalit\u00e9s.<\/p>\n<h3>Questions fr\u00e9quemment pos\u00e9es<\/h3>\n<h4>Les zones fumeurs de l&#039;a\u00e9roport sont-elles disponibles 24h\/24 et 7j\/7 ?<\/h4>\n<p>La disponibilit\u00e9 des zones fumeurs de l&#039;a\u00e9roport peut varier en fonction de l&#039;a\u00e9roport et de l&#039;emplacement. Certaines zones fumeurs sont ouvertes 24 heures sur 24, tandis que d&#039;autres peuvent avoir des horaires restreints ou \u00eatre ferm\u00e9es \u00e0 certaines heures. Il est pr\u00e9f\u00e9rable de v\u00e9rifier aupr\u00e8s de l&#039;a\u00e9roport ou de visiter leur site Web pour obtenir des informations sp\u00e9cifiques sur les heures d&#039;ouverture de la zone fumeurs.<\/p>\n<h4>Est-il permis d&#039;apporter ma propre nourriture et mes boissons dans la zone fumeurs ?<\/h4>\n<p>Cela peut d\u00e9pendre de la zone fumeurs et de l&#039;a\u00e9roport. Certaines zones fumeurs peuvent autoriser la nourriture et les boissons \u00e0 l&#039;ext\u00e9rieur, tandis que d&#039;autres peuvent avoir des restrictions ou les interdire compl\u00e8tement. Il est pr\u00e9f\u00e9rable de v\u00e9rifier aupr\u00e8s de l&#039;a\u00e9roport ou de la signalisation de la zone fumeurs les r\u00e8gles et r\u00e9glementations sp\u00e9cifiques.<\/p>\n<h4>Fumer est-il autoris\u00e9 dans toutes les zones fumeurs de l&#039;a\u00e9roport\u00a0?<\/h4>\n<p>Toutes les zones fumeurs de l&#039;a\u00e9roport ne permettent pas de fumer. Certains a\u00e9roports peuvent avoir des zones d\u00e9sign\u00e9es pour les cigarettes \u00e9lectroniques ou le vapotage, qui sont distinctes des zones fumeurs traditionnelles. Assurez-vous de v\u00e9rifier les r\u00e8gles et r\u00e9glementations sp\u00e9cifiques \u00e0 la zone fumeurs que vous pr\u00e9voyez d&#039;utiliser.<\/p>\n<h4>Les espaces fumeurs sont-ils climatis\u00e9s ou chauff\u00e9s ?<\/h4>\n<p>La temp\u00e9rature et la ventilation des zones fumeurs des a\u00e9roports peuvent varier consid\u00e9rablement. Certains peuvent \u00eatre climatis\u00e9s ou chauff\u00e9s, tandis que d&#039;autres peuvent \u00eatre des espaces en plein air avec une protection limit\u00e9e contre les \u00e9l\u00e9ments. Assurez-vous de v\u00e9rifier aupr\u00e8s de l&#039;a\u00e9roport ou de visiter la zone fumeurs \u00e0 l&#039;avance pour d\u00e9terminer les conditions et vous pr\u00e9parer en cons\u00e9quence.<\/p>\n<h4>Les zones fumeurs sont-elles accessibles aux voyageurs handicap\u00e9s\u00a0?<\/h4>\n<p>De nombreux a\u00e9roports ont fait des efforts pour rendre leurs espaces fumeurs accessibles aux voyageurs handicap\u00e9s. Cependant, l&#039;accessibilit\u00e9 des zones fumeurs sp\u00e9cifiques peut varier consid\u00e9rablement. Assurez-vous de v\u00e9rifier aupr\u00e8s de l&#039;a\u00e9roport ou de visiter la zone fumeurs \u00e0 l&#039;avance pour d\u00e9terminer si elle est accessible et r\u00e9pond \u00e0 vos besoins.<\/p>","protected":false},"excerpt":{"rendered":"<p>Verona Airport, also known as Verona Villafranca Airport or Valerio Catullo Airport, is an international airport serving the city of Verona in the Veneto region of Italy. The Airport operates both domestic and international flights, connecting Verona to various destinations in Italy and other European countries. It serves as a hub for both scheduled airlines&hellip;&nbsp;<a href=\"https:\/\/airportsmokinglounge.com\/fr\/zones-fumeurs-a-laeroport-de-verone-vrn\/\" rel=\"bookmark\">En savoir plus &quot;<span class=\"screen-reader-text\">Zones fumeurs \u00e0 l&#039;a\u00e9roport de V\u00e9rone (VRN)<\/span><\/a><\/p>","protected":false},"author":1,"featured_media":1202,"parent":0,"menu_order":0,"comment_status":"closed","ping_status":"closed","template":"","meta":{"neve_meta_sidebar":"","neve_meta_container":"","neve_meta_enable_content_width":"off","neve_meta_content_width":100,"neve_meta_title_alignment":"","neve_meta_author_avatar":"","neve_post_elements_order":"","neve_meta_disable_header":"","neve_meta_disable_footer":"","neve_meta_disable_title":"","neve_meta_reading_time":"","footnotes":""},"class_list":["post-6235","page","type-page","status-publish","has-post-thumbnail","hentry"],"yoast_head":"<!-- This site is optimized with the Yoast SEO plugin v26.6 - https:\/\/yoast.com\/wordpress\/plugins\/seo\/ -->\n<title>Smoking areas at Verona Airport (VRN)<\/title>\n<meta name=\"description\" content=\"Smoking areas Verona Airport - Find a smoking area in the airport \u2714\ufe0e Smoking Guide in Airports: Information for Travelers \u2714\ufe0e\" \/>\n<meta name=\"robots\" content=\"index, follow, max-snippet:-1, max-image-preview:large, max-video-preview:-1\" \/>\n<link rel=\"canonical\" href=\"https:\/\/airportsmokinglounge.com\/fr\/zones-fumeurs-a-laeroport-de-verone-vrn\/\" \/>\n<meta property=\"og:locale\" content=\"fr_FR\" \/>\n<meta property=\"og:type\" content=\"article\" \/>\n<meta property=\"og:title\" content=\"Smoking areas at Verona Airport (VRN)\" \/>\n<meta property=\"og:description\" content=\"Smoking areas Verona Airport - Find a smoking area in the airport \u2714\ufe0e Smoking Guide in Airports: Information for Travelers \u2714\ufe0e\" \/>\n<meta property=\"og:url\" content=\"https:\/\/airportsmokinglounge.com\/fr\/zones-fumeurs-a-laeroport-de-verone-vrn\/\" \/>\n<meta property=\"og:site_name\" content=\"airportsmokinglounge.com\" \/>\n<meta property=\"og:image\" content=\"https:\/\/airportsmokinglounge.com\/wp-content\/uploads\/2023\/03\/airport-smoking-lounge-7.jpg\" \/>\n\t<meta property=\"og:image:width\" content=\"2048\" \/>\n\t<meta property=\"og:image:height\" content=\"1152\" \/>\n\t<meta property=\"og:image:type\" content=\"image\/jpeg\" \/>\n<meta name=\"twitter:card\" content=\"summary_large_image\" \/>\n<meta name=\"twitter:label1\" content=\"Dur\u00e9e de lecture estim\u00e9e\" \/>\n\t<meta name=\"twitter:data1\" content=\"3 minutes\" \/>\n<script type=\"application\/ld+json\" class=\"yoast-schema-graph\">{\"@context\":\"https:\/\/schema.org\",\"@graph\":[{\"@type\":\"WebPage\",\"@id\":\"https:\/\/airportsmokinglounge.com\/smoking-areas-at-verona-airport-vrn\/\",\"url\":\"https:\/\/airportsmokinglounge.com\/smoking-areas-at-verona-airport-vrn\/\",\"name\":\"Smoking areas at Verona Airport (VRN)\",\"isPartOf\":{\"@id\":\"https:\/\/airportsmokinglounge.com\/#website\"},\"primaryImageOfPage\":{\"@id\":\"https:\/\/airportsmokinglounge.com\/smoking-areas-at-verona-airport-vrn\/#primaryimage\"},\"image\":{\"@id\":\"https:\/\/airportsmokinglounge.com\/smoking-areas-at-verona-airport-vrn\/#primaryimage\"},\"thumbnailUrl\":\"https:\/\/airportsmokinglounge.com\/wp-content\/uploads\/2023\/03\/airport-smoking-lounge-7.jpg\",\"datePublished\":\"2023-05-26T17:54:17+00:00\",\"description\":\"Smoking areas Verona Airport - Find a smoking area in the airport \u2714\ufe0e Smoking Guide in Airports: Information for Travelers \u2714\ufe0e\",\"breadcrumb\":{\"@id\":\"https:\/\/airportsmokinglounge.com\/smoking-areas-at-verona-airport-vrn\/#breadcrumb\"},\"inLanguage\":\"fr-FR\",\"potentialAction\":[{\"@type\":\"ReadAction\",\"target\":[\"https:\/\/airportsmokinglounge.com\/smoking-areas-at-verona-airport-vrn\/\"]}]},{\"@type\":\"ImageObject\",\"inLanguage\":\"fr-FR\",\"@id\":\"https:\/\/airportsmokinglounge.com\/smoking-areas-at-verona-airport-vrn\/#primaryimage\",\"url\":\"https:\/\/airportsmokinglounge.com\/wp-content\/uploads\/2023\/03\/airport-smoking-lounge-7.jpg\",\"contentUrl\":\"https:\/\/airportsmokinglounge.com\/wp-content\/uploads\/2023\/03\/airport-smoking-lounge-7.jpg\",\"width\":2048,\"height\":1152,\"caption\":\"Airport Smoking areas\"},{\"@type\":\"BreadcrumbList\",\"@id\":\"https:\/\/airportsmokinglounge.com\/smoking-areas-at-verona-airport-vrn\/#breadcrumb\",\"itemListElement\":[{\"@type\":\"ListItem\",\"position\":1,\"name\":\"Home\",\"item\":\"https:\/\/airportsmokinglounge.com\/\"},{\"@type\":\"ListItem\",\"position\":2,\"name\":\"Smoking areas at Verona Airport (VRN)\"}]},{\"@type\":\"WebSite\",\"@id\":\"https:\/\/airportsmokinglounge.com\/#website\",\"url\":\"https:\/\/airportsmokinglounge.com\/\",\"name\":\"airportsmokinglounge.com\",\"description\":\"\",\"potentialAction\":[{\"@type\":\"SearchAction\",\"target\":{\"@type\":\"EntryPoint\",\"urlTemplate\":\"https:\/\/airportsmokinglounge.com\/?s={search_term_string}\"},\"query-input\":{\"@type\":\"PropertyValueSpecification\",\"valueRequired\":true,\"valueName\":\"search_term_string\"}}],\"inLanguage\":\"fr-FR\"}]}<\/script>\n<!-- \/ Yoast SEO plugin. -->","yoast_head_json":{"title":"Zones fumeurs \u00e0 l&#039;a\u00e9roport de V\u00e9rone (VRN)","description":"Zones fumeurs A\u00e9roport de V\u00e9rone - Trouver une zone fumeurs \u00e0 l&#039;a\u00e9roport \u2714\ufe0e Guide fumer dans les a\u00e9roports : informations pour les voyageurs \u2714\ufe0e","robots":{"index":"index","follow":"follow","max-snippet":"max-snippet:-1","max-image-preview":"max-image-preview:large","max-video-preview":"max-video-preview:-1"},"canonical":"https:\/\/airportsmokinglounge.com\/fr\/zones-fumeurs-a-laeroport-de-verone-vrn\/","og_locale":"fr_FR","og_type":"article","og_title":"Smoking areas at Verona Airport (VRN)","og_description":"Smoking areas Verona Airport - Find a smoking area in the airport \u2714\ufe0e Smoking Guide in Airports: Information for Travelers \u2714\ufe0e","og_url":"https:\/\/airportsmokinglounge.com\/fr\/zones-fumeurs-a-laeroport-de-verone-vrn\/","og_site_name":"airportsmokinglounge.com","og_image":[{"width":2048,"height":1152,"url":"https:\/\/airportsmokinglounge.com\/wp-content\/uploads\/2023\/03\/airport-smoking-lounge-7.jpg","type":"image\/jpeg"}],"twitter_card":"summary_large_image","twitter_misc":{"Dur\u00e9e de lecture estim\u00e9e":"3 minutes"},"schema":{"@context":"https:\/\/schema.org","@graph":[{"@type":"WebPage","@id":"https:\/\/airportsmokinglounge.com\/smoking-areas-at-verona-airport-vrn\/","url":"https:\/\/airportsmokinglounge.com\/smoking-areas-at-verona-airport-vrn\/","name":"Zones fumeurs \u00e0 l&#039;a\u00e9roport de V\u00e9rone (VRN)","isPartOf":{"@id":"https:\/\/airportsmokinglounge.com\/#website"},"primaryImageOfPage":{"@id":"https:\/\/airportsmokinglounge.com\/smoking-areas-at-verona-airport-vrn\/#primaryimage"},"image":{"@id":"https:\/\/airportsmokinglounge.com\/smoking-areas-at-verona-airport-vrn\/#primaryimage"},"thumbnailUrl":"https:\/\/airportsmokinglounge.com\/wp-content\/uploads\/2023\/03\/airport-smoking-lounge-7.jpg","datePublished":"2023-05-26T17:54:17+00:00","description":"Zones fumeurs A\u00e9roport de V\u00e9rone - Trouver une zone fumeurs \u00e0 l&#039;a\u00e9roport \u2714\ufe0e Guide fumer dans les a\u00e9roports : informations pour les voyageurs \u2714\ufe0e","breadcrumb":{"@id":"https:\/\/airportsmokinglounge.com\/smoking-areas-at-verona-airport-vrn\/#breadcrumb"},"inLanguage":"fr-FR","potentialAction":[{"@type":"ReadAction","target":["https:\/\/airportsmokinglounge.com\/smoking-areas-at-verona-airport-vrn\/"]}]},{"@type":"ImageObject","inLanguage":"fr-FR","@id":"https:\/\/airportsmokinglounge.com\/smoking-areas-at-verona-airport-vrn\/#primaryimage","url":"https:\/\/airportsmokinglounge.com\/wp-content\/uploads\/2023\/03\/airport-smoking-lounge-7.jpg","contentUrl":"https:\/\/airportsmokinglounge.com\/wp-content\/uploads\/2023\/03\/airport-smoking-lounge-7.jpg","width":2048,"height":1152,"caption":"Airport Smoking areas"},{"@type":"BreadcrumbList","@id":"https:\/\/airportsmokinglounge.com\/smoking-areas-at-verona-airport-vrn\/#breadcrumb","itemListElement":[{"@type":"ListItem","position":1,"name":"Home","item":"https:\/\/airportsmokinglounge.com\/"},{"@type":"ListItem","position":2,"name":"Smoking areas at Verona Airport (VRN)"}]},{"@type":"WebSite","@id":"https:\/\/airportsmokinglounge.com\/#website","url":"https:\/\/airportsmokinglounge.com\/","name":"airportsmokinglounge.com","description":"","potentialAction":[{"@type":"SearchAction","target":{"@type":"EntryPoint","urlTemplate":"https:\/\/airportsmokinglounge.com\/?s={search_term_string}"},"query-input":{"@type":"PropertyValueSpecification","valueRequired":true,"valueName":"search_term_string"}}],"inLanguage":"fr-FR"}]}},"_links":{"self":[{"href":"https:\/\/airportsmokinglounge.com\/fr\/wp-json\/wp\/v2\/pages\/6235","targetHints":{"allow":["GET"]}}],"collection":[{"href":"https:\/\/airportsmokinglounge.com\/fr\/wp-json\/wp\/v2\/pages"}],"about":[{"href":"https:\/\/airportsmokinglounge.com\/fr\/wp-json\/wp\/v2\/types\/page"}],"author":[{"embeddable":true,"href":"https:\/\/airportsmokinglounge.com\/fr\/wp-json\/wp\/v2\/users\/1"}],"replies":[{"embeddable":true,"href":"https:\/\/airportsmokinglounge.com\/fr\/wp-json\/wp\/v2\/comments?post=6235"}],"version-history":[{"count":1,"href":"https:\/\/airportsmokinglounge.com\/fr\/wp-json\/wp\/v2\/pages\/6235\/revisions"}],"predecessor-version":[{"id":6237,"href":"https:\/\/airportsmokinglounge.com\/fr\/wp-json\/wp\/v2\/pages\/6235\/revisions\/6237"}],"wp:featuredmedia":[{"embeddable":true,"href":"https:\/\/airportsmokinglounge.com\/fr\/wp-json\/wp\/v2\/media\/1202"}],"wp:attachment":[{"href":"https:\/\/airportsmokinglounge.com\/fr\/wp-json\/wp\/v2\/media?parent=6235"}],"curies":[{"name":"wp","href":"https:\/\/api.w.org\/{rel}","templated":true}]}}