{"id":6409,"date":"2023-06-18T16:59:52","date_gmt":"2023-06-18T14:59:52","guid":{"rendered":"https:\/\/airportsmokinglounge.com\/?page_id=6409"},"modified":"2023-06-18T16:59:52","modified_gmt":"2023-06-18T14:59:52","slug":"about-us","status":"publish","type":"page","link":"https:\/\/airportsmokinglounge.com\/fr\/a-propos-de-nous\/","title":{"rendered":"\u00c0 propos de nous"},"content":{"rendered":"<p>Bienvenue sur Airportsmokinglounge.com, votre source compl\u00e8te d&#039;informations sur les zones fumeurs dans les a\u00e9roports du monde entier.<\/p>\n<p>Notre mission est de rendre les voyages plus agr\u00e9ables pour les fumeurs en fournissant des informations d\u00e9taill\u00e9es sur les zones fumeurs d\u00e9sign\u00e9es et les installations disponibles dans les a\u00e9roports du monde entier. Nous comprenons la frustration de passer le contr\u00f4le de s\u00e9curit\u00e9 et de constater qu&#039;il n&#039;y a pas de zones fumeurs ou, dans certains cas, que les cigarettes \u00e9lectroniques ne sont pas autoris\u00e9es.<\/p>\n<p>Que vous soyez en transit, en attente d&#039;un vol de correspondance ou que vous veniez d&#039;arriver \u00e0 destination, notre objectif est de vous aider \u00e0 trouver un endroit o\u00f9 vous pourrez vous d\u00e9tendre et fumer sans craindre d&#039;enfreindre les r\u00e8gles.<\/p>\n<p>Nous mettons continuellement \u00e0 jour notre base de donn\u00e9es pour garantir que vous disposez des informations les plus r\u00e9centes et les plus pr\u00e9cises \u00e0 port\u00e9e de main. Des plus grands a\u00e9roports internationaux aux plus petits a\u00e9roports nationaux, nous nous effor\u00e7ons de tous les couvrir.<\/p>\n<p>Notre \u00e9quipe se consacre \u00e0 rendre votre exp\u00e9rience de voyage aussi fluide que possible. Si vous avez des questions, des suggestions ou si vous souhaitez apporter des informations sur une zone fumeurs dans un a\u00e9roport que nous n&#039;avons pas encore abord\u00e9e, n&#039;h\u00e9sitez pas \u00e0 <a href=\"https:\/\/airportsmokinglounge.com\/fr\/contact\/\">contact<\/a> nous.<\/p>\n<p>Merci d\u2019avoir choisi Airportsmokinglounge.com et bon voyage\u00a0!\u00a0\u00bb<\/p>","protected":false},"excerpt":{"rendered":"<p>Bienvenue sur airportsmokinglounge.com, votre source d&#039;informations compl\u00e8te sur les zones fumeurs dans les a\u00e9roports du monde entier. Notre mission est de rendre les voyages plus agr\u00e9ables pour les fumeurs en fournissant des informations d\u00e9taill\u00e9es sur les zones fumeurs et les installations disponibles dans les a\u00e9roports du monde entier. Nous comprenons la frustration de passer les contr\u00f4les de s\u00e9curit\u00e9 et de constater qu&#039;il n&#039;y a pas de\u2026&nbsp;<a href=\"https:\/\/airportsmokinglounge.com\/fr\/a-propos-de-nous\/\" rel=\"bookmark\">En savoir plus &quot;<span class=\"screen-reader-text\">\u00c0 propos de nous<\/span><\/a><\/p>","protected":false},"author":1,"featured_media":1274,"parent":0,"menu_order":0,"comment_status":"closed","ping_status":"closed","template":"","meta":{"neve_meta_sidebar":"","neve_meta_container":"","neve_meta_enable_content_width":"off","neve_meta_content_width":100,"neve_meta_title_alignment":"","neve_meta_author_avatar":"","neve_post_elements_order":"","neve_meta_disable_header":"","neve_meta_disable_footer":"","neve_meta_disable_title":"","neve_meta_reading_time":"","footnotes":""},"class_list":["post-6409","page","type-page","status-publish","has-post-thumbnail","hentry"],"yoast_head":"<!-- This site is optimized with the Yoast SEO plugin v26.6 - https:\/\/yoast.com\/wordpress\/plugins\/seo\/ -->\n<title>About us - airportsmokinglounge.com<\/title>\n<meta name=\"robots\" content=\"index, follow, max-snippet:-1, max-image-preview:large, max-video-preview:-1\" \/>\n<link rel=\"canonical\" href=\"https:\/\/airportsmokinglounge.com\/fr\/a-propos-de-nous\/\" \/>\n<meta property=\"og:locale\" content=\"fr_FR\" \/>\n<meta property=\"og:type\" content=\"article\" \/>\n<meta property=\"og:title\" content=\"About us - airportsmokinglounge.com\" \/>\n<meta property=\"og:description\" content=\"Welcome to airportsmokinglounge.com, your comprehensive source for information on smoking areas in airports worldwide. Our mission is to make travel more enjoyable for smokers by providing detailed information about designated smoking areas and available facilities in airports across the globe. We understand the frustration of going through security, only to find that there are no&hellip;&nbsp;Read More &raquo;About us\" \/>\n<meta property=\"og:url\" content=\"https:\/\/airportsmokinglounge.com\/fr\/a-propos-de-nous\/\" \/>\n<meta property=\"og:site_name\" content=\"airportsmokinglounge.com\" \/>\n<meta property=\"og:image\" content=\"https:\/\/airportsmokinglounge.com\/wp-content\/uploads\/2023\/03\/Fiverr1-smoking-2.png\" \/>\n\t<meta property=\"og:image:width\" content=\"5990\" \/>\n\t<meta property=\"og:image:height\" content=\"1296\" \/>\n\t<meta property=\"og:image:type\" content=\"image\/png\" \/>\n<meta name=\"twitter:card\" content=\"summary_large_image\" \/>\n<meta name=\"twitter:label1\" content=\"Dur\u00e9e de lecture estim\u00e9e\" \/>\n\t<meta name=\"twitter:data1\" content=\"1 minute\" \/>\n<script type=\"application\/ld+json\" class=\"yoast-schema-graph\">{\"@context\":\"https:\/\/schema.org\",\"@graph\":[{\"@type\":\"WebPage\",\"@id\":\"https:\/\/airportsmokinglounge.com\/about-us\/\",\"url\":\"https:\/\/airportsmokinglounge.com\/about-us\/\",\"name\":\"About us - airportsmokinglounge.com\",\"isPartOf\":{\"@id\":\"https:\/\/airportsmokinglounge.com\/#website\"},\"primaryImageOfPage\":{\"@id\":\"https:\/\/airportsmokinglounge.com\/about-us\/#primaryimage\"},\"image\":{\"@id\":\"https:\/\/airportsmokinglounge.com\/about-us\/#primaryimage\"},\"thumbnailUrl\":\"https:\/\/airportsmokinglounge.com\/wp-content\/uploads\/2023\/03\/Fiverr1-smoking-2.png\",\"datePublished\":\"2023-06-18T14:59:52+00:00\",\"breadcrumb\":{\"@id\":\"https:\/\/airportsmokinglounge.com\/about-us\/#breadcrumb\"},\"inLanguage\":\"fr-FR\",\"potentialAction\":[{\"@type\":\"ReadAction\",\"target\":[\"https:\/\/airportsmokinglounge.com\/about-us\/\"]}]},{\"@type\":\"ImageObject\",\"inLanguage\":\"fr-FR\",\"@id\":\"https:\/\/airportsmokinglounge.com\/about-us\/#primaryimage\",\"url\":\"https:\/\/airportsmokinglounge.com\/wp-content\/uploads\/2023\/03\/Fiverr1-smoking-2.png\",\"contentUrl\":\"https:\/\/airportsmokinglounge.com\/wp-content\/uploads\/2023\/03\/Fiverr1-smoking-2.png\",\"width\":5990,\"height\":1296,\"caption\":\"Airport smoking lounge\"},{\"@type\":\"BreadcrumbList\",\"@id\":\"https:\/\/airportsmokinglounge.com\/about-us\/#breadcrumb\",\"itemListElement\":[{\"@type\":\"ListItem\",\"position\":1,\"name\":\"Home\",\"item\":\"https:\/\/airportsmokinglounge.com\/\"},{\"@type\":\"ListItem\",\"position\":2,\"name\":\"About us\"}]},{\"@type\":\"WebSite\",\"@id\":\"https:\/\/airportsmokinglounge.com\/#website\",\"url\":\"https:\/\/airportsmokinglounge.com\/\",\"name\":\"airportsmokinglounge.com\",\"description\":\"\",\"potentialAction\":[{\"@type\":\"SearchAction\",\"target\":{\"@type\":\"EntryPoint\",\"urlTemplate\":\"https:\/\/airportsmokinglounge.com\/?s={search_term_string}\"},\"query-input\":{\"@type\":\"PropertyValueSpecification\",\"valueRequired\":true,\"valueName\":\"search_term_string\"}}],\"inLanguage\":\"fr-FR\"}]}<\/script>\n<!-- \/ Yoast SEO plugin. -->","yoast_head_json":{"title":"\u00c0 propos de nous - Airportsmokinglounge.com","robots":{"index":"index","follow":"follow","max-snippet":"max-snippet:-1","max-image-preview":"max-image-preview:large","max-video-preview":"max-video-preview:-1"},"canonical":"https:\/\/airportsmokinglounge.com\/fr\/a-propos-de-nous\/","og_locale":"fr_FR","og_type":"article","og_title":"About us - airportsmokinglounge.com","og_description":"Welcome to airportsmokinglounge.com, your comprehensive source for information on smoking areas in airports worldwide. Our mission is to make travel more enjoyable for smokers by providing detailed information about designated smoking areas and available facilities in airports across the globe. We understand the frustration of going through security, only to find that there are no&hellip;&nbsp;Read More &raquo;About us","og_url":"https:\/\/airportsmokinglounge.com\/fr\/a-propos-de-nous\/","og_site_name":"airportsmokinglounge.com","og_image":[{"width":5990,"height":1296,"url":"https:\/\/airportsmokinglounge.com\/wp-content\/uploads\/2023\/03\/Fiverr1-smoking-2.png","type":"image\/png"}],"twitter_card":"summary_large_image","twitter_misc":{"Dur\u00e9e de lecture estim\u00e9e":"1 minute"},"schema":{"@context":"https:\/\/schema.org","@graph":[{"@type":"WebPage","@id":"https:\/\/airportsmokinglounge.com\/about-us\/","url":"https:\/\/airportsmokinglounge.com\/about-us\/","name":"\u00c0 propos de nous - Airportsmokinglounge.com","isPartOf":{"@id":"https:\/\/airportsmokinglounge.com\/#website"},"primaryImageOfPage":{"@id":"https:\/\/airportsmokinglounge.com\/about-us\/#primaryimage"},"image":{"@id":"https:\/\/airportsmokinglounge.com\/about-us\/#primaryimage"},"thumbnailUrl":"https:\/\/airportsmokinglounge.com\/wp-content\/uploads\/2023\/03\/Fiverr1-smoking-2.png","datePublished":"2023-06-18T14:59:52+00:00","breadcrumb":{"@id":"https:\/\/airportsmokinglounge.com\/about-us\/#breadcrumb"},"inLanguage":"fr-FR","potentialAction":[{"@type":"ReadAction","target":["https:\/\/airportsmokinglounge.com\/about-us\/"]}]},{"@type":"ImageObject","inLanguage":"fr-FR","@id":"https:\/\/airportsmokinglounge.com\/about-us\/#primaryimage","url":"https:\/\/airportsmokinglounge.com\/wp-content\/uploads\/2023\/03\/Fiverr1-smoking-2.png","contentUrl":"https:\/\/airportsmokinglounge.com\/wp-content\/uploads\/2023\/03\/Fiverr1-smoking-2.png","width":5990,"height":1296,"caption":"Airport smoking lounge"},{"@type":"BreadcrumbList","@id":"https:\/\/airportsmokinglounge.com\/about-us\/#breadcrumb","itemListElement":[{"@type":"ListItem","position":1,"name":"Home","item":"https:\/\/airportsmokinglounge.com\/"},{"@type":"ListItem","position":2,"name":"About us"}]},{"@type":"WebSite","@id":"https:\/\/airportsmokinglounge.com\/#website","url":"https:\/\/airportsmokinglounge.com\/","name":"airportsmokinglounge.com","description":"","potentialAction":[{"@type":"SearchAction","target":{"@type":"EntryPoint","urlTemplate":"https:\/\/airportsmokinglounge.com\/?s={search_term_string}"},"query-input":{"@type":"PropertyValueSpecification","valueRequired":true,"valueName":"search_term_string"}}],"inLanguage":"fr-FR"}]}},"_links":{"self":[{"href":"https:\/\/airportsmokinglounge.com\/fr\/wp-json\/wp\/v2\/pages\/6409","targetHints":{"allow":["GET"]}}],"collection":[{"href":"https:\/\/airportsmokinglounge.com\/fr\/wp-json\/wp\/v2\/pages"}],"about":[{"href":"https:\/\/airportsmokinglounge.com\/fr\/wp-json\/wp\/v2\/types\/page"}],"author":[{"embeddable":true,"href":"https:\/\/airportsmokinglounge.com\/fr\/wp-json\/wp\/v2\/users\/1"}],"replies":[{"embeddable":true,"href":"https:\/\/airportsmokinglounge.com\/fr\/wp-json\/wp\/v2\/comments?post=6409"}],"version-history":[{"count":1,"href":"https:\/\/airportsmokinglounge.com\/fr\/wp-json\/wp\/v2\/pages\/6409\/revisions"}],"predecessor-version":[{"id":6410,"href":"https:\/\/airportsmokinglounge.com\/fr\/wp-json\/wp\/v2\/pages\/6409\/revisions\/6410"}],"wp:featuredmedia":[{"embeddable":true,"href":"https:\/\/airportsmokinglounge.com\/fr\/wp-json\/wp\/v2\/media\/1274"}],"wp:attachment":[{"href":"https:\/\/airportsmokinglounge.com\/fr\/wp-json\/wp\/v2\/media?parent=6409"}],"curies":[{"name":"wp","href":"https:\/\/api.w.org\/{rel}","templated":true}]}}