{"id":7264,"date":"2024-01-28T19:04:10","date_gmt":"2024-01-28T18:04:10","guid":{"rendered":"https:\/\/airportsmokinglounge.com\/?page_id=7264"},"modified":"2024-01-28T19:04:10","modified_gmt":"2024-01-28T18:04:10","slug":"smoking-areas-at-transilvania-airport-targu-mures-tgm","status":"publish","type":"page","link":"https:\/\/airportsmokinglounge.com\/fr\/zones-fumeurs-a-laeroport-de-transilvanie-targu-mures-tgm\/","title":{"rendered":"Zones fumeurs \u00e0 l&#039;A\u00c9ROPORT DE TRANSILVANIA T\u00e2rgu Mure\u0219 (TGM)"},"content":{"rendered":"<p>L&#039;a\u00e9roport de T\u00e2rgu Mure\u0219 propose des vols nationaux et internationaux limit\u00e9s, reliant les passagers \u00e0 diverses destinations en Roumanie et \u00e0 quelques destinations internationales. Il constitue une porte d&#039;entr\u00e9e importante vers le centre de la Roumanie et offre des connexions vers les principales villes roumaines. Plusieurs compagnies a\u00e9riennes proposent des vols r\u00e9guliers depuis l&#039;a\u00e9roport de T\u00e2rgu Mure\u0219, offrant aux voyageurs une gamme d&#039;options pour leurs voyages.<\/p>\n<h2>Zones fumeurs avant le contr\u00f4le de s\u00e9curit\u00e9<\/h2>\n<ul>\n<li>Fumer n&#039;est autoris\u00e9 qu&#039;\u00e0 l&#039;ext\u00e9rieur du terminal dans les zones d\u00e9sign\u00e9es<\/li>\n<\/ul>\n<h2>Zones fumeurs apr\u00e8s le contr\u00f4le de s\u00e9curit\u00e9<\/h2>\n<ul>\n<li>Il y a un espace fumeur situ\u00e9 sur 1 niveau<\/li>\n<\/ul>\n<figure id=\"attachment_7266\" aria-describedby=\"caption-attachment-7266\" style=\"width: 600px\" class=\"wp-caption aligncenter\"><img decoding=\"async\" class=\"size-full wp-image-7266\" src=\"https:\/\/airportsmokinglounge.com\/wp-content\/uploads\/2024\/01\/ymail-tmp-1548934299842944543-scaled-e1706464949458.jpg\" alt=\"Zones fumeurs \u00e0 l&#039;A\u00c9ROPORT DE TRANSILVANIA T\u00e2rgu Mure\u0219 (TGM)\" width=\"600\" height=\"450\" \/><figcaption id=\"caption-attachment-7266\" class=\"wp-caption-text\">\u00a9 rosu stefan<\/figcaption><\/figure>\n<p><span style=\"font-size: 12pt;\">Plus d&#039;informations sur le site officiel<\/span><\/p>\n<ul>\n<li><span style=\"font-size: 12pt;\"><a href=\"https:\/\/www.sibiuairport.ro\/\" target=\"_blank\" rel=\"noopener\">www.siniuairport.ro<\/a><\/span><\/li>\n<\/ul>\n<p><span style=\"font-size: 12pt;\"><strong>Envoyez-nous vos commentaires<\/strong><\/span><\/p>\n<p><span style=\"font-size: 12pt;\">Si vous \u00eates \u00e0 l&#039;a\u00e9roport, vous \u00eates plus que bienvenu pour nous envoyer des photos des zones fumeurs. Cela nous aidera \u00e0 remplir notre base de donn\u00e9es plus rapidement. Tu peux le faire <strong><a href=\"https:\/\/airportsmokinglounge.com\/fr\/contact\/\">Ici<\/a>.<\/strong> Les images sont publi\u00e9es sur notre site Web, en indiquant la source de l&#039;image (nom). N&#039;h\u00e9sitez pas \u00e0 partager ces photos avec nous et tous les visiteurs de airportsmokinglounge.com.<\/span><\/p>\n<h2>Fumer dans les a\u00e9roports roumains<\/h2>\n<p>Il est g\u00e9n\u00e9ralement interdit de fumer dans les zones int\u00e9rieures des a\u00e9roports roumains, y compris les a\u00e9rogares, les zones d&#039;attente, les halls d&#039;enregistrement, les zones de s\u00e9curit\u00e9, les restaurants, les caf\u00e9s et autres espaces clos. Cela s\u2019applique aux a\u00e9roports nationaux et internationaux du pays. L&#039;objectif est de cr\u00e9er un environnement sans fum\u00e9e pour le confort et le bien-\u00eatre de tous les passagers et du personnel de l&#039;a\u00e9roport.<\/p>\n<p>Pour accueillir les fumeurs, des zones fumeurs d\u00e9sign\u00e9es sont g\u00e9n\u00e9ralement am\u00e9nag\u00e9es \u00e0 l&#039;ext\u00e9rieur des a\u00e9rogares. Ces zones sont g\u00e9n\u00e9ralement situ\u00e9es dans des espaces ext\u00e9rieurs d\u00e9sign\u00e9s ou dans des fumoirs sp\u00e9cifiques \u00e9quip\u00e9s de syst\u00e8mes de ventilation appropri\u00e9s. Ces zones ou chambres sont r\u00e9serv\u00e9es aux fumeurs et il est interdit de fumer en dehors de ces zones.<\/p>\n<p>Les a\u00e9roports de Roumanie affichent une signalisation claire et fournissent des informations sur les r\u00e9glementations relatives \u00e0 l&#039;usage du tabac. Des panneaux d&#039;information, des panneaux et des annonces sont g\u00e9n\u00e9ralement disponibles dans tous les locaux de l&#039;a\u00e9roport pour informer les passagers de la politique relative \u00e0 l&#039;usage du tabac et les diriger vers les zones fumeurs d\u00e9sign\u00e9es.<\/p>\n<p>Par cons\u00e9quent, il est conseill\u00e9 de v\u00e9rifier aupr\u00e8s des autorit\u00e9s a\u00e9roportuaires sp\u00e9cifiques ou de vous r\u00e9f\u00e9rer \u00e0 la signalisation et aux informations de l&#039;a\u00e9roport que vous traversez pour conna\u00eetre les r\u00e9glementations et directives les plus pr\u00e9cises et les plus r\u00e9centes en mati\u00e8re de tabagisme.<\/p>\n<h3>Questions fr\u00e9quemment pos\u00e9es<\/h3>\n<h4>Les zones fumeurs de l&#039;a\u00e9roport sont-elles disponibles 24h\/24 et 7j\/7 ?<\/h4>\n<p>La disponibilit\u00e9 des zones fumeurs de l&#039;a\u00e9roport peut varier en fonction de l&#039;a\u00e9roport et de l&#039;emplacement. Certaines zones fumeurs sont ouvertes 24 heures sur 24, tandis que d&#039;autres peuvent avoir des horaires restreints ou \u00eatre ferm\u00e9es \u00e0 certaines heures. Il est pr\u00e9f\u00e9rable de v\u00e9rifier aupr\u00e8s de l&#039;a\u00e9roport ou de visiter leur site Web pour obtenir des informations sp\u00e9cifiques sur les heures d&#039;ouverture de la zone fumeurs.<\/p>\n<h4>Est-il permis d&#039;apporter ma propre nourriture et mes boissons dans la zone fumeurs ?<\/h4>\n<p>Cela peut d\u00e9pendre de la zone fumeurs et de l&#039;a\u00e9roport. Certaines zones fumeurs peuvent autoriser la nourriture et les boissons \u00e0 l&#039;ext\u00e9rieur, tandis que d&#039;autres peuvent avoir des restrictions ou les interdire compl\u00e8tement. Il est pr\u00e9f\u00e9rable de v\u00e9rifier aupr\u00e8s de l&#039;a\u00e9roport ou de la signalisation de la zone fumeurs les r\u00e8gles et r\u00e9glementations sp\u00e9cifiques.<\/p>\n<h4>Fumer est-il autoris\u00e9 dans toutes les zones fumeurs de l&#039;a\u00e9roport\u00a0?<\/h4>\n<p>Toutes les zones fumeurs de l&#039;a\u00e9roport ne permettent pas de fumer. Certains a\u00e9roports peuvent avoir des zones d\u00e9sign\u00e9es pour les cigarettes \u00e9lectroniques ou le vapotage, qui sont distinctes des zones fumeurs traditionnelles. Assurez-vous de v\u00e9rifier les r\u00e8gles et r\u00e9glementations sp\u00e9cifiques \u00e0 la zone fumeurs que vous pr\u00e9voyez d&#039;utiliser.<\/p>\n<h4>Les espaces fumeurs sont-ils climatis\u00e9s ou chauff\u00e9s ?<\/h4>\n<p>La temp\u00e9rature et la ventilation des zones fumeurs des a\u00e9roports peuvent varier consid\u00e9rablement. Certains peuvent \u00eatre climatis\u00e9s ou chauff\u00e9s, tandis que d&#039;autres peuvent \u00eatre des espaces en plein air avec une protection limit\u00e9e contre les \u00e9l\u00e9ments. Assurez-vous de v\u00e9rifier aupr\u00e8s de l&#039;a\u00e9roport ou de visiter la zone fumeurs \u00e0 l&#039;avance pour d\u00e9terminer les conditions et vous pr\u00e9parer en cons\u00e9quence.<\/p>\n<h4>Les zones fumeurs sont-elles accessibles aux voyageurs handicap\u00e9s\u00a0?<\/h4>\n<p>De nombreux a\u00e9roports ont fait des efforts pour rendre leurs espaces fumeurs accessibles aux voyageurs handicap\u00e9s. Cependant, l&#039;accessibilit\u00e9 des zones fumeurs sp\u00e9cifiques peut varier consid\u00e9rablement. Assurez-vous de v\u00e9rifier aupr\u00e8s de l&#039;a\u00e9roport ou de visiter la zone fumeurs \u00e0 l&#039;avance pour d\u00e9terminer si elle est accessible et r\u00e9pond \u00e0 vos besoins.<\/p>\n<p><span style=\"font-size: 12pt;\"><strong>Plus d&#039;a\u00e9roports \u00e0 Roumanie :<\/strong> <\/span><\/p>\n<ul>\n<li><span style=\"font-size: 12pt;\"><a href=\"https:\/\/airportsmokinglounge.com\/fr\/zones-fumeurs-dans-les-aeroports-de-roumanie\/\">A\u00e9roports de Roumanie<\/a><\/span><\/li>\n<\/ul>\n<p><span style=\"font-size: 12pt;\"><strong>Zones fumeurs dans\u00a0:<\/strong><\/span><\/p>\n<ul>\n<li><span style=\"font-size: 12pt;\"><a href=\"https:\/\/airportsmokinglounge.com\/fr\/espaces-fumeurs-dans-les-aeroports-europeens\/\">A\u00e9roports europ\u00e9ens<\/a><\/span><\/li>\n<\/ul>","protected":false},"excerpt":{"rendered":"<p>L&#039;a\u00e9roport de T\u00e2rgu Mure\u0219 propose des vols nationaux et internationaux limit\u00e9s, reliant les passagers \u00e0 diverses destinations en Roumanie et \u00e0 quelques destinations internationales. Il constitue une porte d&#039;entr\u00e9e importante vers le centre de la Roumanie et offre des correspondances vers les principales villes roumaines. Plusieurs compagnies a\u00e9riennes proposent des vols r\u00e9guliers au d\u00e9part de l&#039;a\u00e9roport de T\u00e2rgu Mure\u0219, offrant aux voyageurs un large choix de\u2026&nbsp;<a href=\"https:\/\/airportsmokinglounge.com\/fr\/zones-fumeurs-a-laeroport-de-transilvanie-targu-mures-tgm\/\" rel=\"bookmark\">En savoir plus &quot;<span class=\"screen-reader-text\">Zones fumeurs \u00e0 l&#039;A\u00c9ROPORT DE TRANSILVANIA T\u00e2rgu Mure\u0219 (TGM)<\/span><\/a><\/p>","protected":false},"author":1,"featured_media":7265,"parent":0,"menu_order":0,"comment_status":"closed","ping_status":"closed","template":"","meta":{"neve_meta_sidebar":"","neve_meta_container":"","neve_meta_enable_content_width":"off","neve_meta_content_width":100,"neve_meta_title_alignment":"","neve_meta_author_avatar":"","neve_post_elements_order":"","neve_meta_disable_header":"","neve_meta_disable_footer":"","neve_meta_disable_title":"","neve_meta_reading_time":"","footnotes":""},"class_list":["post-7264","page","type-page","status-publish","has-post-thumbnail","hentry"],"yoast_head":"<!-- This site is optimized with the Yoast SEO plugin v26.6 - https:\/\/yoast.com\/wordpress\/plugins\/seo\/ -->\n<title>Smoking areas at TRANSILVANIA AIRPORT T\u00e2rgu Mure\u0219 (TGM) - airportsmokinglounge.com<\/title>\n<meta name=\"description\" content=\"Smoking areas TRANSILVANIA AIRPORT T\u00e2rgu Mure\u0219 - Find a smoking area in the airport \u2714\ufe0e Smoking Guide in Airports: Information for Travelers\" \/>\n<meta name=\"robots\" content=\"index, follow, max-snippet:-1, max-image-preview:large, max-video-preview:-1\" \/>\n<link rel=\"canonical\" href=\"https:\/\/airportsmokinglounge.com\/fr\/zones-fumeurs-a-laeroport-de-transilvanie-targu-mures-tgm\/\" \/>\n<meta property=\"og:locale\" content=\"fr_FR\" \/>\n<meta property=\"og:type\" content=\"article\" \/>\n<meta property=\"og:title\" content=\"Smoking areas at TRANSILVANIA AIRPORT T\u00e2rgu Mure\u0219 (TGM) - airportsmokinglounge.com\" \/>\n<meta property=\"og:description\" content=\"Smoking areas TRANSILVANIA AIRPORT T\u00e2rgu Mure\u0219 - Find a smoking area in the airport \u2714\ufe0e Smoking Guide in Airports: Information for Travelers\" \/>\n<meta property=\"og:url\" content=\"https:\/\/airportsmokinglounge.com\/fr\/zones-fumeurs-a-laeroport-de-transilvanie-targu-mures-tgm\/\" \/>\n<meta property=\"og:site_name\" content=\"airportsmokinglounge.com\" \/>\n<meta property=\"og:image\" content=\"https:\/\/airportsmokinglounge.com\/wp-content\/uploads\/2024\/01\/IMG_20240125_080131-scaled.jpg\" \/>\n\t<meta property=\"og:image:width\" content=\"2560\" \/>\n\t<meta property=\"og:image:height\" content=\"1152\" \/>\n\t<meta property=\"og:image:type\" content=\"image\/jpeg\" \/>\n<meta name=\"twitter:card\" content=\"summary_large_image\" \/>\n<meta name=\"twitter:label1\" content=\"Dur\u00e9e de lecture estim\u00e9e\" \/>\n\t<meta name=\"twitter:data1\" content=\"4 minutes\" \/>\n<script type=\"application\/ld+json\" class=\"yoast-schema-graph\">{\"@context\":\"https:\/\/schema.org\",\"@graph\":[{\"@type\":\"WebPage\",\"@id\":\"https:\/\/airportsmokinglounge.com\/smoking-areas-at-transilvania-airport-targu-mures-tgm\/\",\"url\":\"https:\/\/airportsmokinglounge.com\/smoking-areas-at-transilvania-airport-targu-mures-tgm\/\",\"name\":\"Smoking areas at TRANSILVANIA AIRPORT T\u00e2rgu Mure\u0219 (TGM) - airportsmokinglounge.com\",\"isPartOf\":{\"@id\":\"https:\/\/airportsmokinglounge.com\/#website\"},\"primaryImageOfPage\":{\"@id\":\"https:\/\/airportsmokinglounge.com\/smoking-areas-at-transilvania-airport-targu-mures-tgm\/#primaryimage\"},\"image\":{\"@id\":\"https:\/\/airportsmokinglounge.com\/smoking-areas-at-transilvania-airport-targu-mures-tgm\/#primaryimage\"},\"thumbnailUrl\":\"https:\/\/airportsmokinglounge.com\/wp-content\/uploads\/2024\/01\/IMG_20240125_080131-scaled.jpg\",\"datePublished\":\"2024-01-28T18:04:10+00:00\",\"description\":\"Smoking areas TRANSILVANIA AIRPORT T\u00e2rgu Mure\u0219 - Find a smoking area in the airport \u2714\ufe0e Smoking Guide in Airports: Information for Travelers\",\"breadcrumb\":{\"@id\":\"https:\/\/airportsmokinglounge.com\/smoking-areas-at-transilvania-airport-targu-mures-tgm\/#breadcrumb\"},\"inLanguage\":\"fr-FR\",\"potentialAction\":[{\"@type\":\"ReadAction\",\"target\":[\"https:\/\/airportsmokinglounge.com\/smoking-areas-at-transilvania-airport-targu-mures-tgm\/\"]}]},{\"@type\":\"ImageObject\",\"inLanguage\":\"fr-FR\",\"@id\":\"https:\/\/airportsmokinglounge.com\/smoking-areas-at-transilvania-airport-targu-mures-tgm\/#primaryimage\",\"url\":\"https:\/\/airportsmokinglounge.com\/wp-content\/uploads\/2024\/01\/IMG_20240125_080131-scaled.jpg\",\"contentUrl\":\"https:\/\/airportsmokinglounge.com\/wp-content\/uploads\/2024\/01\/IMG_20240125_080131-scaled.jpg\",\"width\":2560,\"height\":1152,\"caption\":\"TRANSILVANIA AIRPORT T\u00e2rgu Mure\u0219\"},{\"@type\":\"BreadcrumbList\",\"@id\":\"https:\/\/airportsmokinglounge.com\/smoking-areas-at-transilvania-airport-targu-mures-tgm\/#breadcrumb\",\"itemListElement\":[{\"@type\":\"ListItem\",\"position\":1,\"name\":\"Home\",\"item\":\"https:\/\/airportsmokinglounge.com\/\"},{\"@type\":\"ListItem\",\"position\":2,\"name\":\"Smoking areas at TRANSILVANIA AIRPORT T\u00e2rgu Mure\u0219 (TGM)\"}]},{\"@type\":\"WebSite\",\"@id\":\"https:\/\/airportsmokinglounge.com\/#website\",\"url\":\"https:\/\/airportsmokinglounge.com\/\",\"name\":\"airportsmokinglounge.com\",\"description\":\"\",\"potentialAction\":[{\"@type\":\"SearchAction\",\"target\":{\"@type\":\"EntryPoint\",\"urlTemplate\":\"https:\/\/airportsmokinglounge.com\/?s={search_term_string}\"},\"query-input\":{\"@type\":\"PropertyValueSpecification\",\"valueRequired\":true,\"valueName\":\"search_term_string\"}}],\"inLanguage\":\"fr-FR\"}]}<\/script>\n<!-- \/ Yoast SEO plugin. -->","yoast_head_json":{"title":"Zones fumeurs \u00e0 l&#039;A\u00c9ROPORT DE TRANSILVANIE T\u00e2rgu Mure\u0219 (TGM) - Airportsmokinglounge.com","description":"Zones fumeurs A\u00c9ROPORT TRANSILVANIA T\u00e2rgu Mure\u0219 - Trouver une zone fumeur \u00e0 l&#039;a\u00e9roport \u2714\ufe0e Guide fumeur dans les a\u00e9roports : informations pour les voyageurs","robots":{"index":"index","follow":"follow","max-snippet":"max-snippet:-1","max-image-preview":"max-image-preview:large","max-video-preview":"max-video-preview:-1"},"canonical":"https:\/\/airportsmokinglounge.com\/fr\/zones-fumeurs-a-laeroport-de-transilvanie-targu-mures-tgm\/","og_locale":"fr_FR","og_type":"article","og_title":"Smoking areas at TRANSILVANIA AIRPORT T\u00e2rgu Mure\u0219 (TGM) - airportsmokinglounge.com","og_description":"Smoking areas TRANSILVANIA AIRPORT T\u00e2rgu Mure\u0219 - Find a smoking area in the airport \u2714\ufe0e Smoking Guide in Airports: Information for Travelers","og_url":"https:\/\/airportsmokinglounge.com\/fr\/zones-fumeurs-a-laeroport-de-transilvanie-targu-mures-tgm\/","og_site_name":"airportsmokinglounge.com","og_image":[{"width":2560,"height":1152,"url":"https:\/\/airportsmokinglounge.com\/wp-content\/uploads\/2024\/01\/IMG_20240125_080131-scaled.jpg","type":"image\/jpeg"}],"twitter_card":"summary_large_image","twitter_misc":{"Dur\u00e9e de lecture estim\u00e9e":"4 minutes"},"schema":{"@context":"https:\/\/schema.org","@graph":[{"@type":"WebPage","@id":"https:\/\/airportsmokinglounge.com\/smoking-areas-at-transilvania-airport-targu-mures-tgm\/","url":"https:\/\/airportsmokinglounge.com\/smoking-areas-at-transilvania-airport-targu-mures-tgm\/","name":"Zones fumeurs \u00e0 l&#039;A\u00c9ROPORT DE TRANSILVANIE T\u00e2rgu Mure\u0219 (TGM) - Airportsmokinglounge.com","isPartOf":{"@id":"https:\/\/airportsmokinglounge.com\/#website"},"primaryImageOfPage":{"@id":"https:\/\/airportsmokinglounge.com\/smoking-areas-at-transilvania-airport-targu-mures-tgm\/#primaryimage"},"image":{"@id":"https:\/\/airportsmokinglounge.com\/smoking-areas-at-transilvania-airport-targu-mures-tgm\/#primaryimage"},"thumbnailUrl":"https:\/\/airportsmokinglounge.com\/wp-content\/uploads\/2024\/01\/IMG_20240125_080131-scaled.jpg","datePublished":"2024-01-28T18:04:10+00:00","description":"Zones fumeurs A\u00c9ROPORT TRANSILVANIA T\u00e2rgu Mure\u0219 - Trouver une zone fumeur \u00e0 l&#039;a\u00e9roport \u2714\ufe0e Guide fumeur dans les a\u00e9roports : informations pour les voyageurs","breadcrumb":{"@id":"https:\/\/airportsmokinglounge.com\/smoking-areas-at-transilvania-airport-targu-mures-tgm\/#breadcrumb"},"inLanguage":"fr-FR","potentialAction":[{"@type":"ReadAction","target":["https:\/\/airportsmokinglounge.com\/smoking-areas-at-transilvania-airport-targu-mures-tgm\/"]}]},{"@type":"ImageObject","inLanguage":"fr-FR","@id":"https:\/\/airportsmokinglounge.com\/smoking-areas-at-transilvania-airport-targu-mures-tgm\/#primaryimage","url":"https:\/\/airportsmokinglounge.com\/wp-content\/uploads\/2024\/01\/IMG_20240125_080131-scaled.jpg","contentUrl":"https:\/\/airportsmokinglounge.com\/wp-content\/uploads\/2024\/01\/IMG_20240125_080131-scaled.jpg","width":2560,"height":1152,"caption":"TRANSILVANIA AIRPORT T\u00e2rgu Mure\u0219"},{"@type":"BreadcrumbList","@id":"https:\/\/airportsmokinglounge.com\/smoking-areas-at-transilvania-airport-targu-mures-tgm\/#breadcrumb","itemListElement":[{"@type":"ListItem","position":1,"name":"Home","item":"https:\/\/airportsmokinglounge.com\/"},{"@type":"ListItem","position":2,"name":"Smoking areas at TRANSILVANIA AIRPORT T\u00e2rgu Mure\u0219 (TGM)"}]},{"@type":"WebSite","@id":"https:\/\/airportsmokinglounge.com\/#website","url":"https:\/\/airportsmokinglounge.com\/","name":"airportsmokinglounge.com","description":"","potentialAction":[{"@type":"SearchAction","target":{"@type":"EntryPoint","urlTemplate":"https:\/\/airportsmokinglounge.com\/?s={search_term_string}"},"query-input":{"@type":"PropertyValueSpecification","valueRequired":true,"valueName":"search_term_string"}}],"inLanguage":"fr-FR"}]}},"_links":{"self":[{"href":"https:\/\/airportsmokinglounge.com\/fr\/wp-json\/wp\/v2\/pages\/7264","targetHints":{"allow":["GET"]}}],"collection":[{"href":"https:\/\/airportsmokinglounge.com\/fr\/wp-json\/wp\/v2\/pages"}],"about":[{"href":"https:\/\/airportsmokinglounge.com\/fr\/wp-json\/wp\/v2\/types\/page"}],"author":[{"embeddable":true,"href":"https:\/\/airportsmokinglounge.com\/fr\/wp-json\/wp\/v2\/users\/1"}],"replies":[{"embeddable":true,"href":"https:\/\/airportsmokinglounge.com\/fr\/wp-json\/wp\/v2\/comments?post=7264"}],"version-history":[{"count":1,"href":"https:\/\/airportsmokinglounge.com\/fr\/wp-json\/wp\/v2\/pages\/7264\/revisions"}],"predecessor-version":[{"id":7267,"href":"https:\/\/airportsmokinglounge.com\/fr\/wp-json\/wp\/v2\/pages\/7264\/revisions\/7267"}],"wp:featuredmedia":[{"embeddable":true,"href":"https:\/\/airportsmokinglounge.com\/fr\/wp-json\/wp\/v2\/media\/7265"}],"wp:attachment":[{"href":"https:\/\/airportsmokinglounge.com\/fr\/wp-json\/wp\/v2\/media?parent=7264"}],"curies":[{"name":"wp","href":"https:\/\/api.w.org\/{rel}","templated":true}]}}