{"id":83,"date":"2023-02-21T16:15:24","date_gmt":"2023-02-21T15:15:24","guid":{"rendered":"https:\/\/airportsmokinglounge.com\/?page_id=83"},"modified":"2023-05-10T14:10:43","modified_gmt":"2023-05-10T12:10:43","slug":"smoking-in-belgiums-airports","status":"publish","type":"page","link":"https:\/\/airportsmokinglounge.com\/fr\/fumer-dans-les-aeroports-belgiques\/","title":{"rendered":"Fumer dans les a\u00e9roports belges"},"content":{"rendered":"<p>La Belgique compte plusieurs a\u00e9roports, allant des petits a\u00e9roports r\u00e9gionaux aux plus grands hubs internationaux.<\/p>\n<p>Sur ce site Web, vous pouvez trouver toutes les zones fumeurs dans les a\u00e9roports, y compris les zones fumeurs d\u00e9sign\u00e9es et les installations disponibles. Nous comprenons la frustration de passer par la s\u00e9curit\u00e9 pour constater qu&#039;il n&#039;y a pas de zones fumeurs nulle part et dans certains cas, les cigarettes \u00e9lectroniques peuvent ne pas \u00eatre autoris\u00e9es.<\/p>\n<p>Ce service s&#039;adresse \u00e0 tous les fumeurs qui souhaitent profiter d&#039;une cigarette avant ou apr\u00e8s de longs vols.<\/p>\n<h2>A\u00e9roports belges<\/h2>\n<ul style=\"list-style-type: circle;\">\n<li><a href=\"https:\/\/airportsmokinglounge.com\/fr\/zones-fumeurs-a-laeroport-de-bruxelles-bru\/\">A\u00c9ROPORT DE BRUXELLES (BRU)<\/a><\/li>\n<li><a href=\"https:\/\/airportsmokinglounge.com\/fr\/zones-fumeurs-a-laeroport-de-charleroi-bruxelles-sud-crl\/\">A\u00c9ROPORT DE CHARLEROI DE BRUXELLES SUD (CRL)<\/a><\/li>\n<li><a href=\"https:\/\/airportsmokinglounge.com\/fr\/zones-fumeurs-a-liege-airport-lgg\/\">A\u00c9ROPORT DE LI\u00c8GE (LGG)<\/a><\/li>\n<li><a href=\"https:\/\/airportsmokinglounge.com\/fr\/zones-fumeurs-a-laeroport-international-danvers\/\">A\u00c9ROPORT INTERNATIONAL D&#039;ANVERS (ANR)<\/a><\/li>\n<li><a href=\"https:\/\/airportsmokinglounge.com\/fr\/zones-fumeurs-a-laeroport-international-d-ostende-bruges-ost\/\">A\u00c9ROPORT INTERNATIONAL D&#039;OSTENDE-BRUGES (OST)<\/a><\/li>\n<\/ul>\n<h2>La loi belge sur le tabagisme<\/h2>\n<p>Les lois antitabac en Belgique interdisent de fumer dans tous les espaces publics ferm\u00e9s, y compris les bars, restaurants et lieux de travail. Cette interdiction s\u2019\u00e9tend \u00e9galement aux espaces ext\u00e9rieurs o\u00f9 les gens sont susceptibles de se rassembler, comme les terrains de jeux et les installations sportives. Il n\u2019y a pas de chambres fumeurs d\u00e9sign\u00e9es autoris\u00e9es.<\/p>\n<p>Outre l&#039;interdiction de fumer dans les espaces publics, il existe \u00e9galement des restrictions en mati\u00e8re de publicit\u00e9 et de promotion des produits du tabac. Il est ill\u00e9gal de vendre des produits du tabac \u00e0 toute personne de moins de 18 ans et il est \u00e9galement interdit de fumer dans les v\u00e9hicules priv\u00e9s si un passager a moins de 18 ans.<\/p>\n<p>Il existe quelques exceptions \u00e0 l&#039;interdiction de fumer en Belgique. Par exemple, dans certains \u00e9tablissements psychiatriques, des fumoirs d\u00e9sign\u00e9s peuvent \u00eatre autoris\u00e9s, mais uniquement sous des conditions strictes.<\/p>\n<p>Les lois sur le tabagisme en Belgique sont assez strictes et appliqu\u00e9es rigoureusement.<\/p>\n<p>&nbsp;<\/p>\n<p><strong>Plus de zones fumeurs \u00e0 l&#039;a\u00e9roport\u00a0<\/strong><\/p>\n<ul>\n<li><a href=\"https:\/\/airportsmokinglounge.com\/fr\/fumer-dans-les-aeroports-d-amerique-du-nord\/\">Am\u00e9rique du Nord<\/a><\/li>\n<li><a href=\"https:\/\/airportsmokinglounge.com\/fr\/fumer-dans-les-aeroports-d-amerique-du-sud\/\">Am\u00e9rique du Sud<\/a><\/li>\n<li><a href=\"https:\/\/airportsmokinglounge.com\/fr\/espaces-fumeurs-dans-les-aeroports-europeens\/\">L&#039;Europe \uf0d7<\/a><\/li>\n<li><a href=\"https:\/\/airportsmokinglounge.com\/fr\/fumer-dans-les-aeroports-en-asie\/\">Asie<\/a><\/li>\n<li><a href=\"https:\/\/airportsmokinglounge.com\/fr\/fumer-dans-les-aeroports-en-oceanie\/\">Oc\u00e9anie<\/a><\/li>\n<li><a href=\"https:\/\/airportsmokinglounge.com\/fr\/fumer-dans-les-aeroports-en-afrique\/\">Afrique<\/a><\/li>\n<\/ul>","protected":false},"excerpt":{"rendered":"<p>La Belgique compte plusieurs a\u00e9roports, allant des petits a\u00e9roports r\u00e9gionaux aux grands a\u00e9roports internationaux. Sur ce site web, vous trouverez tous les espaces fumeurs dans les a\u00e9roports, y compris les zones fumeurs d\u00e9sign\u00e9es et les \u00e9quipements disponibles. Nous comprenons la frustration de passer les contr\u00f4les de s\u00e9curit\u00e9 pour constater qu&#039;il n&#039;y a aucun espace fumeur et que, dans certains cas, les cigarettes \u00e9lectroniques peuvent \u00eatre autoris\u00e9es\u2026&nbsp;<a href=\"https:\/\/airportsmokinglounge.com\/fr\/fumer-dans-les-aeroports-belgiques\/\" rel=\"bookmark\">En savoir plus &quot;<span class=\"screen-reader-text\">Fumer dans les a\u00e9roports belges<\/span><\/a><\/p>","protected":false},"author":1,"featured_media":1199,"parent":0,"menu_order":0,"comment_status":"closed","ping_status":"closed","template":"","meta":{"neve_meta_sidebar":"","neve_meta_container":"","neve_meta_enable_content_width":"off","neve_meta_content_width":100,"neve_meta_title_alignment":"","neve_meta_author_avatar":"","neve_post_elements_order":"","neve_meta_disable_header":"","neve_meta_disable_footer":"","neve_meta_disable_title":"","neve_meta_reading_time":"","footnotes":""},"class_list":["post-83","page","type-page","status-publish","has-post-thumbnail","hentry"],"yoast_head":"<!-- This site is optimized with the Yoast SEO plugin v26.6 - https:\/\/yoast.com\/wordpress\/plugins\/seo\/ -->\n<title>Smoking in Belgium&#039;s airports - airportsmokinglounge.com<\/title>\n<meta name=\"description\" content=\"Smoking Areas in Belgium Airports - Find Your Next Smoke Break Spot - Your Ultimate Guide to Finding a Place to Smoke \u2714\ufe0e\" \/>\n<meta name=\"robots\" content=\"index, follow, max-snippet:-1, max-image-preview:large, max-video-preview:-1\" \/>\n<link rel=\"canonical\" href=\"https:\/\/airportsmokinglounge.com\/fr\/fumer-dans-les-aeroports-belgiques\/\" \/>\n<meta property=\"og:locale\" content=\"fr_FR\" \/>\n<meta property=\"og:type\" content=\"article\" \/>\n<meta property=\"og:title\" content=\"Smoking in Belgium&#039;s airports - airportsmokinglounge.com\" \/>\n<meta property=\"og:description\" content=\"Smoking Areas in Belgium Airports - Find Your Next Smoke Break Spot - Your Ultimate Guide to Finding a Place to Smoke \u2714\ufe0e\" \/>\n<meta property=\"og:url\" content=\"https:\/\/airportsmokinglounge.com\/fr\/fumer-dans-les-aeroports-belgiques\/\" \/>\n<meta property=\"og:site_name\" content=\"airportsmokinglounge.com\" \/>\n<meta property=\"article:modified_time\" content=\"2023-05-10T12:10:43+00:00\" \/>\n<meta property=\"og:image\" content=\"https:\/\/airportsmokinglounge.com\/wp-content\/uploads\/2023\/03\/airport-smoking-lounge-4.jpg\" \/>\n\t<meta property=\"og:image:width\" content=\"2048\" \/>\n\t<meta property=\"og:image:height\" content=\"1152\" \/>\n\t<meta property=\"og:image:type\" content=\"image\/jpeg\" \/>\n<meta name=\"twitter:card\" content=\"summary_large_image\" \/>\n<meta name=\"twitter:label1\" content=\"Dur\u00e9e de lecture estim\u00e9e\" \/>\n\t<meta name=\"twitter:data1\" content=\"2 minutes\" \/>\n<script type=\"application\/ld+json\" class=\"yoast-schema-graph\">{\"@context\":\"https:\/\/schema.org\",\"@graph\":[{\"@type\":\"WebPage\",\"@id\":\"https:\/\/airportsmokinglounge.com\/smoking-in-belgiums-airports\/\",\"url\":\"https:\/\/airportsmokinglounge.com\/smoking-in-belgiums-airports\/\",\"name\":\"Smoking in Belgium's airports - airportsmokinglounge.com\",\"isPartOf\":{\"@id\":\"https:\/\/airportsmokinglounge.com\/#website\"},\"primaryImageOfPage\":{\"@id\":\"https:\/\/airportsmokinglounge.com\/smoking-in-belgiums-airports\/#primaryimage\"},\"image\":{\"@id\":\"https:\/\/airportsmokinglounge.com\/smoking-in-belgiums-airports\/#primaryimage\"},\"thumbnailUrl\":\"https:\/\/airportsmokinglounge.com\/wp-content\/uploads\/2023\/03\/airport-smoking-lounge-4.jpg\",\"datePublished\":\"2023-02-21T15:15:24+00:00\",\"dateModified\":\"2023-05-10T12:10:43+00:00\",\"description\":\"Smoking Areas in Belgium Airports - Find Your Next Smoke Break Spot - Your Ultimate Guide to Finding a Place to Smoke \u2714\ufe0e\",\"breadcrumb\":{\"@id\":\"https:\/\/airportsmokinglounge.com\/smoking-in-belgiums-airports\/#breadcrumb\"},\"inLanguage\":\"fr-FR\",\"potentialAction\":[{\"@type\":\"ReadAction\",\"target\":[\"https:\/\/airportsmokinglounge.com\/smoking-in-belgiums-airports\/\"]}]},{\"@type\":\"ImageObject\",\"inLanguage\":\"fr-FR\",\"@id\":\"https:\/\/airportsmokinglounge.com\/smoking-in-belgiums-airports\/#primaryimage\",\"url\":\"https:\/\/airportsmokinglounge.com\/wp-content\/uploads\/2023\/03\/airport-smoking-lounge-4.jpg\",\"contentUrl\":\"https:\/\/airportsmokinglounge.com\/wp-content\/uploads\/2023\/03\/airport-smoking-lounge-4.jpg\",\"width\":2048,\"height\":1152,\"caption\":\"Airport Smoking\"},{\"@type\":\"BreadcrumbList\",\"@id\":\"https:\/\/airportsmokinglounge.com\/smoking-in-belgiums-airports\/#breadcrumb\",\"itemListElement\":[{\"@type\":\"ListItem\",\"position\":1,\"name\":\"Home\",\"item\":\"https:\/\/airportsmokinglounge.com\/\"},{\"@type\":\"ListItem\",\"position\":2,\"name\":\"Smoking in Belgium&#8217;s airports\"}]},{\"@type\":\"WebSite\",\"@id\":\"https:\/\/airportsmokinglounge.com\/#website\",\"url\":\"https:\/\/airportsmokinglounge.com\/\",\"name\":\"airportsmokinglounge.com\",\"description\":\"\",\"potentialAction\":[{\"@type\":\"SearchAction\",\"target\":{\"@type\":\"EntryPoint\",\"urlTemplate\":\"https:\/\/airportsmokinglounge.com\/?s={search_term_string}\"},\"query-input\":{\"@type\":\"PropertyValueSpecification\",\"valueRequired\":true,\"valueName\":\"search_term_string\"}}],\"inLanguage\":\"fr-FR\"}]}<\/script>\n<!-- \/ Yoast SEO plugin. -->","yoast_head_json":{"title":"Fumer dans les a\u00e9roports belges - Airportsmokinglounge.com","description":"Zones fumeurs dans les a\u00e9roports belges - Trouvez votre prochain endroit pour fumer - Votre guide ultime pour trouver un endroit pour fumer \u2714\ufe0e","robots":{"index":"index","follow":"follow","max-snippet":"max-snippet:-1","max-image-preview":"max-image-preview:large","max-video-preview":"max-video-preview:-1"},"canonical":"https:\/\/airportsmokinglounge.com\/fr\/fumer-dans-les-aeroports-belgiques\/","og_locale":"fr_FR","og_type":"article","og_title":"Smoking in Belgium's airports - airportsmokinglounge.com","og_description":"Smoking Areas in Belgium Airports - Find Your Next Smoke Break Spot - Your Ultimate Guide to Finding a Place to Smoke \u2714\ufe0e","og_url":"https:\/\/airportsmokinglounge.com\/fr\/fumer-dans-les-aeroports-belgiques\/","og_site_name":"airportsmokinglounge.com","article_modified_time":"2023-05-10T12:10:43+00:00","og_image":[{"width":2048,"height":1152,"url":"https:\/\/airportsmokinglounge.com\/wp-content\/uploads\/2023\/03\/airport-smoking-lounge-4.jpg","type":"image\/jpeg"}],"twitter_card":"summary_large_image","twitter_misc":{"Dur\u00e9e de lecture estim\u00e9e":"2 minutes"},"schema":{"@context":"https:\/\/schema.org","@graph":[{"@type":"WebPage","@id":"https:\/\/airportsmokinglounge.com\/smoking-in-belgiums-airports\/","url":"https:\/\/airportsmokinglounge.com\/smoking-in-belgiums-airports\/","name":"Fumer dans les a\u00e9roports belges - Airportsmokinglounge.com","isPartOf":{"@id":"https:\/\/airportsmokinglounge.com\/#website"},"primaryImageOfPage":{"@id":"https:\/\/airportsmokinglounge.com\/smoking-in-belgiums-airports\/#primaryimage"},"image":{"@id":"https:\/\/airportsmokinglounge.com\/smoking-in-belgiums-airports\/#primaryimage"},"thumbnailUrl":"https:\/\/airportsmokinglounge.com\/wp-content\/uploads\/2023\/03\/airport-smoking-lounge-4.jpg","datePublished":"2023-02-21T15:15:24+00:00","dateModified":"2023-05-10T12:10:43+00:00","description":"Zones fumeurs dans les a\u00e9roports belges - Trouvez votre prochain endroit pour fumer - Votre guide ultime pour trouver un endroit pour fumer \u2714\ufe0e","breadcrumb":{"@id":"https:\/\/airportsmokinglounge.com\/smoking-in-belgiums-airports\/#breadcrumb"},"inLanguage":"fr-FR","potentialAction":[{"@type":"ReadAction","target":["https:\/\/airportsmokinglounge.com\/smoking-in-belgiums-airports\/"]}]},{"@type":"ImageObject","inLanguage":"fr-FR","@id":"https:\/\/airportsmokinglounge.com\/smoking-in-belgiums-airports\/#primaryimage","url":"https:\/\/airportsmokinglounge.com\/wp-content\/uploads\/2023\/03\/airport-smoking-lounge-4.jpg","contentUrl":"https:\/\/airportsmokinglounge.com\/wp-content\/uploads\/2023\/03\/airport-smoking-lounge-4.jpg","width":2048,"height":1152,"caption":"Airport Smoking"},{"@type":"BreadcrumbList","@id":"https:\/\/airportsmokinglounge.com\/smoking-in-belgiums-airports\/#breadcrumb","itemListElement":[{"@type":"ListItem","position":1,"name":"Home","item":"https:\/\/airportsmokinglounge.com\/"},{"@type":"ListItem","position":2,"name":"Smoking in Belgium&#8217;s airports"}]},{"@type":"WebSite","@id":"https:\/\/airportsmokinglounge.com\/#website","url":"https:\/\/airportsmokinglounge.com\/","name":"airportsmokinglounge.com","description":"","potentialAction":[{"@type":"SearchAction","target":{"@type":"EntryPoint","urlTemplate":"https:\/\/airportsmokinglounge.com\/?s={search_term_string}"},"query-input":{"@type":"PropertyValueSpecification","valueRequired":true,"valueName":"search_term_string"}}],"inLanguage":"fr-FR"}]}},"_links":{"self":[{"href":"https:\/\/airportsmokinglounge.com\/fr\/wp-json\/wp\/v2\/pages\/83","targetHints":{"allow":["GET"]}}],"collection":[{"href":"https:\/\/airportsmokinglounge.com\/fr\/wp-json\/wp\/v2\/pages"}],"about":[{"href":"https:\/\/airportsmokinglounge.com\/fr\/wp-json\/wp\/v2\/types\/page"}],"author":[{"embeddable":true,"href":"https:\/\/airportsmokinglounge.com\/fr\/wp-json\/wp\/v2\/users\/1"}],"replies":[{"embeddable":true,"href":"https:\/\/airportsmokinglounge.com\/fr\/wp-json\/wp\/v2\/comments?post=83"}],"version-history":[{"count":10,"href":"https:\/\/airportsmokinglounge.com\/fr\/wp-json\/wp\/v2\/pages\/83\/revisions"}],"predecessor-version":[{"id":4756,"href":"https:\/\/airportsmokinglounge.com\/fr\/wp-json\/wp\/v2\/pages\/83\/revisions\/4756"}],"wp:featuredmedia":[{"embeddable":true,"href":"https:\/\/airportsmokinglounge.com\/fr\/wp-json\/wp\/v2\/media\/1199"}],"wp:attachment":[{"href":"https:\/\/airportsmokinglounge.com\/fr\/wp-json\/wp\/v2\/media?parent=83"}],"curies":[{"name":"wp","href":"https:\/\/api.w.org\/{rel}","templated":true}]}}