{"id":1104,"date":"2023-03-22T12:27:47","date_gmt":"2023-03-22T11:27:47","guid":{"rendered":"https:\/\/airportsmokinglounge.com\/?page_id=1104"},"modified":"2023-05-23T18:08:41","modified_gmt":"2023-05-23T16:08:41","slug":"smoking-areas-at-stockholm-arlanda-airport-arn","status":"publish","type":"page","link":"https:\/\/airportsmokinglounge.com\/it\/aree-fumatori-all-aeroporto-di-arlanda-di-stoccolma-arn\/","title":{"rendered":"Aree fumatori all&#039;aeroporto di Stoccolma Arlanda (ARN)"},"content":{"rendered":"<p>L&#039;aeroporto di Stoccolma Arlanda (ARN) \u00e8 il pi\u00f9 grande aeroporto internazionale della Svezia e serve la capitale Stoccolma e le regioni circostanti. Situato nel comune di Sigtuna, a circa 40 chilometri a nord del centro di Stoccolma, \u00e8 il gateway principale per i voli nazionali e internazionali.<\/p>\n<p>Essendo il principale aeroporto della Svezia, l&#039;Aeroporto di Stoccolma Arlanda offre un&#039;ampia gamma di collegamenti aerei con destinazioni in tutto il mondo. Serve come un importante hub per Scandinavian Airlines (SAS) e Norwegian Air Shuttle, cos\u00ec come molte altre compagnie aeree. I passeggeri possono volare verso numerose destinazioni in Europa, Asia, Nord America e altre parti del mondo da questo aeroporto.<\/p>\n<h2>Aree fumatori prima dei controlli di sicurezza<\/h2>\n<ul>\n<li><span style=\"font-size: 14pt;\">\u00c8 consentito fumare solo all&#039;esterno del terminal<\/span><\/li>\n<\/ul>\n<h2>Aree fumatori dopo i controlli di sicurezza<\/h2>\n<p><span style=\"font-size: 14pt;\">Ci sono aree fumatori all&#039;interno del terminal.<\/span><\/p>\n<ul>\n<li><span style=\"font-size: 14pt;\"><strong>Terminale 2: <\/strong>Al piano d&#039;ingresso, dopo la sicurezza proprio accanto alle scale. Ingresso A, accanto alla pietra runica al livello 3 Al piano superiore delle cabine per fumatori &quot;Himmel &amp; Bar&quot;.<\/span><\/li>\n<li><span style=\"font-size: 14pt;\"><strong>Terminale 4: <\/strong>Al piano inferiore vicino al gate 30. Appena prima del terminal degli autobus di trasferimento.<\/span><\/li>\n<li><span style=\"font-size: 14pt;\"><strong>Terminale 5: <\/strong>Vicino ai gate 3, 7, 13, 15, 19, 30, F31, F65 e F67.<\/span><\/li>\n<\/ul>\n<p><span style=\"font-size: 14pt;\">Maggiori informazioni sul sito ufficiale<\/span><\/p>\n<ul>\n<li><a href=\"https:\/\/www.swedavia.se\/arlanda\/\" target=\"_blank\" rel=\"noopener\">www.swedavia.se<\/a><\/li>\n<\/ul>\n<p><strong><span style=\"font-size: 14pt;\">Inviaci un feedback<\/span><\/strong><\/p>\n<p><span style=\"font-size: 14pt;\">Se sei in aeroporto, sei pi\u00f9 che benvenuto a inviarci foto delle aree fumatori. Questo ci aiuter\u00e0 a riempire il nostro database pi\u00f9 velocemente. Puoi farlo <strong><a href=\"https:\/\/airportsmokinglounge.com\/it\/contatto\/\">Qui<\/a>.<\/strong> Le immagini sono pubblicate sul nostro sito, indicando la fonte dell&#039;immagine (nome). Sentiti libero di condividere queste foto con noi e con tutti i visitatori di airportsmokinglounge.com<\/span>.<\/p>\n<h2>Legge sul fumo in Svezia<\/h2>\n<p>La Svezia ha implementato leggi e regolamenti sul fumo per proteggere la salute pubblica e ridurre l&#039;uso del tabacco. Tuttavia, tieni presente che le leggi sul fumo possono cambiare nel tempo, quindi \u00e8 consigliabile fare riferimento alla legislazione pi\u00f9 recente o consultare le autorit\u00e0 locali per le informazioni pi\u00f9 aggiornate sulle leggi sul fumo in Svezia.<\/p>\n<p>In Svezia, \u00e8 generalmente vietato fumare nei luoghi pubblici chiusi, comprese le aree interne di ristoranti, bar, caffetterie, centri commerciali ed edifici governativi. Queste aree sono designate come non fumatori e non \u00e8 consentito fumare all&#039;interno.<\/p>\n<p>La Svezia ha anche implementato restrizioni sul fumo nelle aree pubbliche all&#039;aperto, come vicino agli ingressi degli edifici, alle fermate degli autobus e in alcuni posti a sedere all&#039;aperto. Inoltre, il fumo pu\u00f2 essere proibito entro determinate distanze da determinate aree, come scuole e strutture sanitarie.<\/p>\n<p>La vendita di prodotti del tabacco ai minori di 18 anni \u00e8 severamente vietata in Svezia. Il paese ha implementato avvertenze sanitarie grafiche sulle confezioni di sigarette per aumentare la consapevolezza sui rischi per la salute associati al fumo.<\/p>\n<h3>Domande frequenti<\/h3>\n<h4>Le aree fumatori in aeroporto sono disponibili 24 ore su 24, 7 giorni su 7?<\/h4>\n<p>La disponibilit\u00e0 delle aree fumatori aeroportuali pu\u00f2 variare a seconda dell&#039;aeroporto e della localit\u00e0. Alcune aree fumatori sono aperte 24 ore su 24, mentre altre possono avere orari limitati o essere chiuse in determinati orari. \u00c8 meglio verificare con l&#039;aeroporto o visitare il loro sito Web per informazioni specifiche sugli orari di apertura dell&#039;area fumatori.<\/p>\n<h4>\u00c8 consentito portare cibo e bevande nell&#039;area fumatori?<\/h4>\n<p>Questo pu\u00f2 dipendere dalla specifica area fumatori e dall&#039;aeroporto. Alcune aree fumatori possono consentire cibo e bevande dall&#039;esterno, mentre altre possono avere restrizioni o proibirle completamente. \u00c8 meglio verificare con l&#039;aeroporto o la segnaletica dell&#039;area fumatori per norme e regolamenti specifici.<\/p>\n<h4>\u00c8 consentito fumare in tutte le aree fumatori dell&#039;aeroporto?<\/h4>\n<p>Non tutte le aree fumatori aeroportuali possono consentire di fumare. Alcuni aeroporti possono avere aree designate per le sigarette elettroniche o lo svapo, che sono separate dalle tradizionali aree fumatori. Assicurati di controllare le norme e i regolamenti specifici per l&#039;area fumatori che intendi utilizzare.<\/p>\n<h4>Le aree fumatori sono climatizzate o riscaldate?<\/h4>\n<p>La temperatura e la ventilazione delle aree fumatori aeroportuali possono variare notevolmente. Alcuni possono essere climatizzati o riscaldati, mentre altri possono essere spazi all&#039;aperto con protezione limitata dagli elementi. Assicurati di verificare con l&#039;aeroporto o di visitare l&#039;area fumatori in anticipo per determinare le condizioni e prepararti di conseguenza.<\/p>\n<h4>Le aree fumatori sono accessibili ai viaggiatori con disabilit\u00e0?<\/h4>\n<p>Molti aeroporti hanno compiuto sforzi per rendere le loro aree fumatori accessibili ai viaggiatori con disabilit\u00e0. Tuttavia, l&#039;accessibilit\u00e0 di specifiche aree fumatori pu\u00f2 variare notevolmente. Assicurati di verificare con l&#039;aeroporto o visitare l&#039;area fumatori in anticipo per determinare se \u00e8 accessibile e soddisfa le tue esigenze.<\/p>\n<p><span style=\"font-size: 14pt;\"><strong>Altri aeroporti in Svezia:<\/strong> <\/span><\/p>\n<ul>\n<li><a href=\"https:\/\/airportsmokinglounge.com\/it\/aree-fumatori-negli-aeroporti-svedesi\/\"><span style=\"font-size: 14pt;\">Aeroporti in Svezia<\/span><\/a><\/li>\n<\/ul>\n<p><span style=\"font-size: 14pt;\"><strong>Aree fumatori in Europa<\/strong><\/span><\/p>\n<ul>\n<li><span style=\"font-size: 14pt;\"><a href=\"https:\/\/airportsmokinglounge.com\/it\/aree-fumatori-negli-aeroporti-europei\/\">aeroporti europei<\/a><\/span><\/li>\n<\/ul>","protected":false},"excerpt":{"rendered":"<p>Stockholm Arlanda Airport (ARN) is the largest international airport in Sweden, serving the capital city of Stockholm and its surrounding regions. Located in the municipality of Sigtuna, about 40 kilometers north of central Stockholm, it is the primary gateway for both domestic and international flights. As the main airport in Sweden, Stockholm Arlanda Airport offers&hellip;&nbsp;<a href=\"https:\/\/airportsmokinglounge.com\/it\/aree-fumatori-all-aeroporto-di-arlanda-di-stoccolma-arn\/\" rel=\"bookmark\">Per saperne di pi\u00f9 &quot;<span class=\"screen-reader-text\">Aree fumatori all&#039;aeroporto di Stoccolma Arlanda (ARN)<\/span><\/a><\/p>","protected":false},"author":1,"featured_media":1199,"parent":0,"menu_order":0,"comment_status":"closed","ping_status":"closed","template":"","meta":{"neve_meta_sidebar":"","neve_meta_container":"","neve_meta_enable_content_width":"off","neve_meta_content_width":100,"neve_meta_title_alignment":"","neve_meta_author_avatar":"","neve_post_elements_order":"","neve_meta_disable_header":"","neve_meta_disable_footer":"","neve_meta_disable_title":"","neve_meta_reading_time":"","footnotes":""},"class_list":["post-1104","page","type-page","status-publish","has-post-thumbnail","hentry"],"yoast_head":"<!-- This site is optimized with the Yoast SEO plugin v26.6 - https:\/\/yoast.com\/wordpress\/plugins\/seo\/ -->\n<title>Smoking areas at Stockholm Arlanda Airport (ARN)<\/title>\n<meta name=\"description\" content=\"Smoking areas Stockholm Arlanda Airport - Find a smoking area in the airport \u2714\ufe0e Smoking Guide in Airports: Information for Travelers \u2714\ufe0e\" \/>\n<meta name=\"robots\" content=\"index, follow, max-snippet:-1, max-image-preview:large, max-video-preview:-1\" \/>\n<link rel=\"canonical\" href=\"https:\/\/airportsmokinglounge.com\/it\/aree-fumatori-all-aeroporto-di-arlanda-di-stoccolma-arn\/\" \/>\n<meta property=\"og:locale\" content=\"it_IT\" \/>\n<meta property=\"og:type\" content=\"article\" \/>\n<meta property=\"og:title\" content=\"Smoking areas at Stockholm Arlanda Airport (ARN)\" \/>\n<meta property=\"og:description\" content=\"Smoking areas Stockholm Arlanda Airport - Find a smoking area in the airport \u2714\ufe0e Smoking Guide in Airports: Information for Travelers \u2714\ufe0e\" \/>\n<meta property=\"og:url\" content=\"https:\/\/airportsmokinglounge.com\/it\/aree-fumatori-all-aeroporto-di-arlanda-di-stoccolma-arn\/\" \/>\n<meta property=\"og:site_name\" content=\"airportsmokinglounge.com\" \/>\n<meta property=\"article:modified_time\" content=\"2023-05-23T16:08:41+00:00\" \/>\n<meta property=\"og:image\" content=\"https:\/\/airportsmokinglounge.com\/wp-content\/uploads\/2023\/03\/airport-smoking-lounge-4.jpg\" \/>\n\t<meta property=\"og:image:width\" content=\"2048\" \/>\n\t<meta property=\"og:image:height\" content=\"1152\" \/>\n\t<meta property=\"og:image:type\" content=\"image\/jpeg\" \/>\n<meta name=\"twitter:card\" content=\"summary_large_image\" \/>\n<meta name=\"twitter:label1\" content=\"Tempo di lettura stimato\" \/>\n\t<meta name=\"twitter:data1\" content=\"4 minuti\" \/>\n<script type=\"application\/ld+json\" class=\"yoast-schema-graph\">{\"@context\":\"https:\/\/schema.org\",\"@graph\":[{\"@type\":\"WebPage\",\"@id\":\"https:\/\/airportsmokinglounge.com\/smoking-areas-at-stockholm-arlanda-airport-arn\/\",\"url\":\"https:\/\/airportsmokinglounge.com\/smoking-areas-at-stockholm-arlanda-airport-arn\/\",\"name\":\"Smoking areas at Stockholm Arlanda Airport (ARN)\",\"isPartOf\":{\"@id\":\"https:\/\/airportsmokinglounge.com\/#website\"},\"primaryImageOfPage\":{\"@id\":\"https:\/\/airportsmokinglounge.com\/smoking-areas-at-stockholm-arlanda-airport-arn\/#primaryimage\"},\"image\":{\"@id\":\"https:\/\/airportsmokinglounge.com\/smoking-areas-at-stockholm-arlanda-airport-arn\/#primaryimage\"},\"thumbnailUrl\":\"https:\/\/airportsmokinglounge.com\/wp-content\/uploads\/2023\/03\/airport-smoking-lounge-4.jpg\",\"datePublished\":\"2023-03-22T11:27:47+00:00\",\"dateModified\":\"2023-05-23T16:08:41+00:00\",\"description\":\"Smoking areas Stockholm Arlanda Airport - Find a smoking area in the airport \u2714\ufe0e Smoking Guide in Airports: Information for Travelers \u2714\ufe0e\",\"breadcrumb\":{\"@id\":\"https:\/\/airportsmokinglounge.com\/smoking-areas-at-stockholm-arlanda-airport-arn\/#breadcrumb\"},\"inLanguage\":\"it-IT\",\"potentialAction\":[{\"@type\":\"ReadAction\",\"target\":[\"https:\/\/airportsmokinglounge.com\/smoking-areas-at-stockholm-arlanda-airport-arn\/\"]}]},{\"@type\":\"ImageObject\",\"inLanguage\":\"it-IT\",\"@id\":\"https:\/\/airportsmokinglounge.com\/smoking-areas-at-stockholm-arlanda-airport-arn\/#primaryimage\",\"url\":\"https:\/\/airportsmokinglounge.com\/wp-content\/uploads\/2023\/03\/airport-smoking-lounge-4.jpg\",\"contentUrl\":\"https:\/\/airportsmokinglounge.com\/wp-content\/uploads\/2023\/03\/airport-smoking-lounge-4.jpg\",\"width\":2048,\"height\":1152,\"caption\":\"Airport Smoking\"},{\"@type\":\"BreadcrumbList\",\"@id\":\"https:\/\/airportsmokinglounge.com\/smoking-areas-at-stockholm-arlanda-airport-arn\/#breadcrumb\",\"itemListElement\":[{\"@type\":\"ListItem\",\"position\":1,\"name\":\"Home\",\"item\":\"https:\/\/airportsmokinglounge.com\/\"},{\"@type\":\"ListItem\",\"position\":2,\"name\":\"Smoking areas at Stockholm Arlanda Airport (ARN)\"}]},{\"@type\":\"WebSite\",\"@id\":\"https:\/\/airportsmokinglounge.com\/#website\",\"url\":\"https:\/\/airportsmokinglounge.com\/\",\"name\":\"airportsmokinglounge.com\",\"description\":\"\",\"potentialAction\":[{\"@type\":\"SearchAction\",\"target\":{\"@type\":\"EntryPoint\",\"urlTemplate\":\"https:\/\/airportsmokinglounge.com\/?s={search_term_string}\"},\"query-input\":{\"@type\":\"PropertyValueSpecification\",\"valueRequired\":true,\"valueName\":\"search_term_string\"}}],\"inLanguage\":\"it-IT\"}]}<\/script>\n<!-- \/ Yoast SEO plugin. -->","yoast_head_json":{"title":"Aree fumatori all&#039;aeroporto di Stoccolma Arlanda (ARN)","description":"Aree fumatori Aeroporto di Stoccolma Arlanda - Trova un&#039;area fumatori in aeroporto \u2714\ufe0e Guida al fumo negli aeroporti: informazioni per i viaggiatori \u2714\ufe0e","robots":{"index":"index","follow":"follow","max-snippet":"max-snippet:-1","max-image-preview":"max-image-preview:large","max-video-preview":"max-video-preview:-1"},"canonical":"https:\/\/airportsmokinglounge.com\/it\/aree-fumatori-all-aeroporto-di-arlanda-di-stoccolma-arn\/","og_locale":"it_IT","og_type":"article","og_title":"Smoking areas at Stockholm Arlanda Airport (ARN)","og_description":"Smoking areas Stockholm Arlanda Airport - Find a smoking area in the airport \u2714\ufe0e Smoking Guide in Airports: Information for Travelers \u2714\ufe0e","og_url":"https:\/\/airportsmokinglounge.com\/it\/aree-fumatori-all-aeroporto-di-arlanda-di-stoccolma-arn\/","og_site_name":"airportsmokinglounge.com","article_modified_time":"2023-05-23T16:08:41+00:00","og_image":[{"width":2048,"height":1152,"url":"https:\/\/airportsmokinglounge.com\/wp-content\/uploads\/2023\/03\/airport-smoking-lounge-4.jpg","type":"image\/jpeg"}],"twitter_card":"summary_large_image","twitter_misc":{"Tempo di lettura stimato":"4 minuti"},"schema":{"@context":"https:\/\/schema.org","@graph":[{"@type":"WebPage","@id":"https:\/\/airportsmokinglounge.com\/smoking-areas-at-stockholm-arlanda-airport-arn\/","url":"https:\/\/airportsmokinglounge.com\/smoking-areas-at-stockholm-arlanda-airport-arn\/","name":"Aree fumatori all&#039;aeroporto di Stoccolma Arlanda (ARN)","isPartOf":{"@id":"https:\/\/airportsmokinglounge.com\/#website"},"primaryImageOfPage":{"@id":"https:\/\/airportsmokinglounge.com\/smoking-areas-at-stockholm-arlanda-airport-arn\/#primaryimage"},"image":{"@id":"https:\/\/airportsmokinglounge.com\/smoking-areas-at-stockholm-arlanda-airport-arn\/#primaryimage"},"thumbnailUrl":"https:\/\/airportsmokinglounge.com\/wp-content\/uploads\/2023\/03\/airport-smoking-lounge-4.jpg","datePublished":"2023-03-22T11:27:47+00:00","dateModified":"2023-05-23T16:08:41+00:00","description":"Aree fumatori Aeroporto di Stoccolma Arlanda - Trova un&#039;area fumatori in aeroporto \u2714\ufe0e Guida al fumo negli aeroporti: informazioni per i viaggiatori \u2714\ufe0e","breadcrumb":{"@id":"https:\/\/airportsmokinglounge.com\/smoking-areas-at-stockholm-arlanda-airport-arn\/#breadcrumb"},"inLanguage":"it-IT","potentialAction":[{"@type":"ReadAction","target":["https:\/\/airportsmokinglounge.com\/smoking-areas-at-stockholm-arlanda-airport-arn\/"]}]},{"@type":"ImageObject","inLanguage":"it-IT","@id":"https:\/\/airportsmokinglounge.com\/smoking-areas-at-stockholm-arlanda-airport-arn\/#primaryimage","url":"https:\/\/airportsmokinglounge.com\/wp-content\/uploads\/2023\/03\/airport-smoking-lounge-4.jpg","contentUrl":"https:\/\/airportsmokinglounge.com\/wp-content\/uploads\/2023\/03\/airport-smoking-lounge-4.jpg","width":2048,"height":1152,"caption":"Airport Smoking"},{"@type":"BreadcrumbList","@id":"https:\/\/airportsmokinglounge.com\/smoking-areas-at-stockholm-arlanda-airport-arn\/#breadcrumb","itemListElement":[{"@type":"ListItem","position":1,"name":"Home","item":"https:\/\/airportsmokinglounge.com\/"},{"@type":"ListItem","position":2,"name":"Smoking areas at Stockholm Arlanda Airport (ARN)"}]},{"@type":"WebSite","@id":"https:\/\/airportsmokinglounge.com\/#website","url":"https:\/\/airportsmokinglounge.com\/","name":"airportsmokinglounge.com","description":"","potentialAction":[{"@type":"SearchAction","target":{"@type":"EntryPoint","urlTemplate":"https:\/\/airportsmokinglounge.com\/?s={search_term_string}"},"query-input":{"@type":"PropertyValueSpecification","valueRequired":true,"valueName":"search_term_string"}}],"inLanguage":"it-IT"}]}},"_links":{"self":[{"href":"https:\/\/airportsmokinglounge.com\/it\/wp-json\/wp\/v2\/pages\/1104","targetHints":{"allow":["GET"]}}],"collection":[{"href":"https:\/\/airportsmokinglounge.com\/it\/wp-json\/wp\/v2\/pages"}],"about":[{"href":"https:\/\/airportsmokinglounge.com\/it\/wp-json\/wp\/v2\/types\/page"}],"author":[{"embeddable":true,"href":"https:\/\/airportsmokinglounge.com\/it\/wp-json\/wp\/v2\/users\/1"}],"replies":[{"embeddable":true,"href":"https:\/\/airportsmokinglounge.com\/it\/wp-json\/wp\/v2\/comments?post=1104"}],"version-history":[{"count":6,"href":"https:\/\/airportsmokinglounge.com\/it\/wp-json\/wp\/v2\/pages\/1104\/revisions"}],"predecessor-version":[{"id":6021,"href":"https:\/\/airportsmokinglounge.com\/it\/wp-json\/wp\/v2\/pages\/1104\/revisions\/6021"}],"wp:featuredmedia":[{"embeddable":true,"href":"https:\/\/airportsmokinglounge.com\/it\/wp-json\/wp\/v2\/media\/1199"}],"wp:attachment":[{"href":"https:\/\/airportsmokinglounge.com\/it\/wp-json\/wp\/v2\/media?parent=1104"}],"curies":[{"name":"parola chiave","href":"https:\/\/api.w.org\/{rel}","templated":true}]}}