{"id":1235,"date":"2023-03-23T11:12:05","date_gmt":"2023-03-23T10:12:05","guid":{"rendered":"https:\/\/airportsmokinglounge.com\/?page_id=1235"},"modified":"2023-05-17T15:33:34","modified_gmt":"2023-05-17T13:33:34","slug":"smoking-areas-at-wellington-international-airport-wlg","status":"publish","type":"page","link":"https:\/\/airportsmokinglounge.com\/it\/aree-fumatori-dellaeroporto-internazionale-di-wellington-wlg\/","title":{"rendered":"Aree fumatori all&#039;aeroporto internazionale di Wellington (WLG)"},"content":{"rendered":"<p>L&#039;aeroporto internazionale di Wellington (WLG) \u00e8 il principale aeroporto che serve Wellington, la capitale della Nuova Zelanda. Situato a circa 8 chilometri a sud-est del centro citt\u00e0, nel sobborgo di Rongotai, l&#039;aeroporto di Wellington \u00e8 il terzo aeroporto pi\u00f9 trafficato del paese e un&#039;importante porta di accesso all&#039;Isola del Nord.<\/p>\n<p>L&#039;aeroporto di Wellington dispone di un unico terminal che si rivolge sia a voli nazionali che a voli internazionali limitati. Il terminal offre una gamma di comfort e servizi per garantire un&#039;esperienza di viaggio agevole e conveniente per i passeggeri.<\/p>\n<h2>Aree fumatori prima dei controlli di sicurezza<\/h2>\n<ul>\n<li><span style=\"font-size: 14pt;\">\u00c8 consentito fumare solo all&#039;esterno del terminal<\/span><\/li>\n<\/ul>\n<h2>Aree fumatori dopo i controlli di sicurezza<\/h2>\n<ul>\n<li><span style=\"font-size: 14pt;\">Non ci sono aree fumatori all&#039;interno del terminal dopo i controlli di sicurezza<\/span><\/li>\n<\/ul>\n<p><span style=\"font-size: 14pt;\">Maggiori informazioni sul sito ufficiale<\/span><\/p>\n<ul>\n<li><a href=\"https:\/\/www.wellingtonairport.co.nz\/\" target=\"_blank\" rel=\"noopener\">www.wellingtonairport.co.nz<\/a><\/li>\n<\/ul>\n<p><strong><span style=\"font-size: 14pt;\">Inviaci un feedback<\/span><\/strong><\/p>\n<p><span style=\"font-size: 14pt;\">Se sei in aeroporto, sei pi\u00f9 che benvenuto a inviarci foto delle aree fumatori. Questo ci aiuter\u00e0 a riempire il nostro database pi\u00f9 velocemente. Puoi farlo <strong><a href=\"https:\/\/airportsmokinglounge.com\/it\/contatto\/\">Qui<\/a>.<\/strong> Le immagini sono pubblicate sul nostro sito, indicando la fonte dell&#039;immagine (nome). Sentiti libero di condividere queste foto con noi e con tutti i visitatori di airportsmokinglounge.com<\/span>.<\/p>\n<h2>Legge sul fumo in Nuova Zelanda<\/h2>\n<p>La Nuova Zelanda ha implementato leggi e regolamenti completi sul fumo per promuovere la salute pubblica e ridurre l&#039;uso del tabacco. Queste misure mirano a creare ambienti senza fumo e scoraggiare il fumo.<\/p>\n<p>In Nuova Zelanda, \u00e8 generalmente vietato fumare nei luoghi pubblici chiusi, compresi i luoghi di lavoro, i luoghi di ospitalit\u00e0 e i trasporti pubblici. Ci\u00f2 significa che non \u00e8 consentito fumare all&#039;interno di ristoranti, bar, caffetterie, centri commerciali e altri spazi pubblici. Tuttavia, in alcune strutture potrebbero essere disponibili aree fumatori all&#039;aperto designate.<\/p>\n<p>La Nuova Zelanda ha anche introdotto norme severe sull&#039;esposizione e la promozione dei prodotti del tabacco. La pubblicit\u00e0 e la sponsorizzazione del tabacco sono fortemente limitate e ci sono avvisi grafici sulla salute sulle confezioni di sigarette.<\/p>\n<p>La vendita di prodotti del tabacco ai minori di 18 anni \u00e8 severamente vietata in Nuova Zelanda. Il paese ha attuato misure per ridurre l&#039;accessibilit\u00e0 e la disponibilit\u00e0 del tabacco, tra cui l&#039;aumento delle tasse sul tabacco e la limitazione del numero di punti vendita al dettaglio che vendono tabacco.<\/p>\n<p>L&#039;applicazione delle leggi sul fumo viene effettuata da varie autorit\u00e0 e le sanzioni per il mancato rispetto possono includere multe o altre conseguenze legali.<\/p>\n<p>La Nuova Zelanda ha un forte impegno per il controllo del tabacco e ha fissato l&#039;obiettivo di diventare una nazione senza fumo entro il 2025. Ci\u00f2 significa raggiungere un tasso di prevalenza del fumo molto basso e ridurre al minimo i danni causati dall&#039;uso del tabacco.<\/p>\n<p>Per le informazioni pi\u00f9 accurate e aggiornate sulle leggi sul fumo della Nuova Zelanda, si consiglia di consultare la legislazione pi\u00f9 recente o di contattare le autorit\u00e0 locali o le organizzazioni sanitarie.<\/p>\n<h3>Domande frequenti<\/h3>\n<h4>Le aree fumatori in aeroporto sono disponibili 24 ore su 24, 7 giorni su 7?<\/h4>\n<p>La disponibilit\u00e0 delle aree fumatori aeroportuali pu\u00f2 variare a seconda dell&#039;aeroporto e della localit\u00e0. Alcune aree fumatori sono aperte 24 ore su 24, mentre altre possono avere orari limitati o essere chiuse in determinati orari. \u00c8 meglio verificare con l&#039;aeroporto o visitare il loro sito Web per informazioni specifiche sugli orari di apertura dell&#039;area fumatori.<\/p>\n<h4>\u00c8 consentito portare cibo e bevande nell&#039;area fumatori?<\/h4>\n<p>Questo pu\u00f2 dipendere dalla specifica area fumatori e dall&#039;aeroporto. Alcune aree fumatori possono consentire cibo e bevande dall&#039;esterno, mentre altre possono avere restrizioni o proibirle completamente. \u00c8 meglio verificare con l&#039;aeroporto o la segnaletica dell&#039;area fumatori per norme e regolamenti specifici.<\/p>\n<h4>\u00c8 consentito fumare in tutte le aree fumatori dell&#039;aeroporto?<\/h4>\n<p>Non tutte le aree fumatori aeroportuali possono consentire di fumare. Alcuni aeroporti possono avere aree designate per le sigarette elettroniche o lo svapo, che sono separate dalle tradizionali aree fumatori. Assicurati di controllare le norme e i regolamenti specifici per l&#039;area fumatori che intendi utilizzare.<\/p>\n<h4>Le aree fumatori sono climatizzate o riscaldate?<\/h4>\n<p>La temperatura e la ventilazione delle aree fumatori aeroportuali possono variare notevolmente. Alcuni possono essere climatizzati o riscaldati, mentre altri possono essere spazi all&#039;aperto con protezione limitata dagli elementi. Assicurati di verificare con l&#039;aeroporto o di visitare l&#039;area fumatori in anticipo per determinare le condizioni e prepararti di conseguenza.<\/p>\n<h4>Le aree fumatori sono accessibili ai viaggiatori con disabilit\u00e0?<\/h4>\n<p>Molti aeroporti hanno compiuto sforzi per rendere le loro aree fumatori accessibili ai viaggiatori con disabilit\u00e0. Tuttavia, l&#039;accessibilit\u00e0 di specifiche aree fumatori pu\u00f2 variare notevolmente. Assicurati di verificare con l&#039;aeroporto o visitare l&#039;area fumatori in anticipo per determinare se \u00e8 accessibile e soddisfa le tue esigenze.<\/p>\n<p><span style=\"font-size: 14pt;\"><strong>Altri aeroporti in Nuova Zelanda:<\/strong> <\/span><\/p>\n<ul>\n<li><a href=\"https:\/\/airportsmokinglounge.com\/it\/aree-fumatori-negli-aeroporti-della-nuova-zelanda\/\"><span style=\"font-size: 14pt;\">Aeroporti in Nuova Zelanda<\/span><\/a><\/li>\n<\/ul>\n<p><span style=\"font-size: 14pt;\"><strong>Aree fumatori in Oceania<\/strong><\/span><\/p>\n<ul>\n<li><a href=\"https:\/\/airportsmokinglounge.com\/it\/fumare-negli-aeroporti-delloceania\/\"><span style=\"font-size: 14pt;\">Aeroporti dell&#039;Oceania<\/span><\/a><\/li>\n<\/ul>","protected":false},"excerpt":{"rendered":"<p>Wellington International Airport (WLG) is the primary airport serving Wellington, the capital city of New Zealand. Situated approximately 8 kilometers southeast of the city center in the suburb of Rongotai, Wellington Airport is the third busiest airport in the country and an important gateway to the North Island. Wellington Airport features a single terminal building&hellip;&nbsp;<a href=\"https:\/\/airportsmokinglounge.com\/it\/aree-fumatori-dellaeroporto-internazionale-di-wellington-wlg\/\" rel=\"bookmark\">Per saperne di pi\u00f9 &quot;<span class=\"screen-reader-text\">Aree fumatori all&#039;aeroporto internazionale di Wellington (WLG)<\/span><\/a><\/p>","protected":false},"author":1,"featured_media":1199,"parent":0,"menu_order":0,"comment_status":"closed","ping_status":"closed","template":"","meta":{"neve_meta_sidebar":"","neve_meta_container":"","neve_meta_enable_content_width":"off","neve_meta_content_width":100,"neve_meta_title_alignment":"","neve_meta_author_avatar":"","neve_post_elements_order":"","neve_meta_disable_header":"","neve_meta_disable_footer":"","neve_meta_disable_title":"","neve_meta_reading_time":"","footnotes":""},"class_list":["post-1235","page","type-page","status-publish","has-post-thumbnail","hentry"],"yoast_head":"<!-- This site is optimized with the Yoast SEO plugin v26.6 - https:\/\/yoast.com\/wordpress\/plugins\/seo\/ -->\n<title>Smoking areas at Wellington International Airport (WLG)<\/title>\n<meta name=\"description\" content=\"Smoking areas Wellington International Airport - Find a smoking area in the airport \u2714\ufe0e Smoking Guide in Airports for Travelers \u2714\ufe0e\" \/>\n<meta name=\"robots\" content=\"index, follow, max-snippet:-1, max-image-preview:large, max-video-preview:-1\" \/>\n<link rel=\"canonical\" href=\"https:\/\/airportsmokinglounge.com\/it\/aree-fumatori-dellaeroporto-internazionale-di-wellington-wlg\/\" \/>\n<meta property=\"og:locale\" content=\"it_IT\" \/>\n<meta property=\"og:type\" content=\"article\" \/>\n<meta property=\"og:title\" content=\"Smoking areas at Wellington International Airport (WLG)\" \/>\n<meta property=\"og:description\" content=\"Smoking areas Wellington International Airport - Find a smoking area in the airport \u2714\ufe0e Smoking Guide in Airports for Travelers \u2714\ufe0e\" \/>\n<meta property=\"og:url\" content=\"https:\/\/airportsmokinglounge.com\/it\/aree-fumatori-dellaeroporto-internazionale-di-wellington-wlg\/\" \/>\n<meta property=\"og:site_name\" content=\"airportsmokinglounge.com\" \/>\n<meta property=\"article:modified_time\" content=\"2023-05-17T13:33:34+00:00\" \/>\n<meta property=\"og:image\" content=\"https:\/\/airportsmokinglounge.com\/wp-content\/uploads\/2023\/03\/airport-smoking-lounge-4.jpg\" \/>\n\t<meta property=\"og:image:width\" content=\"2048\" \/>\n\t<meta property=\"og:image:height\" content=\"1152\" \/>\n\t<meta property=\"og:image:type\" content=\"image\/jpeg\" \/>\n<meta name=\"twitter:card\" content=\"summary_large_image\" \/>\n<meta name=\"twitter:label1\" content=\"Tempo di lettura stimato\" \/>\n\t<meta name=\"twitter:data1\" content=\"3 minuti\" \/>\n<script type=\"application\/ld+json\" class=\"yoast-schema-graph\">{\"@context\":\"https:\/\/schema.org\",\"@graph\":[{\"@type\":\"WebPage\",\"@id\":\"https:\/\/airportsmokinglounge.com\/smoking-areas-at-wellington-international-airport-wlg\/\",\"url\":\"https:\/\/airportsmokinglounge.com\/smoking-areas-at-wellington-international-airport-wlg\/\",\"name\":\"Smoking areas at Wellington International Airport (WLG)\",\"isPartOf\":{\"@id\":\"https:\/\/airportsmokinglounge.com\/#website\"},\"primaryImageOfPage\":{\"@id\":\"https:\/\/airportsmokinglounge.com\/smoking-areas-at-wellington-international-airport-wlg\/#primaryimage\"},\"image\":{\"@id\":\"https:\/\/airportsmokinglounge.com\/smoking-areas-at-wellington-international-airport-wlg\/#primaryimage\"},\"thumbnailUrl\":\"https:\/\/airportsmokinglounge.com\/wp-content\/uploads\/2023\/03\/airport-smoking-lounge-4.jpg\",\"datePublished\":\"2023-03-23T10:12:05+00:00\",\"dateModified\":\"2023-05-17T13:33:34+00:00\",\"description\":\"Smoking areas Wellington International Airport - Find a smoking area in the airport \u2714\ufe0e Smoking Guide in Airports for Travelers \u2714\ufe0e\",\"breadcrumb\":{\"@id\":\"https:\/\/airportsmokinglounge.com\/smoking-areas-at-wellington-international-airport-wlg\/#breadcrumb\"},\"inLanguage\":\"it-IT\",\"potentialAction\":[{\"@type\":\"ReadAction\",\"target\":[\"https:\/\/airportsmokinglounge.com\/smoking-areas-at-wellington-international-airport-wlg\/\"]}]},{\"@type\":\"ImageObject\",\"inLanguage\":\"it-IT\",\"@id\":\"https:\/\/airportsmokinglounge.com\/smoking-areas-at-wellington-international-airport-wlg\/#primaryimage\",\"url\":\"https:\/\/airportsmokinglounge.com\/wp-content\/uploads\/2023\/03\/airport-smoking-lounge-4.jpg\",\"contentUrl\":\"https:\/\/airportsmokinglounge.com\/wp-content\/uploads\/2023\/03\/airport-smoking-lounge-4.jpg\",\"width\":2048,\"height\":1152,\"caption\":\"Airport Smoking\"},{\"@type\":\"BreadcrumbList\",\"@id\":\"https:\/\/airportsmokinglounge.com\/smoking-areas-at-wellington-international-airport-wlg\/#breadcrumb\",\"itemListElement\":[{\"@type\":\"ListItem\",\"position\":1,\"name\":\"Home\",\"item\":\"https:\/\/airportsmokinglounge.com\/\"},{\"@type\":\"ListItem\",\"position\":2,\"name\":\"Smoking areas at Wellington International Airport (WLG)\"}]},{\"@type\":\"WebSite\",\"@id\":\"https:\/\/airportsmokinglounge.com\/#website\",\"url\":\"https:\/\/airportsmokinglounge.com\/\",\"name\":\"airportsmokinglounge.com\",\"description\":\"\",\"potentialAction\":[{\"@type\":\"SearchAction\",\"target\":{\"@type\":\"EntryPoint\",\"urlTemplate\":\"https:\/\/airportsmokinglounge.com\/?s={search_term_string}\"},\"query-input\":{\"@type\":\"PropertyValueSpecification\",\"valueRequired\":true,\"valueName\":\"search_term_string\"}}],\"inLanguage\":\"it-IT\"}]}<\/script>\n<!-- \/ Yoast SEO plugin. -->","yoast_head_json":{"title":"Aree fumatori all&#039;aeroporto internazionale di Wellington (WLG)","description":"Aree fumatori Wellington International Airport - Trova un&#039;area fumatori in aeroporto \u2714\ufe0e Guida al fumo negli aeroporti per viaggiatori \u2714\ufe0e","robots":{"index":"index","follow":"follow","max-snippet":"max-snippet:-1","max-image-preview":"max-image-preview:large","max-video-preview":"max-video-preview:-1"},"canonical":"https:\/\/airportsmokinglounge.com\/it\/aree-fumatori-dellaeroporto-internazionale-di-wellington-wlg\/","og_locale":"it_IT","og_type":"article","og_title":"Smoking areas at Wellington International Airport (WLG)","og_description":"Smoking areas Wellington International Airport - Find a smoking area in the airport \u2714\ufe0e Smoking Guide in Airports for Travelers \u2714\ufe0e","og_url":"https:\/\/airportsmokinglounge.com\/it\/aree-fumatori-dellaeroporto-internazionale-di-wellington-wlg\/","og_site_name":"airportsmokinglounge.com","article_modified_time":"2023-05-17T13:33:34+00:00","og_image":[{"width":2048,"height":1152,"url":"https:\/\/airportsmokinglounge.com\/wp-content\/uploads\/2023\/03\/airport-smoking-lounge-4.jpg","type":"image\/jpeg"}],"twitter_card":"summary_large_image","twitter_misc":{"Tempo di lettura stimato":"3 minuti"},"schema":{"@context":"https:\/\/schema.org","@graph":[{"@type":"WebPage","@id":"https:\/\/airportsmokinglounge.com\/smoking-areas-at-wellington-international-airport-wlg\/","url":"https:\/\/airportsmokinglounge.com\/smoking-areas-at-wellington-international-airport-wlg\/","name":"Aree fumatori all&#039;aeroporto internazionale di Wellington (WLG)","isPartOf":{"@id":"https:\/\/airportsmokinglounge.com\/#website"},"primaryImageOfPage":{"@id":"https:\/\/airportsmokinglounge.com\/smoking-areas-at-wellington-international-airport-wlg\/#primaryimage"},"image":{"@id":"https:\/\/airportsmokinglounge.com\/smoking-areas-at-wellington-international-airport-wlg\/#primaryimage"},"thumbnailUrl":"https:\/\/airportsmokinglounge.com\/wp-content\/uploads\/2023\/03\/airport-smoking-lounge-4.jpg","datePublished":"2023-03-23T10:12:05+00:00","dateModified":"2023-05-17T13:33:34+00:00","description":"Aree fumatori Wellington International Airport - Trova un&#039;area fumatori in aeroporto \u2714\ufe0e Guida al fumo negli aeroporti per viaggiatori \u2714\ufe0e","breadcrumb":{"@id":"https:\/\/airportsmokinglounge.com\/smoking-areas-at-wellington-international-airport-wlg\/#breadcrumb"},"inLanguage":"it-IT","potentialAction":[{"@type":"ReadAction","target":["https:\/\/airportsmokinglounge.com\/smoking-areas-at-wellington-international-airport-wlg\/"]}]},{"@type":"ImageObject","inLanguage":"it-IT","@id":"https:\/\/airportsmokinglounge.com\/smoking-areas-at-wellington-international-airport-wlg\/#primaryimage","url":"https:\/\/airportsmokinglounge.com\/wp-content\/uploads\/2023\/03\/airport-smoking-lounge-4.jpg","contentUrl":"https:\/\/airportsmokinglounge.com\/wp-content\/uploads\/2023\/03\/airport-smoking-lounge-4.jpg","width":2048,"height":1152,"caption":"Airport Smoking"},{"@type":"BreadcrumbList","@id":"https:\/\/airportsmokinglounge.com\/smoking-areas-at-wellington-international-airport-wlg\/#breadcrumb","itemListElement":[{"@type":"ListItem","position":1,"name":"Home","item":"https:\/\/airportsmokinglounge.com\/"},{"@type":"ListItem","position":2,"name":"Smoking areas at Wellington International Airport (WLG)"}]},{"@type":"WebSite","@id":"https:\/\/airportsmokinglounge.com\/#website","url":"https:\/\/airportsmokinglounge.com\/","name":"airportsmokinglounge.com","description":"","potentialAction":[{"@type":"SearchAction","target":{"@type":"EntryPoint","urlTemplate":"https:\/\/airportsmokinglounge.com\/?s={search_term_string}"},"query-input":{"@type":"PropertyValueSpecification","valueRequired":true,"valueName":"search_term_string"}}],"inLanguage":"it-IT"}]}},"_links":{"self":[{"href":"https:\/\/airportsmokinglounge.com\/it\/wp-json\/wp\/v2\/pages\/1235","targetHints":{"allow":["GET"]}}],"collection":[{"href":"https:\/\/airportsmokinglounge.com\/it\/wp-json\/wp\/v2\/pages"}],"about":[{"href":"https:\/\/airportsmokinglounge.com\/it\/wp-json\/wp\/v2\/types\/page"}],"author":[{"embeddable":true,"href":"https:\/\/airportsmokinglounge.com\/it\/wp-json\/wp\/v2\/users\/1"}],"replies":[{"embeddable":true,"href":"https:\/\/airportsmokinglounge.com\/it\/wp-json\/wp\/v2\/comments?post=1235"}],"version-history":[{"count":5,"href":"https:\/\/airportsmokinglounge.com\/it\/wp-json\/wp\/v2\/pages\/1235\/revisions"}],"predecessor-version":[{"id":5349,"href":"https:\/\/airportsmokinglounge.com\/it\/wp-json\/wp\/v2\/pages\/1235\/revisions\/5349"}],"wp:featuredmedia":[{"embeddable":true,"href":"https:\/\/airportsmokinglounge.com\/it\/wp-json\/wp\/v2\/media\/1199"}],"wp:attachment":[{"href":"https:\/\/airportsmokinglounge.com\/it\/wp-json\/wp\/v2\/media?parent=1235"}],"curies":[{"name":"parola chiave","href":"https:\/\/api.w.org\/{rel}","templated":true}]}}