{"id":156,"date":"2023-02-23T18:41:33","date_gmt":"2023-02-23T17:41:33","guid":{"rendered":"https:\/\/airportsmokinglounge.com\/?page_id=156"},"modified":"2023-05-26T12:25:55","modified_gmt":"2023-05-26T10:25:55","slug":"smoking-areas-in-estonias-airports","status":"publish","type":"page","link":"https:\/\/airportsmokinglounge.com\/it\/aree-fumatori-negli-aeroporti-estonia\/","title":{"rendered":"Aree fumatori negli aeroporti dell&#039;Estonia"},"content":{"rendered":"<p>L&#039;Estonia ha un totale di sei aeroporti, di cui il pi\u00f9 grande e trafficato \u00e8 l&#039;aeroporto di Tallinn. Altri aeroporti in Estonia includono l&#039;aeroporto di Tartu, l&#039;aeroporto di P\u00e4rnu, l&#039;aeroporto di Kuressaare, l&#039;aeroporto di K\u00e4rdla e l&#039;aeroporto di Ruhnu.<\/p>\n<p>Su questo sito Web puoi trovare tutte le aree fumatori negli aeroporti, comprese le aree fumatori designate e le strutture disponibili. Comprendiamo la frustrazione di passare attraverso la sicurezza solo per scoprire che non ci sono aree fumatori da nessuna parte e in alcuni casi le sigarette elettroniche potrebbero non essere consentite.<\/p>\n<p>Questo servizio \u00e8 rivolto a tutti i fumatori che vogliono godersi una sigaretta prima o dopo un lungo volo.<\/p>\n<h2>Aeroporti in Estonia<\/h2>\n<ul style=\"list-style-type: circle;\">\n<li><a href=\"https:\/\/airportsmokinglounge.com\/it\/aree-fumatori-all-aeroporto-di-tallinn-tll\/\">AEROPORTO LENNART MERI DI TALLINN (TLL)<\/a><\/li>\n<li><a href=\"https:\/\/airportsmokinglounge.com\/it\/aree-fumatori-all-aeroporto-di-tartu-tay\/\">AEROPORTO DI TARTU (TAY)<\/a><\/li>\n<li><a href=\"https:\/\/airportsmokinglounge.com\/it\/aree-fumatori-all-aeroporto-kuressaare-ure\/\">AEROPORTO KURESSAARE (URE)<\/a><\/li>\n<li><a href=\"https:\/\/airportsmokinglounge.com\/it\/aree-fumatori-allaeroporto-di-kardla-kdl\/\">AEROPORTO DI K\u00c4RDLA (KDL)<\/a><\/li>\n<\/ul>\n<h2>Legge sul fumo in Estonia<\/h2>\n<p>In Estonia, il fumo \u00e8 regolato dalla legge sul tabacco, che vieta di fumare nei luoghi pubblici, comprese tutte le aree interne degli edifici pubblici. \u00c8 consentito fumare solo nelle aree fumatori designate, dotate di aspiratori di fumo e chiaramente contrassegnate con il simbolo internazionale del fumo.<\/p>\n<p>La legge sul tabacco richiede inoltre che i prodotti del tabacco siano venduti in confezioni standardizzate e vieta la pubblicit\u00e0 e la promozione dei prodotti del tabacco.<\/p>\n<p>Ci sono anche restrizioni sulla vendita di prodotti del tabacco ai minori, con i rivenditori tenuti a verificare l&#039;et\u00e0 degli acquirenti e ad esporre segnali di avvertimento sui rischi del fumo.<\/p>\n<p>Le sanzioni per la violazione della legge sul tabacco vanno dalle multe alla reclusione, a seconda della gravit\u00e0 del reato.<\/p>\n<p><strong>Altre aree fumatori in aeroporto\u00a0<\/strong><\/p>\n<ul>\n<li><a href=\"https:\/\/airportsmokinglounge.com\/it\/fumare-negli-aeroporti-del-nord-america\/\">Nord America<\/a><\/li>\n<li><a href=\"https:\/\/airportsmokinglounge.com\/it\/fumare-negli-aeroporti-del-sud-america\/\">Sud America<\/a><\/li>\n<li><a href=\"https:\/\/airportsmokinglounge.com\/it\/aree-fumatori-negli-aeroporti-europei\/\">Europa<\/a><\/li>\n<li><a href=\"https:\/\/airportsmokinglounge.com\/it\/fumare-negli-aeroporti-in-asia\/\">Asia<\/a><\/li>\n<li><a href=\"https:\/\/airportsmokinglounge.com\/it\/fumare-negli-aeroporti-delloceania\/\">Oceania<\/a><\/li>\n<\/ul>","protected":false},"excerpt":{"rendered":"<p>Estonia has a total of six airports, with the largest and busiest being Tallinn Airport. Other airports in Estonia include Tartu Airport, P\u00e4rnu Airport, Kuressaare Airport, K\u00e4rdla Airport, and Ruhnu Airport. On this website you can find all smoking areas in airports, including designated smoking areas and available facilities. We understand the frustration of going&hellip;&nbsp;<a href=\"https:\/\/airportsmokinglounge.com\/it\/aree-fumatori-negli-aeroporti-estonia\/\" rel=\"bookmark\">Per saperne di pi\u00f9 &quot;<span class=\"screen-reader-text\">Aree fumatori negli aeroporti dell&#039;Estonia<\/span><\/a><\/p>","protected":false},"author":1,"featured_media":1199,"parent":0,"menu_order":0,"comment_status":"closed","ping_status":"closed","template":"","meta":{"neve_meta_sidebar":"","neve_meta_container":"","neve_meta_enable_content_width":"off","neve_meta_content_width":100,"neve_meta_title_alignment":"","neve_meta_author_avatar":"","neve_post_elements_order":"","neve_meta_disable_header":"","neve_meta_disable_footer":"","neve_meta_disable_title":"","neve_meta_reading_time":"","footnotes":""},"class_list":["post-156","page","type-page","status-publish","has-post-thumbnail","hentry"],"yoast_head":"<!-- This site is optimized with the Yoast SEO plugin v26.6 - https:\/\/yoast.com\/wordpress\/plugins\/seo\/ -->\n<title>Smoking areas in Estonia&#039;s airports - airportsmokinglounge.com<\/title>\n<meta name=\"description\" content=\"Smoking Areas in Estonia&#039;s Airports - Your Ultimate Guide to Finding a Place to Smoke \u2714\ufe0e Find Your Next Smoke Break Spot \u2714\ufe0e\" \/>\n<meta name=\"robots\" content=\"index, follow, max-snippet:-1, max-image-preview:large, max-video-preview:-1\" \/>\n<link rel=\"canonical\" href=\"https:\/\/airportsmokinglounge.com\/it\/aree-fumatori-negli-aeroporti-estonia\/\" \/>\n<meta property=\"og:locale\" content=\"it_IT\" \/>\n<meta property=\"og:type\" content=\"article\" \/>\n<meta property=\"og:title\" content=\"Smoking areas in Estonia&#039;s airports - airportsmokinglounge.com\" \/>\n<meta property=\"og:description\" content=\"Smoking Areas in Estonia&#039;s Airports - Your Ultimate Guide to Finding a Place to Smoke \u2714\ufe0e Find Your Next Smoke Break Spot \u2714\ufe0e\" \/>\n<meta property=\"og:url\" content=\"https:\/\/airportsmokinglounge.com\/it\/aree-fumatori-negli-aeroporti-estonia\/\" \/>\n<meta property=\"og:site_name\" content=\"airportsmokinglounge.com\" \/>\n<meta property=\"article:modified_time\" content=\"2023-05-26T10:25:55+00:00\" \/>\n<meta property=\"og:image\" content=\"https:\/\/airportsmokinglounge.com\/wp-content\/uploads\/2023\/03\/airport-smoking-lounge-4.jpg\" \/>\n\t<meta property=\"og:image:width\" content=\"2048\" \/>\n\t<meta property=\"og:image:height\" content=\"1152\" \/>\n\t<meta property=\"og:image:type\" content=\"image\/jpeg\" \/>\n<meta name=\"twitter:card\" content=\"summary_large_image\" \/>\n<meta name=\"twitter:label1\" content=\"Tempo di lettura stimato\" \/>\n\t<meta name=\"twitter:data1\" content=\"2 minuti\" \/>\n<script type=\"application\/ld+json\" class=\"yoast-schema-graph\">{\"@context\":\"https:\/\/schema.org\",\"@graph\":[{\"@type\":\"WebPage\",\"@id\":\"https:\/\/airportsmokinglounge.com\/smoking-areas-in-estonias-airports\/\",\"url\":\"https:\/\/airportsmokinglounge.com\/smoking-areas-in-estonias-airports\/\",\"name\":\"Smoking areas in Estonia's airports - airportsmokinglounge.com\",\"isPartOf\":{\"@id\":\"https:\/\/airportsmokinglounge.com\/#website\"},\"primaryImageOfPage\":{\"@id\":\"https:\/\/airportsmokinglounge.com\/smoking-areas-in-estonias-airports\/#primaryimage\"},\"image\":{\"@id\":\"https:\/\/airportsmokinglounge.com\/smoking-areas-in-estonias-airports\/#primaryimage\"},\"thumbnailUrl\":\"https:\/\/airportsmokinglounge.com\/wp-content\/uploads\/2023\/03\/airport-smoking-lounge-4.jpg\",\"datePublished\":\"2023-02-23T17:41:33+00:00\",\"dateModified\":\"2023-05-26T10:25:55+00:00\",\"description\":\"Smoking Areas in Estonia's Airports - Your Ultimate Guide to Finding a Place to Smoke \u2714\ufe0e Find Your Next Smoke Break Spot \u2714\ufe0e\",\"breadcrumb\":{\"@id\":\"https:\/\/airportsmokinglounge.com\/smoking-areas-in-estonias-airports\/#breadcrumb\"},\"inLanguage\":\"it-IT\",\"potentialAction\":[{\"@type\":\"ReadAction\",\"target\":[\"https:\/\/airportsmokinglounge.com\/smoking-areas-in-estonias-airports\/\"]}]},{\"@type\":\"ImageObject\",\"inLanguage\":\"it-IT\",\"@id\":\"https:\/\/airportsmokinglounge.com\/smoking-areas-in-estonias-airports\/#primaryimage\",\"url\":\"https:\/\/airportsmokinglounge.com\/wp-content\/uploads\/2023\/03\/airport-smoking-lounge-4.jpg\",\"contentUrl\":\"https:\/\/airportsmokinglounge.com\/wp-content\/uploads\/2023\/03\/airport-smoking-lounge-4.jpg\",\"width\":2048,\"height\":1152,\"caption\":\"Airport Smoking\"},{\"@type\":\"BreadcrumbList\",\"@id\":\"https:\/\/airportsmokinglounge.com\/smoking-areas-in-estonias-airports\/#breadcrumb\",\"itemListElement\":[{\"@type\":\"ListItem\",\"position\":1,\"name\":\"Home\",\"item\":\"https:\/\/airportsmokinglounge.com\/\"},{\"@type\":\"ListItem\",\"position\":2,\"name\":\"Smoking areas in Estonia&#8217;s airports\"}]},{\"@type\":\"WebSite\",\"@id\":\"https:\/\/airportsmokinglounge.com\/#website\",\"url\":\"https:\/\/airportsmokinglounge.com\/\",\"name\":\"airportsmokinglounge.com\",\"description\":\"\",\"potentialAction\":[{\"@type\":\"SearchAction\",\"target\":{\"@type\":\"EntryPoint\",\"urlTemplate\":\"https:\/\/airportsmokinglounge.com\/?s={search_term_string}\"},\"query-input\":{\"@type\":\"PropertyValueSpecification\",\"valueRequired\":true,\"valueName\":\"search_term_string\"}}],\"inLanguage\":\"it-IT\"}]}<\/script>\n<!-- \/ Yoast SEO plugin. -->","yoast_head_json":{"title":"Aree fumatori negli aeroporti dell&#039;Estonia - AirportsmokingLounge.com","description":"Aree fumatori negli aeroporti dell&#039;Estonia: la tua guida definitiva per trovare un posto dove fumare \u2714\ufe0e Trova il tuo prossimo posto per una pausa fumo \u2714\ufe0e","robots":{"index":"index","follow":"follow","max-snippet":"max-snippet:-1","max-image-preview":"max-image-preview:large","max-video-preview":"max-video-preview:-1"},"canonical":"https:\/\/airportsmokinglounge.com\/it\/aree-fumatori-negli-aeroporti-estonia\/","og_locale":"it_IT","og_type":"article","og_title":"Smoking areas in Estonia's airports - airportsmokinglounge.com","og_description":"Smoking Areas in Estonia's Airports - Your Ultimate Guide to Finding a Place to Smoke \u2714\ufe0e Find Your Next Smoke Break Spot \u2714\ufe0e","og_url":"https:\/\/airportsmokinglounge.com\/it\/aree-fumatori-negli-aeroporti-estonia\/","og_site_name":"airportsmokinglounge.com","article_modified_time":"2023-05-26T10:25:55+00:00","og_image":[{"width":2048,"height":1152,"url":"https:\/\/airportsmokinglounge.com\/wp-content\/uploads\/2023\/03\/airport-smoking-lounge-4.jpg","type":"image\/jpeg"}],"twitter_card":"summary_large_image","twitter_misc":{"Tempo di lettura stimato":"2 minuti"},"schema":{"@context":"https:\/\/schema.org","@graph":[{"@type":"WebPage","@id":"https:\/\/airportsmokinglounge.com\/smoking-areas-in-estonias-airports\/","url":"https:\/\/airportsmokinglounge.com\/smoking-areas-in-estonias-airports\/","name":"Aree fumatori negli aeroporti dell&#039;Estonia - AirportsmokingLounge.com","isPartOf":{"@id":"https:\/\/airportsmokinglounge.com\/#website"},"primaryImageOfPage":{"@id":"https:\/\/airportsmokinglounge.com\/smoking-areas-in-estonias-airports\/#primaryimage"},"image":{"@id":"https:\/\/airportsmokinglounge.com\/smoking-areas-in-estonias-airports\/#primaryimage"},"thumbnailUrl":"https:\/\/airportsmokinglounge.com\/wp-content\/uploads\/2023\/03\/airport-smoking-lounge-4.jpg","datePublished":"2023-02-23T17:41:33+00:00","dateModified":"2023-05-26T10:25:55+00:00","description":"Aree fumatori negli aeroporti dell&#039;Estonia: la tua guida definitiva per trovare un posto dove fumare \u2714\ufe0e Trova il tuo prossimo posto per una pausa fumo \u2714\ufe0e","breadcrumb":{"@id":"https:\/\/airportsmokinglounge.com\/smoking-areas-in-estonias-airports\/#breadcrumb"},"inLanguage":"it-IT","potentialAction":[{"@type":"ReadAction","target":["https:\/\/airportsmokinglounge.com\/smoking-areas-in-estonias-airports\/"]}]},{"@type":"ImageObject","inLanguage":"it-IT","@id":"https:\/\/airportsmokinglounge.com\/smoking-areas-in-estonias-airports\/#primaryimage","url":"https:\/\/airportsmokinglounge.com\/wp-content\/uploads\/2023\/03\/airport-smoking-lounge-4.jpg","contentUrl":"https:\/\/airportsmokinglounge.com\/wp-content\/uploads\/2023\/03\/airport-smoking-lounge-4.jpg","width":2048,"height":1152,"caption":"Airport Smoking"},{"@type":"BreadcrumbList","@id":"https:\/\/airportsmokinglounge.com\/smoking-areas-in-estonias-airports\/#breadcrumb","itemListElement":[{"@type":"ListItem","position":1,"name":"Home","item":"https:\/\/airportsmokinglounge.com\/"},{"@type":"ListItem","position":2,"name":"Smoking areas in Estonia&#8217;s airports"}]},{"@type":"WebSite","@id":"https:\/\/airportsmokinglounge.com\/#website","url":"https:\/\/airportsmokinglounge.com\/","name":"airportsmokinglounge.com","description":"","potentialAction":[{"@type":"SearchAction","target":{"@type":"EntryPoint","urlTemplate":"https:\/\/airportsmokinglounge.com\/?s={search_term_string}"},"query-input":{"@type":"PropertyValueSpecification","valueRequired":true,"valueName":"search_term_string"}}],"inLanguage":"it-IT"}]}},"_links":{"self":[{"href":"https:\/\/airportsmokinglounge.com\/it\/wp-json\/wp\/v2\/pages\/156","targetHints":{"allow":["GET"]}}],"collection":[{"href":"https:\/\/airportsmokinglounge.com\/it\/wp-json\/wp\/v2\/pages"}],"about":[{"href":"https:\/\/airportsmokinglounge.com\/it\/wp-json\/wp\/v2\/types\/page"}],"author":[{"embeddable":true,"href":"https:\/\/airportsmokinglounge.com\/it\/wp-json\/wp\/v2\/users\/1"}],"replies":[{"embeddable":true,"href":"https:\/\/airportsmokinglounge.com\/it\/wp-json\/wp\/v2\/comments?post=156"}],"version-history":[{"count":8,"href":"https:\/\/airportsmokinglounge.com\/it\/wp-json\/wp\/v2\/pages\/156\/revisions"}],"predecessor-version":[{"id":6150,"href":"https:\/\/airportsmokinglounge.com\/it\/wp-json\/wp\/v2\/pages\/156\/revisions\/6150"}],"wp:featuredmedia":[{"embeddable":true,"href":"https:\/\/airportsmokinglounge.com\/it\/wp-json\/wp\/v2\/media\/1199"}],"wp:attachment":[{"href":"https:\/\/airportsmokinglounge.com\/it\/wp-json\/wp\/v2\/media?parent=156"}],"curies":[{"name":"parola chiave","href":"https:\/\/api.w.org\/{rel}","templated":true}]}}