{"id":182,"date":"2023-02-28T12:50:50","date_gmt":"2023-02-28T11:50:50","guid":{"rendered":"https:\/\/airportsmokinglounge.com\/?page_id=182"},"modified":"2023-05-30T12:50:43","modified_gmt":"2023-05-30T10:50:43","slug":"smoking-areas-in-russian-airports","status":"publish","type":"page","link":"https:\/\/airportsmokinglounge.com\/it\/aree-fumatori-negli-aeroporti-russi\/","title":{"rendered":"Aree fumatori negli aeroporti russi"},"content":{"rendered":"<p>La Russia ospita numerosi aeroporti, che servono i viaggiatori nazionali e internazionali in tutto il vasto paese.<\/p>\n<p>Su questo sito Web puoi trovare tutte le aree fumatori negli aeroporti, comprese le aree fumatori designate e le strutture disponibili. Comprendiamo la frustrazione di passare attraverso la sicurezza solo per scoprire che non ci sono aree fumatori da nessuna parte e in alcuni casi le sigarette elettroniche potrebbero non essere consentite.<\/p>\n<p>Questo servizio \u00e8 rivolto a tutti i fumatori che vogliono godersi una sigaretta prima o dopo un lungo volo.<\/p>\n<h2>Aeroporti russi<\/h2>\n<ul style=\"list-style-type: circle;\">\n<li><a href=\"https:\/\/airportsmokinglounge.com\/it\/aree-fumatori-all-aeroporto-di-mosca-domodedovo-dme\/\">AEROPORTO DI MOSCA DOMEDOVO (DME)<\/a><\/li>\n<li><a href=\"https:\/\/airportsmokinglounge.com\/it\/aree-fumatori-allaeroporto-di-san-pietroburgo-pulkovo\/\">ST. AEROPORTO INTERNAZIONALE DI PIETROBURGO PULKOVO (LED)<\/a><\/li>\n<li><a href=\"https:\/\/airportsmokinglounge.com\/it\/aree-fumatori-all-aeroporto-di-mosca-sheremetyevo-svo\/\">AEROPORTO INTERNAZIONALE SHEREMETYEVO DI MOSCA (SVO)<\/a><\/li>\n<li><a href=\"https:\/\/airportsmokinglounge.com\/it\/aree-fumatori-all-aeroporto-ekaterinburg-koltsovo-svx\/\">AEROPORTO DI EKATERINBURG KOLTSOVO (SVX)<\/a><\/li>\n<li><a href=\"https:\/\/airportsmokinglounge.com\/it\/aree-fumatori-allaeroporto-di-novosibirsk-tolmachevo-ovb\/\">AEROPORTO DI NOVOSIBIRSK TOLMACHEVO (OVB)<\/a><\/li>\n<li><a href=\"https:\/\/airportsmokinglounge.com\/it\/aree-fumatori-all-aeroporto-di-mosca-vnukovo-vko\/\">AEROPORTO INTERNAZIONALE DI MOSCA VNUKOVO (VKO)<\/a><\/li>\n<li><a href=\"https:\/\/airportsmokinglounge.com\/it\/aree-fumatori-all-aeroporto-di-kazan-kzn\/\">AEROPORTO INTERNAZIONALE DI KAZAN (KZN)<\/a><\/li>\n<li><a href=\"https:\/\/airportsmokinglounge.com\/it\/aree-fumatori-all-aeroporto-di-samara-kurumoch-kuf\/\">AEROPORTO INTERNAZIONALE DI SAMARA KURUMOCH (KUF)<\/a><\/li>\n<li><a href=\"https:\/\/airportsmokinglounge.com\/it\/aree-fumatori-all-aeroporto-internazionale-di-sochi-aer\/\">AEROPORTO INTERNAZIONALE DI SOCHI (AER)<\/a><\/li>\n<li><a href=\"https:\/\/airportsmokinglounge.com\/it\/aree-fumatori-allaeroporto-internazionale-di-ufa\/\">AEROPORTO INTERNAZIONALE DI UFA (UFA)<\/a><\/li>\n<li><a href=\"https:\/\/airportsmokinglounge.com\/it\/aree-fumatori-allaeroporto-di-kurumoch-kuf\/\">SAMARA \u2013 AEROPORTO INTERNAZIONALE DI KURUMOCH (KUF)<\/a><\/li>\n<li><a href=\"https:\/\/airportsmokinglounge.com\/it\/aree-fumatori-allaeroporto-internazionale-di-platov-rov\/\">AEROPORTO INTERNAZIONALE DI PLATOV (ROV)<\/a><\/li>\n<li><a href=\"https:\/\/airportsmokinglounge.com\/it\/aree-fumatori-all-aeroporto-khabarovsk-novy-khv\/\">AEROPORTO DI KHABAROVSK-NOVY (KHV)<\/a><\/li>\n<li><a href=\"https:\/\/airportsmokinglounge.com\/it\/aree-fumatori-allaeroporto-di-grozny-grv\/\">AEROPORTO DI GROZNY (GRV)<\/a><\/li>\n<li><a href=\"https:\/\/airportsmokinglounge.com\/it\/aree-fumatori-all-aeroporto-internazionale-di-krasnodar-krr\/\">AEROPORTO INTERNAZIONALE DI KRASNODAR (KRR)<\/a><\/li>\n<li><a href=\"https:\/\/airportsmokinglounge.com\/it\/aree-fumatori-allaeroporto-di-vladivostok-vvo\/\">AEROPORTO INTERNAZIONALE DI VLADIVOSTOK (VVO)<\/a><\/li>\n<li><a href=\"https:\/\/airportsmokinglounge.com\/it\/aree-fumatori-allaeroporto-di-irkutsk-ikt\/\">AEROPORTO DI IRKUTSK (IKT)<\/a><\/li>\n<li><a href=\"https:\/\/airportsmokinglounge.com\/it\/aree-fumatori-allaeroporto-di-kaliningrad-kgd\/\">KALININGRAD \u2013 AEROPORTO KHRABROVO (KGD)<\/a><\/li>\n<li><a href=\"https:\/\/airportsmokinglounge.com\/it\/aree-fumatori-allaeroporto-di-yakutsk-yks\/\">AEROPORTO DI YAKUTSK (YKS)<\/a><\/li>\n<li><a href=\"https:\/\/airportsmokinglounge.com\/it\/aree-fumatori-aeroporto-strigino-goj\/\">AEROPORTO INTERNAZIONALE DI NIZHNY NOVGOROD STRIGINO (GOJ)<\/a><\/li>\n<li><a href=\"https:\/\/airportsmokinglounge.com\/it\/aree-fumatori-all-aeroporto-di-belgorod-ego\/\">AEROPORTO INTERNAZIONALE DI BELGOROD (EGO)<\/a><\/li>\n<\/ul>\n<h2>Legge russa sul fumo<\/h2>\n<p>In conformit\u00e0 con le leggi russe sul fumo, \u00e8 generalmente vietato fumare negli spazi pubblici interni, inclusi aeroporti, stazioni ferroviarie, ristoranti, caff\u00e8, bar, uffici e altre aree chiuse. L&#039;obiettivo \u00e8 proteggere i non fumatori dagli effetti dannosi del fumo passivo e promuovere un ambiente pi\u00f9 sano.<\/p>\n<p>Gli aeroporti russi in genere forniscono aree fumatori all&#039;aperto designate per le persone che desiderano fumare. Queste aree sono solitamente situate all&#039;esterno degli edifici dei terminal e sono dotate di posacenere e zone fumatori. Generalmente non \u00e8 consentito fumare al di fuori di queste aree designate.<\/p>\n<p>Gli aeroporti in Russia espongono cartelli e contrassegni \u201cVietato fumare\u201d in evidenza nelle aree interne dove \u00e8 vietato fumare. Questi segnali sono solitamente accompagnati da simboli internazionali o da testi che indicano il divieto di fumo. \u00c8 importante rispettare e aderire a questi segnali per rispettare le norme sul fumo.<\/p>\n<p>\u00c8 importante notare che le norme sul fumo e le aree fumatori designate possono variare leggermente tra i diversi aeroporti in Russia. Pertanto, si consiglia di verificare con le autorit\u00e0 aeroportuali specifiche o fare riferimento alla segnaletica e alle informazioni presenti nell&#039;aeroporto in cui si viaggia per conoscere le norme e le linee guida sul fumo pi\u00f9 precise e aggiornate.<\/p>\n<p><strong>Altre aree fumatori in aeroporto\u00a0<\/strong><\/p>\n<ul>\n<li><a href=\"https:\/\/airportsmokinglounge.com\/it\/fumare-negli-aeroporti-del-nord-america\/\">Nord America<\/a><\/li>\n<li><a href=\"https:\/\/airportsmokinglounge.com\/it\/fumare-negli-aeroporti-del-sud-america\/\">Sud America<\/a><\/li>\n<li><a href=\"https:\/\/airportsmokinglounge.com\/it\/aree-fumatori-negli-aeroporti-europei\/\">Europa<\/a><\/li>\n<li><a href=\"https:\/\/airportsmokinglounge.com\/it\/fumare-negli-aeroporti-in-asia\/\">Asia<\/a><\/li>\n<li><a href=\"https:\/\/airportsmokinglounge.com\/it\/fumare-negli-aeroporti-delloceania\/\">Oceania<\/a><\/li>\n<li><a href=\"https:\/\/airportsmokinglounge.com\/it\/fumare-negli-aeroporti-in-africa\/\">Africa<\/a><\/li>\n<\/ul>","protected":false},"excerpt":{"rendered":"<p>Russia is home to numerous airports, serving domestic and international travelers across the vast country. On this website you can find all smoking areas in airports, including designated smoking areas and available facilities. We understand the frustration of going through security only to find that there are no smoking areas anywhere and in some cases&hellip;&nbsp;<a href=\"https:\/\/airportsmokinglounge.com\/it\/aree-fumatori-negli-aeroporti-russi\/\" rel=\"bookmark\">Per saperne di pi\u00f9 &quot;<span class=\"screen-reader-text\">Aree fumatori negli aeroporti russi<\/span><\/a><\/p>","protected":false},"author":1,"featured_media":1199,"parent":0,"menu_order":0,"comment_status":"closed","ping_status":"closed","template":"","meta":{"neve_meta_sidebar":"","neve_meta_container":"","neve_meta_enable_content_width":"off","neve_meta_content_width":100,"neve_meta_title_alignment":"","neve_meta_author_avatar":"","neve_post_elements_order":"","neve_meta_disable_header":"","neve_meta_disable_footer":"","neve_meta_disable_title":"","neve_meta_reading_time":"","footnotes":""},"class_list":["post-182","page","type-page","status-publish","has-post-thumbnail","hentry"],"yoast_head":"<!-- This site is optimized with the Yoast SEO plugin v26.6 - https:\/\/yoast.com\/wordpress\/plugins\/seo\/ -->\n<title>Smoking areas in Russian airports - airportsmokinglounge.com<\/title>\n<meta name=\"description\" content=\"Smoking Areas in Russian Airports - Your Ultimate Guide to Finding a Place to Smoke \u2714\ufe0e Find Your Next Smoke Break Spot \u2714\ufe0e\" \/>\n<meta name=\"robots\" content=\"index, follow, max-snippet:-1, max-image-preview:large, max-video-preview:-1\" \/>\n<link rel=\"canonical\" href=\"https:\/\/airportsmokinglounge.com\/it\/aree-fumatori-negli-aeroporti-russi\/\" \/>\n<meta property=\"og:locale\" content=\"it_IT\" \/>\n<meta property=\"og:type\" content=\"article\" \/>\n<meta property=\"og:title\" content=\"Smoking areas in Russian airports - airportsmokinglounge.com\" \/>\n<meta property=\"og:description\" content=\"Smoking Areas in Russian Airports - Your Ultimate Guide to Finding a Place to Smoke \u2714\ufe0e Find Your Next Smoke Break Spot \u2714\ufe0e\" \/>\n<meta property=\"og:url\" content=\"https:\/\/airportsmokinglounge.com\/it\/aree-fumatori-negli-aeroporti-russi\/\" \/>\n<meta property=\"og:site_name\" content=\"airportsmokinglounge.com\" \/>\n<meta property=\"article:modified_time\" content=\"2023-05-30T10:50:43+00:00\" \/>\n<meta property=\"og:image\" content=\"https:\/\/airportsmokinglounge.com\/wp-content\/uploads\/2023\/03\/airport-smoking-lounge-4.jpg\" \/>\n\t<meta property=\"og:image:width\" content=\"2048\" \/>\n\t<meta property=\"og:image:height\" content=\"1152\" \/>\n\t<meta property=\"og:image:type\" content=\"image\/jpeg\" \/>\n<meta name=\"twitter:card\" content=\"summary_large_image\" \/>\n<meta name=\"twitter:label1\" content=\"Tempo di lettura stimato\" \/>\n\t<meta name=\"twitter:data1\" content=\"2 minuti\" \/>\n<script type=\"application\/ld+json\" class=\"yoast-schema-graph\">{\"@context\":\"https:\/\/schema.org\",\"@graph\":[{\"@type\":\"WebPage\",\"@id\":\"https:\/\/airportsmokinglounge.com\/smoking-areas-in-russian-airports\/\",\"url\":\"https:\/\/airportsmokinglounge.com\/smoking-areas-in-russian-airports\/\",\"name\":\"Smoking areas in Russian airports - airportsmokinglounge.com\",\"isPartOf\":{\"@id\":\"https:\/\/airportsmokinglounge.com\/#website\"},\"primaryImageOfPage\":{\"@id\":\"https:\/\/airportsmokinglounge.com\/smoking-areas-in-russian-airports\/#primaryimage\"},\"image\":{\"@id\":\"https:\/\/airportsmokinglounge.com\/smoking-areas-in-russian-airports\/#primaryimage\"},\"thumbnailUrl\":\"https:\/\/airportsmokinglounge.com\/wp-content\/uploads\/2023\/03\/airport-smoking-lounge-4.jpg\",\"datePublished\":\"2023-02-28T11:50:50+00:00\",\"dateModified\":\"2023-05-30T10:50:43+00:00\",\"description\":\"Smoking Areas in Russian Airports - Your Ultimate Guide to Finding a Place to Smoke \u2714\ufe0e Find Your Next Smoke Break Spot \u2714\ufe0e\",\"breadcrumb\":{\"@id\":\"https:\/\/airportsmokinglounge.com\/smoking-areas-in-russian-airports\/#breadcrumb\"},\"inLanguage\":\"it-IT\",\"potentialAction\":[{\"@type\":\"ReadAction\",\"target\":[\"https:\/\/airportsmokinglounge.com\/smoking-areas-in-russian-airports\/\"]}]},{\"@type\":\"ImageObject\",\"inLanguage\":\"it-IT\",\"@id\":\"https:\/\/airportsmokinglounge.com\/smoking-areas-in-russian-airports\/#primaryimage\",\"url\":\"https:\/\/airportsmokinglounge.com\/wp-content\/uploads\/2023\/03\/airport-smoking-lounge-4.jpg\",\"contentUrl\":\"https:\/\/airportsmokinglounge.com\/wp-content\/uploads\/2023\/03\/airport-smoking-lounge-4.jpg\",\"width\":2048,\"height\":1152,\"caption\":\"Airport Smoking\"},{\"@type\":\"BreadcrumbList\",\"@id\":\"https:\/\/airportsmokinglounge.com\/smoking-areas-in-russian-airports\/#breadcrumb\",\"itemListElement\":[{\"@type\":\"ListItem\",\"position\":1,\"name\":\"Home\",\"item\":\"https:\/\/airportsmokinglounge.com\/\"},{\"@type\":\"ListItem\",\"position\":2,\"name\":\"Smoking areas in Russian airports\"}]},{\"@type\":\"WebSite\",\"@id\":\"https:\/\/airportsmokinglounge.com\/#website\",\"url\":\"https:\/\/airportsmokinglounge.com\/\",\"name\":\"airportsmokinglounge.com\",\"description\":\"\",\"potentialAction\":[{\"@type\":\"SearchAction\",\"target\":{\"@type\":\"EntryPoint\",\"urlTemplate\":\"https:\/\/airportsmokinglounge.com\/?s={search_term_string}\"},\"query-input\":{\"@type\":\"PropertyValueSpecification\",\"valueRequired\":true,\"valueName\":\"search_term_string\"}}],\"inLanguage\":\"it-IT\"}]}<\/script>\n<!-- \/ Yoast SEO plugin. -->","yoast_head_json":{"title":"Aree fumatori negli aeroporti russi - AirportsmokingLounge.com","description":"Aree fumatori negli aeroporti russi: la tua guida definitiva per trovare un posto dove fumare \u2714\ufe0e Trova il tuo prossimo posto per una pausa fumo \u2714\ufe0e","robots":{"index":"index","follow":"follow","max-snippet":"max-snippet:-1","max-image-preview":"max-image-preview:large","max-video-preview":"max-video-preview:-1"},"canonical":"https:\/\/airportsmokinglounge.com\/it\/aree-fumatori-negli-aeroporti-russi\/","og_locale":"it_IT","og_type":"article","og_title":"Smoking areas in Russian airports - airportsmokinglounge.com","og_description":"Smoking Areas in Russian Airports - Your Ultimate Guide to Finding a Place to Smoke \u2714\ufe0e Find Your Next Smoke Break Spot \u2714\ufe0e","og_url":"https:\/\/airportsmokinglounge.com\/it\/aree-fumatori-negli-aeroporti-russi\/","og_site_name":"airportsmokinglounge.com","article_modified_time":"2023-05-30T10:50:43+00:00","og_image":[{"width":2048,"height":1152,"url":"https:\/\/airportsmokinglounge.com\/wp-content\/uploads\/2023\/03\/airport-smoking-lounge-4.jpg","type":"image\/jpeg"}],"twitter_card":"summary_large_image","twitter_misc":{"Tempo di lettura stimato":"2 minuti"},"schema":{"@context":"https:\/\/schema.org","@graph":[{"@type":"WebPage","@id":"https:\/\/airportsmokinglounge.com\/smoking-areas-in-russian-airports\/","url":"https:\/\/airportsmokinglounge.com\/smoking-areas-in-russian-airports\/","name":"Aree fumatori negli aeroporti russi - AirportsmokingLounge.com","isPartOf":{"@id":"https:\/\/airportsmokinglounge.com\/#website"},"primaryImageOfPage":{"@id":"https:\/\/airportsmokinglounge.com\/smoking-areas-in-russian-airports\/#primaryimage"},"image":{"@id":"https:\/\/airportsmokinglounge.com\/smoking-areas-in-russian-airports\/#primaryimage"},"thumbnailUrl":"https:\/\/airportsmokinglounge.com\/wp-content\/uploads\/2023\/03\/airport-smoking-lounge-4.jpg","datePublished":"2023-02-28T11:50:50+00:00","dateModified":"2023-05-30T10:50:43+00:00","description":"Aree fumatori negli aeroporti russi: la tua guida definitiva per trovare un posto dove fumare \u2714\ufe0e Trova il tuo prossimo posto per una pausa fumo \u2714\ufe0e","breadcrumb":{"@id":"https:\/\/airportsmokinglounge.com\/smoking-areas-in-russian-airports\/#breadcrumb"},"inLanguage":"it-IT","potentialAction":[{"@type":"ReadAction","target":["https:\/\/airportsmokinglounge.com\/smoking-areas-in-russian-airports\/"]}]},{"@type":"ImageObject","inLanguage":"it-IT","@id":"https:\/\/airportsmokinglounge.com\/smoking-areas-in-russian-airports\/#primaryimage","url":"https:\/\/airportsmokinglounge.com\/wp-content\/uploads\/2023\/03\/airport-smoking-lounge-4.jpg","contentUrl":"https:\/\/airportsmokinglounge.com\/wp-content\/uploads\/2023\/03\/airport-smoking-lounge-4.jpg","width":2048,"height":1152,"caption":"Airport Smoking"},{"@type":"BreadcrumbList","@id":"https:\/\/airportsmokinglounge.com\/smoking-areas-in-russian-airports\/#breadcrumb","itemListElement":[{"@type":"ListItem","position":1,"name":"Home","item":"https:\/\/airportsmokinglounge.com\/"},{"@type":"ListItem","position":2,"name":"Smoking areas in Russian airports"}]},{"@type":"WebSite","@id":"https:\/\/airportsmokinglounge.com\/#website","url":"https:\/\/airportsmokinglounge.com\/","name":"airportsmokinglounge.com","description":"","potentialAction":[{"@type":"SearchAction","target":{"@type":"EntryPoint","urlTemplate":"https:\/\/airportsmokinglounge.com\/?s={search_term_string}"},"query-input":{"@type":"PropertyValueSpecification","valueRequired":true,"valueName":"search_term_string"}}],"inLanguage":"it-IT"}]}},"_links":{"self":[{"href":"https:\/\/airportsmokinglounge.com\/it\/wp-json\/wp\/v2\/pages\/182","targetHints":{"allow":["GET"]}}],"collection":[{"href":"https:\/\/airportsmokinglounge.com\/it\/wp-json\/wp\/v2\/pages"}],"about":[{"href":"https:\/\/airportsmokinglounge.com\/it\/wp-json\/wp\/v2\/types\/page"}],"author":[{"embeddable":true,"href":"https:\/\/airportsmokinglounge.com\/it\/wp-json\/wp\/v2\/users\/1"}],"replies":[{"embeddable":true,"href":"https:\/\/airportsmokinglounge.com\/it\/wp-json\/wp\/v2\/comments?post=182"}],"version-history":[{"count":10,"href":"https:\/\/airportsmokinglounge.com\/it\/wp-json\/wp\/v2\/pages\/182\/revisions"}],"predecessor-version":[{"id":6355,"href":"https:\/\/airportsmokinglounge.com\/it\/wp-json\/wp\/v2\/pages\/182\/revisions\/6355"}],"wp:featuredmedia":[{"embeddable":true,"href":"https:\/\/airportsmokinglounge.com\/it\/wp-json\/wp\/v2\/media\/1199"}],"wp:attachment":[{"href":"https:\/\/airportsmokinglounge.com\/it\/wp-json\/wp\/v2\/media?parent=182"}],"curies":[{"name":"parola chiave","href":"https:\/\/api.w.org\/{rel}","templated":true}]}}