{"id":1823,"date":"2023-04-08T09:11:07","date_gmt":"2023-04-08T07:11:07","guid":{"rendered":"https:\/\/airportsmokinglounge.com\/?page_id=1823"},"modified":"2023-05-15T18:32:56","modified_gmt":"2023-05-15T16:32:56","slug":"smoking-areas-at-nanning-wuxu-airport-nng","status":"publish","type":"page","link":"https:\/\/airportsmokinglounge.com\/it\/aree-fumatori-all-aeroporto-di-nanning-wuxu-nng\/","title":{"rendered":"Aree fumatori all&#039;aeroporto di Nanning Wuxu (NNG)"},"content":{"rendered":"<p>L&#039;aeroporto internazionale di Nanning Wuxu (NNG) \u00e8 il principale aeroporto che serve Nanning, la capitale della regione autonoma di Guangxi Zhuang nella Cina meridionale. Si trova a circa 32 chilometri a sud-ovest del centro di Nanning e funge da importante snodo dei trasporti nella regione.<\/p>\n<p>L&#039;aeroporto internazionale di Nanning Wuxu offre un&#039;ampia gamma di voli nazionali e internazionali. Ha due terminal passeggeri, il Terminal 1 e il Terminal 2, che gestiscono rispettivamente voli nazionali e internazionali. L&#039;aeroporto \u00e8 ben attrezzato con vari comfort e servizi, tra cui ristoranti, negozi duty-free, negozi al dettaglio, lounge e collegamenti di trasporto per il centro citt\u00e0.<\/p>\n<h2>Aree fumatori prima dei controlli di sicurezza<\/h2>\n<ul>\n<li><span style=\"font-size: 14pt;\">\u00c8 consentito fumare solo all&#039;esterno del terminal<\/span><\/li>\n<\/ul>\n<h2>Aree fumatori dopo i controlli di sicurezza<\/h2>\n<ul>\n<li><span style=\"font-size: 14pt;\">Attualmente non sono disponibili informazioni relative alle strutture per fumatori all&#039;interno dell&#039;aeroporto.<\/span><\/li>\n<\/ul>\n<p><span style=\"font-size: 14pt;\">Maggiori informazioni sul sito ufficiale<\/span><\/p>\n<ul>\n<li><a href=\"https:\/\/nn.airport.gx.cn\/\" target=\"_blank\" rel=\"noopener\">www.nn.airport.gx.cn<\/a><\/li>\n<\/ul>\n<p><strong><span style=\"font-size: 14pt;\">Inviaci un feedback<\/span><\/strong><\/p>\n<p><span style=\"font-size: 14pt;\">Se vi trovate all&#039;aeroporto di Nanning, siete pi\u00f9 che benvenuti a inviarci foto delle aree fumatori. Questo ci aiuter\u00e0 a riempire il nostro database pi\u00f9 velocemente. Potete farlo <strong><a href=\"https:\/\/airportsmokinglounge.com\/it\/contatto\/\">Qui<\/a>.<\/strong> Le immagini sono pubblicate sul nostro sito, indicando la fonte dell&#039;immagine (nome). Sentiti libero di condividere queste foto con noi e con tutti i visitatori di airportsmokinglounge.com<\/span>.<\/p>\n<h2>Legge sul fumo in Cina<\/h2>\n<p>La Cina ha implementato norme sul fumo per proteggere la salute pubblica e ridurre l&#039;uso del tabacco. Tuttavia, \u00e8 importante notare che le leggi e i regolamenti sul fumo in Cina possono variare a seconda delle regioni e delle citt\u00e0, e anche l&#039;applicazione pu\u00f2 variare.<\/p>\n<p>In Cina, il fumo \u00e8 generalmente vietato in alcuni luoghi pubblici al chiuso, come edifici governativi, strutture sanitarie, istituti scolastici e trasporti pubblici. Alcune citt\u00e0 e regioni hanno implementato divieti di fumo pi\u00f9 completi, compresi divieti in ristoranti, bar e altri spazi pubblici chiusi. Tuttavia, le restrizioni al fumo potrebbero non essere applicate in modo uniforme in tutte le aree del paese.<\/p>\n<p>La vendita di prodotti del tabacco ai minori di 18 anni \u00e8 vietata in Cina. Inoltre, il paese ha implementato regolamenti sulla pubblicit\u00e0, promozione e sponsorizzazione del tabacco, sebbene l&#039;applicazione di questi regolamenti possa variare.<\/p>\n<p>La Cina ha adottato misure per sensibilizzare l&#039;opinione pubblica sui rischi per la salute associati al fumo attraverso campagne sanitarie e avvertenze sui pacchetti di sigarette. Il paese ha anche implementato avvertenze grafiche per la salute sulle confezioni dei prodotti del tabacco.<\/p>\n<p>Sebbene esistano normative sul fumo, l&#039;applicazione e la conformit\u00e0 possono essere difficili a causa della numerosa popolazione e delle norme culturali che circondano il fumo in alcune aree della Cina.<\/p>\n<p>Per le informazioni pi\u00f9 accurate e aggiornate sulle leggi sul fumo in specifiche citt\u00e0 o regioni della Cina, si consiglia di consultare le normative locali o contattare le autorit\u00e0 locali o le organizzazioni sanitarie.<\/p>\n<h3>Domande frequenti<\/h3>\n<h4>Le aree fumatori in aeroporto sono disponibili 24 ore su 24, 7 giorni su 7?<\/h4>\n<p>La disponibilit\u00e0 delle aree fumatori aeroportuali pu\u00f2 variare a seconda dell&#039;aeroporto e della localit\u00e0. Alcune aree fumatori sono aperte 24 ore su 24, mentre altre possono avere orari limitati o essere chiuse in determinati orari. \u00c8 meglio verificare con l&#039;aeroporto o visitare il loro sito Web per informazioni specifiche sugli orari di apertura dell&#039;area fumatori.<\/p>\n<h4>\u00c8 consentito portare cibo e bevande nell&#039;area fumatori?<\/h4>\n<p>Questo pu\u00f2 dipendere dalla specifica area fumatori e dall&#039;aeroporto. Alcune aree fumatori possono consentire cibo e bevande dall&#039;esterno, mentre altre possono avere restrizioni o proibirle completamente. \u00c8 meglio verificare con l&#039;aeroporto o la segnaletica dell&#039;area fumatori per norme e regolamenti specifici.<\/p>\n<h4>\u00c8 consentito fumare in tutte le aree fumatori dell&#039;aeroporto?<\/h4>\n<p>Non tutte le aree fumatori aeroportuali possono consentire di fumare. Alcuni aeroporti possono avere aree designate per le sigarette elettroniche o lo svapo, che sono separate dalle tradizionali aree fumatori. Assicurati di controllare le norme e i regolamenti specifici per l&#039;area fumatori che intendi utilizzare.<\/p>\n<h4>Le aree fumatori sono climatizzate o riscaldate?<\/h4>\n<p>La temperatura e la ventilazione delle aree fumatori aeroportuali possono variare notevolmente. Alcuni possono essere climatizzati o riscaldati, mentre altri possono essere spazi all&#039;aperto con protezione limitata dagli elementi. Assicurati di verificare con l&#039;aeroporto o di visitare l&#039;area fumatori in anticipo per determinare le condizioni e prepararti di conseguenza.<\/p>\n<h4>Le aree fumatori sono accessibili ai viaggiatori con disabilit\u00e0?<\/h4>\n<p>Molti aeroporti hanno compiuto sforzi per rendere le loro aree fumatori accessibili ai viaggiatori con disabilit\u00e0. Tuttavia, l&#039;accessibilit\u00e0 di specifiche aree fumatori pu\u00f2 variare notevolmente. Assicurati di verificare con l&#039;aeroporto o visitare l&#039;area fumatori in anticipo per determinare se \u00e8 accessibile e soddisfa le tue esigenze.<\/p>\n<p><span style=\"font-size: 14pt;\"><strong>Altri aeroporti in Cina:<\/strong> <\/span><\/p>\n<ul>\n<li><a href=\"https:\/\/airportsmokinglounge.com\/it\/aree-fumatori-negli-aeroporti-cinesi\/\"><span style=\"font-size: 14pt;\">Aeroporti in Cina<\/span><\/a><\/li>\n<\/ul>\n<p><span style=\"font-size: 14pt;\"><strong>Aree fumatori in Asia<\/strong><\/span><\/p>\n<ul>\n<li><a href=\"https:\/\/airportsmokinglounge.com\/it\/fumare-negli-aeroporti-in-asia\/\"><span style=\"font-size: 14pt;\">aeroporti asiatici<\/span><\/a><\/li>\n<\/ul>","protected":false},"excerpt":{"rendered":"<p>Nanning Wuxu International Airport (NNG) is the primary airport serving Nanning, the capital city of Guangxi Zhuang Autonomous Region in southern China. It is located approximately 32 kilometers southwest of downtown Nanning and serves as an important transportation hub in the region. Nanning Wuxu International Airport offers a wide range of domestic and international flights.&hellip;&nbsp;<a href=\"https:\/\/airportsmokinglounge.com\/it\/aree-fumatori-all-aeroporto-di-nanning-wuxu-nng\/\" rel=\"bookmark\">Per saperne di pi\u00f9 &quot;<span class=\"screen-reader-text\">Aree fumatori all&#039;aeroporto di Nanning Wuxu (NNG)<\/span><\/a><\/p>","protected":false},"author":1,"featured_media":1199,"parent":0,"menu_order":0,"comment_status":"closed","ping_status":"closed","template":"","meta":{"neve_meta_sidebar":"","neve_meta_container":"","neve_meta_enable_content_width":"off","neve_meta_content_width":100,"neve_meta_title_alignment":"","neve_meta_author_avatar":"","neve_post_elements_order":"","neve_meta_disable_header":"","neve_meta_disable_footer":"","neve_meta_disable_title":"","neve_meta_reading_time":"","footnotes":""},"class_list":["post-1823","page","type-page","status-publish","has-post-thumbnail","hentry"],"yoast_head":"<!-- This site is optimized with the Yoast SEO plugin v26.6 - https:\/\/yoast.com\/wordpress\/plugins\/seo\/ -->\n<title>Smoking areas at Nanning Wuxu Airport (NNG)<\/title>\n<meta name=\"description\" content=\"Smoking areas Nanning Wuxu Airport - Find a smoking area in the airport \u2714\ufe0e Smoking Guide in Airports: Information for Travelers \u2714\ufe0e\" \/>\n<meta name=\"robots\" content=\"index, follow, max-snippet:-1, max-image-preview:large, max-video-preview:-1\" \/>\n<link rel=\"canonical\" href=\"https:\/\/airportsmokinglounge.com\/it\/aree-fumatori-all-aeroporto-di-nanning-wuxu-nng\/\" \/>\n<meta property=\"og:locale\" content=\"it_IT\" \/>\n<meta property=\"og:type\" content=\"article\" \/>\n<meta property=\"og:title\" content=\"Smoking areas at Nanning Wuxu Airport (NNG)\" \/>\n<meta property=\"og:description\" content=\"Smoking areas Nanning Wuxu Airport - Find a smoking area in the airport \u2714\ufe0e Smoking Guide in Airports: Information for Travelers \u2714\ufe0e\" \/>\n<meta property=\"og:url\" content=\"https:\/\/airportsmokinglounge.com\/it\/aree-fumatori-all-aeroporto-di-nanning-wuxu-nng\/\" \/>\n<meta property=\"og:site_name\" content=\"airportsmokinglounge.com\" \/>\n<meta property=\"article:modified_time\" content=\"2023-05-15T16:32:56+00:00\" \/>\n<meta property=\"og:image\" content=\"https:\/\/airportsmokinglounge.com\/wp-content\/uploads\/2023\/03\/airport-smoking-lounge-4.jpg\" \/>\n\t<meta property=\"og:image:width\" content=\"2048\" \/>\n\t<meta property=\"og:image:height\" content=\"1152\" \/>\n\t<meta property=\"og:image:type\" content=\"image\/jpeg\" \/>\n<meta name=\"twitter:card\" content=\"summary_large_image\" \/>\n<meta name=\"twitter:label1\" content=\"Tempo di lettura stimato\" \/>\n\t<meta name=\"twitter:data1\" content=\"3 minuti\" \/>\n<script type=\"application\/ld+json\" class=\"yoast-schema-graph\">{\"@context\":\"https:\/\/schema.org\",\"@graph\":[{\"@type\":\"WebPage\",\"@id\":\"https:\/\/airportsmokinglounge.com\/smoking-areas-at-nanning-wuxu-airport-nng\/\",\"url\":\"https:\/\/airportsmokinglounge.com\/smoking-areas-at-nanning-wuxu-airport-nng\/\",\"name\":\"Smoking areas at Nanning Wuxu Airport (NNG)\",\"isPartOf\":{\"@id\":\"https:\/\/airportsmokinglounge.com\/#website\"},\"primaryImageOfPage\":{\"@id\":\"https:\/\/airportsmokinglounge.com\/smoking-areas-at-nanning-wuxu-airport-nng\/#primaryimage\"},\"image\":{\"@id\":\"https:\/\/airportsmokinglounge.com\/smoking-areas-at-nanning-wuxu-airport-nng\/#primaryimage\"},\"thumbnailUrl\":\"https:\/\/airportsmokinglounge.com\/wp-content\/uploads\/2023\/03\/airport-smoking-lounge-4.jpg\",\"datePublished\":\"2023-04-08T07:11:07+00:00\",\"dateModified\":\"2023-05-15T16:32:56+00:00\",\"description\":\"Smoking areas Nanning Wuxu Airport - Find a smoking area in the airport \u2714\ufe0e Smoking Guide in Airports: Information for Travelers \u2714\ufe0e\",\"breadcrumb\":{\"@id\":\"https:\/\/airportsmokinglounge.com\/smoking-areas-at-nanning-wuxu-airport-nng\/#breadcrumb\"},\"inLanguage\":\"it-IT\",\"potentialAction\":[{\"@type\":\"ReadAction\",\"target\":[\"https:\/\/airportsmokinglounge.com\/smoking-areas-at-nanning-wuxu-airport-nng\/\"]}]},{\"@type\":\"ImageObject\",\"inLanguage\":\"it-IT\",\"@id\":\"https:\/\/airportsmokinglounge.com\/smoking-areas-at-nanning-wuxu-airport-nng\/#primaryimage\",\"url\":\"https:\/\/airportsmokinglounge.com\/wp-content\/uploads\/2023\/03\/airport-smoking-lounge-4.jpg\",\"contentUrl\":\"https:\/\/airportsmokinglounge.com\/wp-content\/uploads\/2023\/03\/airport-smoking-lounge-4.jpg\",\"width\":2048,\"height\":1152,\"caption\":\"Airport Smoking\"},{\"@type\":\"BreadcrumbList\",\"@id\":\"https:\/\/airportsmokinglounge.com\/smoking-areas-at-nanning-wuxu-airport-nng\/#breadcrumb\",\"itemListElement\":[{\"@type\":\"ListItem\",\"position\":1,\"name\":\"Home\",\"item\":\"https:\/\/airportsmokinglounge.com\/\"},{\"@type\":\"ListItem\",\"position\":2,\"name\":\"Smoking areas at Nanning Wuxu Airport (NNG)\"}]},{\"@type\":\"WebSite\",\"@id\":\"https:\/\/airportsmokinglounge.com\/#website\",\"url\":\"https:\/\/airportsmokinglounge.com\/\",\"name\":\"airportsmokinglounge.com\",\"description\":\"\",\"potentialAction\":[{\"@type\":\"SearchAction\",\"target\":{\"@type\":\"EntryPoint\",\"urlTemplate\":\"https:\/\/airportsmokinglounge.com\/?s={search_term_string}\"},\"query-input\":{\"@type\":\"PropertyValueSpecification\",\"valueRequired\":true,\"valueName\":\"search_term_string\"}}],\"inLanguage\":\"it-IT\"}]}<\/script>\n<!-- \/ Yoast SEO plugin. -->","yoast_head_json":{"title":"Aree fumatori all&#039;aeroporto di Nanning Wuxu (NNG)","description":"Aree fumatori Aeroporto di Nanning Wuxu - Trova un&#039;area fumatori in aeroporto \u2714\ufe0e Guida al fumo negli aeroporti: informazioni per i viaggiatori \u2714\ufe0e","robots":{"index":"index","follow":"follow","max-snippet":"max-snippet:-1","max-image-preview":"max-image-preview:large","max-video-preview":"max-video-preview:-1"},"canonical":"https:\/\/airportsmokinglounge.com\/it\/aree-fumatori-all-aeroporto-di-nanning-wuxu-nng\/","og_locale":"it_IT","og_type":"article","og_title":"Smoking areas at Nanning Wuxu Airport (NNG)","og_description":"Smoking areas Nanning Wuxu Airport - Find a smoking area in the airport \u2714\ufe0e Smoking Guide in Airports: Information for Travelers \u2714\ufe0e","og_url":"https:\/\/airportsmokinglounge.com\/it\/aree-fumatori-all-aeroporto-di-nanning-wuxu-nng\/","og_site_name":"airportsmokinglounge.com","article_modified_time":"2023-05-15T16:32:56+00:00","og_image":[{"width":2048,"height":1152,"url":"https:\/\/airportsmokinglounge.com\/wp-content\/uploads\/2023\/03\/airport-smoking-lounge-4.jpg","type":"image\/jpeg"}],"twitter_card":"summary_large_image","twitter_misc":{"Tempo di lettura stimato":"3 minuti"},"schema":{"@context":"https:\/\/schema.org","@graph":[{"@type":"WebPage","@id":"https:\/\/airportsmokinglounge.com\/smoking-areas-at-nanning-wuxu-airport-nng\/","url":"https:\/\/airportsmokinglounge.com\/smoking-areas-at-nanning-wuxu-airport-nng\/","name":"Aree fumatori all&#039;aeroporto di Nanning Wuxu (NNG)","isPartOf":{"@id":"https:\/\/airportsmokinglounge.com\/#website"},"primaryImageOfPage":{"@id":"https:\/\/airportsmokinglounge.com\/smoking-areas-at-nanning-wuxu-airport-nng\/#primaryimage"},"image":{"@id":"https:\/\/airportsmokinglounge.com\/smoking-areas-at-nanning-wuxu-airport-nng\/#primaryimage"},"thumbnailUrl":"https:\/\/airportsmokinglounge.com\/wp-content\/uploads\/2023\/03\/airport-smoking-lounge-4.jpg","datePublished":"2023-04-08T07:11:07+00:00","dateModified":"2023-05-15T16:32:56+00:00","description":"Aree fumatori Aeroporto di Nanning Wuxu - Trova un&#039;area fumatori in aeroporto \u2714\ufe0e Guida al fumo negli aeroporti: informazioni per i viaggiatori \u2714\ufe0e","breadcrumb":{"@id":"https:\/\/airportsmokinglounge.com\/smoking-areas-at-nanning-wuxu-airport-nng\/#breadcrumb"},"inLanguage":"it-IT","potentialAction":[{"@type":"ReadAction","target":["https:\/\/airportsmokinglounge.com\/smoking-areas-at-nanning-wuxu-airport-nng\/"]}]},{"@type":"ImageObject","inLanguage":"it-IT","@id":"https:\/\/airportsmokinglounge.com\/smoking-areas-at-nanning-wuxu-airport-nng\/#primaryimage","url":"https:\/\/airportsmokinglounge.com\/wp-content\/uploads\/2023\/03\/airport-smoking-lounge-4.jpg","contentUrl":"https:\/\/airportsmokinglounge.com\/wp-content\/uploads\/2023\/03\/airport-smoking-lounge-4.jpg","width":2048,"height":1152,"caption":"Airport Smoking"},{"@type":"BreadcrumbList","@id":"https:\/\/airportsmokinglounge.com\/smoking-areas-at-nanning-wuxu-airport-nng\/#breadcrumb","itemListElement":[{"@type":"ListItem","position":1,"name":"Home","item":"https:\/\/airportsmokinglounge.com\/"},{"@type":"ListItem","position":2,"name":"Smoking areas at Nanning Wuxu Airport (NNG)"}]},{"@type":"WebSite","@id":"https:\/\/airportsmokinglounge.com\/#website","url":"https:\/\/airportsmokinglounge.com\/","name":"airportsmokinglounge.com","description":"","potentialAction":[{"@type":"SearchAction","target":{"@type":"EntryPoint","urlTemplate":"https:\/\/airportsmokinglounge.com\/?s={search_term_string}"},"query-input":{"@type":"PropertyValueSpecification","valueRequired":true,"valueName":"search_term_string"}}],"inLanguage":"it-IT"}]}},"_links":{"self":[{"href":"https:\/\/airportsmokinglounge.com\/it\/wp-json\/wp\/v2\/pages\/1823","targetHints":{"allow":["GET"]}}],"collection":[{"href":"https:\/\/airportsmokinglounge.com\/it\/wp-json\/wp\/v2\/pages"}],"about":[{"href":"https:\/\/airportsmokinglounge.com\/it\/wp-json\/wp\/v2\/types\/page"}],"author":[{"embeddable":true,"href":"https:\/\/airportsmokinglounge.com\/it\/wp-json\/wp\/v2\/users\/1"}],"replies":[{"embeddable":true,"href":"https:\/\/airportsmokinglounge.com\/it\/wp-json\/wp\/v2\/comments?post=1823"}],"version-history":[{"count":6,"href":"https:\/\/airportsmokinglounge.com\/it\/wp-json\/wp\/v2\/pages\/1823\/revisions"}],"predecessor-version":[{"id":5116,"href":"https:\/\/airportsmokinglounge.com\/it\/wp-json\/wp\/v2\/pages\/1823\/revisions\/5116"}],"wp:featuredmedia":[{"embeddable":true,"href":"https:\/\/airportsmokinglounge.com\/it\/wp-json\/wp\/v2\/media\/1199"}],"wp:attachment":[{"href":"https:\/\/airportsmokinglounge.com\/it\/wp-json\/wp\/v2\/media?parent=1823"}],"curies":[{"name":"parola chiave","href":"https:\/\/api.w.org\/{rel}","templated":true}]}}