{"id":224,"date":"2023-02-28T15:48:45","date_gmt":"2023-02-28T14:48:45","guid":{"rendered":"https:\/\/airportsmokinglounge.com\/?page_id=224"},"modified":"2023-05-21T21:52:19","modified_gmt":"2023-05-21T19:52:19","slug":"smoking-areas-in-united-states-airports","status":"publish","type":"page","link":"https:\/\/airportsmokinglounge.com\/it\/aree-fumatori-negli-aeroporti-degli-stati-uniti\/","title":{"rendered":"Aree fumatori negli aeroporti degli Stati Uniti"},"content":{"rendered":"<p>Gli Stati Uniti d&#039;America hanno diversi aeroporti, dai piccoli aeroporti regionali ai pi\u00f9 grandi hub internazionali.<\/p>\n<p>Su questo sito Web puoi trovare tutte le aree fumatori negli aeroporti, comprese le aree fumatori designate e le strutture disponibili. Comprendiamo la frustrazione di passare attraverso la sicurezza solo per scoprire che non ci sono aree fumatori da nessuna parte e in alcuni casi le sigarette elettroniche potrebbero non essere consentite.<\/p>\n<p>Questo servizio \u00e8 rivolto a tutti i fumatori che vogliono godersi una sigaretta prima o dopo un lungo volo.<\/p>\n<h2>Aeroporti negli Stati Uniti d&#039;America<\/h2>\n<ul style=\"list-style-type: circle;\">\n<li><a href=\"https:\/\/airportsmokinglounge.com\/it\/aree-fumatori-dellaeroporto-jfk-john-f-kennedy-di-new-york\/\">NEW YORK \u2013 AEROPORTO INTERNAZIONALE JOHN F. KENNEDY (JFK)<\/a><\/li>\n<li><a href=\"https:\/\/airportsmokinglounge.com\/it\/aree-fumatori-all-aeroporto-internazionale-di-los-angeles-rilassato\/\">AEROPORTO INTERNAZIONALE DI LOS ANGELES (LAX)<\/a><\/li>\n<li><a href=\"https:\/\/airportsmokinglounge.com\/it\/aree-fumatori-dellaeroporto-internazionale-di-chicago-ohare-ord\/\">AEROPORTO INTERNAZIONALE DI CHICAGO O&#039;HARE (ORD)<\/a><\/li>\n<li><a href=\"https:\/\/airportsmokinglounge.com\/it\/aree-fumatori-all-aeroporto-internazionale-di-miami-mia\/\">AEROPORTO INTERNAZIONALE DI MIAMI (MIA)<\/a><\/li>\n<li><a href=\"https:\/\/airportsmokinglounge.com\/it\/aree-fumatori-allaeroporto-internazionale-di-daytona-beach-dab\/\">AEROPORTO INTERNAZIONALE DI DAYTONA BEACH (DAB)<\/a><\/li>\n<li><a href=\"https:\/\/airportsmokinglounge.com\/it\/aree-fumatori-all-aeroporto-internazionale-di-san-francisco-sfo\/\">AEROPORTO INTERNAZIONALE DI SAN FRANCISCO (SFO)<\/a><\/li>\n<li><a href=\"https:\/\/airportsmokinglounge.com\/it\/aree-fumatori-all-aeroporto-internazionale-di-washington-iad\/\">AEROPORTO INTERNAZIONALE DI WASHINGTON DULLES (IAD)<\/a><\/li>\n<li><a href=\"https:\/\/airportsmokinglounge.com\/it\/aree-fumatori-all-aeroporto-internazionale-di-atlanta-hartsfield-atl\/\">AEROPORTO INTERNAZIONALE HARTSFIELD JACKSON ATLANTA (ATL)<\/a><\/li>\n<li><a href=\"https:\/\/airportsmokinglounge.com\/it\/aree-fumatori-dellaeroporto-internazionale-newark-liberty-ewr\/\">AEROPORTO INTERNAZIONALE NEWARK LIBERTY (EWR)<\/a><\/li>\n<li><a href=\"https:\/\/airportsmokinglounge.com\/it\/aree-fumatori-all-aeroporto-internazionale-di-orlando-mco\/\">AEROPORTO INTERNAZIONALE DI ORLANDO (MCO)<\/a><\/li>\n<li><a href=\"https:\/\/airportsmokinglounge.com\/it\/aree-fumatori-all-aeroporto-internazionale-di-boston-bos\/\">BOSTON \u2013 AEROPORTO INTERNAZIONALE GENERAL EDWARD LAWRENCE LOGAN (BOS)<\/a><\/li>\n<li><a href=\"https:\/\/airportsmokinglounge.com\/it\/aree-fumatori-all-aeroporto-internazionale-di-las-vegas-las\/\">LAS VEGAS \u2013 AEROPORTO INTERNAZIONALE MCCARRAN (LAS)<\/a><\/li>\n<li><a href=\"https:\/\/airportsmokinglounge.com\/it\/aree-fumatori-a-seattle-tacoma-aeroporto-internazionale-mare\/\">AEROPORTO INTERNAZIONALE DI SEATTLE TACOMA (MARE)<\/a><\/li>\n<li><a href=\"https:\/\/airportsmokinglounge.com\/it\/aree-fumatori-all-aeroporto-louis-armstrong-di-new-orleans-msy\/\">AEROPORTO INTERNAZIONALE LOUIS ARMSTRONG DI NEW ORLEANS (MSY)<\/a><\/li>\n<li><a href=\"https:\/\/airportsmokinglounge.com\/it\/aree-fumatori-all-aeroporto-internazionale-di-dallas-forth-worth-dfw\/\">AEROPORTO INTERNAZIONALE DI DALLAS FORT WORTH (DFW)<\/a><\/li>\n<li><a href=\"https:\/\/airportsmokinglounge.com\/it\/aree-fumatori-all-aeroporto-george-bush-di-houston-iah\/\">AEROPORTO INTERCONTINENTALE GEORGE BUSH HOUSTON (IAH)<\/a><\/li>\n<li><a href=\"https:\/\/airportsmokinglounge.com\/it\/aree-fumatori-dellaeroporto-internazionale-di-san-diego-san\/\">AEROPORTO INTERNAZIONALE DI SAN DIEGO (SAN)<\/a><\/li>\n<li><a href=\"https:\/\/airportsmokinglounge.com\/it\/aree-fumatori-all-aeroporto-internazionale-di-honolulu-hnl\/\">HONOLULU \u2013 AEROPORTO INTERNAZIONALE DANIEL K INOUYE (HNL)<\/a><\/li>\n<li><a href=\"https:\/\/airportsmokinglounge.com\/it\/aree-fumatori-all-aeroporto-internazionale-di-fort-lauderdale-fll\/\">AEROPORTO INTERNAZIONALE DI FORT LAUDERDALE HOLLYWOOD (FLL)<\/a><\/li>\n<li><a href=\"https:\/\/airportsmokinglounge.com\/it\/aree-fumatori-all-aeroporto-internazionale-di-phoenix-phx\/\">AEROPORTO INTERNAZIONALE DI PHOENIX SKY HARBOUR (PHX)<\/a><\/li>\n<li><a href=\"https:\/\/airportsmokinglounge.com\/it\/aree-fumatori-all-aeroporto-internazionale-di-denver-den\/\">AEROPORTO INTERNAZIONALE DI DENVER (DEN)<\/a><\/li>\n<li><a href=\"https:\/\/airportsmokinglounge.com\/it\/aree-fumatori-all-aeroporto-metropolitano-di-detroit-dtw\/\">AEROPORTO METROPOLITANO DI DETROIT WAYNE COUNTRY (DTW)<\/a><\/li>\n<li><a href=\"https:\/\/airportsmokinglounge.com\/it\/aree-fumatori-all-aeroporto-internazionale-di-tampa-tpa\/\">AEROPORTO INTERNAZIONALE DI TAMPA (TPA)<\/a><\/li>\n<li><a href=\"https:\/\/airportsmokinglounge.com\/it\/aree-fumatori-all-aeroporto-internazionale-di-philadelphia-phl\/\">AEROPORTO INTERNAZIONALE DI FILADELFIA (PHL)<\/a><\/li>\n<li><a href=\"https:\/\/airportsmokinglounge.com\/it\/aree-fumatori-all-aeroporto-internazionale-di-austin-bergstrom-aus\/\">AEROPORTO INTERNAZIONALE DI AUSTIN BERGSTROM (AUS)<\/a><\/li>\n<li><a href=\"https:\/\/airportsmokinglounge.com\/it\/aree-fumatori-all-aeroporto-internazionale-di-raleigh-durham-rdu\/\">AEROPORTO INTERNAZIONALE DI RALEIGH DURHAM (RDU)<\/a><\/li>\n<li><a href=\"https:\/\/airportsmokinglounge.com\/it\/aree-fumatori-all-aeroporto-internazionale-di-fort-mayers-southwest-florida-rsw\/\">FORT MAYERS \u2013 AEROPORTO INTERNAZIONALE DELLA FLORIDA SUD-OVEST (RSW)<\/a><\/li>\n<li><a href=\"https:\/\/airportsmokinglounge.com\/it\/aree-fumatori-all-aeroporto-internazionale-di-minneapolis-msp\/\">AEROPORTO INTERNAZIONALE DI MINNEAPOLIS-ST PAUL\/WOLD-CHAMBERLAIN (MSP)<\/a><\/li>\n<li><a href=\"https:\/\/airportsmokinglounge.com\/it\/aree-fumatori-all-aeroporto-internazionale-di-charlotte-clt\/\">AEROPORTO INTERNAZIONALE CHARLOTTE DOUGLAS (CLT)<\/a><\/li>\n<li><a href=\"https:\/\/airportsmokinglounge.com\/it\/aree-fumatori-all-aeroporto-internazionale-di-baltimora-washington-bwi\/\">AEROPORTO INTERNAZIONALE DI BALTIMORA\/WASHINGTON (BWI)<\/a><\/li>\n<li><a href=\"https:\/\/airportsmokinglounge.com\/it\/aree-fumatori-all-aeroporto-internazionale-di-st-louis-stl\/\">AEROPORTO INTERNAZIONALE ST LOUIS LAMBERT (STL)<\/a><\/li>\n<\/ul>\n<h2>Legge sul fumo degli Stati Uniti d&#039;America<\/h2>\n<p>Gli Stati Uniti hanno implementato normative sul fumo sia a livello federale che statale per proteggere la salute pubblica e ridurre l&#039;uso del tabacco. Tuttavia, tieni presente che le leggi e i regolamenti sul fumo possono variare tra i diversi stati e giurisdizioni locali all&#039;interno degli Stati Uniti, quindi \u00e8 consigliabile fare riferimento alle leggi specifiche dello stato o della localit\u00e0 a cui sei interessato per le informazioni pi\u00f9 aggiornate.<\/p>\n<p>A livello federale, il fumo \u00e8 generalmente vietato in alcuni luoghi pubblici al chiuso ai sensi delle normative del Dipartimento della salute e dei servizi umani degli Stati Uniti. Questi includono edifici governativi, strutture sanitarie, istituzioni educative che ricevono finanziamenti federali e trasporti pubblici sotto la giurisdizione federale. Inoltre, la legge federale vieta il fumo sui voli delle compagnie aeree commerciali e in alcuni veicoli del governo federale.<\/p>\n<p>Tuttavia, le normative sul fumo possono variare in modo significativo tra gli stati e le localit\u00e0 all&#039;interno degli Stati Uniti. Molti stati hanno emanato le proprie leggi e regolamenti in materia di fumo in luoghi pubblici, luoghi di lavoro, ristoranti, bar e altri luoghi. Alcuni stati hanno implementato leggi antifumo complete che vietano il fumo nei luoghi pubblici al chiuso, mentre altri possono avere restrizioni pi\u00f9 limitate o consentire aree fumatori designate in determinati stabilimenti.<\/p>\n<p>Anche l&#039;et\u00e0 legale minima per l&#039;acquisto e il possesso di prodotti del tabacco varia a seconda dello stato, con la maggior parte degli stati che l&#039;ha fissata a 18 anni, mentre alcuni l&#039;hanno portata a 21 anni in linea con la legislazione federale nota come legge Tobacco 21.<\/p>\n<p>L&#039;applicazione delle leggi sul fumo \u00e8 in genere supervisionata dalle autorit\u00e0 statali o locali competenti e le violazioni possono comportare multe o altre sanzioni specifiche per la giurisdizione.<\/p>\n<p>Per le informazioni pi\u00f9 accurate e aggiornate sulle leggi sul fumo negli Stati Uniti, si consiglia di consultare le leggi dello stato o della localit\u00e0 specifica a cui si \u00e8 interessati o di contattare le autorit\u00e0 locali o le organizzazioni sanitarie.<\/p>\n<p><strong>Altre aree fumatori in aeroporto\u00a0<\/strong><\/p>\n<ul>\n<li><a href=\"https:\/\/airportsmokinglounge.com\/it\/fumare-negli-aeroporti-del-nord-america\/\">Nord America<\/a><\/li>\n<li><a href=\"https:\/\/airportsmokinglounge.com\/it\/fumare-negli-aeroporti-del-sud-america\/\">Sud America<\/a><\/li>\n<li><a href=\"https:\/\/airportsmokinglounge.com\/it\/aree-fumatori-negli-aeroporti-europei\/\">Europa<\/a><\/li>\n<li><a href=\"https:\/\/airportsmokinglounge.com\/it\/fumare-negli-aeroporti-in-asia\/\">Asia<\/a><\/li>\n<li><a href=\"https:\/\/airportsmokinglounge.com\/it\/fumare-negli-aeroporti-delloceania\/\">Oceania<\/a><\/li>\n<\/ul>","protected":false},"excerpt":{"rendered":"<p>Gli Stati Uniti d&#039;America hanno diversi aeroporti, che vanno da piccoli aeroporti regionali a grandi hub internazionali. Su questo sito web potete trovare tutte le aree fumatori negli aeroporti, comprese le aree fumatori designate e i servizi disponibili. Comprendiamo la frustrazione di passare i controlli di sicurezza e scoprire che non ci sono aree fumatori da nessuna parte e in...&nbsp;<a href=\"https:\/\/airportsmokinglounge.com\/it\/aree-fumatori-negli-aeroporti-degli-stati-uniti\/\" rel=\"bookmark\">Per saperne di pi\u00f9 &quot;<span class=\"screen-reader-text\">Aree fumatori negli aeroporti degli Stati Uniti<\/span><\/a><\/p>","protected":false},"author":1,"featured_media":1199,"parent":0,"menu_order":0,"comment_status":"closed","ping_status":"closed","template":"","meta":{"neve_meta_sidebar":"","neve_meta_container":"","neve_meta_enable_content_width":"off","neve_meta_content_width":100,"neve_meta_title_alignment":"","neve_meta_author_avatar":"","neve_post_elements_order":"","neve_meta_disable_header":"","neve_meta_disable_footer":"","neve_meta_disable_title":"","neve_meta_reading_time":"","footnotes":""},"class_list":["post-224","page","type-page","status-publish","has-post-thumbnail","hentry"],"yoast_head":"<!-- This site is optimized with the Yoast SEO plugin v26.6 - https:\/\/yoast.com\/wordpress\/plugins\/seo\/ -->\n<title>Smoking areas in United States airports<\/title>\n<meta name=\"description\" content=\"Smoking areas at United States airports - Where to Smoke at the Airport? - Your Ultimate Guide to Finding a Place to Smoke \u2714\ufe0e\" \/>\n<meta name=\"robots\" content=\"index, follow, max-snippet:-1, max-image-preview:large, max-video-preview:-1\" \/>\n<link rel=\"canonical\" href=\"https:\/\/airportsmokinglounge.com\/it\/aree-fumatori-negli-aeroporti-degli-stati-uniti\/\" \/>\n<meta property=\"og:locale\" content=\"it_IT\" \/>\n<meta property=\"og:type\" content=\"article\" \/>\n<meta property=\"og:title\" content=\"Smoking areas in United States airports\" \/>\n<meta property=\"og:description\" content=\"Smoking areas at United States airports - Where to Smoke at the Airport? - Your Ultimate Guide to Finding a Place to Smoke \u2714\ufe0e\" \/>\n<meta property=\"og:url\" content=\"https:\/\/airportsmokinglounge.com\/it\/aree-fumatori-negli-aeroporti-degli-stati-uniti\/\" \/>\n<meta property=\"og:site_name\" content=\"airportsmokinglounge.com\" \/>\n<meta property=\"article:modified_time\" content=\"2023-05-21T19:52:19+00:00\" \/>\n<meta property=\"og:image\" content=\"https:\/\/airportsmokinglounge.com\/wp-content\/uploads\/2023\/03\/airport-smoking-lounge-4.jpg\" \/>\n\t<meta property=\"og:image:width\" content=\"2048\" \/>\n\t<meta property=\"og:image:height\" content=\"1152\" \/>\n\t<meta property=\"og:image:type\" content=\"image\/jpeg\" \/>\n<meta name=\"twitter:card\" content=\"summary_large_image\" \/>\n<meta name=\"twitter:label1\" content=\"Tempo di lettura stimato\" \/>\n\t<meta name=\"twitter:data1\" content=\"3 minuti\" \/>\n<script type=\"application\/ld+json\" class=\"yoast-schema-graph\">{\"@context\":\"https:\/\/schema.org\",\"@graph\":[{\"@type\":\"WebPage\",\"@id\":\"https:\/\/airportsmokinglounge.com\/smoking-areas-in-united-states-airports\/\",\"url\":\"https:\/\/airportsmokinglounge.com\/smoking-areas-in-united-states-airports\/\",\"name\":\"Smoking areas in United States airports\",\"isPartOf\":{\"@id\":\"https:\/\/airportsmokinglounge.com\/#website\"},\"primaryImageOfPage\":{\"@id\":\"https:\/\/airportsmokinglounge.com\/smoking-areas-in-united-states-airports\/#primaryimage\"},\"image\":{\"@id\":\"https:\/\/airportsmokinglounge.com\/smoking-areas-in-united-states-airports\/#primaryimage\"},\"thumbnailUrl\":\"https:\/\/airportsmokinglounge.com\/wp-content\/uploads\/2023\/03\/airport-smoking-lounge-4.jpg\",\"datePublished\":\"2023-02-28T14:48:45+00:00\",\"dateModified\":\"2023-05-21T19:52:19+00:00\",\"description\":\"Smoking areas at United States airports - Where to Smoke at the Airport? - Your Ultimate Guide to Finding a Place to Smoke \u2714\ufe0e\",\"breadcrumb\":{\"@id\":\"https:\/\/airportsmokinglounge.com\/smoking-areas-in-united-states-airports\/#breadcrumb\"},\"inLanguage\":\"it-IT\",\"potentialAction\":[{\"@type\":\"ReadAction\",\"target\":[\"https:\/\/airportsmokinglounge.com\/smoking-areas-in-united-states-airports\/\"]}]},{\"@type\":\"ImageObject\",\"inLanguage\":\"it-IT\",\"@id\":\"https:\/\/airportsmokinglounge.com\/smoking-areas-in-united-states-airports\/#primaryimage\",\"url\":\"https:\/\/airportsmokinglounge.com\/wp-content\/uploads\/2023\/03\/airport-smoking-lounge-4.jpg\",\"contentUrl\":\"https:\/\/airportsmokinglounge.com\/wp-content\/uploads\/2023\/03\/airport-smoking-lounge-4.jpg\",\"width\":2048,\"height\":1152,\"caption\":\"Airport Smoking\"},{\"@type\":\"BreadcrumbList\",\"@id\":\"https:\/\/airportsmokinglounge.com\/smoking-areas-in-united-states-airports\/#breadcrumb\",\"itemListElement\":[{\"@type\":\"ListItem\",\"position\":1,\"name\":\"Home\",\"item\":\"https:\/\/airportsmokinglounge.com\/\"},{\"@type\":\"ListItem\",\"position\":2,\"name\":\"Smoking areas in United States airports\"}]},{\"@type\":\"WebSite\",\"@id\":\"https:\/\/airportsmokinglounge.com\/#website\",\"url\":\"https:\/\/airportsmokinglounge.com\/\",\"name\":\"airportsmokinglounge.com\",\"description\":\"\",\"potentialAction\":[{\"@type\":\"SearchAction\",\"target\":{\"@type\":\"EntryPoint\",\"urlTemplate\":\"https:\/\/airportsmokinglounge.com\/?s={search_term_string}\"},\"query-input\":{\"@type\":\"PropertyValueSpecification\",\"valueRequired\":true,\"valueName\":\"search_term_string\"}}],\"inLanguage\":\"it-IT\"}]}<\/script>\n<!-- \/ Yoast SEO plugin. -->","yoast_head_json":{"title":"Aree fumatori negli aeroporti degli Stati Uniti","description":"Aree fumatori negli aeroporti degli Stati Uniti - Dove fumare in aeroporto? - La tua guida definitiva per trovare un posto dove fumare \u2714\ufe0e","robots":{"index":"index","follow":"follow","max-snippet":"max-snippet:-1","max-image-preview":"max-image-preview:large","max-video-preview":"max-video-preview:-1"},"canonical":"https:\/\/airportsmokinglounge.com\/it\/aree-fumatori-negli-aeroporti-degli-stati-uniti\/","og_locale":"it_IT","og_type":"article","og_title":"Smoking areas in United States airports","og_description":"Smoking areas at United States airports - Where to Smoke at the Airport? - Your Ultimate Guide to Finding a Place to Smoke \u2714\ufe0e","og_url":"https:\/\/airportsmokinglounge.com\/it\/aree-fumatori-negli-aeroporti-degli-stati-uniti\/","og_site_name":"airportsmokinglounge.com","article_modified_time":"2023-05-21T19:52:19+00:00","og_image":[{"width":2048,"height":1152,"url":"https:\/\/airportsmokinglounge.com\/wp-content\/uploads\/2023\/03\/airport-smoking-lounge-4.jpg","type":"image\/jpeg"}],"twitter_card":"summary_large_image","twitter_misc":{"Tempo di lettura stimato":"3 minuti"},"schema":{"@context":"https:\/\/schema.org","@graph":[{"@type":"WebPage","@id":"https:\/\/airportsmokinglounge.com\/smoking-areas-in-united-states-airports\/","url":"https:\/\/airportsmokinglounge.com\/smoking-areas-in-united-states-airports\/","name":"Aree fumatori negli aeroporti degli Stati Uniti","isPartOf":{"@id":"https:\/\/airportsmokinglounge.com\/#website"},"primaryImageOfPage":{"@id":"https:\/\/airportsmokinglounge.com\/smoking-areas-in-united-states-airports\/#primaryimage"},"image":{"@id":"https:\/\/airportsmokinglounge.com\/smoking-areas-in-united-states-airports\/#primaryimage"},"thumbnailUrl":"https:\/\/airportsmokinglounge.com\/wp-content\/uploads\/2023\/03\/airport-smoking-lounge-4.jpg","datePublished":"2023-02-28T14:48:45+00:00","dateModified":"2023-05-21T19:52:19+00:00","description":"Aree fumatori negli aeroporti degli Stati Uniti - Dove fumare in aeroporto? - La tua guida definitiva per trovare un posto dove fumare \u2714\ufe0e","breadcrumb":{"@id":"https:\/\/airportsmokinglounge.com\/smoking-areas-in-united-states-airports\/#breadcrumb"},"inLanguage":"it-IT","potentialAction":[{"@type":"ReadAction","target":["https:\/\/airportsmokinglounge.com\/smoking-areas-in-united-states-airports\/"]}]},{"@type":"ImageObject","inLanguage":"it-IT","@id":"https:\/\/airportsmokinglounge.com\/smoking-areas-in-united-states-airports\/#primaryimage","url":"https:\/\/airportsmokinglounge.com\/wp-content\/uploads\/2023\/03\/airport-smoking-lounge-4.jpg","contentUrl":"https:\/\/airportsmokinglounge.com\/wp-content\/uploads\/2023\/03\/airport-smoking-lounge-4.jpg","width":2048,"height":1152,"caption":"Airport Smoking"},{"@type":"BreadcrumbList","@id":"https:\/\/airportsmokinglounge.com\/smoking-areas-in-united-states-airports\/#breadcrumb","itemListElement":[{"@type":"ListItem","position":1,"name":"Home","item":"https:\/\/airportsmokinglounge.com\/"},{"@type":"ListItem","position":2,"name":"Smoking areas in United States airports"}]},{"@type":"WebSite","@id":"https:\/\/airportsmokinglounge.com\/#website","url":"https:\/\/airportsmokinglounge.com\/","name":"airportsmokinglounge.com","description":"","potentialAction":[{"@type":"SearchAction","target":{"@type":"EntryPoint","urlTemplate":"https:\/\/airportsmokinglounge.com\/?s={search_term_string}"},"query-input":{"@type":"PropertyValueSpecification","valueRequired":true,"valueName":"search_term_string"}}],"inLanguage":"it-IT"}]}},"_links":{"self":[{"href":"https:\/\/airportsmokinglounge.com\/it\/wp-json\/wp\/v2\/pages\/224","targetHints":{"allow":["GET"]}}],"collection":[{"href":"https:\/\/airportsmokinglounge.com\/it\/wp-json\/wp\/v2\/pages"}],"about":[{"href":"https:\/\/airportsmokinglounge.com\/it\/wp-json\/wp\/v2\/types\/page"}],"author":[{"embeddable":true,"href":"https:\/\/airportsmokinglounge.com\/it\/wp-json\/wp\/v2\/users\/1"}],"replies":[{"embeddable":true,"href":"https:\/\/airportsmokinglounge.com\/it\/wp-json\/wp\/v2\/comments?post=224"}],"version-history":[{"count":10,"href":"https:\/\/airportsmokinglounge.com\/it\/wp-json\/wp\/v2\/pages\/224\/revisions"}],"predecessor-version":[{"id":5645,"href":"https:\/\/airportsmokinglounge.com\/it\/wp-json\/wp\/v2\/pages\/224\/revisions\/5645"}],"wp:featuredmedia":[{"embeddable":true,"href":"https:\/\/airportsmokinglounge.com\/it\/wp-json\/wp\/v2\/media\/1199"}],"wp:attachment":[{"href":"https:\/\/airportsmokinglounge.com\/it\/wp-json\/wp\/v2\/media?parent=224"}],"curies":[{"name":"parola chiave","href":"https:\/\/api.w.org\/{rel}","templated":true}]}}