{"id":2247,"date":"2023-04-11T12:09:49","date_gmt":"2023-04-11T10:09:49","guid":{"rendered":"https:\/\/airportsmokinglounge.com\/?page_id=2247"},"modified":"2023-05-20T11:48:28","modified_gmt":"2023-05-20T09:48:28","slug":"smoking-areas-at-vilnius-international-airport-vno","status":"publish","type":"page","link":"https:\/\/airportsmokinglounge.com\/it\/aree-fumatori-dellaeroporto-internazionale-di-vilnius-vno\/","title":{"rendered":"Aree fumatori all&#039;aeroporto internazionale di Vilnius (VNO)"},"content":{"rendered":"<p>L&#039;aeroporto internazionale di Vilnius (codice IATA: VNO) \u00e8 l&#039;aeroporto pi\u00f9 grande e trafficato della Lituania. Situato nella capitale Vilnius, funge da gateway principale per i viaggi aerei nazionali e internazionali.<\/p>\n<p>L&#039;aeroporto internazionale di Vilnius \u00e8 servito da diverse grandi compagnie aeree e offre una variet\u00e0 di collegamenti aerei nazionali e internazionali. Compagnie aeree come airBaltic, Ryanair, LOT Polish Airlines, Turkish Airlines, Lufthansa e altre operano voli regolari verso varie destinazioni in tutta Europa, comprese le principali citt\u00e0 come Londra, Francoforte, Varsavia, Istanbul e altre.<\/p>\n<h2>Aree fumatori prima dei controlli di sicurezza<\/h2>\n<ul>\n<li>\u00c8 consentito fumare solo all&#039;esterno del terminal nelle aree designate<\/li>\n<\/ul>\n<h2>Aree fumatori dopo i controlli di sicurezza<\/h2>\n<ul>\n<li>Area fumatori al Gate A16 \/ A17<\/li>\n<li>Area fumatori al Gate 14<\/li>\n<\/ul>\n<p><span style=\"font-size: 12pt;\">Maggiori informazioni sul sito ufficiale<\/span><\/p>\n<ul>\n<li><span style=\"font-size: 12pt;\"><a href=\"https:\/\/www.vilnius-airport.lt\/\" target=\"_blank\" rel=\"noopener\">www.vilnius-airport.lt<\/a><\/span><\/li>\n<\/ul>\n<p><span style=\"font-size: 12pt;\"><strong>Inviaci un feedback<\/strong><\/span><\/p>\n<p><span style=\"font-size: 12pt;\">Se ti trovi all&#039;aeroporto di Vilnius, sei pi\u00f9 che benvenuto a inviarci foto delle aree fumatori. Questo ci aiuter\u00e0 a riempire il nostro database pi\u00f9 velocemente. Puoi farlo <strong><a href=\"https:\/\/airportsmokinglounge.com\/it\/contatto\/\">Qui<\/a>.<\/strong> Le immagini sono pubblicate sul nostro sito, indicando la fonte dell&#039;immagine (nome). Sentiti libero di condividere queste foto con noi e con tutti i visitatori di airportsmokinglounge.com.<\/span><\/p>\n<h2>Fumare negli aeroporti lituani<\/h2>\n<p>\u00c8 generalmente vietato fumare all&#039;interno dei terminal degli aeroporti lituani. Ci\u00f2 include tutte le aree pubbliche, come sale arrivi, sale partenze, aree di attesa, corridoi e altri spazi interni. Il divieto si estende sia ai passeggeri che al personale aeroportuale.<\/p>\n<p>Alcuni aeroporti in Lituania possono fornire aree fumatori designate situate all&#039;esterno degli edifici del terminal o in spazi all&#039;aperto designati. Queste aree sono dotate di strutture per fumatori, come posacenere e posti a sedere, dove passeggeri e visitatori possono fumare nel rispetto delle normative. \u00c8 importante notare che la disponibilit\u00e0 e l&#039;ubicazione di queste aree fumatori designate possono variare da un aeroporto all&#039;altro.<\/p>\n<h3>Domande frequenti<\/h3>\n<h4>Le aree fumatori in aeroporto sono disponibili 24 ore su 24, 7 giorni su 7?<\/h4>\n<p>La disponibilit\u00e0 delle aree fumatori aeroportuali pu\u00f2 variare a seconda dell&#039;aeroporto e della localit\u00e0. Alcune aree fumatori sono aperte 24 ore su 24, mentre altre possono avere orari limitati o essere chiuse in determinati orari. \u00c8 meglio verificare con l&#039;aeroporto o visitare il loro sito Web per informazioni specifiche sugli orari di apertura dell&#039;area fumatori.<\/p>\n<h4>\u00c8 consentito portare cibo e bevande nell&#039;area fumatori?<\/h4>\n<p>Questo pu\u00f2 dipendere dalla specifica area fumatori e dall&#039;aeroporto. Alcune aree fumatori possono consentire cibo e bevande dall&#039;esterno, mentre altre possono avere restrizioni o proibirle completamente. \u00c8 meglio verificare con l&#039;aeroporto o la segnaletica dell&#039;area fumatori per norme e regolamenti specifici.<\/p>\n<h4>\u00c8 consentito fumare in tutte le aree fumatori dell&#039;aeroporto?<\/h4>\n<p>Non tutte le aree fumatori aeroportuali possono consentire di fumare. Alcuni aeroporti possono avere aree designate per le sigarette elettroniche o lo svapo, che sono separate dalle tradizionali aree fumatori. Assicurati di controllare le norme e i regolamenti specifici per l&#039;area fumatori che intendi utilizzare.<\/p>\n<h4>Le aree fumatori sono climatizzate o riscaldate?<\/h4>\n<p>La temperatura e la ventilazione delle aree fumatori aeroportuali possono variare notevolmente. Alcuni possono essere climatizzati o riscaldati, mentre altri possono essere spazi all&#039;aperto con protezione limitata dagli elementi. Assicurati di verificare con l&#039;aeroporto o di visitare l&#039;area fumatori in anticipo per determinare le condizioni e prepararti di conseguenza.<\/p>\n<h4>Le aree fumatori sono accessibili ai viaggiatori con disabilit\u00e0?<\/h4>\n<p>Molti aeroporti hanno compiuto sforzi per rendere le loro aree fumatori accessibili ai viaggiatori con disabilit\u00e0. Tuttavia, l&#039;accessibilit\u00e0 di specifiche aree fumatori pu\u00f2 variare notevolmente. Assicurati di verificare con l&#039;aeroporto o visitare l&#039;area fumatori in anticipo per determinare se \u00e8 accessibile e soddisfa le tue esigenze.<\/p>\n<p><span style=\"font-size: 12pt;\"><strong>Aree fumatori in:<\/strong><\/span><\/p>\n<ul>\n<li><span style=\"font-size: 12pt;\"><a href=\"https:\/\/airportsmokinglounge.com\/it\/aree-fumatori-negli-aeroporti-europei\/\">aeroporti europei<\/a><\/span><\/li>\n<\/ul>","protected":false},"excerpt":{"rendered":"<p>Vilnius International Airport (IATA code: VNO) is the largest and busiest airport in Lithuania. Located in the capital city of Vilnius, it serves as the main gateway for both domestic and international air travel. Vilnius International Airport is served by several major airlines and offers a variety of domestic and international flight connections. Airlines such&hellip;&nbsp;<a href=\"https:\/\/airportsmokinglounge.com\/it\/aree-fumatori-dellaeroporto-internazionale-di-vilnius-vno\/\" rel=\"bookmark\">Per saperne di pi\u00f9 &quot;<span class=\"screen-reader-text\">Aree fumatori all&#039;aeroporto internazionale di Vilnius (VNO)<\/span><\/a><\/p>","protected":false},"author":1,"featured_media":1198,"parent":0,"menu_order":0,"comment_status":"closed","ping_status":"closed","template":"","meta":{"neve_meta_sidebar":"","neve_meta_container":"","neve_meta_enable_content_width":"off","neve_meta_content_width":100,"neve_meta_title_alignment":"","neve_meta_author_avatar":"","neve_post_elements_order":"","neve_meta_disable_header":"","neve_meta_disable_footer":"","neve_meta_disable_title":"","neve_meta_reading_time":"","footnotes":""},"class_list":["post-2247","page","type-page","status-publish","has-post-thumbnail","hentry"],"yoast_head":"<!-- This site is optimized with the Yoast SEO plugin v26.6 - https:\/\/yoast.com\/wordpress\/plugins\/seo\/ -->\n<title>Smoking areas at Vilnius International Airport (VNO)<\/title>\n<meta name=\"description\" content=\"Smoking areas Vilnius International Airport - Find a smoking area in the airport \u2714\ufe0e Smoking Guide in Airports for Travelers \u2714\ufe0e\" \/>\n<meta name=\"robots\" content=\"index, follow, max-snippet:-1, max-image-preview:large, max-video-preview:-1\" \/>\n<link rel=\"canonical\" href=\"https:\/\/airportsmokinglounge.com\/it\/aree-fumatori-dellaeroporto-internazionale-di-vilnius-vno\/\" \/>\n<meta property=\"og:locale\" content=\"it_IT\" \/>\n<meta property=\"og:type\" content=\"article\" \/>\n<meta property=\"og:title\" content=\"Smoking areas at Vilnius International Airport (VNO)\" \/>\n<meta property=\"og:description\" content=\"Smoking areas Vilnius International Airport - Find a smoking area in the airport \u2714\ufe0e Smoking Guide in Airports for Travelers \u2714\ufe0e\" \/>\n<meta property=\"og:url\" content=\"https:\/\/airportsmokinglounge.com\/it\/aree-fumatori-dellaeroporto-internazionale-di-vilnius-vno\/\" \/>\n<meta property=\"og:site_name\" content=\"airportsmokinglounge.com\" \/>\n<meta property=\"article:modified_time\" content=\"2023-05-20T09:48:28+00:00\" \/>\n<meta property=\"og:image\" content=\"https:\/\/airportsmokinglounge.com\/wp-content\/uploads\/2023\/03\/airport-smoking-lounge-1.jpg\" \/>\n\t<meta property=\"og:image:width\" content=\"2048\" \/>\n\t<meta property=\"og:image:height\" content=\"1152\" \/>\n\t<meta property=\"og:image:type\" content=\"image\/jpeg\" \/>\n<meta name=\"twitter:card\" content=\"summary_large_image\" \/>\n<meta name=\"twitter:label1\" content=\"Tempo di lettura stimato\" \/>\n\t<meta name=\"twitter:data1\" content=\"3 minuti\" \/>\n<script type=\"application\/ld+json\" class=\"yoast-schema-graph\">{\"@context\":\"https:\/\/schema.org\",\"@graph\":[{\"@type\":\"WebPage\",\"@id\":\"https:\/\/airportsmokinglounge.com\/smoking-areas-at-vilnius-international-airport-vno\/\",\"url\":\"https:\/\/airportsmokinglounge.com\/smoking-areas-at-vilnius-international-airport-vno\/\",\"name\":\"Smoking areas at Vilnius International Airport (VNO)\",\"isPartOf\":{\"@id\":\"https:\/\/airportsmokinglounge.com\/#website\"},\"primaryImageOfPage\":{\"@id\":\"https:\/\/airportsmokinglounge.com\/smoking-areas-at-vilnius-international-airport-vno\/#primaryimage\"},\"image\":{\"@id\":\"https:\/\/airportsmokinglounge.com\/smoking-areas-at-vilnius-international-airport-vno\/#primaryimage\"},\"thumbnailUrl\":\"https:\/\/airportsmokinglounge.com\/wp-content\/uploads\/2023\/03\/airport-smoking-lounge-1.jpg\",\"datePublished\":\"2023-04-11T10:09:49+00:00\",\"dateModified\":\"2023-05-20T09:48:28+00:00\",\"description\":\"Smoking areas Vilnius International Airport - Find a smoking area in the airport \u2714\ufe0e Smoking Guide in Airports for Travelers \u2714\ufe0e\",\"breadcrumb\":{\"@id\":\"https:\/\/airportsmokinglounge.com\/smoking-areas-at-vilnius-international-airport-vno\/#breadcrumb\"},\"inLanguage\":\"it-IT\",\"potentialAction\":[{\"@type\":\"ReadAction\",\"target\":[\"https:\/\/airportsmokinglounge.com\/smoking-areas-at-vilnius-international-airport-vno\/\"]}]},{\"@type\":\"ImageObject\",\"inLanguage\":\"it-IT\",\"@id\":\"https:\/\/airportsmokinglounge.com\/smoking-areas-at-vilnius-international-airport-vno\/#primaryimage\",\"url\":\"https:\/\/airportsmokinglounge.com\/wp-content\/uploads\/2023\/03\/airport-smoking-lounge-1.jpg\",\"contentUrl\":\"https:\/\/airportsmokinglounge.com\/wp-content\/uploads\/2023\/03\/airport-smoking-lounge-1.jpg\",\"width\":2048,\"height\":1152,\"caption\":\"Airport smoking Lounge\"},{\"@type\":\"BreadcrumbList\",\"@id\":\"https:\/\/airportsmokinglounge.com\/smoking-areas-at-vilnius-international-airport-vno\/#breadcrumb\",\"itemListElement\":[{\"@type\":\"ListItem\",\"position\":1,\"name\":\"Home\",\"item\":\"https:\/\/airportsmokinglounge.com\/\"},{\"@type\":\"ListItem\",\"position\":2,\"name\":\"Smoking areas at Vilnius International Airport (VNO)\"}]},{\"@type\":\"WebSite\",\"@id\":\"https:\/\/airportsmokinglounge.com\/#website\",\"url\":\"https:\/\/airportsmokinglounge.com\/\",\"name\":\"airportsmokinglounge.com\",\"description\":\"\",\"potentialAction\":[{\"@type\":\"SearchAction\",\"target\":{\"@type\":\"EntryPoint\",\"urlTemplate\":\"https:\/\/airportsmokinglounge.com\/?s={search_term_string}\"},\"query-input\":{\"@type\":\"PropertyValueSpecification\",\"valueRequired\":true,\"valueName\":\"search_term_string\"}}],\"inLanguage\":\"it-IT\"}]}<\/script>\n<!-- \/ Yoast SEO plugin. -->","yoast_head_json":{"title":"Aree fumatori all&#039;aeroporto internazionale di Vilnius (VNO)","description":"Aree fumatori Vilnius International Airport - Trova un&#039;area fumatori in aeroporto \u2714\ufe0e Guida al fumo negli aeroporti per viaggiatori \u2714\ufe0e","robots":{"index":"index","follow":"follow","max-snippet":"max-snippet:-1","max-image-preview":"max-image-preview:large","max-video-preview":"max-video-preview:-1"},"canonical":"https:\/\/airportsmokinglounge.com\/it\/aree-fumatori-dellaeroporto-internazionale-di-vilnius-vno\/","og_locale":"it_IT","og_type":"article","og_title":"Smoking areas at Vilnius International Airport (VNO)","og_description":"Smoking areas Vilnius International Airport - Find a smoking area in the airport \u2714\ufe0e Smoking Guide in Airports for Travelers \u2714\ufe0e","og_url":"https:\/\/airportsmokinglounge.com\/it\/aree-fumatori-dellaeroporto-internazionale-di-vilnius-vno\/","og_site_name":"airportsmokinglounge.com","article_modified_time":"2023-05-20T09:48:28+00:00","og_image":[{"width":2048,"height":1152,"url":"https:\/\/airportsmokinglounge.com\/wp-content\/uploads\/2023\/03\/airport-smoking-lounge-1.jpg","type":"image\/jpeg"}],"twitter_card":"summary_large_image","twitter_misc":{"Tempo di lettura stimato":"3 minuti"},"schema":{"@context":"https:\/\/schema.org","@graph":[{"@type":"WebPage","@id":"https:\/\/airportsmokinglounge.com\/smoking-areas-at-vilnius-international-airport-vno\/","url":"https:\/\/airportsmokinglounge.com\/smoking-areas-at-vilnius-international-airport-vno\/","name":"Aree fumatori all&#039;aeroporto internazionale di Vilnius (VNO)","isPartOf":{"@id":"https:\/\/airportsmokinglounge.com\/#website"},"primaryImageOfPage":{"@id":"https:\/\/airportsmokinglounge.com\/smoking-areas-at-vilnius-international-airport-vno\/#primaryimage"},"image":{"@id":"https:\/\/airportsmokinglounge.com\/smoking-areas-at-vilnius-international-airport-vno\/#primaryimage"},"thumbnailUrl":"https:\/\/airportsmokinglounge.com\/wp-content\/uploads\/2023\/03\/airport-smoking-lounge-1.jpg","datePublished":"2023-04-11T10:09:49+00:00","dateModified":"2023-05-20T09:48:28+00:00","description":"Aree fumatori Vilnius International Airport - Trova un&#039;area fumatori in aeroporto \u2714\ufe0e Guida al fumo negli aeroporti per viaggiatori \u2714\ufe0e","breadcrumb":{"@id":"https:\/\/airportsmokinglounge.com\/smoking-areas-at-vilnius-international-airport-vno\/#breadcrumb"},"inLanguage":"it-IT","potentialAction":[{"@type":"ReadAction","target":["https:\/\/airportsmokinglounge.com\/smoking-areas-at-vilnius-international-airport-vno\/"]}]},{"@type":"ImageObject","inLanguage":"it-IT","@id":"https:\/\/airportsmokinglounge.com\/smoking-areas-at-vilnius-international-airport-vno\/#primaryimage","url":"https:\/\/airportsmokinglounge.com\/wp-content\/uploads\/2023\/03\/airport-smoking-lounge-1.jpg","contentUrl":"https:\/\/airportsmokinglounge.com\/wp-content\/uploads\/2023\/03\/airport-smoking-lounge-1.jpg","width":2048,"height":1152,"caption":"Airport smoking Lounge"},{"@type":"BreadcrumbList","@id":"https:\/\/airportsmokinglounge.com\/smoking-areas-at-vilnius-international-airport-vno\/#breadcrumb","itemListElement":[{"@type":"ListItem","position":1,"name":"Home","item":"https:\/\/airportsmokinglounge.com\/"},{"@type":"ListItem","position":2,"name":"Smoking areas at Vilnius International Airport (VNO)"}]},{"@type":"WebSite","@id":"https:\/\/airportsmokinglounge.com\/#website","url":"https:\/\/airportsmokinglounge.com\/","name":"airportsmokinglounge.com","description":"","potentialAction":[{"@type":"SearchAction","target":{"@type":"EntryPoint","urlTemplate":"https:\/\/airportsmokinglounge.com\/?s={search_term_string}"},"query-input":{"@type":"PropertyValueSpecification","valueRequired":true,"valueName":"search_term_string"}}],"inLanguage":"it-IT"}]}},"_links":{"self":[{"href":"https:\/\/airportsmokinglounge.com\/it\/wp-json\/wp\/v2\/pages\/2247","targetHints":{"allow":["GET"]}}],"collection":[{"href":"https:\/\/airportsmokinglounge.com\/it\/wp-json\/wp\/v2\/pages"}],"about":[{"href":"https:\/\/airportsmokinglounge.com\/it\/wp-json\/wp\/v2\/types\/page"}],"author":[{"embeddable":true,"href":"https:\/\/airportsmokinglounge.com\/it\/wp-json\/wp\/v2\/users\/1"}],"replies":[{"embeddable":true,"href":"https:\/\/airportsmokinglounge.com\/it\/wp-json\/wp\/v2\/comments?post=2247"}],"version-history":[{"count":7,"href":"https:\/\/airportsmokinglounge.com\/it\/wp-json\/wp\/v2\/pages\/2247\/revisions"}],"predecessor-version":[{"id":5492,"href":"https:\/\/airportsmokinglounge.com\/it\/wp-json\/wp\/v2\/pages\/2247\/revisions\/5492"}],"wp:featuredmedia":[{"embeddable":true,"href":"https:\/\/airportsmokinglounge.com\/it\/wp-json\/wp\/v2\/media\/1198"}],"wp:attachment":[{"href":"https:\/\/airportsmokinglounge.com\/it\/wp-json\/wp\/v2\/media?parent=2247"}],"curies":[{"name":"parola chiave","href":"https:\/\/api.w.org\/{rel}","templated":true}]}}