{"id":227,"date":"2023-02-28T16:02:45","date_gmt":"2023-02-28T15:02:45","guid":{"rendered":"https:\/\/airportsmokinglounge.com\/?page_id=227"},"modified":"2023-05-22T16:55:22","modified_gmt":"2023-05-22T14:55:22","slug":"smoking-areas-in-mexico-airports","status":"publish","type":"page","link":"https:\/\/airportsmokinglounge.com\/it\/aree-fumatori-negli-aeroporti-del-messico\/","title":{"rendered":"Aree fumatori negli aeroporti del Messico"},"content":{"rendered":"<p>Il Messico ha diversi aeroporti, dai piccoli aeroporti regionali ai pi\u00f9 grandi hub internazionali.<\/p>\n<p>Su questo sito Web puoi trovare tutte le aree fumatori negli aeroporti, comprese le aree fumatori designate e le strutture disponibili. Comprendiamo la frustrazione di passare attraverso la sicurezza solo per scoprire che non ci sono aree fumatori da nessuna parte e in alcuni casi le sigarette elettroniche potrebbero non essere consentite.<\/p>\n<p>Questo servizio \u00e8 rivolto a tutti i fumatori che vogliono godersi una sigaretta prima o dopo un lungo volo.<\/p>\n<h2>Aeroporti in Messico<\/h2>\n<ul style=\"list-style-type: circle;\">\n<li><a href=\"https:\/\/airportsmokinglounge.com\/it\/aree-fumatori-all-aeroporto-internazionale-di-cancun-cun\/\">AEROPORTO INTERNAZIONALE DI CAN\u0106UN (CUN)<\/a><\/li>\n<li><a href=\"https:\/\/airportsmokinglounge.com\/it\/aree-fumatori-a-citta-del-messico-aeroporto-benito-juarez-mex\/\">CITT\u00c0 DEL MESSICO \u2013 AEROPORTO INTERNAZIONALE BENITO JUAREZ (MEX)<\/a><\/li>\n<li><a href=\"https:\/\/airportsmokinglounge.com\/it\/aree-fumatori-all-aeroporto-internazionale-di-san-jose-del-cabo-los-cabos-sjd\/\">SAN JOS\u00c9 DEL CABO \u2013 AEROPORTO INTERNAZIONALE DI LOS CABOS (SJD)<\/a><\/li>\n<li><a href=\"https:\/\/airportsmokinglounge.com\/it\/aree-fumatori-all-aeroporto-internazionale-puerto-vallarta-licenciado-gustavo-diaz-ordaz-pvr\/\">PUERTO VALLARTA \u2013 AEROPORTO INTERNAZIONALE LICENCIADO GUSTAVO D\u00cdAZ ORDAZ (PVR)<\/a><\/li>\n<li><a href=\"https:\/\/airportsmokinglounge.com\/it\/aree-fumatori-all-aeroporto-internazionale-di-guadalajara-gdl\/\">GUADALAJARA \u2013 AEROPORTO INTERNAZIONALE DOM MIGUEL HIDALGO Y COSTILLA (GDL)<\/a><\/li>\n<li><a href=\"https:\/\/airportsmokinglounge.com\/it\/aree-fumatori-all-aeroporto-internazionale-di-monterrey-mty\/\">MONTERREY \u2013 AEROPORTO INTERNAZIONALE GENERAL MARIANO ESCOBEDO (MTY)<\/a><\/li>\n<li><a href=\"https:\/\/airportsmokinglounge.com\/it\/aree-fumatori-all-aeroporto-internazionale-hermosillo-general-ignacio-p-garcia-hmo\/\">HERMOSILLO \u2013 AEROPORTO INTERNAZIONALE GENERAL IGNACIO P. GARCIA (HMO)<\/a><\/li>\n<li><a href=\"https:\/\/airportsmokinglounge.com\/it\/aree-fumatori-all-aeroporto-internazionale-acapulco-general-juan-n-alvarez-aca\/\">ACAPULCO \u2013 AEROPORTO INTERNAZIONALE GENERALE JUAN N ALVAREZ (ACA)<\/a><\/li>\n<li><a href=\"https:\/\/airportsmokinglounge.com\/it\/aree-fumatori-all-aeroporto-internazionale-di-tijuana-tij\/\">TIJUANA \u2013 AEROPORTO INTERNAZIONALE GENERALE ABELARDO L. RODR\u00cdGUEZ (TIJ)<\/a><\/li>\n<li><a href=\"https:\/\/airportsmokinglounge.com\/it\/aree-fumatori-all-aeroporto-internazionale-di-cozumel-czm\/\">AEROPORTO INTERNAZIONALE DI COZUMEL (CZM)<\/a><\/li>\n<\/ul>\n<h2>La legge sul fumo del Messico<\/h2>\n<p>Il Messico ha implementato norme sul fumo per proteggere la salute pubblica e ridurre l\u2019uso del tabacco. Tuttavia, tieni presente che le leggi e i regolamenti sul fumo possono cambiare nel tempo, quindi \u00e8 consigliabile fare riferimento alla legislazione pi\u00f9 recente o consultare le autorit\u00e0 locali per informazioni pi\u00f9 aggiornate sulle leggi sul fumo del Messico.<\/p>\n<p>In Messico, \u00e8 generalmente vietato fumare in alcuni luoghi pubblici al chiuso, inclusi edifici governativi, strutture sanitarie, istituti scolastici e trasporti pubblici. La legge pu\u00f2 anche limitare il fumo nelle aree designate come zone non fumatori, come gli spazi pubblici chiusi e le aree vicino agli ingressi e alle uscite degli edifici pubblici.<\/p>\n<p>In Messico \u00e8 vietata la vendita di prodotti del tabacco ai minori di 18 anni. Inoltre, il paese ha implementato norme sulla pubblicit\u00e0, promozione e sponsorizzazione del tabacco.<\/p>\n<p>Il Messico ha adottato misure per sensibilizzare l\u2019opinione pubblica sui rischi per la salute associati al fumo attraverso campagne sanitarie e avvertenze sui pacchetti di sigarette. Il paese ha anche implementato avvertenze sanitarie grafiche e pittoriche sulle confezioni dei prodotti del tabacco.<\/p>\n<p>L&#039;applicazione delle leggi sul fumo \u00e8 generalmente supervisionata dalle autorit\u00e0 competenti e le violazioni possono comportare multe o altre sanzioni.<\/p>\n<p>Per informazioni pi\u00f9 accurate e aggiornate sulle leggi sul fumo del Messico, si consiglia di consultare la legislazione pi\u00f9 recente o contattare le autorit\u00e0 locali o le organizzazioni sanitarie.<\/p>\n<p><strong>Altre aree fumatori in aeroporto\u00a0<\/strong><\/p>\n<ul>\n<li><a href=\"https:\/\/airportsmokinglounge.com\/it\/fumare-negli-aeroporti-del-nord-america\/\">Nord America<\/a><\/li>\n<li><a href=\"https:\/\/airportsmokinglounge.com\/it\/fumare-negli-aeroporti-del-sud-america\/\">Sud America<\/a><\/li>\n<li><a href=\"https:\/\/airportsmokinglounge.com\/it\/aree-fumatori-negli-aeroporti-europei\/\">Europa<\/a><\/li>\n<li><a href=\"https:\/\/airportsmokinglounge.com\/it\/fumare-negli-aeroporti-in-asia\/\">Asia<\/a><\/li>\n<li><a href=\"https:\/\/airportsmokinglounge.com\/it\/fumare-negli-aeroporti-delloceania\/\">Oceania<\/a><\/li>\n<\/ul>","protected":false},"excerpt":{"rendered":"<p>Il Messico ha diversi aeroporti, che vanno da piccoli aeroporti regionali a hub internazionali pi\u00f9 grandi. Su questo sito web puoi trovare tutte le aree fumatori negli aeroporti, comprese le aree fumatori designate e le strutture disponibili. Comprendiamo la frustrazione di passare attraverso la sicurezza solo per scoprire che non ci sono aree fumatori da nessuna parte e in alcuni casi le sigarette elettroniche possono...&nbsp;<a href=\"https:\/\/airportsmokinglounge.com\/it\/aree-fumatori-negli-aeroporti-del-messico\/\" rel=\"bookmark\">Per saperne di pi\u00f9 &quot;<span class=\"screen-reader-text\">Aree fumatori negli aeroporti del Messico<\/span><\/a><\/p>","protected":false},"author":1,"featured_media":1199,"parent":0,"menu_order":0,"comment_status":"closed","ping_status":"closed","template":"","meta":{"neve_meta_sidebar":"","neve_meta_container":"","neve_meta_enable_content_width":"off","neve_meta_content_width":100,"neve_meta_title_alignment":"","neve_meta_author_avatar":"","neve_post_elements_order":"","neve_meta_disable_header":"","neve_meta_disable_footer":"","neve_meta_disable_title":"","neve_meta_reading_time":"","footnotes":""},"class_list":["post-227","page","type-page","status-publish","has-post-thumbnail","hentry"],"yoast_head":"<!-- This site is optimized with the Yoast SEO plugin v26.6 - https:\/\/yoast.com\/wordpress\/plugins\/seo\/ -->\n<title>Smoking areas in Mexico airports - airportsmokinglounge.com<\/title>\n<meta name=\"description\" content=\"Smoking areas at Mexico airports - Find Your Next Smoke Break Spot \u2714\ufe0e - Your Ultimate Guide to Finding a Place to Smoke at the airport \u2714\ufe0e\" \/>\n<meta name=\"robots\" content=\"index, follow, max-snippet:-1, max-image-preview:large, max-video-preview:-1\" \/>\n<link rel=\"canonical\" href=\"https:\/\/airportsmokinglounge.com\/it\/aree-fumatori-negli-aeroporti-del-messico\/\" \/>\n<meta property=\"og:locale\" content=\"it_IT\" \/>\n<meta property=\"og:type\" content=\"article\" \/>\n<meta property=\"og:title\" content=\"Smoking areas in Mexico airports - airportsmokinglounge.com\" \/>\n<meta property=\"og:description\" content=\"Smoking areas at Mexico airports - Find Your Next Smoke Break Spot \u2714\ufe0e - Your Ultimate Guide to Finding a Place to Smoke at the airport \u2714\ufe0e\" \/>\n<meta property=\"og:url\" content=\"https:\/\/airportsmokinglounge.com\/it\/aree-fumatori-negli-aeroporti-del-messico\/\" \/>\n<meta property=\"og:site_name\" content=\"airportsmokinglounge.com\" \/>\n<meta property=\"article:modified_time\" content=\"2023-05-22T14:55:22+00:00\" \/>\n<meta property=\"og:image\" content=\"https:\/\/airportsmokinglounge.com\/wp-content\/uploads\/2023\/03\/airport-smoking-lounge-4.jpg\" \/>\n\t<meta property=\"og:image:width\" content=\"2048\" \/>\n\t<meta property=\"og:image:height\" content=\"1152\" \/>\n\t<meta property=\"og:image:type\" content=\"image\/jpeg\" \/>\n<meta name=\"twitter:card\" content=\"summary_large_image\" \/>\n<meta name=\"twitter:label1\" content=\"Tempo di lettura stimato\" \/>\n\t<meta name=\"twitter:data1\" content=\"2 minuti\" \/>\n<script type=\"application\/ld+json\" class=\"yoast-schema-graph\">{\"@context\":\"https:\/\/schema.org\",\"@graph\":[{\"@type\":\"WebPage\",\"@id\":\"https:\/\/airportsmokinglounge.com\/smoking-areas-in-mexico-airports\/\",\"url\":\"https:\/\/airportsmokinglounge.com\/smoking-areas-in-mexico-airports\/\",\"name\":\"Smoking areas in Mexico airports - airportsmokinglounge.com\",\"isPartOf\":{\"@id\":\"https:\/\/airportsmokinglounge.com\/#website\"},\"primaryImageOfPage\":{\"@id\":\"https:\/\/airportsmokinglounge.com\/smoking-areas-in-mexico-airports\/#primaryimage\"},\"image\":{\"@id\":\"https:\/\/airportsmokinglounge.com\/smoking-areas-in-mexico-airports\/#primaryimage\"},\"thumbnailUrl\":\"https:\/\/airportsmokinglounge.com\/wp-content\/uploads\/2023\/03\/airport-smoking-lounge-4.jpg\",\"datePublished\":\"2023-02-28T15:02:45+00:00\",\"dateModified\":\"2023-05-22T14:55:22+00:00\",\"description\":\"Smoking areas at Mexico airports - Find Your Next Smoke Break Spot \u2714\ufe0e - Your Ultimate Guide to Finding a Place to Smoke at the airport \u2714\ufe0e\",\"breadcrumb\":{\"@id\":\"https:\/\/airportsmokinglounge.com\/smoking-areas-in-mexico-airports\/#breadcrumb\"},\"inLanguage\":\"it-IT\",\"potentialAction\":[{\"@type\":\"ReadAction\",\"target\":[\"https:\/\/airportsmokinglounge.com\/smoking-areas-in-mexico-airports\/\"]}]},{\"@type\":\"ImageObject\",\"inLanguage\":\"it-IT\",\"@id\":\"https:\/\/airportsmokinglounge.com\/smoking-areas-in-mexico-airports\/#primaryimage\",\"url\":\"https:\/\/airportsmokinglounge.com\/wp-content\/uploads\/2023\/03\/airport-smoking-lounge-4.jpg\",\"contentUrl\":\"https:\/\/airportsmokinglounge.com\/wp-content\/uploads\/2023\/03\/airport-smoking-lounge-4.jpg\",\"width\":2048,\"height\":1152,\"caption\":\"Airport Smoking\"},{\"@type\":\"BreadcrumbList\",\"@id\":\"https:\/\/airportsmokinglounge.com\/smoking-areas-in-mexico-airports\/#breadcrumb\",\"itemListElement\":[{\"@type\":\"ListItem\",\"position\":1,\"name\":\"Home\",\"item\":\"https:\/\/airportsmokinglounge.com\/\"},{\"@type\":\"ListItem\",\"position\":2,\"name\":\"Smoking areas in Mexico airports\"}]},{\"@type\":\"WebSite\",\"@id\":\"https:\/\/airportsmokinglounge.com\/#website\",\"url\":\"https:\/\/airportsmokinglounge.com\/\",\"name\":\"airportsmokinglounge.com\",\"description\":\"\",\"potentialAction\":[{\"@type\":\"SearchAction\",\"target\":{\"@type\":\"EntryPoint\",\"urlTemplate\":\"https:\/\/airportsmokinglounge.com\/?s={search_term_string}\"},\"query-input\":{\"@type\":\"PropertyValueSpecification\",\"valueRequired\":true,\"valueName\":\"search_term_string\"}}],\"inLanguage\":\"it-IT\"}]}<\/script>\n<!-- \/ Yoast SEO plugin. -->","yoast_head_json":{"title":"Aree fumatori negli aeroporti del Messico - AirportsmokingLounge.com","description":"Aree fumatori negli aeroporti del Messico - Trova il tuo prossimo posto per una pausa fumo \u2714\ufe0e - La tua guida definitiva per trovare un posto dove fumare in aeroporto \u2714\ufe0e","robots":{"index":"index","follow":"follow","max-snippet":"max-snippet:-1","max-image-preview":"max-image-preview:large","max-video-preview":"max-video-preview:-1"},"canonical":"https:\/\/airportsmokinglounge.com\/it\/aree-fumatori-negli-aeroporti-del-messico\/","og_locale":"it_IT","og_type":"article","og_title":"Smoking areas in Mexico airports - airportsmokinglounge.com","og_description":"Smoking areas at Mexico airports - Find Your Next Smoke Break Spot \u2714\ufe0e - Your Ultimate Guide to Finding a Place to Smoke at the airport \u2714\ufe0e","og_url":"https:\/\/airportsmokinglounge.com\/it\/aree-fumatori-negli-aeroporti-del-messico\/","og_site_name":"airportsmokinglounge.com","article_modified_time":"2023-05-22T14:55:22+00:00","og_image":[{"width":2048,"height":1152,"url":"https:\/\/airportsmokinglounge.com\/wp-content\/uploads\/2023\/03\/airport-smoking-lounge-4.jpg","type":"image\/jpeg"}],"twitter_card":"summary_large_image","twitter_misc":{"Tempo di lettura stimato":"2 minuti"},"schema":{"@context":"https:\/\/schema.org","@graph":[{"@type":"WebPage","@id":"https:\/\/airportsmokinglounge.com\/smoking-areas-in-mexico-airports\/","url":"https:\/\/airportsmokinglounge.com\/smoking-areas-in-mexico-airports\/","name":"Aree fumatori negli aeroporti del Messico - AirportsmokingLounge.com","isPartOf":{"@id":"https:\/\/airportsmokinglounge.com\/#website"},"primaryImageOfPage":{"@id":"https:\/\/airportsmokinglounge.com\/smoking-areas-in-mexico-airports\/#primaryimage"},"image":{"@id":"https:\/\/airportsmokinglounge.com\/smoking-areas-in-mexico-airports\/#primaryimage"},"thumbnailUrl":"https:\/\/airportsmokinglounge.com\/wp-content\/uploads\/2023\/03\/airport-smoking-lounge-4.jpg","datePublished":"2023-02-28T15:02:45+00:00","dateModified":"2023-05-22T14:55:22+00:00","description":"Aree fumatori negli aeroporti del Messico - Trova il tuo prossimo posto per una pausa fumo \u2714\ufe0e - La tua guida definitiva per trovare un posto dove fumare in aeroporto \u2714\ufe0e","breadcrumb":{"@id":"https:\/\/airportsmokinglounge.com\/smoking-areas-in-mexico-airports\/#breadcrumb"},"inLanguage":"it-IT","potentialAction":[{"@type":"ReadAction","target":["https:\/\/airportsmokinglounge.com\/smoking-areas-in-mexico-airports\/"]}]},{"@type":"ImageObject","inLanguage":"it-IT","@id":"https:\/\/airportsmokinglounge.com\/smoking-areas-in-mexico-airports\/#primaryimage","url":"https:\/\/airportsmokinglounge.com\/wp-content\/uploads\/2023\/03\/airport-smoking-lounge-4.jpg","contentUrl":"https:\/\/airportsmokinglounge.com\/wp-content\/uploads\/2023\/03\/airport-smoking-lounge-4.jpg","width":2048,"height":1152,"caption":"Airport Smoking"},{"@type":"BreadcrumbList","@id":"https:\/\/airportsmokinglounge.com\/smoking-areas-in-mexico-airports\/#breadcrumb","itemListElement":[{"@type":"ListItem","position":1,"name":"Home","item":"https:\/\/airportsmokinglounge.com\/"},{"@type":"ListItem","position":2,"name":"Smoking areas in Mexico airports"}]},{"@type":"WebSite","@id":"https:\/\/airportsmokinglounge.com\/#website","url":"https:\/\/airportsmokinglounge.com\/","name":"airportsmokinglounge.com","description":"","potentialAction":[{"@type":"SearchAction","target":{"@type":"EntryPoint","urlTemplate":"https:\/\/airportsmokinglounge.com\/?s={search_term_string}"},"query-input":{"@type":"PropertyValueSpecification","valueRequired":true,"valueName":"search_term_string"}}],"inLanguage":"it-IT"}]}},"_links":{"self":[{"href":"https:\/\/airportsmokinglounge.com\/it\/wp-json\/wp\/v2\/pages\/227","targetHints":{"allow":["GET"]}}],"collection":[{"href":"https:\/\/airportsmokinglounge.com\/it\/wp-json\/wp\/v2\/pages"}],"about":[{"href":"https:\/\/airportsmokinglounge.com\/it\/wp-json\/wp\/v2\/types\/page"}],"author":[{"embeddable":true,"href":"https:\/\/airportsmokinglounge.com\/it\/wp-json\/wp\/v2\/users\/1"}],"replies":[{"embeddable":true,"href":"https:\/\/airportsmokinglounge.com\/it\/wp-json\/wp\/v2\/comments?post=227"}],"version-history":[{"count":9,"href":"https:\/\/airportsmokinglounge.com\/it\/wp-json\/wp\/v2\/pages\/227\/revisions"}],"predecessor-version":[{"id":5708,"href":"https:\/\/airportsmokinglounge.com\/it\/wp-json\/wp\/v2\/pages\/227\/revisions\/5708"}],"wp:featuredmedia":[{"embeddable":true,"href":"https:\/\/airportsmokinglounge.com\/it\/wp-json\/wp\/v2\/media\/1199"}],"wp:attachment":[{"href":"https:\/\/airportsmokinglounge.com\/it\/wp-json\/wp\/v2\/media?parent=227"}],"curies":[{"name":"parola chiave","href":"https:\/\/api.w.org\/{rel}","templated":true}]}}