{"id":2400,"date":"2023-04-13T10:47:45","date_gmt":"2023-04-13T08:47:45","guid":{"rendered":"https:\/\/airportsmokinglounge.com\/?page_id=2400"},"modified":"2023-05-16T12:37:42","modified_gmt":"2023-05-16T10:37:42","slug":"smoking-areas-at-doha-hamad-international-airport-doh","status":"publish","type":"page","link":"https:\/\/airportsmokinglounge.com\/it\/aree-fumatori-all-aeroporto-internazionale-di-doha-hamad-doh\/","title":{"rendered":"Aree fumatori all&#039;Aeroporto Internazionale di Doha Hamad (DOH)"},"content":{"rendered":"<p>L&#039;Aeroporto Internazionale di Doha Hamad \u00e8 il principale aeroporto che serve la citt\u00e0 di Doha, la capitale del Qatar. Situato a circa 15 chilometri a sud-est del centro di Doha, l&#039;aeroporto \u00e8 un hub per Qatar Airways e funge da importante porta d&#039;ingresso verso il Medio Oriente.<\/p>\n<p>L&#039;aeroporto dispone di un terminal moderno e spazioso con strutture all&#039;avanguardia, tra cui numerosi ristoranti e negozi, lounge e una serie di altri servizi. Ha un&#039;unica pista ed \u00e8 in grado di gestire un grande volume di voli e passeggeri, con compagnie aeree di tutto il mondo che operano servizi regolari da e per l&#039;aeroporto.<\/p>\n<h2>Aree fumatori prima dei controlli di sicurezza<\/h2>\n<p><span style=\"font-size: 14pt;\">\u00c8 consentito fumare (compreso l&#039;uso di sigarette elettroniche) solo nelle aree fumatori esterne ai terminal.<\/span><\/p>\n<h2>Aree fumatori dopo i controlli di sicurezza<\/h2>\n<p><span style=\"font-size: 14pt;\">All&#039;interno del terminal sono presenti strutture per fumatori.<\/span><\/p>\n<ul>\n<li class=\"style8\"><span style=\"font-size: 14pt;\">Atrio A: Situato al cancello A 1<\/span><\/li>\n<li class=\"style8\"><span style=\"font-size: 14pt;\">Atrio B: situato prima del Gate B 1 sulla sinistra.<\/span><\/li>\n<li class=\"style8\"><span style=\"font-size: 14pt;\">Atrio C: situato al cancello C4 prima del cancello C13<\/span><\/li>\n<li class=\"style8\"><span style=\"font-size: 14pt;\">Atrio D ed E: situato di fronte al gate D20 prima del gate E1 e di fronte al gate E20<\/span><\/li>\n<\/ul>\n<p><img decoding=\"async\" class=\"aligncenter size-full wp-image-4042\" src=\"https:\/\/airportsmokinglounge.com\/wp-content\/uploads\/2023\/04\/Smoking-areas-at-Doha-Hamad-International-Airport-scaled-e1682785109489.jpg\" alt=\"Aree fumatori all&#039;aeroporto internazionale di Doha Hamad\" width=\"600\" height=\"338\" srcset=\"https:\/\/airportsmokinglounge.com\/wp-content\/uploads\/2023\/04\/Smoking-areas-at-Doha-Hamad-International-Airport-scaled-e1682785109489.jpg 600w, https:\/\/airportsmokinglounge.com\/wp-content\/uploads\/2023\/04\/Smoking-areas-at-Doha-Hamad-International-Airport-scaled-e1682785109489-300x169.jpg 300w\" sizes=\"(max-width: 600px) 100vw, 600px\" \/><\/p>\n<p><img decoding=\"async\" class=\"aligncenter size-full wp-image-4043\" src=\"https:\/\/airportsmokinglounge.com\/wp-content\/uploads\/2023\/04\/IMG_2469-scaled-e1682785156912.jpg\" alt=\"Area fumatori dell&#039;aeroporto di Doha\" width=\"600\" height=\"338\" srcset=\"https:\/\/airportsmokinglounge.com\/wp-content\/uploads\/2023\/04\/IMG_2469-scaled-e1682785156912.jpg 600w, https:\/\/airportsmokinglounge.com\/wp-content\/uploads\/2023\/04\/IMG_2469-scaled-e1682785156912-300x169.jpg 300w\" sizes=\"(max-width: 600px) 100vw, 600px\" \/><\/p>\n<p><img decoding=\"async\" class=\"aligncenter size-full wp-image-4044\" src=\"https:\/\/airportsmokinglounge.com\/wp-content\/uploads\/2023\/04\/Smoking-Lounge-Doha-Hamad-International-Airport-scaled-e1682785184817.jpg\" alt=\"Sala fumatori dell&#039;aeroporto internazionale di Doha Hamad\" width=\"600\" height=\"338\" srcset=\"https:\/\/airportsmokinglounge.com\/wp-content\/uploads\/2023\/04\/Smoking-Lounge-Doha-Hamad-International-Airport-scaled-e1682785184817.jpg 600w, https:\/\/airportsmokinglounge.com\/wp-content\/uploads\/2023\/04\/Smoking-Lounge-Doha-Hamad-International-Airport-scaled-e1682785184817-300x169.jpg 300w\" sizes=\"(max-width: 600px) 100vw, 600px\" \/><\/p>\n<p><span style=\"font-size: 14pt;\">Maggiori informazioni sul sito ufficiale<\/span><\/p>\n<ul>\n<li><a href=\"https:\/\/dohahamadairport.com\/\" target=\"_blank\" rel=\"noopener\">www.dohahamadairport.com<\/a><\/li>\n<\/ul>\n<p><strong><span style=\"font-size: 14pt;\">Inviaci un feedback<\/span><\/strong><\/p>\n<p><span style=\"font-size: 14pt;\">Se ti trovi all&#039;aeroporto di Doha, sei pi\u00f9 che benvenuto a inviarci foto delle aree fumatori. Questo ci aiuter\u00e0 a riempire pi\u00f9 velocemente il nostro database. Puoi farlo <strong><a href=\"https:\/\/airportsmokinglounge.com\/it\/contatto\/\">Qui<\/a>.<\/strong> Le immagini sono pubblicate sul nostro sito, indicando la fonte dell&#039;immagine (nome). Sentiti libero di condividere queste foto con noi e con tutti i visitatori di airportsmokinglounge.com<\/span>.<\/p>\n<h3>Legge sul fumo del Qatar<\/h3>\n<p>Il Qatar ha una severa legge sul fumo che vieta di fumare in tutti i luoghi pubblici al chiuso, inclusi ristoranti, bar e centri commerciali. La legge si applica anche a tutti i luoghi di lavoro governativi e non governativi, compresi uffici, fabbriche e veicoli.<\/p>\n<p>Inoltre, la vendita di prodotti del tabacco \u00e8 limitata ai punti vendita autorizzati ed \u00e8 vietato fumare anche nei veicoli con bambini di et\u00e0 inferiore ai 18 anni. La legge vieta anche la pubblicit\u00e0 e la promozione dei prodotti del tabacco in Qatar.<\/p>\n<p>In alcuni luoghi \u00e8 consentito fumare in aree esterne designate, ma solo se soddisfano determinati criteri, come essere lontani dagli ingressi e dalle uscite degli edifici e non causare danni agli altri nelle vicinanze.<\/p>\n<p>Le violazioni della legge sul fumo possono comportare multe e persino la reclusione per i recidivi. Vale anche la pena notare che il Qatar \u00e8 un paese islamico e il fumo \u00e8 generalmente scoraggiato nell&#039;Islam, poich\u00e9 si ritiene che sia dannoso per la salute.<\/p>\n<h3>Domande frequenti<\/h3>\n<h4>Le aree fumatori in aeroporto sono disponibili 24 ore su 24, 7 giorni su 7?<\/h4>\n<p>La disponibilit\u00e0 delle aree fumatori aeroportuali pu\u00f2 variare a seconda dell&#039;aeroporto e della localit\u00e0. Alcune aree fumatori sono aperte 24 ore su 24, mentre altre possono avere orari limitati o essere chiuse in determinati orari. \u00c8 meglio verificare con l&#039;aeroporto o visitare il loro sito Web per informazioni specifiche sugli orari di apertura dell&#039;area fumatori.<\/p>\n<h4>\u00c8 consentito portare cibo e bevande nell&#039;area fumatori?<\/h4>\n<p>Questo pu\u00f2 dipendere dalla specifica area fumatori e dall&#039;aeroporto. Alcune aree fumatori possono consentire cibo e bevande dall&#039;esterno, mentre altre possono avere restrizioni o proibirle completamente. \u00c8 meglio verificare con l&#039;aeroporto o la segnaletica dell&#039;area fumatori per norme e regolamenti specifici.<\/p>\n<h4>\u00c8 consentito fumare in tutte le aree fumatori dell&#039;aeroporto?<\/h4>\n<p>Non tutte le aree fumatori aeroportuali possono consentire di fumare. Alcuni aeroporti possono avere aree designate per le sigarette elettroniche o lo svapo, che sono separate dalle tradizionali aree fumatori. Assicurati di controllare le norme e i regolamenti specifici per l&#039;area fumatori che intendi utilizzare.<\/p>\n<h4>Le aree fumatori sono climatizzate o riscaldate?<\/h4>\n<p>La temperatura e la ventilazione delle aree fumatori aeroportuali possono variare notevolmente. Alcuni possono essere climatizzati o riscaldati, mentre altri possono essere spazi all&#039;aperto con protezione limitata dagli elementi. Assicurati di verificare con l&#039;aeroporto o di visitare l&#039;area fumatori in anticipo per determinare le condizioni e prepararti di conseguenza.<\/p>\n<h4>Le aree fumatori sono accessibili ai viaggiatori con disabilit\u00e0?<\/h4>\n<p>Molti aeroporti hanno compiuto sforzi per rendere le loro aree fumatori accessibili ai viaggiatori con disabilit\u00e0. Tuttavia, l&#039;accessibilit\u00e0 di specifiche aree fumatori pu\u00f2 variare notevolmente. Assicurati di verificare con l&#039;aeroporto o visitare l&#039;area fumatori in anticipo per determinare se \u00e8 accessibile e soddisfa le tue esigenze.<\/p>\n<p><span style=\"font-size: 14pt;\"><strong>Aree fumatori in:<\/strong><\/span><\/p>\n<ul>\n<li><a href=\"https:\/\/airportsmokinglounge.com\/it\/fumare-negli-aeroporti-in-asia\/\"><span style=\"font-size: 14pt;\">aeroporti asiatici<\/span><\/a><\/li>\n<\/ul>","protected":false},"excerpt":{"rendered":"<p>Doha Hamad International Airport is the main airport serving the city of Doha, the capital of Qatar. Located about 15 kilometers southeast of downtown Doha, the airport is a hub for Qatar Airways and serves as a major gateway to the Middle East. The airport features a modern and spacious terminal with state-of-the-art facilities, including&hellip;&nbsp;<a href=\"https:\/\/airportsmokinglounge.com\/it\/aree-fumatori-all-aeroporto-internazionale-di-doha-hamad-doh\/\" rel=\"bookmark\">Per saperne di pi\u00f9 &quot;<span class=\"screen-reader-text\">Aree fumatori all&#039;Aeroporto Internazionale di Doha Hamad (DOH)<\/span><\/a><\/p>","protected":false},"author":1,"featured_media":1199,"parent":0,"menu_order":0,"comment_status":"closed","ping_status":"closed","template":"","meta":{"neve_meta_sidebar":"","neve_meta_container":"","neve_meta_enable_content_width":"off","neve_meta_content_width":100,"neve_meta_title_alignment":"","neve_meta_author_avatar":"","neve_post_elements_order":"","neve_meta_disable_header":"","neve_meta_disable_footer":"","neve_meta_disable_title":"","neve_meta_reading_time":"","footnotes":""},"class_list":["post-2400","page","type-page","status-publish","has-post-thumbnail","hentry"],"yoast_head":"<!-- This site is optimized with the Yoast SEO plugin v26.6 - https:\/\/yoast.com\/wordpress\/plugins\/seo\/ -->\n<title>Smoking areas at Doha Hamad International Airport (DOH)<\/title>\n<meta name=\"description\" content=\"Smoking areas Doha Hamad International Airport - Find a smoking area in the airport \u2714\ufe0e Smoking Guide in Airports for Travelers \u2714\ufe0e\" \/>\n<meta name=\"robots\" content=\"index, follow, max-snippet:-1, max-image-preview:large, max-video-preview:-1\" \/>\n<link rel=\"canonical\" href=\"https:\/\/airportsmokinglounge.com\/it\/aree-fumatori-all-aeroporto-internazionale-di-doha-hamad-doh\/\" \/>\n<meta property=\"og:locale\" content=\"it_IT\" \/>\n<meta property=\"og:type\" content=\"article\" \/>\n<meta property=\"og:title\" content=\"Smoking areas at Doha Hamad International Airport (DOH)\" \/>\n<meta property=\"og:description\" content=\"Smoking areas Doha Hamad International Airport - Find a smoking area in the airport \u2714\ufe0e Smoking Guide in Airports for Travelers \u2714\ufe0e\" \/>\n<meta property=\"og:url\" content=\"https:\/\/airportsmokinglounge.com\/it\/aree-fumatori-all-aeroporto-internazionale-di-doha-hamad-doh\/\" \/>\n<meta property=\"og:site_name\" content=\"airportsmokinglounge.com\" \/>\n<meta property=\"article:modified_time\" content=\"2023-05-16T10:37:42+00:00\" \/>\n<meta property=\"og:image\" content=\"https:\/\/airportsmokinglounge.com\/wp-content\/uploads\/2023\/03\/airport-smoking-lounge-4.jpg\" \/>\n\t<meta property=\"og:image:width\" content=\"2048\" \/>\n\t<meta property=\"og:image:height\" content=\"1152\" \/>\n\t<meta property=\"og:image:type\" content=\"image\/jpeg\" \/>\n<meta name=\"twitter:card\" content=\"summary_large_image\" \/>\n<meta name=\"twitter:label1\" content=\"Tempo di lettura stimato\" \/>\n\t<meta name=\"twitter:data1\" content=\"4 minuti\" \/>\n<script type=\"application\/ld+json\" class=\"yoast-schema-graph\">{\"@context\":\"https:\/\/schema.org\",\"@graph\":[{\"@type\":\"WebPage\",\"@id\":\"https:\/\/airportsmokinglounge.com\/smoking-areas-at-doha-hamad-international-airport-doh\/\",\"url\":\"https:\/\/airportsmokinglounge.com\/smoking-areas-at-doha-hamad-international-airport-doh\/\",\"name\":\"Smoking areas at Doha Hamad International Airport (DOH)\",\"isPartOf\":{\"@id\":\"https:\/\/airportsmokinglounge.com\/#website\"},\"primaryImageOfPage\":{\"@id\":\"https:\/\/airportsmokinglounge.com\/smoking-areas-at-doha-hamad-international-airport-doh\/#primaryimage\"},\"image\":{\"@id\":\"https:\/\/airportsmokinglounge.com\/smoking-areas-at-doha-hamad-international-airport-doh\/#primaryimage\"},\"thumbnailUrl\":\"https:\/\/airportsmokinglounge.com\/wp-content\/uploads\/2023\/03\/airport-smoking-lounge-4.jpg\",\"datePublished\":\"2023-04-13T08:47:45+00:00\",\"dateModified\":\"2023-05-16T10:37:42+00:00\",\"description\":\"Smoking areas Doha Hamad International Airport - Find a smoking area in the airport \u2714\ufe0e Smoking Guide in Airports for Travelers \u2714\ufe0e\",\"breadcrumb\":{\"@id\":\"https:\/\/airportsmokinglounge.com\/smoking-areas-at-doha-hamad-international-airport-doh\/#breadcrumb\"},\"inLanguage\":\"it-IT\",\"potentialAction\":[{\"@type\":\"ReadAction\",\"target\":[\"https:\/\/airportsmokinglounge.com\/smoking-areas-at-doha-hamad-international-airport-doh\/\"]}]},{\"@type\":\"ImageObject\",\"inLanguage\":\"it-IT\",\"@id\":\"https:\/\/airportsmokinglounge.com\/smoking-areas-at-doha-hamad-international-airport-doh\/#primaryimage\",\"url\":\"https:\/\/airportsmokinglounge.com\/wp-content\/uploads\/2023\/03\/airport-smoking-lounge-4.jpg\",\"contentUrl\":\"https:\/\/airportsmokinglounge.com\/wp-content\/uploads\/2023\/03\/airport-smoking-lounge-4.jpg\",\"width\":2048,\"height\":1152,\"caption\":\"Airport Smoking\"},{\"@type\":\"BreadcrumbList\",\"@id\":\"https:\/\/airportsmokinglounge.com\/smoking-areas-at-doha-hamad-international-airport-doh\/#breadcrumb\",\"itemListElement\":[{\"@type\":\"ListItem\",\"position\":1,\"name\":\"Home\",\"item\":\"https:\/\/airportsmokinglounge.com\/\"},{\"@type\":\"ListItem\",\"position\":2,\"name\":\"Smoking areas at Doha Hamad International Airport (DOH)\"}]},{\"@type\":\"WebSite\",\"@id\":\"https:\/\/airportsmokinglounge.com\/#website\",\"url\":\"https:\/\/airportsmokinglounge.com\/\",\"name\":\"airportsmokinglounge.com\",\"description\":\"\",\"potentialAction\":[{\"@type\":\"SearchAction\",\"target\":{\"@type\":\"EntryPoint\",\"urlTemplate\":\"https:\/\/airportsmokinglounge.com\/?s={search_term_string}\"},\"query-input\":{\"@type\":\"PropertyValueSpecification\",\"valueRequired\":true,\"valueName\":\"search_term_string\"}}],\"inLanguage\":\"it-IT\"}]}<\/script>\n<!-- \/ Yoast SEO plugin. -->","yoast_head_json":{"title":"Aree fumatori all&#039;Aeroporto Internazionale di Doha Hamad (DOH)","description":"Aree fumatori Aeroporto Internazionale di Doha Hamad - Trova un&#039;area fumatori in aeroporto \u2714\ufe0e Guida ai fumatori negli aeroporti per viaggiatori \u2714\ufe0e","robots":{"index":"index","follow":"follow","max-snippet":"max-snippet:-1","max-image-preview":"max-image-preview:large","max-video-preview":"max-video-preview:-1"},"canonical":"https:\/\/airportsmokinglounge.com\/it\/aree-fumatori-all-aeroporto-internazionale-di-doha-hamad-doh\/","og_locale":"it_IT","og_type":"article","og_title":"Smoking areas at Doha Hamad International Airport (DOH)","og_description":"Smoking areas Doha Hamad International Airport - Find a smoking area in the airport \u2714\ufe0e Smoking Guide in Airports for Travelers \u2714\ufe0e","og_url":"https:\/\/airportsmokinglounge.com\/it\/aree-fumatori-all-aeroporto-internazionale-di-doha-hamad-doh\/","og_site_name":"airportsmokinglounge.com","article_modified_time":"2023-05-16T10:37:42+00:00","og_image":[{"width":2048,"height":1152,"url":"https:\/\/airportsmokinglounge.com\/wp-content\/uploads\/2023\/03\/airport-smoking-lounge-4.jpg","type":"image\/jpeg"}],"twitter_card":"summary_large_image","twitter_misc":{"Tempo di lettura stimato":"4 minuti"},"schema":{"@context":"https:\/\/schema.org","@graph":[{"@type":"WebPage","@id":"https:\/\/airportsmokinglounge.com\/smoking-areas-at-doha-hamad-international-airport-doh\/","url":"https:\/\/airportsmokinglounge.com\/smoking-areas-at-doha-hamad-international-airport-doh\/","name":"Aree fumatori all&#039;Aeroporto Internazionale di Doha Hamad (DOH)","isPartOf":{"@id":"https:\/\/airportsmokinglounge.com\/#website"},"primaryImageOfPage":{"@id":"https:\/\/airportsmokinglounge.com\/smoking-areas-at-doha-hamad-international-airport-doh\/#primaryimage"},"image":{"@id":"https:\/\/airportsmokinglounge.com\/smoking-areas-at-doha-hamad-international-airport-doh\/#primaryimage"},"thumbnailUrl":"https:\/\/airportsmokinglounge.com\/wp-content\/uploads\/2023\/03\/airport-smoking-lounge-4.jpg","datePublished":"2023-04-13T08:47:45+00:00","dateModified":"2023-05-16T10:37:42+00:00","description":"Aree fumatori Aeroporto Internazionale di Doha Hamad - Trova un&#039;area fumatori in aeroporto \u2714\ufe0e Guida ai fumatori negli aeroporti per viaggiatori \u2714\ufe0e","breadcrumb":{"@id":"https:\/\/airportsmokinglounge.com\/smoking-areas-at-doha-hamad-international-airport-doh\/#breadcrumb"},"inLanguage":"it-IT","potentialAction":[{"@type":"ReadAction","target":["https:\/\/airportsmokinglounge.com\/smoking-areas-at-doha-hamad-international-airport-doh\/"]}]},{"@type":"ImageObject","inLanguage":"it-IT","@id":"https:\/\/airportsmokinglounge.com\/smoking-areas-at-doha-hamad-international-airport-doh\/#primaryimage","url":"https:\/\/airportsmokinglounge.com\/wp-content\/uploads\/2023\/03\/airport-smoking-lounge-4.jpg","contentUrl":"https:\/\/airportsmokinglounge.com\/wp-content\/uploads\/2023\/03\/airport-smoking-lounge-4.jpg","width":2048,"height":1152,"caption":"Airport Smoking"},{"@type":"BreadcrumbList","@id":"https:\/\/airportsmokinglounge.com\/smoking-areas-at-doha-hamad-international-airport-doh\/#breadcrumb","itemListElement":[{"@type":"ListItem","position":1,"name":"Home","item":"https:\/\/airportsmokinglounge.com\/"},{"@type":"ListItem","position":2,"name":"Smoking areas at Doha Hamad International Airport (DOH)"}]},{"@type":"WebSite","@id":"https:\/\/airportsmokinglounge.com\/#website","url":"https:\/\/airportsmokinglounge.com\/","name":"airportsmokinglounge.com","description":"","potentialAction":[{"@type":"SearchAction","target":{"@type":"EntryPoint","urlTemplate":"https:\/\/airportsmokinglounge.com\/?s={search_term_string}"},"query-input":{"@type":"PropertyValueSpecification","valueRequired":true,"valueName":"search_term_string"}}],"inLanguage":"it-IT"}]}},"_links":{"self":[{"href":"https:\/\/airportsmokinglounge.com\/it\/wp-json\/wp\/v2\/pages\/2400","targetHints":{"allow":["GET"]}}],"collection":[{"href":"https:\/\/airportsmokinglounge.com\/it\/wp-json\/wp\/v2\/pages"}],"about":[{"href":"https:\/\/airportsmokinglounge.com\/it\/wp-json\/wp\/v2\/types\/page"}],"author":[{"embeddable":true,"href":"https:\/\/airportsmokinglounge.com\/it\/wp-json\/wp\/v2\/users\/1"}],"replies":[{"embeddable":true,"href":"https:\/\/airportsmokinglounge.com\/it\/wp-json\/wp\/v2\/comments?post=2400"}],"version-history":[{"count":9,"href":"https:\/\/airportsmokinglounge.com\/it\/wp-json\/wp\/v2\/pages\/2400\/revisions"}],"predecessor-version":[{"id":5240,"href":"https:\/\/airportsmokinglounge.com\/it\/wp-json\/wp\/v2\/pages\/2400\/revisions\/5240"}],"wp:featuredmedia":[{"embeddable":true,"href":"https:\/\/airportsmokinglounge.com\/it\/wp-json\/wp\/v2\/media\/1199"}],"wp:attachment":[{"href":"https:\/\/airportsmokinglounge.com\/it\/wp-json\/wp\/v2\/media?parent=2400"}],"curies":[{"name":"parola chiave","href":"https:\/\/api.w.org\/{rel}","templated":true}]}}