{"id":25,"date":"2023-02-12T19:36:00","date_gmt":"2023-02-12T18:36:00","guid":{"rendered":"https:\/\/airportsmokinglounge.com\/?page_id=25"},"modified":"2023-05-21T21:41:35","modified_gmt":"2023-05-21T19:41:35","slug":"smoking-at-airports-in-africa","status":"publish","type":"page","link":"https:\/\/airportsmokinglounge.com\/it\/fumare-negli-aeroporti-in-africa\/","title":{"rendered":"Fumare negli aeroporti africani"},"content":{"rendered":"<p><span style=\"font-size: 14pt;\">Su questo sito puoi trovare tutte le aree fumatori negli aeroporti africani, comprese le aree fumatori designate e le strutture disponibili. Comprendiamo la frustrazione di passare i controlli di sicurezza solo per scoprire che non ci sono aree fumatori da nessuna parte e in alcuni casi le sigarette elettroniche potrebbero non essere consentite. <\/span><\/p>\n<p><span style=\"font-size: 14pt;\">Questo servizio \u00e8 rivolto a tutti i fumatori che vogliono godersi una sigaretta prima o dopo un lungo volo.<\/span><\/p>\n<h2>Aree fumatori negli aeroporti africani<\/h2>\n<p><strong><span style=\"font-size: 14pt;\">Scegli il tuo paese:<\/span><\/strong><\/p>\n<ul style=\"list-style-type: circle;\">\n<li><a href=\"https:\/\/airportsmokinglounge.com\/it\/fumare-negli-aeroporti-algeria\/\">ALGERIA<\/a><\/li>\n<li><a href=\"https:\/\/airportsmokinglounge.com\/it\/aree-fumatori-negli-aeroporti-di-angolas\/\">ANGOLA<\/a><\/li>\n<li><a href=\"https:\/\/airportsmokinglounge.com\/it\/aree-fumatori-negli-aeroporti-del-botswana\/\">BOTSWANA<\/a><\/li>\n<li><a href=\"https:\/\/airportsmokinglounge.com\/it\/aree-fumatori-negli-aeroporti-camerun\/\">CAMERUN<\/a><em>\u00a0<\/em><\/li>\n<li><a href=\"https:\/\/airportsmokinglounge.com\/it\/aree-fumatori-negli-aeroporti-di-capo-verde\/\">CAPO VERDE<\/a><\/li>\n<li><a href=\"https:\/\/airportsmokinglounge.com\/it\/aree-fumatori-allaeroporto-internazionale-di-bangui-mpoko-bgf\/\">REPUBBLICA CENTRAFRICANA<\/a><\/li>\n<li><a href=\"https:\/\/airportsmokinglounge.com\/it\/aree-fumatori-all-aeroporto-internazionale-di-kinshasa-ndjili-fih\/\">REPUBBLICA DEMOCRATICA DEL CONGO<\/a><\/li>\n<li><a href=\"https:\/\/airportsmokinglounge.com\/it\/aree-fumatori-all-aeroporto-jibuti-ambouli-jib\/\">GIBUTI<\/a><em>\u00a0<\/em><\/li>\n<li><a href=\"https:\/\/airportsmokinglounge.com\/it\/aree-fumatori-negli-aeroporti-degitto\/\">EGITTO<\/a><\/li>\n<li><a href=\"https:\/\/airportsmokinglounge.com\/it\/aree-fumatori-negli-aeroporti-etiopia\/\">ETIOPIA<\/a><\/li>\n<li><a href=\"https:\/\/airportsmokinglounge.com\/it\/aree-fumatori-all-aeroporto-internazionale-di-libreville-lbv\/\">GABON<\/a><\/li>\n<li><a href=\"https:\/\/airportsmokinglounge.com\/it\/aree-fumatori-all-aeroporto-internazionale-di-banjul-bjl\/\">GAMBIA<\/a><\/li>\n<li><a href=\"https:\/\/airportsmokinglounge.com\/it\/aree-fumatori-all-aeroporto-internazionale-accra-kotoka-acc\/\">GHANA<\/a><\/li>\n<li><a href=\"https:\/\/airportsmokinglounge.com\/it\/aree-fumatori-a-abidjan-port-bouet-airport-abj\/\">COSTA D&#039;AVORIO<\/a><em>\u00a0<\/em><\/li>\n<li><a href=\"https:\/\/airportsmokinglounge.com\/it\/aree-fumatori-negli-aeroporti-del-kenya\/\">KENIA<\/a><em>\u00a0<\/em><\/li>\n<li><a href=\"https:\/\/airportsmokinglounge.com\/it\/aree-fumatori-negli-aeroporti-del-madagascar\/\">MADAGASCAR<\/a><\/li>\n<li><a href=\"https:\/\/airportsmokinglounge.com\/it\/aree-fumatori-negli-aeroporti-del-mali\/\">MALI<\/a><\/li>\n<li><a href=\"https:\/\/airportsmokinglounge.com\/it\/aree-fumatori-all-aeroporto-internazionale-di-port-louis-mru\/\">MAURIZIO<\/a><em>\u00a0<\/em><\/li>\n<li><a href=\"https:\/\/airportsmokinglounge.com\/it\/aree-fumatori-aeroporti-marocco\/\">MAROCCO<\/a><\/li>\n<li><a href=\"https:\/\/airportsmokinglounge.com\/it\/aree-fumatori-in-mozambico-aeroporti\/\">MOZAMBICO<\/a><\/li>\n<li><a href=\"https:\/\/airportsmokinglounge.com\/it\/aree-fumatori-negli-aeroporti-della-nigeria\/\">NIGERIA<\/a><\/li>\n<li><a href=\"https:\/\/airportsmokinglounge.com\/it\/aree-fumatori-negli-aeroporti-della-namibia\/\">NAMIBIA<\/a><\/li>\n<li><a href=\"https:\/\/airportsmokinglounge.com\/it\/aree-fumatori-negli-aeroporti-ruanda\/\">RUANDA<\/a><\/li>\n<li><a href=\"https:\/\/airportsmokinglounge.com\/it\/aree-fumatori-allaeroporto-internazionale-di-freetown-fna\/\">SIERRA LEONE<\/a><\/li>\n<li><a href=\"https:\/\/airportsmokinglounge.com\/it\/aree-fumatori-negli-aeroporti-di-liberia\/\">LIBERIA<\/a><\/li>\n<li><a href=\"https:\/\/airportsmokinglounge.com\/it\/aree-fumatori-aeroporti-senegal\/\">SENEGAL<\/a><\/li>\n<li><a href=\"https:\/\/airportsmokinglounge.com\/it\/aree-fumatori-negli-aeroporti-della-somalia\/\"><span class=\"auto-style3\">SOMALIA<\/span><\/a><\/li>\n<li><a href=\"https:\/\/airportsmokinglounge.com\/it\/aree-fumatori-negli-aeroporti-del-sudafrica\/\">SUD AFRICA<\/a><\/li>\n<li><a href=\"https:\/\/airportsmokinglounge.com\/it\/aree-fumatori-in-sudan\/\">SUDAN<\/a><\/li>\n<li><a href=\"https:\/\/airportsmokinglounge.com\/it\/aree-fumatori-aeroporti-tanzania\/\">TANZANIA<\/a><\/li>\n<li><a href=\"https:\/\/airportsmokinglounge.com\/it\/aree-fumatori-aeroporti-tunisia\/\">TUNISIA<\/a><\/li>\n<li><a href=\"https:\/\/airportsmokinglounge.com\/it\/aree-fumatori-negli-aeroporti-uganda\/\">UGANDA<\/a><\/li>\n<li><a href=\"https:\/\/airportsmokinglounge.com\/it\/aree-fumatori-negli-aeroporti-dello-zambia\/\">ZAMBIA<\/a><\/li>\n<li><a href=\"https:\/\/airportsmokinglounge.com\/it\/aree-fumatori-negli-aeroporti-dello-zimbabwe\/\">ZIMBABWE<\/a><\/li>\n<\/ul>\n<h2>Servizio fumatori negli aeroporti africani<\/h2>\n<p><span style=\"font-size: 14pt;\">Il fumo negli aeroporti africani \u00e8 un argomento influenzato da varie normative antifumo, norme culturali e problemi sanitari. L\u2019Africa, essendo un continente diversificato con paesi e regioni diversi, presenta un panorama unico per quanto riguarda il fumo negli aeroporti.<\/span><\/p>\n<p><span style=\"font-size: 14pt;\">In alcuni paesi africani, il fumo \u00e8 ancora ampiamente accettato e in molti aeroporti si trovano aree fumatori designate. Tali aree fumatori possono essere ubicate in aree esterne lontane dall&#039;edificio principale del terminal e possono essere dotate di posacenere, sedili e ripari per i fumatori. <\/span><\/p>\n<p><span style=\"font-size: 14pt;\">Tuttavia, \u00e8 importante notare che la disponibilit\u00e0 e la qualit\u00e0 di queste aree fumatori designate possono variare in modo significativo da un aeroporto all&#039;altro e potrebbero non sempre soddisfare le aspettative dei viaggiatori fumatori.<\/span><\/p>\n<p><span style=\"font-size: 14pt;\">D&#039;altra parte, ci sono anche paesi africani dove il fumo \u00e8 severamente regolamentato ed \u00e8 vietato fumare negli aeroporti in tutte le aree interne ed esterne. Ci\u00f2 significa che i viaggiatori che fumano potrebbero avere difficolt\u00e0 a trovare luoghi adatti per fumare nei locali aeroportuali e potrebbero aver bisogno di lasciare i locali aeroportuali per fumare, se le leggi locali lo consentono.<\/span><\/p>\n<p><span style=\"font-size: 14pt;\">Ecco tutte le informazioni necessarie per trovare un&#039;area fumatori in un aeroporto africano.<\/span><\/p>\n<h3><span style=\"font-size: 14pt;\">Inviaci un feedback<\/span><\/h3>\n<p><span style=\"font-size: 14pt;\">Se ti trovi in qualsiasi aeroporto in Africa, sei pi\u00f9 che benvenuto a inviarci foto delle aree fumatori. Questo ci aiuter\u00e0 a riempire pi\u00f9 velocemente il nostro database. Puoi farlo <strong><a href=\"https:\/\/airportsmokinglounge.com\/it\/contatto\/\">Qui<\/a>.<\/strong>\u00a0Le immagini sono pubblicate sul nostro sito, indicando la fonte dell&#039;immagine (nome). Sentiti libero di condividere queste foto con noi e con tutti i visitatori di airportsmokinglounge.com.<\/span><\/p>\n<p><strong><span style=\"font-size: 14pt;\">Altre aree fumatori in aeroporto\u00a0<\/span><\/strong><\/p>\n<ul style=\"list-style-type: circle;\">\n<li><a href=\"https:\/\/airportsmokinglounge.com\/it\/fumare-negli-aeroporti-del-nord-america\/\">Nord America<\/a><\/li>\n<li><a href=\"https:\/\/airportsmokinglounge.com\/it\/fumare-negli-aeroporti-del-sud-america\/\">Sud America<\/a><\/li>\n<li><a href=\"https:\/\/airportsmokinglounge.com\/it\/aree-fumatori-negli-aeroporti-europei\/\">Europa<\/a><\/li>\n<li><a href=\"https:\/\/airportsmokinglounge.com\/it\/fumare-negli-aeroporti-in-asia\/\">Asia<\/a><\/li>\n<li><a href=\"https:\/\/airportsmokinglounge.com\/it\/fumare-negli-aeroporti-delloceania\/\">Oceania<\/a><\/li>\n<\/ul>","protected":false},"excerpt":{"rendered":"<p>Su questo sito web puoi trovare tutte le aree fumatori negli aeroporti africani, comprese le aree fumatori designate e le strutture disponibili. Comprendiamo la frustrazione di passare attraverso la sicurezza solo per scoprire che non ci sono aree fumatori da nessuna parte e in alcuni casi le sigarette elettroniche potrebbero non essere consentite. Questo servizio \u00e8 per tutti i fumatori che vogliono\u2026&nbsp;<a href=\"https:\/\/airportsmokinglounge.com\/it\/fumare-negli-aeroporti-in-africa\/\" rel=\"bookmark\">Per saperne di pi\u00f9 &quot;<span class=\"screen-reader-text\">Fumare negli aeroporti africani<\/span><\/a><\/p>","protected":false},"author":1,"featured_media":1202,"parent":0,"menu_order":0,"comment_status":"closed","ping_status":"closed","template":"","meta":{"neve_meta_sidebar":"","neve_meta_container":"","neve_meta_enable_content_width":"off","neve_meta_content_width":100,"neve_meta_title_alignment":"","neve_meta_author_avatar":"","neve_post_elements_order":"","neve_meta_disable_header":"","neve_meta_disable_footer":"","neve_meta_disable_title":"","neve_meta_reading_time":"","footnotes":""},"class_list":["post-25","page","type-page","status-publish","has-post-thumbnail","hentry"],"yoast_head":"<!-- This site is optimized with the Yoast SEO plugin v26.6 - https:\/\/yoast.com\/wordpress\/plugins\/seo\/ -->\n<title>Smoking at airports in Africa - airportsmokinglounge.com<\/title>\n<meta name=\"description\" content=\"Smoking at airports in Africa \u2714\ufe0e A Comprehensive Guide to Smoking Areas and Smoking Policies in Major African Airports \u2714\ufe0e\" \/>\n<meta name=\"robots\" content=\"index, follow, max-snippet:-1, max-image-preview:large, max-video-preview:-1\" \/>\n<link rel=\"canonical\" href=\"https:\/\/airportsmokinglounge.com\/it\/fumare-negli-aeroporti-in-africa\/\" \/>\n<meta property=\"og:locale\" content=\"it_IT\" \/>\n<meta property=\"og:type\" content=\"article\" \/>\n<meta property=\"og:title\" content=\"Smoking at airports in Africa - airportsmokinglounge.com\" \/>\n<meta property=\"og:description\" content=\"Smoking at airports in Africa \u2714\ufe0e A Comprehensive Guide to Smoking Areas and Smoking Policies in Major African Airports \u2714\ufe0e\" \/>\n<meta property=\"og:url\" content=\"https:\/\/airportsmokinglounge.com\/it\/fumare-negli-aeroporti-in-africa\/\" \/>\n<meta property=\"og:site_name\" content=\"airportsmokinglounge.com\" \/>\n<meta property=\"article:modified_time\" content=\"2023-05-21T19:41:35+00:00\" \/>\n<meta property=\"og:image\" content=\"https:\/\/airportsmokinglounge.com\/wp-content\/uploads\/2023\/03\/airport-smoking-lounge-7.jpg\" \/>\n\t<meta property=\"og:image:width\" content=\"2048\" \/>\n\t<meta property=\"og:image:height\" content=\"1152\" \/>\n\t<meta property=\"og:image:type\" content=\"image\/jpeg\" \/>\n<meta name=\"twitter:card\" content=\"summary_large_image\" \/>\n<meta name=\"twitter:label1\" content=\"Tempo di lettura stimato\" \/>\n\t<meta name=\"twitter:data1\" content=\"2 minuti\" \/>\n<script type=\"application\/ld+json\" class=\"yoast-schema-graph\">{\"@context\":\"https:\/\/schema.org\",\"@graph\":[{\"@type\":\"WebPage\",\"@id\":\"https:\/\/airportsmokinglounge.com\/smoking-at-airports-in-africa\/\",\"url\":\"https:\/\/airportsmokinglounge.com\/smoking-at-airports-in-africa\/\",\"name\":\"Smoking at airports in Africa - airportsmokinglounge.com\",\"isPartOf\":{\"@id\":\"https:\/\/airportsmokinglounge.com\/#website\"},\"primaryImageOfPage\":{\"@id\":\"https:\/\/airportsmokinglounge.com\/smoking-at-airports-in-africa\/#primaryimage\"},\"image\":{\"@id\":\"https:\/\/airportsmokinglounge.com\/smoking-at-airports-in-africa\/#primaryimage\"},\"thumbnailUrl\":\"https:\/\/airportsmokinglounge.com\/wp-content\/uploads\/2023\/03\/airport-smoking-lounge-7.jpg\",\"datePublished\":\"2023-02-12T18:36:00+00:00\",\"dateModified\":\"2023-05-21T19:41:35+00:00\",\"description\":\"Smoking at airports in Africa \u2714\ufe0e A Comprehensive Guide to Smoking Areas and Smoking Policies in Major African Airports \u2714\ufe0e\",\"breadcrumb\":{\"@id\":\"https:\/\/airportsmokinglounge.com\/smoking-at-airports-in-africa\/#breadcrumb\"},\"inLanguage\":\"it-IT\",\"potentialAction\":[{\"@type\":\"ReadAction\",\"target\":[\"https:\/\/airportsmokinglounge.com\/smoking-at-airports-in-africa\/\"]}]},{\"@type\":\"ImageObject\",\"inLanguage\":\"it-IT\",\"@id\":\"https:\/\/airportsmokinglounge.com\/smoking-at-airports-in-africa\/#primaryimage\",\"url\":\"https:\/\/airportsmokinglounge.com\/wp-content\/uploads\/2023\/03\/airport-smoking-lounge-7.jpg\",\"contentUrl\":\"https:\/\/airportsmokinglounge.com\/wp-content\/uploads\/2023\/03\/airport-smoking-lounge-7.jpg\",\"width\":2048,\"height\":1152,\"caption\":\"Airport Smoking areas\"},{\"@type\":\"BreadcrumbList\",\"@id\":\"https:\/\/airportsmokinglounge.com\/smoking-at-airports-in-africa\/#breadcrumb\",\"itemListElement\":[{\"@type\":\"ListItem\",\"position\":1,\"name\":\"Home\",\"item\":\"https:\/\/airportsmokinglounge.com\/\"},{\"@type\":\"ListItem\",\"position\":2,\"name\":\"Smoking at airports in Africa\"}]},{\"@type\":\"WebSite\",\"@id\":\"https:\/\/airportsmokinglounge.com\/#website\",\"url\":\"https:\/\/airportsmokinglounge.com\/\",\"name\":\"airportsmokinglounge.com\",\"description\":\"\",\"potentialAction\":[{\"@type\":\"SearchAction\",\"target\":{\"@type\":\"EntryPoint\",\"urlTemplate\":\"https:\/\/airportsmokinglounge.com\/?s={search_term_string}\"},\"query-input\":{\"@type\":\"PropertyValueSpecification\",\"valueRequired\":true,\"valueName\":\"search_term_string\"}}],\"inLanguage\":\"it-IT\"}]}<\/script>\n<!-- \/ Yoast SEO plugin. -->","yoast_head_json":{"title":"Fumare negli aeroporti in Africa - AirportsmokingLounge.com","description":"Fumare negli aeroporti africani \u2714\ufe0e Una guida completa alle aree fumatori e alle politiche sul fumo nei principali aeroporti africani \u2714\ufe0e","robots":{"index":"index","follow":"follow","max-snippet":"max-snippet:-1","max-image-preview":"max-image-preview:large","max-video-preview":"max-video-preview:-1"},"canonical":"https:\/\/airportsmokinglounge.com\/it\/fumare-negli-aeroporti-in-africa\/","og_locale":"it_IT","og_type":"article","og_title":"Smoking at airports in Africa - airportsmokinglounge.com","og_description":"Smoking at airports in Africa \u2714\ufe0e A Comprehensive Guide to Smoking Areas and Smoking Policies in Major African Airports \u2714\ufe0e","og_url":"https:\/\/airportsmokinglounge.com\/it\/fumare-negli-aeroporti-in-africa\/","og_site_name":"airportsmokinglounge.com","article_modified_time":"2023-05-21T19:41:35+00:00","og_image":[{"width":2048,"height":1152,"url":"https:\/\/airportsmokinglounge.com\/wp-content\/uploads\/2023\/03\/airport-smoking-lounge-7.jpg","type":"image\/jpeg"}],"twitter_card":"summary_large_image","twitter_misc":{"Tempo di lettura stimato":"2 minuti"},"schema":{"@context":"https:\/\/schema.org","@graph":[{"@type":"WebPage","@id":"https:\/\/airportsmokinglounge.com\/smoking-at-airports-in-africa\/","url":"https:\/\/airportsmokinglounge.com\/smoking-at-airports-in-africa\/","name":"Fumare negli aeroporti in Africa - AirportsmokingLounge.com","isPartOf":{"@id":"https:\/\/airportsmokinglounge.com\/#website"},"primaryImageOfPage":{"@id":"https:\/\/airportsmokinglounge.com\/smoking-at-airports-in-africa\/#primaryimage"},"image":{"@id":"https:\/\/airportsmokinglounge.com\/smoking-at-airports-in-africa\/#primaryimage"},"thumbnailUrl":"https:\/\/airportsmokinglounge.com\/wp-content\/uploads\/2023\/03\/airport-smoking-lounge-7.jpg","datePublished":"2023-02-12T18:36:00+00:00","dateModified":"2023-05-21T19:41:35+00:00","description":"Fumare negli aeroporti africani \u2714\ufe0e Una guida completa alle aree fumatori e alle politiche sul fumo nei principali aeroporti africani \u2714\ufe0e","breadcrumb":{"@id":"https:\/\/airportsmokinglounge.com\/smoking-at-airports-in-africa\/#breadcrumb"},"inLanguage":"it-IT","potentialAction":[{"@type":"ReadAction","target":["https:\/\/airportsmokinglounge.com\/smoking-at-airports-in-africa\/"]}]},{"@type":"ImageObject","inLanguage":"it-IT","@id":"https:\/\/airportsmokinglounge.com\/smoking-at-airports-in-africa\/#primaryimage","url":"https:\/\/airportsmokinglounge.com\/wp-content\/uploads\/2023\/03\/airport-smoking-lounge-7.jpg","contentUrl":"https:\/\/airportsmokinglounge.com\/wp-content\/uploads\/2023\/03\/airport-smoking-lounge-7.jpg","width":2048,"height":1152,"caption":"Airport Smoking areas"},{"@type":"BreadcrumbList","@id":"https:\/\/airportsmokinglounge.com\/smoking-at-airports-in-africa\/#breadcrumb","itemListElement":[{"@type":"ListItem","position":1,"name":"Home","item":"https:\/\/airportsmokinglounge.com\/"},{"@type":"ListItem","position":2,"name":"Smoking at airports in Africa"}]},{"@type":"WebSite","@id":"https:\/\/airportsmokinglounge.com\/#website","url":"https:\/\/airportsmokinglounge.com\/","name":"airportsmokinglounge.com","description":"","potentialAction":[{"@type":"SearchAction","target":{"@type":"EntryPoint","urlTemplate":"https:\/\/airportsmokinglounge.com\/?s={search_term_string}"},"query-input":{"@type":"PropertyValueSpecification","valueRequired":true,"valueName":"search_term_string"}}],"inLanguage":"it-IT"}]}},"_links":{"self":[{"href":"https:\/\/airportsmokinglounge.com\/it\/wp-json\/wp\/v2\/pages\/25","targetHints":{"allow":["GET"]}}],"collection":[{"href":"https:\/\/airportsmokinglounge.com\/it\/wp-json\/wp\/v2\/pages"}],"about":[{"href":"https:\/\/airportsmokinglounge.com\/it\/wp-json\/wp\/v2\/types\/page"}],"author":[{"embeddable":true,"href":"https:\/\/airportsmokinglounge.com\/it\/wp-json\/wp\/v2\/users\/1"}],"replies":[{"embeddable":true,"href":"https:\/\/airportsmokinglounge.com\/it\/wp-json\/wp\/v2\/comments?post=25"}],"version-history":[{"count":10,"href":"https:\/\/airportsmokinglounge.com\/it\/wp-json\/wp\/v2\/pages\/25\/revisions"}],"predecessor-version":[{"id":5631,"href":"https:\/\/airportsmokinglounge.com\/it\/wp-json\/wp\/v2\/pages\/25\/revisions\/5631"}],"wp:featuredmedia":[{"embeddable":true,"href":"https:\/\/airportsmokinglounge.com\/it\/wp-json\/wp\/v2\/media\/1202"}],"wp:attachment":[{"href":"https:\/\/airportsmokinglounge.com\/it\/wp-json\/wp\/v2\/media?parent=25"}],"curies":[{"name":"parola chiave","href":"https:\/\/api.w.org\/{rel}","templated":true}]}}