{"id":55,"date":"2023-02-15T16:05:13","date_gmt":"2023-02-15T15:05:13","guid":{"rendered":"https:\/\/airportsmokinglounge.com\/?page_id=55"},"modified":"2023-02-15T16:08:03","modified_gmt":"2023-02-15T15:08:03","slug":"disclaimer","status":"publish","type":"page","link":"https:\/\/airportsmokinglounge.com\/it\/disclaimer\/","title":{"rendered":"Disclaimer"},"content":{"rendered":"<p>Il Sito Web AirportsmokingLounge.com (il \u201cSito\u201d) \u00e8 un servizio di informazioni online. \u201cairportsmokinglounge.com\u201d, soggetto al rispetto dei termini e delle condizioni stabiliti di seguito. <strong>SI PREGA DI LEGGERE ATTENTAMENTE QUESTO DOCUMENTO PRIMA DI ACCEDERE O UTILIZZARE IL SITO. <\/strong>ACCEDENDO O UTILIZZANDO IL SITO, ACCETTI DI ESSERE VINCOLATO AI TERMINI E CONDIZIONI INDICATI DI SEGUITO. SE NON DESIDERI ESSERE VINCOLATO DA QUESTI TERMINI E CONDIZIONI, NON PUOI ACCEDERE O UTILIZZARE IL SITO. AirportsmokingLounge.com PU\u00d2 MODIFICARE IL PRESENTE CONTRATTO IN QUALSIASI MOMENTO E TALI MODIFICHE SARANNO EFFETTIVE IMMEDIATAMENTE DOPO LA PUBBLICAZIONE DEL CONTRATTO MODIFICATO SUL SITO. ACCETTI DI RIVEDERE PERIODICAMENTE IL CONTRATTO PER ESSERE A CONOSCENZA DI TALI MODIFICHE E IL TUO CONTINUATO ACCESSO O UTILIZZO DEL SITO SAR\u00c0 CONSIDERATO LA TUA ACCETTAZIONE CONCLUSIVA DEL CONTRATTO MODIFICATO.<\/p>\n<p><strong>1. Copyright, licenze e proposte di idee.<\/strong><\/p>\n<p>L&#039;intero contenuto del Sito \u00e8 protetto dalle leggi internazionali sul diritto d&#039;autore e sui marchi. I proprietari dei diritti d&#039;autore e dei marchi commerciali sono AirportsmokingLounge.com, i suoi affiliati o altri concessori di licenza di terze parti. <strong>NON PUOI MODIFICARE, COPIARE, RIPRODURRE, RIPUBBLICARE, CARICARE, PUBBLICARE, TRASMETTERE O DISTRIBUIRE, IN QUALSIASI MODO, IL MATERIALE PRESENTE SUL SITO, COMPRESI TESTO, GRAFICA, CODICE E\/O SOFTWARE.<\/strong> \u00c8 possibile stampare e scaricare parti di materiale dalle diverse aree del Sito esclusivamente per uso non commerciale, a condizione che l&#039;utente accetti di non modificare o eliminare alcun diritto d&#039;autore o avviso di propriet\u00e0 dai materiali. L&#039;utente accetta di concedere a AirportsmokingLounge.com una licenza non esclusiva, esente da royalty, mondiale e perpetua, con il diritto di concedere in sublicenza, riprodurre, distribuire, trasmettere, creare opere derivate, visualizzare pubblicamente ed eseguire pubblicamente qualsiasi materiale e altre informazioni (incluse, a titolo esemplificativo, idee in esse contenute per prodotti e servizi nuovi o migliorati) inviate a qualsiasi area pubblica del Sito (come bacheche, forum e newsgroup) o tramite e-mail a AirportsmokingLounge.com con tutti i mezzi e in qualsiasi mezzo ora conosciuto o sviluppato in futuro. Concedi inoltre a AirportsmokingLounge.com il diritto di utilizzare il tuo nome in relazione ai materiali inviati e ad altre informazioni, nonch\u00e9 in relazione a tutto il materiale pubblicitario, di marketing e promozionale ad essi correlato. L&#039;utente accetta di non avere alcun ricorso contro AirportsmokingLounge.com per qualsiasi presunta o effettiva violazione o appropriazione indebita di qualsiasi diritto di propriet\u00e0 nelle sue comunicazioni a AirportSmokingLounge.com. MARCHI COMMERCIALI, pubblicazioni, prodotti, contenuti o servizi a cui si fa riferimento nel presente documento o sul Sito sono marchi commerciali o marchi di servizio esclusivi di AirportsmokingLounge.com. Altri nomi di prodotti e societ\u00e0 menzionati nel Sito possono essere marchi dei rispettivi proprietari.<\/p>\n<p><strong>2. Utilizzo del Sito.<\/strong><\/p>\n<p>L&#039;utente comprende che, ad eccezione delle informazioni, dei prodotti o dei servizi chiaramente identificati come forniti da AirportsmokingLounge.com, AirportsmokingLounge.com non gestisce, controlla o approva in alcun modo alcuna informazione, prodotto o servizio su Internet. Fatta eccezione per le informazioni, i prodotti o i servizi identificati da AirportsmokingLounge.com, tutte le informazioni, i prodotti e i servizi offerti attraverso il Sito o su Internet generalmente sono offerti da terze parti, che non sono affiliate a AirportSmokingLounge.com. Comprendi inoltre che AirportsmokingLoung.com non pu\u00f2 garantire e non garantisce che i file disponibili per il download tramite il Sito siano esenti da infezioni o virus, worm, cavalli di Troia o altri codici che manifestino propriet\u00e0 contaminanti o distruttive. L&#039;utente \u00e8 responsabile dell&#039;implementazione di procedure e punti di controllo sufficienti a soddisfare i propri requisiti particolari in termini di accuratezza dell&#039;input e dell&#039;output dei dati e del mantenimento di un mezzo esterno al Sito per la ricostruzione di eventuali dati persi.<\/p>\n<p>TI ASSUMI LA TOTALE RESPONSABILIT\u00c0 E IL RISCHIO PER IL TUO UTILIZZO DEL SITO E DI INTERNET. AirportsmokingLoung.com FORNISCE IL SITO E LE RELATIVE INFORMAZIONI &quot;COS\u00cc COME SONO&quot; E NON FORNISCE ALCUNA GARANZIA, DICHIARAZIONE O APPROVAZIONE ESPRESSA O IMPLICITA DI QUALSIASI TIPO (INCLUSE, SENZA LIMITAZIONE, GARANZIE DI PROPRIET\u00c0 O NON VIOLAZIONE DI DIRITTI ALTRUI, O GARANZIE IMPLICITE DI COMMERCIABILIT\u00c0 O IDONEIT\u00c0 PER UNO SCOPO PARTICOLARE) PER QUANTO RIGUARDA IL SERVIZIO, QUALSIASI INFORMAZIONE SULLA MERCE O SERVIZIO FORNITO TRAMITE IL SERVIZIO O SU INTERNET IN GENERALE, E AirportsmokingLoung.com NON SAR\u00c0 RESPONSABILE PER ALCUN COSTO O DANNO DERIVANTE DIRETTAMENTE O INDIRETTAMENTE DA QUALSIASI TRANSAZIONE. \u00c8 ESCLUSIVAMENTE VOSTRA RESPONSABILIT\u00c0 VALUTARE L&#039;ACCURATEZZA, LA COMPLETEZZA E L&#039;UTILIT\u00c0 DI TUTTE LE OPINIONI, I CONSIGLI, I SERVIZI, LA MERCE E LE ALTRE INFORMAZIONI FORNITE TRAMITE IL SERVIZIO O SU INTERNET IN GENERALE. AirportsmokingLounge.com NON GARANTISCE CHE IL SERVIZIO SAR\u00c0 ININTERROTTO O PRIVO DI ERRORI O CHE I DIFETTI DEL SERVIZIO SARANNO CORRETTI.<\/p>\n<p>COMPRENDI INOLTRE CHE LA PURA NATURA DI INTERNET CONTIENE MATERIALI INEDITI ALCUNI DEI QUALI SONO SESSUALMENTE ESPLICITI O POSSONO ESSERE OFFENSIVI PER L&#039;UTENTE. IL TUO ACCESSO A TALI MATERIALI \u00c8 A TUO RISCHIO. AirportsmokingLounge.com NON HA ALCUN CONTROLLO E NON ACCETTA ALCUNA RESPONSABILIT\u00c0 PER TALI MATERIALI.<\/p>\n<p><strong>LIMITAZIONE DI RESPONSABILIT\u00c0<\/strong><\/p>\n<p>IN NESSUN CASO AirportsmokingLounge.com SAR\u00c0 RESPONSABILE PER (I) EVENTUALI DANNI ACCIDENTALI, CONSEQUENZIALI O INDIRETTI (INCLUSI, MA NON LIMITATI A, DANNI PER PERDITA DI PROFITTI, INTERRUZIONE DI ATTIVIT\u00c0, PERDITA DI PROGRAMMI O INFORMAZIONI E SIMILI) DERIVANTI DELL&#039;UTILIZZO O DELL&#039;IMPOSSIBILIT\u00c0 DI UTILIZZARE IL SERVIZIO, O QUALSIASI INFORMAZIONE O TRANSAZIONE FORNITA SUL SERVIZIO, O SCARICATA DAL SERVIZIO, O DI QUALSIASI RITARDO DI TALI INFORMAZIONI O SERVIZIO. ANCHE SE Airportsmokinglounge.com O I SUOI RAPPRESENTANTI AUTORIZZATI SONO STATI AVVISATI DELLA POSSIBILIT\u00c0 DI TALI DANNI, O (II) QUALSIASI RECLAMO ATTRIBUIBILE A ERRORI, OMISSIONI O ALTRE IMPRECISIONI NEL SERVIZIO E\/O nei MATERIALI O INFORMAZIONI SCARICATE ATTRAVERSO IL SERVIZIO. POICH\u00c9 ALCUNI STATI NON CONSENTONO L&#039;ESCLUSIONE O LA LIMITAZIONE DI RESPONSABILIT\u00c0 PER DANNI CONSEQUENZIALI O ACCIDENTALI, LA LIMITAZIONE DI CUI SOPRA POTREBBE NON ESSERE APPLICABILE. IN TALI STATI, LA RESPONSABILIT\u00c0 DI AirportsmokingLounge.com \u00c8 LIMITATA NELLA MISURA MASSIMA CONSENTITA DALLA LEGGE.<\/p>\n<p>AirportsmokingLounge.com non rilascia alcuna dichiarazione in merito a qualsiasi altro sito web a cui \u00e8 possibile accedere tramite questo o che potrebbe collegarsi a questo sito. Quando accedi a un sito web non-airportsmokinglounge.com, ti preghiamo di comprendere che \u00e8 indipendente da AirportsmokingLounge.com e che AirportsmokingLoung.com non ha alcun controllo sul contenuto di quel sito web. Inoltre, un collegamento al sito web AirportsmokingLounge.com non significa che AirportsmokingLoung.com approvi o accetti qualsiasi responsabilit\u00e0 per il contenuto o l&#039;utilizzo di tale sito Web.<\/p>\n<p><strong>3. Indennizzo.<\/strong><\/p>\n<p>Accetti di indennizzare, difendere e tenere indenne AirportsmokingLounge.com, i suoi funzionari, direttori, dipendenti, agenti, licenziatari, fornitori e qualsiasi fornitore di informazioni di terze parti al Servizio da e contro tutte le perdite, spese, danni e costi, compresi quelli legali ragionevoli commissioni derivanti da qualsiasi violazione del presente Contratto (inclusa condotta negligente o illecita) da parte tua o di qualsiasi altra persona che accede al Servizio.<\/p>\n<p><strong>4. Diritti di terzi.<\/strong><\/p>\n<p>Le disposizioni dei paragrafi 2 (Utilizzo del Servizio) e 3 (Indennizzo) sono a beneficio di AirportsmokingLounge.com e dei suoi funzionari, direttori, dipendenti, agenti, concessori di licenza, fornitori e qualsiasi fornitore di informazioni di terze parti per il Servizio. Ciascuno di questi individui o entit\u00e0 avr\u00e0 il diritto di far valere e far rispettare tali disposizioni direttamente contro di te per proprio conto.<\/p>\n<p><strong>5.Durata; Terminazione.<\/strong><\/p>\n<p>Il presente Contratto pu\u00f2 essere risolto da ciascuna delle parti senza preavviso in qualsiasi momento e per qualsiasi motivo. Le disposizioni dei paragrafi 1 (Copyright, licenze e presentazione di idee), 2 (Utilizzo del Servizio), 3 (Indennizzo), 4 (Diritti di terzi) e 6 (Varie) sopravvivranno a qualsiasi risoluzione del presente Contratto.<\/p>\n<p><strong>6.Varie.<\/strong><\/p>\n<p>Il presente Contratto sar\u00e0 regolato e interpretato in conformit\u00e0 con le leggi della Bulgaria applicabili agli accordi stipulati e da eseguire in Bulgaria. L&#039;utente accetta che qualsiasi azione legale o procedimento tra lui e AirportsmokingLounge per qualsiasi scopo riguardante il presente Contratto o gli obblighi delle parti ai sensi dello stesso sar\u00e0 portato esclusivamente in un tribunale federale o statale della giurisdizione competente con sede in Bulgaria. Qualsiasi causa o reclamo che potresti avere in relazione al Servizio deve essere avviato entro un (1) anno dal verificarsi del reclamo o della causa dell&#039;azione o tale reclamo o causa dell&#039;azione \u00e8 escluso. La mancata insistenza o applicazione da parte di AirportsmokingLounge.com di una rigorosa esecuzione di qualsiasi disposizione del presente Contratto non dovr\u00e0 essere interpretata come una rinuncia a qualsiasi disposizione o diritto. N\u00e9 la condotta tra le parti n\u00e9 la pratica commerciale potranno modificare alcuna disposizione del presente Contratto. AirportsmokingLounge.com pu\u00f2 cedere i propri diritti e doveri ai sensi del presente Contratto a qualsiasi parte in qualsiasi momento e senza preavviso. Tutti i diritti non espressamente concessi sono riservati.<\/p>","protected":false},"excerpt":{"rendered":"<p>Il sito Web airportsmokinglounge.com (il &quot;Sito&quot;) \u00e8 un servizio di informazioni online. &quot;airportsmokinglounge.com&quot;, soggetto al rispetto dei termini e delle condizioni stabiliti di seguito. LEGGERE ATTENTAMENTE QUESTO DOCUMENTO PRIMA DI ACCEDERE O UTILIZZARE IL SITO. ACCEDENDO O UTILIZZANDO IL SITO, ACCETTI DI ESSERE VINCOLATO DAI TERMINI E DALLE CONDIZIONI STABILITI...&nbsp;<a href=\"https:\/\/airportsmokinglounge.com\/it\/disclaimer\/\" rel=\"bookmark\">Per saperne di pi\u00f9 &quot;<span class=\"screen-reader-text\">Disclaimer<\/span><\/a><\/p>","protected":false},"author":1,"featured_media":0,"parent":0,"menu_order":0,"comment_status":"closed","ping_status":"closed","template":"","meta":{"neve_meta_sidebar":"","neve_meta_container":"","neve_meta_enable_content_width":"off","neve_meta_content_width":100,"neve_meta_title_alignment":"","neve_meta_author_avatar":"","neve_post_elements_order":"","neve_meta_disable_header":"","neve_meta_disable_footer":"","neve_meta_disable_title":"","neve_meta_reading_time":"","footnotes":""},"class_list":["post-55","page","type-page","status-publish","hentry"],"yoast_head":"<!-- This site is optimized with the Yoast SEO plugin v26.6 - https:\/\/yoast.com\/wordpress\/plugins\/seo\/ -->\n<title>Disclaimer - airportsmokinglounge.com<\/title>\n<meta name=\"robots\" content=\"noindex, follow\" \/>\n<meta property=\"og:locale\" content=\"it_IT\" \/>\n<meta property=\"og:type\" content=\"article\" \/>\n<meta property=\"og:title\" content=\"Disclaimer - airportsmokinglounge.com\" \/>\n<meta property=\"og:description\" content=\"The airportsmokinglounge.com Web Site (the \u201cSite\u201d) is an online information service . \u201cairportsmokinglounge.com \u201c, subject to your compliance with the terms and conditions set forth below. PLEASE READ THIS DOCUMENT CAREFULLY BEFORE ACCESSING OR USING THE SITE. BY ACCESSING OR USING THE SITE, YOU AGREE TO BE BOUND BY THE TERMS AND CONDITIONS SET FORTH&hellip;&nbsp;Read More &raquo;Disclaimer\" \/>\n<meta property=\"og:url\" content=\"https:\/\/airportsmokinglounge.com\/it\/disclaimer\/\" \/>\n<meta property=\"og:site_name\" content=\"airportsmokinglounge.com\" \/>\n<meta property=\"article:modified_time\" content=\"2023-02-15T15:08:03+00:00\" \/>\n<meta name=\"twitter:card\" content=\"summary_large_image\" \/>\n<meta name=\"twitter:label1\" content=\"Tempo di lettura stimato\" \/>\n\t<meta name=\"twitter:data1\" content=\"6 minuti\" \/>\n<script type=\"application\/ld+json\" class=\"yoast-schema-graph\">{\"@context\":\"https:\/\/schema.org\",\"@graph\":[{\"@type\":\"WebPage\",\"@id\":\"https:\/\/airportsmokinglounge.com\/disclaimer\/\",\"url\":\"https:\/\/airportsmokinglounge.com\/disclaimer\/\",\"name\":\"Disclaimer - airportsmokinglounge.com\",\"isPartOf\":{\"@id\":\"https:\/\/airportsmokinglounge.com\/#website\"},\"datePublished\":\"2023-02-15T15:05:13+00:00\",\"dateModified\":\"2023-02-15T15:08:03+00:00\",\"breadcrumb\":{\"@id\":\"https:\/\/airportsmokinglounge.com\/disclaimer\/#breadcrumb\"},\"inLanguage\":\"it-IT\",\"potentialAction\":[{\"@type\":\"ReadAction\",\"target\":[\"https:\/\/airportsmokinglounge.com\/disclaimer\/\"]}]},{\"@type\":\"BreadcrumbList\",\"@id\":\"https:\/\/airportsmokinglounge.com\/disclaimer\/#breadcrumb\",\"itemListElement\":[{\"@type\":\"ListItem\",\"position\":1,\"name\":\"Home\",\"item\":\"https:\/\/airportsmokinglounge.com\/\"},{\"@type\":\"ListItem\",\"position\":2,\"name\":\"Disclaimer\"}]},{\"@type\":\"WebSite\",\"@id\":\"https:\/\/airportsmokinglounge.com\/#website\",\"url\":\"https:\/\/airportsmokinglounge.com\/\",\"name\":\"airportsmokinglounge.com\",\"description\":\"\",\"potentialAction\":[{\"@type\":\"SearchAction\",\"target\":{\"@type\":\"EntryPoint\",\"urlTemplate\":\"https:\/\/airportsmokinglounge.com\/?s={search_term_string}\"},\"query-input\":{\"@type\":\"PropertyValueSpecification\",\"valueRequired\":true,\"valueName\":\"search_term_string\"}}],\"inLanguage\":\"it-IT\"}]}<\/script>\n<!-- \/ Yoast SEO plugin. -->","yoast_head_json":{"title":"Dichiarazione di non responsabilit\u00e0 - AirportsmokingLounge.com","robots":{"index":"noindex","follow":"follow"},"og_locale":"it_IT","og_type":"article","og_title":"Disclaimer - airportsmokinglounge.com","og_description":"The airportsmokinglounge.com Web Site (the \u201cSite\u201d) is an online information service . \u201cairportsmokinglounge.com \u201c, subject to your compliance with the terms and conditions set forth below. PLEASE READ THIS DOCUMENT CAREFULLY BEFORE ACCESSING OR USING THE SITE. BY ACCESSING OR USING THE SITE, YOU AGREE TO BE BOUND BY THE TERMS AND CONDITIONS SET FORTH&hellip;&nbsp;Read More &raquo;Disclaimer","og_url":"https:\/\/airportsmokinglounge.com\/it\/disclaimer\/","og_site_name":"airportsmokinglounge.com","article_modified_time":"2023-02-15T15:08:03+00:00","twitter_card":"summary_large_image","twitter_misc":{"Tempo di lettura stimato":"6 minuti"},"schema":{"@context":"https:\/\/schema.org","@graph":[{"@type":"WebPage","@id":"https:\/\/airportsmokinglounge.com\/disclaimer\/","url":"https:\/\/airportsmokinglounge.com\/disclaimer\/","name":"Dichiarazione di non responsabilit\u00e0 - AirportsmokingLounge.com","isPartOf":{"@id":"https:\/\/airportsmokinglounge.com\/#website"},"datePublished":"2023-02-15T15:05:13+00:00","dateModified":"2023-02-15T15:08:03+00:00","breadcrumb":{"@id":"https:\/\/airportsmokinglounge.com\/disclaimer\/#breadcrumb"},"inLanguage":"it-IT","potentialAction":[{"@type":"ReadAction","target":["https:\/\/airportsmokinglounge.com\/disclaimer\/"]}]},{"@type":"BreadcrumbList","@id":"https:\/\/airportsmokinglounge.com\/disclaimer\/#breadcrumb","itemListElement":[{"@type":"ListItem","position":1,"name":"Home","item":"https:\/\/airportsmokinglounge.com\/"},{"@type":"ListItem","position":2,"name":"Disclaimer"}]},{"@type":"WebSite","@id":"https:\/\/airportsmokinglounge.com\/#website","url":"https:\/\/airportsmokinglounge.com\/","name":"airportsmokinglounge.com","description":"","potentialAction":[{"@type":"SearchAction","target":{"@type":"EntryPoint","urlTemplate":"https:\/\/airportsmokinglounge.com\/?s={search_term_string}"},"query-input":{"@type":"PropertyValueSpecification","valueRequired":true,"valueName":"search_term_string"}}],"inLanguage":"it-IT"}]}},"_links":{"self":[{"href":"https:\/\/airportsmokinglounge.com\/it\/wp-json\/wp\/v2\/pages\/55","targetHints":{"allow":["GET"]}}],"collection":[{"href":"https:\/\/airportsmokinglounge.com\/it\/wp-json\/wp\/v2\/pages"}],"about":[{"href":"https:\/\/airportsmokinglounge.com\/it\/wp-json\/wp\/v2\/types\/page"}],"author":[{"embeddable":true,"href":"https:\/\/airportsmokinglounge.com\/it\/wp-json\/wp\/v2\/users\/1"}],"replies":[{"embeddable":true,"href":"https:\/\/airportsmokinglounge.com\/it\/wp-json\/wp\/v2\/comments?post=55"}],"version-history":[{"count":2,"href":"https:\/\/airportsmokinglounge.com\/it\/wp-json\/wp\/v2\/pages\/55\/revisions"}],"predecessor-version":[{"id":57,"href":"https:\/\/airportsmokinglounge.com\/it\/wp-json\/wp\/v2\/pages\/55\/revisions\/57"}],"wp:attachment":[{"href":"https:\/\/airportsmokinglounge.com\/it\/wp-json\/wp\/v2\/media?parent=55"}],"curies":[{"name":"parola chiave","href":"https:\/\/api.w.org\/{rel}","templated":true}]}}