{"id":5641,"date":"2023-05-21T21:50:49","date_gmt":"2023-05-21T19:50:49","guid":{"rendered":"https:\/\/airportsmokinglounge.com\/?page_id=5641"},"modified":"2023-05-21T21:50:49","modified_gmt":"2023-05-21T19:50:49","slug":"smoking-areas-at-fort-mayers-southwest-florida-international-airport-rsw","status":"publish","type":"page","link":"https:\/\/airportsmokinglounge.com\/it\/aree-fumatori-all-aeroporto-internazionale-di-fort-mayers-southwest-florida-rsw\/","title":{"rendered":"Aree fumatori presso FORT MAYERS \u2013 AEROPORTO INTERNAZIONALE DELLA FLORIDA SUDOVEST (RSW)"},"content":{"rendered":"<p>Fort Myers \u2013 Southwest Florida International Airport (RSW) \u00e8 un importante aeroporto che serve la citt\u00e0 di Fort Myers e la pi\u00f9 ampia regione del sud-ovest della Florida. \u00c8 uno degli aeroporti pi\u00f9 trafficati della Florida e offre opzioni di viaggio aereo nazionale e internazionale sia per residenti che per turisti.<\/p>\n<p>L&#039;aeroporto internazionale della Florida sudoccidentale \u00e8 noto per le sue strutture moderne ed efficienti. L&#039;aeroporto dispone di un edificio con un unico terminal con pi\u00f9 atri, che offre una variet\u00e0 di servizi e comodit\u00e0. Questi includono banchi check-in, controlli di sicurezza, lounge, punti ristoro, negozi al dettaglio e agenzie di noleggio auto.<\/p>\n<h2>Aree fumatori prima dei controlli di sicurezza<\/h2>\n<ul>\n<li><span style=\"font-size: 14pt;\">\u00c8 consentito fumare solo all&#039;esterno del terminal<\/span><\/li>\n<\/ul>\n<h2>Aree fumatori dopo i controlli di sicurezza<\/h2>\n<ul>\n<li>Al momento non sono disponibili informazioni relative alle aree fumatori all&#039;interno dell&#039;aeroporto.<\/li>\n<\/ul>\n<p><strong><span style=\"font-size: 14pt;\">Inviaci un feedback<\/span><\/strong><\/p>\n<p><span style=\"font-size: 14pt;\">Se ti trovi all&#039;aeroporto di Daytona Beach, sei pi\u00f9 che benvenuto a inviarci foto delle aree fumatori. Questo ci aiuter\u00e0 a riempire il nostro database pi\u00f9 velocemente. Puoi farlo <strong><a href=\"https:\/\/airportsmokinglounge.com\/it\/contatto\/\">Qui<\/a>.<\/strong> Le immagini sono pubblicate sul nostro sito, indicando la fonte dell&#039;immagine (nome). Sentiti libero di condividere queste foto con noi e con tutti i visitatori di airportsmokinglounge.com<\/span>.<\/p>\n<h2>Legge sul fumo degli Stati Uniti d&#039;America<\/h2>\n<p>Gli Stati Uniti hanno implementato normative sul fumo sia a livello federale che statale per proteggere la salute pubblica e ridurre l&#039;uso del tabacco. Tuttavia, tieni presente che le leggi e i regolamenti sul fumo possono variare tra i diversi stati e giurisdizioni locali all&#039;interno degli Stati Uniti, quindi \u00e8 consigliabile fare riferimento alle leggi specifiche dello stato o della localit\u00e0 a cui sei interessato per le informazioni pi\u00f9 aggiornate.<\/p>\n<p>A livello federale, il fumo \u00e8 generalmente vietato in alcuni luoghi pubblici al chiuso ai sensi delle normative del Dipartimento della salute e dei servizi umani degli Stati Uniti. Questi includono edifici governativi, strutture sanitarie, istituzioni educative che ricevono finanziamenti federali e trasporti pubblici sotto la giurisdizione federale. Inoltre, la legge federale vieta il fumo sui voli delle compagnie aeree commerciali e in alcuni veicoli del governo federale.<\/p>\n<p>Tuttavia, le normative sul fumo possono variare in modo significativo tra gli stati e le localit\u00e0 all&#039;interno degli Stati Uniti. Molti stati hanno emanato le proprie leggi e regolamenti in materia di fumo in luoghi pubblici, luoghi di lavoro, ristoranti, bar e altri luoghi. Alcuni stati hanno implementato leggi antifumo complete che vietano il fumo nei luoghi pubblici al chiuso, mentre altri possono avere restrizioni pi\u00f9 limitate o consentire aree fumatori designate in determinati stabilimenti.<\/p>\n<p>Anche l&#039;et\u00e0 legale minima per l&#039;acquisto e il possesso di prodotti del tabacco varia a seconda dello stato, con la maggior parte degli stati che l&#039;ha fissata a 18 anni, mentre alcuni l&#039;hanno portata a 21 anni in linea con la legislazione federale nota come legge Tobacco 21.<\/p>\n<p>L&#039;applicazione delle leggi sul fumo \u00e8 in genere supervisionata dalle autorit\u00e0 statali o locali competenti e le violazioni possono comportare multe o altre sanzioni specifiche per la giurisdizione.<\/p>\n<p>Per le informazioni pi\u00f9 accurate e aggiornate sulle leggi sul fumo negli Stati Uniti, si consiglia di consultare le leggi dello stato o della localit\u00e0 specifica a cui si \u00e8 interessati o di contattare le autorit\u00e0 locali o le organizzazioni sanitarie.<\/p>\n<h3>Domande frequenti<\/h3>\n<h4>Le aree fumatori in aeroporto sono disponibili 24 ore su 24, 7 giorni su 7?<\/h4>\n<p>La disponibilit\u00e0 delle aree fumatori aeroportuali pu\u00f2 variare a seconda dell&#039;aeroporto e della localit\u00e0. Alcune aree fumatori sono aperte 24 ore su 24, mentre altre possono avere orari limitati o essere chiuse in determinati orari. \u00c8 meglio verificare con l&#039;aeroporto o visitare il loro sito Web per informazioni specifiche sugli orari di apertura dell&#039;area fumatori.<\/p>\n<h4>\u00c8 consentito portare cibo e bevande nell&#039;area fumatori?<\/h4>\n<p>Questo pu\u00f2 dipendere dalla specifica area fumatori e dall&#039;aeroporto. Alcune aree fumatori possono consentire cibo e bevande dall&#039;esterno, mentre altre possono avere restrizioni o proibirle completamente. \u00c8 meglio verificare con l&#039;aeroporto o la segnaletica dell&#039;area fumatori per norme e regolamenti specifici.<\/p>\n<h4>\u00c8 consentito fumare in tutte le aree fumatori dell&#039;aeroporto?<\/h4>\n<p>Non tutte le aree fumatori aeroportuali possono consentire di fumare. Alcuni aeroporti possono avere aree designate per le sigarette elettroniche o lo svapo, che sono separate dalle tradizionali aree fumatori. Assicurati di controllare le norme e i regolamenti specifici per l&#039;area fumatori che intendi utilizzare.<\/p>\n<h4>Le aree fumatori sono climatizzate o riscaldate?<\/h4>\n<p>La temperatura e la ventilazione delle aree fumatori aeroportuali possono variare notevolmente. Alcuni possono essere climatizzati o riscaldati, mentre altri possono essere spazi all&#039;aperto con protezione limitata dagli elementi. Assicurati di verificare con l&#039;aeroporto o di visitare l&#039;area fumatori in anticipo per determinare le condizioni e prepararti di conseguenza.<\/p>\n<h4>Le aree fumatori sono accessibili ai viaggiatori con disabilit\u00e0?<\/h4>\n<p>Molti aeroporti hanno compiuto sforzi per rendere le loro aree fumatori accessibili ai viaggiatori con disabilit\u00e0. Tuttavia, l&#039;accessibilit\u00e0 di specifiche aree fumatori pu\u00f2 variare notevolmente. Assicurati di verificare con l&#039;aeroporto o visitare l&#039;area fumatori in anticipo per determinare se \u00e8 accessibile e soddisfa le tue esigenze.<\/p>\n<p><span style=\"font-size: 14pt;\"><strong>Altri aeroporti negli Stati Uniti:<\/strong> <\/span><\/p>\n<ul>\n<li><a href=\"https:\/\/airportsmokinglounge.com\/it\/aree-fumatori-negli-aeroporti-degli-stati-uniti\/\"><span style=\"font-size: 14pt;\">Aeroporti negli Stati Uniti<\/span><\/a><\/li>\n<\/ul>\n<p><span style=\"font-size: 14pt;\"><strong>Aree fumatori in Nord America:<\/strong><\/span><\/p>\n<ul>\n<li><a href=\"https:\/\/airportsmokinglounge.com\/it\/fumare-negli-aeroporti-del-nord-america\/\"><span style=\"font-size: 14pt;\">Aeroporti del Nord America<\/span><\/a><\/li>\n<\/ul>","protected":false},"excerpt":{"rendered":"<p>L&#039;Aeroporto Internazionale di Fort Myers - Southwest Florida (RSW) \u00e8 un importante aeroporto che serve la citt\u00e0 di Fort Myers e l&#039;intera regione del sud-ovest della Florida. \u00c8 uno degli aeroporti pi\u00f9 trafficati della Florida e offre opzioni di viaggio nazionale e internazionale sia per residenti che per turisti. L&#039;Aeroporto Internazionale di Southwest Florida \u00e8 noto per le sue strutture moderne e...&nbsp;<a href=\"https:\/\/airportsmokinglounge.com\/it\/aree-fumatori-all-aeroporto-internazionale-di-fort-mayers-southwest-florida-rsw\/\" rel=\"bookmark\">Per saperne di pi\u00f9 &quot;<span class=\"screen-reader-text\">Aree fumatori presso FORT MAYERS \u2013 AEROPORTO INTERNAZIONALE DELLA FLORIDA SUDOVEST (RSW)<\/span><\/a><\/p>","protected":false},"author":1,"featured_media":1199,"parent":0,"menu_order":0,"comment_status":"closed","ping_status":"closed","template":"","meta":{"neve_meta_sidebar":"","neve_meta_container":"","neve_meta_enable_content_width":"off","neve_meta_content_width":100,"neve_meta_title_alignment":"","neve_meta_author_avatar":"","neve_post_elements_order":"","neve_meta_disable_header":"","neve_meta_disable_footer":"","neve_meta_disable_title":"","neve_meta_reading_time":"","footnotes":""},"class_list":["post-5641","page","type-page","status-publish","has-post-thumbnail","hentry"],"yoast_head":"<!-- This site is optimized with the Yoast SEO plugin v26.6 - https:\/\/yoast.com\/wordpress\/plugins\/seo\/ -->\n<title>Smoking areas at FORT MAYERS - SOUTHWEST FLORIDA INTERNATIONAL AIRPORT (RSW)<\/title>\n<meta name=\"description\" content=\"Smoking Areas FORT MAYERS - SOUTHWEST FLORIDA INTERNATIONAL AIRPORT (RSW) - Your Ultimate Guide to Finding a Place to Smoke\" \/>\n<meta name=\"robots\" content=\"index, follow, max-snippet:-1, max-image-preview:large, max-video-preview:-1\" \/>\n<link rel=\"canonical\" href=\"https:\/\/airportsmokinglounge.com\/it\/aree-fumatori-all-aeroporto-internazionale-di-fort-mayers-southwest-florida-rsw\/\" \/>\n<meta property=\"og:locale\" content=\"it_IT\" \/>\n<meta property=\"og:type\" content=\"article\" \/>\n<meta property=\"og:title\" content=\"Smoking areas at FORT MAYERS - SOUTHWEST FLORIDA INTERNATIONAL AIRPORT (RSW)\" \/>\n<meta property=\"og:description\" content=\"Smoking Areas FORT MAYERS - SOUTHWEST FLORIDA INTERNATIONAL AIRPORT (RSW) - Your Ultimate Guide to Finding a Place to Smoke\" \/>\n<meta property=\"og:url\" content=\"https:\/\/airportsmokinglounge.com\/it\/aree-fumatori-all-aeroporto-internazionale-di-fort-mayers-southwest-florida-rsw\/\" \/>\n<meta property=\"og:site_name\" content=\"airportsmokinglounge.com\" \/>\n<meta property=\"og:image\" content=\"https:\/\/airportsmokinglounge.com\/wp-content\/uploads\/2023\/03\/airport-smoking-lounge-4.jpg\" \/>\n\t<meta property=\"og:image:width\" content=\"2048\" \/>\n\t<meta property=\"og:image:height\" content=\"1152\" \/>\n\t<meta property=\"og:image:type\" content=\"image\/jpeg\" \/>\n<meta name=\"twitter:card\" content=\"summary_large_image\" \/>\n<meta name=\"twitter:label1\" content=\"Tempo di lettura stimato\" \/>\n\t<meta name=\"twitter:data1\" content=\"4 minuti\" \/>\n<script type=\"application\/ld+json\" class=\"yoast-schema-graph\">{\"@context\":\"https:\/\/schema.org\",\"@graph\":[{\"@type\":\"WebPage\",\"@id\":\"https:\/\/airportsmokinglounge.com\/smoking-areas-at-fort-mayers-southwest-florida-international-airport-rsw\/\",\"url\":\"https:\/\/airportsmokinglounge.com\/smoking-areas-at-fort-mayers-southwest-florida-international-airport-rsw\/\",\"name\":\"Smoking areas at FORT MAYERS - SOUTHWEST FLORIDA INTERNATIONAL AIRPORT (RSW)\",\"isPartOf\":{\"@id\":\"https:\/\/airportsmokinglounge.com\/#website\"},\"primaryImageOfPage\":{\"@id\":\"https:\/\/airportsmokinglounge.com\/smoking-areas-at-fort-mayers-southwest-florida-international-airport-rsw\/#primaryimage\"},\"image\":{\"@id\":\"https:\/\/airportsmokinglounge.com\/smoking-areas-at-fort-mayers-southwest-florida-international-airport-rsw\/#primaryimage\"},\"thumbnailUrl\":\"https:\/\/airportsmokinglounge.com\/wp-content\/uploads\/2023\/03\/airport-smoking-lounge-4.jpg\",\"datePublished\":\"2023-05-21T19:50:49+00:00\",\"description\":\"Smoking Areas FORT MAYERS - SOUTHWEST FLORIDA INTERNATIONAL AIRPORT (RSW) - Your Ultimate Guide to Finding a Place to Smoke\",\"breadcrumb\":{\"@id\":\"https:\/\/airportsmokinglounge.com\/smoking-areas-at-fort-mayers-southwest-florida-international-airport-rsw\/#breadcrumb\"},\"inLanguage\":\"it-IT\",\"potentialAction\":[{\"@type\":\"ReadAction\",\"target\":[\"https:\/\/airportsmokinglounge.com\/smoking-areas-at-fort-mayers-southwest-florida-international-airport-rsw\/\"]}]},{\"@type\":\"ImageObject\",\"inLanguage\":\"it-IT\",\"@id\":\"https:\/\/airportsmokinglounge.com\/smoking-areas-at-fort-mayers-southwest-florida-international-airport-rsw\/#primaryimage\",\"url\":\"https:\/\/airportsmokinglounge.com\/wp-content\/uploads\/2023\/03\/airport-smoking-lounge-4.jpg\",\"contentUrl\":\"https:\/\/airportsmokinglounge.com\/wp-content\/uploads\/2023\/03\/airport-smoking-lounge-4.jpg\",\"width\":2048,\"height\":1152,\"caption\":\"Airport Smoking\"},{\"@type\":\"BreadcrumbList\",\"@id\":\"https:\/\/airportsmokinglounge.com\/smoking-areas-at-fort-mayers-southwest-florida-international-airport-rsw\/#breadcrumb\",\"itemListElement\":[{\"@type\":\"ListItem\",\"position\":1,\"name\":\"Home\",\"item\":\"https:\/\/airportsmokinglounge.com\/\"},{\"@type\":\"ListItem\",\"position\":2,\"name\":\"Smoking areas at FORT MAYERS &#8211; SOUTHWEST FLORIDA INTERNATIONAL AIRPORT (RSW)\"}]},{\"@type\":\"WebSite\",\"@id\":\"https:\/\/airportsmokinglounge.com\/#website\",\"url\":\"https:\/\/airportsmokinglounge.com\/\",\"name\":\"airportsmokinglounge.com\",\"description\":\"\",\"potentialAction\":[{\"@type\":\"SearchAction\",\"target\":{\"@type\":\"EntryPoint\",\"urlTemplate\":\"https:\/\/airportsmokinglounge.com\/?s={search_term_string}\"},\"query-input\":{\"@type\":\"PropertyValueSpecification\",\"valueRequired\":true,\"valueName\":\"search_term_string\"}}],\"inLanguage\":\"it-IT\"}]}<\/script>\n<!-- \/ Yoast SEO plugin. -->","yoast_head_json":{"title":"Aree fumatori a FORT MAYERS - AEROPORTO INTERNAZIONALE DELLA FLORIDA SUDOVEST (RSW)","description":"Aree per fumatori FORT MAYERS - AEROPORTO INTERNAZIONALE DELLA FLORIDA SUDOVEST (RSW) - La tua guida definitiva per trovare un posto dove fumare","robots":{"index":"index","follow":"follow","max-snippet":"max-snippet:-1","max-image-preview":"max-image-preview:large","max-video-preview":"max-video-preview:-1"},"canonical":"https:\/\/airportsmokinglounge.com\/it\/aree-fumatori-all-aeroporto-internazionale-di-fort-mayers-southwest-florida-rsw\/","og_locale":"it_IT","og_type":"article","og_title":"Smoking areas at FORT MAYERS - SOUTHWEST FLORIDA INTERNATIONAL AIRPORT (RSW)","og_description":"Smoking Areas FORT MAYERS - SOUTHWEST FLORIDA INTERNATIONAL AIRPORT (RSW) - Your Ultimate Guide to Finding a Place to Smoke","og_url":"https:\/\/airportsmokinglounge.com\/it\/aree-fumatori-all-aeroporto-internazionale-di-fort-mayers-southwest-florida-rsw\/","og_site_name":"airportsmokinglounge.com","og_image":[{"width":2048,"height":1152,"url":"https:\/\/airportsmokinglounge.com\/wp-content\/uploads\/2023\/03\/airport-smoking-lounge-4.jpg","type":"image\/jpeg"}],"twitter_card":"summary_large_image","twitter_misc":{"Tempo di lettura stimato":"4 minuti"},"schema":{"@context":"https:\/\/schema.org","@graph":[{"@type":"WebPage","@id":"https:\/\/airportsmokinglounge.com\/smoking-areas-at-fort-mayers-southwest-florida-international-airport-rsw\/","url":"https:\/\/airportsmokinglounge.com\/smoking-areas-at-fort-mayers-southwest-florida-international-airport-rsw\/","name":"Aree fumatori a FORT MAYERS - AEROPORTO INTERNAZIONALE DELLA FLORIDA SUDOVEST (RSW)","isPartOf":{"@id":"https:\/\/airportsmokinglounge.com\/#website"},"primaryImageOfPage":{"@id":"https:\/\/airportsmokinglounge.com\/smoking-areas-at-fort-mayers-southwest-florida-international-airport-rsw\/#primaryimage"},"image":{"@id":"https:\/\/airportsmokinglounge.com\/smoking-areas-at-fort-mayers-southwest-florida-international-airport-rsw\/#primaryimage"},"thumbnailUrl":"https:\/\/airportsmokinglounge.com\/wp-content\/uploads\/2023\/03\/airport-smoking-lounge-4.jpg","datePublished":"2023-05-21T19:50:49+00:00","description":"Aree per fumatori FORT MAYERS - AEROPORTO INTERNAZIONALE DELLA FLORIDA SUDOVEST (RSW) - La tua guida definitiva per trovare un posto dove fumare","breadcrumb":{"@id":"https:\/\/airportsmokinglounge.com\/smoking-areas-at-fort-mayers-southwest-florida-international-airport-rsw\/#breadcrumb"},"inLanguage":"it-IT","potentialAction":[{"@type":"ReadAction","target":["https:\/\/airportsmokinglounge.com\/smoking-areas-at-fort-mayers-southwest-florida-international-airport-rsw\/"]}]},{"@type":"ImageObject","inLanguage":"it-IT","@id":"https:\/\/airportsmokinglounge.com\/smoking-areas-at-fort-mayers-southwest-florida-international-airport-rsw\/#primaryimage","url":"https:\/\/airportsmokinglounge.com\/wp-content\/uploads\/2023\/03\/airport-smoking-lounge-4.jpg","contentUrl":"https:\/\/airportsmokinglounge.com\/wp-content\/uploads\/2023\/03\/airport-smoking-lounge-4.jpg","width":2048,"height":1152,"caption":"Airport Smoking"},{"@type":"BreadcrumbList","@id":"https:\/\/airportsmokinglounge.com\/smoking-areas-at-fort-mayers-southwest-florida-international-airport-rsw\/#breadcrumb","itemListElement":[{"@type":"ListItem","position":1,"name":"Home","item":"https:\/\/airportsmokinglounge.com\/"},{"@type":"ListItem","position":2,"name":"Smoking areas at FORT MAYERS &#8211; SOUTHWEST FLORIDA INTERNATIONAL AIRPORT (RSW)"}]},{"@type":"WebSite","@id":"https:\/\/airportsmokinglounge.com\/#website","url":"https:\/\/airportsmokinglounge.com\/","name":"airportsmokinglounge.com","description":"","potentialAction":[{"@type":"SearchAction","target":{"@type":"EntryPoint","urlTemplate":"https:\/\/airportsmokinglounge.com\/?s={search_term_string}"},"query-input":{"@type":"PropertyValueSpecification","valueRequired":true,"valueName":"search_term_string"}}],"inLanguage":"it-IT"}]}},"_links":{"self":[{"href":"https:\/\/airportsmokinglounge.com\/it\/wp-json\/wp\/v2\/pages\/5641","targetHints":{"allow":["GET"]}}],"collection":[{"href":"https:\/\/airportsmokinglounge.com\/it\/wp-json\/wp\/v2\/pages"}],"about":[{"href":"https:\/\/airportsmokinglounge.com\/it\/wp-json\/wp\/v2\/types\/page"}],"author":[{"embeddable":true,"href":"https:\/\/airportsmokinglounge.com\/it\/wp-json\/wp\/v2\/users\/1"}],"replies":[{"embeddable":true,"href":"https:\/\/airportsmokinglounge.com\/it\/wp-json\/wp\/v2\/comments?post=5641"}],"version-history":[{"count":1,"href":"https:\/\/airportsmokinglounge.com\/it\/wp-json\/wp\/v2\/pages\/5641\/revisions"}],"predecessor-version":[{"id":5642,"href":"https:\/\/airportsmokinglounge.com\/it\/wp-json\/wp\/v2\/pages\/5641\/revisions\/5642"}],"wp:featuredmedia":[{"embeddable":true,"href":"https:\/\/airportsmokinglounge.com\/it\/wp-json\/wp\/v2\/media\/1199"}],"wp:attachment":[{"href":"https:\/\/airportsmokinglounge.com\/it\/wp-json\/wp\/v2\/media?parent=5641"}],"curies":[{"name":"parola chiave","href":"https:\/\/api.w.org\/{rel}","templated":true}]}}