{"id":5741,"date":"2023-05-22T21:05:12","date_gmt":"2023-05-22T19:05:12","guid":{"rendered":"https:\/\/airportsmokinglounge.com\/?page_id=5741"},"modified":"2023-05-22T21:18:23","modified_gmt":"2023-05-22T19:18:23","slug":"smoking-areas-at-belem-val-de-cans-julio-cezar-ribeiro-international-airport-bel","status":"publish","type":"page","link":"https:\/\/airportsmokinglounge.com\/it\/aree-fumatori-all-aeroporto-internazionale-di-belem-val-de-cans-julio-cezar-ribeiro-bel\/","title":{"rendered":"Aree fumatori presso l&#039;AEROPORTO INTERNAZIONALE BEL\u00c9M \u2013 VAL DE CANS\/J\u00daLIO CEZAR RIBEIRO (BEL)"},"content":{"rendered":"<p>L&#039;Aeroporto Internazionale Bel\u00e9m \u2013 Val de Cans\/J\u00falio Cezar Ribeiro (BEL) \u00e8 il principale aeroporto che serve la citt\u00e0 di Bel\u00e9m, capitale dello stato del Par\u00e1 in Brasile. Si trova a circa 10 chilometri a nord-est del centro della citt\u00e0.<\/p>\n<p>L&#039;aeroporto prende il nome da J\u00falio Cezar Ribeiro de Souza, un aviatore brasiliano che ha svolto un ruolo significativo nello sviluppo dell&#039;aviazione nella regione. Viene comunemente chiamato anche aeroporto Val de Cans.<\/p>\n<h2>Aree fumatori prima dei controlli di sicurezza<\/h2>\n<ul>\n<li><span style=\"font-size: 14pt;\">\u00c8 consentito fumare solo all&#039;esterno del terminal<\/span><\/li>\n<\/ul>\n<h2>Aree fumatori dopo i controlli di sicurezza<\/h2>\n<ul>\n<li><span style=\"font-size: 14pt;\">Attualmente non sono disponibili informazioni relative alle strutture per fumatori all&#039;interno dell&#039;aeroporto.<\/span><\/li>\n<\/ul>\n<p><strong><span style=\"font-size: 14pt;\">Inviaci un feedback<\/span><\/strong><\/p>\n<p><span style=\"font-size: 14pt;\">Se sei in aeroporto, sei pi\u00f9 che benvenuto a inviarci foto delle aree fumatori. Questo ci aiuter\u00e0 a riempire il nostro database pi\u00f9 velocemente. Puoi farlo <strong><a href=\"https:\/\/airportsmokinglounge.com\/it\/contatto\/\">Qui<\/a>.<\/strong> Le immagini sono pubblicate sul nostro sito, indicando la fonte dell&#039;immagine (nome). Sentiti libero di condividere queste foto con noi e con tutti i visitatori di airportsmokinglounge.com<\/span>.<\/p>\n<h2>Legge sul fumo in Brasile<\/h2>\n<p>Il Brasile ha implementato norme sul fumo per proteggere la salute pubblica e ridurre l&#039;uso del tabacco. Tuttavia, tieni presente che le leggi e i regolamenti sul fumo possono cambiare nel tempo, quindi \u00e8 consigliabile fare riferimento alla legislazione pi\u00f9 recente o consultare le autorit\u00e0 locali per le informazioni pi\u00f9 aggiornate sulle leggi sul fumo in Brasile.<\/p>\n<p>In Brasile, il fumo \u00e8 generalmente vietato in alcuni luoghi pubblici al chiuso, inclusi edifici governativi, strutture sanitarie, istituti scolastici e trasporti pubblici. La legge pu\u00f2 anche limitare il fumo nelle aree designate come zone non fumatori, come gli spazi pubblici chiusi e le aree vicino agli ingressi e alle uscite degli edifici pubblici.<\/p>\n<p>La vendita di prodotti del tabacco ai minori di 18 anni \u00e8 vietata in Brasile. Inoltre, il paese ha implementato regolamenti sulla pubblicit\u00e0, promozione e sponsorizzazione del tabacco.<\/p>\n<p>Il Brasile ha adottato misure per sensibilizzare l&#039;opinione pubblica sui rischi per la salute associati al fumo attraverso campagne sanitarie e avvertenze sui pacchetti di sigarette. Il paese ha anche implementato avvertenze grafiche per la salute sulle confezioni dei prodotti del tabacco.<\/p>\n<p>L&#039;applicazione delle leggi sul fumo \u00e8 generalmente supervisionata dalle autorit\u00e0 competenti e le violazioni possono comportare multe o altre sanzioni.<\/p>\n<p>Per le informazioni pi\u00f9 accurate e aggiornate sulle leggi sul fumo in Brasile, si consiglia di consultare la legislazione pi\u00f9 recente o di contattare le autorit\u00e0 locali o le organizzazioni sanitarie.<\/p>\n<h3>Domande frequenti<\/h3>\n<h4>Le aree fumatori in aeroporto sono disponibili 24 ore su 24, 7 giorni su 7?<\/h4>\n<p>La disponibilit\u00e0 delle aree fumatori aeroportuali pu\u00f2 variare a seconda dell&#039;aeroporto e della localit\u00e0. Alcune aree fumatori sono aperte 24 ore su 24, mentre altre possono avere orari limitati o essere chiuse in determinati orari. \u00c8 meglio verificare con l&#039;aeroporto o visitare il loro sito Web per informazioni specifiche sugli orari di apertura dell&#039;area fumatori.<\/p>\n<h4>\u00c8 consentito portare cibo e bevande nell&#039;area fumatori?<\/h4>\n<p>Questo pu\u00f2 dipendere dalla specifica area fumatori e dall&#039;aeroporto. Alcune aree fumatori possono consentire cibo e bevande dall&#039;esterno, mentre altre possono avere restrizioni o proibirle completamente. \u00c8 meglio verificare con l&#039;aeroporto o la segnaletica dell&#039;area fumatori per norme e regolamenti specifici.<\/p>\n<h4>\u00c8 consentito fumare in tutte le aree fumatori dell&#039;aeroporto?<\/h4>\n<p>Non tutte le aree fumatori aeroportuali possono consentire di fumare. Alcuni aeroporti possono avere aree designate per le sigarette elettroniche o lo svapo, che sono separate dalle tradizionali aree fumatori. Assicurati di controllare le norme e i regolamenti specifici per l&#039;area fumatori che intendi utilizzare.<\/p>\n<h4>Le aree fumatori sono climatizzate o riscaldate?<\/h4>\n<p>La temperatura e la ventilazione delle aree fumatori aeroportuali possono variare notevolmente. Alcuni possono essere climatizzati o riscaldati, mentre altri possono essere spazi all&#039;aperto con protezione limitata dagli elementi. Assicurati di verificare con l&#039;aeroporto o di visitare l&#039;area fumatori in anticipo per determinare le condizioni e prepararti di conseguenza.<\/p>\n<h4>Le aree fumatori sono accessibili ai viaggiatori con disabilit\u00e0?<\/h4>\n<p>Molti aeroporti hanno compiuto sforzi per rendere le loro aree fumatori accessibili ai viaggiatori con disabilit\u00e0. Tuttavia, l&#039;accessibilit\u00e0 di specifiche aree fumatori pu\u00f2 variare notevolmente. Assicurati di verificare con l&#039;aeroporto o visitare l&#039;area fumatori in anticipo per determinare se \u00e8 accessibile e soddisfa le tue esigenze.<\/p>\n<p><span style=\"font-size: 14pt;\"><strong>Altri aeroporti in Brasile:<\/strong> <\/span><\/p>\n<ul>\n<li><a href=\"https:\/\/airportsmokinglounge.com\/it\/aree-fumatori-negli-aeroporti-brasiliani\/\"><span style=\"font-size: 14pt;\">Aeroporti in Brasile<\/span><\/a><\/li>\n<\/ul>\n<p><span style=\"font-size: 14pt;\"><strong>Aree fumatori in Sud America:<\/strong><\/span><\/p>\n<ul>\n<li><a href=\"https:\/\/airportsmokinglounge.com\/it\/fumare-negli-aeroporti-del-sud-america\/\"><span style=\"font-size: 14pt;\">Aeroporti del Sud America<\/span><\/a><\/li>\n<\/ul>","protected":false},"excerpt":{"rendered":"<p>Bel\u00e9m \u2013 Val de Cans\/J\u00falio Cezar Ribeiro International Airport (BEL) is the main airport serving the city of Bel\u00e9m, the capital of the state of Par\u00e1 in Brazil. It is located about 10 kilometers northeast of the city center. The airport is named after J\u00falio Cezar Ribeiro de Souza, a Brazilian aviator who played a&hellip;&nbsp;<a href=\"https:\/\/airportsmokinglounge.com\/it\/aree-fumatori-all-aeroporto-internazionale-di-belem-val-de-cans-julio-cezar-ribeiro-bel\/\" rel=\"bookmark\">Per saperne di pi\u00f9 &quot;<span class=\"screen-reader-text\">Aree fumatori presso l&#039;AEROPORTO INTERNAZIONALE BEL\u00c9M \u2013 VAL DE CANS\/J\u00daLIO CEZAR RIBEIRO (BEL)<\/span><\/a><\/p>","protected":false},"author":1,"featured_media":1199,"parent":0,"menu_order":0,"comment_status":"closed","ping_status":"closed","template":"","meta":{"neve_meta_sidebar":"","neve_meta_container":"","neve_meta_enable_content_width":"off","neve_meta_content_width":100,"neve_meta_title_alignment":"","neve_meta_author_avatar":"","neve_post_elements_order":"","neve_meta_disable_header":"","neve_meta_disable_footer":"","neve_meta_disable_title":"","neve_meta_reading_time":"","footnotes":""},"class_list":["post-5741","page","type-page","status-publish","has-post-thumbnail","hentry"],"yoast_head":"<!-- This site is optimized with the Yoast SEO plugin v26.6 - https:\/\/yoast.com\/wordpress\/plugins\/seo\/ -->\n<title>Smoking areas at BEL\u00c9M \u2013 VAL DE CANS\/J\u00daLIO CEZAR RIBEIRO INTERNATIONAL AIRPORT (BEL)<\/title>\n<meta name=\"description\" content=\"Smoking areas at BEL\u00c9M \u2013 VAL DE CANS\/J\u00daLIO CEZAR RIBEIRO INTERNATIONAL AIRPORT (BEL) - Find a smoking area in the airport\" \/>\n<meta name=\"robots\" content=\"index, follow, max-snippet:-1, max-image-preview:large, max-video-preview:-1\" \/>\n<link rel=\"canonical\" href=\"https:\/\/airportsmokinglounge.com\/it\/aree-fumatori-all-aeroporto-internazionale-di-belem-val-de-cans-julio-cezar-ribeiro-bel\/\" \/>\n<meta property=\"og:locale\" content=\"it_IT\" \/>\n<meta property=\"og:type\" content=\"article\" \/>\n<meta property=\"og:title\" content=\"Smoking areas at BEL\u00c9M \u2013 VAL DE CANS\/J\u00daLIO CEZAR RIBEIRO INTERNATIONAL AIRPORT (BEL)\" \/>\n<meta property=\"og:description\" content=\"Smoking areas at BEL\u00c9M \u2013 VAL DE CANS\/J\u00daLIO CEZAR RIBEIRO INTERNATIONAL AIRPORT (BEL) - Find a smoking area in the airport\" \/>\n<meta property=\"og:url\" content=\"https:\/\/airportsmokinglounge.com\/it\/aree-fumatori-all-aeroporto-internazionale-di-belem-val-de-cans-julio-cezar-ribeiro-bel\/\" \/>\n<meta property=\"og:site_name\" content=\"airportsmokinglounge.com\" \/>\n<meta property=\"article:modified_time\" content=\"2023-05-22T19:18:23+00:00\" \/>\n<meta property=\"og:image\" content=\"https:\/\/airportsmokinglounge.com\/wp-content\/uploads\/2023\/03\/airport-smoking-lounge-4.jpg\" \/>\n\t<meta property=\"og:image:width\" content=\"2048\" \/>\n\t<meta property=\"og:image:height\" content=\"1152\" \/>\n\t<meta property=\"og:image:type\" content=\"image\/jpeg\" \/>\n<meta name=\"twitter:card\" content=\"summary_large_image\" \/>\n<meta name=\"twitter:label1\" content=\"Tempo di lettura stimato\" \/>\n\t<meta name=\"twitter:data1\" content=\"3 minuti\" \/>\n<script type=\"application\/ld+json\" class=\"yoast-schema-graph\">{\"@context\":\"https:\/\/schema.org\",\"@graph\":[{\"@type\":\"WebPage\",\"@id\":\"https:\/\/airportsmokinglounge.com\/smoking-areas-at-belem-val-de-cans-julio-cezar-ribeiro-international-airport-bel\/\",\"url\":\"https:\/\/airportsmokinglounge.com\/smoking-areas-at-belem-val-de-cans-julio-cezar-ribeiro-international-airport-bel\/\",\"name\":\"Smoking areas at BEL\u00c9M \u2013 VAL DE CANS\/J\u00daLIO CEZAR RIBEIRO INTERNATIONAL AIRPORT (BEL)\",\"isPartOf\":{\"@id\":\"https:\/\/airportsmokinglounge.com\/#website\"},\"primaryImageOfPage\":{\"@id\":\"https:\/\/airportsmokinglounge.com\/smoking-areas-at-belem-val-de-cans-julio-cezar-ribeiro-international-airport-bel\/#primaryimage\"},\"image\":{\"@id\":\"https:\/\/airportsmokinglounge.com\/smoking-areas-at-belem-val-de-cans-julio-cezar-ribeiro-international-airport-bel\/#primaryimage\"},\"thumbnailUrl\":\"https:\/\/airportsmokinglounge.com\/wp-content\/uploads\/2023\/03\/airport-smoking-lounge-4.jpg\",\"datePublished\":\"2023-05-22T19:05:12+00:00\",\"dateModified\":\"2023-05-22T19:18:23+00:00\",\"description\":\"Smoking areas at BEL\u00c9M \u2013 VAL DE CANS\/J\u00daLIO CEZAR RIBEIRO INTERNATIONAL AIRPORT (BEL) - Find a smoking area in the airport\",\"breadcrumb\":{\"@id\":\"https:\/\/airportsmokinglounge.com\/smoking-areas-at-belem-val-de-cans-julio-cezar-ribeiro-international-airport-bel\/#breadcrumb\"},\"inLanguage\":\"it-IT\",\"potentialAction\":[{\"@type\":\"ReadAction\",\"target\":[\"https:\/\/airportsmokinglounge.com\/smoking-areas-at-belem-val-de-cans-julio-cezar-ribeiro-international-airport-bel\/\"]}]},{\"@type\":\"ImageObject\",\"inLanguage\":\"it-IT\",\"@id\":\"https:\/\/airportsmokinglounge.com\/smoking-areas-at-belem-val-de-cans-julio-cezar-ribeiro-international-airport-bel\/#primaryimage\",\"url\":\"https:\/\/airportsmokinglounge.com\/wp-content\/uploads\/2023\/03\/airport-smoking-lounge-4.jpg\",\"contentUrl\":\"https:\/\/airportsmokinglounge.com\/wp-content\/uploads\/2023\/03\/airport-smoking-lounge-4.jpg\",\"width\":2048,\"height\":1152,\"caption\":\"Airport Smoking\"},{\"@type\":\"BreadcrumbList\",\"@id\":\"https:\/\/airportsmokinglounge.com\/smoking-areas-at-belem-val-de-cans-julio-cezar-ribeiro-international-airport-bel\/#breadcrumb\",\"itemListElement\":[{\"@type\":\"ListItem\",\"position\":1,\"name\":\"Home\",\"item\":\"https:\/\/airportsmokinglounge.com\/\"},{\"@type\":\"ListItem\",\"position\":2,\"name\":\"Smoking areas at BEL\u00c9M \u2013 VAL DE CANS\/J\u00daLIO CEZAR RIBEIRO INTERNATIONAL AIRPORT (BEL)\"}]},{\"@type\":\"WebSite\",\"@id\":\"https:\/\/airportsmokinglounge.com\/#website\",\"url\":\"https:\/\/airportsmokinglounge.com\/\",\"name\":\"airportsmokinglounge.com\",\"description\":\"\",\"potentialAction\":[{\"@type\":\"SearchAction\",\"target\":{\"@type\":\"EntryPoint\",\"urlTemplate\":\"https:\/\/airportsmokinglounge.com\/?s={search_term_string}\"},\"query-input\":{\"@type\":\"PropertyValueSpecification\",\"valueRequired\":true,\"valueName\":\"search_term_string\"}}],\"inLanguage\":\"it-IT\"}]}<\/script>\n<!-- \/ Yoast SEO plugin. -->","yoast_head_json":{"title":"Aree fumatori presso l&#039;AEROPORTO INTERNAZIONALE BEL\u00c9M \u2013 VAL DE CANS\/J\u00daLIO CEZAR RIBEIRO (BEL)","description":"Aree fumatori all&#039;AEROPORTO INTERNAZIONALE DI BEL\u00c9M \u2013 VAL DE CANS\/J\u00daLIO CEZAR RIBEIRO (BEL) - Trova un&#039;area fumatori in aeroporto","robots":{"index":"index","follow":"follow","max-snippet":"max-snippet:-1","max-image-preview":"max-image-preview:large","max-video-preview":"max-video-preview:-1"},"canonical":"https:\/\/airportsmokinglounge.com\/it\/aree-fumatori-all-aeroporto-internazionale-di-belem-val-de-cans-julio-cezar-ribeiro-bel\/","og_locale":"it_IT","og_type":"article","og_title":"Smoking areas at BEL\u00c9M \u2013 VAL DE CANS\/J\u00daLIO CEZAR RIBEIRO INTERNATIONAL AIRPORT (BEL)","og_description":"Smoking areas at BEL\u00c9M \u2013 VAL DE CANS\/J\u00daLIO CEZAR RIBEIRO INTERNATIONAL AIRPORT (BEL) - Find a smoking area in the airport","og_url":"https:\/\/airportsmokinglounge.com\/it\/aree-fumatori-all-aeroporto-internazionale-di-belem-val-de-cans-julio-cezar-ribeiro-bel\/","og_site_name":"airportsmokinglounge.com","article_modified_time":"2023-05-22T19:18:23+00:00","og_image":[{"width":2048,"height":1152,"url":"https:\/\/airportsmokinglounge.com\/wp-content\/uploads\/2023\/03\/airport-smoking-lounge-4.jpg","type":"image\/jpeg"}],"twitter_card":"summary_large_image","twitter_misc":{"Tempo di lettura stimato":"3 minuti"},"schema":{"@context":"https:\/\/schema.org","@graph":[{"@type":"WebPage","@id":"https:\/\/airportsmokinglounge.com\/smoking-areas-at-belem-val-de-cans-julio-cezar-ribeiro-international-airport-bel\/","url":"https:\/\/airportsmokinglounge.com\/smoking-areas-at-belem-val-de-cans-julio-cezar-ribeiro-international-airport-bel\/","name":"Aree fumatori presso l&#039;AEROPORTO INTERNAZIONALE BEL\u00c9M \u2013 VAL DE CANS\/J\u00daLIO CEZAR RIBEIRO (BEL)","isPartOf":{"@id":"https:\/\/airportsmokinglounge.com\/#website"},"primaryImageOfPage":{"@id":"https:\/\/airportsmokinglounge.com\/smoking-areas-at-belem-val-de-cans-julio-cezar-ribeiro-international-airport-bel\/#primaryimage"},"image":{"@id":"https:\/\/airportsmokinglounge.com\/smoking-areas-at-belem-val-de-cans-julio-cezar-ribeiro-international-airport-bel\/#primaryimage"},"thumbnailUrl":"https:\/\/airportsmokinglounge.com\/wp-content\/uploads\/2023\/03\/airport-smoking-lounge-4.jpg","datePublished":"2023-05-22T19:05:12+00:00","dateModified":"2023-05-22T19:18:23+00:00","description":"Aree fumatori all&#039;AEROPORTO INTERNAZIONALE DI BEL\u00c9M \u2013 VAL DE CANS\/J\u00daLIO CEZAR RIBEIRO (BEL) - Trova un&#039;area fumatori in aeroporto","breadcrumb":{"@id":"https:\/\/airportsmokinglounge.com\/smoking-areas-at-belem-val-de-cans-julio-cezar-ribeiro-international-airport-bel\/#breadcrumb"},"inLanguage":"it-IT","potentialAction":[{"@type":"ReadAction","target":["https:\/\/airportsmokinglounge.com\/smoking-areas-at-belem-val-de-cans-julio-cezar-ribeiro-international-airport-bel\/"]}]},{"@type":"ImageObject","inLanguage":"it-IT","@id":"https:\/\/airportsmokinglounge.com\/smoking-areas-at-belem-val-de-cans-julio-cezar-ribeiro-international-airport-bel\/#primaryimage","url":"https:\/\/airportsmokinglounge.com\/wp-content\/uploads\/2023\/03\/airport-smoking-lounge-4.jpg","contentUrl":"https:\/\/airportsmokinglounge.com\/wp-content\/uploads\/2023\/03\/airport-smoking-lounge-4.jpg","width":2048,"height":1152,"caption":"Airport Smoking"},{"@type":"BreadcrumbList","@id":"https:\/\/airportsmokinglounge.com\/smoking-areas-at-belem-val-de-cans-julio-cezar-ribeiro-international-airport-bel\/#breadcrumb","itemListElement":[{"@type":"ListItem","position":1,"name":"Home","item":"https:\/\/airportsmokinglounge.com\/"},{"@type":"ListItem","position":2,"name":"Smoking areas at BEL\u00c9M \u2013 VAL DE CANS\/J\u00daLIO CEZAR RIBEIRO INTERNATIONAL AIRPORT (BEL)"}]},{"@type":"WebSite","@id":"https:\/\/airportsmokinglounge.com\/#website","url":"https:\/\/airportsmokinglounge.com\/","name":"airportsmokinglounge.com","description":"","potentialAction":[{"@type":"SearchAction","target":{"@type":"EntryPoint","urlTemplate":"https:\/\/airportsmokinglounge.com\/?s={search_term_string}"},"query-input":{"@type":"PropertyValueSpecification","valueRequired":true,"valueName":"search_term_string"}}],"inLanguage":"it-IT"}]}},"_links":{"self":[{"href":"https:\/\/airportsmokinglounge.com\/it\/wp-json\/wp\/v2\/pages\/5741","targetHints":{"allow":["GET"]}}],"collection":[{"href":"https:\/\/airportsmokinglounge.com\/it\/wp-json\/wp\/v2\/pages"}],"about":[{"href":"https:\/\/airportsmokinglounge.com\/it\/wp-json\/wp\/v2\/types\/page"}],"author":[{"embeddable":true,"href":"https:\/\/airportsmokinglounge.com\/it\/wp-json\/wp\/v2\/users\/1"}],"replies":[{"embeddable":true,"href":"https:\/\/airportsmokinglounge.com\/it\/wp-json\/wp\/v2\/comments?post=5741"}],"version-history":[{"count":2,"href":"https:\/\/airportsmokinglounge.com\/it\/wp-json\/wp\/v2\/pages\/5741\/revisions"}],"predecessor-version":[{"id":5758,"href":"https:\/\/airportsmokinglounge.com\/it\/wp-json\/wp\/v2\/pages\/5741\/revisions\/5758"}],"wp:featuredmedia":[{"embeddable":true,"href":"https:\/\/airportsmokinglounge.com\/it\/wp-json\/wp\/v2\/media\/1199"}],"wp:attachment":[{"href":"https:\/\/airportsmokinglounge.com\/it\/wp-json\/wp\/v2\/media?parent=5741"}],"curies":[{"name":"parola chiave","href":"https:\/\/api.w.org\/{rel}","templated":true}]}}