{"id":5926,"date":"2023-05-23T13:19:28","date_gmt":"2023-05-23T11:19:28","guid":{"rendered":"https:\/\/airportsmokinglounge.com\/?page_id=5926"},"modified":"2023-05-23T13:35:10","modified_gmt":"2023-05-23T11:35:10","slug":"smoking-areas-at-marshall-islands-international-airport-maj","status":"publish","type":"page","link":"https:\/\/airportsmokinglounge.com\/it\/aree-fumatori-allaeroporto-internazionale-delle-isole-marshall\/","title":{"rendered":"Aree fumatori all&#039;aeroporto internazionale delle Isole Marshall (MAJ)"},"content":{"rendered":"<p>L&#039;aeroporto internazionale delle Isole Marshall (MAJ), noto anche come aeroporto internazionale Amata Kabua, \u00e8 la porta d&#039;accesso principale alla Repubblica delle Isole Marshall. Si trova nella capitale Majuro, sull&#039;atollo di Majuro, un atollo corallino di 64 isole nell&#039;oceano Pacifico.<\/p>\n<p>L&#039;aeroporto \u00e8 dotato di un unico terminal che gestisce sia voli nazionali che internazionali, collegando le Isole Marshall con destinazioni internazionali come Honolulu, Guam e Fiji, oltre a varie localit\u00e0 nazionali in tutto il paese. Nonostante le sue dimensioni relativamente ridotte, l&#039;aeroporto \u00e8 dotato di servizi essenziali tra cui un&#039;area check-in, una sala d&#039;attesa e servizi di autonoleggio per garantire un viaggio confortevole ai passeggeri.<\/p>\n<h2>Aree fumatori prima dei controlli di sicurezza<\/h2>\n<ul>\n<li><span style=\"font-size: 14pt;\">\u00c8 consentito fumare solo all&#039;esterno del terminal<\/span><\/li>\n<\/ul>\n<h2>Aree fumatori dopo i controlli di sicurezza<\/h2>\n<ul>\n<li><span style=\"font-size: 14pt;\">Attualmente non sono disponibili informazioni relative alle strutture per fumatori all&#039;interno dell&#039;aeroporto.<\/span><\/li>\n<\/ul>\n<p><strong><span style=\"font-size: 14pt;\">Inviaci un feedback<\/span><\/strong><\/p>\n<p><span style=\"font-size: 14pt;\">Se sei in aeroporto, sei pi\u00f9 che benvenuto a inviarci foto delle aree fumatori. Questo ci aiuter\u00e0 a riempire il nostro database pi\u00f9 velocemente. Puoi farlo <strong><a href=\"https:\/\/airportsmokinglounge.com\/it\/contatto\/\">Qui<\/a>.<\/strong> Le immagini sono pubblicate sul nostro sito, indicando la fonte dell&#039;immagine (nome). Sentiti libero di condividere queste foto con noi e con tutti i visitatori di airportsmokinglounge.com<\/span>.<\/p>\n<h2>Legge sul fumo delle Isole Marshall<\/h2>\n<p>Le Isole Marshall hanno compiuto sforzi per controllare l&#039;uso del tabacco, in linea con gli sforzi globali per ridurre i danni causati dal tabacco. \u00c8 probabile che questi sforzi includano restrizioni sul fumo in determinati luoghi pubblici, sulla pubblicit\u00e0 dei prodotti del tabacco e sulla vendita di tabacco ai minori.<\/p>\n<p>Tuttavia, per informazioni pi\u00f9 aggiornate e dettagliate, consiglio di contattare il Ministero della Salute delle Isole Marshall o di fare riferimento all&#039;ultimo rapporto dell&#039;Organizzazione Mondiale della Sanit\u00e0 (OMS) sul controllo del tabacco nelle Isole Marshall.<\/p>\n<p>Tieni presente che le leggi potrebbero essere cambiate dopo la mia ultima scadenza di formazione a settembre 2021 ed \u00e8 sempre buona norma familiarizzare con le leggi locali di un Paese quando si pianifica di visitarlo.<\/p>\n<h3>Domande frequenti<\/h3>\n<h4>Le aree fumatori in aeroporto sono disponibili 24 ore su 24, 7 giorni su 7?<\/h4>\n<p>La disponibilit\u00e0 delle aree fumatori aeroportuali pu\u00f2 variare a seconda dell&#039;aeroporto e della localit\u00e0. Alcune aree fumatori sono aperte 24 ore su 24, mentre altre possono avere orari limitati o essere chiuse in determinati orari. \u00c8 meglio verificare con l&#039;aeroporto o visitare il loro sito Web per informazioni specifiche sugli orari di apertura dell&#039;area fumatori.<\/p>\n<h4>\u00c8 consentito portare cibo e bevande nell&#039;area fumatori?<\/h4>\n<p>Questo pu\u00f2 dipendere dalla specifica area fumatori e dall&#039;aeroporto. Alcune aree fumatori possono consentire cibo e bevande dall&#039;esterno, mentre altre possono avere restrizioni o proibirle completamente. \u00c8 meglio verificare con l&#039;aeroporto o la segnaletica dell&#039;area fumatori per norme e regolamenti specifici.<\/p>\n<h4>\u00c8 consentito fumare in tutte le aree fumatori dell&#039;aeroporto?<\/h4>\n<p>Non tutte le aree fumatori aeroportuali possono consentire di fumare. Alcuni aeroporti possono avere aree designate per le sigarette elettroniche o lo svapo, che sono separate dalle tradizionali aree fumatori. Assicurati di controllare le norme e i regolamenti specifici per l&#039;area fumatori che intendi utilizzare.<\/p>\n<h4>Le aree fumatori sono climatizzate o riscaldate?<\/h4>\n<p>La temperatura e la ventilazione delle aree fumatori aeroportuali possono variare notevolmente. Alcuni possono essere climatizzati o riscaldati, mentre altri possono essere spazi all&#039;aperto con protezione limitata dagli elementi. Assicurati di verificare con l&#039;aeroporto o di visitare l&#039;area fumatori in anticipo per determinare le condizioni e prepararti di conseguenza.<\/p>\n<h4>Le aree fumatori sono accessibili ai viaggiatori con disabilit\u00e0?<\/h4>\n<p>Molti aeroporti hanno compiuto sforzi per rendere le loro aree fumatori accessibili ai viaggiatori con disabilit\u00e0. Tuttavia, l&#039;accessibilit\u00e0 di specifiche aree fumatori pu\u00f2 variare notevolmente. Assicurati di verificare con l&#039;aeroporto o visitare l&#039;area fumatori in anticipo per determinare se \u00e8 accessibile e soddisfa le tue esigenze.<\/p>\n<p><span style=\"font-size: 14pt;\"><strong>Aree fumatori in Oceania<\/strong><\/span><\/p>\n<ul>\n<li><a href=\"https:\/\/airportsmokinglounge.com\/it\/fumare-negli-aeroporti-delloceania\/\"><span style=\"font-size: 14pt;\">Aeroporti dell&#039;Oceania<\/span><\/a><\/li>\n<\/ul>","protected":false},"excerpt":{"rendered":"<p>L&#039;aeroporto internazionale delle Isole Marshall (MAJ), noto anche come aeroporto internazionale Amata Kabua, \u00e8 il principale punto di accesso alla Repubblica delle Isole Marshall. Si trova nella capitale Majuro, sull&#039;atollo di Majuro, un atollo corallino di 64 isole nell&#039;Oceano Pacifico. L&#039;aeroporto dispone di un unico terminal che gestisce sia i voli nazionali\u2026&nbsp;<a href=\"https:\/\/airportsmokinglounge.com\/it\/aree-fumatori-allaeroporto-internazionale-delle-isole-marshall\/\" rel=\"bookmark\">Per saperne di pi\u00f9 &quot;<span class=\"screen-reader-text\">Aree fumatori all&#039;aeroporto internazionale delle Isole Marshall (MAJ)<\/span><\/a><\/p>","protected":false},"author":1,"featured_media":1199,"parent":0,"menu_order":0,"comment_status":"closed","ping_status":"closed","template":"","meta":{"neve_meta_sidebar":"","neve_meta_container":"","neve_meta_enable_content_width":"off","neve_meta_content_width":100,"neve_meta_title_alignment":"","neve_meta_author_avatar":"","neve_post_elements_order":"","neve_meta_disable_header":"","neve_meta_disable_footer":"","neve_meta_disable_title":"","neve_meta_reading_time":"","footnotes":""},"class_list":["post-5926","page","type-page","status-publish","has-post-thumbnail","hentry"],"yoast_head":"<!-- This site is optimized with the Yoast SEO plugin v26.6 - https:\/\/yoast.com\/wordpress\/plugins\/seo\/ -->\n<title>Smoking areas at Marshall Islands International Airport (MAJ)<\/title>\n<meta name=\"description\" content=\"Smoking areas at Marshall Islands International Airport (MAJ) - Find a smoking area in the airport \u2714\ufe0e Smoking Guide in Airports\" \/>\n<meta name=\"robots\" content=\"index, follow, max-snippet:-1, max-image-preview:large, max-video-preview:-1\" \/>\n<link rel=\"canonical\" href=\"https:\/\/airportsmokinglounge.com\/it\/aree-fumatori-allaeroporto-internazionale-delle-isole-marshall\/\" \/>\n<meta property=\"og:locale\" content=\"it_IT\" \/>\n<meta property=\"og:type\" content=\"article\" \/>\n<meta property=\"og:title\" content=\"Smoking areas at Marshall Islands International Airport (MAJ)\" \/>\n<meta property=\"og:description\" content=\"Smoking areas at Marshall Islands International Airport (MAJ) - Find a smoking area in the airport \u2714\ufe0e Smoking Guide in Airports\" \/>\n<meta property=\"og:url\" content=\"https:\/\/airportsmokinglounge.com\/it\/aree-fumatori-allaeroporto-internazionale-delle-isole-marshall\/\" \/>\n<meta property=\"og:site_name\" content=\"airportsmokinglounge.com\" \/>\n<meta property=\"article:modified_time\" content=\"2023-05-23T11:35:10+00:00\" \/>\n<meta property=\"og:image\" content=\"https:\/\/airportsmokinglounge.com\/wp-content\/uploads\/2023\/03\/airport-smoking-lounge-4.jpg\" \/>\n\t<meta property=\"og:image:width\" content=\"2048\" \/>\n\t<meta property=\"og:image:height\" content=\"1152\" \/>\n\t<meta property=\"og:image:type\" content=\"image\/jpeg\" \/>\n<meta name=\"twitter:card\" content=\"summary_large_image\" \/>\n<meta name=\"twitter:label1\" content=\"Tempo di lettura stimato\" \/>\n\t<meta name=\"twitter:data1\" content=\"3 minuti\" \/>\n<script type=\"application\/ld+json\" class=\"yoast-schema-graph\">{\"@context\":\"https:\/\/schema.org\",\"@graph\":[{\"@type\":\"WebPage\",\"@id\":\"https:\/\/airportsmokinglounge.com\/smoking-areas-at-marshall-islands-international-airport-maj\/\",\"url\":\"https:\/\/airportsmokinglounge.com\/smoking-areas-at-marshall-islands-international-airport-maj\/\",\"name\":\"Smoking areas at Marshall Islands International Airport (MAJ)\",\"isPartOf\":{\"@id\":\"https:\/\/airportsmokinglounge.com\/#website\"},\"primaryImageOfPage\":{\"@id\":\"https:\/\/airportsmokinglounge.com\/smoking-areas-at-marshall-islands-international-airport-maj\/#primaryimage\"},\"image\":{\"@id\":\"https:\/\/airportsmokinglounge.com\/smoking-areas-at-marshall-islands-international-airport-maj\/#primaryimage\"},\"thumbnailUrl\":\"https:\/\/airportsmokinglounge.com\/wp-content\/uploads\/2023\/03\/airport-smoking-lounge-4.jpg\",\"datePublished\":\"2023-05-23T11:19:28+00:00\",\"dateModified\":\"2023-05-23T11:35:10+00:00\",\"description\":\"Smoking areas at Marshall Islands International Airport (MAJ) - Find a smoking area in the airport \u2714\ufe0e Smoking Guide in Airports\",\"breadcrumb\":{\"@id\":\"https:\/\/airportsmokinglounge.com\/smoking-areas-at-marshall-islands-international-airport-maj\/#breadcrumb\"},\"inLanguage\":\"it-IT\",\"potentialAction\":[{\"@type\":\"ReadAction\",\"target\":[\"https:\/\/airportsmokinglounge.com\/smoking-areas-at-marshall-islands-international-airport-maj\/\"]}]},{\"@type\":\"ImageObject\",\"inLanguage\":\"it-IT\",\"@id\":\"https:\/\/airportsmokinglounge.com\/smoking-areas-at-marshall-islands-international-airport-maj\/#primaryimage\",\"url\":\"https:\/\/airportsmokinglounge.com\/wp-content\/uploads\/2023\/03\/airport-smoking-lounge-4.jpg\",\"contentUrl\":\"https:\/\/airportsmokinglounge.com\/wp-content\/uploads\/2023\/03\/airport-smoking-lounge-4.jpg\",\"width\":2048,\"height\":1152,\"caption\":\"Airport Smoking\"},{\"@type\":\"BreadcrumbList\",\"@id\":\"https:\/\/airportsmokinglounge.com\/smoking-areas-at-marshall-islands-international-airport-maj\/#breadcrumb\",\"itemListElement\":[{\"@type\":\"ListItem\",\"position\":1,\"name\":\"Home\",\"item\":\"https:\/\/airportsmokinglounge.com\/\"},{\"@type\":\"ListItem\",\"position\":2,\"name\":\"Smoking areas at Marshall Islands International Airport (MAJ)\"}]},{\"@type\":\"WebSite\",\"@id\":\"https:\/\/airportsmokinglounge.com\/#website\",\"url\":\"https:\/\/airportsmokinglounge.com\/\",\"name\":\"airportsmokinglounge.com\",\"description\":\"\",\"potentialAction\":[{\"@type\":\"SearchAction\",\"target\":{\"@type\":\"EntryPoint\",\"urlTemplate\":\"https:\/\/airportsmokinglounge.com\/?s={search_term_string}\"},\"query-input\":{\"@type\":\"PropertyValueSpecification\",\"valueRequired\":true,\"valueName\":\"search_term_string\"}}],\"inLanguage\":\"it-IT\"}]}<\/script>\n<!-- \/ Yoast SEO plugin. -->","yoast_head_json":{"title":"Aree fumatori all&#039;aeroporto internazionale delle Isole Marshall (MAJ)","description":"Aree fumatori all&#039;aeroporto internazionale delle Isole Marshall (MAJ) - Trova un&#039;area fumatori in aeroporto \u2714\ufe0e Guida al fumo negli aeroporti","robots":{"index":"index","follow":"follow","max-snippet":"max-snippet:-1","max-image-preview":"max-image-preview:large","max-video-preview":"max-video-preview:-1"},"canonical":"https:\/\/airportsmokinglounge.com\/it\/aree-fumatori-allaeroporto-internazionale-delle-isole-marshall\/","og_locale":"it_IT","og_type":"article","og_title":"Smoking areas at Marshall Islands International Airport (MAJ)","og_description":"Smoking areas at Marshall Islands International Airport (MAJ) - Find a smoking area in the airport \u2714\ufe0e Smoking Guide in Airports","og_url":"https:\/\/airportsmokinglounge.com\/it\/aree-fumatori-allaeroporto-internazionale-delle-isole-marshall\/","og_site_name":"airportsmokinglounge.com","article_modified_time":"2023-05-23T11:35:10+00:00","og_image":[{"width":2048,"height":1152,"url":"https:\/\/airportsmokinglounge.com\/wp-content\/uploads\/2023\/03\/airport-smoking-lounge-4.jpg","type":"image\/jpeg"}],"twitter_card":"summary_large_image","twitter_misc":{"Tempo di lettura stimato":"3 minuti"},"schema":{"@context":"https:\/\/schema.org","@graph":[{"@type":"WebPage","@id":"https:\/\/airportsmokinglounge.com\/smoking-areas-at-marshall-islands-international-airport-maj\/","url":"https:\/\/airportsmokinglounge.com\/smoking-areas-at-marshall-islands-international-airport-maj\/","name":"Aree fumatori all&#039;aeroporto internazionale delle Isole Marshall (MAJ)","isPartOf":{"@id":"https:\/\/airportsmokinglounge.com\/#website"},"primaryImageOfPage":{"@id":"https:\/\/airportsmokinglounge.com\/smoking-areas-at-marshall-islands-international-airport-maj\/#primaryimage"},"image":{"@id":"https:\/\/airportsmokinglounge.com\/smoking-areas-at-marshall-islands-international-airport-maj\/#primaryimage"},"thumbnailUrl":"https:\/\/airportsmokinglounge.com\/wp-content\/uploads\/2023\/03\/airport-smoking-lounge-4.jpg","datePublished":"2023-05-23T11:19:28+00:00","dateModified":"2023-05-23T11:35:10+00:00","description":"Aree fumatori all&#039;aeroporto internazionale delle Isole Marshall (MAJ) - Trova un&#039;area fumatori in aeroporto \u2714\ufe0e Guida al fumo negli aeroporti","breadcrumb":{"@id":"https:\/\/airportsmokinglounge.com\/smoking-areas-at-marshall-islands-international-airport-maj\/#breadcrumb"},"inLanguage":"it-IT","potentialAction":[{"@type":"ReadAction","target":["https:\/\/airportsmokinglounge.com\/smoking-areas-at-marshall-islands-international-airport-maj\/"]}]},{"@type":"ImageObject","inLanguage":"it-IT","@id":"https:\/\/airportsmokinglounge.com\/smoking-areas-at-marshall-islands-international-airport-maj\/#primaryimage","url":"https:\/\/airportsmokinglounge.com\/wp-content\/uploads\/2023\/03\/airport-smoking-lounge-4.jpg","contentUrl":"https:\/\/airportsmokinglounge.com\/wp-content\/uploads\/2023\/03\/airport-smoking-lounge-4.jpg","width":2048,"height":1152,"caption":"Airport Smoking"},{"@type":"BreadcrumbList","@id":"https:\/\/airportsmokinglounge.com\/smoking-areas-at-marshall-islands-international-airport-maj\/#breadcrumb","itemListElement":[{"@type":"ListItem","position":1,"name":"Home","item":"https:\/\/airportsmokinglounge.com\/"},{"@type":"ListItem","position":2,"name":"Smoking areas at Marshall Islands International Airport (MAJ)"}]},{"@type":"WebSite","@id":"https:\/\/airportsmokinglounge.com\/#website","url":"https:\/\/airportsmokinglounge.com\/","name":"airportsmokinglounge.com","description":"","potentialAction":[{"@type":"SearchAction","target":{"@type":"EntryPoint","urlTemplate":"https:\/\/airportsmokinglounge.com\/?s={search_term_string}"},"query-input":{"@type":"PropertyValueSpecification","valueRequired":true,"valueName":"search_term_string"}}],"inLanguage":"it-IT"}]}},"_links":{"self":[{"href":"https:\/\/airportsmokinglounge.com\/it\/wp-json\/wp\/v2\/pages\/5926","targetHints":{"allow":["GET"]}}],"collection":[{"href":"https:\/\/airportsmokinglounge.com\/it\/wp-json\/wp\/v2\/pages"}],"about":[{"href":"https:\/\/airportsmokinglounge.com\/it\/wp-json\/wp\/v2\/types\/page"}],"author":[{"embeddable":true,"href":"https:\/\/airportsmokinglounge.com\/it\/wp-json\/wp\/v2\/users\/1"}],"replies":[{"embeddable":true,"href":"https:\/\/airportsmokinglounge.com\/it\/wp-json\/wp\/v2\/comments?post=5926"}],"version-history":[{"count":1,"href":"https:\/\/airportsmokinglounge.com\/it\/wp-json\/wp\/v2\/pages\/5926\/revisions"}],"predecessor-version":[{"id":5927,"href":"https:\/\/airportsmokinglounge.com\/it\/wp-json\/wp\/v2\/pages\/5926\/revisions\/5927"}],"wp:featuredmedia":[{"embeddable":true,"href":"https:\/\/airportsmokinglounge.com\/it\/wp-json\/wp\/v2\/media\/1199"}],"wp:attachment":[{"href":"https:\/\/airportsmokinglounge.com\/it\/wp-json\/wp\/v2\/media?parent=5926"}],"curies":[{"name":"parola chiave","href":"https:\/\/api.w.org\/{rel}","templated":true}]}}