{"id":62,"date":"2023-02-20T13:27:27","date_gmt":"2023-02-20T12:27:27","guid":{"rendered":"https:\/\/airportsmokinglounge.com\/?page_id=62"},"modified":"2023-05-22T22:23:19","modified_gmt":"2023-05-22T20:23:19","slug":"smoking-in-the-airports-of-south-america","status":"publish","type":"page","link":"https:\/\/airportsmokinglounge.com\/it\/fumare-negli-aeroporti-del-sud-america\/","title":{"rendered":"Fumare negli aeroporti del Sud America"},"content":{"rendered":"<h2>Aree fumatori negli aeroporti sudamericani<\/h2>\n<p><span style=\"font-size: 14pt;\">Su questo sito Web puoi trovare tutte le aree fumatori negli aeroporti sudamericani, comprese le aree fumatori designate e le strutture disponibili. Comprendiamo la frustrazione di passare attraverso la sicurezza solo per scoprire che non ci sono aree fumatori da nessuna parte e in alcuni casi le sigarette elettroniche potrebbero non essere consentite. <\/span><\/p>\n<p><span style=\"font-size: 14pt;\">Questo servizio \u00e8 rivolto a tutti i fumatori che vogliono godersi una sigaretta prima o dopo un lungo volo.<\/span><\/p>\n<p><span style=\"font-size: 14pt;\"><strong>Scegli il tuo paese:<\/strong><\/span><\/p>\n<ul style=\"list-style-type: circle;\">\n<li><a href=\"https:\/\/airportsmokinglounge.com\/it\/aree-fumatori-aeroporti-argentina\/\">ARGENTINA<\/a><\/li>\n<li><a href=\"https:\/\/airportsmokinglounge.com\/it\/aree-fumatori-negli-aeroporti-brasiliani\/\">BRASILE<\/a><\/li>\n<li><a href=\"https:\/\/airportsmokinglounge.com\/it\/aree-fumatori-negli-aeroporti-boliviani\/\">BOLIVIA<\/a><\/li>\n<li><a href=\"https:\/\/airportsmokinglounge.com\/it\/aree-fumatori-negli-aeroporti-del-cile\/\">CHILE<\/a><\/li>\n<li><a href=\"https:\/\/airportsmokinglounge.com\/it\/aree-fumatori-aeroporti-colombia\/\">COLOMBIA<\/a><\/li>\n<li><a href=\"https:\/\/airportsmokinglounge.com\/it\/aree-fumatori-negli-aeroporti-ecuador\/\">ECUADORE<\/a><\/li>\n<li><a href=\"https:\/\/airportsmokinglounge.com\/it\/aree-fumatori-in-guyana-aeroporti\/\">GUYANA<\/a><\/li>\n<li><a href=\"https:\/\/airportsmokinglounge.com\/it\/aree-fumatori-negli-aeroporti-del-paraguay\/\">PARAGUAY<\/a><\/li>\n<li><a href=\"https:\/\/airportsmokinglounge.com\/it\/aree-fumatori-negli-aeroporti-perus\/\">PER\u00d9<\/a><\/li>\n<li><a href=\"https:\/\/airportsmokinglounge.com\/it\/aree-fumatori-negli-aeroporti-di-trinidad-e-tobago\/\">TRINIDAD E TOBAGO<\/a><\/li>\n<li><a href=\"https:\/\/airportsmokinglounge.com\/it\/aree-fumatori-negli-aeroporti-delluruguay\/\">URUGUAY<\/a><\/li>\n<li><a href=\"https:\/\/airportsmokinglounge.com\/it\/aree-fumatori-negli-aeroporti-venezuelas\/\">VENEZUELA<\/a><\/li>\n<\/ul>\n<h2>Servizio fumatori dell&#039;aeroporto sudamericano<\/h2>\n<p><span style=\"font-size: 14pt;\">Molti aeroporti sudamericani hanno implementato politiche antifumo che vietano il fumo in tutte le aree interne ed esterne dell&#039;aeroporto, inclusi terminal, aree di attesa e spazi esterni come parcheggi e marciapiedi.<\/span><\/p>\n<p><span style=\"font-size: 14pt;\">Di conseguenza, le aree fumatori designate negli aeroporti sudamericani sono diventate limitate e alcuni aeroporti potrebbero non avere alcuna area fumatori designata. Ci\u00f2 pu\u00f2 rappresentare una sfida per i viaggiatori che fumano, in quanto pu\u00f2 essere difficile trovare un luogo adatto per fumare all&#039;interno dei locali dell&#039;aeroporto. In alcuni casi, i fumatori potrebbero dover lasciare i locali dell&#039;aeroporto e uscire dall&#039;aeroporto per trovare un posto dove fumare, il che pu\u00f2 essere scomodo e richiedere molto tempo.<\/span><\/p>\n<p><span style=\"font-size: 14pt;\">\u00c8 importante che i viaggiatori che fumano siano a conoscenza delle politiche e dei regolamenti sul fumo negli aeroporti sudamericani verso o attraverso i quali viaggiano. <\/span><\/p>\n<p><span style=\"font-size: 14pt;\">Ecco tutte le informazioni per trovare un&#039;area fumatori in un aeroporto sudamericano.<\/span><\/p>\n<h3><span style=\"font-size: 14pt;\">Inviaci un feedback<\/span><\/h3>\n<p><span style=\"font-size: 14pt;\">Se ti trovi in qualsiasi aeroporto del Sud America, sei pi\u00f9 che benvenuto a inviarci le foto delle aree fumatori. Questo ci aiuter\u00e0 a riempire il nostro database pi\u00f9 velocemente. Puoi farlo <strong><a href=\"https:\/\/airportsmokinglounge.com\/it\/contatto\/\">Qui<\/a>.<\/strong>\u00a0Le immagini sono pubblicate sul nostro sito, indicando la fonte dell&#039;immagine (nome). Sentiti libero di condividere queste foto con noi e con tutti i visitatori di airportsmokinglounge.com.<\/span><\/p>\n<p><strong><span style=\"font-size: 14pt;\">Altre aree fumatori in aeroporto<\/span><\/strong><\/p>\n<ul style=\"list-style-type: circle;\">\n<li><a href=\"https:\/\/airportsmokinglounge.com\/it\/fumare-negli-aeroporti-in-africa\/\">Africa<\/a><\/li>\n<li><a href=\"https:\/\/airportsmokinglounge.com\/it\/fumare-negli-aeroporti-del-nord-america\/\">Nord America<\/a><\/li>\n<li><a href=\"https:\/\/airportsmokinglounge.com\/it\/aree-fumatori-negli-aeroporti-europei\/\">Europa<\/a><\/li>\n<li><a href=\"https:\/\/airportsmokinglounge.com\/it\/fumare-negli-aeroporti-in-asia\/\">Asia<\/a><\/li>\n<li><a href=\"https:\/\/airportsmokinglounge.com\/it\/fumare-negli-aeroporti-delloceania\/\">Oceania<\/a><\/li>\n<\/ul>","protected":false},"excerpt":{"rendered":"<p>Aree fumatori negli aeroporti sudamericani Su questo sito web puoi trovare tutte le aree fumatori negli aeroporti sudamericani, comprese le aree fumatori designate e le strutture disponibili. Comprendiamo la frustrazione di passare attraverso la sicurezza solo per scoprire che non ci sono aree fumatori da nessuna parte e in alcuni casi le sigarette elettroniche potrebbero non essere consentite. Questo servizio\u2026&nbsp;<a href=\"https:\/\/airportsmokinglounge.com\/it\/fumare-negli-aeroporti-del-sud-america\/\" rel=\"bookmark\">Per saperne di pi\u00f9 &quot;<span class=\"screen-reader-text\">Fumare negli aeroporti del Sud America<\/span><\/a><\/p>","protected":false},"author":1,"featured_media":1202,"parent":0,"menu_order":0,"comment_status":"closed","ping_status":"closed","template":"","meta":{"neve_meta_sidebar":"","neve_meta_container":"","neve_meta_enable_content_width":"off","neve_meta_content_width":100,"neve_meta_title_alignment":"","neve_meta_author_avatar":"","neve_post_elements_order":"","neve_meta_disable_header":"","neve_meta_disable_footer":"","neve_meta_disable_title":"","neve_meta_reading_time":"","footnotes":""},"class_list":["post-62","page","type-page","status-publish","has-post-thumbnail","hentry"],"yoast_head":"<!-- This site is optimized with the Yoast SEO plugin v26.6 - https:\/\/yoast.com\/wordpress\/plugins\/seo\/ -->\n<title>Smoking in the Airports of South America<\/title>\n<meta name=\"description\" content=\"Smoking in the Airports of South America \u2714\ufe0e A Comprehensive Guide to Smoking Areas and Smoking Policies in Major South American Airports \u2714\ufe0e\" \/>\n<meta name=\"robots\" content=\"index, follow, max-snippet:-1, max-image-preview:large, max-video-preview:-1\" \/>\n<link rel=\"canonical\" href=\"https:\/\/airportsmokinglounge.com\/it\/fumare-negli-aeroporti-del-sud-america\/\" \/>\n<meta property=\"og:locale\" content=\"it_IT\" \/>\n<meta property=\"og:type\" content=\"article\" \/>\n<meta property=\"og:title\" content=\"Smoking in the Airports of South America\" \/>\n<meta property=\"og:description\" content=\"Smoking in the Airports of South America \u2714\ufe0e A Comprehensive Guide to Smoking Areas and Smoking Policies in Major South American Airports \u2714\ufe0e\" \/>\n<meta property=\"og:url\" content=\"https:\/\/airportsmokinglounge.com\/it\/fumare-negli-aeroporti-del-sud-america\/\" \/>\n<meta property=\"og:site_name\" content=\"airportsmokinglounge.com\" \/>\n<meta property=\"article:modified_time\" content=\"2023-05-22T20:23:19+00:00\" \/>\n<meta property=\"og:image\" content=\"https:\/\/airportsmokinglounge.com\/wp-content\/uploads\/2023\/03\/airport-smoking-lounge-7.jpg\" \/>\n\t<meta property=\"og:image:width\" content=\"2048\" \/>\n\t<meta property=\"og:image:height\" content=\"1152\" \/>\n\t<meta property=\"og:image:type\" content=\"image\/jpeg\" \/>\n<meta name=\"twitter:card\" content=\"summary_large_image\" \/>\n<meta name=\"twitter:label1\" content=\"Tempo di lettura stimato\" \/>\n\t<meta name=\"twitter:data1\" content=\"2 minuti\" \/>\n<script type=\"application\/ld+json\" class=\"yoast-schema-graph\">{\"@context\":\"https:\/\/schema.org\",\"@graph\":[{\"@type\":\"WebPage\",\"@id\":\"https:\/\/airportsmokinglounge.com\/smoking-in-the-airports-of-south-america\/\",\"url\":\"https:\/\/airportsmokinglounge.com\/smoking-in-the-airports-of-south-america\/\",\"name\":\"Smoking in the Airports of South America\",\"isPartOf\":{\"@id\":\"https:\/\/airportsmokinglounge.com\/#website\"},\"primaryImageOfPage\":{\"@id\":\"https:\/\/airportsmokinglounge.com\/smoking-in-the-airports-of-south-america\/#primaryimage\"},\"image\":{\"@id\":\"https:\/\/airportsmokinglounge.com\/smoking-in-the-airports-of-south-america\/#primaryimage\"},\"thumbnailUrl\":\"https:\/\/airportsmokinglounge.com\/wp-content\/uploads\/2023\/03\/airport-smoking-lounge-7.jpg\",\"datePublished\":\"2023-02-20T12:27:27+00:00\",\"dateModified\":\"2023-05-22T20:23:19+00:00\",\"description\":\"Smoking in the Airports of South America \u2714\ufe0e A Comprehensive Guide to Smoking Areas and Smoking Policies in Major South American Airports \u2714\ufe0e\",\"breadcrumb\":{\"@id\":\"https:\/\/airportsmokinglounge.com\/smoking-in-the-airports-of-south-america\/#breadcrumb\"},\"inLanguage\":\"it-IT\",\"potentialAction\":[{\"@type\":\"ReadAction\",\"target\":[\"https:\/\/airportsmokinglounge.com\/smoking-in-the-airports-of-south-america\/\"]}]},{\"@type\":\"ImageObject\",\"inLanguage\":\"it-IT\",\"@id\":\"https:\/\/airportsmokinglounge.com\/smoking-in-the-airports-of-south-america\/#primaryimage\",\"url\":\"https:\/\/airportsmokinglounge.com\/wp-content\/uploads\/2023\/03\/airport-smoking-lounge-7.jpg\",\"contentUrl\":\"https:\/\/airportsmokinglounge.com\/wp-content\/uploads\/2023\/03\/airport-smoking-lounge-7.jpg\",\"width\":2048,\"height\":1152,\"caption\":\"Airport Smoking areas\"},{\"@type\":\"BreadcrumbList\",\"@id\":\"https:\/\/airportsmokinglounge.com\/smoking-in-the-airports-of-south-america\/#breadcrumb\",\"itemListElement\":[{\"@type\":\"ListItem\",\"position\":1,\"name\":\"Home\",\"item\":\"https:\/\/airportsmokinglounge.com\/\"},{\"@type\":\"ListItem\",\"position\":2,\"name\":\"Smoking in the Airports of South America\"}]},{\"@type\":\"WebSite\",\"@id\":\"https:\/\/airportsmokinglounge.com\/#website\",\"url\":\"https:\/\/airportsmokinglounge.com\/\",\"name\":\"airportsmokinglounge.com\",\"description\":\"\",\"potentialAction\":[{\"@type\":\"SearchAction\",\"target\":{\"@type\":\"EntryPoint\",\"urlTemplate\":\"https:\/\/airportsmokinglounge.com\/?s={search_term_string}\"},\"query-input\":{\"@type\":\"PropertyValueSpecification\",\"valueRequired\":true,\"valueName\":\"search_term_string\"}}],\"inLanguage\":\"it-IT\"}]}<\/script>\n<!-- \/ Yoast SEO plugin. -->","yoast_head_json":{"title":"Fumare negli aeroporti del Sud America","description":"Fumare negli aeroporti del Sud America \u2714\ufe0e Una guida completa alle aree fumatori e alle politiche sul fumo nei principali aeroporti sudamericani \u2714\ufe0e","robots":{"index":"index","follow":"follow","max-snippet":"max-snippet:-1","max-image-preview":"max-image-preview:large","max-video-preview":"max-video-preview:-1"},"canonical":"https:\/\/airportsmokinglounge.com\/it\/fumare-negli-aeroporti-del-sud-america\/","og_locale":"it_IT","og_type":"article","og_title":"Smoking in the Airports of South America","og_description":"Smoking in the Airports of South America \u2714\ufe0e A Comprehensive Guide to Smoking Areas and Smoking Policies in Major South American Airports \u2714\ufe0e","og_url":"https:\/\/airportsmokinglounge.com\/it\/fumare-negli-aeroporti-del-sud-america\/","og_site_name":"airportsmokinglounge.com","article_modified_time":"2023-05-22T20:23:19+00:00","og_image":[{"width":2048,"height":1152,"url":"https:\/\/airportsmokinglounge.com\/wp-content\/uploads\/2023\/03\/airport-smoking-lounge-7.jpg","type":"image\/jpeg"}],"twitter_card":"summary_large_image","twitter_misc":{"Tempo di lettura stimato":"2 minuti"},"schema":{"@context":"https:\/\/schema.org","@graph":[{"@type":"WebPage","@id":"https:\/\/airportsmokinglounge.com\/smoking-in-the-airports-of-south-america\/","url":"https:\/\/airportsmokinglounge.com\/smoking-in-the-airports-of-south-america\/","name":"Fumare negli aeroporti del Sud America","isPartOf":{"@id":"https:\/\/airportsmokinglounge.com\/#website"},"primaryImageOfPage":{"@id":"https:\/\/airportsmokinglounge.com\/smoking-in-the-airports-of-south-america\/#primaryimage"},"image":{"@id":"https:\/\/airportsmokinglounge.com\/smoking-in-the-airports-of-south-america\/#primaryimage"},"thumbnailUrl":"https:\/\/airportsmokinglounge.com\/wp-content\/uploads\/2023\/03\/airport-smoking-lounge-7.jpg","datePublished":"2023-02-20T12:27:27+00:00","dateModified":"2023-05-22T20:23:19+00:00","description":"Fumare negli aeroporti del Sud America \u2714\ufe0e Una guida completa alle aree fumatori e alle politiche sul fumo nei principali aeroporti sudamericani \u2714\ufe0e","breadcrumb":{"@id":"https:\/\/airportsmokinglounge.com\/smoking-in-the-airports-of-south-america\/#breadcrumb"},"inLanguage":"it-IT","potentialAction":[{"@type":"ReadAction","target":["https:\/\/airportsmokinglounge.com\/smoking-in-the-airports-of-south-america\/"]}]},{"@type":"ImageObject","inLanguage":"it-IT","@id":"https:\/\/airportsmokinglounge.com\/smoking-in-the-airports-of-south-america\/#primaryimage","url":"https:\/\/airportsmokinglounge.com\/wp-content\/uploads\/2023\/03\/airport-smoking-lounge-7.jpg","contentUrl":"https:\/\/airportsmokinglounge.com\/wp-content\/uploads\/2023\/03\/airport-smoking-lounge-7.jpg","width":2048,"height":1152,"caption":"Airport Smoking areas"},{"@type":"BreadcrumbList","@id":"https:\/\/airportsmokinglounge.com\/smoking-in-the-airports-of-south-america\/#breadcrumb","itemListElement":[{"@type":"ListItem","position":1,"name":"Home","item":"https:\/\/airportsmokinglounge.com\/"},{"@type":"ListItem","position":2,"name":"Smoking in the Airports of South America"}]},{"@type":"WebSite","@id":"https:\/\/airportsmokinglounge.com\/#website","url":"https:\/\/airportsmokinglounge.com\/","name":"airportsmokinglounge.com","description":"","potentialAction":[{"@type":"SearchAction","target":{"@type":"EntryPoint","urlTemplate":"https:\/\/airportsmokinglounge.com\/?s={search_term_string}"},"query-input":{"@type":"PropertyValueSpecification","valueRequired":true,"valueName":"search_term_string"}}],"inLanguage":"it-IT"}]}},"_links":{"self":[{"href":"https:\/\/airportsmokinglounge.com\/it\/wp-json\/wp\/v2\/pages\/62","targetHints":{"allow":["GET"]}}],"collection":[{"href":"https:\/\/airportsmokinglounge.com\/it\/wp-json\/wp\/v2\/pages"}],"about":[{"href":"https:\/\/airportsmokinglounge.com\/it\/wp-json\/wp\/v2\/types\/page"}],"author":[{"embeddable":true,"href":"https:\/\/airportsmokinglounge.com\/it\/wp-json\/wp\/v2\/users\/1"}],"replies":[{"embeddable":true,"href":"https:\/\/airportsmokinglounge.com\/it\/wp-json\/wp\/v2\/comments?post=62"}],"version-history":[{"count":10,"href":"https:\/\/airportsmokinglounge.com\/it\/wp-json\/wp\/v2\/pages\/62\/revisions"}],"predecessor-version":[{"id":5809,"href":"https:\/\/airportsmokinglounge.com\/it\/wp-json\/wp\/v2\/pages\/62\/revisions\/5809"}],"wp:featuredmedia":[{"embeddable":true,"href":"https:\/\/airportsmokinglounge.com\/it\/wp-json\/wp\/v2\/media\/1202"}],"wp:attachment":[{"href":"https:\/\/airportsmokinglounge.com\/it\/wp-json\/wp\/v2\/media?parent=62"}],"curies":[{"name":"parola chiave","href":"https:\/\/api.w.org\/{rel}","templated":true}]}}