{"id":644,"date":"2023-03-15T20:15:54","date_gmt":"2023-03-15T19:15:54","guid":{"rendered":"https:\/\/airportsmokinglounge.com\/?page_id=644"},"modified":"2023-05-13T14:32:43","modified_gmt":"2023-05-13T12:32:43","slug":"smoking-areas-at-leeds-bradford-airport-lba","status":"publish","type":"page","link":"https:\/\/airportsmokinglounge.com\/it\/aree-fumatori-all-aeroporto-leeds-bradford-lba\/","title":{"rendered":"Aree fumatori all&#039;aeroporto di Leeds Bradford (LBA)"},"content":{"rendered":"<p>L&#039;aeroporto di Leeds Bradford (LBA) \u00e8 un aeroporto internazionale situato a Yeadon, un sobborgo di Leeds e Bradford, nel West Yorkshire, in Inghilterra. \u00c8 uno degli aeroporti pi\u00f9 grandi del nord dell&#039;Inghilterra e serve oltre 4 milioni di passeggeri all&#039;anno.<\/p>\n<p>Non \u00e8 consentito fumare in nessun punto dell&#039;edificio del terminal n\u00e9 all&#039;esterno nelle immediate vicinanze dell&#039;edificio. Presso LBA non sono presenti aree fumatori designate. Tuttavia, i passeggeri che desiderano fumare possono farlo nelle apposite aree esterne all&#039;edificio del terminal, situate a breve distanza dall&#039;ingresso.<\/p>\n<h2>Aree fumatori prima dei controlli di sicurezza<\/h2>\n<ul>\n<li><span style=\"font-size: 14pt;\">\u00c8 consentito fumare solo all&#039;esterno del terminal nelle aree designate<\/span><\/li>\n<\/ul>\n<h2>Aree fumatori dopo i controlli di sicurezza<\/h2>\n<ul>\n<li><span style=\"font-size: 14pt;\">Dopo i negozi duty free e Starbucks troverete le indicazioni per l&#039;area fumatori. Potrete accedere alla struttura dal primo piano o dal piano terra.<\/span><\/li>\n<\/ul>\n<p><span style=\"font-size: 12pt;\">Maggiori informazioni sul sito ufficiale<\/span><\/p>\n<ul>\n<li><span style=\"font-size: 12pt;\"><a href=\"https:\/\/www.leedsbradfordairport.co.uk\/\" target=\"_blank\" rel=\"noopener\">leedsbradfordairport.co.uk<\/a><\/span><\/li>\n<\/ul>\n<p><span style=\"font-size: 12pt;\"><strong>Inviaci un feedback<\/strong><\/span><\/p>\n<p><span style=\"font-size: 12pt;\">Se sei in aeroporto, sei pi\u00f9 che benvenuto a inviarci foto delle aree fumatori. Questo ci aiuter\u00e0 a riempire il nostro database pi\u00f9 velocemente. Puoi farlo <strong><a href=\"https:\/\/airportsmokinglounge.com\/it\/contatto\/\">Qui<\/a>.<\/strong> Le immagini sono pubblicate sul nostro sito, indicando la fonte dell&#039;immagine (nome). Sentiti libero di condividere queste foto con noi e con tutti i visitatori di airportsmokinglounge.com.<\/span><\/p>\n<h2>Legge sul fumo nel Regno Unito<\/h2>\n<p>La legge sul fumo nel Regno Unito \u00e8 disciplinata dall&#039;Health Act 2006, che vieta il fumo in luoghi pubblici e luoghi di lavoro chiusi, inclusi trasporti pubblici, ristoranti, bar e uffici. \u00c8 vietato fumare anche in alcune aree all&#039;aperto, come i cortili scolastici, i parchi giochi per bambini e gli ospedali.<\/p>\n<p>Inoltre, fumare in auto con persone di et\u00e0 inferiore ai 18 anni \u00e8 illegale e pu\u00f2 comportare una multa per il conducente. La legge vieta anche l&#039;uso delle sigarette elettroniche negli spazi pubblici chiusi, compresi i trasporti pubblici, e in alcune aree all&#039;aperto. \u00c8 illegale vendere prodotti del tabacco a chiunque abbia meno di 18 anni.<\/p>\n<h3>Domande frequenti<\/h3>\n<h4>Le aree fumatori in aeroporto sono disponibili 24 ore su 24, 7 giorni su 7?<\/h4>\n<p>La disponibilit\u00e0 delle aree fumatori aeroportuali pu\u00f2 variare a seconda dell&#039;aeroporto e della localit\u00e0. Alcune aree fumatori sono aperte 24 ore su 24, mentre altre possono avere orari limitati o essere chiuse in determinati orari. \u00c8 meglio verificare con l&#039;aeroporto o visitare il loro sito Web per informazioni specifiche sugli orari di apertura dell&#039;area fumatori.<\/p>\n<h4>\u00c8 consentito portare cibo e bevande nell&#039;area fumatori?<\/h4>\n<p>Questo pu\u00f2 dipendere dalla specifica area fumatori e dall&#039;aeroporto. Alcune aree fumatori possono consentire cibo e bevande dall&#039;esterno, mentre altre possono avere restrizioni o proibirle completamente. \u00c8 meglio verificare con l&#039;aeroporto o la segnaletica dell&#039;area fumatori per norme e regolamenti specifici.<\/p>\n<h4>\u00c8 consentito fumare in tutte le aree fumatori dell&#039;aeroporto?<\/h4>\n<p>Non tutte le aree fumatori aeroportuali possono consentire di fumare. Alcuni aeroporti possono avere aree designate per le sigarette elettroniche o lo svapo, che sono separate dalle tradizionali aree fumatori. Assicurati di controllare le norme e i regolamenti specifici per l&#039;area fumatori che intendi utilizzare.<\/p>\n<h4>Le aree fumatori sono climatizzate o riscaldate?<\/h4>\n<p>La temperatura e la ventilazione delle aree fumatori aeroportuali possono variare notevolmente. Alcuni possono essere climatizzati o riscaldati, mentre altri possono essere spazi all&#039;aperto con protezione limitata dagli elementi. Assicurati di verificare con l&#039;aeroporto o di visitare l&#039;area fumatori in anticipo per determinare le condizioni e prepararti di conseguenza.<\/p>\n<h4>Le aree fumatori sono accessibili ai viaggiatori con disabilit\u00e0?<\/h4>\n<p>Molti aeroporti hanno compiuto sforzi per rendere le loro aree fumatori accessibili ai viaggiatori con disabilit\u00e0. Tuttavia, l&#039;accessibilit\u00e0 di specifiche aree fumatori pu\u00f2 variare notevolmente. Assicurati di verificare con l&#039;aeroporto o visitare l&#039;area fumatori in anticipo per determinare se \u00e8 accessibile e soddisfa le tue esigenze.<\/p>\n<p><span style=\"font-size: 14pt;\"><strong>Altri aeroporti in Regno Unito \u2013 Inghilterra:<\/strong> <\/span><\/p>\n<ul>\n<li><a href=\"https:\/\/airportsmokinglounge.com\/it\/aree-fumatori-negli-aeroporti-regno-unito-inghilterra\/\"><span style=\"font-size: 14pt;\">Aeroporti Regno Unito \u2013 Inghilterra<\/span><\/a><\/li>\n<\/ul>\n<p><span style=\"font-size: 14pt;\"><strong>Aree fumatori in:<\/strong><\/span><\/p>\n<ul>\n<li><span style=\"font-size: 14pt;\"><a href=\"https:\/\/airportsmokinglounge.com\/it\/aree-fumatori-negli-aeroporti-europei\/\">aeroporti europei<\/a><\/span><\/li>\n<\/ul>","protected":false},"excerpt":{"rendered":"<p>L&#039;aeroporto di Leeds Bradford (LBA) \u00e8 un aeroporto internazionale situato a Yeadon, un sobborgo di Leeds e Bradford, nel West Yorkshire, in Inghilterra. \u00c8 uno degli aeroporti pi\u00f9 grandi del nord dell&#039;Inghilterra, con oltre 4 milioni di passeggeri all&#039;anno. \u00c8 vietato fumare all&#039;interno del terminal o nelle immediate vicinanze.&nbsp;<a href=\"https:\/\/airportsmokinglounge.com\/it\/aree-fumatori-all-aeroporto-leeds-bradford-lba\/\" rel=\"bookmark\">Per saperne di pi\u00f9 &quot;<span class=\"screen-reader-text\">Aree fumatori all&#039;aeroporto di Leeds Bradford (LBA)<\/span><\/a><\/p>","protected":false},"author":1,"featured_media":1199,"parent":0,"menu_order":0,"comment_status":"closed","ping_status":"closed","template":"","meta":{"neve_meta_sidebar":"","neve_meta_container":"","neve_meta_enable_content_width":"off","neve_meta_content_width":100,"neve_meta_title_alignment":"","neve_meta_author_avatar":"","neve_post_elements_order":"","neve_meta_disable_header":"","neve_meta_disable_footer":"","neve_meta_disable_title":"","neve_meta_reading_time":"","footnotes":""},"class_list":["post-644","page","type-page","status-publish","has-post-thumbnail","hentry"],"yoast_head":"<!-- This site is optimized with the Yoast SEO plugin v26.6 - https:\/\/yoast.com\/wordpress\/plugins\/seo\/ -->\n<title>Smoking areas at Leeds Bradford Airport (LBA)<\/title>\n<meta name=\"description\" content=\"Smoking areas Leeds Bradford Airport - Find a smoking area in the airport \u2714\ufe0e Smoking Guide in Airports: Information for Travelers \u2714\ufe0e\" \/>\n<meta name=\"robots\" content=\"index, follow, max-snippet:-1, max-image-preview:large, max-video-preview:-1\" \/>\n<link rel=\"canonical\" href=\"https:\/\/airportsmokinglounge.com\/it\/aree-fumatori-all-aeroporto-leeds-bradford-lba\/\" \/>\n<meta property=\"og:locale\" content=\"it_IT\" \/>\n<meta property=\"og:type\" content=\"article\" \/>\n<meta property=\"og:title\" content=\"Smoking areas at Leeds Bradford Airport (LBA)\" \/>\n<meta property=\"og:description\" content=\"Smoking areas Leeds Bradford Airport - Find a smoking area in the airport \u2714\ufe0e Smoking Guide in Airports: Information for Travelers \u2714\ufe0e\" \/>\n<meta property=\"og:url\" content=\"https:\/\/airportsmokinglounge.com\/it\/aree-fumatori-all-aeroporto-leeds-bradford-lba\/\" \/>\n<meta property=\"og:site_name\" content=\"airportsmokinglounge.com\" \/>\n<meta property=\"article:modified_time\" content=\"2023-05-13T12:32:43+00:00\" \/>\n<meta property=\"og:image\" content=\"https:\/\/airportsmokinglounge.com\/wp-content\/uploads\/2023\/03\/airport-smoking-lounge-4.jpg\" \/>\n\t<meta property=\"og:image:width\" content=\"2048\" \/>\n\t<meta property=\"og:image:height\" content=\"1152\" \/>\n\t<meta property=\"og:image:type\" content=\"image\/jpeg\" \/>\n<meta name=\"twitter:card\" content=\"summary_large_image\" \/>\n<meta name=\"twitter:label1\" content=\"Tempo di lettura stimato\" \/>\n\t<meta name=\"twitter:data1\" content=\"3 minuti\" \/>\n<script type=\"application\/ld+json\" class=\"yoast-schema-graph\">{\"@context\":\"https:\/\/schema.org\",\"@graph\":[{\"@type\":\"WebPage\",\"@id\":\"https:\/\/airportsmokinglounge.com\/smoking-areas-at-leeds-bradford-airport-lba\/\",\"url\":\"https:\/\/airportsmokinglounge.com\/smoking-areas-at-leeds-bradford-airport-lba\/\",\"name\":\"Smoking areas at Leeds Bradford Airport (LBA)\",\"isPartOf\":{\"@id\":\"https:\/\/airportsmokinglounge.com\/#website\"},\"primaryImageOfPage\":{\"@id\":\"https:\/\/airportsmokinglounge.com\/smoking-areas-at-leeds-bradford-airport-lba\/#primaryimage\"},\"image\":{\"@id\":\"https:\/\/airportsmokinglounge.com\/smoking-areas-at-leeds-bradford-airport-lba\/#primaryimage\"},\"thumbnailUrl\":\"https:\/\/airportsmokinglounge.com\/wp-content\/uploads\/2023\/03\/airport-smoking-lounge-4.jpg\",\"datePublished\":\"2023-03-15T19:15:54+00:00\",\"dateModified\":\"2023-05-13T12:32:43+00:00\",\"description\":\"Smoking areas Leeds Bradford Airport - Find a smoking area in the airport \u2714\ufe0e Smoking Guide in Airports: Information for Travelers \u2714\ufe0e\",\"breadcrumb\":{\"@id\":\"https:\/\/airportsmokinglounge.com\/smoking-areas-at-leeds-bradford-airport-lba\/#breadcrumb\"},\"inLanguage\":\"it-IT\",\"potentialAction\":[{\"@type\":\"ReadAction\",\"target\":[\"https:\/\/airportsmokinglounge.com\/smoking-areas-at-leeds-bradford-airport-lba\/\"]}]},{\"@type\":\"ImageObject\",\"inLanguage\":\"it-IT\",\"@id\":\"https:\/\/airportsmokinglounge.com\/smoking-areas-at-leeds-bradford-airport-lba\/#primaryimage\",\"url\":\"https:\/\/airportsmokinglounge.com\/wp-content\/uploads\/2023\/03\/airport-smoking-lounge-4.jpg\",\"contentUrl\":\"https:\/\/airportsmokinglounge.com\/wp-content\/uploads\/2023\/03\/airport-smoking-lounge-4.jpg\",\"width\":2048,\"height\":1152,\"caption\":\"Airport Smoking\"},{\"@type\":\"BreadcrumbList\",\"@id\":\"https:\/\/airportsmokinglounge.com\/smoking-areas-at-leeds-bradford-airport-lba\/#breadcrumb\",\"itemListElement\":[{\"@type\":\"ListItem\",\"position\":1,\"name\":\"Home\",\"item\":\"https:\/\/airportsmokinglounge.com\/\"},{\"@type\":\"ListItem\",\"position\":2,\"name\":\"Smoking areas at Leeds Bradford Airport (LBA)\"}]},{\"@type\":\"WebSite\",\"@id\":\"https:\/\/airportsmokinglounge.com\/#website\",\"url\":\"https:\/\/airportsmokinglounge.com\/\",\"name\":\"airportsmokinglounge.com\",\"description\":\"\",\"potentialAction\":[{\"@type\":\"SearchAction\",\"target\":{\"@type\":\"EntryPoint\",\"urlTemplate\":\"https:\/\/airportsmokinglounge.com\/?s={search_term_string}\"},\"query-input\":{\"@type\":\"PropertyValueSpecification\",\"valueRequired\":true,\"valueName\":\"search_term_string\"}}],\"inLanguage\":\"it-IT\"}]}<\/script>\n<!-- \/ Yoast SEO plugin. -->","yoast_head_json":{"title":"Aree fumatori all&#039;aeroporto di Leeds Bradford (LBA)","description":"Aree fumatori Aeroporto di Leeds Bradford - Trova un&#039;area fumatori in aeroporto \u2714\ufe0e Guida ai fumatori negli aeroporti: informazioni per i viaggiatori \u2714\ufe0e","robots":{"index":"index","follow":"follow","max-snippet":"max-snippet:-1","max-image-preview":"max-image-preview:large","max-video-preview":"max-video-preview:-1"},"canonical":"https:\/\/airportsmokinglounge.com\/it\/aree-fumatori-all-aeroporto-leeds-bradford-lba\/","og_locale":"it_IT","og_type":"article","og_title":"Smoking areas at Leeds Bradford Airport (LBA)","og_description":"Smoking areas Leeds Bradford Airport - Find a smoking area in the airport \u2714\ufe0e Smoking Guide in Airports: Information for Travelers \u2714\ufe0e","og_url":"https:\/\/airportsmokinglounge.com\/it\/aree-fumatori-all-aeroporto-leeds-bradford-lba\/","og_site_name":"airportsmokinglounge.com","article_modified_time":"2023-05-13T12:32:43+00:00","og_image":[{"width":2048,"height":1152,"url":"https:\/\/airportsmokinglounge.com\/wp-content\/uploads\/2023\/03\/airport-smoking-lounge-4.jpg","type":"image\/jpeg"}],"twitter_card":"summary_large_image","twitter_misc":{"Tempo di lettura stimato":"3 minuti"},"schema":{"@context":"https:\/\/schema.org","@graph":[{"@type":"WebPage","@id":"https:\/\/airportsmokinglounge.com\/smoking-areas-at-leeds-bradford-airport-lba\/","url":"https:\/\/airportsmokinglounge.com\/smoking-areas-at-leeds-bradford-airport-lba\/","name":"Aree fumatori all&#039;aeroporto di Leeds Bradford (LBA)","isPartOf":{"@id":"https:\/\/airportsmokinglounge.com\/#website"},"primaryImageOfPage":{"@id":"https:\/\/airportsmokinglounge.com\/smoking-areas-at-leeds-bradford-airport-lba\/#primaryimage"},"image":{"@id":"https:\/\/airportsmokinglounge.com\/smoking-areas-at-leeds-bradford-airport-lba\/#primaryimage"},"thumbnailUrl":"https:\/\/airportsmokinglounge.com\/wp-content\/uploads\/2023\/03\/airport-smoking-lounge-4.jpg","datePublished":"2023-03-15T19:15:54+00:00","dateModified":"2023-05-13T12:32:43+00:00","description":"Aree fumatori Aeroporto di Leeds Bradford - Trova un&#039;area fumatori in aeroporto \u2714\ufe0e Guida ai fumatori negli aeroporti: informazioni per i viaggiatori \u2714\ufe0e","breadcrumb":{"@id":"https:\/\/airportsmokinglounge.com\/smoking-areas-at-leeds-bradford-airport-lba\/#breadcrumb"},"inLanguage":"it-IT","potentialAction":[{"@type":"ReadAction","target":["https:\/\/airportsmokinglounge.com\/smoking-areas-at-leeds-bradford-airport-lba\/"]}]},{"@type":"ImageObject","inLanguage":"it-IT","@id":"https:\/\/airportsmokinglounge.com\/smoking-areas-at-leeds-bradford-airport-lba\/#primaryimage","url":"https:\/\/airportsmokinglounge.com\/wp-content\/uploads\/2023\/03\/airport-smoking-lounge-4.jpg","contentUrl":"https:\/\/airportsmokinglounge.com\/wp-content\/uploads\/2023\/03\/airport-smoking-lounge-4.jpg","width":2048,"height":1152,"caption":"Airport Smoking"},{"@type":"BreadcrumbList","@id":"https:\/\/airportsmokinglounge.com\/smoking-areas-at-leeds-bradford-airport-lba\/#breadcrumb","itemListElement":[{"@type":"ListItem","position":1,"name":"Home","item":"https:\/\/airportsmokinglounge.com\/"},{"@type":"ListItem","position":2,"name":"Smoking areas at Leeds Bradford Airport (LBA)"}]},{"@type":"WebSite","@id":"https:\/\/airportsmokinglounge.com\/#website","url":"https:\/\/airportsmokinglounge.com\/","name":"airportsmokinglounge.com","description":"","potentialAction":[{"@type":"SearchAction","target":{"@type":"EntryPoint","urlTemplate":"https:\/\/airportsmokinglounge.com\/?s={search_term_string}"},"query-input":{"@type":"PropertyValueSpecification","valueRequired":true,"valueName":"search_term_string"}}],"inLanguage":"it-IT"}]}},"_links":{"self":[{"href":"https:\/\/airportsmokinglounge.com\/it\/wp-json\/wp\/v2\/pages\/644","targetHints":{"allow":["GET"]}}],"collection":[{"href":"https:\/\/airportsmokinglounge.com\/it\/wp-json\/wp\/v2\/pages"}],"about":[{"href":"https:\/\/airportsmokinglounge.com\/it\/wp-json\/wp\/v2\/types\/page"}],"author":[{"embeddable":true,"href":"https:\/\/airportsmokinglounge.com\/it\/wp-json\/wp\/v2\/users\/1"}],"replies":[{"embeddable":true,"href":"https:\/\/airportsmokinglounge.com\/it\/wp-json\/wp\/v2\/comments?post=644"}],"version-history":[{"count":10,"href":"https:\/\/airportsmokinglounge.com\/it\/wp-json\/wp\/v2\/pages\/644\/revisions"}],"predecessor-version":[{"id":4957,"href":"https:\/\/airportsmokinglounge.com\/it\/wp-json\/wp\/v2\/pages\/644\/revisions\/4957"}],"wp:featuredmedia":[{"embeddable":true,"href":"https:\/\/airportsmokinglounge.com\/it\/wp-json\/wp\/v2\/media\/1199"}],"wp:attachment":[{"href":"https:\/\/airportsmokinglounge.com\/it\/wp-json\/wp\/v2\/media?parent=644"}],"curies":[{"name":"parola chiave","href":"https:\/\/api.w.org\/{rel}","templated":true}]}}