{"id":99,"date":"2023-02-21T20:39:57","date_gmt":"2023-02-21T19:39:57","guid":{"rendered":"https:\/\/airportsmokinglounge.com\/?page_id=99"},"modified":"2023-05-26T20:44:23","modified_gmt":"2023-05-26T18:44:23","slug":"smoking-areas-in-italian-airports","status":"publish","type":"page","link":"https:\/\/airportsmokinglounge.com\/it\/aree-fumatori-negli-aeroporti-italiani\/","title":{"rendered":"Aree fumatori negli aeroporti italiani"},"content":{"rendered":"<p>L&#039;Italia ospita diversi aeroporti che fungono da importanti gateway per i viaggiatori nazionali e internazionali.<\/p>\n<p>Su questo sito Web puoi trovare tutte le aree fumatori negli aeroporti, comprese le aree fumatori designate e le strutture disponibili. Comprendiamo la frustrazione di passare attraverso la sicurezza solo per scoprire che non ci sono aree fumatori da nessuna parte e in alcuni casi le sigarette elettroniche potrebbero non essere consentite.<\/p>\n<p>Questo servizio \u00e8 rivolto a tutti i fumatori che vogliono godersi una sigaretta prima o dopo un lungo volo.<\/p>\n<h2>Aeroporti Italiani<\/h2>\n<ul style=\"list-style-type: circle;\">\n<li><a href=\"https:\/\/airportsmokinglounge.com\/it\/aree-fumatori-a-roma-fiumicino-aeroporto-fco\/\">AEROPORTO DI ROMA FIUMICINO (FCO)<\/a><\/li>\n<li><a href=\"https:\/\/airportsmokinglounge.com\/it\/aree-fumatori-aeroporto-milano-malpensa-mxp\/\">AEROPORTO INTERNAZIONALE DI MILANO MALPENSA (MXP)<\/a><\/li>\n<li><a href=\"https:\/\/airportsmokinglounge.com\/it\/aree-fumatori-all-aeroporto-marco-polo-di-venezia-vce\/\">AEROPORTO MARCO POLO DI VENEZIA (VCE)<\/a><\/li>\n<li><a href=\"https:\/\/airportsmokinglounge.com\/it\/aree-fumatori-aeroporto-di-bologna-blq\/\">AEROPORTO DI BOLOGNA (BLQ)<\/a><\/li>\n<li><a href=\"https:\/\/airportsmokinglounge.com\/it\/aree-fumatori-all-aeroporto-internazionale-di-napoli-pisolino\/\">AEROPORTO INTERNAZIONALE DI NAPOLI N\u00c0POLI (NAP)<\/a><\/li>\n<li><a href=\"https:\/\/airportsmokinglounge.com\/it\/aree-fumatori-aeroporto-di-catania-cta\/\">AEROPORTO DI CATANIA-FONTANAROSSA (CTA)<\/a><\/li>\n<li><a href=\"https:\/\/airportsmokinglounge.com\/it\/aree-fumatori-aeroporto-di-milano-linate-lin\/\">AEROPORTO DI MILANO LINATE (LIN)<\/a><\/li>\n<li><a href=\"https:\/\/airportsmokinglounge.com\/it\/aree-fumatori-aeroporto-torino-trn\/\">AEROPORTO DI TORINO (TRN)<\/a><\/li>\n<li><a href=\"https:\/\/airportsmokinglounge.com\/it\/aree-fumatori-aeroporto-verona-vrn\/\">AEROPORTO DI VERONA VILLAFRANCA (VRN)<\/a><\/li>\n<li><a href=\"https:\/\/airportsmokinglounge.com\/it\/aree-fumatori-aeroporto-palermo-pmo\/\">AEROPORTO DI PALERMO (PMO)<\/a><\/li>\n<li><a href=\"https:\/\/airportsmokinglounge.com\/it\/aree-fumatori-aeroporto-pisa-psa\/\">AEROPORTO INTERNAZIONALE DI PISA (PSA)<\/a><\/li>\n<li><a href=\"https:\/\/airportsmokinglounge.com\/it\/aree-fumatori-dellaeroporto-di-bari-bri\/\">AEROPORTO DI BARI (BRI)<\/a><\/li>\n<li><a href=\"https:\/\/airportsmokinglounge.com\/it\/aree-fumatori-genova-aeroporto-goa\/\">GENOVA GENOVA AEROPORTO CRISTOFORO COLOMBO (GOA)<\/a><\/li>\n<li><a href=\"https:\/\/airportsmokinglounge.com\/it\/aree-fumatori-cagliari-elmas-cag\/\">AEROPORTO CAGLIARI ELMAS (CAG)<\/a><\/li>\n<li><a href=\"https:\/\/airportsmokinglounge.com\/it\/aree-fumatori-dellaeroporto-internazionale-di-bergamo-bgy\/\">AEROPORTO INTERNAZIONALE DI BERGAMO (BGY)<\/a><\/li>\n<li><a href=\"https:\/\/airportsmokinglounge.com\/it\/aree-fumatori-aeroporto-di-treviso-tsf\/\">AEROPORTO DI TREVISO (TSF)<\/a><\/li>\n<li><a href=\"https:\/\/airportsmokinglounge.com\/it\/aree-fumatori-aeroporto-roma-ciampino-cia\/\">AEROPORTO DI ROMA CIAMPINO (CIA)<\/a><\/li>\n<li><a href=\"https:\/\/airportsmokinglounge.com\/it\/aree-fumatori-all-aeroporto-di-firenze-flr\/\">AEROPORTO DI FIRENZE PERETOLA (FLR)<\/a><\/li>\n<li><a href=\"https:\/\/airportsmokinglounge.com\/it\/aree-fumatori-all-aeroporto-di-olbia-olb\/\">AEROPORTO DI OLBIA (OLB)<\/a><\/li>\n<li><a href=\"https:\/\/airportsmokinglounge.com\/it\/aree-fumatori-aeroporto-lamezia-suf\/\">AEROPORTO DI LAMEZIA TERME (SUF)<\/a><\/li>\n<li><a href=\"https:\/\/airportsmokinglounge.com\/it\/aree-fumatori-aeroporto-di-brindisi-bds\/\">BRINDISI \u2013 AEROPORTO DEL SALENTO (BDS)<\/a><\/li>\n<li><a href=\"https:\/\/airportsmokinglounge.com\/it\/aree-fumatori-aeroporto-di-ancona-aoi\/\">AEROPORTO DI ANCONA FALCONARA (AOI)<\/a><\/li>\n<li><a href=\"https:\/\/airportsmokinglounge.com\/it\/aree-fumatori-aeroporto-trieste-trs\/\">AEROPORTO DI TRIESTE (TRS)<\/a><\/li>\n<\/ul>\n<h2>La legge italiana sul fumo<\/h2>\n<p>\u00c8 vietato fumare nei luoghi pubblici al chiuso, inclusi gli aeroporti, ad eccezione delle aree fumatori appositamente designate e attrezzate per fumare. Queste aree sono generalmente chiuse e dispongono di adeguati sistemi di ventilazione per contenere e ridurre l&#039;esposizione al fumo passivo.<\/p>\n<p>\u00c8 obbligatorio per gli aeroporti e altri luoghi pubblici esporre cartelli ben visibili &quot;Vietato fumare&quot; nelle aree in cui \u00e8 vietato fumare. Questi segnali sono generalmente esposti agli ingressi, alle uscite e in altri luoghi ben visibili per informare le persone sulle norme sul fumo.<\/p>\n<p>Generalmente non \u00e8 consentito fumare in aree come terminal aeroportuali, aree di attesa, banchi del check-in, cancelli di imbarco e altri spazi interni in cui le persone si riuniscono. Tuttavia, in alcuni aeroporti potrebbero essere disponibili aree fumatori designate, dove i fumatori possono recarsi a fumare in conformit\u00e0 con la legge.<\/p>\n<p>Nelle aree esterne degli aeroporti \u00e8 generalmente consentito fumare a meno che non sia specificatamente vietato dalle normative locali. Tuttavia, \u00e8 sempre importante essere rispettosi degli altri e assicurarsi che il fumo non causi disagio o disagio ai non fumatori nelle vicinanze.<\/p>\n<p>Anche l&#039;uso delle sigarette elettroniche, o &quot;svapo&quot;, \u00e8 soggetto alle stesse norme del fumo di tabacco tradizionale. Pertanto, \u00e8 importante seguire le aree fumatori designate o le regole specifiche stabilite dalle autorit\u00e0 aeroportuali in merito all&#039;uso delle sigarette elettroniche.<\/p>\n<p>Si consiglia sempre di verificare la vigente normativa sul fumo presso le autorit\u00e0 competenti o di consultare fonti ufficiali per le informazioni pi\u00f9 aggiornate.<\/p>\n<p>&nbsp;<\/p>\n<div class=\"container single-page-container\">\n<div class=\"row\">\n<div class=\"nv-single-page-wrap col\">\n<div class=\"nv-content-wrap entry-content\">\n<p><strong>Altre aree fumatori in aeroporto\u00a0<\/strong><\/p>\n<ul>\n<li><a href=\"https:\/\/airportsmokinglounge.com\/it\/fumare-negli-aeroporti-del-nord-america\/\">Nord America<\/a><\/li>\n<li><a href=\"https:\/\/airportsmokinglounge.com\/it\/fumare-negli-aeroporti-del-sud-america\/\">Sud America<\/a><\/li>\n<li><a href=\"https:\/\/airportsmokinglounge.com\/it\/aree-fumatori-negli-aeroporti-europei\/\">Europa<\/a><\/li>\n<li><a href=\"https:\/\/airportsmokinglounge.com\/it\/fumare-negli-aeroporti-in-asia\/\">Asia<\/a><\/li>\n<li><a href=\"https:\/\/airportsmokinglounge.com\/it\/fumare-negli-aeroporti-delloceania\/\">Oceania<\/a><\/li>\n<li><a href=\"https:\/\/airportsmokinglounge.com\/it\/fumare-negli-aeroporti-in-africa\/\">Africa<\/a><\/li>\n<\/ul>\n<\/div>\n<\/div>\n<\/div>\n<\/div>\n<p>&nbsp;<\/p>\n<p>&nbsp;<\/p>\n<footer id=\"site-footer\" class=\"site-footer\">\n<div class=\"hfg_footer\">\n<div id=\"cb-row--footer-top\" class=\"footer--row footer-top layout-full-contained\" data-row-id=\"top\" data-show-on=\"desktop\">\n<div class=\"footer--row-inner footer-top-inner footer-content-wrap\">\n<div class=\"container\">\n<div class=\"hfg-grid nv-footer-content hfg-grid-top row--wrapper row\" data-section=\"hfg_footer_layout_top\">\n<div class=\"hfg-slot left\"><\/div>\n<\/div>\n<\/div>\n<\/div>\n<\/div>\n<\/div>\n<\/footer>","protected":false},"excerpt":{"rendered":"<p>L&#039;Italia ospita diversi aeroporti che rappresentano importanti punti di accesso per i viaggiatori nazionali e internazionali. Su questo sito web potete trovare tutte le aree fumatori negli aeroporti, comprese le aree fumatori designate e i servizi disponibili. Comprendiamo la frustrazione di passare i controlli di sicurezza e scoprire che non ci sono aree fumatori da nessuna parte e in...&nbsp;<a href=\"https:\/\/airportsmokinglounge.com\/it\/aree-fumatori-negli-aeroporti-italiani\/\" rel=\"bookmark\">Per saperne di pi\u00f9 &quot;<span class=\"screen-reader-text\">Aree fumatori negli aeroporti italiani<\/span><\/a><\/p>","protected":false},"author":1,"featured_media":1199,"parent":0,"menu_order":0,"comment_status":"closed","ping_status":"closed","template":"","meta":{"neve_meta_sidebar":"","neve_meta_container":"","neve_meta_enable_content_width":"off","neve_meta_content_width":100,"neve_meta_title_alignment":"","neve_meta_author_avatar":"","neve_post_elements_order":"","neve_meta_disable_header":"","neve_meta_disable_footer":"","neve_meta_disable_title":"","neve_meta_reading_time":"","footnotes":""},"class_list":["post-99","page","type-page","status-publish","has-post-thumbnail","hentry"],"yoast_head":"<!-- This site is optimized with the Yoast SEO plugin v26.6 - https:\/\/yoast.com\/wordpress\/plugins\/seo\/ -->\n<title>Smoking areas in Italian airports - airportsmokinglounge.com<\/title>\n<meta name=\"description\" content=\"Smoking Areas in Italian Airports - Your Ultimate Guide to Finding a Place to Smoke \u2714\ufe0e Find Your Next Smoke Break Spot \u2714\ufe0e\" \/>\n<meta name=\"robots\" content=\"index, follow, max-snippet:-1, max-image-preview:large, max-video-preview:-1\" \/>\n<link rel=\"canonical\" href=\"https:\/\/airportsmokinglounge.com\/it\/aree-fumatori-negli-aeroporti-italiani\/\" \/>\n<meta property=\"og:locale\" content=\"it_IT\" \/>\n<meta property=\"og:type\" content=\"article\" \/>\n<meta property=\"og:title\" content=\"Smoking areas in Italian airports - airportsmokinglounge.com\" \/>\n<meta property=\"og:description\" content=\"Smoking Areas in Italian Airports - Your Ultimate Guide to Finding a Place to Smoke \u2714\ufe0e Find Your Next Smoke Break Spot \u2714\ufe0e\" \/>\n<meta property=\"og:url\" content=\"https:\/\/airportsmokinglounge.com\/it\/aree-fumatori-negli-aeroporti-italiani\/\" \/>\n<meta property=\"og:site_name\" content=\"airportsmokinglounge.com\" \/>\n<meta property=\"article:modified_time\" content=\"2023-05-26T18:44:23+00:00\" \/>\n<meta property=\"og:image\" content=\"https:\/\/airportsmokinglounge.com\/wp-content\/uploads\/2023\/03\/airport-smoking-lounge-4.jpg\" \/>\n\t<meta property=\"og:image:width\" content=\"2048\" \/>\n\t<meta property=\"og:image:height\" content=\"1152\" \/>\n\t<meta property=\"og:image:type\" content=\"image\/jpeg\" \/>\n<meta name=\"twitter:card\" content=\"summary_large_image\" \/>\n<meta name=\"twitter:label1\" content=\"Tempo di lettura stimato\" \/>\n\t<meta name=\"twitter:data1\" content=\"2 minuti\" \/>\n<script type=\"application\/ld+json\" class=\"yoast-schema-graph\">{\"@context\":\"https:\/\/schema.org\",\"@graph\":[{\"@type\":\"WebPage\",\"@id\":\"https:\/\/airportsmokinglounge.com\/smoking-areas-in-italian-airports\/\",\"url\":\"https:\/\/airportsmokinglounge.com\/smoking-areas-in-italian-airports\/\",\"name\":\"Smoking areas in Italian airports - airportsmokinglounge.com\",\"isPartOf\":{\"@id\":\"https:\/\/airportsmokinglounge.com\/#website\"},\"primaryImageOfPage\":{\"@id\":\"https:\/\/airportsmokinglounge.com\/smoking-areas-in-italian-airports\/#primaryimage\"},\"image\":{\"@id\":\"https:\/\/airportsmokinglounge.com\/smoking-areas-in-italian-airports\/#primaryimage\"},\"thumbnailUrl\":\"https:\/\/airportsmokinglounge.com\/wp-content\/uploads\/2023\/03\/airport-smoking-lounge-4.jpg\",\"datePublished\":\"2023-02-21T19:39:57+00:00\",\"dateModified\":\"2023-05-26T18:44:23+00:00\",\"description\":\"Smoking Areas in Italian Airports - Your Ultimate Guide to Finding a Place to Smoke \u2714\ufe0e Find Your Next Smoke Break Spot \u2714\ufe0e\",\"breadcrumb\":{\"@id\":\"https:\/\/airportsmokinglounge.com\/smoking-areas-in-italian-airports\/#breadcrumb\"},\"inLanguage\":\"it-IT\",\"potentialAction\":[{\"@type\":\"ReadAction\",\"target\":[\"https:\/\/airportsmokinglounge.com\/smoking-areas-in-italian-airports\/\"]}]},{\"@type\":\"ImageObject\",\"inLanguage\":\"it-IT\",\"@id\":\"https:\/\/airportsmokinglounge.com\/smoking-areas-in-italian-airports\/#primaryimage\",\"url\":\"https:\/\/airportsmokinglounge.com\/wp-content\/uploads\/2023\/03\/airport-smoking-lounge-4.jpg\",\"contentUrl\":\"https:\/\/airportsmokinglounge.com\/wp-content\/uploads\/2023\/03\/airport-smoking-lounge-4.jpg\",\"width\":2048,\"height\":1152,\"caption\":\"Airport Smoking\"},{\"@type\":\"BreadcrumbList\",\"@id\":\"https:\/\/airportsmokinglounge.com\/smoking-areas-in-italian-airports\/#breadcrumb\",\"itemListElement\":[{\"@type\":\"ListItem\",\"position\":1,\"name\":\"Home\",\"item\":\"https:\/\/airportsmokinglounge.com\/\"},{\"@type\":\"ListItem\",\"position\":2,\"name\":\"Smoking areas in Italian airports\"}]},{\"@type\":\"WebSite\",\"@id\":\"https:\/\/airportsmokinglounge.com\/#website\",\"url\":\"https:\/\/airportsmokinglounge.com\/\",\"name\":\"airportsmokinglounge.com\",\"description\":\"\",\"potentialAction\":[{\"@type\":\"SearchAction\",\"target\":{\"@type\":\"EntryPoint\",\"urlTemplate\":\"https:\/\/airportsmokinglounge.com\/?s={search_term_string}\"},\"query-input\":{\"@type\":\"PropertyValueSpecification\",\"valueRequired\":true,\"valueName\":\"search_term_string\"}}],\"inLanguage\":\"it-IT\"}]}<\/script>\n<!-- \/ Yoast SEO plugin. -->","yoast_head_json":{"title":"Aree fumatori negli aeroporti italiani - airportsmokinglounge.com","description":"Aree fumatori negli aeroporti italiani - La tua guida definitiva per trovare un posto dove fumare \u2714\ufe0e Trova il tuo prossimo posto per fumare \u2714\ufe0e","robots":{"index":"index","follow":"follow","max-snippet":"max-snippet:-1","max-image-preview":"max-image-preview:large","max-video-preview":"max-video-preview:-1"},"canonical":"https:\/\/airportsmokinglounge.com\/it\/aree-fumatori-negli-aeroporti-italiani\/","og_locale":"it_IT","og_type":"article","og_title":"Smoking areas in Italian airports - airportsmokinglounge.com","og_description":"Smoking Areas in Italian Airports - Your Ultimate Guide to Finding a Place to Smoke \u2714\ufe0e Find Your Next Smoke Break Spot \u2714\ufe0e","og_url":"https:\/\/airportsmokinglounge.com\/it\/aree-fumatori-negli-aeroporti-italiani\/","og_site_name":"airportsmokinglounge.com","article_modified_time":"2023-05-26T18:44:23+00:00","og_image":[{"width":2048,"height":1152,"url":"https:\/\/airportsmokinglounge.com\/wp-content\/uploads\/2023\/03\/airport-smoking-lounge-4.jpg","type":"image\/jpeg"}],"twitter_card":"summary_large_image","twitter_misc":{"Tempo di lettura stimato":"2 minuti"},"schema":{"@context":"https:\/\/schema.org","@graph":[{"@type":"WebPage","@id":"https:\/\/airportsmokinglounge.com\/smoking-areas-in-italian-airports\/","url":"https:\/\/airportsmokinglounge.com\/smoking-areas-in-italian-airports\/","name":"Aree fumatori negli aeroporti italiani - airportsmokinglounge.com","isPartOf":{"@id":"https:\/\/airportsmokinglounge.com\/#website"},"primaryImageOfPage":{"@id":"https:\/\/airportsmokinglounge.com\/smoking-areas-in-italian-airports\/#primaryimage"},"image":{"@id":"https:\/\/airportsmokinglounge.com\/smoking-areas-in-italian-airports\/#primaryimage"},"thumbnailUrl":"https:\/\/airportsmokinglounge.com\/wp-content\/uploads\/2023\/03\/airport-smoking-lounge-4.jpg","datePublished":"2023-02-21T19:39:57+00:00","dateModified":"2023-05-26T18:44:23+00:00","description":"Aree fumatori negli aeroporti italiani - La tua guida definitiva per trovare un posto dove fumare \u2714\ufe0e Trova il tuo prossimo posto per fumare \u2714\ufe0e","breadcrumb":{"@id":"https:\/\/airportsmokinglounge.com\/smoking-areas-in-italian-airports\/#breadcrumb"},"inLanguage":"it-IT","potentialAction":[{"@type":"ReadAction","target":["https:\/\/airportsmokinglounge.com\/smoking-areas-in-italian-airports\/"]}]},{"@type":"ImageObject","inLanguage":"it-IT","@id":"https:\/\/airportsmokinglounge.com\/smoking-areas-in-italian-airports\/#primaryimage","url":"https:\/\/airportsmokinglounge.com\/wp-content\/uploads\/2023\/03\/airport-smoking-lounge-4.jpg","contentUrl":"https:\/\/airportsmokinglounge.com\/wp-content\/uploads\/2023\/03\/airport-smoking-lounge-4.jpg","width":2048,"height":1152,"caption":"Airport Smoking"},{"@type":"BreadcrumbList","@id":"https:\/\/airportsmokinglounge.com\/smoking-areas-in-italian-airports\/#breadcrumb","itemListElement":[{"@type":"ListItem","position":1,"name":"Home","item":"https:\/\/airportsmokinglounge.com\/"},{"@type":"ListItem","position":2,"name":"Smoking areas in Italian airports"}]},{"@type":"WebSite","@id":"https:\/\/airportsmokinglounge.com\/#website","url":"https:\/\/airportsmokinglounge.com\/","name":"airportsmokinglounge.com","description":"","potentialAction":[{"@type":"SearchAction","target":{"@type":"EntryPoint","urlTemplate":"https:\/\/airportsmokinglounge.com\/?s={search_term_string}"},"query-input":{"@type":"PropertyValueSpecification","valueRequired":true,"valueName":"search_term_string"}}],"inLanguage":"it-IT"}]}},"_links":{"self":[{"href":"https:\/\/airportsmokinglounge.com\/it\/wp-json\/wp\/v2\/pages\/99","targetHints":{"allow":["GET"]}}],"collection":[{"href":"https:\/\/airportsmokinglounge.com\/it\/wp-json\/wp\/v2\/pages"}],"about":[{"href":"https:\/\/airportsmokinglounge.com\/it\/wp-json\/wp\/v2\/types\/page"}],"author":[{"embeddable":true,"href":"https:\/\/airportsmokinglounge.com\/it\/wp-json\/wp\/v2\/users\/1"}],"replies":[{"embeddable":true,"href":"https:\/\/airportsmokinglounge.com\/it\/wp-json\/wp\/v2\/comments?post=99"}],"version-history":[{"count":10,"href":"https:\/\/airportsmokinglounge.com\/it\/wp-json\/wp\/v2\/pages\/99\/revisions"}],"predecessor-version":[{"id":6255,"href":"https:\/\/airportsmokinglounge.com\/it\/wp-json\/wp\/v2\/pages\/99\/revisions\/6255"}],"wp:featuredmedia":[{"embeddable":true,"href":"https:\/\/airportsmokinglounge.com\/it\/wp-json\/wp\/v2\/media\/1199"}],"wp:attachment":[{"href":"https:\/\/airportsmokinglounge.com\/it\/wp-json\/wp\/v2\/media?parent=99"}],"curies":[{"name":"parola chiave","href":"https:\/\/api.w.org\/{rel}","templated":true}]}}