{"id":1144,"date":"2023-03-22T14:13:33","date_gmt":"2023-03-22T13:13:33","guid":{"rendered":"https:\/\/airportsmokinglounge.com\/?page_id=1144"},"modified":"2023-05-23T17:33:09","modified_gmt":"2023-05-23T15:33:09","slug":"smoking-areas-at-ljubljana-airport-lju","status":"publish","type":"page","link":"https:\/\/airportsmokinglounge.com\/nl\/rookruimtes-op-ljubljana-airport-lju\/","title":{"rendered":"Rookruimtes op de luchthaven van Ljubljana (LJU)"},"content":{"rendered":"<p>Ljubljana Jo\u017ee Pu\u010dnik Airport (LJU), voorheen bekend als Brnik Airport, is de belangrijkste internationale luchthaven in Sloveni\u00eb. Het ligt ongeveer 26 kilometer ten noorden van de hoofdstad Ljubljana. De luchthaven fungeert als toegangspoort tot Sloveni\u00eb en biedt binnenlandse en internationale vluchten aan.<\/p>\n<p>Ljubljana Airport beschikt over een moderne passagiersterminal met een scala aan faciliteiten en diensten. In de terminal vindt u incheckbalies, veiligheidscontroles, bagageafhaalruimtes, douane- en immigratiediensten, belastingvrije winkels, restaurants, caf\u00e9s en autoverhuurdiensten. De terminal is ontworpen om reizigers een comfortabele en handige ervaring te bieden.<\/p>\n<h2>Rookruimtes voor de veiligheidscontrole<\/h2>\n<ul>\n<li><span style=\"font-size: 14pt;\">Roken is alleen toegestaan buiten de terminal<\/span><\/li>\n<\/ul>\n<h2>Rookruimtes na veiligheidscontrole<\/h2>\n<ul>\n<li><span style=\"font-size: 14pt;\">Er zijn rookruimtes bij Gate 4, niveau 1 in de terminal, na de veiligheidscontrole.<\/span><\/li>\n<\/ul>\n<p><span style=\"font-size: 14pt;\">Meer informatie op de offici\u00eble website<\/span><\/p>\n<ul>\n<li><a href=\"https:\/\/www.lju-airport.si\/sl\/\" target=\"_blank\" rel=\"noopener\">www.lju-airport.si<\/a><\/li>\n<\/ul>\n<p><strong><span style=\"font-size: 14pt;\">Stuur ons feedback<\/span><\/strong><\/p>\n<p><span style=\"font-size: 14pt;\">Als u zich op de luchthaven bevindt, bent u meer dan welkom om ons foto&#039;s van de rookruimtes te sturen. Dit zal ons helpen onze database sneller te vullen. Je kan dit doen <strong><a href=\"https:\/\/airportsmokinglounge.com\/nl\/contact\/\">Hier<\/a>.<\/strong> De afbeeldingen worden gepubliceerd op onze website, met vermelding van de bron van de afbeelding (naam). Deel deze foto&#039;s gerust met ons en alle bezoekers van airportsmokinglounge.com<\/span>.<\/p>\n<h2>Rookwet in Sloveni\u00eb<\/h2>\n<p>Sloveni\u00eb heeft rookwetten en -regelgeving ge\u00efmplementeerd om de volksgezondheid te beschermen en het tabaksgebruik terug te dringen. Houd er echter rekening mee dat de rookwetten in de loop van de tijd kunnen veranderen. Het is dus raadzaam om de meest recente wetgeving te raadplegen of de lokale autoriteiten te raadplegen voor de meest actuele informatie over de Sloveense rookwetten.<\/p>\n<p>In Sloveni\u00eb is roken over het algemeen verboden in afgesloten openbare plaatsen, inclusief binnenruimtes van restaurants, bars, caf\u00e9s, winkelcentra en overheidsgebouwen. Deze ruimtes zijn rookvrij en binnen is het niet toegestaan om te roken.<\/p>\n<p>Sloveni\u00eb heeft ook beperkingen ingevoerd op het roken in openbare ruimtes buitenshuis, zoals in de buurt van ingangen van gebouwen, bushaltes en openbare parken. Bovendien kan roken binnen bepaalde afstanden van bepaalde gebieden, zoals scholen en gezondheidsfaciliteiten, verboden zijn.<\/p>\n<h3>Veel Gestelde Vragen<\/h3>\n<h4>Zijn de rookruimtes op de luchthaven 24\/7 beschikbaar?<\/h4>\n<p>De beschikbaarheid van rookruimtes op luchthavens kan per luchthaven en locatie verschillen. Sommige rookruimtes zijn 24 uur per dag geopend, andere hebben beperkte openingstijden of zijn op bepaalde tijden gesloten. U kunt het beste contact opnemen met de luchthaven of hun website bezoeken voor specifieke informatie over de openingstijden van de rookruimte.<\/p>\n<h4>Mag ik mijn eigen eten en drinken meenemen in de rookruimte?<\/h4>\n<p>Dit kan afhangen van de specifieke rookruimte en luchthaven. In sommige rookruimtes is eten en drinken buiten toegestaan, terwijl andere beperkingen hebben of het helemaal verbieden. Het is het beste om de bewegwijzering van de luchthaven of de rookruimte te raadplegen voor specifieke regels en voorschriften.<\/p>\n<h4>Is roken toegestaan in alle rookruimtes op de luchthaven?<\/h4>\n<p>Niet in alle rookruimtes op de luchthaven is roken toegestaan. Sommige luchthavens hebben speciale ruimtes voor elektronische sigaretten of vapen, die gescheiden zijn van de traditionele rookruimtes. Zorg ervoor dat u de specifieke regels en voorschriften controleert voor de rookruimte die u van plan bent te gebruiken.<\/p>\n<h4>Zijn rookruimtes voorzien van airconditioning of verwarming?<\/h4>\n<p>De temperatuur en ventilatie van rookruimtes op luchthavens kan sterk vari\u00ebren. Sommige zijn voorzien van airconditioning of verwarming, terwijl andere openluchtruimten zijn met beperkte bescherming tegen de elementen. Neem van tevoren contact op met de luchthaven of bezoek de rookruimte om de voorwaarden te bepalen en dienovereenkomstig voor te bereiden.<\/p>\n<h4>Zijn rookruimtes toegankelijk voor reizigers met een handicap?<\/h4>\n<p>Veel luchthavens hebben zich ingespannen om hun rookruimtes toegankelijk te maken voor reizigers met een handicap. De toegankelijkheid van specifieke rookruimtes kan echter sterk verschillen. Neem zeker contact op met de luchthaven of bezoek de rookruimte van tevoren om te bepalen of deze toegankelijk is en aan uw behoeften voldoet.<\/p>\n<p><span style=\"font-size: 14pt;\"><strong>Meer luchthavens in Sloveni\u00eb:<\/strong> <\/span><\/p>\n<ul>\n<li><a href=\"https:\/\/airportsmokinglounge.com\/nl\/rookruimtes-op-sloveense-luchthavens\/\"><span style=\"font-size: 14pt;\">Sloveense luchthavens<\/span><\/a><\/li>\n<\/ul>\n<p><span style=\"font-size: 14pt;\"><strong>Rookruimtes in Europa<\/strong><\/span><\/p>\n<ul>\n<li><span style=\"font-size: 14pt;\"><a href=\"https:\/\/airportsmokinglounge.com\/nl\/rookruimtes-in-europese-luchthavens\/\">Europese luchthavens<\/a><\/span><\/li>\n<\/ul>","protected":false},"excerpt":{"rendered":"<p>Ljubljana Jo\u017ee Pu\u010dnik Airport (LJU), formerly known as Brnik Airport, is the main international airport in Slovenia. It is located approximately 26 kilometers (16 miles) north of the capital city, Ljubljana. The airport serves as a gateway to Slovenia and offers domestic and international flights. Ljubljana Airport features a modern passenger terminal with a range&hellip;&nbsp;<a href=\"https:\/\/airportsmokinglounge.com\/nl\/rookruimtes-op-ljubljana-airport-lju\/\" rel=\"bookmark\">Lees meer \u00bb<span class=\"screen-reader-text\">Rookruimtes op de luchthaven van Ljubljana (LJU)<\/span><\/a><\/p>","protected":false},"author":1,"featured_media":1199,"parent":0,"menu_order":0,"comment_status":"closed","ping_status":"closed","template":"","meta":{"neve_meta_sidebar":"","neve_meta_container":"","neve_meta_enable_content_width":"off","neve_meta_content_width":100,"neve_meta_title_alignment":"","neve_meta_author_avatar":"","neve_post_elements_order":"","neve_meta_disable_header":"","neve_meta_disable_footer":"","neve_meta_disable_title":"","neve_meta_reading_time":"","footnotes":""},"class_list":["post-1144","page","type-page","status-publish","has-post-thumbnail","hentry"],"yoast_head":"<!-- This site is optimized with the Yoast SEO plugin v26.6 - https:\/\/yoast.com\/wordpress\/plugins\/seo\/ -->\n<title>Smoking areas at Ljubljana Airport (LJU)<\/title>\n<meta name=\"description\" content=\"Smoking areas Ljubljana Airport - Find a smoking area in the airport \u2714\ufe0e Smoking Guide in Airports: Information for Travelers \u2714\ufe0e\" \/>\n<meta name=\"robots\" content=\"index, follow, max-snippet:-1, max-image-preview:large, max-video-preview:-1\" \/>\n<link rel=\"canonical\" href=\"https:\/\/airportsmokinglounge.com\/nl\/rookruimtes-op-ljubljana-airport-lju\/\" \/>\n<meta property=\"og:locale\" content=\"nl_NL\" \/>\n<meta property=\"og:type\" content=\"article\" \/>\n<meta property=\"og:title\" content=\"Smoking areas at Ljubljana Airport (LJU)\" \/>\n<meta property=\"og:description\" content=\"Smoking areas Ljubljana Airport - Find a smoking area in the airport \u2714\ufe0e Smoking Guide in Airports: Information for Travelers \u2714\ufe0e\" \/>\n<meta property=\"og:url\" content=\"https:\/\/airportsmokinglounge.com\/nl\/rookruimtes-op-ljubljana-airport-lju\/\" \/>\n<meta property=\"og:site_name\" content=\"airportsmokinglounge.com\" \/>\n<meta property=\"article:modified_time\" content=\"2023-05-23T15:33:09+00:00\" \/>\n<meta property=\"og:image\" content=\"https:\/\/airportsmokinglounge.com\/wp-content\/uploads\/2023\/03\/airport-smoking-lounge-4.jpg\" \/>\n\t<meta property=\"og:image:width\" content=\"2048\" \/>\n\t<meta property=\"og:image:height\" content=\"1152\" \/>\n\t<meta property=\"og:image:type\" content=\"image\/jpeg\" \/>\n<meta name=\"twitter:card\" content=\"summary_large_image\" \/>\n<meta name=\"twitter:label1\" content=\"Geschatte leestijd\" \/>\n\t<meta name=\"twitter:data1\" content=\"3 minuten\" \/>\n<script type=\"application\/ld+json\" class=\"yoast-schema-graph\">{\"@context\":\"https:\/\/schema.org\",\"@graph\":[{\"@type\":\"WebPage\",\"@id\":\"https:\/\/airportsmokinglounge.com\/smoking-areas-at-ljubljana-airport-lju\/\",\"url\":\"https:\/\/airportsmokinglounge.com\/smoking-areas-at-ljubljana-airport-lju\/\",\"name\":\"Smoking areas at Ljubljana Airport (LJU)\",\"isPartOf\":{\"@id\":\"https:\/\/airportsmokinglounge.com\/#website\"},\"primaryImageOfPage\":{\"@id\":\"https:\/\/airportsmokinglounge.com\/smoking-areas-at-ljubljana-airport-lju\/#primaryimage\"},\"image\":{\"@id\":\"https:\/\/airportsmokinglounge.com\/smoking-areas-at-ljubljana-airport-lju\/#primaryimage\"},\"thumbnailUrl\":\"https:\/\/airportsmokinglounge.com\/wp-content\/uploads\/2023\/03\/airport-smoking-lounge-4.jpg\",\"datePublished\":\"2023-03-22T13:13:33+00:00\",\"dateModified\":\"2023-05-23T15:33:09+00:00\",\"description\":\"Smoking areas Ljubljana Airport - Find a smoking area in the airport \u2714\ufe0e Smoking Guide in Airports: Information for Travelers \u2714\ufe0e\",\"breadcrumb\":{\"@id\":\"https:\/\/airportsmokinglounge.com\/smoking-areas-at-ljubljana-airport-lju\/#breadcrumb\"},\"inLanguage\":\"nl-NL\",\"potentialAction\":[{\"@type\":\"ReadAction\",\"target\":[\"https:\/\/airportsmokinglounge.com\/smoking-areas-at-ljubljana-airport-lju\/\"]}]},{\"@type\":\"ImageObject\",\"inLanguage\":\"nl-NL\",\"@id\":\"https:\/\/airportsmokinglounge.com\/smoking-areas-at-ljubljana-airport-lju\/#primaryimage\",\"url\":\"https:\/\/airportsmokinglounge.com\/wp-content\/uploads\/2023\/03\/airport-smoking-lounge-4.jpg\",\"contentUrl\":\"https:\/\/airportsmokinglounge.com\/wp-content\/uploads\/2023\/03\/airport-smoking-lounge-4.jpg\",\"width\":2048,\"height\":1152,\"caption\":\"Airport Smoking\"},{\"@type\":\"BreadcrumbList\",\"@id\":\"https:\/\/airportsmokinglounge.com\/smoking-areas-at-ljubljana-airport-lju\/#breadcrumb\",\"itemListElement\":[{\"@type\":\"ListItem\",\"position\":1,\"name\":\"Home\",\"item\":\"https:\/\/airportsmokinglounge.com\/\"},{\"@type\":\"ListItem\",\"position\":2,\"name\":\"Smoking areas at Ljubljana Airport (LJU)\"}]},{\"@type\":\"WebSite\",\"@id\":\"https:\/\/airportsmokinglounge.com\/#website\",\"url\":\"https:\/\/airportsmokinglounge.com\/\",\"name\":\"airportsmokinglounge.com\",\"description\":\"\",\"potentialAction\":[{\"@type\":\"SearchAction\",\"target\":{\"@type\":\"EntryPoint\",\"urlTemplate\":\"https:\/\/airportsmokinglounge.com\/?s={search_term_string}\"},\"query-input\":{\"@type\":\"PropertyValueSpecification\",\"valueRequired\":true,\"valueName\":\"search_term_string\"}}],\"inLanguage\":\"nl-NL\"}]}<\/script>\n<!-- \/ Yoast SEO plugin. -->","yoast_head_json":{"title":"Rookruimtes op de luchthaven van Ljubljana (LJU)","description":"Rookruimtes Ljubljana Airport - Zoek een rookruimte op de luchthaven \u2714\ufe0e Rookgids op luchthavens: informatie voor reizigers \u2714\ufe0e","robots":{"index":"index","follow":"follow","max-snippet":"max-snippet:-1","max-image-preview":"max-image-preview:large","max-video-preview":"max-video-preview:-1"},"canonical":"https:\/\/airportsmokinglounge.com\/nl\/rookruimtes-op-ljubljana-airport-lju\/","og_locale":"nl_NL","og_type":"article","og_title":"Smoking areas at Ljubljana Airport (LJU)","og_description":"Smoking areas Ljubljana Airport - Find a smoking area in the airport \u2714\ufe0e Smoking Guide in Airports: Information for Travelers \u2714\ufe0e","og_url":"https:\/\/airportsmokinglounge.com\/nl\/rookruimtes-op-ljubljana-airport-lju\/","og_site_name":"airportsmokinglounge.com","article_modified_time":"2023-05-23T15:33:09+00:00","og_image":[{"width":2048,"height":1152,"url":"https:\/\/airportsmokinglounge.com\/wp-content\/uploads\/2023\/03\/airport-smoking-lounge-4.jpg","type":"image\/jpeg"}],"twitter_card":"summary_large_image","twitter_misc":{"Geschatte leestijd":"3 minuten"},"schema":{"@context":"https:\/\/schema.org","@graph":[{"@type":"WebPage","@id":"https:\/\/airportsmokinglounge.com\/smoking-areas-at-ljubljana-airport-lju\/","url":"https:\/\/airportsmokinglounge.com\/smoking-areas-at-ljubljana-airport-lju\/","name":"Rookruimtes op de luchthaven van Ljubljana (LJU)","isPartOf":{"@id":"https:\/\/airportsmokinglounge.com\/#website"},"primaryImageOfPage":{"@id":"https:\/\/airportsmokinglounge.com\/smoking-areas-at-ljubljana-airport-lju\/#primaryimage"},"image":{"@id":"https:\/\/airportsmokinglounge.com\/smoking-areas-at-ljubljana-airport-lju\/#primaryimage"},"thumbnailUrl":"https:\/\/airportsmokinglounge.com\/wp-content\/uploads\/2023\/03\/airport-smoking-lounge-4.jpg","datePublished":"2023-03-22T13:13:33+00:00","dateModified":"2023-05-23T15:33:09+00:00","description":"Rookruimtes Ljubljana Airport - Zoek een rookruimte op de luchthaven \u2714\ufe0e Rookgids op luchthavens: informatie voor reizigers \u2714\ufe0e","breadcrumb":{"@id":"https:\/\/airportsmokinglounge.com\/smoking-areas-at-ljubljana-airport-lju\/#breadcrumb"},"inLanguage":"nl-NL","potentialAction":[{"@type":"ReadAction","target":["https:\/\/airportsmokinglounge.com\/smoking-areas-at-ljubljana-airport-lju\/"]}]},{"@type":"ImageObject","inLanguage":"nl-NL","@id":"https:\/\/airportsmokinglounge.com\/smoking-areas-at-ljubljana-airport-lju\/#primaryimage","url":"https:\/\/airportsmokinglounge.com\/wp-content\/uploads\/2023\/03\/airport-smoking-lounge-4.jpg","contentUrl":"https:\/\/airportsmokinglounge.com\/wp-content\/uploads\/2023\/03\/airport-smoking-lounge-4.jpg","width":2048,"height":1152,"caption":"Airport Smoking"},{"@type":"BreadcrumbList","@id":"https:\/\/airportsmokinglounge.com\/smoking-areas-at-ljubljana-airport-lju\/#breadcrumb","itemListElement":[{"@type":"ListItem","position":1,"name":"Home","item":"https:\/\/airportsmokinglounge.com\/"},{"@type":"ListItem","position":2,"name":"Smoking areas at Ljubljana Airport (LJU)"}]},{"@type":"WebSite","@id":"https:\/\/airportsmokinglounge.com\/#website","url":"https:\/\/airportsmokinglounge.com\/","name":"luchthavenrokenlounge.com","description":"","potentialAction":[{"@type":"SearchAction","target":{"@type":"EntryPoint","urlTemplate":"https:\/\/airportsmokinglounge.com\/?s={search_term_string}"},"query-input":{"@type":"PropertyValueSpecification","valueRequired":true,"valueName":"search_term_string"}}],"inLanguage":"nl-NL"}]}},"_links":{"self":[{"href":"https:\/\/airportsmokinglounge.com\/nl\/wp-json\/wp\/v2\/pages\/1144","targetHints":{"allow":["GET"]}}],"collection":[{"href":"https:\/\/airportsmokinglounge.com\/nl\/wp-json\/wp\/v2\/pages"}],"about":[{"href":"https:\/\/airportsmokinglounge.com\/nl\/wp-json\/wp\/v2\/types\/page"}],"author":[{"embeddable":true,"href":"https:\/\/airportsmokinglounge.com\/nl\/wp-json\/wp\/v2\/users\/1"}],"replies":[{"embeddable":true,"href":"https:\/\/airportsmokinglounge.com\/nl\/wp-json\/wp\/v2\/comments?post=1144"}],"version-history":[{"count":6,"href":"https:\/\/airportsmokinglounge.com\/nl\/wp-json\/wp\/v2\/pages\/1144\/revisions"}],"predecessor-version":[{"id":5991,"href":"https:\/\/airportsmokinglounge.com\/nl\/wp-json\/wp\/v2\/pages\/1144\/revisions\/5991"}],"wp:featuredmedia":[{"embeddable":true,"href":"https:\/\/airportsmokinglounge.com\/nl\/wp-json\/wp\/v2\/media\/1199"}],"wp:attachment":[{"href":"https:\/\/airportsmokinglounge.com\/nl\/wp-json\/wp\/v2\/media?parent=1144"}],"curies":[{"name":"wp","href":"https:\/\/api.w.org\/{rel}","templated":true}]}}