{"id":1886,"date":"2023-04-08T10:09:34","date_gmt":"2023-04-08T08:09:34","guid":{"rendered":"https:\/\/airportsmokinglounge.com\/?page_id=1886"},"modified":"2023-05-16T09:04:50","modified_gmt":"2023-05-16T07:04:50","slug":"smoking-areas-at-bali-denpasar-international-airport-dps","status":"publish","type":"page","link":"https:\/\/airportsmokinglounge.com\/nl\/rookruimtes-op-bali-denpasar-international-airport-dps\/","title":{"rendered":"Rookruimtes op Bali Denpasar International Airport (DPS)"},"content":{"rendered":"<p>Bali Denpasar International Airport, ook wel bekend als Ngurah Rai International Airport, heeft de IATA-code DPS. Het is de belangrijkste luchthaven die Bali, de populaire toeristische bestemming van Indonesi\u00eb, bedient. Gelegen in het zuidelijke deel van Bali, ongeveer 13 kilometer ten zuiden van Denpasar, de hoofdstad van Bali, is de internationale luchthaven Ngurah Rai een belangrijke toegangspoort voor reizigers die het eiland bezoeken.<\/p>\n<h2>Rookruimtes voor de veiligheidscontrole<\/h2>\n<ul>\n<li><span style=\"font-size: 14pt;\">Roken is alleen toegestaan buiten de terminal<\/span><\/li>\n<\/ul>\n<h2>Rookruimtes na veiligheidscontrole<\/h2>\n<ul>\n<li><span style=\"font-size: 14pt;\">Momenteel is er geen informatie beschikbaar over rookfaciliteiten op de luchthaven.<\/span><\/li>\n<\/ul>\n<p><span style=\"font-size: 14pt;\">Meer informatie op de offici\u00eble website<\/span><\/p>\n<ul>\n<li><a href=\"https:\/\/bali-airport.com\/id\" target=\"_blank\" rel=\"noopener\">www.bali-airport.com<\/a><\/li>\n<\/ul>\n<p><strong><span style=\"font-size: 14pt;\">Stuur ons feedback<\/span><\/strong><\/p>\n<p><span style=\"font-size: 14pt;\">Als u op de luchthaven van Bali bent, bent u van harte welkom om ons foto&#039;s van de rookruimtes te sturen. Hierdoor kunnen we onze database sneller vullen. Je kan dit doen <strong><a href=\"https:\/\/airportsmokinglounge.com\/nl\/contact\/\">Hier<\/a>.<\/strong> De afbeeldingen worden gepubliceerd op onze website, met vermelding van de bron van de afbeelding (naam). Deel deze foto&#039;s gerust met ons en alle bezoekers van airportsmokinglounge.com<\/span>.<\/p>\n<h2>Rookwet Indonesi\u00eb<\/h2>\n<p>Indonesi\u00eb heeft rookvoorschriften ingevoerd om de volksgezondheidsproblemen in verband met tabaksgebruik aan te pakken. Het is echter belangrijk op te merken dat de wet- en regelgeving op het gebied van roken in Indonesi\u00eb per regio kan vari\u00ebren en dat de handhaving ook kan vari\u00ebren.<\/p>\n<p>In Indonesi\u00eb zijn de rookbeperkingen over het algemeen gericht op bepaalde openbare binnenruimtes, zoals overheidsgebouwen, gezondheidszorginstellingen, onderwijsinstellingen en openbaar vervoer. Er kunnen echter verschillen zijn in de implementatie en handhaving van deze beperkingen.<\/p>\n<p>De verkoop van tabaksproducten aan minderjarigen onder de 18 jaar is in Indonesi\u00eb verboden, maar de handhaving kan vanwege verschillende factoren lastig zijn.<\/p>\n<p>Indonesi\u00eb heeft een aantal regels ingevoerd op het gebied van reclame, promotie en sponsoring voor tabak, maar deze regels zijn mogelijk niet zo uitgebreid als in sommige andere landen.<\/p>\n<p>In Indonesi\u00eb zijn pogingen ondernomen om het publieke bewustzijn over de gezondheidsrisico&#039;s van roken te vergroten, waaronder gezondheidscampagnes en waarschuwingsetiketten op sigarettenverpakkingen. Het land kent momenteel echter geen grafische gezondheidswaarschuwingen op tabaksproducten.<\/p>\n<p>Het is vermeldenswaard dat roken relatief gebruikelijk is in Indonesi\u00eb, en het is een grote uitdaging om de rookregels op alle gebieden volledig te handhaven.<\/p>\n<p>Voor de meest nauwkeurige en actuele informatie over de rookwetten in specifieke steden of regio&#039;s binnen Indonesi\u00eb raden we je aan de lokale regelgeving te raadplegen of contact op te nemen met de lokale autoriteiten of gezondheidsorganisaties.<\/p>\n<h3>Veel Gestelde Vragen<\/h3>\n<h4>Zijn de rookruimtes op de luchthaven 24\/7 beschikbaar?<\/h4>\n<p>De beschikbaarheid van rookruimtes op luchthavens kan per luchthaven en locatie verschillen. Sommige rookruimtes zijn 24 uur per dag geopend, andere hebben beperkte openingstijden of zijn op bepaalde tijden gesloten. U kunt het beste contact opnemen met de luchthaven of hun website bezoeken voor specifieke informatie over de openingstijden van de rookruimte.<\/p>\n<h4>Mag ik mijn eigen eten en drinken meenemen in de rookruimte?<\/h4>\n<p>Dit kan afhangen van de specifieke rookruimte en luchthaven. In sommige rookruimtes is eten en drinken buiten toegestaan, terwijl andere beperkingen hebben of het helemaal verbieden. Het is het beste om de bewegwijzering van de luchthaven of de rookruimte te raadplegen voor specifieke regels en voorschriften.<\/p>\n<h4>Is roken toegestaan in alle rookruimtes op de luchthaven?<\/h4>\n<p>Niet in alle rookruimtes op de luchthaven is roken toegestaan. Sommige luchthavens hebben speciale ruimtes voor elektronische sigaretten of vapen, die gescheiden zijn van de traditionele rookruimtes. Zorg ervoor dat u de specifieke regels en voorschriften controleert voor de rookruimte die u van plan bent te gebruiken.<\/p>\n<h4>Zijn rookruimtes voorzien van airconditioning of verwarming?<\/h4>\n<p>De temperatuur en ventilatie van rookruimtes op luchthavens kan sterk vari\u00ebren. Sommige zijn voorzien van airconditioning of verwarming, terwijl andere openluchtruimten zijn met beperkte bescherming tegen de elementen. Neem van tevoren contact op met de luchthaven of bezoek de rookruimte om de voorwaarden te bepalen en dienovereenkomstig voor te bereiden.<\/p>\n<h4>Zijn rookruimtes toegankelijk voor reizigers met een handicap?<\/h4>\n<p>Veel luchthavens hebben zich ingespannen om hun rookruimtes toegankelijk te maken voor reizigers met een handicap. De toegankelijkheid van specifieke rookruimtes kan echter sterk verschillen. Neem zeker contact op met de luchthaven of bezoek de rookruimte van tevoren om te bepalen of deze toegankelijk is en aan uw behoeften voldoet.<\/p>\n<p><strong>Meer luchthavens in Indonesi\u00eb:<\/strong><\/p>\n<ul>\n<li><a href=\"https:\/\/airportsmokinglounge.com\/nl\/rookruimtes-in-indonesie-luchthavens\/\">Luchthavens in Indonesi\u00eb<\/a><\/li>\n<\/ul>\n<p><strong>Rookruimtes in Azi\u00eb<\/strong><\/p>\n<ul>\n<li><a href=\"https:\/\/airportsmokinglounge.com\/nl\/roken-op-luchthavens-in-azie\/\">Aziatische luchthavens<\/a><\/li>\n<\/ul>","protected":false},"excerpt":{"rendered":"<p>Bali Denpasar International Airport, also known as Ngurah Rai International Airport, has the IATA code DPS. It is the main airport serving Bali, Indonesia&#8217;s popular tourist destination. Located in the southern part of Bali, approximately 13 kilometers south of Denpasar, the capital city of Bali, Ngurah Rai International Airport is a major gateway for travelers&hellip;&nbsp;<a href=\"https:\/\/airportsmokinglounge.com\/nl\/rookruimtes-op-bali-denpasar-international-airport-dps\/\" rel=\"bookmark\">Lees meer \u00bb<span class=\"screen-reader-text\">Rookruimtes op Bali Denpasar International Airport (DPS)<\/span><\/a><\/p>","protected":false},"author":1,"featured_media":1199,"parent":0,"menu_order":0,"comment_status":"closed","ping_status":"closed","template":"","meta":{"neve_meta_sidebar":"","neve_meta_container":"","neve_meta_enable_content_width":"off","neve_meta_content_width":100,"neve_meta_title_alignment":"","neve_meta_author_avatar":"","neve_post_elements_order":"","neve_meta_disable_header":"","neve_meta_disable_footer":"","neve_meta_disable_title":"","neve_meta_reading_time":"","footnotes":""},"class_list":["post-1886","page","type-page","status-publish","has-post-thumbnail","hentry"],"yoast_head":"<!-- This site is optimized with the Yoast SEO plugin v26.6 - https:\/\/yoast.com\/wordpress\/plugins\/seo\/ -->\n<title>Smoking areas at Bali Denpasar International Airport (DPS)<\/title>\n<meta name=\"description\" content=\"Smoking areas Bali Denpasar International Airport - Find a smoking area in the airport \u2714\ufe0e Smoking Guide in Airports for Travelers \u2714\ufe0e\" \/>\n<meta name=\"robots\" content=\"index, follow, max-snippet:-1, max-image-preview:large, max-video-preview:-1\" \/>\n<link rel=\"canonical\" href=\"https:\/\/airportsmokinglounge.com\/nl\/rookruimtes-op-bali-denpasar-international-airport-dps\/\" \/>\n<meta property=\"og:locale\" content=\"nl_NL\" \/>\n<meta property=\"og:type\" content=\"article\" \/>\n<meta property=\"og:title\" content=\"Smoking areas at Bali Denpasar International Airport (DPS)\" \/>\n<meta property=\"og:description\" content=\"Smoking areas Bali Denpasar International Airport - Find a smoking area in the airport \u2714\ufe0e Smoking Guide in Airports for Travelers \u2714\ufe0e\" \/>\n<meta property=\"og:url\" content=\"https:\/\/airportsmokinglounge.com\/nl\/rookruimtes-op-bali-denpasar-international-airport-dps\/\" \/>\n<meta property=\"og:site_name\" content=\"airportsmokinglounge.com\" \/>\n<meta property=\"article:modified_time\" content=\"2023-05-16T07:04:50+00:00\" \/>\n<meta property=\"og:image\" content=\"https:\/\/airportsmokinglounge.com\/wp-content\/uploads\/2023\/03\/airport-smoking-lounge-4.jpg\" \/>\n\t<meta property=\"og:image:width\" content=\"2048\" \/>\n\t<meta property=\"og:image:height\" content=\"1152\" \/>\n\t<meta property=\"og:image:type\" content=\"image\/jpeg\" \/>\n<meta name=\"twitter:card\" content=\"summary_large_image\" \/>\n<meta name=\"twitter:label1\" content=\"Geschatte leestijd\" \/>\n\t<meta name=\"twitter:data1\" content=\"3 minuten\" \/>\n<script type=\"application\/ld+json\" class=\"yoast-schema-graph\">{\"@context\":\"https:\/\/schema.org\",\"@graph\":[{\"@type\":\"WebPage\",\"@id\":\"https:\/\/airportsmokinglounge.com\/smoking-areas-at-bali-denpasar-international-airport-dps\/\",\"url\":\"https:\/\/airportsmokinglounge.com\/smoking-areas-at-bali-denpasar-international-airport-dps\/\",\"name\":\"Smoking areas at Bali Denpasar International Airport (DPS)\",\"isPartOf\":{\"@id\":\"https:\/\/airportsmokinglounge.com\/#website\"},\"primaryImageOfPage\":{\"@id\":\"https:\/\/airportsmokinglounge.com\/smoking-areas-at-bali-denpasar-international-airport-dps\/#primaryimage\"},\"image\":{\"@id\":\"https:\/\/airportsmokinglounge.com\/smoking-areas-at-bali-denpasar-international-airport-dps\/#primaryimage\"},\"thumbnailUrl\":\"https:\/\/airportsmokinglounge.com\/wp-content\/uploads\/2023\/03\/airport-smoking-lounge-4.jpg\",\"datePublished\":\"2023-04-08T08:09:34+00:00\",\"dateModified\":\"2023-05-16T07:04:50+00:00\",\"description\":\"Smoking areas Bali Denpasar International Airport - Find a smoking area in the airport \u2714\ufe0e Smoking Guide in Airports for Travelers \u2714\ufe0e\",\"breadcrumb\":{\"@id\":\"https:\/\/airportsmokinglounge.com\/smoking-areas-at-bali-denpasar-international-airport-dps\/#breadcrumb\"},\"inLanguage\":\"nl-NL\",\"potentialAction\":[{\"@type\":\"ReadAction\",\"target\":[\"https:\/\/airportsmokinglounge.com\/smoking-areas-at-bali-denpasar-international-airport-dps\/\"]}]},{\"@type\":\"ImageObject\",\"inLanguage\":\"nl-NL\",\"@id\":\"https:\/\/airportsmokinglounge.com\/smoking-areas-at-bali-denpasar-international-airport-dps\/#primaryimage\",\"url\":\"https:\/\/airportsmokinglounge.com\/wp-content\/uploads\/2023\/03\/airport-smoking-lounge-4.jpg\",\"contentUrl\":\"https:\/\/airportsmokinglounge.com\/wp-content\/uploads\/2023\/03\/airport-smoking-lounge-4.jpg\",\"width\":2048,\"height\":1152,\"caption\":\"Airport Smoking\"},{\"@type\":\"BreadcrumbList\",\"@id\":\"https:\/\/airportsmokinglounge.com\/smoking-areas-at-bali-denpasar-international-airport-dps\/#breadcrumb\",\"itemListElement\":[{\"@type\":\"ListItem\",\"position\":1,\"name\":\"Home\",\"item\":\"https:\/\/airportsmokinglounge.com\/\"},{\"@type\":\"ListItem\",\"position\":2,\"name\":\"Smoking areas at Bali Denpasar International Airport (DPS)\"}]},{\"@type\":\"WebSite\",\"@id\":\"https:\/\/airportsmokinglounge.com\/#website\",\"url\":\"https:\/\/airportsmokinglounge.com\/\",\"name\":\"airportsmokinglounge.com\",\"description\":\"\",\"potentialAction\":[{\"@type\":\"SearchAction\",\"target\":{\"@type\":\"EntryPoint\",\"urlTemplate\":\"https:\/\/airportsmokinglounge.com\/?s={search_term_string}\"},\"query-input\":{\"@type\":\"PropertyValueSpecification\",\"valueRequired\":true,\"valueName\":\"search_term_string\"}}],\"inLanguage\":\"nl-NL\"}]}<\/script>\n<!-- \/ Yoast SEO plugin. -->","yoast_head_json":{"title":"Rookruimtes op Bali Denpasar International Airport (DPS)","description":"Rookruimtes Bali Denpasar International Airport - Zoek een rookruimte op de luchthaven \u2714\ufe0e Rookgids op luchthavens voor reizigers \u2714\ufe0e","robots":{"index":"index","follow":"follow","max-snippet":"max-snippet:-1","max-image-preview":"max-image-preview:large","max-video-preview":"max-video-preview:-1"},"canonical":"https:\/\/airportsmokinglounge.com\/nl\/rookruimtes-op-bali-denpasar-international-airport-dps\/","og_locale":"nl_NL","og_type":"article","og_title":"Smoking areas at Bali Denpasar International Airport (DPS)","og_description":"Smoking areas Bali Denpasar International Airport - Find a smoking area in the airport \u2714\ufe0e Smoking Guide in Airports for Travelers \u2714\ufe0e","og_url":"https:\/\/airportsmokinglounge.com\/nl\/rookruimtes-op-bali-denpasar-international-airport-dps\/","og_site_name":"airportsmokinglounge.com","article_modified_time":"2023-05-16T07:04:50+00:00","og_image":[{"width":2048,"height":1152,"url":"https:\/\/airportsmokinglounge.com\/wp-content\/uploads\/2023\/03\/airport-smoking-lounge-4.jpg","type":"image\/jpeg"}],"twitter_card":"summary_large_image","twitter_misc":{"Geschatte leestijd":"3 minuten"},"schema":{"@context":"https:\/\/schema.org","@graph":[{"@type":"WebPage","@id":"https:\/\/airportsmokinglounge.com\/smoking-areas-at-bali-denpasar-international-airport-dps\/","url":"https:\/\/airportsmokinglounge.com\/smoking-areas-at-bali-denpasar-international-airport-dps\/","name":"Rookruimtes op Bali Denpasar International Airport (DPS)","isPartOf":{"@id":"https:\/\/airportsmokinglounge.com\/#website"},"primaryImageOfPage":{"@id":"https:\/\/airportsmokinglounge.com\/smoking-areas-at-bali-denpasar-international-airport-dps\/#primaryimage"},"image":{"@id":"https:\/\/airportsmokinglounge.com\/smoking-areas-at-bali-denpasar-international-airport-dps\/#primaryimage"},"thumbnailUrl":"https:\/\/airportsmokinglounge.com\/wp-content\/uploads\/2023\/03\/airport-smoking-lounge-4.jpg","datePublished":"2023-04-08T08:09:34+00:00","dateModified":"2023-05-16T07:04:50+00:00","description":"Rookruimtes Bali Denpasar International Airport - Zoek een rookruimte op de luchthaven \u2714\ufe0e Rookgids op luchthavens voor reizigers \u2714\ufe0e","breadcrumb":{"@id":"https:\/\/airportsmokinglounge.com\/smoking-areas-at-bali-denpasar-international-airport-dps\/#breadcrumb"},"inLanguage":"nl-NL","potentialAction":[{"@type":"ReadAction","target":["https:\/\/airportsmokinglounge.com\/smoking-areas-at-bali-denpasar-international-airport-dps\/"]}]},{"@type":"ImageObject","inLanguage":"nl-NL","@id":"https:\/\/airportsmokinglounge.com\/smoking-areas-at-bali-denpasar-international-airport-dps\/#primaryimage","url":"https:\/\/airportsmokinglounge.com\/wp-content\/uploads\/2023\/03\/airport-smoking-lounge-4.jpg","contentUrl":"https:\/\/airportsmokinglounge.com\/wp-content\/uploads\/2023\/03\/airport-smoking-lounge-4.jpg","width":2048,"height":1152,"caption":"Airport Smoking"},{"@type":"BreadcrumbList","@id":"https:\/\/airportsmokinglounge.com\/smoking-areas-at-bali-denpasar-international-airport-dps\/#breadcrumb","itemListElement":[{"@type":"ListItem","position":1,"name":"Home","item":"https:\/\/airportsmokinglounge.com\/"},{"@type":"ListItem","position":2,"name":"Smoking areas at Bali Denpasar International Airport (DPS)"}]},{"@type":"WebSite","@id":"https:\/\/airportsmokinglounge.com\/#website","url":"https:\/\/airportsmokinglounge.com\/","name":"luchthavenrokenlounge.com","description":"","potentialAction":[{"@type":"SearchAction","target":{"@type":"EntryPoint","urlTemplate":"https:\/\/airportsmokinglounge.com\/?s={search_term_string}"},"query-input":{"@type":"PropertyValueSpecification","valueRequired":true,"valueName":"search_term_string"}}],"inLanguage":"nl-NL"}]}},"_links":{"self":[{"href":"https:\/\/airportsmokinglounge.com\/nl\/wp-json\/wp\/v2\/pages\/1886","targetHints":{"allow":["GET"]}}],"collection":[{"href":"https:\/\/airportsmokinglounge.com\/nl\/wp-json\/wp\/v2\/pages"}],"about":[{"href":"https:\/\/airportsmokinglounge.com\/nl\/wp-json\/wp\/v2\/types\/page"}],"author":[{"embeddable":true,"href":"https:\/\/airportsmokinglounge.com\/nl\/wp-json\/wp\/v2\/users\/1"}],"replies":[{"embeddable":true,"href":"https:\/\/airportsmokinglounge.com\/nl\/wp-json\/wp\/v2\/comments?post=1886"}],"version-history":[{"count":5,"href":"https:\/\/airportsmokinglounge.com\/nl\/wp-json\/wp\/v2\/pages\/1886\/revisions"}],"predecessor-version":[{"id":5145,"href":"https:\/\/airportsmokinglounge.com\/nl\/wp-json\/wp\/v2\/pages\/1886\/revisions\/5145"}],"wp:featuredmedia":[{"embeddable":true,"href":"https:\/\/airportsmokinglounge.com\/nl\/wp-json\/wp\/v2\/media\/1199"}],"wp:attachment":[{"href":"https:\/\/airportsmokinglounge.com\/nl\/wp-json\/wp\/v2\/media?parent=1886"}],"curies":[{"name":"wp","href":"https:\/\/api.w.org\/{rel}","templated":true}]}}