{"id":212,"date":"2023-02-28T14:35:17","date_gmt":"2023-02-28T13:35:17","guid":{"rendered":"https:\/\/airportsmokinglounge.com\/?page_id=212"},"modified":"2023-05-23T17:00:01","modified_gmt":"2023-05-23T15:00:01","slug":"smoking-areas-in-ukraines-airports","status":"publish","type":"page","link":"https:\/\/airportsmokinglounge.com\/nl\/rookruimtes-op-oekraine-luchthavens\/","title":{"rendered":"Rookruimtes op Oekra\u00efense luchthavens"},"content":{"rendered":"<p>Oekra\u00efne heeft verschillende luchthavens, vari\u00ebrend van kleine regionale luchthavens tot grotere internationale knooppunten.<\/p>\n<p>Op deze website vind je alle rookruimtes op luchthavens, inclusief aangewezen rookruimtes en beschikbare faciliteiten. We begrijpen de frustratie om alleen door de beveiliging te gaan om te ontdekken dat er nergens rookruimtes zijn en dat in sommige gevallen e-sigaretten niet zijn toegestaan.<\/p>\n<p>Deze service is voor alle rokers die voor of na een lange vlucht willen genieten van een sigaret.<\/p>\n<h2>Luchthavens in Oekra\u00efne<\/h2>\n<ul style=\"list-style-type: circle;\">\n<li><a href=\"https:\/\/airportsmokinglounge.com\/nl\/rookruimtes-op-kiev-boryspil-airport-kbp\/\">Internationale luchthaven Kiev Boryspil (KBP)<\/a><\/li>\n<li><a href=\"https:\/\/airportsmokinglounge.com\/nl\/rookruimtes-op-de-luchthaven-van-odessa\/\">INTERNATIONALE LUCHTHAVEN VAN ODESSA (ODS)<\/a><\/li>\n<li><a href=\"https:\/\/airportsmokinglounge.com\/nl\/rookruimtes-op-de-luchthaven-van-charkov\/\">INTERNATIONALE LUCHTHAVEN VAN KHARKIV (HRK)<\/a><\/li>\n<li><a href=\"https:\/\/airportsmokinglounge.com\/nl\/rookruimtes-op-de-luchthaven-van-kiev-zhuliany\/\">KIEV ZHULIANY INTERNATIONALE LUCHTHAVEN (IEV)<\/a><\/li>\n<li><a href=\"https:\/\/airportsmokinglounge.com\/nl\/rookruimtes-op-de-internationale-luchthaven-van-lviv-lwo\/\">LVIV INTERNATIONALE LUCHTHAVEN (LWO)<\/a><\/li>\n<\/ul>\n<h2>Oekra\u00efense rookwet<\/h2>\n<p>Oekra\u00efne heeft rookwetten en -regelgeving ge\u00efmplementeerd om de volksgezondheid te beschermen en tabaksgebruik te verminderen. Houd er echter rekening mee dat rookwetten in de loop van de tijd kunnen veranderen, dus het is raadzaam om de meest recente wetgeving te raadplegen of lokale autoriteiten te raadplegen voor de meest actuele informatie over de rookwetten van Oekra\u00efne.<\/p>\n<p>In Oekra\u00efne is roken over het algemeen verboden in afgesloten openbare ruimtes, waaronder binnenruimtes van restaurants, bars, winkelcentra en overheidsgebouwen. Deze ruimtes zijn aangewezen als rookvrij en roken is binnen niet toegestaan.<\/p>\n<p>Oekra\u00efne heeft ook beperkingen ingevoerd op roken in openbare buitenruimtes, zoals bij ingangen van gebouwen, bushaltes en openbare parken. Daarnaast kan roken verboden zijn binnen bepaalde afstanden van bepaalde gebieden, zoals scholen en gezondheidsfaciliteiten.<\/p>\n<p><strong><span style=\"font-size: 14pt;\">Meer rookruimtes op de luchthaven<\/span><\/strong><\/p>\n<ul style=\"list-style-type: circle;\">\n<li><a href=\"https:\/\/airportsmokinglounge.com\/nl\/roken-op-luchthavens-in-afrika\/\">Afrika<\/a><\/li>\n<li><a href=\"https:\/\/airportsmokinglounge.com\/nl\/roken-in-de-luchthavens-van-noord-amerika\/\">Noord Amerika<\/a><\/li>\n<li><a href=\"https:\/\/airportsmokinglounge.com\/nl\/rookruimtes-in-europese-luchthavens\/\">Europa<\/a><\/li>\n<li><a href=\"https:\/\/airportsmokinglounge.com\/nl\/roken-op-de-luchthavens-van-zuid-amerika\/\">Zuid-Amerika<\/a><\/li>\n<li><a href=\"https:\/\/airportsmokinglounge.com\/nl\/roken-op-luchthavens-in-azie\/\">Azi\u00eb<\/a><\/li>\n<\/ul>","protected":false},"excerpt":{"rendered":"<p>Oekra\u00efne heeft verschillende luchthavens, vari\u00ebrend van kleine regionale luchthavens tot grotere internationale hubs. Op deze website vindt u alle rookruimtes op luchthavens, inclusief aangewezen rookruimtes en beschikbare faciliteiten. We begrijpen de frustratie van het passeren van de veiligheidscontrole en het ontdekken dat er nergens rookruimtes zijn en dat in sommige gevallen e-sigaretten...&nbsp;<a href=\"https:\/\/airportsmokinglounge.com\/nl\/rookruimtes-op-oekraine-luchthavens\/\" rel=\"bookmark\">Lees meer \u00bb<span class=\"screen-reader-text\">Rookruimtes op Oekra\u00efense luchthavens<\/span><\/a><\/p>","protected":false},"author":1,"featured_media":1199,"parent":0,"menu_order":0,"comment_status":"closed","ping_status":"closed","template":"","meta":{"neve_meta_sidebar":"","neve_meta_container":"","neve_meta_enable_content_width":"off","neve_meta_content_width":100,"neve_meta_title_alignment":"","neve_meta_author_avatar":"","neve_post_elements_order":"","neve_meta_disable_header":"","neve_meta_disable_footer":"","neve_meta_disable_title":"","neve_meta_reading_time":"","footnotes":""},"class_list":["post-212","page","type-page","status-publish","has-post-thumbnail","hentry"],"yoast_head":"<!-- This site is optimized with the Yoast SEO plugin v26.6 - https:\/\/yoast.com\/wordpress\/plugins\/seo\/ -->\n<title>Smoking areas in Ukraine&#039;s airports - airportsmokinglounge.com<\/title>\n<meta name=\"description\" content=\"Smoking Areas in Ukraine&#039;s Airports - Your Ultimate Guide to Finding a Place to Smoke \u2714\ufe0e Find Your Next Smoke Break Spot \u2714\ufe0e\" \/>\n<meta name=\"robots\" content=\"index, follow, max-snippet:-1, max-image-preview:large, max-video-preview:-1\" \/>\n<link rel=\"canonical\" href=\"https:\/\/airportsmokinglounge.com\/nl\/rookruimtes-op-oekraine-luchthavens\/\" \/>\n<meta property=\"og:locale\" content=\"nl_NL\" \/>\n<meta property=\"og:type\" content=\"article\" \/>\n<meta property=\"og:title\" content=\"Smoking areas in Ukraine&#039;s airports - airportsmokinglounge.com\" \/>\n<meta property=\"og:description\" content=\"Smoking Areas in Ukraine&#039;s Airports - Your Ultimate Guide to Finding a Place to Smoke \u2714\ufe0e Find Your Next Smoke Break Spot \u2714\ufe0e\" \/>\n<meta property=\"og:url\" content=\"https:\/\/airportsmokinglounge.com\/nl\/rookruimtes-op-oekraine-luchthavens\/\" \/>\n<meta property=\"og:site_name\" content=\"airportsmokinglounge.com\" \/>\n<meta property=\"article:modified_time\" content=\"2023-05-23T15:00:01+00:00\" \/>\n<meta property=\"og:image\" content=\"https:\/\/airportsmokinglounge.com\/wp-content\/uploads\/2023\/03\/airport-smoking-lounge-4.jpg\" \/>\n\t<meta property=\"og:image:width\" content=\"2048\" \/>\n\t<meta property=\"og:image:height\" content=\"1152\" \/>\n\t<meta property=\"og:image:type\" content=\"image\/jpeg\" \/>\n<meta name=\"twitter:card\" content=\"summary_large_image\" \/>\n<meta name=\"twitter:label1\" content=\"Geschatte leestijd\" \/>\n\t<meta name=\"twitter:data1\" content=\"2 minuten\" \/>\n<script type=\"application\/ld+json\" class=\"yoast-schema-graph\">{\"@context\":\"https:\/\/schema.org\",\"@graph\":[{\"@type\":\"WebPage\",\"@id\":\"https:\/\/airportsmokinglounge.com\/smoking-areas-in-ukraines-airports\/\",\"url\":\"https:\/\/airportsmokinglounge.com\/smoking-areas-in-ukraines-airports\/\",\"name\":\"Smoking areas in Ukraine's airports - airportsmokinglounge.com\",\"isPartOf\":{\"@id\":\"https:\/\/airportsmokinglounge.com\/#website\"},\"primaryImageOfPage\":{\"@id\":\"https:\/\/airportsmokinglounge.com\/smoking-areas-in-ukraines-airports\/#primaryimage\"},\"image\":{\"@id\":\"https:\/\/airportsmokinglounge.com\/smoking-areas-in-ukraines-airports\/#primaryimage\"},\"thumbnailUrl\":\"https:\/\/airportsmokinglounge.com\/wp-content\/uploads\/2023\/03\/airport-smoking-lounge-4.jpg\",\"datePublished\":\"2023-02-28T13:35:17+00:00\",\"dateModified\":\"2023-05-23T15:00:01+00:00\",\"description\":\"Smoking Areas in Ukraine's Airports - Your Ultimate Guide to Finding a Place to Smoke \u2714\ufe0e Find Your Next Smoke Break Spot \u2714\ufe0e\",\"breadcrumb\":{\"@id\":\"https:\/\/airportsmokinglounge.com\/smoking-areas-in-ukraines-airports\/#breadcrumb\"},\"inLanguage\":\"nl-NL\",\"potentialAction\":[{\"@type\":\"ReadAction\",\"target\":[\"https:\/\/airportsmokinglounge.com\/smoking-areas-in-ukraines-airports\/\"]}]},{\"@type\":\"ImageObject\",\"inLanguage\":\"nl-NL\",\"@id\":\"https:\/\/airportsmokinglounge.com\/smoking-areas-in-ukraines-airports\/#primaryimage\",\"url\":\"https:\/\/airportsmokinglounge.com\/wp-content\/uploads\/2023\/03\/airport-smoking-lounge-4.jpg\",\"contentUrl\":\"https:\/\/airportsmokinglounge.com\/wp-content\/uploads\/2023\/03\/airport-smoking-lounge-4.jpg\",\"width\":2048,\"height\":1152,\"caption\":\"Airport Smoking\"},{\"@type\":\"BreadcrumbList\",\"@id\":\"https:\/\/airportsmokinglounge.com\/smoking-areas-in-ukraines-airports\/#breadcrumb\",\"itemListElement\":[{\"@type\":\"ListItem\",\"position\":1,\"name\":\"Home\",\"item\":\"https:\/\/airportsmokinglounge.com\/\"},{\"@type\":\"ListItem\",\"position\":2,\"name\":\"Smoking areas in Ukraine&#8217;s airports\"}]},{\"@type\":\"WebSite\",\"@id\":\"https:\/\/airportsmokinglounge.com\/#website\",\"url\":\"https:\/\/airportsmokinglounge.com\/\",\"name\":\"airportsmokinglounge.com\",\"description\":\"\",\"potentialAction\":[{\"@type\":\"SearchAction\",\"target\":{\"@type\":\"EntryPoint\",\"urlTemplate\":\"https:\/\/airportsmokinglounge.com\/?s={search_term_string}\"},\"query-input\":{\"@type\":\"PropertyValueSpecification\",\"valueRequired\":true,\"valueName\":\"search_term_string\"}}],\"inLanguage\":\"nl-NL\"}]}<\/script>\n<!-- \/ Yoast SEO plugin. -->","yoast_head_json":{"title":"Rookruimtes op Oekra\u00efense luchthavens - airportsmokinglounge.com","description":"Rookruimtes op Oekra\u00efense luchthavens - Uw ultieme gids om een plek te vinden om te roken \u2714\ufe0e Vind uw volgende rookpauzeplek \u2714\ufe0e","robots":{"index":"index","follow":"follow","max-snippet":"max-snippet:-1","max-image-preview":"max-image-preview:large","max-video-preview":"max-video-preview:-1"},"canonical":"https:\/\/airportsmokinglounge.com\/nl\/rookruimtes-op-oekraine-luchthavens\/","og_locale":"nl_NL","og_type":"article","og_title":"Smoking areas in Ukraine's airports - airportsmokinglounge.com","og_description":"Smoking Areas in Ukraine's Airports - Your Ultimate Guide to Finding a Place to Smoke \u2714\ufe0e Find Your Next Smoke Break Spot \u2714\ufe0e","og_url":"https:\/\/airportsmokinglounge.com\/nl\/rookruimtes-op-oekraine-luchthavens\/","og_site_name":"airportsmokinglounge.com","article_modified_time":"2023-05-23T15:00:01+00:00","og_image":[{"width":2048,"height":1152,"url":"https:\/\/airportsmokinglounge.com\/wp-content\/uploads\/2023\/03\/airport-smoking-lounge-4.jpg","type":"image\/jpeg"}],"twitter_card":"summary_large_image","twitter_misc":{"Geschatte leestijd":"2 minuten"},"schema":{"@context":"https:\/\/schema.org","@graph":[{"@type":"WebPage","@id":"https:\/\/airportsmokinglounge.com\/smoking-areas-in-ukraines-airports\/","url":"https:\/\/airportsmokinglounge.com\/smoking-areas-in-ukraines-airports\/","name":"Rookruimtes op Oekra\u00efense luchthavens - airportsmokinglounge.com","isPartOf":{"@id":"https:\/\/airportsmokinglounge.com\/#website"},"primaryImageOfPage":{"@id":"https:\/\/airportsmokinglounge.com\/smoking-areas-in-ukraines-airports\/#primaryimage"},"image":{"@id":"https:\/\/airportsmokinglounge.com\/smoking-areas-in-ukraines-airports\/#primaryimage"},"thumbnailUrl":"https:\/\/airportsmokinglounge.com\/wp-content\/uploads\/2023\/03\/airport-smoking-lounge-4.jpg","datePublished":"2023-02-28T13:35:17+00:00","dateModified":"2023-05-23T15:00:01+00:00","description":"Rookruimtes op Oekra\u00efense luchthavens - Uw ultieme gids om een plek te vinden om te roken \u2714\ufe0e Vind uw volgende rookpauzeplek \u2714\ufe0e","breadcrumb":{"@id":"https:\/\/airportsmokinglounge.com\/smoking-areas-in-ukraines-airports\/#breadcrumb"},"inLanguage":"nl-NL","potentialAction":[{"@type":"ReadAction","target":["https:\/\/airportsmokinglounge.com\/smoking-areas-in-ukraines-airports\/"]}]},{"@type":"ImageObject","inLanguage":"nl-NL","@id":"https:\/\/airportsmokinglounge.com\/smoking-areas-in-ukraines-airports\/#primaryimage","url":"https:\/\/airportsmokinglounge.com\/wp-content\/uploads\/2023\/03\/airport-smoking-lounge-4.jpg","contentUrl":"https:\/\/airportsmokinglounge.com\/wp-content\/uploads\/2023\/03\/airport-smoking-lounge-4.jpg","width":2048,"height":1152,"caption":"Airport Smoking"},{"@type":"BreadcrumbList","@id":"https:\/\/airportsmokinglounge.com\/smoking-areas-in-ukraines-airports\/#breadcrumb","itemListElement":[{"@type":"ListItem","position":1,"name":"Home","item":"https:\/\/airportsmokinglounge.com\/"},{"@type":"ListItem","position":2,"name":"Smoking areas in Ukraine&#8217;s airports"}]},{"@type":"WebSite","@id":"https:\/\/airportsmokinglounge.com\/#website","url":"https:\/\/airportsmokinglounge.com\/","name":"luchthavenrokenlounge.com","description":"","potentialAction":[{"@type":"SearchAction","target":{"@type":"EntryPoint","urlTemplate":"https:\/\/airportsmokinglounge.com\/?s={search_term_string}"},"query-input":{"@type":"PropertyValueSpecification","valueRequired":true,"valueName":"search_term_string"}}],"inLanguage":"nl-NL"}]}},"_links":{"self":[{"href":"https:\/\/airportsmokinglounge.com\/nl\/wp-json\/wp\/v2\/pages\/212","targetHints":{"allow":["GET"]}}],"collection":[{"href":"https:\/\/airportsmokinglounge.com\/nl\/wp-json\/wp\/v2\/pages"}],"about":[{"href":"https:\/\/airportsmokinglounge.com\/nl\/wp-json\/wp\/v2\/types\/page"}],"author":[{"embeddable":true,"href":"https:\/\/airportsmokinglounge.com\/nl\/wp-json\/wp\/v2\/users\/1"}],"replies":[{"embeddable":true,"href":"https:\/\/airportsmokinglounge.com\/nl\/wp-json\/wp\/v2\/comments?post=212"}],"version-history":[{"count":10,"href":"https:\/\/airportsmokinglounge.com\/nl\/wp-json\/wp\/v2\/pages\/212\/revisions"}],"predecessor-version":[{"id":5968,"href":"https:\/\/airportsmokinglounge.com\/nl\/wp-json\/wp\/v2\/pages\/212\/revisions\/5968"}],"wp:featuredmedia":[{"embeddable":true,"href":"https:\/\/airportsmokinglounge.com\/nl\/wp-json\/wp\/v2\/media\/1199"}],"wp:attachment":[{"href":"https:\/\/airportsmokinglounge.com\/nl\/wp-json\/wp\/v2\/media?parent=212"}],"curies":[{"name":"wp","href":"https:\/\/api.w.org\/{rel}","templated":true}]}}