{"id":2271,"date":"2023-04-11T12:40:20","date_gmt":"2023-04-11T10:40:20","guid":{"rendered":"https:\/\/airportsmokinglounge.com\/?page_id=2271"},"modified":"2023-05-20T14:08:26","modified_gmt":"2023-05-20T12:08:26","slug":"smoking-areas-in-macedonias-airports","status":"publish","type":"page","link":"https:\/\/airportsmokinglounge.com\/nl\/rookruimtes-in-macedonische-luchthavens\/","title":{"rendered":"Rookruimtes op de luchthavens van Macedoni\u00eb"},"content":{"rendered":"<p>Macedoni\u00eb, officieel bekend als de Republiek Noord-Macedoni\u00eb, heeft verschillende luchthavens die binnenlandse en internationale vluchten bedienen.<\/p>\n<p>Op deze website vind je alle rookruimtes op luchthavens, inclusief aangewezen rookruimtes en beschikbare faciliteiten. We begrijpen de frustratie om alleen door de beveiliging te gaan om te ontdekken dat er nergens rookruimtes zijn en dat in sommige gevallen e-sigaretten niet zijn toegestaan.<\/p>\n<p>Deze service is voor alle rokers die voor of na een lange vlucht willen genieten van een sigaret.<\/p>\n<h2>Luchthavens in Macedoni\u00eb<\/h2>\n<ul style=\"list-style-type: circle;\">\n<li><a href=\"https:\/\/airportsmokinglounge.com\/nl\/rookruimtes-op-skopje-international-airport-skp\/\">SKOPJE INTERNATIONALE LUCHTHAVEN (SKP)<\/a><\/li>\n<li><a href=\"https:\/\/airportsmokinglounge.com\/nl\/rookruimtes-op-de-luchthaven-van-ohrid-ohd\/\">OHRID LUCHTHAVEN (OHD)<\/a><\/li>\n<\/ul>\n<h2>De rookwet van Macedoni\u00eb<\/h2>\n<p>Volgens de rookwet is roken over het algemeen verboden in afgesloten openbare ruimtes, waaronder binnenruimtes van luchthavens, zoals terminals, wachtruimtes en andere openbare voorzieningen.<\/p>\n<p>Er kunnen rookruimtes of aangewezen rookzones beschikbaar zijn in de buitenruimtes van luchthavens, die voldoen aan specifieke voorschriften en vereisten. Lokale autoriteiten, waaronder luchthavenautoriteiten, zijn verantwoordelijk voor het handhaven en implementeren van rookvoorschriften in overeenstemming met nationale wetten en richtlijnen.<\/p>\n<p><strong>Meer rookruimtes op de luchthaven\u00a0<\/strong><\/p>\n<ul>\n<li><a href=\"https:\/\/airportsmokinglounge.com\/nl\/roken-in-de-luchthavens-van-noord-amerika\/\">Noord Amerika<\/a><\/li>\n<li><a href=\"https:\/\/airportsmokinglounge.com\/nl\/roken-op-de-luchthavens-van-zuid-amerika\/\">Zuid-Amerika<\/a><\/li>\n<li><a href=\"https:\/\/airportsmokinglounge.com\/nl\/rookruimtes-in-europese-luchthavens\/\">Europa<\/a><\/li>\n<li><a href=\"https:\/\/airportsmokinglounge.com\/nl\/roken-op-luchthavens-in-azie\/\">Azi\u00eb<\/a><\/li>\n<li><a href=\"https:\/\/airportsmokinglounge.com\/nl\/roken-op-luchthavens-in-oceanie\/\">Oceani\u00eb<\/a><\/li>\n<li><a href=\"https:\/\/airportsmokinglounge.com\/nl\/roken-op-luchthavens-in-afrika\/\">Afrika<\/a><\/li>\n<\/ul>","protected":false},"excerpt":{"rendered":"<p>Macedoni\u00eb, officieel bekend als de Republiek Noord-Macedoni\u00eb, heeft verschillende luchthavens voor binnenlandse en internationale vluchten. Op deze website vindt u alle rookruimtes op luchthavens, inclusief de aangewezen rookruimtes en beschikbare faciliteiten. We begrijpen de frustratie van het passeren van de veiligheidscontrole en het ontdekken dat er nergens rookruimtes zijn en\u2026&nbsp;<a href=\"https:\/\/airportsmokinglounge.com\/nl\/rookruimtes-in-macedonische-luchthavens\/\" rel=\"bookmark\">Lees meer \u00bb<span class=\"screen-reader-text\">Rookruimtes op de luchthavens van Macedoni\u00eb<\/span><\/a><\/p>","protected":false},"author":1,"featured_media":1199,"parent":0,"menu_order":0,"comment_status":"closed","ping_status":"closed","template":"","meta":{"neve_meta_sidebar":"","neve_meta_container":"","neve_meta_enable_content_width":"off","neve_meta_content_width":100,"neve_meta_title_alignment":"","neve_meta_author_avatar":"","neve_post_elements_order":"","neve_meta_disable_header":"","neve_meta_disable_footer":"","neve_meta_disable_title":"","neve_meta_reading_time":"","footnotes":""},"class_list":["post-2271","page","type-page","status-publish","has-post-thumbnail","hentry"],"yoast_head":"<!-- This site is optimized with the Yoast SEO plugin v26.6 - https:\/\/yoast.com\/wordpress\/plugins\/seo\/ -->\n<title>Smoking areas in Macedonia&#039;s airports - airportsmokinglounge.com<\/title>\n<meta name=\"description\" content=\"Smoking Areas in Macedonia&#039;s Airports - Your Ultimate Guide to Finding a Place to Smoke \u2714\ufe0e Find Your Next Smoke Break Spot \u2714\ufe0e\" \/>\n<meta name=\"robots\" content=\"index, follow, max-snippet:-1, max-image-preview:large, max-video-preview:-1\" \/>\n<link rel=\"canonical\" href=\"https:\/\/airportsmokinglounge.com\/nl\/rookruimtes-in-macedonische-luchthavens\/\" \/>\n<meta property=\"og:locale\" content=\"nl_NL\" \/>\n<meta property=\"og:type\" content=\"article\" \/>\n<meta property=\"og:title\" content=\"Smoking areas in Macedonia&#039;s airports - airportsmokinglounge.com\" \/>\n<meta property=\"og:description\" content=\"Smoking Areas in Macedonia&#039;s Airports - Your Ultimate Guide to Finding a Place to Smoke \u2714\ufe0e Find Your Next Smoke Break Spot \u2714\ufe0e\" \/>\n<meta property=\"og:url\" content=\"https:\/\/airportsmokinglounge.com\/nl\/rookruimtes-in-macedonische-luchthavens\/\" \/>\n<meta property=\"og:site_name\" content=\"airportsmokinglounge.com\" \/>\n<meta property=\"article:modified_time\" content=\"2023-05-20T12:08:26+00:00\" \/>\n<meta property=\"og:image\" content=\"https:\/\/airportsmokinglounge.com\/wp-content\/uploads\/2023\/03\/airport-smoking-lounge-4.jpg\" \/>\n\t<meta property=\"og:image:width\" content=\"2048\" \/>\n\t<meta property=\"og:image:height\" content=\"1152\" \/>\n\t<meta property=\"og:image:type\" content=\"image\/jpeg\" \/>\n<meta name=\"twitter:card\" content=\"summary_large_image\" \/>\n<meta name=\"twitter:label1\" content=\"Geschatte leestijd\" \/>\n\t<meta name=\"twitter:data1\" content=\"1 minuut\" \/>\n<script type=\"application\/ld+json\" class=\"yoast-schema-graph\">{\"@context\":\"https:\/\/schema.org\",\"@graph\":[{\"@type\":\"WebPage\",\"@id\":\"https:\/\/airportsmokinglounge.com\/smoking-areas-in-macedonias-airports\/\",\"url\":\"https:\/\/airportsmokinglounge.com\/smoking-areas-in-macedonias-airports\/\",\"name\":\"Smoking areas in Macedonia's airports - airportsmokinglounge.com\",\"isPartOf\":{\"@id\":\"https:\/\/airportsmokinglounge.com\/#website\"},\"primaryImageOfPage\":{\"@id\":\"https:\/\/airportsmokinglounge.com\/smoking-areas-in-macedonias-airports\/#primaryimage\"},\"image\":{\"@id\":\"https:\/\/airportsmokinglounge.com\/smoking-areas-in-macedonias-airports\/#primaryimage\"},\"thumbnailUrl\":\"https:\/\/airportsmokinglounge.com\/wp-content\/uploads\/2023\/03\/airport-smoking-lounge-4.jpg\",\"datePublished\":\"2023-04-11T10:40:20+00:00\",\"dateModified\":\"2023-05-20T12:08:26+00:00\",\"description\":\"Smoking Areas in Macedonia's Airports - Your Ultimate Guide to Finding a Place to Smoke \u2714\ufe0e Find Your Next Smoke Break Spot \u2714\ufe0e\",\"breadcrumb\":{\"@id\":\"https:\/\/airportsmokinglounge.com\/smoking-areas-in-macedonias-airports\/#breadcrumb\"},\"inLanguage\":\"nl-NL\",\"potentialAction\":[{\"@type\":\"ReadAction\",\"target\":[\"https:\/\/airportsmokinglounge.com\/smoking-areas-in-macedonias-airports\/\"]}]},{\"@type\":\"ImageObject\",\"inLanguage\":\"nl-NL\",\"@id\":\"https:\/\/airportsmokinglounge.com\/smoking-areas-in-macedonias-airports\/#primaryimage\",\"url\":\"https:\/\/airportsmokinglounge.com\/wp-content\/uploads\/2023\/03\/airport-smoking-lounge-4.jpg\",\"contentUrl\":\"https:\/\/airportsmokinglounge.com\/wp-content\/uploads\/2023\/03\/airport-smoking-lounge-4.jpg\",\"width\":2048,\"height\":1152,\"caption\":\"Airport Smoking\"},{\"@type\":\"BreadcrumbList\",\"@id\":\"https:\/\/airportsmokinglounge.com\/smoking-areas-in-macedonias-airports\/#breadcrumb\",\"itemListElement\":[{\"@type\":\"ListItem\",\"position\":1,\"name\":\"Home\",\"item\":\"https:\/\/airportsmokinglounge.com\/\"},{\"@type\":\"ListItem\",\"position\":2,\"name\":\"Smoking areas in Macedonia&#8217;s airports\"}]},{\"@type\":\"WebSite\",\"@id\":\"https:\/\/airportsmokinglounge.com\/#website\",\"url\":\"https:\/\/airportsmokinglounge.com\/\",\"name\":\"airportsmokinglounge.com\",\"description\":\"\",\"potentialAction\":[{\"@type\":\"SearchAction\",\"target\":{\"@type\":\"EntryPoint\",\"urlTemplate\":\"https:\/\/airportsmokinglounge.com\/?s={search_term_string}\"},\"query-input\":{\"@type\":\"PropertyValueSpecification\",\"valueRequired\":true,\"valueName\":\"search_term_string\"}}],\"inLanguage\":\"nl-NL\"}]}<\/script>\n<!-- \/ Yoast SEO plugin. -->","yoast_head_json":{"title":"Rookruimtes op Macedonische luchthavens - airportsmokinglounge.com","description":"Rookruimtes op de luchthavens van Macedoni\u00eb - Uw ultieme gids voor het vinden van een plek om te roken \u2714\ufe0e Vind uw volgende plek om te roken \u2714\ufe0e","robots":{"index":"index","follow":"follow","max-snippet":"max-snippet:-1","max-image-preview":"max-image-preview:large","max-video-preview":"max-video-preview:-1"},"canonical":"https:\/\/airportsmokinglounge.com\/nl\/rookruimtes-in-macedonische-luchthavens\/","og_locale":"nl_NL","og_type":"article","og_title":"Smoking areas in Macedonia's airports - airportsmokinglounge.com","og_description":"Smoking Areas in Macedonia's Airports - Your Ultimate Guide to Finding a Place to Smoke \u2714\ufe0e Find Your Next Smoke Break Spot \u2714\ufe0e","og_url":"https:\/\/airportsmokinglounge.com\/nl\/rookruimtes-in-macedonische-luchthavens\/","og_site_name":"airportsmokinglounge.com","article_modified_time":"2023-05-20T12:08:26+00:00","og_image":[{"width":2048,"height":1152,"url":"https:\/\/airportsmokinglounge.com\/wp-content\/uploads\/2023\/03\/airport-smoking-lounge-4.jpg","type":"image\/jpeg"}],"twitter_card":"summary_large_image","twitter_misc":{"Geschatte leestijd":"1 minuut"},"schema":{"@context":"https:\/\/schema.org","@graph":[{"@type":"WebPage","@id":"https:\/\/airportsmokinglounge.com\/smoking-areas-in-macedonias-airports\/","url":"https:\/\/airportsmokinglounge.com\/smoking-areas-in-macedonias-airports\/","name":"Rookruimtes op Macedonische luchthavens - airportsmokinglounge.com","isPartOf":{"@id":"https:\/\/airportsmokinglounge.com\/#website"},"primaryImageOfPage":{"@id":"https:\/\/airportsmokinglounge.com\/smoking-areas-in-macedonias-airports\/#primaryimage"},"image":{"@id":"https:\/\/airportsmokinglounge.com\/smoking-areas-in-macedonias-airports\/#primaryimage"},"thumbnailUrl":"https:\/\/airportsmokinglounge.com\/wp-content\/uploads\/2023\/03\/airport-smoking-lounge-4.jpg","datePublished":"2023-04-11T10:40:20+00:00","dateModified":"2023-05-20T12:08:26+00:00","description":"Rookruimtes op de luchthavens van Macedoni\u00eb - Uw ultieme gids voor het vinden van een plek om te roken \u2714\ufe0e Vind uw volgende plek om te roken \u2714\ufe0e","breadcrumb":{"@id":"https:\/\/airportsmokinglounge.com\/smoking-areas-in-macedonias-airports\/#breadcrumb"},"inLanguage":"nl-NL","potentialAction":[{"@type":"ReadAction","target":["https:\/\/airportsmokinglounge.com\/smoking-areas-in-macedonias-airports\/"]}]},{"@type":"ImageObject","inLanguage":"nl-NL","@id":"https:\/\/airportsmokinglounge.com\/smoking-areas-in-macedonias-airports\/#primaryimage","url":"https:\/\/airportsmokinglounge.com\/wp-content\/uploads\/2023\/03\/airport-smoking-lounge-4.jpg","contentUrl":"https:\/\/airportsmokinglounge.com\/wp-content\/uploads\/2023\/03\/airport-smoking-lounge-4.jpg","width":2048,"height":1152,"caption":"Airport Smoking"},{"@type":"BreadcrumbList","@id":"https:\/\/airportsmokinglounge.com\/smoking-areas-in-macedonias-airports\/#breadcrumb","itemListElement":[{"@type":"ListItem","position":1,"name":"Home","item":"https:\/\/airportsmokinglounge.com\/"},{"@type":"ListItem","position":2,"name":"Smoking areas in Macedonia&#8217;s airports"}]},{"@type":"WebSite","@id":"https:\/\/airportsmokinglounge.com\/#website","url":"https:\/\/airportsmokinglounge.com\/","name":"luchthavenrokenlounge.com","description":"","potentialAction":[{"@type":"SearchAction","target":{"@type":"EntryPoint","urlTemplate":"https:\/\/airportsmokinglounge.com\/?s={search_term_string}"},"query-input":{"@type":"PropertyValueSpecification","valueRequired":true,"valueName":"search_term_string"}}],"inLanguage":"nl-NL"}]}},"_links":{"self":[{"href":"https:\/\/airportsmokinglounge.com\/nl\/wp-json\/wp\/v2\/pages\/2271","targetHints":{"allow":["GET"]}}],"collection":[{"href":"https:\/\/airportsmokinglounge.com\/nl\/wp-json\/wp\/v2\/pages"}],"about":[{"href":"https:\/\/airportsmokinglounge.com\/nl\/wp-json\/wp\/v2\/types\/page"}],"author":[{"embeddable":true,"href":"https:\/\/airportsmokinglounge.com\/nl\/wp-json\/wp\/v2\/users\/1"}],"replies":[{"embeddable":true,"href":"https:\/\/airportsmokinglounge.com\/nl\/wp-json\/wp\/v2\/comments?post=2271"}],"version-history":[{"count":7,"href":"https:\/\/airportsmokinglounge.com\/nl\/wp-json\/wp\/v2\/pages\/2271\/revisions"}],"predecessor-version":[{"id":5509,"href":"https:\/\/airportsmokinglounge.com\/nl\/wp-json\/wp\/v2\/pages\/2271\/revisions\/5509"}],"wp:featuredmedia":[{"embeddable":true,"href":"https:\/\/airportsmokinglounge.com\/nl\/wp-json\/wp\/v2\/media\/1199"}],"wp:attachment":[{"href":"https:\/\/airportsmokinglounge.com\/nl\/wp-json\/wp\/v2\/media?parent=2271"}],"curies":[{"name":"wp","href":"https:\/\/api.w.org\/{rel}","templated":true}]}}