{"id":2316,"date":"2023-04-11T14:14:05","date_gmt":"2023-04-11T12:14:05","guid":{"rendered":"https:\/\/airportsmokinglounge.com\/?page_id=2316"},"modified":"2023-05-09T16:09:23","modified_gmt":"2023-05-09T14:09:23","slug":"smoking-areas-in-namibias-airports","status":"publish","type":"page","link":"https:\/\/airportsmokinglounge.com\/nl\/rookruimtes-op-namibische-luchthavens\/","title":{"rendered":"Rookruimtes op de luchthavens van Namibi\u00eb"},"content":{"rendered":"<p>Namibi\u00eb heeft verschillende luchthavens, vari\u00ebrend van kleine regionale luchthavens tot grotere internationale hubs.<\/p>\n<p>Op deze website vind je alle rookruimtes op luchthavens, inclusief aangewezen rookruimtes en beschikbare faciliteiten. We begrijpen de frustratie om alleen door de beveiliging te gaan om te ontdekken dat er nergens rookruimtes zijn en dat in sommige gevallen e-sigaretten niet zijn toegestaan.<\/p>\n<p>Deze service is voor alle rokers die voor of na een lange vlucht willen genieten van een sigaret.<\/p>\n<h2>Luchthavens in Namibi\u00eb<\/h2>\n<ul style=\"list-style-type: circle;\">\n<li><a href=\"https:\/\/airportsmokinglounge.com\/nl\/rookruimtes-op-windhoek-hosea-kutako-airport-wdh\/\">WINDHOEK HOSEA KUTAKO INTERNATIONALE LUCHTHAVEN (WDH)<\/a><\/li>\n<li><a href=\"https:\/\/airportsmokinglounge.com\/nl\/rookruimtes-op-walvis-bay-airport-wvb\/\">WALVISBAAI LUCHTHAVEN (WVB)<\/a><\/li>\n<\/ul>\n<h2>De rookwet van Namibi\u00eb<\/h2>\n<p>Namibi\u00eb heeft rookregels ingevoerd om de volksgezondheid te beschermen en het tabaksgebruik te verminderen. Houd er echter rekening mee dat rookwetten en -voorschriften in de loop van de tijd kunnen veranderen, dus het is raadzaam om de meest recente wetgeving te raadplegen of lokale autoriteiten te raadplegen voor de meest actuele informatie over de rookwetten van Namibi\u00eb.<\/p>\n<p>In Namibi\u00eb is roken over het algemeen verboden in bepaalde openbare binnenruimten, waaronder overheidsgebouwen, zorginstellingen, onderwijsinstellingen en openbaar vervoer. De wet kan ook het roken beperken in gebieden die zijn aangewezen als rookvrije zones, zoals afgesloten openbare ruimtes en gebieden bij in- en uitgangen van openbare gebouwen.<\/p>\n<p>De verkoop van tabaksproducten aan minderjarigen onder de 18 jaar is doorgaans verboden in Namibi\u00eb. Bovendien kunnen tabaksreclame, -promotie en -sponsoring gereguleerd of beperkt zijn.<\/p>\n<p>Namibi\u00eb heeft zich ingespannen om het publiek bewust te maken van de gezondheidsrisico&#039;s van roken door middel van gezondheidscampagnes en waarschuwingen op pakjes sigaretten. Het land heeft ook grafische gezondheidswaarschuwingen ingevoerd op verpakkingen van tabaksproducten.<\/p>\n<p>Handhaving van rookwetten wordt over het algemeen gecontroleerd door relevante autoriteiten en overtredingen kunnen leiden tot boetes of andere straffen.<\/p>\n<p>Voor de meest accurate en up-to-date informatie over de rookwetten van Namibi\u00eb, is het raadzaam om de meest recente wetgeving te raadplegen of contact op te nemen met lokale autoriteiten of gezondheidsorganisaties.<\/p>\n<p><strong>Meer rookruimtes op de luchthaven\u00a0<\/strong><\/p>\n<ul>\n<li><a href=\"https:\/\/airportsmokinglounge.com\/nl\/roken-in-de-luchthavens-van-noord-amerika\/\">Noord Amerika<\/a><\/li>\n<li><a href=\"https:\/\/airportsmokinglounge.com\/nl\/roken-op-de-luchthavens-van-zuid-amerika\/\">Zuid-Amerika<\/a><\/li>\n<li><a href=\"https:\/\/airportsmokinglounge.com\/nl\/rookruimtes-in-europese-luchthavens\/\">Europa<\/a><\/li>\n<li><a href=\"https:\/\/airportsmokinglounge.com\/nl\/roken-op-luchthavens-in-azie\/\">Azi\u00eb<\/a><\/li>\n<li><a href=\"https:\/\/airportsmokinglounge.com\/nl\/roken-op-luchthavens-in-oceanie\/\">Oceani\u00eb<\/a><\/li>\n<\/ul>","protected":false},"excerpt":{"rendered":"<p>Namibi\u00eb heeft verschillende luchthavens, vari\u00ebrend van kleine regionale luchthavens tot grotere internationale hubs. Op deze website vindt u alle rookruimtes op luchthavens, inclusief aangewezen rookruimtes en beschikbare faciliteiten. We begrijpen de frustratie van het passeren van de veiligheidscontrole en het ontdekken dat er nergens rookruimtes zijn en in sommige gevallen zelfs e-sigaretten...&nbsp;<a href=\"https:\/\/airportsmokinglounge.com\/nl\/rookruimtes-op-namibische-luchthavens\/\" rel=\"bookmark\">Lees meer \u00bb<span class=\"screen-reader-text\">Rookruimtes op de luchthavens van Namibi\u00eb<\/span><\/a><\/p>","protected":false},"author":1,"featured_media":1199,"parent":0,"menu_order":0,"comment_status":"closed","ping_status":"closed","template":"","meta":{"neve_meta_sidebar":"","neve_meta_container":"","neve_meta_enable_content_width":"off","neve_meta_content_width":100,"neve_meta_title_alignment":"","neve_meta_author_avatar":"","neve_post_elements_order":"","neve_meta_disable_header":"","neve_meta_disable_footer":"","neve_meta_disable_title":"","neve_meta_reading_time":"","footnotes":""},"class_list":["post-2316","page","type-page","status-publish","has-post-thumbnail","hentry"],"yoast_head":"<!-- This site is optimized with the Yoast SEO plugin v26.6 - https:\/\/yoast.com\/wordpress\/plugins\/seo\/ -->\n<title>Smoking areas in Namibia&#039;s airports - airportsmokinglounge.com<\/title>\n<meta name=\"description\" content=\"Smoking Areas in Namibia&#039;s Airports - Your Ultimate Guide to Finding a Place to Smoke \u2714\ufe0e Find Your Next Smoke Break Spot \u2714\ufe0e\" \/>\n<meta name=\"robots\" content=\"index, follow, max-snippet:-1, max-image-preview:large, max-video-preview:-1\" \/>\n<link rel=\"canonical\" href=\"https:\/\/airportsmokinglounge.com\/nl\/rookruimtes-op-namibische-luchthavens\/\" \/>\n<meta property=\"og:locale\" content=\"nl_NL\" \/>\n<meta property=\"og:type\" content=\"article\" \/>\n<meta property=\"og:title\" content=\"Smoking areas in Namibia&#039;s airports - airportsmokinglounge.com\" \/>\n<meta property=\"og:description\" content=\"Smoking Areas in Namibia&#039;s Airports - Your Ultimate Guide to Finding a Place to Smoke \u2714\ufe0e Find Your Next Smoke Break Spot \u2714\ufe0e\" \/>\n<meta property=\"og:url\" content=\"https:\/\/airportsmokinglounge.com\/nl\/rookruimtes-op-namibische-luchthavens\/\" \/>\n<meta property=\"og:site_name\" content=\"airportsmokinglounge.com\" \/>\n<meta property=\"article:modified_time\" content=\"2023-05-09T14:09:23+00:00\" \/>\n<meta property=\"og:image\" content=\"https:\/\/airportsmokinglounge.com\/wp-content\/uploads\/2023\/03\/airport-smoking-lounge-4.jpg\" \/>\n\t<meta property=\"og:image:width\" content=\"2048\" \/>\n\t<meta property=\"og:image:height\" content=\"1152\" \/>\n\t<meta property=\"og:image:type\" content=\"image\/jpeg\" \/>\n<meta name=\"twitter:card\" content=\"summary_large_image\" \/>\n<meta name=\"twitter:label1\" content=\"Geschatte leestijd\" \/>\n\t<meta name=\"twitter:data1\" content=\"2 minuten\" \/>\n<script type=\"application\/ld+json\" class=\"yoast-schema-graph\">{\"@context\":\"https:\/\/schema.org\",\"@graph\":[{\"@type\":\"WebPage\",\"@id\":\"https:\/\/airportsmokinglounge.com\/smoking-areas-in-namibias-airports\/\",\"url\":\"https:\/\/airportsmokinglounge.com\/smoking-areas-in-namibias-airports\/\",\"name\":\"Smoking areas in Namibia's airports - airportsmokinglounge.com\",\"isPartOf\":{\"@id\":\"https:\/\/airportsmokinglounge.com\/#website\"},\"primaryImageOfPage\":{\"@id\":\"https:\/\/airportsmokinglounge.com\/smoking-areas-in-namibias-airports\/#primaryimage\"},\"image\":{\"@id\":\"https:\/\/airportsmokinglounge.com\/smoking-areas-in-namibias-airports\/#primaryimage\"},\"thumbnailUrl\":\"https:\/\/airportsmokinglounge.com\/wp-content\/uploads\/2023\/03\/airport-smoking-lounge-4.jpg\",\"datePublished\":\"2023-04-11T12:14:05+00:00\",\"dateModified\":\"2023-05-09T14:09:23+00:00\",\"description\":\"Smoking Areas in Namibia's Airports - Your Ultimate Guide to Finding a Place to Smoke \u2714\ufe0e Find Your Next Smoke Break Spot \u2714\ufe0e\",\"breadcrumb\":{\"@id\":\"https:\/\/airportsmokinglounge.com\/smoking-areas-in-namibias-airports\/#breadcrumb\"},\"inLanguage\":\"nl-NL\",\"potentialAction\":[{\"@type\":\"ReadAction\",\"target\":[\"https:\/\/airportsmokinglounge.com\/smoking-areas-in-namibias-airports\/\"]}]},{\"@type\":\"ImageObject\",\"inLanguage\":\"nl-NL\",\"@id\":\"https:\/\/airportsmokinglounge.com\/smoking-areas-in-namibias-airports\/#primaryimage\",\"url\":\"https:\/\/airportsmokinglounge.com\/wp-content\/uploads\/2023\/03\/airport-smoking-lounge-4.jpg\",\"contentUrl\":\"https:\/\/airportsmokinglounge.com\/wp-content\/uploads\/2023\/03\/airport-smoking-lounge-4.jpg\",\"width\":2048,\"height\":1152,\"caption\":\"Airport Smoking\"},{\"@type\":\"BreadcrumbList\",\"@id\":\"https:\/\/airportsmokinglounge.com\/smoking-areas-in-namibias-airports\/#breadcrumb\",\"itemListElement\":[{\"@type\":\"ListItem\",\"position\":1,\"name\":\"Home\",\"item\":\"https:\/\/airportsmokinglounge.com\/\"},{\"@type\":\"ListItem\",\"position\":2,\"name\":\"Smoking areas in Namibia&#8217;s airports\"}]},{\"@type\":\"WebSite\",\"@id\":\"https:\/\/airportsmokinglounge.com\/#website\",\"url\":\"https:\/\/airportsmokinglounge.com\/\",\"name\":\"airportsmokinglounge.com\",\"description\":\"\",\"potentialAction\":[{\"@type\":\"SearchAction\",\"target\":{\"@type\":\"EntryPoint\",\"urlTemplate\":\"https:\/\/airportsmokinglounge.com\/?s={search_term_string}\"},\"query-input\":{\"@type\":\"PropertyValueSpecification\",\"valueRequired\":true,\"valueName\":\"search_term_string\"}}],\"inLanguage\":\"nl-NL\"}]}<\/script>\n<!-- \/ Yoast SEO plugin. -->","yoast_head_json":{"title":"Rookruimtes op de luchthavens van Namibi\u00eb - airportsmokinglounge.com","description":"Rookruimtes op de luchthavens van Namibi\u00eb - Uw ultieme gids voor het vinden van een plek om te roken \u2714\ufe0e Vind uw volgende plek om te roken \u2714\ufe0e","robots":{"index":"index","follow":"follow","max-snippet":"max-snippet:-1","max-image-preview":"max-image-preview:large","max-video-preview":"max-video-preview:-1"},"canonical":"https:\/\/airportsmokinglounge.com\/nl\/rookruimtes-op-namibische-luchthavens\/","og_locale":"nl_NL","og_type":"article","og_title":"Smoking areas in Namibia's airports - airportsmokinglounge.com","og_description":"Smoking Areas in Namibia's Airports - Your Ultimate Guide to Finding a Place to Smoke \u2714\ufe0e Find Your Next Smoke Break Spot \u2714\ufe0e","og_url":"https:\/\/airportsmokinglounge.com\/nl\/rookruimtes-op-namibische-luchthavens\/","og_site_name":"airportsmokinglounge.com","article_modified_time":"2023-05-09T14:09:23+00:00","og_image":[{"width":2048,"height":1152,"url":"https:\/\/airportsmokinglounge.com\/wp-content\/uploads\/2023\/03\/airport-smoking-lounge-4.jpg","type":"image\/jpeg"}],"twitter_card":"summary_large_image","twitter_misc":{"Geschatte leestijd":"2 minuten"},"schema":{"@context":"https:\/\/schema.org","@graph":[{"@type":"WebPage","@id":"https:\/\/airportsmokinglounge.com\/smoking-areas-in-namibias-airports\/","url":"https:\/\/airportsmokinglounge.com\/smoking-areas-in-namibias-airports\/","name":"Rookruimtes op de luchthavens van Namibi\u00eb - airportsmokinglounge.com","isPartOf":{"@id":"https:\/\/airportsmokinglounge.com\/#website"},"primaryImageOfPage":{"@id":"https:\/\/airportsmokinglounge.com\/smoking-areas-in-namibias-airports\/#primaryimage"},"image":{"@id":"https:\/\/airportsmokinglounge.com\/smoking-areas-in-namibias-airports\/#primaryimage"},"thumbnailUrl":"https:\/\/airportsmokinglounge.com\/wp-content\/uploads\/2023\/03\/airport-smoking-lounge-4.jpg","datePublished":"2023-04-11T12:14:05+00:00","dateModified":"2023-05-09T14:09:23+00:00","description":"Rookruimtes op de luchthavens van Namibi\u00eb - Uw ultieme gids voor het vinden van een plek om te roken \u2714\ufe0e Vind uw volgende plek om te roken \u2714\ufe0e","breadcrumb":{"@id":"https:\/\/airportsmokinglounge.com\/smoking-areas-in-namibias-airports\/#breadcrumb"},"inLanguage":"nl-NL","potentialAction":[{"@type":"ReadAction","target":["https:\/\/airportsmokinglounge.com\/smoking-areas-in-namibias-airports\/"]}]},{"@type":"ImageObject","inLanguage":"nl-NL","@id":"https:\/\/airportsmokinglounge.com\/smoking-areas-in-namibias-airports\/#primaryimage","url":"https:\/\/airportsmokinglounge.com\/wp-content\/uploads\/2023\/03\/airport-smoking-lounge-4.jpg","contentUrl":"https:\/\/airportsmokinglounge.com\/wp-content\/uploads\/2023\/03\/airport-smoking-lounge-4.jpg","width":2048,"height":1152,"caption":"Airport Smoking"},{"@type":"BreadcrumbList","@id":"https:\/\/airportsmokinglounge.com\/smoking-areas-in-namibias-airports\/#breadcrumb","itemListElement":[{"@type":"ListItem","position":1,"name":"Home","item":"https:\/\/airportsmokinglounge.com\/"},{"@type":"ListItem","position":2,"name":"Smoking areas in Namibia&#8217;s airports"}]},{"@type":"WebSite","@id":"https:\/\/airportsmokinglounge.com\/#website","url":"https:\/\/airportsmokinglounge.com\/","name":"luchthavenrokenlounge.com","description":"","potentialAction":[{"@type":"SearchAction","target":{"@type":"EntryPoint","urlTemplate":"https:\/\/airportsmokinglounge.com\/?s={search_term_string}"},"query-input":{"@type":"PropertyValueSpecification","valueRequired":true,"valueName":"search_term_string"}}],"inLanguage":"nl-NL"}]}},"_links":{"self":[{"href":"https:\/\/airportsmokinglounge.com\/nl\/wp-json\/wp\/v2\/pages\/2316","targetHints":{"allow":["GET"]}}],"collection":[{"href":"https:\/\/airportsmokinglounge.com\/nl\/wp-json\/wp\/v2\/pages"}],"about":[{"href":"https:\/\/airportsmokinglounge.com\/nl\/wp-json\/wp\/v2\/types\/page"}],"author":[{"embeddable":true,"href":"https:\/\/airportsmokinglounge.com\/nl\/wp-json\/wp\/v2\/users\/1"}],"replies":[{"embeddable":true,"href":"https:\/\/airportsmokinglounge.com\/nl\/wp-json\/wp\/v2\/comments?post=2316"}],"version-history":[{"count":5,"href":"https:\/\/airportsmokinglounge.com\/nl\/wp-json\/wp\/v2\/pages\/2316\/revisions"}],"predecessor-version":[{"id":4693,"href":"https:\/\/airportsmokinglounge.com\/nl\/wp-json\/wp\/v2\/pages\/2316\/revisions\/4693"}],"wp:featuredmedia":[{"embeddable":true,"href":"https:\/\/airportsmokinglounge.com\/nl\/wp-json\/wp\/v2\/media\/1199"}],"wp:attachment":[{"href":"https:\/\/airportsmokinglounge.com\/nl\/wp-json\/wp\/v2\/media?parent=2316"}],"curies":[{"name":"wp","href":"https:\/\/api.w.org\/{rel}","templated":true}]}}