{"id":2424,"date":"2023-04-13T11:12:04","date_gmt":"2023-04-13T09:12:04","guid":{"rendered":"https:\/\/airportsmokinglounge.com\/?page_id=2424"},"modified":"2024-01-05T17:57:40","modified_gmt":"2024-01-05T16:57:40","slug":"smoking-areas-at-guadeloupe-pointe-a-pitre-airport-ptp","status":"publish","type":"page","link":"https:\/\/airportsmokinglounge.com\/nl\/rookruimtes-op-guadeloupe-pointe-a-pitre-airport-ptp\/","title":{"rendered":"Rookruimtes op Guadeloupe Pointe-a-Pitre Airport (PTP)"},"content":{"rendered":"<p>Guadeloupe Pointe-\u00e0-Pitre Airport (PTP), ook bekend als Guadeloupe P\u00f4le Cara\u00efbes Airport, is de belangrijkste internationale luchthaven die het Franse overzeese departement Guadeloupe bedient. Gelegen in Pointe-\u00e0-Pitre, de grootste stad van Guadeloupe, fungeert de luchthaven als een essentieel transportknooppunt voor reizigers die deze Caribische bestemming bezoeken.<\/p>\n<h2>Rookruimtes voor de veiligheidscontrole<\/h2>\n<ul>\n<li><span style=\"font-size: 14pt;\">Roken is alleen toegestaan buiten de terminal<\/span><\/li>\n<\/ul>\n<h2>Rookruimtes na veiligheidscontrole<\/h2>\n<ul>\n<li><span style=\"font-size: 14pt;\">In Terminal 1 zijn er na de veiligheidscontrole 2 rookcabines <\/span><span style=\"font-size: 14pt;\">Gate 6 en \u00e9\u00e9n bij Gate 9<\/span><\/li>\n<\/ul>\n<figure id=\"attachment_7250\" aria-describedby=\"caption-attachment-7250\" style=\"width: 480px\" class=\"wp-caption aligncenter\"><img decoding=\"async\" class=\"size-full wp-image-7250\" src=\"https:\/\/airportsmokinglounge.com\/wp-content\/uploads\/2024\/01\/IMG_1588-rotated.jpeg\" alt=\"Rooklounge op Guadeloupe Pointe-a-Pitre Airport (PTP)\" width=\"480\" height=\"640\" srcset=\"https:\/\/airportsmokinglounge.com\/wp-content\/uploads\/2024\/01\/IMG_1588-rotated.jpeg 480w, https:\/\/airportsmokinglounge.com\/wp-content\/uploads\/2024\/01\/IMG_1588-225x300.jpeg 225w, https:\/\/airportsmokinglounge.com\/wp-content\/uploads\/2024\/01\/IMG_1588-9x12.jpeg 9w\" sizes=\"(max-width: 480px) 100vw, 480px\" \/><figcaption id=\"caption-attachment-7250\" class=\"wp-caption-text\">\u00a9 Michaela Schulze<\/figcaption><\/figure>\n<figure id=\"attachment_7249\" aria-describedby=\"caption-attachment-7249\" style=\"width: 480px\" class=\"wp-caption aligncenter\"><img decoding=\"async\" class=\"size-full wp-image-7249\" src=\"https:\/\/airportsmokinglounge.com\/wp-content\/uploads\/2024\/01\/IMG_1594-rotated.jpeg\" alt=\"Rookruimtes op Guadeloupe Pointe-a-Pitre Airport (PTP)\" width=\"480\" height=\"640\" srcset=\"https:\/\/airportsmokinglounge.com\/wp-content\/uploads\/2024\/01\/IMG_1594-rotated.jpeg 480w, https:\/\/airportsmokinglounge.com\/wp-content\/uploads\/2024\/01\/IMG_1594-225x300.jpeg 225w, https:\/\/airportsmokinglounge.com\/wp-content\/uploads\/2024\/01\/IMG_1594-9x12.jpeg 9w\" sizes=\"(max-width: 480px) 100vw, 480px\" \/><figcaption id=\"caption-attachment-7249\" class=\"wp-caption-text\">\u00a9 Michaela Schulze<\/figcaption><\/figure>\n<p><span style=\"font-size: 14pt;\">Meer informatie op de offici\u00eble website<\/span><\/p>\n<ul>\n<li><a href=\"https:\/\/www.guadeloupe.aeroport.fr\/\" target=\"_blank\" rel=\"noopener\">www.guedeloupe.aeroport.fr<\/a><\/li>\n<\/ul>\n<p><strong><span style=\"font-size: 14pt;\">Stuur ons feedback<\/span><\/strong><\/p>\n<p><span style=\"font-size: 14pt;\">Als u zich op de luchthaven bevindt, bent u meer dan welkom om ons foto&#039;s van de rookruimtes te sturen. Dit zal ons helpen onze database sneller te vullen. Je kan dit doen <strong><a href=\"https:\/\/airportsmokinglounge.com\/nl\/contact\/\">Hier<\/a>.<\/strong> De afbeeldingen worden gepubliceerd op onze website, met vermelding van de bron van de afbeelding (naam). Deel deze foto&#039;s gerust met ons en alle bezoekers van airportsmokinglounge.com<\/span>.<\/p>\n<h2>De rookwet van Guadeloupe<\/h2>\n<p>Guadeloupe is een overzees departement en regio van Frankrijk. Als zodanig volgt het de rookvoorschriften die door Frankrijk zijn ingevoerd. Houd er echter rekening mee dat de wet- en regelgeving op het gebied van roken in de loop van de tijd kan veranderen. Het is dus raadzaam om de meest recente wetgeving te raadplegen of de lokale autoriteiten te raadplegen voor de meest actuele informatie over de rookwetten van Guadeloupe.<\/p>\n<p>In Frankrijk, inclusief de overzeese departementen zoals Guadeloupe, is roken over het algemeen verboden in bepaalde openbare binnenruimtes, zoals overheidsgebouwen, gezondheidszorginstellingen, onderwijsinstellingen en openbaar vervoer. De wet kan ook het roken beperken in gebieden die zijn aangewezen als rookvrije zones, inclusief afgesloten openbare ruimtes en gebieden nabij in- en uitgangen van openbare gebouwen.<\/p>\n<p>De verkoop van tabaksproducten aan minderjarigen onder de 18 jaar is in Frankrijk verboden. Bovendien heeft het land regelgeving ge\u00efmplementeerd op het gebied van tabaksreclame, -promotie en -sponsoring.<\/p>\n<p>Frankrijk heeft stappen ondernomen om het publiek bewust te maken van de gezondheidsrisico&#039;s die samenhangen met roken, door middel van gezondheidscampagnes en waarschuwingen op sigarettenpakjes. Het land heeft ook grafische gezondheidswaarschuwingen op de verpakking van tabaksproducten ge\u00efmplementeerd.<\/p>\n<p>De handhaving van de rookwetten wordt in Guadeloupe, net als in de rest van Frankrijk, over het algemeen gecontroleerd door de relevante autoriteiten, en overtredingen kunnen resulteren in boetes of andere straffen.<\/p>\n<p>Voor de meest nauwkeurige en actuele informatie over de rookwetten van Guadeloupe raden wij u aan de meest recente wetgeving te raadplegen of contact op te nemen met de lokale autoriteiten of gezondheidsorganisaties.<\/p>\n<h3>Veel Gestelde Vragen<\/h3>\n<h4>Zijn de rookruimtes op de luchthaven 24\/7 beschikbaar?<\/h4>\n<p>De beschikbaarheid van rookruimtes op luchthavens kan per luchthaven en locatie verschillen. Sommige rookruimtes zijn 24 uur per dag geopend, andere hebben beperkte openingstijden of zijn op bepaalde tijden gesloten. U kunt het beste contact opnemen met de luchthaven of hun website bezoeken voor specifieke informatie over de openingstijden van de rookruimte.<\/p>\n<h4>Mag ik mijn eigen eten en drinken meenemen in de rookruimte?<\/h4>\n<p>Dit kan afhangen van de specifieke rookruimte en luchthaven. In sommige rookruimtes is eten en drinken buiten toegestaan, terwijl andere beperkingen hebben of het helemaal verbieden. Het is het beste om de bewegwijzering van de luchthaven of de rookruimte te raadplegen voor specifieke regels en voorschriften.<\/p>\n<h4>Is roken toegestaan in alle rookruimtes op de luchthaven?<\/h4>\n<p>Niet in alle rookruimtes op de luchthaven is roken toegestaan. Sommige luchthavens hebben speciale ruimtes voor elektronische sigaretten of vapen, die gescheiden zijn van de traditionele rookruimtes. Zorg ervoor dat u de specifieke regels en voorschriften controleert voor de rookruimte die u van plan bent te gebruiken.<\/p>\n<h4>Zijn rookruimtes voorzien van airconditioning of verwarming?<\/h4>\n<p>De temperatuur en ventilatie van rookruimtes op luchthavens kan sterk vari\u00ebren. Sommige zijn voorzien van airconditioning of verwarming, terwijl andere openluchtruimten zijn met beperkte bescherming tegen de elementen. Neem van tevoren contact op met de luchthaven of bezoek de rookruimte om de voorwaarden te bepalen en dienovereenkomstig voor te bereiden.<\/p>\n<h4>Zijn rookruimtes toegankelijk voor reizigers met een handicap?<\/h4>\n<p>Veel luchthavens hebben zich ingespannen om hun rookruimtes toegankelijk te maken voor reizigers met een handicap. De toegankelijkheid van specifieke rookruimtes kan echter sterk verschillen. Neem zeker contact op met de luchthaven of bezoek de rookruimte van tevoren om te bepalen of deze toegankelijk is en aan uw behoeften voldoet.<\/p>\n<p><span style=\"font-size: 14pt;\"><strong>Rookruimtes in Noord-Amerika:<\/strong><\/span><\/p>\n<ul>\n<li><a href=\"https:\/\/airportsmokinglounge.com\/nl\/roken-in-de-luchthavens-van-noord-amerika\/\"><span style=\"font-size: 14pt;\">Noord-Amerikaanse luchthavens<\/span><\/a><\/li>\n<\/ul>","protected":false},"excerpt":{"rendered":"<p>Guadeloupe Pointe-\u00e0-Pitre Airport (PTP), also known as Guadeloupe P\u00f4le Cara\u00efbes Airport, is the main international airport serving the French overseas department of Guadeloupe. Located in Pointe-\u00e0-Pitre, the largest city in Guadeloupe, the airport serves as a vital transportation hub for travelers visiting this Caribbean destination. Smoking areas before the Security Check Smoking is only allowed&hellip;&nbsp;<a href=\"https:\/\/airportsmokinglounge.com\/nl\/rookruimtes-op-guadeloupe-pointe-a-pitre-airport-ptp\/\" rel=\"bookmark\">Lees meer \u00bb<span class=\"screen-reader-text\">Rookruimtes op Guadeloupe Pointe-a-Pitre Airport (PTP)<\/span><\/a><\/p>","protected":false},"author":1,"featured_media":1199,"parent":0,"menu_order":0,"comment_status":"closed","ping_status":"closed","template":"","meta":{"neve_meta_sidebar":"","neve_meta_container":"","neve_meta_enable_content_width":"off","neve_meta_content_width":100,"neve_meta_title_alignment":"","neve_meta_author_avatar":"","neve_post_elements_order":"","neve_meta_disable_header":"","neve_meta_disable_footer":"","neve_meta_disable_title":"","neve_meta_reading_time":"","footnotes":""},"class_list":["post-2424","page","type-page","status-publish","has-post-thumbnail","hentry"],"yoast_head":"<!-- This site is optimized with the Yoast SEO plugin v26.6 - https:\/\/yoast.com\/wordpress\/plugins\/seo\/ -->\n<title>Smoking areas at Guadeloupe Pointe-a-Pitre Airport (PTP)<\/title>\n<meta name=\"description\" content=\"Smoking areas Guadeloupe Pointe-a-Pitre Airport - Find a smoking area in the airport \u2714\ufe0e Smoking Guide in Airports for Travelers \u2714\ufe0e\" \/>\n<meta name=\"robots\" content=\"index, follow, max-snippet:-1, max-image-preview:large, max-video-preview:-1\" \/>\n<link rel=\"canonical\" href=\"https:\/\/airportsmokinglounge.com\/nl\/rookruimtes-op-guadeloupe-pointe-a-pitre-airport-ptp\/\" \/>\n<meta property=\"og:locale\" content=\"nl_NL\" \/>\n<meta property=\"og:type\" content=\"article\" \/>\n<meta property=\"og:title\" content=\"Smoking areas at Guadeloupe Pointe-a-Pitre Airport (PTP)\" \/>\n<meta property=\"og:description\" content=\"Smoking areas Guadeloupe Pointe-a-Pitre Airport - Find a smoking area in the airport \u2714\ufe0e Smoking Guide in Airports for Travelers \u2714\ufe0e\" \/>\n<meta property=\"og:url\" content=\"https:\/\/airportsmokinglounge.com\/nl\/rookruimtes-op-guadeloupe-pointe-a-pitre-airport-ptp\/\" \/>\n<meta property=\"og:site_name\" content=\"airportsmokinglounge.com\" \/>\n<meta property=\"article:modified_time\" content=\"2024-01-05T16:57:40+00:00\" \/>\n<meta property=\"og:image\" content=\"https:\/\/airportsmokinglounge.com\/wp-content\/uploads\/2023\/03\/airport-smoking-lounge-4.jpg\" \/>\n\t<meta property=\"og:image:width\" content=\"2048\" \/>\n\t<meta property=\"og:image:height\" content=\"1152\" \/>\n\t<meta property=\"og:image:type\" content=\"image\/jpeg\" \/>\n<meta name=\"twitter:card\" content=\"summary_large_image\" \/>\n<meta name=\"twitter:label1\" content=\"Geschatte leestijd\" \/>\n\t<meta name=\"twitter:data1\" content=\"4 minuten\" \/>\n<script type=\"application\/ld+json\" class=\"yoast-schema-graph\">{\"@context\":\"https:\/\/schema.org\",\"@graph\":[{\"@type\":\"WebPage\",\"@id\":\"https:\/\/airportsmokinglounge.com\/smoking-areas-at-guadeloupe-pointe-a-pitre-airport-ptp\/\",\"url\":\"https:\/\/airportsmokinglounge.com\/smoking-areas-at-guadeloupe-pointe-a-pitre-airport-ptp\/\",\"name\":\"Smoking areas at Guadeloupe Pointe-a-Pitre Airport (PTP)\",\"isPartOf\":{\"@id\":\"https:\/\/airportsmokinglounge.com\/#website\"},\"primaryImageOfPage\":{\"@id\":\"https:\/\/airportsmokinglounge.com\/smoking-areas-at-guadeloupe-pointe-a-pitre-airport-ptp\/#primaryimage\"},\"image\":{\"@id\":\"https:\/\/airportsmokinglounge.com\/smoking-areas-at-guadeloupe-pointe-a-pitre-airport-ptp\/#primaryimage\"},\"thumbnailUrl\":\"https:\/\/airportsmokinglounge.com\/wp-content\/uploads\/2023\/03\/airport-smoking-lounge-4.jpg\",\"datePublished\":\"2023-04-13T09:12:04+00:00\",\"dateModified\":\"2024-01-05T16:57:40+00:00\",\"description\":\"Smoking areas Guadeloupe Pointe-a-Pitre Airport - Find a smoking area in the airport \u2714\ufe0e Smoking Guide in Airports for Travelers \u2714\ufe0e\",\"breadcrumb\":{\"@id\":\"https:\/\/airportsmokinglounge.com\/smoking-areas-at-guadeloupe-pointe-a-pitre-airport-ptp\/#breadcrumb\"},\"inLanguage\":\"nl-NL\",\"potentialAction\":[{\"@type\":\"ReadAction\",\"target\":[\"https:\/\/airportsmokinglounge.com\/smoking-areas-at-guadeloupe-pointe-a-pitre-airport-ptp\/\"]}]},{\"@type\":\"ImageObject\",\"inLanguage\":\"nl-NL\",\"@id\":\"https:\/\/airportsmokinglounge.com\/smoking-areas-at-guadeloupe-pointe-a-pitre-airport-ptp\/#primaryimage\",\"url\":\"https:\/\/airportsmokinglounge.com\/wp-content\/uploads\/2023\/03\/airport-smoking-lounge-4.jpg\",\"contentUrl\":\"https:\/\/airportsmokinglounge.com\/wp-content\/uploads\/2023\/03\/airport-smoking-lounge-4.jpg\",\"width\":2048,\"height\":1152,\"caption\":\"Airport Smoking\"},{\"@type\":\"BreadcrumbList\",\"@id\":\"https:\/\/airportsmokinglounge.com\/smoking-areas-at-guadeloupe-pointe-a-pitre-airport-ptp\/#breadcrumb\",\"itemListElement\":[{\"@type\":\"ListItem\",\"position\":1,\"name\":\"Home\",\"item\":\"https:\/\/airportsmokinglounge.com\/\"},{\"@type\":\"ListItem\",\"position\":2,\"name\":\"Smoking areas at Guadeloupe Pointe-a-Pitre Airport (PTP)\"}]},{\"@type\":\"WebSite\",\"@id\":\"https:\/\/airportsmokinglounge.com\/#website\",\"url\":\"https:\/\/airportsmokinglounge.com\/\",\"name\":\"airportsmokinglounge.com\",\"description\":\"\",\"potentialAction\":[{\"@type\":\"SearchAction\",\"target\":{\"@type\":\"EntryPoint\",\"urlTemplate\":\"https:\/\/airportsmokinglounge.com\/?s={search_term_string}\"},\"query-input\":{\"@type\":\"PropertyValueSpecification\",\"valueRequired\":true,\"valueName\":\"search_term_string\"}}],\"inLanguage\":\"nl-NL\"}]}<\/script>\n<!-- \/ Yoast SEO plugin. -->","yoast_head_json":{"title":"Rookruimtes op Guadeloupe Pointe-a-Pitre Airport (PTP)","description":"Rookruimtes Guadeloupe Pointe-a-Pitre Airport - Zoek een rookruimte op de luchthaven \u2714\ufe0e Rookgids op luchthavens voor reizigers \u2714\ufe0e","robots":{"index":"index","follow":"follow","max-snippet":"max-snippet:-1","max-image-preview":"max-image-preview:large","max-video-preview":"max-video-preview:-1"},"canonical":"https:\/\/airportsmokinglounge.com\/nl\/rookruimtes-op-guadeloupe-pointe-a-pitre-airport-ptp\/","og_locale":"nl_NL","og_type":"article","og_title":"Smoking areas at Guadeloupe Pointe-a-Pitre Airport (PTP)","og_description":"Smoking areas Guadeloupe Pointe-a-Pitre Airport - Find a smoking area in the airport \u2714\ufe0e Smoking Guide in Airports for Travelers \u2714\ufe0e","og_url":"https:\/\/airportsmokinglounge.com\/nl\/rookruimtes-op-guadeloupe-pointe-a-pitre-airport-ptp\/","og_site_name":"airportsmokinglounge.com","article_modified_time":"2024-01-05T16:57:40+00:00","og_image":[{"width":2048,"height":1152,"url":"https:\/\/airportsmokinglounge.com\/wp-content\/uploads\/2023\/03\/airport-smoking-lounge-4.jpg","type":"image\/jpeg"}],"twitter_card":"summary_large_image","twitter_misc":{"Geschatte leestijd":"4 minuten"},"schema":{"@context":"https:\/\/schema.org","@graph":[{"@type":"WebPage","@id":"https:\/\/airportsmokinglounge.com\/smoking-areas-at-guadeloupe-pointe-a-pitre-airport-ptp\/","url":"https:\/\/airportsmokinglounge.com\/smoking-areas-at-guadeloupe-pointe-a-pitre-airport-ptp\/","name":"Rookruimtes op Guadeloupe Pointe-a-Pitre Airport (PTP)","isPartOf":{"@id":"https:\/\/airportsmokinglounge.com\/#website"},"primaryImageOfPage":{"@id":"https:\/\/airportsmokinglounge.com\/smoking-areas-at-guadeloupe-pointe-a-pitre-airport-ptp\/#primaryimage"},"image":{"@id":"https:\/\/airportsmokinglounge.com\/smoking-areas-at-guadeloupe-pointe-a-pitre-airport-ptp\/#primaryimage"},"thumbnailUrl":"https:\/\/airportsmokinglounge.com\/wp-content\/uploads\/2023\/03\/airport-smoking-lounge-4.jpg","datePublished":"2023-04-13T09:12:04+00:00","dateModified":"2024-01-05T16:57:40+00:00","description":"Rookruimtes Guadeloupe Pointe-a-Pitre Airport - Zoek een rookruimte op de luchthaven \u2714\ufe0e Rookgids op luchthavens voor reizigers \u2714\ufe0e","breadcrumb":{"@id":"https:\/\/airportsmokinglounge.com\/smoking-areas-at-guadeloupe-pointe-a-pitre-airport-ptp\/#breadcrumb"},"inLanguage":"nl-NL","potentialAction":[{"@type":"ReadAction","target":["https:\/\/airportsmokinglounge.com\/smoking-areas-at-guadeloupe-pointe-a-pitre-airport-ptp\/"]}]},{"@type":"ImageObject","inLanguage":"nl-NL","@id":"https:\/\/airportsmokinglounge.com\/smoking-areas-at-guadeloupe-pointe-a-pitre-airport-ptp\/#primaryimage","url":"https:\/\/airportsmokinglounge.com\/wp-content\/uploads\/2023\/03\/airport-smoking-lounge-4.jpg","contentUrl":"https:\/\/airportsmokinglounge.com\/wp-content\/uploads\/2023\/03\/airport-smoking-lounge-4.jpg","width":2048,"height":1152,"caption":"Airport Smoking"},{"@type":"BreadcrumbList","@id":"https:\/\/airportsmokinglounge.com\/smoking-areas-at-guadeloupe-pointe-a-pitre-airport-ptp\/#breadcrumb","itemListElement":[{"@type":"ListItem","position":1,"name":"Home","item":"https:\/\/airportsmokinglounge.com\/"},{"@type":"ListItem","position":2,"name":"Smoking areas at Guadeloupe Pointe-a-Pitre Airport (PTP)"}]},{"@type":"WebSite","@id":"https:\/\/airportsmokinglounge.com\/#website","url":"https:\/\/airportsmokinglounge.com\/","name":"luchthavenrokenlounge.com","description":"","potentialAction":[{"@type":"SearchAction","target":{"@type":"EntryPoint","urlTemplate":"https:\/\/airportsmokinglounge.com\/?s={search_term_string}"},"query-input":{"@type":"PropertyValueSpecification","valueRequired":true,"valueName":"search_term_string"}}],"inLanguage":"nl-NL"}]}},"_links":{"self":[{"href":"https:\/\/airportsmokinglounge.com\/nl\/wp-json\/wp\/v2\/pages\/2424","targetHints":{"allow":["GET"]}}],"collection":[{"href":"https:\/\/airportsmokinglounge.com\/nl\/wp-json\/wp\/v2\/pages"}],"about":[{"href":"https:\/\/airportsmokinglounge.com\/nl\/wp-json\/wp\/v2\/types\/page"}],"author":[{"embeddable":true,"href":"https:\/\/airportsmokinglounge.com\/nl\/wp-json\/wp\/v2\/users\/1"}],"replies":[{"embeddable":true,"href":"https:\/\/airportsmokinglounge.com\/nl\/wp-json\/wp\/v2\/comments?post=2424"}],"version-history":[{"count":5,"href":"https:\/\/airportsmokinglounge.com\/nl\/wp-json\/wp\/v2\/pages\/2424\/revisions"}],"predecessor-version":[{"id":7251,"href":"https:\/\/airportsmokinglounge.com\/nl\/wp-json\/wp\/v2\/pages\/2424\/revisions\/7251"}],"wp:featuredmedia":[{"embeddable":true,"href":"https:\/\/airportsmokinglounge.com\/nl\/wp-json\/wp\/v2\/media\/1199"}],"wp:attachment":[{"href":"https:\/\/airportsmokinglounge.com\/nl\/wp-json\/wp\/v2\/media?parent=2424"}],"curies":[{"name":"wp","href":"https:\/\/api.w.org\/{rel}","templated":true}]}}