{"id":349,"date":"2023-03-02T20:51:23","date_gmt":"2023-03-02T19:51:23","guid":{"rendered":"https:\/\/airportsmokinglounge.com\/?page_id=349"},"modified":"2023-05-21T19:25:34","modified_gmt":"2023-05-21T17:25:34","slug":"smoking-areas-in-ethiopia-airports","status":"publish","type":"page","link":"https:\/\/airportsmokinglounge.com\/nl\/rookruimtes-in-ethiopie-luchthavens\/","title":{"rendered":"Rookruimtes op luchthavens in Ethiopi\u00eb"},"content":{"rendered":"<p>Ethiopi\u00eb heeft verschillende luchthavens, vari\u00ebrend van kleine regionale luchthavens tot grotere internationale hubs.<\/p>\n<p>Op deze website vind je alle rookruimtes op luchthavens, inclusief aangewezen rookruimtes en beschikbare faciliteiten. We begrijpen de frustratie om alleen door de beveiliging te gaan om te ontdekken dat er nergens rookruimtes zijn en dat in sommige gevallen e-sigaretten niet zijn toegestaan.<\/p>\n<p>Deze service is voor alle rokers die voor of na een lange vlucht willen genieten van een sigaret.<\/p>\n<h2>Luchthavens in Ethiopi\u00eb<\/h2>\n<ul style=\"list-style-type: circle;\">\n<li><a href=\"https:\/\/airportsmokinglounge.com\/nl\/rookruimtes-op-addis-ababa-bole-airport-add\/\">ADDIS ABABA BOLE INTERNATIONALE LUCHTHAVEN (ADD)<\/a><\/li>\n<li><a href=\"https:\/\/airportsmokinglounge.com\/nl\/rookruimtes-bij-dire-dawa-aba-tenna-luchthaven-dir\/\">DIRE DAWA \u2013 ABA TENNA DEJAZMACH YILMA INTERNATIONALE LUCHTHAVEN (DIR)<\/a><\/li>\n<li><a href=\"https:\/\/airportsmokinglounge.com\/nl\/rookruimtes-op-jigjiga-garad-wilwal-airport-jij\/\">Luchthaven Jigjiga Garad Wilwal (JIJ)<\/a><\/li>\n<\/ul>\n<h2>De rookwet van Ethiopi\u00eb<\/h2>\n<p>Ethiopi\u00eb heeft rookregels ingevoerd om de volksgezondheid te beschermen en het tabaksgebruik te verminderen. Houd er echter rekening mee dat rookwetten en -voorschriften in de loop van de tijd kunnen veranderen, dus het is raadzaam om de meest recente wetgeving te raadplegen of lokale autoriteiten te raadplegen voor de meest actuele informatie over de rookwetten in Ethiopi\u00eb.<\/p>\n<p>In Ethiopi\u00eb is roken over het algemeen verboden in bepaalde openbare binnenruimten, waaronder overheidsgebouwen, zorginstellingen, onderwijsinstellingen en openbaar vervoer. De wet beperkt ook het roken in gebieden die zijn aangewezen als rookvrije zones, zoals afgesloten openbare ruimtes en gebieden bij in- en uitgangen van openbare gebouwen.<\/p>\n<p>De verkoop van tabaksproducten aan minderjarigen onder de 18 jaar is doorgaans verboden in Ethiopi\u00eb. Bovendien kunnen tabaksreclame, -promotie en -sponsoring gereguleerd of beperkt zijn.<\/p>\n<p>Ethiopi\u00eb heeft zich ingespannen om het bewustzijn over de gezondheidsrisico&#039;s van roken te vergroten door middel van gezondheidscampagnes en waarschuwingen op sigarettenpakjes.<\/p>\n<p>Handhaving van rookwetten wordt over het algemeen gecontroleerd door relevante autoriteiten en overtredingen kunnen leiden tot boetes of andere straffen.<\/p>\n<p>Voor de meest accurate en up-to-date informatie over de rookwetten in Ethiopi\u00eb is het raadzaam om de laatste wetgeving te raadplegen of contact op te nemen met lokale autoriteiten of gezondheidsorganisaties.<\/p>\n<p><strong>Meer rookruimtes op de luchthaven\u00a0<\/strong><\/p>\n<ul>\n<li><a href=\"https:\/\/airportsmokinglounge.com\/nl\/roken-in-de-luchthavens-van-noord-amerika\/\">Noord Amerika<\/a><\/li>\n<li><a href=\"https:\/\/airportsmokinglounge.com\/nl\/roken-op-de-luchthavens-van-zuid-amerika\/\">Zuid-Amerika<\/a><\/li>\n<li><a href=\"https:\/\/airportsmokinglounge.com\/nl\/rookruimtes-in-europese-luchthavens\/\">Europa<\/a><\/li>\n<li><a href=\"https:\/\/airportsmokinglounge.com\/nl\/roken-op-luchthavens-in-azie\/\">Azi\u00eb<\/a><\/li>\n<li><a href=\"https:\/\/airportsmokinglounge.com\/nl\/roken-op-luchthavens-in-oceanie\/\">Oceani\u00eb<\/a><\/li>\n<\/ul>","protected":false},"excerpt":{"rendered":"<p>Ethiopia has several airports, ranging from small regional airports to larger international hubs. On this website you can find all smoking areas in airports, including designated smoking areas and available facilities. We understand the frustration of going through security only to find that there are no smoking areas anywhere and in some cases e-cigarettes may&hellip;&nbsp;<a href=\"https:\/\/airportsmokinglounge.com\/nl\/rookruimtes-in-ethiopie-luchthavens\/\" rel=\"bookmark\">Lees meer \u00bb<span class=\"screen-reader-text\">Rookruimtes op luchthavens in Ethiopi\u00eb<\/span><\/a><\/p>","protected":false},"author":1,"featured_media":1199,"parent":0,"menu_order":0,"comment_status":"closed","ping_status":"closed","template":"","meta":{"neve_meta_sidebar":"","neve_meta_container":"","neve_meta_enable_content_width":"off","neve_meta_content_width":100,"neve_meta_title_alignment":"","neve_meta_author_avatar":"","neve_post_elements_order":"","neve_meta_disable_header":"","neve_meta_disable_footer":"","neve_meta_disable_title":"","neve_meta_reading_time":"","footnotes":""},"class_list":["post-349","page","type-page","status-publish","has-post-thumbnail","hentry"],"yoast_head":"<!-- This site is optimized with the Yoast SEO plugin v26.6 - https:\/\/yoast.com\/wordpress\/plugins\/seo\/ -->\n<title>Smoking areas in Ethiopia airports - airportsmokinglounge.com<\/title>\n<meta name=\"description\" content=\"Smoking Areas in Ethiopia Airports - Your Ultimate Guide to Finding a Place to Smoke \u2714\ufe0e Find Your Next Smoke Break Spot \u2714\ufe0e\" \/>\n<meta name=\"robots\" content=\"index, follow, max-snippet:-1, max-image-preview:large, max-video-preview:-1\" \/>\n<link rel=\"canonical\" href=\"https:\/\/airportsmokinglounge.com\/nl\/rookruimtes-in-ethiopie-luchthavens\/\" \/>\n<meta property=\"og:locale\" content=\"nl_NL\" \/>\n<meta property=\"og:type\" content=\"article\" \/>\n<meta property=\"og:title\" content=\"Smoking areas in Ethiopia airports - airportsmokinglounge.com\" \/>\n<meta property=\"og:description\" content=\"Smoking Areas in Ethiopia Airports - Your Ultimate Guide to Finding a Place to Smoke \u2714\ufe0e Find Your Next Smoke Break Spot \u2714\ufe0e\" \/>\n<meta property=\"og:url\" content=\"https:\/\/airportsmokinglounge.com\/nl\/rookruimtes-in-ethiopie-luchthavens\/\" \/>\n<meta property=\"og:site_name\" content=\"airportsmokinglounge.com\" \/>\n<meta property=\"article:modified_time\" content=\"2023-05-21T17:25:34+00:00\" \/>\n<meta property=\"og:image\" content=\"https:\/\/airportsmokinglounge.com\/wp-content\/uploads\/2023\/03\/airport-smoking-lounge-4.jpg\" \/>\n\t<meta property=\"og:image:width\" content=\"2048\" \/>\n\t<meta property=\"og:image:height\" content=\"1152\" \/>\n\t<meta property=\"og:image:type\" content=\"image\/jpeg\" \/>\n<meta name=\"twitter:card\" content=\"summary_large_image\" \/>\n<meta name=\"twitter:label1\" content=\"Geschatte leestijd\" \/>\n\t<meta name=\"twitter:data1\" content=\"2 minuten\" \/>\n<script type=\"application\/ld+json\" class=\"yoast-schema-graph\">{\"@context\":\"https:\/\/schema.org\",\"@graph\":[{\"@type\":\"WebPage\",\"@id\":\"https:\/\/airportsmokinglounge.com\/smoking-areas-in-ethiopia-airports\/\",\"url\":\"https:\/\/airportsmokinglounge.com\/smoking-areas-in-ethiopia-airports\/\",\"name\":\"Smoking areas in Ethiopia airports - airportsmokinglounge.com\",\"isPartOf\":{\"@id\":\"https:\/\/airportsmokinglounge.com\/#website\"},\"primaryImageOfPage\":{\"@id\":\"https:\/\/airportsmokinglounge.com\/smoking-areas-in-ethiopia-airports\/#primaryimage\"},\"image\":{\"@id\":\"https:\/\/airportsmokinglounge.com\/smoking-areas-in-ethiopia-airports\/#primaryimage\"},\"thumbnailUrl\":\"https:\/\/airportsmokinglounge.com\/wp-content\/uploads\/2023\/03\/airport-smoking-lounge-4.jpg\",\"datePublished\":\"2023-03-02T19:51:23+00:00\",\"dateModified\":\"2023-05-21T17:25:34+00:00\",\"description\":\"Smoking Areas in Ethiopia Airports - Your Ultimate Guide to Finding a Place to Smoke \u2714\ufe0e Find Your Next Smoke Break Spot \u2714\ufe0e\",\"breadcrumb\":{\"@id\":\"https:\/\/airportsmokinglounge.com\/smoking-areas-in-ethiopia-airports\/#breadcrumb\"},\"inLanguage\":\"nl-NL\",\"potentialAction\":[{\"@type\":\"ReadAction\",\"target\":[\"https:\/\/airportsmokinglounge.com\/smoking-areas-in-ethiopia-airports\/\"]}]},{\"@type\":\"ImageObject\",\"inLanguage\":\"nl-NL\",\"@id\":\"https:\/\/airportsmokinglounge.com\/smoking-areas-in-ethiopia-airports\/#primaryimage\",\"url\":\"https:\/\/airportsmokinglounge.com\/wp-content\/uploads\/2023\/03\/airport-smoking-lounge-4.jpg\",\"contentUrl\":\"https:\/\/airportsmokinglounge.com\/wp-content\/uploads\/2023\/03\/airport-smoking-lounge-4.jpg\",\"width\":2048,\"height\":1152,\"caption\":\"Airport Smoking\"},{\"@type\":\"BreadcrumbList\",\"@id\":\"https:\/\/airportsmokinglounge.com\/smoking-areas-in-ethiopia-airports\/#breadcrumb\",\"itemListElement\":[{\"@type\":\"ListItem\",\"position\":1,\"name\":\"Home\",\"item\":\"https:\/\/airportsmokinglounge.com\/\"},{\"@type\":\"ListItem\",\"position\":2,\"name\":\"Smoking areas in Ethiopia airports\"}]},{\"@type\":\"WebSite\",\"@id\":\"https:\/\/airportsmokinglounge.com\/#website\",\"url\":\"https:\/\/airportsmokinglounge.com\/\",\"name\":\"airportsmokinglounge.com\",\"description\":\"\",\"potentialAction\":[{\"@type\":\"SearchAction\",\"target\":{\"@type\":\"EntryPoint\",\"urlTemplate\":\"https:\/\/airportsmokinglounge.com\/?s={search_term_string}\"},\"query-input\":{\"@type\":\"PropertyValueSpecification\",\"valueRequired\":true,\"valueName\":\"search_term_string\"}}],\"inLanguage\":\"nl-NL\"}]}<\/script>\n<!-- \/ Yoast SEO plugin. -->","yoast_head_json":{"title":"Rookruimtes op luchthavens in Ethiopi\u00eb - airportsmokinglounge.com","description":"Rookruimtes op luchthavens in Ethiopi\u00eb - Uw ultieme gids voor het vinden van een plek om te roken \u2714\ufe0e Vind uw volgende rookpauzeplek \u2714\ufe0e","robots":{"index":"index","follow":"follow","max-snippet":"max-snippet:-1","max-image-preview":"max-image-preview:large","max-video-preview":"max-video-preview:-1"},"canonical":"https:\/\/airportsmokinglounge.com\/nl\/rookruimtes-in-ethiopie-luchthavens\/","og_locale":"nl_NL","og_type":"article","og_title":"Smoking areas in Ethiopia airports - airportsmokinglounge.com","og_description":"Smoking Areas in Ethiopia Airports - Your Ultimate Guide to Finding a Place to Smoke \u2714\ufe0e Find Your Next Smoke Break Spot \u2714\ufe0e","og_url":"https:\/\/airportsmokinglounge.com\/nl\/rookruimtes-in-ethiopie-luchthavens\/","og_site_name":"airportsmokinglounge.com","article_modified_time":"2023-05-21T17:25:34+00:00","og_image":[{"width":2048,"height":1152,"url":"https:\/\/airportsmokinglounge.com\/wp-content\/uploads\/2023\/03\/airport-smoking-lounge-4.jpg","type":"image\/jpeg"}],"twitter_card":"summary_large_image","twitter_misc":{"Geschatte leestijd":"2 minuten"},"schema":{"@context":"https:\/\/schema.org","@graph":[{"@type":"WebPage","@id":"https:\/\/airportsmokinglounge.com\/smoking-areas-in-ethiopia-airports\/","url":"https:\/\/airportsmokinglounge.com\/smoking-areas-in-ethiopia-airports\/","name":"Rookruimtes op luchthavens in Ethiopi\u00eb - airportsmokinglounge.com","isPartOf":{"@id":"https:\/\/airportsmokinglounge.com\/#website"},"primaryImageOfPage":{"@id":"https:\/\/airportsmokinglounge.com\/smoking-areas-in-ethiopia-airports\/#primaryimage"},"image":{"@id":"https:\/\/airportsmokinglounge.com\/smoking-areas-in-ethiopia-airports\/#primaryimage"},"thumbnailUrl":"https:\/\/airportsmokinglounge.com\/wp-content\/uploads\/2023\/03\/airport-smoking-lounge-4.jpg","datePublished":"2023-03-02T19:51:23+00:00","dateModified":"2023-05-21T17:25:34+00:00","description":"Rookruimtes op luchthavens in Ethiopi\u00eb - Uw ultieme gids voor het vinden van een plek om te roken \u2714\ufe0e Vind uw volgende rookpauzeplek \u2714\ufe0e","breadcrumb":{"@id":"https:\/\/airportsmokinglounge.com\/smoking-areas-in-ethiopia-airports\/#breadcrumb"},"inLanguage":"nl-NL","potentialAction":[{"@type":"ReadAction","target":["https:\/\/airportsmokinglounge.com\/smoking-areas-in-ethiopia-airports\/"]}]},{"@type":"ImageObject","inLanguage":"nl-NL","@id":"https:\/\/airportsmokinglounge.com\/smoking-areas-in-ethiopia-airports\/#primaryimage","url":"https:\/\/airportsmokinglounge.com\/wp-content\/uploads\/2023\/03\/airport-smoking-lounge-4.jpg","contentUrl":"https:\/\/airportsmokinglounge.com\/wp-content\/uploads\/2023\/03\/airport-smoking-lounge-4.jpg","width":2048,"height":1152,"caption":"Airport Smoking"},{"@type":"BreadcrumbList","@id":"https:\/\/airportsmokinglounge.com\/smoking-areas-in-ethiopia-airports\/#breadcrumb","itemListElement":[{"@type":"ListItem","position":1,"name":"Home","item":"https:\/\/airportsmokinglounge.com\/"},{"@type":"ListItem","position":2,"name":"Smoking areas in Ethiopia airports"}]},{"@type":"WebSite","@id":"https:\/\/airportsmokinglounge.com\/#website","url":"https:\/\/airportsmokinglounge.com\/","name":"luchthavenrokenlounge.com","description":"","potentialAction":[{"@type":"SearchAction","target":{"@type":"EntryPoint","urlTemplate":"https:\/\/airportsmokinglounge.com\/?s={search_term_string}"},"query-input":{"@type":"PropertyValueSpecification","valueRequired":true,"valueName":"search_term_string"}}],"inLanguage":"nl-NL"}]}},"_links":{"self":[{"href":"https:\/\/airportsmokinglounge.com\/nl\/wp-json\/wp\/v2\/pages\/349","targetHints":{"allow":["GET"]}}],"collection":[{"href":"https:\/\/airportsmokinglounge.com\/nl\/wp-json\/wp\/v2\/pages"}],"about":[{"href":"https:\/\/airportsmokinglounge.com\/nl\/wp-json\/wp\/v2\/types\/page"}],"author":[{"embeddable":true,"href":"https:\/\/airportsmokinglounge.com\/nl\/wp-json\/wp\/v2\/users\/1"}],"replies":[{"embeddable":true,"href":"https:\/\/airportsmokinglounge.com\/nl\/wp-json\/wp\/v2\/comments?post=349"}],"version-history":[{"count":6,"href":"https:\/\/airportsmokinglounge.com\/nl\/wp-json\/wp\/v2\/pages\/349\/revisions"}],"predecessor-version":[{"id":5540,"href":"https:\/\/airportsmokinglounge.com\/nl\/wp-json\/wp\/v2\/pages\/349\/revisions\/5540"}],"wp:featuredmedia":[{"embeddable":true,"href":"https:\/\/airportsmokinglounge.com\/nl\/wp-json\/wp\/v2\/media\/1199"}],"wp:attachment":[{"href":"https:\/\/airportsmokinglounge.com\/nl\/wp-json\/wp\/v2\/media?parent=349"}],"curies":[{"name":"wp","href":"https:\/\/api.w.org\/{rel}","templated":true}]}}