{"id":404,"date":"2023-03-07T09:59:29","date_gmt":"2023-03-07T08:59:29","guid":{"rendered":"https:\/\/airportsmokinglounge.com\/?page_id=404"},"modified":"2023-05-22T23:03:43","modified_gmt":"2023-05-22T21:03:43","slug":"smoking-areas-in-indonesias-airports","status":"publish","type":"page","link":"https:\/\/airportsmokinglounge.com\/nl\/rookruimtes-in-indonesie-luchthavens\/","title":{"rendered":"Rookruimtes op de Indonesische luchthavens"},"content":{"rendered":"<p>Indonesi\u00eb heeft verschillende luchthavens, vari\u00ebrend van kleine regionale luchthavens tot grotere internationale hubs.<\/p>\n<p>Op deze website vind je alle rookruimtes op luchthavens, inclusief aangewezen rookruimtes en beschikbare faciliteiten. We begrijpen de frustratie om alleen door de beveiliging te gaan om te ontdekken dat er nergens rookruimtes zijn en dat in sommige gevallen e-sigaretten niet zijn toegestaan.<\/p>\n<p>Deze service is voor alle rokers die voor of na een lange vlucht willen genieten van een sigaret.<\/p>\n<h2>Luchthavens in Indonesi\u00eb<\/h2>\n<ul style=\"list-style-type: circle;\">\n<li><a href=\"https:\/\/airportsmokinglounge.com\/nl\/rookruimtes-op-jakarta-international-airport-cgk\/\">JAKARTA \u2013 INTERNATIONALE LUCHTHAVEN SOEKARNO-HATTA (CGK)<\/a><\/li>\n<li><a href=\"https:\/\/airportsmokinglounge.com\/nl\/rookruimtes-op-bali-denpasar-international-airport-dps\/\">DENPASAR-BALI \u2013 NGURAH RAI INTERNATIONALE LUCHTHAVEN (DPS)<\/a><\/li>\n<li><a href=\"https:\/\/airportsmokinglounge.com\/nl\/rookruimtes-op-surabaya-international-airport-sub\/\">SURABAYA \u2013 JUANDA INTERNATIONALE LUCHTHAVEN (SUB)<\/a><\/li>\n<li><a href=\"https:\/\/airportsmokinglounge.com\/nl\/rookruimtes-op-makassar-international-airport-upg\/\">MAKASSAR HASANUDDIN INTERNATIONALE LUCHTHAVEN (UPG)<\/a><\/li>\n<li><a href=\"https:\/\/airportsmokinglounge.com\/nl\/rookruimtes-op-lombok-international-airport-lop\/\">INTERNATIONALE LUCHTHAVEN VAN LOMBOK (LOP)<\/a><\/li>\n<li><a href=\"https:\/\/airportsmokinglounge.com\/nl\/rookruimtes-op-manado-international-airport-mdc\/\">MANADO \u2013 SAM RATULANGI LUCHTHAVEN (MDC)<\/a><\/li>\n<li><a href=\"https:\/\/airportsmokinglounge.com\/nl\/rookruimtes-op-batam-eiland-hang-nadim-international-airport-bth\/\">BATAM EILAND \u2013 HANG NADIM INTERNATIONALE LUCHTHAVEN (BTH)<\/a><\/li>\n<\/ul>\n<h2>Rookwet Indonesi\u00eb<\/h2>\n<p>Indonesi\u00eb heeft rookvoorschriften ingevoerd om de volksgezondheidsproblemen in verband met tabaksgebruik aan te pakken. Het is echter belangrijk op te merken dat de wet- en regelgeving op het gebied van roken in Indonesi\u00eb per regio kan vari\u00ebren en dat de handhaving ook kan vari\u00ebren.<\/p>\n<p>In Indonesi\u00eb zijn de rookbeperkingen over het algemeen gericht op bepaalde openbare binnenruimtes, zoals overheidsgebouwen, gezondheidszorginstellingen, onderwijsinstellingen en openbaar vervoer. Er kunnen echter verschillen zijn in de implementatie en handhaving van deze beperkingen.<\/p>\n<p>De verkoop van tabaksproducten aan minderjarigen onder de 18 jaar is in Indonesi\u00eb verboden, maar de handhaving kan vanwege verschillende factoren lastig zijn.<\/p>\n<p>Indonesi\u00eb heeft een aantal regels ingevoerd op het gebied van reclame, promotie en sponsoring voor tabak, maar deze regels zijn mogelijk niet zo uitgebreid als in sommige andere landen.<\/p>\n<p>In Indonesi\u00eb zijn pogingen ondernomen om het publieke bewustzijn over de gezondheidsrisico&#039;s van roken te vergroten, waaronder gezondheidscampagnes en waarschuwingsetiketten op sigarettenverpakkingen. Het land kent momenteel echter geen grafische gezondheidswaarschuwingen op tabaksproducten.<\/p>\n<p>Het is vermeldenswaard dat roken relatief gebruikelijk is in Indonesi\u00eb, en het is een grote uitdaging om de rookregels op alle gebieden volledig te handhaven.<\/p>\n<p>Voor de meest nauwkeurige en actuele informatie over de rookwetten in specifieke steden of regio&#039;s binnen Indonesi\u00eb raden we je aan de lokale regelgeving te raadplegen of contact op te nemen met de lokale autoriteiten of gezondheidsorganisaties.<\/p>\n<p><strong>Meer rookruimtes op de luchthaven\u00a0<\/strong><\/p>\n<ul>\n<li><a href=\"https:\/\/airportsmokinglounge.com\/nl\/roken-in-de-luchthavens-van-noord-amerika\/\">Noord Amerika<\/a><\/li>\n<li><a href=\"https:\/\/airportsmokinglounge.com\/nl\/roken-op-de-luchthavens-van-zuid-amerika\/\">Zuid-Amerika<\/a><\/li>\n<li><a href=\"https:\/\/airportsmokinglounge.com\/nl\/rookruimtes-in-europese-luchthavens\/\">Europa<\/a><\/li>\n<li><a href=\"https:\/\/airportsmokinglounge.com\/nl\/roken-op-luchthavens-in-azie\/\">Azi\u00eb<\/a><\/li>\n<li><a href=\"https:\/\/airportsmokinglounge.com\/nl\/roken-op-luchthavens-in-oceanie\/\">Oceani\u00eb<\/a><\/li>\n<\/ul>","protected":false},"excerpt":{"rendered":"<p>Indonesi\u00eb heeft meerdere luchthavens, vari\u00ebrend van kleine regionale luchthavens tot grotere internationale hubs. Op deze website vindt u alle rookruimtes op luchthavens, inclusief aangewezen rookruimtes en beschikbare faciliteiten. We begrijpen de frustratie van het doorlopen van de beveiliging om er vervolgens achter te komen dat er nergens rookruimtes zijn en in sommige gevallen kunnen e-sigaretten\u2026&nbsp;<a href=\"https:\/\/airportsmokinglounge.com\/nl\/rookruimtes-in-indonesie-luchthavens\/\" rel=\"bookmark\">Lees meer \u00bb<span class=\"screen-reader-text\">Rookruimtes op de Indonesische luchthavens<\/span><\/a><\/p>","protected":false},"author":1,"featured_media":1199,"parent":0,"menu_order":0,"comment_status":"closed","ping_status":"closed","template":"","meta":{"neve_meta_sidebar":"","neve_meta_container":"","neve_meta_enable_content_width":"off","neve_meta_content_width":100,"neve_meta_title_alignment":"","neve_meta_author_avatar":"","neve_post_elements_order":"","neve_meta_disable_header":"","neve_meta_disable_footer":"","neve_meta_disable_title":"","neve_meta_reading_time":"","footnotes":""},"class_list":["post-404","page","type-page","status-publish","has-post-thumbnail","hentry"],"yoast_head":"<!-- This site is optimized with the Yoast SEO plugin v26.6 - https:\/\/yoast.com\/wordpress\/plugins\/seo\/ -->\n<title>Smoking areas in Indonesia&#039;s airports - airportsmokinglounge.com<\/title>\n<meta name=\"description\" content=\"Smoking Areas in Indonesia&#039;s Airports - Your Ultimate Guide to Finding a Place to Smoke \u2714\ufe0e Find Your Next Smoke Break Spot \u2714\ufe0e\" \/>\n<meta name=\"robots\" content=\"index, follow, max-snippet:-1, max-image-preview:large, max-video-preview:-1\" \/>\n<link rel=\"canonical\" href=\"https:\/\/airportsmokinglounge.com\/nl\/rookruimtes-in-indonesie-luchthavens\/\" \/>\n<meta property=\"og:locale\" content=\"nl_NL\" \/>\n<meta property=\"og:type\" content=\"article\" \/>\n<meta property=\"og:title\" content=\"Smoking areas in Indonesia&#039;s airports - airportsmokinglounge.com\" \/>\n<meta property=\"og:description\" content=\"Smoking Areas in Indonesia&#039;s Airports - Your Ultimate Guide to Finding a Place to Smoke \u2714\ufe0e Find Your Next Smoke Break Spot \u2714\ufe0e\" \/>\n<meta property=\"og:url\" content=\"https:\/\/airportsmokinglounge.com\/nl\/rookruimtes-in-indonesie-luchthavens\/\" \/>\n<meta property=\"og:site_name\" content=\"airportsmokinglounge.com\" \/>\n<meta property=\"article:modified_time\" content=\"2023-05-22T21:03:43+00:00\" \/>\n<meta property=\"og:image\" content=\"https:\/\/airportsmokinglounge.com\/wp-content\/uploads\/2023\/03\/airport-smoking-lounge-4.jpg\" \/>\n\t<meta property=\"og:image:width\" content=\"2048\" \/>\n\t<meta property=\"og:image:height\" content=\"1152\" \/>\n\t<meta property=\"og:image:type\" content=\"image\/jpeg\" \/>\n<meta name=\"twitter:card\" content=\"summary_large_image\" \/>\n<meta name=\"twitter:label1\" content=\"Geschatte leestijd\" \/>\n\t<meta name=\"twitter:data1\" content=\"2 minuten\" \/>\n<script type=\"application\/ld+json\" class=\"yoast-schema-graph\">{\"@context\":\"https:\/\/schema.org\",\"@graph\":[{\"@type\":\"WebPage\",\"@id\":\"https:\/\/airportsmokinglounge.com\/smoking-areas-in-indonesias-airports\/\",\"url\":\"https:\/\/airportsmokinglounge.com\/smoking-areas-in-indonesias-airports\/\",\"name\":\"Smoking areas in Indonesia's airports - airportsmokinglounge.com\",\"isPartOf\":{\"@id\":\"https:\/\/airportsmokinglounge.com\/#website\"},\"primaryImageOfPage\":{\"@id\":\"https:\/\/airportsmokinglounge.com\/smoking-areas-in-indonesias-airports\/#primaryimage\"},\"image\":{\"@id\":\"https:\/\/airportsmokinglounge.com\/smoking-areas-in-indonesias-airports\/#primaryimage\"},\"thumbnailUrl\":\"https:\/\/airportsmokinglounge.com\/wp-content\/uploads\/2023\/03\/airport-smoking-lounge-4.jpg\",\"datePublished\":\"2023-03-07T08:59:29+00:00\",\"dateModified\":\"2023-05-22T21:03:43+00:00\",\"description\":\"Smoking Areas in Indonesia's Airports - Your Ultimate Guide to Finding a Place to Smoke \u2714\ufe0e Find Your Next Smoke Break Spot \u2714\ufe0e\",\"breadcrumb\":{\"@id\":\"https:\/\/airportsmokinglounge.com\/smoking-areas-in-indonesias-airports\/#breadcrumb\"},\"inLanguage\":\"nl-NL\",\"potentialAction\":[{\"@type\":\"ReadAction\",\"target\":[\"https:\/\/airportsmokinglounge.com\/smoking-areas-in-indonesias-airports\/\"]}]},{\"@type\":\"ImageObject\",\"inLanguage\":\"nl-NL\",\"@id\":\"https:\/\/airportsmokinglounge.com\/smoking-areas-in-indonesias-airports\/#primaryimage\",\"url\":\"https:\/\/airportsmokinglounge.com\/wp-content\/uploads\/2023\/03\/airport-smoking-lounge-4.jpg\",\"contentUrl\":\"https:\/\/airportsmokinglounge.com\/wp-content\/uploads\/2023\/03\/airport-smoking-lounge-4.jpg\",\"width\":2048,\"height\":1152,\"caption\":\"Airport Smoking\"},{\"@type\":\"BreadcrumbList\",\"@id\":\"https:\/\/airportsmokinglounge.com\/smoking-areas-in-indonesias-airports\/#breadcrumb\",\"itemListElement\":[{\"@type\":\"ListItem\",\"position\":1,\"name\":\"Home\",\"item\":\"https:\/\/airportsmokinglounge.com\/\"},{\"@type\":\"ListItem\",\"position\":2,\"name\":\"Smoking areas in Indonesia&#8217;s airports\"}]},{\"@type\":\"WebSite\",\"@id\":\"https:\/\/airportsmokinglounge.com\/#website\",\"url\":\"https:\/\/airportsmokinglounge.com\/\",\"name\":\"airportsmokinglounge.com\",\"description\":\"\",\"potentialAction\":[{\"@type\":\"SearchAction\",\"target\":{\"@type\":\"EntryPoint\",\"urlTemplate\":\"https:\/\/airportsmokinglounge.com\/?s={search_term_string}\"},\"query-input\":{\"@type\":\"PropertyValueSpecification\",\"valueRequired\":true,\"valueName\":\"search_term_string\"}}],\"inLanguage\":\"nl-NL\"}]}<\/script>\n<!-- \/ Yoast SEO plugin. -->","yoast_head_json":{"title":"Rookruimtes op de Indonesische luchthavens - airportsmokinglounge.com","description":"Rookruimtes op Indonesische luchthavens - Uw ultieme gids voor het vinden van een plek om te roken \u2714\ufe0e Vind uw volgende rookpauzeplek \u2714\ufe0e","robots":{"index":"index","follow":"follow","max-snippet":"max-snippet:-1","max-image-preview":"max-image-preview:large","max-video-preview":"max-video-preview:-1"},"canonical":"https:\/\/airportsmokinglounge.com\/nl\/rookruimtes-in-indonesie-luchthavens\/","og_locale":"nl_NL","og_type":"article","og_title":"Smoking areas in Indonesia's airports - airportsmokinglounge.com","og_description":"Smoking Areas in Indonesia's Airports - Your Ultimate Guide to Finding a Place to Smoke \u2714\ufe0e Find Your Next Smoke Break Spot \u2714\ufe0e","og_url":"https:\/\/airportsmokinglounge.com\/nl\/rookruimtes-in-indonesie-luchthavens\/","og_site_name":"airportsmokinglounge.com","article_modified_time":"2023-05-22T21:03:43+00:00","og_image":[{"width":2048,"height":1152,"url":"https:\/\/airportsmokinglounge.com\/wp-content\/uploads\/2023\/03\/airport-smoking-lounge-4.jpg","type":"image\/jpeg"}],"twitter_card":"summary_large_image","twitter_misc":{"Geschatte leestijd":"2 minuten"},"schema":{"@context":"https:\/\/schema.org","@graph":[{"@type":"WebPage","@id":"https:\/\/airportsmokinglounge.com\/smoking-areas-in-indonesias-airports\/","url":"https:\/\/airportsmokinglounge.com\/smoking-areas-in-indonesias-airports\/","name":"Rookruimtes op de Indonesische luchthavens - airportsmokinglounge.com","isPartOf":{"@id":"https:\/\/airportsmokinglounge.com\/#website"},"primaryImageOfPage":{"@id":"https:\/\/airportsmokinglounge.com\/smoking-areas-in-indonesias-airports\/#primaryimage"},"image":{"@id":"https:\/\/airportsmokinglounge.com\/smoking-areas-in-indonesias-airports\/#primaryimage"},"thumbnailUrl":"https:\/\/airportsmokinglounge.com\/wp-content\/uploads\/2023\/03\/airport-smoking-lounge-4.jpg","datePublished":"2023-03-07T08:59:29+00:00","dateModified":"2023-05-22T21:03:43+00:00","description":"Rookruimtes op Indonesische luchthavens - Uw ultieme gids voor het vinden van een plek om te roken \u2714\ufe0e Vind uw volgende rookpauzeplek \u2714\ufe0e","breadcrumb":{"@id":"https:\/\/airportsmokinglounge.com\/smoking-areas-in-indonesias-airports\/#breadcrumb"},"inLanguage":"nl-NL","potentialAction":[{"@type":"ReadAction","target":["https:\/\/airportsmokinglounge.com\/smoking-areas-in-indonesias-airports\/"]}]},{"@type":"ImageObject","inLanguage":"nl-NL","@id":"https:\/\/airportsmokinglounge.com\/smoking-areas-in-indonesias-airports\/#primaryimage","url":"https:\/\/airportsmokinglounge.com\/wp-content\/uploads\/2023\/03\/airport-smoking-lounge-4.jpg","contentUrl":"https:\/\/airportsmokinglounge.com\/wp-content\/uploads\/2023\/03\/airport-smoking-lounge-4.jpg","width":2048,"height":1152,"caption":"Airport Smoking"},{"@type":"BreadcrumbList","@id":"https:\/\/airportsmokinglounge.com\/smoking-areas-in-indonesias-airports\/#breadcrumb","itemListElement":[{"@type":"ListItem","position":1,"name":"Home","item":"https:\/\/airportsmokinglounge.com\/"},{"@type":"ListItem","position":2,"name":"Smoking areas in Indonesia&#8217;s airports"}]},{"@type":"WebSite","@id":"https:\/\/airportsmokinglounge.com\/#website","url":"https:\/\/airportsmokinglounge.com\/","name":"luchthavenrokenlounge.com","description":"","potentialAction":[{"@type":"SearchAction","target":{"@type":"EntryPoint","urlTemplate":"https:\/\/airportsmokinglounge.com\/?s={search_term_string}"},"query-input":{"@type":"PropertyValueSpecification","valueRequired":true,"valueName":"search_term_string"}}],"inLanguage":"nl-NL"}]}},"_links":{"self":[{"href":"https:\/\/airportsmokinglounge.com\/nl\/wp-json\/wp\/v2\/pages\/404","targetHints":{"allow":["GET"]}}],"collection":[{"href":"https:\/\/airportsmokinglounge.com\/nl\/wp-json\/wp\/v2\/pages"}],"about":[{"href":"https:\/\/airportsmokinglounge.com\/nl\/wp-json\/wp\/v2\/types\/page"}],"author":[{"embeddable":true,"href":"https:\/\/airportsmokinglounge.com\/nl\/wp-json\/wp\/v2\/users\/1"}],"replies":[{"embeddable":true,"href":"https:\/\/airportsmokinglounge.com\/nl\/wp-json\/wp\/v2\/comments?post=404"}],"version-history":[{"count":10,"href":"https:\/\/airportsmokinglounge.com\/nl\/wp-json\/wp\/v2\/pages\/404\/revisions"}],"predecessor-version":[{"id":5828,"href":"https:\/\/airportsmokinglounge.com\/nl\/wp-json\/wp\/v2\/pages\/404\/revisions\/5828"}],"wp:featuredmedia":[{"embeddable":true,"href":"https:\/\/airportsmokinglounge.com\/nl\/wp-json\/wp\/v2\/media\/1199"}],"wp:attachment":[{"href":"https:\/\/airportsmokinglounge.com\/nl\/wp-json\/wp\/v2\/media?parent=404"}],"curies":[{"name":"wp","href":"https:\/\/api.w.org\/{rel}","templated":true}]}}