{"id":5741,"date":"2023-05-22T21:05:12","date_gmt":"2023-05-22T19:05:12","guid":{"rendered":"https:\/\/airportsmokinglounge.com\/?page_id=5741"},"modified":"2023-05-22T21:18:23","modified_gmt":"2023-05-22T19:18:23","slug":"smoking-areas-at-belem-val-de-cans-julio-cezar-ribeiro-international-airport-bel","status":"publish","type":"page","link":"https:\/\/airportsmokinglounge.com\/nl\/rookruimtes-in-belem-val-de-cans-julio-cezar-ribeiro-international-airport-bel\/","title":{"rendered":"Rookruimtes in BEL\u00c9M \u2013 VAL DE CANS\/J\u00daLIO CEZAR RIBEIRO INTERNATIONAL AIRPORT (BEL)"},"content":{"rendered":"<p>Bel\u00e9m \u2013 Val de Cans\/J\u00falio Cezar Ribeiro International Airport (BEL) is de belangrijkste luchthaven die de stad Bel\u00e9m bedient, de hoofdstad van de staat Par\u00e1 in Brazili\u00eb. Het ligt ongeveer 10 kilometer ten noordoosten van het stadscentrum.<\/p>\n<p>De luchthaven is vernoemd naar J\u00falio Cezar Ribeiro de Souza, een Braziliaanse vlieger die een belangrijke rol speelde in de ontwikkeling van de luchtvaart in de regio. Het wordt ook vaak de luchthaven Val de Cans genoemd.<\/p>\n<h2>Rookruimtes voor de veiligheidscontrole<\/h2>\n<ul>\n<li><span style=\"font-size: 14pt;\">Roken is alleen toegestaan buiten de terminal<\/span><\/li>\n<\/ul>\n<h2>Rookruimtes na veiligheidscontrole<\/h2>\n<ul>\n<li><span style=\"font-size: 14pt;\">Momenteel is er geen informatie beschikbaar over rookfaciliteiten op de luchthaven.<\/span><\/li>\n<\/ul>\n<p><strong><span style=\"font-size: 14pt;\">Stuur ons feedback<\/span><\/strong><\/p>\n<p><span style=\"font-size: 14pt;\">Als u zich op de luchthaven bevindt, bent u meer dan welkom om ons foto&#039;s van de rookruimtes te sturen. Dit zal ons helpen onze database sneller te vullen. Je kan dit doen <strong><a href=\"https:\/\/airportsmokinglounge.com\/nl\/contact\/\">Hier<\/a>.<\/strong> De afbeeldingen worden gepubliceerd op onze website, met vermelding van de bron van de afbeelding (naam). Deel deze foto&#039;s gerust met ons en alle bezoekers van airportsmokinglounge.com<\/span>.<\/p>\n<h2>Rookwet in Brazili\u00eb<\/h2>\n<p>Brazili\u00eb heeft rookregels ingevoerd om de volksgezondheid te beschermen en het tabaksgebruik terug te dringen. Houd er echter rekening mee dat de wet- en regelgeving op het gebied van roken in de loop van de tijd kan veranderen. Het is dus raadzaam om de meest recente wetgeving te raadplegen of de plaatselijke autoriteiten te raadplegen voor de meest actuele informatie over de Braziliaanse rookwetten.<\/p>\n<p>In Brazili\u00eb is roken over het algemeen verboden op bepaalde openbare plaatsen binnenshuis, waaronder overheidsgebouwen, gezondheidszorginstellingen, onderwijsinstellingen en openbaar vervoer. De wet kan ook het roken beperken in gebieden die zijn aangewezen als rookvrije zones, zoals afgesloten openbare ruimtes en gebieden nabij in- en uitgangen van openbare gebouwen.<\/p>\n<p>De verkoop van tabaksproducten aan minderjarigen onder de 18 jaar is in Brazili\u00eb verboden. Bovendien heeft het land regelgeving ge\u00efmplementeerd op het gebied van tabaksreclame, -promotie en -sponsoring.<\/p>\n<p>Brazili\u00eb heeft stappen ondernomen om het publieke bewustzijn te vergroten over de gezondheidsrisico&#039;s die samenhangen met roken door middel van gezondheidscampagnes en waarschuwingen op sigarettenpakjes. Het land heeft ook grafische gezondheidswaarschuwingen op de verpakking van tabaksproducten ge\u00efmplementeerd.<\/p>\n<p>Handhaving van rookwetten wordt over het algemeen gecontroleerd door relevante autoriteiten en overtredingen kunnen leiden tot boetes of andere straffen.<\/p>\n<p>Voor de meest nauwkeurige en actuele informatie over de Braziliaanse rookwetgeving raden wij u aan de meest recente wetgeving te raadplegen of contact op te nemen met de lokale autoriteiten of gezondheidsorganisaties.<\/p>\n<h3>Veel Gestelde Vragen<\/h3>\n<h4>Zijn de rookruimtes op de luchthaven 24\/7 beschikbaar?<\/h4>\n<p>De beschikbaarheid van rookruimtes op luchthavens kan per luchthaven en locatie verschillen. Sommige rookruimtes zijn 24 uur per dag geopend, andere hebben beperkte openingstijden of zijn op bepaalde tijden gesloten. U kunt het beste contact opnemen met de luchthaven of hun website bezoeken voor specifieke informatie over de openingstijden van de rookruimte.<\/p>\n<h4>Mag ik mijn eigen eten en drinken meenemen in de rookruimte?<\/h4>\n<p>Dit kan afhangen van de specifieke rookruimte en luchthaven. In sommige rookruimtes is eten en drinken buiten toegestaan, terwijl andere beperkingen hebben of het helemaal verbieden. Het is het beste om de bewegwijzering van de luchthaven of de rookruimte te raadplegen voor specifieke regels en voorschriften.<\/p>\n<h4>Is roken toegestaan in alle rookruimtes op de luchthaven?<\/h4>\n<p>Niet in alle rookruimtes op de luchthaven is roken toegestaan. Sommige luchthavens hebben speciale ruimtes voor elektronische sigaretten of vapen, die gescheiden zijn van de traditionele rookruimtes. Zorg ervoor dat u de specifieke regels en voorschriften controleert voor de rookruimte die u van plan bent te gebruiken.<\/p>\n<h4>Zijn rookruimtes voorzien van airconditioning of verwarming?<\/h4>\n<p>De temperatuur en ventilatie van rookruimtes op luchthavens kan sterk vari\u00ebren. Sommige zijn voorzien van airconditioning of verwarming, terwijl andere openluchtruimten zijn met beperkte bescherming tegen de elementen. Neem van tevoren contact op met de luchthaven of bezoek de rookruimte om de voorwaarden te bepalen en dienovereenkomstig voor te bereiden.<\/p>\n<h4>Zijn rookruimtes toegankelijk voor reizigers met een handicap?<\/h4>\n<p>Veel luchthavens hebben zich ingespannen om hun rookruimtes toegankelijk te maken voor reizigers met een handicap. De toegankelijkheid van specifieke rookruimtes kan echter sterk verschillen. Neem zeker contact op met de luchthaven of bezoek de rookruimte van tevoren om te bepalen of deze toegankelijk is en aan uw behoeften voldoet.<\/p>\n<p><span style=\"font-size: 14pt;\"><strong>Meer luchthavens in Brazili\u00eb:<\/strong> <\/span><\/p>\n<ul>\n<li><a href=\"https:\/\/airportsmokinglounge.com\/nl\/rookruimtes-in-braziliaanse-luchthavens\/\"><span style=\"font-size: 14pt;\">Luchthavens in Brazili\u00eb<\/span><\/a><\/li>\n<\/ul>\n<p><span style=\"font-size: 14pt;\"><strong>Rookruimtes in Zuid-Amerika:<\/strong><\/span><\/p>\n<ul>\n<li><a href=\"https:\/\/airportsmokinglounge.com\/nl\/roken-op-de-luchthavens-van-zuid-amerika\/\"><span style=\"font-size: 14pt;\">Zuid-Amerikaanse luchthavens<\/span><\/a><\/li>\n<\/ul>","protected":false},"excerpt":{"rendered":"<p>Bel\u00e9m \u2013 Val de Cans\/J\u00falio Cezar Ribeiro International Airport (BEL) is the main airport serving the city of Bel\u00e9m, the capital of the state of Par\u00e1 in Brazil. It is located about 10 kilometers northeast of the city center. The airport is named after J\u00falio Cezar Ribeiro de Souza, a Brazilian aviator who played a&hellip;&nbsp;<a href=\"https:\/\/airportsmokinglounge.com\/nl\/rookruimtes-in-belem-val-de-cans-julio-cezar-ribeiro-international-airport-bel\/\" rel=\"bookmark\">Lees meer \u00bb<span class=\"screen-reader-text\">Rookruimtes in BEL\u00c9M \u2013 VAL DE CANS\/J\u00daLIO CEZAR RIBEIRO INTERNATIONAL AIRPORT (BEL)<\/span><\/a><\/p>","protected":false},"author":1,"featured_media":1199,"parent":0,"menu_order":0,"comment_status":"closed","ping_status":"closed","template":"","meta":{"neve_meta_sidebar":"","neve_meta_container":"","neve_meta_enable_content_width":"off","neve_meta_content_width":100,"neve_meta_title_alignment":"","neve_meta_author_avatar":"","neve_post_elements_order":"","neve_meta_disable_header":"","neve_meta_disable_footer":"","neve_meta_disable_title":"","neve_meta_reading_time":"","footnotes":""},"class_list":["post-5741","page","type-page","status-publish","has-post-thumbnail","hentry"],"yoast_head":"<!-- This site is optimized with the Yoast SEO plugin v26.6 - https:\/\/yoast.com\/wordpress\/plugins\/seo\/ -->\n<title>Smoking areas at BEL\u00c9M \u2013 VAL DE CANS\/J\u00daLIO CEZAR RIBEIRO INTERNATIONAL AIRPORT (BEL)<\/title>\n<meta name=\"description\" content=\"Smoking areas at BEL\u00c9M \u2013 VAL DE CANS\/J\u00daLIO CEZAR RIBEIRO INTERNATIONAL AIRPORT (BEL) - Find a smoking area in the airport\" \/>\n<meta name=\"robots\" content=\"index, follow, max-snippet:-1, max-image-preview:large, max-video-preview:-1\" \/>\n<link rel=\"canonical\" href=\"https:\/\/airportsmokinglounge.com\/nl\/rookruimtes-in-belem-val-de-cans-julio-cezar-ribeiro-international-airport-bel\/\" \/>\n<meta property=\"og:locale\" content=\"nl_NL\" \/>\n<meta property=\"og:type\" content=\"article\" \/>\n<meta property=\"og:title\" content=\"Smoking areas at BEL\u00c9M \u2013 VAL DE CANS\/J\u00daLIO CEZAR RIBEIRO INTERNATIONAL AIRPORT (BEL)\" \/>\n<meta property=\"og:description\" content=\"Smoking areas at BEL\u00c9M \u2013 VAL DE CANS\/J\u00daLIO CEZAR RIBEIRO INTERNATIONAL AIRPORT (BEL) - Find a smoking area in the airport\" \/>\n<meta property=\"og:url\" content=\"https:\/\/airportsmokinglounge.com\/nl\/rookruimtes-in-belem-val-de-cans-julio-cezar-ribeiro-international-airport-bel\/\" \/>\n<meta property=\"og:site_name\" content=\"airportsmokinglounge.com\" \/>\n<meta property=\"article:modified_time\" content=\"2023-05-22T19:18:23+00:00\" \/>\n<meta property=\"og:image\" content=\"https:\/\/airportsmokinglounge.com\/wp-content\/uploads\/2023\/03\/airport-smoking-lounge-4.jpg\" \/>\n\t<meta property=\"og:image:width\" content=\"2048\" \/>\n\t<meta property=\"og:image:height\" content=\"1152\" \/>\n\t<meta property=\"og:image:type\" content=\"image\/jpeg\" \/>\n<meta name=\"twitter:card\" content=\"summary_large_image\" \/>\n<meta name=\"twitter:label1\" content=\"Geschatte leestijd\" \/>\n\t<meta name=\"twitter:data1\" content=\"3 minuten\" \/>\n<script type=\"application\/ld+json\" class=\"yoast-schema-graph\">{\"@context\":\"https:\/\/schema.org\",\"@graph\":[{\"@type\":\"WebPage\",\"@id\":\"https:\/\/airportsmokinglounge.com\/smoking-areas-at-belem-val-de-cans-julio-cezar-ribeiro-international-airport-bel\/\",\"url\":\"https:\/\/airportsmokinglounge.com\/smoking-areas-at-belem-val-de-cans-julio-cezar-ribeiro-international-airport-bel\/\",\"name\":\"Smoking areas at BEL\u00c9M \u2013 VAL DE CANS\/J\u00daLIO CEZAR RIBEIRO INTERNATIONAL AIRPORT (BEL)\",\"isPartOf\":{\"@id\":\"https:\/\/airportsmokinglounge.com\/#website\"},\"primaryImageOfPage\":{\"@id\":\"https:\/\/airportsmokinglounge.com\/smoking-areas-at-belem-val-de-cans-julio-cezar-ribeiro-international-airport-bel\/#primaryimage\"},\"image\":{\"@id\":\"https:\/\/airportsmokinglounge.com\/smoking-areas-at-belem-val-de-cans-julio-cezar-ribeiro-international-airport-bel\/#primaryimage\"},\"thumbnailUrl\":\"https:\/\/airportsmokinglounge.com\/wp-content\/uploads\/2023\/03\/airport-smoking-lounge-4.jpg\",\"datePublished\":\"2023-05-22T19:05:12+00:00\",\"dateModified\":\"2023-05-22T19:18:23+00:00\",\"description\":\"Smoking areas at BEL\u00c9M \u2013 VAL DE CANS\/J\u00daLIO CEZAR RIBEIRO INTERNATIONAL AIRPORT (BEL) - Find a smoking area in the airport\",\"breadcrumb\":{\"@id\":\"https:\/\/airportsmokinglounge.com\/smoking-areas-at-belem-val-de-cans-julio-cezar-ribeiro-international-airport-bel\/#breadcrumb\"},\"inLanguage\":\"nl-NL\",\"potentialAction\":[{\"@type\":\"ReadAction\",\"target\":[\"https:\/\/airportsmokinglounge.com\/smoking-areas-at-belem-val-de-cans-julio-cezar-ribeiro-international-airport-bel\/\"]}]},{\"@type\":\"ImageObject\",\"inLanguage\":\"nl-NL\",\"@id\":\"https:\/\/airportsmokinglounge.com\/smoking-areas-at-belem-val-de-cans-julio-cezar-ribeiro-international-airport-bel\/#primaryimage\",\"url\":\"https:\/\/airportsmokinglounge.com\/wp-content\/uploads\/2023\/03\/airport-smoking-lounge-4.jpg\",\"contentUrl\":\"https:\/\/airportsmokinglounge.com\/wp-content\/uploads\/2023\/03\/airport-smoking-lounge-4.jpg\",\"width\":2048,\"height\":1152,\"caption\":\"Airport Smoking\"},{\"@type\":\"BreadcrumbList\",\"@id\":\"https:\/\/airportsmokinglounge.com\/smoking-areas-at-belem-val-de-cans-julio-cezar-ribeiro-international-airport-bel\/#breadcrumb\",\"itemListElement\":[{\"@type\":\"ListItem\",\"position\":1,\"name\":\"Home\",\"item\":\"https:\/\/airportsmokinglounge.com\/\"},{\"@type\":\"ListItem\",\"position\":2,\"name\":\"Smoking areas at BEL\u00c9M \u2013 VAL DE CANS\/J\u00daLIO CEZAR RIBEIRO INTERNATIONAL AIRPORT (BEL)\"}]},{\"@type\":\"WebSite\",\"@id\":\"https:\/\/airportsmokinglounge.com\/#website\",\"url\":\"https:\/\/airportsmokinglounge.com\/\",\"name\":\"airportsmokinglounge.com\",\"description\":\"\",\"potentialAction\":[{\"@type\":\"SearchAction\",\"target\":{\"@type\":\"EntryPoint\",\"urlTemplate\":\"https:\/\/airportsmokinglounge.com\/?s={search_term_string}\"},\"query-input\":{\"@type\":\"PropertyValueSpecification\",\"valueRequired\":true,\"valueName\":\"search_term_string\"}}],\"inLanguage\":\"nl-NL\"}]}<\/script>\n<!-- \/ Yoast SEO plugin. -->","yoast_head_json":{"title":"Rookruimtes in BEL\u00c9M \u2013 VAL DE CANS\/J\u00daLIO CEZAR RIBEIRO INTERNATIONAL AIRPORT (BEL)","description":"Rookruimtes in BEL\u00c9M \u2013 VAL DE CANS\/J\u00daLIO CEZAR RIBEIRO INTERNATIONAL AIRPORT (BEL) - Zoek een rookruimte op de luchthaven","robots":{"index":"index","follow":"follow","max-snippet":"max-snippet:-1","max-image-preview":"max-image-preview:large","max-video-preview":"max-video-preview:-1"},"canonical":"https:\/\/airportsmokinglounge.com\/nl\/rookruimtes-in-belem-val-de-cans-julio-cezar-ribeiro-international-airport-bel\/","og_locale":"nl_NL","og_type":"article","og_title":"Smoking areas at BEL\u00c9M \u2013 VAL DE CANS\/J\u00daLIO CEZAR RIBEIRO INTERNATIONAL AIRPORT (BEL)","og_description":"Smoking areas at BEL\u00c9M \u2013 VAL DE CANS\/J\u00daLIO CEZAR RIBEIRO INTERNATIONAL AIRPORT (BEL) - Find a smoking area in the airport","og_url":"https:\/\/airportsmokinglounge.com\/nl\/rookruimtes-in-belem-val-de-cans-julio-cezar-ribeiro-international-airport-bel\/","og_site_name":"airportsmokinglounge.com","article_modified_time":"2023-05-22T19:18:23+00:00","og_image":[{"width":2048,"height":1152,"url":"https:\/\/airportsmokinglounge.com\/wp-content\/uploads\/2023\/03\/airport-smoking-lounge-4.jpg","type":"image\/jpeg"}],"twitter_card":"summary_large_image","twitter_misc":{"Geschatte leestijd":"3 minuten"},"schema":{"@context":"https:\/\/schema.org","@graph":[{"@type":"WebPage","@id":"https:\/\/airportsmokinglounge.com\/smoking-areas-at-belem-val-de-cans-julio-cezar-ribeiro-international-airport-bel\/","url":"https:\/\/airportsmokinglounge.com\/smoking-areas-at-belem-val-de-cans-julio-cezar-ribeiro-international-airport-bel\/","name":"Rookruimtes in BEL\u00c9M \u2013 VAL DE CANS\/J\u00daLIO CEZAR RIBEIRO INTERNATIONAL AIRPORT (BEL)","isPartOf":{"@id":"https:\/\/airportsmokinglounge.com\/#website"},"primaryImageOfPage":{"@id":"https:\/\/airportsmokinglounge.com\/smoking-areas-at-belem-val-de-cans-julio-cezar-ribeiro-international-airport-bel\/#primaryimage"},"image":{"@id":"https:\/\/airportsmokinglounge.com\/smoking-areas-at-belem-val-de-cans-julio-cezar-ribeiro-international-airport-bel\/#primaryimage"},"thumbnailUrl":"https:\/\/airportsmokinglounge.com\/wp-content\/uploads\/2023\/03\/airport-smoking-lounge-4.jpg","datePublished":"2023-05-22T19:05:12+00:00","dateModified":"2023-05-22T19:18:23+00:00","description":"Rookruimtes in BEL\u00c9M \u2013 VAL DE CANS\/J\u00daLIO CEZAR RIBEIRO INTERNATIONAL AIRPORT (BEL) - Zoek een rookruimte op de luchthaven","breadcrumb":{"@id":"https:\/\/airportsmokinglounge.com\/smoking-areas-at-belem-val-de-cans-julio-cezar-ribeiro-international-airport-bel\/#breadcrumb"},"inLanguage":"nl-NL","potentialAction":[{"@type":"ReadAction","target":["https:\/\/airportsmokinglounge.com\/smoking-areas-at-belem-val-de-cans-julio-cezar-ribeiro-international-airport-bel\/"]}]},{"@type":"ImageObject","inLanguage":"nl-NL","@id":"https:\/\/airportsmokinglounge.com\/smoking-areas-at-belem-val-de-cans-julio-cezar-ribeiro-international-airport-bel\/#primaryimage","url":"https:\/\/airportsmokinglounge.com\/wp-content\/uploads\/2023\/03\/airport-smoking-lounge-4.jpg","contentUrl":"https:\/\/airportsmokinglounge.com\/wp-content\/uploads\/2023\/03\/airport-smoking-lounge-4.jpg","width":2048,"height":1152,"caption":"Airport Smoking"},{"@type":"BreadcrumbList","@id":"https:\/\/airportsmokinglounge.com\/smoking-areas-at-belem-val-de-cans-julio-cezar-ribeiro-international-airport-bel\/#breadcrumb","itemListElement":[{"@type":"ListItem","position":1,"name":"Home","item":"https:\/\/airportsmokinglounge.com\/"},{"@type":"ListItem","position":2,"name":"Smoking areas at BEL\u00c9M \u2013 VAL DE CANS\/J\u00daLIO CEZAR RIBEIRO INTERNATIONAL AIRPORT (BEL)"}]},{"@type":"WebSite","@id":"https:\/\/airportsmokinglounge.com\/#website","url":"https:\/\/airportsmokinglounge.com\/","name":"luchthavenrokenlounge.com","description":"","potentialAction":[{"@type":"SearchAction","target":{"@type":"EntryPoint","urlTemplate":"https:\/\/airportsmokinglounge.com\/?s={search_term_string}"},"query-input":{"@type":"PropertyValueSpecification","valueRequired":true,"valueName":"search_term_string"}}],"inLanguage":"nl-NL"}]}},"_links":{"self":[{"href":"https:\/\/airportsmokinglounge.com\/nl\/wp-json\/wp\/v2\/pages\/5741","targetHints":{"allow":["GET"]}}],"collection":[{"href":"https:\/\/airportsmokinglounge.com\/nl\/wp-json\/wp\/v2\/pages"}],"about":[{"href":"https:\/\/airportsmokinglounge.com\/nl\/wp-json\/wp\/v2\/types\/page"}],"author":[{"embeddable":true,"href":"https:\/\/airportsmokinglounge.com\/nl\/wp-json\/wp\/v2\/users\/1"}],"replies":[{"embeddable":true,"href":"https:\/\/airportsmokinglounge.com\/nl\/wp-json\/wp\/v2\/comments?post=5741"}],"version-history":[{"count":2,"href":"https:\/\/airportsmokinglounge.com\/nl\/wp-json\/wp\/v2\/pages\/5741\/revisions"}],"predecessor-version":[{"id":5758,"href":"https:\/\/airportsmokinglounge.com\/nl\/wp-json\/wp\/v2\/pages\/5741\/revisions\/5758"}],"wp:featuredmedia":[{"embeddable":true,"href":"https:\/\/airportsmokinglounge.com\/nl\/wp-json\/wp\/v2\/media\/1199"}],"wp:attachment":[{"href":"https:\/\/airportsmokinglounge.com\/nl\/wp-json\/wp\/v2\/media?parent=5741"}],"curies":[{"name":"wp","href":"https:\/\/api.w.org\/{rel}","templated":true}]}}