{"id":5779,"date":"2023-05-22T22:01:00","date_gmt":"2023-05-22T20:01:00","guid":{"rendered":"https:\/\/airportsmokinglounge.com\/?page_id=5779"},"modified":"2023-05-22T22:01:00","modified_gmt":"2023-05-22T20:01:00","slug":"smoking-areas-at-arequipa-rodriguez-ballon-international-airport-aqp","status":"publish","type":"page","link":"https:\/\/airportsmokinglounge.com\/nl\/rookruimtes-op-de-internationale-luchthaven-arequipa-rodriguez-ballon-aqp\/","title":{"rendered":"Rookruimtes op AREQUIPA \u2013 RODR\u00cdGUEZ BALL\u00d3N INTERNATIONAL AIRPORT (AQP)"},"content":{"rendered":"<p>Arequipa \u2013 Rodr\u00edguez Ball\u00f3n International Airport (AQP) is de belangrijkste luchthaven van de stad Arequipa in Peru. De luchthaven ligt ongeveer 8 kilometer ten noordwesten van het stadscentrum.<\/p>\n<p>Rodr\u00edguez Ball\u00f3n International Airport is vernoemd naar de Peruaanse piloot Alfredo Rodr\u00edguez Ball\u00f3n, die een belangrijke bijdrage leverde aan de ontwikkeling van de burgerluchtvaart in het land. De luchthaven dient als toegangspoort tot de prachtige stad Arequipa, bekend om zijn verbluffende koloniale architectuur, historische locaties en de nabijheid van natuurwonderen zoals de Colca Canyon.<\/p>\n<h2>Rookruimtes voor de veiligheidscontrole<\/h2>\n<ul>\n<li><span style=\"font-size: 14pt;\">Roken is alleen toegestaan buiten de terminal<\/span><\/li>\n<\/ul>\n<h2>Rookruimtes na veiligheidscontrole<\/h2>\n<ul>\n<li><span style=\"font-size: 14pt;\">Momenteel is er geen informatie beschikbaar over rookfaciliteiten op de luchthaven.<\/span><\/li>\n<\/ul>\n<p><strong><span style=\"font-size: 14pt;\">Stuur ons feedback<\/span><\/strong><\/p>\n<p><span style=\"font-size: 14pt;\">Als u zich op de luchthaven bevindt, bent u meer dan welkom om ons foto&#039;s van de rookruimtes te sturen. Dit zal ons helpen onze database sneller te vullen. Je kan dit doen <strong><a href=\"https:\/\/airportsmokinglounge.com\/nl\/contact\/\">Hier<\/a>.<\/strong> De afbeeldingen worden gepubliceerd op onze website, met vermelding van de bron van de afbeelding (naam). Deel deze foto&#039;s gerust met ons en alle bezoekers van airportsmokinglounge.com<\/span>.<\/p>\n<h2>Rookwet van Peru<\/h2>\n<p>Peru heeft rookregels ingevoerd om de volksgezondheid te beschermen en het tabaksgebruik terug te dringen. Houd er echter rekening mee dat de wet- en regelgeving op het gebied van roken in de loop van de tijd kan veranderen. Het is dus raadzaam om de meest recente wetgeving te raadplegen of de plaatselijke autoriteiten te raadplegen voor de meest actuele informatie over de Peruaanse rookwetten.<\/p>\n<p>In Peru is roken over het algemeen verboden op bepaalde openbare plaatsen binnenshuis, waaronder overheidsgebouwen, gezondheidszorginstellingen, onderwijsinstellingen en openbaar vervoer. De wet kan ook het roken beperken in gebieden die zijn aangewezen als rookvrije zones, zoals afgesloten openbare ruimtes en gebieden nabij in- en uitgangen van openbare gebouwen.<\/p>\n<p>De verkoop van tabaksproducten aan minderjarigen onder de 18 jaar is in Peru verboden. Bovendien heeft het land regelgeving ge\u00efmplementeerd op het gebied van tabaksreclame, -promotie en -sponsoring.<\/p>\n<p>Peru heeft stappen ondernomen om het publieke bewustzijn te vergroten over de gezondheidsrisico&#039;s die samenhangen met roken door middel van gezondheidscampagnes en waarschuwingen op sigarettenpakjes. Het land heeft ook grafische gezondheidswaarschuwingen op de verpakking van tabaksproducten ge\u00efmplementeerd.<\/p>\n<p>Handhaving van rookwetten wordt over het algemeen gecontroleerd door relevante autoriteiten en overtredingen kunnen leiden tot boetes of andere straffen.<\/p>\n<p>Voor de meest nauwkeurige en actuele informatie over de Peruaanse rookwetten raden we je aan de meest recente wetgeving te raadplegen of contact op te nemen met lokale autoriteiten of gezondheidsorganisaties.<\/p>\n<h3>Veel Gestelde Vragen<\/h3>\n<h4>Zijn de rookruimtes op de luchthaven 24\/7 beschikbaar?<\/h4>\n<p>De beschikbaarheid van rookruimtes op luchthavens kan per luchthaven en locatie verschillen. Sommige rookruimtes zijn 24 uur per dag geopend, andere hebben beperkte openingstijden of zijn op bepaalde tijden gesloten. U kunt het beste contact opnemen met de luchthaven of hun website bezoeken voor specifieke informatie over de openingstijden van de rookruimte.<\/p>\n<h4>Mag ik mijn eigen eten en drinken meenemen in de rookruimte?<\/h4>\n<p>Dit kan afhangen van de specifieke rookruimte en luchthaven. In sommige rookruimtes is eten en drinken buiten toegestaan, terwijl andere beperkingen hebben of het helemaal verbieden. Het is het beste om de bewegwijzering van de luchthaven of de rookruimte te raadplegen voor specifieke regels en voorschriften.<\/p>\n<h4>Is roken toegestaan in alle rookruimtes op de luchthaven?<\/h4>\n<p>Niet in alle rookruimtes op de luchthaven is roken toegestaan. Sommige luchthavens hebben speciale ruimtes voor elektronische sigaretten of vapen, die gescheiden zijn van de traditionele rookruimtes. Zorg ervoor dat u de specifieke regels en voorschriften controleert voor de rookruimte die u van plan bent te gebruiken.<\/p>\n<h4>Zijn rookruimtes voorzien van airconditioning of verwarming?<\/h4>\n<p>De temperatuur en ventilatie van rookruimtes op luchthavens kan sterk vari\u00ebren. Sommige zijn voorzien van airconditioning of verwarming, terwijl andere openluchtruimten zijn met beperkte bescherming tegen de elementen. Neem van tevoren contact op met de luchthaven of bezoek de rookruimte om de voorwaarden te bepalen en dienovereenkomstig voor te bereiden.<\/p>\n<h4>Zijn rookruimtes toegankelijk voor reizigers met een handicap?<\/h4>\n<p>Veel luchthavens hebben zich ingespannen om hun rookruimtes toegankelijk te maken voor reizigers met een handicap. De toegankelijkheid van specifieke rookruimtes kan echter sterk verschillen. Neem zeker contact op met de luchthaven of bezoek de rookruimte van tevoren om te bepalen of deze toegankelijk is en aan uw behoeften voldoet.<\/p>\n<p><span style=\"font-size: 14pt;\"><strong>Meer luchthavens in Peru:<\/strong> <\/span><\/p>\n<ul>\n<li><a href=\"https:\/\/airportsmokinglounge.com\/nl\/rookruimtes-in-perus-luchthavens\/\"><span style=\"font-size: 14pt;\">Luchthavens in Peru<\/span><\/a><\/li>\n<\/ul>\n<p><span style=\"font-size: 14pt;\"><strong>Rookruimtes in Zuid-Amerika<\/strong><\/span><\/p>\n<ul>\n<li><a href=\"https:\/\/airportsmokinglounge.com\/nl\/roken-op-de-luchthavens-van-zuid-amerika\/\"><span style=\"font-size: 14pt;\">Zuid-Amerikaanse luchthavens<\/span><\/a><\/li>\n<\/ul>","protected":false},"excerpt":{"rendered":"<p>Arequipa &#8211; Rodr\u00edguez Ball\u00f3n International Airport (AQP) is the main airport serving the city of Arequipa in Peru. The airport is located approximately 8 kilometers northwest of the city center. Rodr\u00edguez Ball\u00f3n International Airport is named after the Peruvian aviator Alfredo Rodr\u00edguez Ball\u00f3n, who made significant contributions to the development of civil aviation in the&hellip;&nbsp;<a href=\"https:\/\/airportsmokinglounge.com\/nl\/rookruimtes-op-de-internationale-luchthaven-arequipa-rodriguez-ballon-aqp\/\" rel=\"bookmark\">Lees meer \u00bb<span class=\"screen-reader-text\">Rookruimtes op AREQUIPA \u2013 RODR\u00cdGUEZ BALL\u00d3N INTERNATIONAL AIRPORT (AQP)<\/span><\/a><\/p>","protected":false},"author":1,"featured_media":1199,"parent":0,"menu_order":0,"comment_status":"closed","ping_status":"closed","template":"","meta":{"neve_meta_sidebar":"","neve_meta_container":"","neve_meta_enable_content_width":"off","neve_meta_content_width":100,"neve_meta_title_alignment":"","neve_meta_author_avatar":"","neve_post_elements_order":"","neve_meta_disable_header":"","neve_meta_disable_footer":"","neve_meta_disable_title":"","neve_meta_reading_time":"","footnotes":""},"class_list":["post-5779","page","type-page","status-publish","has-post-thumbnail","hentry"],"yoast_head":"<!-- This site is optimized with the Yoast SEO plugin v26.6 - https:\/\/yoast.com\/wordpress\/plugins\/seo\/ -->\n<title>Smoking areas at AREQUIPA \u2013 RODR\u00cdGUEZ BALL\u00d3N INTERNATIONAL AIRPORT (AQP)<\/title>\n<meta name=\"description\" content=\"Smoking areas at AREQUIPA \u2013 RODR\u00cdGUEZ BALL\u00d3N INTERNATIONAL AIRPORT (AQP)- Find a smoking area in the airport \u2714\ufe0e Smoking Guide in Airports\" \/>\n<meta name=\"robots\" content=\"index, follow, max-snippet:-1, max-image-preview:large, max-video-preview:-1\" \/>\n<link rel=\"canonical\" href=\"https:\/\/airportsmokinglounge.com\/nl\/rookruimtes-op-de-internationale-luchthaven-arequipa-rodriguez-ballon-aqp\/\" \/>\n<meta property=\"og:locale\" content=\"nl_NL\" \/>\n<meta property=\"og:type\" content=\"article\" \/>\n<meta property=\"og:title\" content=\"Smoking areas at AREQUIPA \u2013 RODR\u00cdGUEZ BALL\u00d3N INTERNATIONAL AIRPORT (AQP)\" \/>\n<meta property=\"og:description\" content=\"Smoking areas at AREQUIPA \u2013 RODR\u00cdGUEZ BALL\u00d3N INTERNATIONAL AIRPORT (AQP)- Find a smoking area in the airport \u2714\ufe0e Smoking Guide in Airports\" \/>\n<meta property=\"og:url\" content=\"https:\/\/airportsmokinglounge.com\/nl\/rookruimtes-op-de-internationale-luchthaven-arequipa-rodriguez-ballon-aqp\/\" \/>\n<meta property=\"og:site_name\" content=\"airportsmokinglounge.com\" \/>\n<meta property=\"og:image\" content=\"https:\/\/airportsmokinglounge.com\/wp-content\/uploads\/2023\/03\/airport-smoking-lounge-4.jpg\" \/>\n\t<meta property=\"og:image:width\" content=\"2048\" \/>\n\t<meta property=\"og:image:height\" content=\"1152\" \/>\n\t<meta property=\"og:image:type\" content=\"image\/jpeg\" \/>\n<meta name=\"twitter:card\" content=\"summary_large_image\" \/>\n<meta name=\"twitter:label1\" content=\"Geschatte leestijd\" \/>\n\t<meta name=\"twitter:data1\" content=\"4 minuten\" \/>\n<script type=\"application\/ld+json\" class=\"yoast-schema-graph\">{\"@context\":\"https:\/\/schema.org\",\"@graph\":[{\"@type\":\"WebPage\",\"@id\":\"https:\/\/airportsmokinglounge.com\/smoking-areas-at-arequipa-rodriguez-ballon-international-airport-aqp\/\",\"url\":\"https:\/\/airportsmokinglounge.com\/smoking-areas-at-arequipa-rodriguez-ballon-international-airport-aqp\/\",\"name\":\"Smoking areas at AREQUIPA \u2013 RODR\u00cdGUEZ BALL\u00d3N INTERNATIONAL AIRPORT (AQP)\",\"isPartOf\":{\"@id\":\"https:\/\/airportsmokinglounge.com\/#website\"},\"primaryImageOfPage\":{\"@id\":\"https:\/\/airportsmokinglounge.com\/smoking-areas-at-arequipa-rodriguez-ballon-international-airport-aqp\/#primaryimage\"},\"image\":{\"@id\":\"https:\/\/airportsmokinglounge.com\/smoking-areas-at-arequipa-rodriguez-ballon-international-airport-aqp\/#primaryimage\"},\"thumbnailUrl\":\"https:\/\/airportsmokinglounge.com\/wp-content\/uploads\/2023\/03\/airport-smoking-lounge-4.jpg\",\"datePublished\":\"2023-05-22T20:01:00+00:00\",\"description\":\"Smoking areas at AREQUIPA \u2013 RODR\u00cdGUEZ BALL\u00d3N INTERNATIONAL AIRPORT (AQP)- Find a smoking area in the airport \u2714\ufe0e Smoking Guide in Airports\",\"breadcrumb\":{\"@id\":\"https:\/\/airportsmokinglounge.com\/smoking-areas-at-arequipa-rodriguez-ballon-international-airport-aqp\/#breadcrumb\"},\"inLanguage\":\"nl-NL\",\"potentialAction\":[{\"@type\":\"ReadAction\",\"target\":[\"https:\/\/airportsmokinglounge.com\/smoking-areas-at-arequipa-rodriguez-ballon-international-airport-aqp\/\"]}]},{\"@type\":\"ImageObject\",\"inLanguage\":\"nl-NL\",\"@id\":\"https:\/\/airportsmokinglounge.com\/smoking-areas-at-arequipa-rodriguez-ballon-international-airport-aqp\/#primaryimage\",\"url\":\"https:\/\/airportsmokinglounge.com\/wp-content\/uploads\/2023\/03\/airport-smoking-lounge-4.jpg\",\"contentUrl\":\"https:\/\/airportsmokinglounge.com\/wp-content\/uploads\/2023\/03\/airport-smoking-lounge-4.jpg\",\"width\":2048,\"height\":1152,\"caption\":\"Airport Smoking\"},{\"@type\":\"BreadcrumbList\",\"@id\":\"https:\/\/airportsmokinglounge.com\/smoking-areas-at-arequipa-rodriguez-ballon-international-airport-aqp\/#breadcrumb\",\"itemListElement\":[{\"@type\":\"ListItem\",\"position\":1,\"name\":\"Home\",\"item\":\"https:\/\/airportsmokinglounge.com\/\"},{\"@type\":\"ListItem\",\"position\":2,\"name\":\"Smoking areas at AREQUIPA \u2013 RODR\u00cdGUEZ BALL\u00d3N INTERNATIONAL AIRPORT (AQP)\"}]},{\"@type\":\"WebSite\",\"@id\":\"https:\/\/airportsmokinglounge.com\/#website\",\"url\":\"https:\/\/airportsmokinglounge.com\/\",\"name\":\"airportsmokinglounge.com\",\"description\":\"\",\"potentialAction\":[{\"@type\":\"SearchAction\",\"target\":{\"@type\":\"EntryPoint\",\"urlTemplate\":\"https:\/\/airportsmokinglounge.com\/?s={search_term_string}\"},\"query-input\":{\"@type\":\"PropertyValueSpecification\",\"valueRequired\":true,\"valueName\":\"search_term_string\"}}],\"inLanguage\":\"nl-NL\"}]}<\/script>\n<!-- \/ Yoast SEO plugin. -->","yoast_head_json":{"title":"Rookruimtes op AREQUIPA \u2013 RODR\u00cdGUEZ BALL\u00d3N INTERNATIONAL AIRPORT (AQP)","description":"Rookruimtes op AREQUIPA \u2013 RODR\u00cdGUEZ BALL\u00d3N INTERNATIONAL AIRPORT (AQP) - Vind een rookruimte op de luchthaven \u2714\ufe0e Rookgids op luchthavens","robots":{"index":"index","follow":"follow","max-snippet":"max-snippet:-1","max-image-preview":"max-image-preview:large","max-video-preview":"max-video-preview:-1"},"canonical":"https:\/\/airportsmokinglounge.com\/nl\/rookruimtes-op-de-internationale-luchthaven-arequipa-rodriguez-ballon-aqp\/","og_locale":"nl_NL","og_type":"article","og_title":"Smoking areas at AREQUIPA \u2013 RODR\u00cdGUEZ BALL\u00d3N INTERNATIONAL AIRPORT (AQP)","og_description":"Smoking areas at AREQUIPA \u2013 RODR\u00cdGUEZ BALL\u00d3N INTERNATIONAL AIRPORT (AQP)- Find a smoking area in the airport \u2714\ufe0e Smoking Guide in Airports","og_url":"https:\/\/airportsmokinglounge.com\/nl\/rookruimtes-op-de-internationale-luchthaven-arequipa-rodriguez-ballon-aqp\/","og_site_name":"airportsmokinglounge.com","og_image":[{"width":2048,"height":1152,"url":"https:\/\/airportsmokinglounge.com\/wp-content\/uploads\/2023\/03\/airport-smoking-lounge-4.jpg","type":"image\/jpeg"}],"twitter_card":"summary_large_image","twitter_misc":{"Geschatte leestijd":"4 minuten"},"schema":{"@context":"https:\/\/schema.org","@graph":[{"@type":"WebPage","@id":"https:\/\/airportsmokinglounge.com\/smoking-areas-at-arequipa-rodriguez-ballon-international-airport-aqp\/","url":"https:\/\/airportsmokinglounge.com\/smoking-areas-at-arequipa-rodriguez-ballon-international-airport-aqp\/","name":"Rookruimtes op AREQUIPA \u2013 RODR\u00cdGUEZ BALL\u00d3N INTERNATIONAL AIRPORT (AQP)","isPartOf":{"@id":"https:\/\/airportsmokinglounge.com\/#website"},"primaryImageOfPage":{"@id":"https:\/\/airportsmokinglounge.com\/smoking-areas-at-arequipa-rodriguez-ballon-international-airport-aqp\/#primaryimage"},"image":{"@id":"https:\/\/airportsmokinglounge.com\/smoking-areas-at-arequipa-rodriguez-ballon-international-airport-aqp\/#primaryimage"},"thumbnailUrl":"https:\/\/airportsmokinglounge.com\/wp-content\/uploads\/2023\/03\/airport-smoking-lounge-4.jpg","datePublished":"2023-05-22T20:01:00+00:00","description":"Rookruimtes op AREQUIPA \u2013 RODR\u00cdGUEZ BALL\u00d3N INTERNATIONAL AIRPORT (AQP) - Vind een rookruimte op de luchthaven \u2714\ufe0e Rookgids op luchthavens","breadcrumb":{"@id":"https:\/\/airportsmokinglounge.com\/smoking-areas-at-arequipa-rodriguez-ballon-international-airport-aqp\/#breadcrumb"},"inLanguage":"nl-NL","potentialAction":[{"@type":"ReadAction","target":["https:\/\/airportsmokinglounge.com\/smoking-areas-at-arequipa-rodriguez-ballon-international-airport-aqp\/"]}]},{"@type":"ImageObject","inLanguage":"nl-NL","@id":"https:\/\/airportsmokinglounge.com\/smoking-areas-at-arequipa-rodriguez-ballon-international-airport-aqp\/#primaryimage","url":"https:\/\/airportsmokinglounge.com\/wp-content\/uploads\/2023\/03\/airport-smoking-lounge-4.jpg","contentUrl":"https:\/\/airportsmokinglounge.com\/wp-content\/uploads\/2023\/03\/airport-smoking-lounge-4.jpg","width":2048,"height":1152,"caption":"Airport Smoking"},{"@type":"BreadcrumbList","@id":"https:\/\/airportsmokinglounge.com\/smoking-areas-at-arequipa-rodriguez-ballon-international-airport-aqp\/#breadcrumb","itemListElement":[{"@type":"ListItem","position":1,"name":"Home","item":"https:\/\/airportsmokinglounge.com\/"},{"@type":"ListItem","position":2,"name":"Smoking areas at AREQUIPA \u2013 RODR\u00cdGUEZ BALL\u00d3N INTERNATIONAL AIRPORT (AQP)"}]},{"@type":"WebSite","@id":"https:\/\/airportsmokinglounge.com\/#website","url":"https:\/\/airportsmokinglounge.com\/","name":"luchthavenrokenlounge.com","description":"","potentialAction":[{"@type":"SearchAction","target":{"@type":"EntryPoint","urlTemplate":"https:\/\/airportsmokinglounge.com\/?s={search_term_string}"},"query-input":{"@type":"PropertyValueSpecification","valueRequired":true,"valueName":"search_term_string"}}],"inLanguage":"nl-NL"}]}},"_links":{"self":[{"href":"https:\/\/airportsmokinglounge.com\/nl\/wp-json\/wp\/v2\/pages\/5779","targetHints":{"allow":["GET"]}}],"collection":[{"href":"https:\/\/airportsmokinglounge.com\/nl\/wp-json\/wp\/v2\/pages"}],"about":[{"href":"https:\/\/airportsmokinglounge.com\/nl\/wp-json\/wp\/v2\/types\/page"}],"author":[{"embeddable":true,"href":"https:\/\/airportsmokinglounge.com\/nl\/wp-json\/wp\/v2\/users\/1"}],"replies":[{"embeddable":true,"href":"https:\/\/airportsmokinglounge.com\/nl\/wp-json\/wp\/v2\/comments?post=5779"}],"version-history":[{"count":1,"href":"https:\/\/airportsmokinglounge.com\/nl\/wp-json\/wp\/v2\/pages\/5779\/revisions"}],"predecessor-version":[{"id":5780,"href":"https:\/\/airportsmokinglounge.com\/nl\/wp-json\/wp\/v2\/pages\/5779\/revisions\/5780"}],"wp:featuredmedia":[{"embeddable":true,"href":"https:\/\/airportsmokinglounge.com\/nl\/wp-json\/wp\/v2\/media\/1199"}],"wp:attachment":[{"href":"https:\/\/airportsmokinglounge.com\/nl\/wp-json\/wp\/v2\/media?parent=5779"}],"curies":[{"name":"wp","href":"https:\/\/api.w.org\/{rel}","templated":true}]}}