{"id":5876,"date":"2023-05-23T12:24:51","date_gmt":"2023-05-23T10:24:51","guid":{"rendered":"https:\/\/airportsmokinglounge.com\/?page_id=5876"},"modified":"2023-05-23T13:30:15","modified_gmt":"2023-05-23T11:30:15","slug":"smoking-areas-at-townsville-airport-tsv","status":"publish","type":"page","link":"https:\/\/airportsmokinglounge.com\/nl\/rookruimtes-op-townsville-airport-tsv\/","title":{"rendered":"Rookruimtes op TOWNSVILLE AIRPORT (TSV)"},"content":{"rendered":"<p>Townsville Airport (TSV) is een belangrijk regionaal knooppunt in Garbutt, Townsville, Queensland, Australi\u00eb. Als toegangspoort tot het spectaculaire Great Barrier Reef en Magnetic Island verbindt het de regio met een verscheidenheid aan bestemmingen in heel Australi\u00eb. Met \u00e9\u00e9n enkele terminal die zowel binnenlandse als internationale vluchten bedient, verwerkte de luchthaven in 2021, v\u00f3\u00f3r de COVID-19-pandemie, ongeveer 1,7 miljoen passagiers.<\/p>\n<h2>Rookruimtes voor de veiligheidscontrole<\/h2>\n<ul>\n<li><span style=\"font-size: 14pt;\">Roken is alleen toegestaan buiten de terminal<\/span><\/li>\n<\/ul>\n<h2>Rookruimtes na veiligheidscontrole<\/h2>\n<ul>\n<li><span style=\"font-size: 14pt;\">Momenteel is er geen informatie beschikbaar over rookfaciliteiten op de luchthaven.<\/span><\/li>\n<\/ul>\n<p><strong><span style=\"font-size: 14pt;\">Stuur ons feedback<\/span><\/strong><\/p>\n<p><span style=\"font-size: 14pt;\">Als u zich op de luchthaven bevindt, bent u meer dan welkom om ons foto&#039;s van de rookruimtes te sturen. Dit zal ons helpen onze database sneller te vullen. Je kan dit doen <strong><a href=\"https:\/\/airportsmokinglounge.com\/nl\/contact\/\">Hier<\/a>.<\/strong> De afbeeldingen worden gepubliceerd op onze website, met vermelding van de bron van de afbeelding (naam). Deel deze foto&#039;s gerust met ons en alle bezoekers van airportsmokinglounge.com<\/span>.<\/p>\n<h2>Australische rookwet<\/h2>\n<p>Australi\u00eb heeft een aantal van de meest uitgebreide en strikte rookwetten ter wereld. Het land heeft verschillende maatregelen ge\u00efmplementeerd om roken te ontmoedigen, de volksgezondheid te beschermen en rookvrije omgevingen te cre\u00ebren. Deze wetten zijn van toepassing op zowel binnen- als buitenruimtes.<\/p>\n<p>In Australi\u00eb is roken over het algemeen verboden in afgesloten openbare plaatsen, zoals restaurants, bars, winkelcentra en openbaar vervoer. Ook in binnenwerkruimtes, waaronder kantoren en gedeelde ruimtes van woongebouwen, is het niet toegestaan. Sommige staten en territoria hebben deze beperkingen uitgebreid tot eetruimtes buiten, openbare parken en stranden.<\/p>\n<p>De verkoop van tabaksproducten aan minderjarigen onder de 18 jaar is ten strengste verboden in Australi\u00eb. Het land heeft grafische gezondheidswaarschuwingen op sigarettenverpakkingen ge\u00efmplementeerd en reclame en promotie voor tabak zijn sterk gereguleerd.<\/p>\n<p>Naast de algemene rookwetten hebben veel staten en territoria in Australi\u00eb specifieke maatregelen ge\u00efmplementeerd om rookvrije omgevingen op luchthavens te cre\u00ebren. Dit geldt ook voor aangewezen rookruimtes buiten de luchthaventerminals, weg van de hoofdingangen en gemeenschappelijke ruimtes.<\/p>\n<p>De handhaving van de rookwetten in Australi\u00eb wordt uitgevoerd door verschillende autoriteiten, en straffen voor niet-naleving kunnen boetes of andere juridische gevolgen omvatten.<\/p>\n<p>Het is belangrijk op te merken dat de rookwetgeving enigszins kan vari\u00ebren tussen de verschillende staten en territoria in Australi\u00eb. Daarom is het raadzaam om de specifieke rookvoorschriften in de betreffende staat of territorium waar de luchthaven zich bevindt te controleren voor de meest nauwkeurige en actuele informatie.<\/p>\n<p>Over het geheel genomen zet Australi\u00eb zich sterk in voor de volksgezondheid en het cre\u00ebren van rookvrije omgevingen om zowel rokers als niet-rokers te beschermen tegen de schadelijke gevolgen van tabaksrook.<\/p>\n<h3>Veel Gestelde Vragen<\/h3>\n<h4>Zijn de rookruimtes op de luchthaven 24\/7 beschikbaar?<\/h4>\n<p>De beschikbaarheid van rookruimtes op luchthavens kan per luchthaven en locatie verschillen. Sommige rookruimtes zijn 24 uur per dag geopend, andere hebben beperkte openingstijden of zijn op bepaalde tijden gesloten. U kunt het beste contact opnemen met de luchthaven of hun website bezoeken voor specifieke informatie over de openingstijden van de rookruimte.<\/p>\n<h4>Mag ik mijn eigen eten en drinken meenemen in de rookruimte?<\/h4>\n<p>Dit kan afhangen van de specifieke rookruimte en luchthaven. In sommige rookruimtes is eten en drinken buiten toegestaan, terwijl andere beperkingen hebben of het helemaal verbieden. Het is het beste om de bewegwijzering van de luchthaven of de rookruimte te raadplegen voor specifieke regels en voorschriften.<\/p>\n<h4>Is roken toegestaan in alle rookruimtes op de luchthaven?<\/h4>\n<p>Niet in alle rookruimtes op de luchthaven is roken toegestaan. Sommige luchthavens hebben speciale ruimtes voor elektronische sigaretten of vapen, die gescheiden zijn van de traditionele rookruimtes. Zorg ervoor dat u de specifieke regels en voorschriften controleert voor de rookruimte die u van plan bent te gebruiken.<\/p>\n<h4>Zijn rookruimtes voorzien van airconditioning of verwarming?<\/h4>\n<p>De temperatuur en ventilatie van rookruimtes op luchthavens kan sterk vari\u00ebren. Sommige zijn voorzien van airconditioning of verwarming, terwijl andere openluchtruimten zijn met beperkte bescherming tegen de elementen. Neem van tevoren contact op met de luchthaven of bezoek de rookruimte om de voorwaarden te bepalen en dienovereenkomstig voor te bereiden.<\/p>\n<h4>Zijn rookruimtes toegankelijk voor reizigers met een handicap?<\/h4>\n<p>Veel luchthavens hebben zich ingespannen om hun rookruimtes toegankelijk te maken voor reizigers met een handicap. De toegankelijkheid van specifieke rookruimtes kan echter sterk verschillen. Neem zeker contact op met de luchthaven of bezoek de rookruimte van tevoren om te bepalen of deze toegankelijk is en aan uw behoeften voldoet.<\/p>\n<p><span style=\"font-size: 14pt;\"><strong>Meer luchthavens in Australi\u00eb:<\/strong> <\/span><\/p>\n<ul>\n<li><a href=\"https:\/\/airportsmokinglounge.com\/nl\/rookruimtes-in-australie-luchthavens\/\"><span style=\"font-size: 14pt;\">Luchthavens in Australi\u00eb<\/span><\/a><\/li>\n<\/ul>\n<p><span style=\"font-size: 14pt;\"><strong>Rookruimtes in Oceani\u00eb<\/strong><\/span><\/p>\n<ul>\n<li><a href=\"https:\/\/airportsmokinglounge.com\/nl\/roken-op-luchthavens-in-oceanie\/\"><span style=\"font-size: 14pt;\">Oceani\u00eb luchthavens<\/span><\/a><\/li>\n<\/ul>","protected":false},"excerpt":{"rendered":"<p>Townsville Airport (TSV) is een belangrijk regionaal knooppunt in Garbutt, Townsville, Queensland, Australi\u00eb. Als toegangspoort tot het spectaculaire Great Barrier Reef en Magnetic Island verbindt het de regio met diverse bestemmingen in heel Australi\u00eb. Met \u00e9\u00e9n terminal voor zowel binnenlandse als internationale vluchten verwerkte de luchthaven ongeveer 1,7 miljoen passagiers in\u2026&nbsp;<a href=\"https:\/\/airportsmokinglounge.com\/nl\/rookruimtes-op-townsville-airport-tsv\/\" rel=\"bookmark\">Lees meer \u00bb<span class=\"screen-reader-text\">Rookruimtes op TOWNSVILLE AIRPORT (TSV)<\/span><\/a><\/p>","protected":false},"author":1,"featured_media":1199,"parent":0,"menu_order":0,"comment_status":"closed","ping_status":"closed","template":"","meta":{"neve_meta_sidebar":"","neve_meta_container":"","neve_meta_enable_content_width":"off","neve_meta_content_width":100,"neve_meta_title_alignment":"","neve_meta_author_avatar":"","neve_post_elements_order":"","neve_meta_disable_header":"","neve_meta_disable_footer":"","neve_meta_disable_title":"","neve_meta_reading_time":"","footnotes":""},"class_list":["post-5876","page","type-page","status-publish","has-post-thumbnail","hentry"],"yoast_head":"<!-- This site is optimized with the Yoast SEO plugin v26.6 - https:\/\/yoast.com\/wordpress\/plugins\/seo\/ -->\n<title>Smoking areas at TOWNSVILLE AIRPORT (TSV)<\/title>\n<meta name=\"description\" content=\"Smoking areas at TOWNSVILLE AIRPORT (TSV) - Find a smoking area in the airport \u2714\ufe0e Smoking Guide in Airports: Information\" \/>\n<meta name=\"robots\" content=\"index, follow, max-snippet:-1, max-image-preview:large, max-video-preview:-1\" \/>\n<link rel=\"canonical\" href=\"https:\/\/airportsmokinglounge.com\/nl\/rookruimtes-op-townsville-airport-tsv\/\" \/>\n<meta property=\"og:locale\" content=\"nl_NL\" \/>\n<meta property=\"og:type\" content=\"article\" \/>\n<meta property=\"og:title\" content=\"Smoking areas at TOWNSVILLE AIRPORT (TSV)\" \/>\n<meta property=\"og:description\" content=\"Smoking areas at TOWNSVILLE AIRPORT (TSV) - Find a smoking area in the airport \u2714\ufe0e Smoking Guide in Airports: Information\" \/>\n<meta property=\"og:url\" content=\"https:\/\/airportsmokinglounge.com\/nl\/rookruimtes-op-townsville-airport-tsv\/\" \/>\n<meta property=\"og:site_name\" content=\"airportsmokinglounge.com\" \/>\n<meta property=\"article:modified_time\" content=\"2023-05-23T11:30:15+00:00\" \/>\n<meta property=\"og:image\" content=\"https:\/\/airportsmokinglounge.com\/wp-content\/uploads\/2023\/03\/airport-smoking-lounge-4.jpg\" \/>\n\t<meta property=\"og:image:width\" content=\"2048\" \/>\n\t<meta property=\"og:image:height\" content=\"1152\" \/>\n\t<meta property=\"og:image:type\" content=\"image\/jpeg\" \/>\n<meta name=\"twitter:card\" content=\"summary_large_image\" \/>\n<meta name=\"twitter:label1\" content=\"Geschatte leestijd\" \/>\n\t<meta name=\"twitter:data1\" content=\"4 minuten\" \/>\n<script type=\"application\/ld+json\" class=\"yoast-schema-graph\">{\"@context\":\"https:\/\/schema.org\",\"@graph\":[{\"@type\":\"WebPage\",\"@id\":\"https:\/\/airportsmokinglounge.com\/smoking-areas-at-townsville-airport-tsv\/\",\"url\":\"https:\/\/airportsmokinglounge.com\/smoking-areas-at-townsville-airport-tsv\/\",\"name\":\"Smoking areas at TOWNSVILLE AIRPORT (TSV)\",\"isPartOf\":{\"@id\":\"https:\/\/airportsmokinglounge.com\/#website\"},\"primaryImageOfPage\":{\"@id\":\"https:\/\/airportsmokinglounge.com\/smoking-areas-at-townsville-airport-tsv\/#primaryimage\"},\"image\":{\"@id\":\"https:\/\/airportsmokinglounge.com\/smoking-areas-at-townsville-airport-tsv\/#primaryimage\"},\"thumbnailUrl\":\"https:\/\/airportsmokinglounge.com\/wp-content\/uploads\/2023\/03\/airport-smoking-lounge-4.jpg\",\"datePublished\":\"2023-05-23T10:24:51+00:00\",\"dateModified\":\"2023-05-23T11:30:15+00:00\",\"description\":\"Smoking areas at TOWNSVILLE AIRPORT (TSV) - Find a smoking area in the airport \u2714\ufe0e Smoking Guide in Airports: Information\",\"breadcrumb\":{\"@id\":\"https:\/\/airportsmokinglounge.com\/smoking-areas-at-townsville-airport-tsv\/#breadcrumb\"},\"inLanguage\":\"nl-NL\",\"potentialAction\":[{\"@type\":\"ReadAction\",\"target\":[\"https:\/\/airportsmokinglounge.com\/smoking-areas-at-townsville-airport-tsv\/\"]}]},{\"@type\":\"ImageObject\",\"inLanguage\":\"nl-NL\",\"@id\":\"https:\/\/airportsmokinglounge.com\/smoking-areas-at-townsville-airport-tsv\/#primaryimage\",\"url\":\"https:\/\/airportsmokinglounge.com\/wp-content\/uploads\/2023\/03\/airport-smoking-lounge-4.jpg\",\"contentUrl\":\"https:\/\/airportsmokinglounge.com\/wp-content\/uploads\/2023\/03\/airport-smoking-lounge-4.jpg\",\"width\":2048,\"height\":1152,\"caption\":\"Airport Smoking\"},{\"@type\":\"BreadcrumbList\",\"@id\":\"https:\/\/airportsmokinglounge.com\/smoking-areas-at-townsville-airport-tsv\/#breadcrumb\",\"itemListElement\":[{\"@type\":\"ListItem\",\"position\":1,\"name\":\"Home\",\"item\":\"https:\/\/airportsmokinglounge.com\/\"},{\"@type\":\"ListItem\",\"position\":2,\"name\":\"Smoking areas at TOWNSVILLE AIRPORT (TSV)\"}]},{\"@type\":\"WebSite\",\"@id\":\"https:\/\/airportsmokinglounge.com\/#website\",\"url\":\"https:\/\/airportsmokinglounge.com\/\",\"name\":\"airportsmokinglounge.com\",\"description\":\"\",\"potentialAction\":[{\"@type\":\"SearchAction\",\"target\":{\"@type\":\"EntryPoint\",\"urlTemplate\":\"https:\/\/airportsmokinglounge.com\/?s={search_term_string}\"},\"query-input\":{\"@type\":\"PropertyValueSpecification\",\"valueRequired\":true,\"valueName\":\"search_term_string\"}}],\"inLanguage\":\"nl-NL\"}]}<\/script>\n<!-- \/ Yoast SEO plugin. -->","yoast_head_json":{"title":"Rookruimtes op TOWNSVILLE AIRPORT (TSV)","description":"Rookruimtes op TOWNSVILLE AIRPORT (TSV) - Zoek een rookruimte op de luchthaven \u2714\ufe0e Rookgids op luchthavens: informatie","robots":{"index":"index","follow":"follow","max-snippet":"max-snippet:-1","max-image-preview":"max-image-preview:large","max-video-preview":"max-video-preview:-1"},"canonical":"https:\/\/airportsmokinglounge.com\/nl\/rookruimtes-op-townsville-airport-tsv\/","og_locale":"nl_NL","og_type":"article","og_title":"Smoking areas at TOWNSVILLE AIRPORT (TSV)","og_description":"Smoking areas at TOWNSVILLE AIRPORT (TSV) - Find a smoking area in the airport \u2714\ufe0e Smoking Guide in Airports: Information","og_url":"https:\/\/airportsmokinglounge.com\/nl\/rookruimtes-op-townsville-airport-tsv\/","og_site_name":"airportsmokinglounge.com","article_modified_time":"2023-05-23T11:30:15+00:00","og_image":[{"width":2048,"height":1152,"url":"https:\/\/airportsmokinglounge.com\/wp-content\/uploads\/2023\/03\/airport-smoking-lounge-4.jpg","type":"image\/jpeg"}],"twitter_card":"summary_large_image","twitter_misc":{"Geschatte leestijd":"4 minuten"},"schema":{"@context":"https:\/\/schema.org","@graph":[{"@type":"WebPage","@id":"https:\/\/airportsmokinglounge.com\/smoking-areas-at-townsville-airport-tsv\/","url":"https:\/\/airportsmokinglounge.com\/smoking-areas-at-townsville-airport-tsv\/","name":"Rookruimtes op TOWNSVILLE AIRPORT (TSV)","isPartOf":{"@id":"https:\/\/airportsmokinglounge.com\/#website"},"primaryImageOfPage":{"@id":"https:\/\/airportsmokinglounge.com\/smoking-areas-at-townsville-airport-tsv\/#primaryimage"},"image":{"@id":"https:\/\/airportsmokinglounge.com\/smoking-areas-at-townsville-airport-tsv\/#primaryimage"},"thumbnailUrl":"https:\/\/airportsmokinglounge.com\/wp-content\/uploads\/2023\/03\/airport-smoking-lounge-4.jpg","datePublished":"2023-05-23T10:24:51+00:00","dateModified":"2023-05-23T11:30:15+00:00","description":"Rookruimtes op TOWNSVILLE AIRPORT (TSV) - Zoek een rookruimte op de luchthaven \u2714\ufe0e Rookgids op luchthavens: informatie","breadcrumb":{"@id":"https:\/\/airportsmokinglounge.com\/smoking-areas-at-townsville-airport-tsv\/#breadcrumb"},"inLanguage":"nl-NL","potentialAction":[{"@type":"ReadAction","target":["https:\/\/airportsmokinglounge.com\/smoking-areas-at-townsville-airport-tsv\/"]}]},{"@type":"ImageObject","inLanguage":"nl-NL","@id":"https:\/\/airportsmokinglounge.com\/smoking-areas-at-townsville-airport-tsv\/#primaryimage","url":"https:\/\/airportsmokinglounge.com\/wp-content\/uploads\/2023\/03\/airport-smoking-lounge-4.jpg","contentUrl":"https:\/\/airportsmokinglounge.com\/wp-content\/uploads\/2023\/03\/airport-smoking-lounge-4.jpg","width":2048,"height":1152,"caption":"Airport Smoking"},{"@type":"BreadcrumbList","@id":"https:\/\/airportsmokinglounge.com\/smoking-areas-at-townsville-airport-tsv\/#breadcrumb","itemListElement":[{"@type":"ListItem","position":1,"name":"Home","item":"https:\/\/airportsmokinglounge.com\/"},{"@type":"ListItem","position":2,"name":"Smoking areas at TOWNSVILLE AIRPORT (TSV)"}]},{"@type":"WebSite","@id":"https:\/\/airportsmokinglounge.com\/#website","url":"https:\/\/airportsmokinglounge.com\/","name":"luchthavenrokenlounge.com","description":"","potentialAction":[{"@type":"SearchAction","target":{"@type":"EntryPoint","urlTemplate":"https:\/\/airportsmokinglounge.com\/?s={search_term_string}"},"query-input":{"@type":"PropertyValueSpecification","valueRequired":true,"valueName":"search_term_string"}}],"inLanguage":"nl-NL"}]}},"_links":{"self":[{"href":"https:\/\/airportsmokinglounge.com\/nl\/wp-json\/wp\/v2\/pages\/5876","targetHints":{"allow":["GET"]}}],"collection":[{"href":"https:\/\/airportsmokinglounge.com\/nl\/wp-json\/wp\/v2\/pages"}],"about":[{"href":"https:\/\/airportsmokinglounge.com\/nl\/wp-json\/wp\/v2\/types\/page"}],"author":[{"embeddable":true,"href":"https:\/\/airportsmokinglounge.com\/nl\/wp-json\/wp\/v2\/users\/1"}],"replies":[{"embeddable":true,"href":"https:\/\/airportsmokinglounge.com\/nl\/wp-json\/wp\/v2\/comments?post=5876"}],"version-history":[{"count":1,"href":"https:\/\/airportsmokinglounge.com\/nl\/wp-json\/wp\/v2\/pages\/5876\/revisions"}],"predecessor-version":[{"id":5877,"href":"https:\/\/airportsmokinglounge.com\/nl\/wp-json\/wp\/v2\/pages\/5876\/revisions\/5877"}],"wp:featuredmedia":[{"embeddable":true,"href":"https:\/\/airportsmokinglounge.com\/nl\/wp-json\/wp\/v2\/media\/1199"}],"wp:attachment":[{"href":"https:\/\/airportsmokinglounge.com\/nl\/wp-json\/wp\/v2\/media?parent=5876"}],"curies":[{"name":"wp","href":"https:\/\/api.w.org\/{rel}","templated":true}]}}