{"id":6208,"date":"2023-05-26T18:48:16","date_gmt":"2023-05-26T16:48:16","guid":{"rendered":"https:\/\/airportsmokinglounge.com\/?page_id=6208"},"modified":"2023-05-26T18:48:16","modified_gmt":"2023-05-26T16:48:16","slug":"smoking-areas-at-batumi-airport-bus","status":"publish","type":"page","link":"https:\/\/airportsmokinglounge.com\/nl\/rookruimtes-op-batumi-luchthavenbus\/","title":{"rendered":"Rookruimtes op Batumi Airport (BUS)"},"content":{"rendered":"<p>Batumi International Airport is een grote luchthaven in de buurt van de kustplaats Batumi in Georgi\u00eb. De luchthaven biedt zowel binnenlandse als internationale vluchten aan. Het dient als hub voor verschillende luchtvaartmaatschappijen en verbindt Batumi met verschillende bestemmingen in Europa, Azi\u00eb en het Midden-Oosten.<\/p>\n<h2>Rookruimtes voor de veiligheidscontrole<\/h2>\n<ul>\n<li>Roken is buiten de terminal alleen toegestaan in de daarvoor bestemde ruimtes<\/li>\n<\/ul>\n<h2>Rookruimtes na veiligheidscontrole<\/h2>\n<ul>\n<li>Roken is alleen toegestaan in de daarvoor bestemde ruimtes<\/li>\n<\/ul>\n<p><span style=\"font-size: 12pt;\">Meer informatie op de offici\u00eble website<\/span><\/p>\n<ul>\n<li><a href=\"https:\/\/batumiairport.com\/\" target=\"_blank\" rel=\"noopener\"><span style=\"font-size: 12pt;\">batumiluchthaven.com<\/span><\/a><\/li>\n<\/ul>\n<p><span style=\"font-size: 12pt;\"><strong>Stuur ons feedback<\/strong><\/span><\/p>\n<p><span style=\"font-size: 12pt;\">Als u zich op de luchthaven bevindt, bent u meer dan welkom om ons foto&#039;s van de rookruimtes te sturen. Dit zal ons helpen onze database sneller te vullen. Je kan dit doen <strong><a href=\"https:\/\/airportsmokinglounge.com\/nl\/contact\/\">Hier<\/a>.<\/strong> De afbeeldingen worden gepubliceerd op onze website, met vermelding van de bron van de afbeelding (naam). Deel deze foto&#039;s gerust met ons en alle bezoekers van airportsmokinglounge.com.<\/span><\/p>\n<h2>Roken op de luchthavens van Georgi\u00eb<\/h2>\n<p>Buiten de terminalgebouwen van Georgische luchthavens bevinden zich rookruimtes of aangewezen rookzones. Deze ruimtes zijn doorgaans uitgerust met asbakken en bieden rokers een ruimte om hun gewoonte uit te oefenen terwijl ze voldoen aan de rookvoorschriften. Het is belangrijk op te merken dat deze rookruimtes zich op enige afstand van het terminalgebouw kunnen bevinden en dat passagiers opnieuw door de beveiliging moeten voordat ze de luchthaven weer betreden.<\/p>\n<h3>Veel Gestelde Vragen<\/h3>\n<h4>Zijn de rookruimtes op de luchthaven 24\/7 beschikbaar?<\/h4>\n<p>De beschikbaarheid van rookruimtes op luchthavens kan per luchthaven en locatie verschillen. Sommige rookruimtes zijn 24 uur per dag geopend, andere hebben beperkte openingstijden of zijn op bepaalde tijden gesloten. U kunt het beste contact opnemen met de luchthaven of hun website bezoeken voor specifieke informatie over de openingstijden van de rookruimte.<\/p>\n<h4>Mag ik mijn eigen eten en drinken meenemen in de rookruimte?<\/h4>\n<p>Dit kan afhangen van de specifieke rookruimte en luchthaven. In sommige rookruimtes is eten en drinken buiten toegestaan, terwijl andere beperkingen hebben of het helemaal verbieden. Het is het beste om de bewegwijzering van de luchthaven of de rookruimte te raadplegen voor specifieke regels en voorschriften.<\/p>\n<h4>Is roken toegestaan in alle rookruimtes op de luchthaven?<\/h4>\n<p>Niet in alle rookruimtes op de luchthaven is roken toegestaan. Sommige luchthavens hebben speciale ruimtes voor elektronische sigaretten of vapen, die gescheiden zijn van de traditionele rookruimtes. Zorg ervoor dat u de specifieke regels en voorschriften controleert voor de rookruimte die u van plan bent te gebruiken.<\/p>\n<h4>Zijn rookruimtes voorzien van airconditioning of verwarming?<\/h4>\n<p>De temperatuur en ventilatie van rookruimtes op luchthavens kan sterk vari\u00ebren. Sommige zijn voorzien van airconditioning of verwarming, terwijl andere openluchtruimten zijn met beperkte bescherming tegen de elementen. Neem van tevoren contact op met de luchthaven of bezoek de rookruimte om de voorwaarden te bepalen en dienovereenkomstig voor te bereiden.<\/p>\n<h4>Zijn rookruimtes toegankelijk voor reizigers met een handicap?<\/h4>\n<p>Veel luchthavens hebben zich ingespannen om hun rookruimtes toegankelijk te maken voor reizigers met een handicap. De toegankelijkheid van specifieke rookruimtes kan echter sterk verschillen. Neem zeker contact op met de luchthaven of bezoek de rookruimte van tevoren om te bepalen of deze toegankelijk is en aan uw behoeften voldoet.<\/p>\n<p><span style=\"font-size: 12pt;\"><strong>Meer vliegvelden in Georgi\u00eb:<\/strong> <\/span><\/p>\n<ul>\n<li><span style=\"font-size: 12pt;\"><a href=\"https:\/\/airportsmokinglounge.com\/nl\/rookruimtes-in-georgie-luchthavens\/\">Georgi\u00eb luchthavens<\/a><\/span><\/li>\n<\/ul>\n<p><span style=\"font-size: 12pt;\"><strong>Rookruimtes in:<\/strong><\/span><\/p>\n<ul>\n<li><span style=\"font-size: 12pt;\"><a href=\"https:\/\/airportsmokinglounge.com\/nl\/rookruimtes-in-europese-luchthavens\/\">Europese luchthavens<\/a><\/span><\/li>\n<\/ul>","protected":false},"excerpt":{"rendered":"<p>Batumi International Airport is een grote luchthaven vlakbij de kuststad Batumi in Georgi\u00eb. De luchthaven biedt zowel binnenlandse als internationale vluchten aan. Het dient als hub voor verschillende luchtvaartmaatschappijen en verbindt Batumi met diverse bestemmingen in Europa, Azi\u00eb en het Midden-Oosten. Rookruimtes v\u00f3\u00f3r de veiligheidscontrole. Roken is alleen buiten toegestaan.&nbsp;<a href=\"https:\/\/airportsmokinglounge.com\/nl\/rookruimtes-op-batumi-luchthavenbus\/\" rel=\"bookmark\">Lees meer \u00bb<span class=\"screen-reader-text\">Rookruimtes op Batumi Airport (BUS)<\/span><\/a><\/p>","protected":false},"author":1,"featured_media":1202,"parent":0,"menu_order":0,"comment_status":"closed","ping_status":"closed","template":"","meta":{"neve_meta_sidebar":"","neve_meta_container":"","neve_meta_enable_content_width":"off","neve_meta_content_width":100,"neve_meta_title_alignment":"","neve_meta_author_avatar":"","neve_post_elements_order":"","neve_meta_disable_header":"","neve_meta_disable_footer":"","neve_meta_disable_title":"","neve_meta_reading_time":"","footnotes":""},"class_list":["post-6208","page","type-page","status-publish","has-post-thumbnail","hentry"],"yoast_head":"<!-- This site is optimized with the Yoast SEO plugin v26.6 - https:\/\/yoast.com\/wordpress\/plugins\/seo\/ -->\n<title>Smoking areas at Batumi Airport (BUS) - airportsmokinglounge.com<\/title>\n<meta name=\"description\" content=\"Smoking areas Batumi Airport - Find a smoking area in the airport \u2714\ufe0e Smoking Guide in Airports: Information for Travelers \u2714\ufe0e\" \/>\n<meta name=\"robots\" content=\"index, follow, max-snippet:-1, max-image-preview:large, max-video-preview:-1\" \/>\n<link rel=\"canonical\" href=\"https:\/\/airportsmokinglounge.com\/nl\/rookruimtes-op-batumi-luchthavenbus\/\" \/>\n<meta property=\"og:locale\" content=\"nl_NL\" \/>\n<meta property=\"og:type\" content=\"article\" \/>\n<meta property=\"og:title\" content=\"Smoking areas at Batumi Airport (BUS) - airportsmokinglounge.com\" \/>\n<meta property=\"og:description\" content=\"Smoking areas Batumi Airport - Find a smoking area in the airport \u2714\ufe0e Smoking Guide in Airports: Information for Travelers \u2714\ufe0e\" \/>\n<meta property=\"og:url\" content=\"https:\/\/airportsmokinglounge.com\/nl\/rookruimtes-op-batumi-luchthavenbus\/\" \/>\n<meta property=\"og:site_name\" content=\"airportsmokinglounge.com\" \/>\n<meta property=\"og:image\" content=\"https:\/\/airportsmokinglounge.com\/wp-content\/uploads\/2023\/03\/airport-smoking-lounge-7.jpg\" \/>\n\t<meta property=\"og:image:width\" content=\"2048\" \/>\n\t<meta property=\"og:image:height\" content=\"1152\" \/>\n\t<meta property=\"og:image:type\" content=\"image\/jpeg\" \/>\n<meta name=\"twitter:card\" content=\"summary_large_image\" \/>\n<meta name=\"twitter:label1\" content=\"Geschatte leestijd\" \/>\n\t<meta name=\"twitter:data1\" content=\"3 minuten\" \/>\n<script type=\"application\/ld+json\" class=\"yoast-schema-graph\">{\"@context\":\"https:\/\/schema.org\",\"@graph\":[{\"@type\":\"WebPage\",\"@id\":\"https:\/\/airportsmokinglounge.com\/smoking-areas-at-batumi-airport-bus\/\",\"url\":\"https:\/\/airportsmokinglounge.com\/smoking-areas-at-batumi-airport-bus\/\",\"name\":\"Smoking areas at Batumi Airport (BUS) - airportsmokinglounge.com\",\"isPartOf\":{\"@id\":\"https:\/\/airportsmokinglounge.com\/#website\"},\"primaryImageOfPage\":{\"@id\":\"https:\/\/airportsmokinglounge.com\/smoking-areas-at-batumi-airport-bus\/#primaryimage\"},\"image\":{\"@id\":\"https:\/\/airportsmokinglounge.com\/smoking-areas-at-batumi-airport-bus\/#primaryimage\"},\"thumbnailUrl\":\"https:\/\/airportsmokinglounge.com\/wp-content\/uploads\/2023\/03\/airport-smoking-lounge-7.jpg\",\"datePublished\":\"2023-05-26T16:48:16+00:00\",\"description\":\"Smoking areas Batumi Airport - Find a smoking area in the airport \u2714\ufe0e Smoking Guide in Airports: Information for Travelers \u2714\ufe0e\",\"breadcrumb\":{\"@id\":\"https:\/\/airportsmokinglounge.com\/smoking-areas-at-batumi-airport-bus\/#breadcrumb\"},\"inLanguage\":\"nl-NL\",\"potentialAction\":[{\"@type\":\"ReadAction\",\"target\":[\"https:\/\/airportsmokinglounge.com\/smoking-areas-at-batumi-airport-bus\/\"]}]},{\"@type\":\"ImageObject\",\"inLanguage\":\"nl-NL\",\"@id\":\"https:\/\/airportsmokinglounge.com\/smoking-areas-at-batumi-airport-bus\/#primaryimage\",\"url\":\"https:\/\/airportsmokinglounge.com\/wp-content\/uploads\/2023\/03\/airport-smoking-lounge-7.jpg\",\"contentUrl\":\"https:\/\/airportsmokinglounge.com\/wp-content\/uploads\/2023\/03\/airport-smoking-lounge-7.jpg\",\"width\":2048,\"height\":1152,\"caption\":\"Airport Smoking areas\"},{\"@type\":\"BreadcrumbList\",\"@id\":\"https:\/\/airportsmokinglounge.com\/smoking-areas-at-batumi-airport-bus\/#breadcrumb\",\"itemListElement\":[{\"@type\":\"ListItem\",\"position\":1,\"name\":\"Home\",\"item\":\"https:\/\/airportsmokinglounge.com\/\"},{\"@type\":\"ListItem\",\"position\":2,\"name\":\"Smoking areas at Batumi Airport (BUS)\"}]},{\"@type\":\"WebSite\",\"@id\":\"https:\/\/airportsmokinglounge.com\/#website\",\"url\":\"https:\/\/airportsmokinglounge.com\/\",\"name\":\"airportsmokinglounge.com\",\"description\":\"\",\"potentialAction\":[{\"@type\":\"SearchAction\",\"target\":{\"@type\":\"EntryPoint\",\"urlTemplate\":\"https:\/\/airportsmokinglounge.com\/?s={search_term_string}\"},\"query-input\":{\"@type\":\"PropertyValueSpecification\",\"valueRequired\":true,\"valueName\":\"search_term_string\"}}],\"inLanguage\":\"nl-NL\"}]}<\/script>\n<!-- \/ Yoast SEO plugin. -->","yoast_head_json":{"title":"Rookruimtes op Batumi Airport (BUS) - airportsmokinglounge.com","description":"Rookruimtes Batumi Airport - Zoek een rookruimte op de luchthaven \u2714\ufe0e Rookgids op luchthavens: informatie voor reizigers \u2714\ufe0e","robots":{"index":"index","follow":"follow","max-snippet":"max-snippet:-1","max-image-preview":"max-image-preview:large","max-video-preview":"max-video-preview:-1"},"canonical":"https:\/\/airportsmokinglounge.com\/nl\/rookruimtes-op-batumi-luchthavenbus\/","og_locale":"nl_NL","og_type":"article","og_title":"Smoking areas at Batumi Airport (BUS) - airportsmokinglounge.com","og_description":"Smoking areas Batumi Airport - Find a smoking area in the airport \u2714\ufe0e Smoking Guide in Airports: Information for Travelers \u2714\ufe0e","og_url":"https:\/\/airportsmokinglounge.com\/nl\/rookruimtes-op-batumi-luchthavenbus\/","og_site_name":"airportsmokinglounge.com","og_image":[{"width":2048,"height":1152,"url":"https:\/\/airportsmokinglounge.com\/wp-content\/uploads\/2023\/03\/airport-smoking-lounge-7.jpg","type":"image\/jpeg"}],"twitter_card":"summary_large_image","twitter_misc":{"Geschatte leestijd":"3 minuten"},"schema":{"@context":"https:\/\/schema.org","@graph":[{"@type":"WebPage","@id":"https:\/\/airportsmokinglounge.com\/smoking-areas-at-batumi-airport-bus\/","url":"https:\/\/airportsmokinglounge.com\/smoking-areas-at-batumi-airport-bus\/","name":"Rookruimtes op Batumi Airport (BUS) - airportsmokinglounge.com","isPartOf":{"@id":"https:\/\/airportsmokinglounge.com\/#website"},"primaryImageOfPage":{"@id":"https:\/\/airportsmokinglounge.com\/smoking-areas-at-batumi-airport-bus\/#primaryimage"},"image":{"@id":"https:\/\/airportsmokinglounge.com\/smoking-areas-at-batumi-airport-bus\/#primaryimage"},"thumbnailUrl":"https:\/\/airportsmokinglounge.com\/wp-content\/uploads\/2023\/03\/airport-smoking-lounge-7.jpg","datePublished":"2023-05-26T16:48:16+00:00","description":"Rookruimtes Batumi Airport - Zoek een rookruimte op de luchthaven \u2714\ufe0e Rookgids op luchthavens: informatie voor reizigers \u2714\ufe0e","breadcrumb":{"@id":"https:\/\/airportsmokinglounge.com\/smoking-areas-at-batumi-airport-bus\/#breadcrumb"},"inLanguage":"nl-NL","potentialAction":[{"@type":"ReadAction","target":["https:\/\/airportsmokinglounge.com\/smoking-areas-at-batumi-airport-bus\/"]}]},{"@type":"ImageObject","inLanguage":"nl-NL","@id":"https:\/\/airportsmokinglounge.com\/smoking-areas-at-batumi-airport-bus\/#primaryimage","url":"https:\/\/airportsmokinglounge.com\/wp-content\/uploads\/2023\/03\/airport-smoking-lounge-7.jpg","contentUrl":"https:\/\/airportsmokinglounge.com\/wp-content\/uploads\/2023\/03\/airport-smoking-lounge-7.jpg","width":2048,"height":1152,"caption":"Airport Smoking areas"},{"@type":"BreadcrumbList","@id":"https:\/\/airportsmokinglounge.com\/smoking-areas-at-batumi-airport-bus\/#breadcrumb","itemListElement":[{"@type":"ListItem","position":1,"name":"Home","item":"https:\/\/airportsmokinglounge.com\/"},{"@type":"ListItem","position":2,"name":"Smoking areas at Batumi Airport (BUS)"}]},{"@type":"WebSite","@id":"https:\/\/airportsmokinglounge.com\/#website","url":"https:\/\/airportsmokinglounge.com\/","name":"luchthavenrokenlounge.com","description":"","potentialAction":[{"@type":"SearchAction","target":{"@type":"EntryPoint","urlTemplate":"https:\/\/airportsmokinglounge.com\/?s={search_term_string}"},"query-input":{"@type":"PropertyValueSpecification","valueRequired":true,"valueName":"search_term_string"}}],"inLanguage":"nl-NL"}]}},"_links":{"self":[{"href":"https:\/\/airportsmokinglounge.com\/nl\/wp-json\/wp\/v2\/pages\/6208","targetHints":{"allow":["GET"]}}],"collection":[{"href":"https:\/\/airportsmokinglounge.com\/nl\/wp-json\/wp\/v2\/pages"}],"about":[{"href":"https:\/\/airportsmokinglounge.com\/nl\/wp-json\/wp\/v2\/types\/page"}],"author":[{"embeddable":true,"href":"https:\/\/airportsmokinglounge.com\/nl\/wp-json\/wp\/v2\/users\/1"}],"replies":[{"embeddable":true,"href":"https:\/\/airportsmokinglounge.com\/nl\/wp-json\/wp\/v2\/comments?post=6208"}],"version-history":[{"count":1,"href":"https:\/\/airportsmokinglounge.com\/nl\/wp-json\/wp\/v2\/pages\/6208\/revisions"}],"predecessor-version":[{"id":6211,"href":"https:\/\/airportsmokinglounge.com\/nl\/wp-json\/wp\/v2\/pages\/6208\/revisions\/6211"}],"wp:featuredmedia":[{"embeddable":true,"href":"https:\/\/airportsmokinglounge.com\/nl\/wp-json\/wp\/v2\/media\/1202"}],"wp:attachment":[{"href":"https:\/\/airportsmokinglounge.com\/nl\/wp-json\/wp\/v2\/media?parent=6208"}],"curies":[{"name":"wp","href":"https:\/\/api.w.org\/{rel}","templated":true}]}}