{"id":841,"date":"2023-03-17T20:52:40","date_gmt":"2023-03-17T19:52:40","guid":{"rendered":"https:\/\/airportsmokinglounge.com\/?page_id=841"},"modified":"2024-03-05T19:21:44","modified_gmt":"2024-03-05T18:21:44","slug":"smoking-areas-at-keflavik-international-airport-kef","status":"publish","type":"page","link":"https:\/\/airportsmokinglounge.com\/nl\/rookruimtes-op-keflavik-international-airport-kef\/","title":{"rendered":"Rookruimtes op Keflav\u00edk International Airport (KEF)"},"content":{"rendered":"<p>Keflav\u00edk International Airport ligt in de stad Keflav\u00edk op het schiereiland Reykjanes.<\/p>\n<p>Keflav\u00edk International Airport is een belangrijk knooppunt voor internationale reizen van en naar IJsland. Het bedient tal van luchtvaartmaatschappijen, waaronder Icelandair, WOW Air en diverse andere internationale luchtvaartmaatschappijen. De luchthaven biedt vluchten naar bestemmingen in Europa, Noord-Amerika en andere delen van de wereld.<\/p>\n<h2>Rookruimtes voor de veiligheidscontrole<\/h2>\n<ul>\n<li><span style=\"font-size: 12pt;\">Roken is alleen toegestaan buiten de terminal<\/span><\/li>\n<\/ul>\n<h2>Rookruimtes na veiligheidscontrole<\/h2>\n<ul>\n<li>De rookruimte bevindt zich achter Joe the Juice aan de andere kant van de toiletten.<\/li>\n<li>Rookruimte naast de toiletten (vertrekhal)<\/li>\n<li><strong>Hoofdterminal:<\/strong> Er zijn twee rookruimtes op de luchthaven Kevlavik in de vertrekhal.<br \/>\nboven is voorbij Jomfuin en beneden is bij poort D.<\/li>\n<\/ul>\n<figure id=\"attachment_7287\" aria-describedby=\"caption-attachment-7287\" style=\"width: 900px\" class=\"wp-caption aligncenter\"><img decoding=\"async\" class=\"size-full wp-image-7287\" src=\"https:\/\/airportsmokinglounge.com\/wp-content\/uploads\/2024\/03\/20240224_193749-scaled-e1709662853548.jpg\" alt=\"Rookruimtes op Keflav\u00edk International Airport (KEF)\" width=\"900\" height=\"1200\" \/><figcaption id=\"caption-attachment-7287\" class=\"wp-caption-text\">\u00a9 Iain Fleming<\/figcaption><\/figure>\n<figure id=\"attachment_7286\" aria-describedby=\"caption-attachment-7286\" style=\"width: 900px\" class=\"wp-caption aligncenter\"><img decoding=\"async\" class=\"size-full wp-image-7286\" src=\"https:\/\/airportsmokinglounge.com\/wp-content\/uploads\/2024\/03\/20240224_192200-scaled-e1709662842629.jpg\" alt=\"Rokenlounge op Keflav\u00edk International Airport (KEF)\" width=\"900\" height=\"1200\" \/><figcaption id=\"caption-attachment-7286\" class=\"wp-caption-text\">\u00a9 Iain Fleming<\/figcaption><\/figure>\n<figure id=\"attachment_7285\" aria-describedby=\"caption-attachment-7285\" style=\"width: 900px\" class=\"wp-caption aligncenter\"><img decoding=\"async\" class=\"size-full wp-image-7285\" src=\"https:\/\/airportsmokinglounge.com\/wp-content\/uploads\/2024\/03\/20240224_192119-scaled-e1709662829852.jpg\" alt=\"Rooklounge op de internationale luchthaven Keflav\u00edk (KEF).\" width=\"900\" height=\"1200\" \/><figcaption id=\"caption-attachment-7285\" class=\"wp-caption-text\">\u00a9 Iain Fleming<\/figcaption><\/figure>\n<figure id=\"attachment_7288\" aria-describedby=\"caption-attachment-7288\" style=\"width: 900px\" class=\"wp-caption aligncenter\"><img decoding=\"async\" class=\"size-full wp-image-7288\" src=\"https:\/\/airportsmokinglounge.com\/wp-content\/uploads\/2024\/03\/20240224_193801-scaled-e1709662870502.jpg\" alt=\"Internationale luchthaven Keflav\u00edk (KEF)\" width=\"900\" height=\"1200\" \/><figcaption id=\"caption-attachment-7288\" class=\"wp-caption-text\">\u00a9 Iain Fleming<\/figcaption><\/figure>\n<p><span style=\"font-size: 12pt;\">Meer informatie op de offici\u00eble website<\/span><\/p>\n<ul>\n<li><span style=\"font-size: 12pt;\"><a href=\"https:\/\/www.isavia.is\/en\/keflavik-airport?utm_source=gmb&amp;utm_medium=organic&amp;utm_campaign=kefairport\" target=\"_blank\" rel=\"noopener\">isavia.is<\/a><\/span><\/li>\n<\/ul>\n<p><span style=\"font-size: 12pt;\"><strong>Stuur ons feedback<\/strong><\/span><\/p>\n<p><span style=\"font-size: 12pt;\">Als u zich op de luchthaven bevindt, bent u meer dan welkom om ons foto&#039;s van de rookruimtes te sturen. Dit zal ons helpen onze database sneller te vullen. Je kan dit doen <strong><a href=\"https:\/\/airportsmokinglounge.com\/nl\/contact\/\">Hier<\/a>.<\/strong> De afbeeldingen worden gepubliceerd op onze website, met vermelding van de bron van de afbeelding (naam). Deel deze foto&#039;s gerust met ons en alle bezoekers van airportsmokinglounge.com.<\/span><\/p>\n<h2>Roken op IJslandse luchthavens<\/h2>\n<p>De IJslandse rookwetten verbieden roken in afgesloten openbare ruimtes, waaronder de terminals en binnenruimtes van luchthavens. Daarom is roken over het algemeen niet toegestaan in de luchthavengebouwen, inclusief wachtruimtes, lounges, restaurants en andere openbare ruimtes.<\/p>\n<p>De meeste luchthavens in IJsland hebben aangewezen rookruimtes buiten waar passagiers en bezoekers kunnen roken. Deze gebieden bevinden zich meestal buiten de terminalgebouwen, weg van de hoofdingangen, om blootstelling aan passief roken te minimaliseren en een rookvrije omgeving binnen te behouden.<\/p>\n<p>Het is belangrijk op te merken dat zelfs in aangewezen rookruimtes bepaalde beperkingen van toepassing kunnen zijn. Roken kan bijvoorbeeld beperkt zijn tot specifieke zones en er kunnen voorschriften zijn met betrekking tot het weggooien van sigarettenpeuken om de netheid te behouden en brandgevaar te voorkomen. Het is raadzaam om eventuele borden of instructies te volgen bij het gebruik van aangewezen rookruimtes.<\/p>\n<h3>Veel Gestelde Vragen<\/h3>\n<h4>Zijn de rookruimtes op de luchthaven 24\/7 beschikbaar?<\/h4>\n<p>De beschikbaarheid van rookruimtes op luchthavens kan per luchthaven en locatie verschillen. Sommige rookruimtes zijn 24 uur per dag geopend, andere hebben beperkte openingstijden of zijn op bepaalde tijden gesloten. U kunt het beste contact opnemen met de luchthaven of hun website bezoeken voor specifieke informatie over de openingstijden van de rookruimte.<\/p>\n<h4>Mag ik mijn eigen eten en drinken meenemen in de rookruimte?<\/h4>\n<p>Dit kan afhangen van de specifieke rookruimte en luchthaven. In sommige rookruimtes is eten en drinken buiten toegestaan, terwijl andere beperkingen hebben of het helemaal verbieden. Het is het beste om de bewegwijzering van de luchthaven of de rookruimte te raadplegen voor specifieke regels en voorschriften.<\/p>\n<h4>Is roken toegestaan in alle rookruimtes op de luchthaven?<\/h4>\n<p>Niet in alle rookruimtes op de luchthaven is roken toegestaan. Sommige luchthavens hebben speciale ruimtes voor elektronische sigaretten of vapen, die gescheiden zijn van de traditionele rookruimtes. Zorg ervoor dat u de specifieke regels en voorschriften controleert voor de rookruimte die u van plan bent te gebruiken.<\/p>\n<h4>Zijn rookruimtes voorzien van airconditioning of verwarming?<\/h4>\n<p>De temperatuur en ventilatie van rookruimtes op luchthavens kan sterk vari\u00ebren. Sommige zijn voorzien van airconditioning of verwarming, terwijl andere openluchtruimten zijn met beperkte bescherming tegen de elementen. Neem van tevoren contact op met de luchthaven of bezoek de rookruimte om de voorwaarden te bepalen en dienovereenkomstig voor te bereiden.<\/p>\n<h4>Zijn rookruimtes toegankelijk voor reizigers met een handicap?<\/h4>\n<p>Veel luchthavens hebben zich ingespannen om hun rookruimtes toegankelijk te maken voor reizigers met een handicap. De toegankelijkheid van specifieke rookruimtes kan echter sterk verschillen. Neem zeker contact op met de luchthaven of bezoek de rookruimte van tevoren om te bepalen of deze toegankelijk is en aan uw behoeften voldoet.<\/p>\n<p><span style=\"font-size: 12pt;\"><strong>Meer vliegvelden in IJsland:<\/strong> <\/span><\/p>\n<ul>\n<li><span style=\"font-size: 12pt;\"><a href=\"https:\/\/airportsmokinglounge.com\/nl\/rookruimtes-in-ijslanden-luchthavens\/\">Luchthavens in IJsland<\/a><\/span><\/li>\n<\/ul>\n<p><span style=\"font-size: 12pt;\"><strong>Rookruimtes in:<\/strong><\/span><\/p>\n<ul>\n<li><span style=\"font-size: 12pt;\"><a href=\"https:\/\/airportsmokinglounge.com\/nl\/rookruimtes-in-europese-luchthavens\/\">Europese luchthavens<\/a><\/span><\/li>\n<\/ul>","protected":false},"excerpt":{"rendered":"<p>Keflav\u00edk International Airport is situated in the town of Keflav\u00edk on the Reykjanes Peninsula. Keflav\u00edk International Airport is a major hub for international travel to and from Iceland. It serves numerous airlines, including Icelandair, WOW Air, and various other international carriers. The airport offers flights to destinations across Europe, North America, and other parts of&hellip;&nbsp;<a href=\"https:\/\/airportsmokinglounge.com\/nl\/rookruimtes-op-keflavik-international-airport-kef\/\" rel=\"bookmark\">Lees meer \u00bb<span class=\"screen-reader-text\">Rookruimtes op Keflav\u00edk International Airport (KEF)<\/span><\/a><\/p>","protected":false},"author":1,"featured_media":1199,"parent":0,"menu_order":0,"comment_status":"closed","ping_status":"closed","template":"","meta":{"neve_meta_sidebar":"","neve_meta_container":"","neve_meta_enable_content_width":"off","neve_meta_content_width":100,"neve_meta_title_alignment":"","neve_meta_author_avatar":"","neve_post_elements_order":"","neve_meta_disable_header":"","neve_meta_disable_footer":"","neve_meta_disable_title":"","neve_meta_reading_time":"","footnotes":""},"class_list":["post-841","page","type-page","status-publish","has-post-thumbnail","hentry"],"yoast_head":"<!-- This site is optimized with the Yoast SEO plugin v26.6 - https:\/\/yoast.com\/wordpress\/plugins\/seo\/ -->\n<title>Smoking areas at Keflav\u00edk International Airport (KEF)<\/title>\n<meta name=\"description\" content=\"Smoking areas Keflav\u00edk International Airport - Find a smoking area in the airport \u2714\ufe0e Smoking Guide in Airports for Travelers \u2714\ufe0e\" \/>\n<meta name=\"robots\" content=\"index, follow, max-snippet:-1, max-image-preview:large, max-video-preview:-1\" \/>\n<link rel=\"canonical\" href=\"https:\/\/airportsmokinglounge.com\/nl\/rookruimtes-op-keflavik-international-airport-kef\/\" \/>\n<meta property=\"og:locale\" content=\"nl_NL\" \/>\n<meta property=\"og:type\" content=\"article\" \/>\n<meta property=\"og:title\" content=\"Smoking areas at Keflav\u00edk International Airport (KEF)\" \/>\n<meta property=\"og:description\" content=\"Smoking areas Keflav\u00edk International Airport - Find a smoking area in the airport \u2714\ufe0e Smoking Guide in Airports for Travelers \u2714\ufe0e\" \/>\n<meta property=\"og:url\" content=\"https:\/\/airportsmokinglounge.com\/nl\/rookruimtes-op-keflavik-international-airport-kef\/\" \/>\n<meta property=\"og:site_name\" content=\"airportsmokinglounge.com\" \/>\n<meta property=\"article:modified_time\" content=\"2024-03-05T18:21:44+00:00\" \/>\n<meta property=\"og:image\" content=\"https:\/\/airportsmokinglounge.com\/wp-content\/uploads\/2023\/03\/airport-smoking-lounge-4.jpg\" \/>\n\t<meta property=\"og:image:width\" content=\"2048\" \/>\n\t<meta property=\"og:image:height\" content=\"1152\" \/>\n\t<meta property=\"og:image:type\" content=\"image\/jpeg\" \/>\n<meta name=\"twitter:card\" content=\"summary_large_image\" \/>\n<meta name=\"twitter:label1\" content=\"Geschatte leestijd\" \/>\n\t<meta name=\"twitter:data1\" content=\"4 minuten\" \/>\n<script type=\"application\/ld+json\" class=\"yoast-schema-graph\">{\"@context\":\"https:\/\/schema.org\",\"@graph\":[{\"@type\":\"WebPage\",\"@id\":\"https:\/\/airportsmokinglounge.com\/smoking-areas-at-keflavik-international-airport-kef\/\",\"url\":\"https:\/\/airportsmokinglounge.com\/smoking-areas-at-keflavik-international-airport-kef\/\",\"name\":\"Smoking areas at Keflav\u00edk International Airport (KEF)\",\"isPartOf\":{\"@id\":\"https:\/\/airportsmokinglounge.com\/#website\"},\"primaryImageOfPage\":{\"@id\":\"https:\/\/airportsmokinglounge.com\/smoking-areas-at-keflavik-international-airport-kef\/#primaryimage\"},\"image\":{\"@id\":\"https:\/\/airportsmokinglounge.com\/smoking-areas-at-keflavik-international-airport-kef\/#primaryimage\"},\"thumbnailUrl\":\"https:\/\/airportsmokinglounge.com\/wp-content\/uploads\/2023\/03\/airport-smoking-lounge-4.jpg\",\"datePublished\":\"2023-03-17T19:52:40+00:00\",\"dateModified\":\"2024-03-05T18:21:44+00:00\",\"description\":\"Smoking areas Keflav\u00edk International Airport - Find a smoking area in the airport \u2714\ufe0e Smoking Guide in Airports for Travelers \u2714\ufe0e\",\"breadcrumb\":{\"@id\":\"https:\/\/airportsmokinglounge.com\/smoking-areas-at-keflavik-international-airport-kef\/#breadcrumb\"},\"inLanguage\":\"nl-NL\",\"potentialAction\":[{\"@type\":\"ReadAction\",\"target\":[\"https:\/\/airportsmokinglounge.com\/smoking-areas-at-keflavik-international-airport-kef\/\"]}]},{\"@type\":\"ImageObject\",\"inLanguage\":\"nl-NL\",\"@id\":\"https:\/\/airportsmokinglounge.com\/smoking-areas-at-keflavik-international-airport-kef\/#primaryimage\",\"url\":\"https:\/\/airportsmokinglounge.com\/wp-content\/uploads\/2023\/03\/airport-smoking-lounge-4.jpg\",\"contentUrl\":\"https:\/\/airportsmokinglounge.com\/wp-content\/uploads\/2023\/03\/airport-smoking-lounge-4.jpg\",\"width\":2048,\"height\":1152,\"caption\":\"Airport Smoking\"},{\"@type\":\"BreadcrumbList\",\"@id\":\"https:\/\/airportsmokinglounge.com\/smoking-areas-at-keflavik-international-airport-kef\/#breadcrumb\",\"itemListElement\":[{\"@type\":\"ListItem\",\"position\":1,\"name\":\"Home\",\"item\":\"https:\/\/airportsmokinglounge.com\/\"},{\"@type\":\"ListItem\",\"position\":2,\"name\":\"Smoking areas at Keflav\u00edk International Airport (KEF)\"}]},{\"@type\":\"WebSite\",\"@id\":\"https:\/\/airportsmokinglounge.com\/#website\",\"url\":\"https:\/\/airportsmokinglounge.com\/\",\"name\":\"airportsmokinglounge.com\",\"description\":\"\",\"potentialAction\":[{\"@type\":\"SearchAction\",\"target\":{\"@type\":\"EntryPoint\",\"urlTemplate\":\"https:\/\/airportsmokinglounge.com\/?s={search_term_string}\"},\"query-input\":{\"@type\":\"PropertyValueSpecification\",\"valueRequired\":true,\"valueName\":\"search_term_string\"}}],\"inLanguage\":\"nl-NL\"}]}<\/script>\n<!-- \/ Yoast SEO plugin. -->","yoast_head_json":{"title":"Rookruimtes op Keflav\u00edk International Airport (KEF)","description":"Rookruimtes Keflav\u00edk International Airport - Zoek een rookruimte op de luchthaven \u2714\ufe0e Rookgids in luchthavens voor reizigers \u2714\ufe0e","robots":{"index":"index","follow":"follow","max-snippet":"max-snippet:-1","max-image-preview":"max-image-preview:large","max-video-preview":"max-video-preview:-1"},"canonical":"https:\/\/airportsmokinglounge.com\/nl\/rookruimtes-op-keflavik-international-airport-kef\/","og_locale":"nl_NL","og_type":"article","og_title":"Smoking areas at Keflav\u00edk International Airport (KEF)","og_description":"Smoking areas Keflav\u00edk International Airport - Find a smoking area in the airport \u2714\ufe0e Smoking Guide in Airports for Travelers \u2714\ufe0e","og_url":"https:\/\/airportsmokinglounge.com\/nl\/rookruimtes-op-keflavik-international-airport-kef\/","og_site_name":"airportsmokinglounge.com","article_modified_time":"2024-03-05T18:21:44+00:00","og_image":[{"width":2048,"height":1152,"url":"https:\/\/airportsmokinglounge.com\/wp-content\/uploads\/2023\/03\/airport-smoking-lounge-4.jpg","type":"image\/jpeg"}],"twitter_card":"summary_large_image","twitter_misc":{"Geschatte leestijd":"4 minuten"},"schema":{"@context":"https:\/\/schema.org","@graph":[{"@type":"WebPage","@id":"https:\/\/airportsmokinglounge.com\/smoking-areas-at-keflavik-international-airport-kef\/","url":"https:\/\/airportsmokinglounge.com\/smoking-areas-at-keflavik-international-airport-kef\/","name":"Rookruimtes op Keflav\u00edk International Airport (KEF)","isPartOf":{"@id":"https:\/\/airportsmokinglounge.com\/#website"},"primaryImageOfPage":{"@id":"https:\/\/airportsmokinglounge.com\/smoking-areas-at-keflavik-international-airport-kef\/#primaryimage"},"image":{"@id":"https:\/\/airportsmokinglounge.com\/smoking-areas-at-keflavik-international-airport-kef\/#primaryimage"},"thumbnailUrl":"https:\/\/airportsmokinglounge.com\/wp-content\/uploads\/2023\/03\/airport-smoking-lounge-4.jpg","datePublished":"2023-03-17T19:52:40+00:00","dateModified":"2024-03-05T18:21:44+00:00","description":"Rookruimtes Keflav\u00edk International Airport - Zoek een rookruimte op de luchthaven \u2714\ufe0e Rookgids in luchthavens voor reizigers \u2714\ufe0e","breadcrumb":{"@id":"https:\/\/airportsmokinglounge.com\/smoking-areas-at-keflavik-international-airport-kef\/#breadcrumb"},"inLanguage":"nl-NL","potentialAction":[{"@type":"ReadAction","target":["https:\/\/airportsmokinglounge.com\/smoking-areas-at-keflavik-international-airport-kef\/"]}]},{"@type":"ImageObject","inLanguage":"nl-NL","@id":"https:\/\/airportsmokinglounge.com\/smoking-areas-at-keflavik-international-airport-kef\/#primaryimage","url":"https:\/\/airportsmokinglounge.com\/wp-content\/uploads\/2023\/03\/airport-smoking-lounge-4.jpg","contentUrl":"https:\/\/airportsmokinglounge.com\/wp-content\/uploads\/2023\/03\/airport-smoking-lounge-4.jpg","width":2048,"height":1152,"caption":"Airport Smoking"},{"@type":"BreadcrumbList","@id":"https:\/\/airportsmokinglounge.com\/smoking-areas-at-keflavik-international-airport-kef\/#breadcrumb","itemListElement":[{"@type":"ListItem","position":1,"name":"Home","item":"https:\/\/airportsmokinglounge.com\/"},{"@type":"ListItem","position":2,"name":"Smoking areas at Keflav\u00edk International Airport (KEF)"}]},{"@type":"WebSite","@id":"https:\/\/airportsmokinglounge.com\/#website","url":"https:\/\/airportsmokinglounge.com\/","name":"luchthavenrokenlounge.com","description":"","potentialAction":[{"@type":"SearchAction","target":{"@type":"EntryPoint","urlTemplate":"https:\/\/airportsmokinglounge.com\/?s={search_term_string}"},"query-input":{"@type":"PropertyValueSpecification","valueRequired":true,"valueName":"search_term_string"}}],"inLanguage":"nl-NL"}]}},"_links":{"self":[{"href":"https:\/\/airportsmokinglounge.com\/nl\/wp-json\/wp\/v2\/pages\/841","targetHints":{"allow":["GET"]}}],"collection":[{"href":"https:\/\/airportsmokinglounge.com\/nl\/wp-json\/wp\/v2\/pages"}],"about":[{"href":"https:\/\/airportsmokinglounge.com\/nl\/wp-json\/wp\/v2\/types\/page"}],"author":[{"embeddable":true,"href":"https:\/\/airportsmokinglounge.com\/nl\/wp-json\/wp\/v2\/users\/1"}],"replies":[{"embeddable":true,"href":"https:\/\/airportsmokinglounge.com\/nl\/wp-json\/wp\/v2\/comments?post=841"}],"version-history":[{"count":7,"href":"https:\/\/airportsmokinglounge.com\/nl\/wp-json\/wp\/v2\/pages\/841\/revisions"}],"predecessor-version":[{"id":7289,"href":"https:\/\/airportsmokinglounge.com\/nl\/wp-json\/wp\/v2\/pages\/841\/revisions\/7289"}],"wp:featuredmedia":[{"embeddable":true,"href":"https:\/\/airportsmokinglounge.com\/nl\/wp-json\/wp\/v2\/media\/1199"}],"wp:attachment":[{"href":"https:\/\/airportsmokinglounge.com\/nl\/wp-json\/wp\/v2\/media?parent=841"}],"curies":[{"name":"wp","href":"https:\/\/api.w.org\/{rel}","templated":true}]}}