{"id":986,"date":"2023-03-22T11:02:37","date_gmt":"2023-03-22T10:02:37","guid":{"rendered":"https:\/\/airportsmokinglounge.com\/?page_id=986"},"modified":"2023-05-23T16:05:48","modified_gmt":"2023-05-23T14:05:48","slug":"smoking-areas-at-timisoara-traian-vuia-airport-tsr","status":"publish","type":"page","link":"https:\/\/airportsmokinglounge.com\/nl\/rookruimtes-op-timisoara-traian-vuia-airport-tsr\/","title":{"rendered":"Rookruimtes op de luchthaven Timisoara Traian Vuia (TSR)"},"content":{"rendered":"<p>Timi\u015foara Traian Vuia International Airport (TSR) is een grote luchthaven nabij de stad Timi\u015foara in het westen van Roemeni\u00eb.<\/p>\n<p>De luchthaven biedt zowel binnenlandse als internationale vluchten aan en verbindt passagiers met verschillende bestemmingen binnen Roemeni\u00eb en daarbuiten. Het dient als een belangrijke toegangspoort tot West-Roemeni\u00eb en biedt verbindingen met grote Europese steden. Verschillende luchtvaartmaatschappijen voeren regelmatige vluchten uit vanaf de luchthaven van Timi\u015foara en bieden reizigers een scala aan reismogelijkheden.<\/p>\n<h2>Rookruimtes voor de veiligheidscontrole<\/h2>\n<ul>\n<li>Roken is buiten de terminal alleen toegestaan in de daarvoor bestemde ruimtes<\/li>\n<\/ul>\n<h2>Rookruimtes na veiligheidscontrole<\/h2>\n<ul>\n<li>Geen informatie<\/li>\n<\/ul>\n<p><span style=\"font-size: 12pt;\">Meer informatie op de offici\u00eble website<\/span><\/p>\n<ul>\n<li><span style=\"font-size: 12pt;\"><a href=\"https:\/\/www.aerotim.ro\/\" target=\"_blank\" rel=\"noopener\">www.aerotim.ro<\/a><\/span><\/li>\n<\/ul>\n<p><span style=\"font-size: 12pt;\"><strong>Stuur ons feedback<\/strong><\/span><\/p>\n<p><span style=\"font-size: 12pt;\">Als u zich op de luchthaven bevindt, bent u meer dan welkom om ons foto&#039;s van de rookruimtes te sturen. Dit zal ons helpen onze database sneller te vullen. Je kan dit doen <strong><a href=\"https:\/\/airportsmokinglounge.com\/nl\/contact\/\">Hier<\/a>.<\/strong> De afbeeldingen worden gepubliceerd op onze website, met vermelding van de bron van de afbeelding (naam). Deel deze foto&#039;s gerust met ons en alle bezoekers van airportsmokinglounge.com.<\/span><\/p>\n<h2>Roken op de luchthavens van Roemeni\u00eb<\/h2>\n<p>Roken is over het algemeen verboden in de binnenruimtes van de Roemeense luchthavens, inclusief terminalgebouwen, wachtruimtes, incheckhallen, veiligheidszones, restaurants, caf\u00e9s en andere besloten ruimtes. Dit geldt voor zowel binnenlandse als internationale luchthavens in het hele land. Het doel is om een rookvrije omgeving te cre\u00ebren voor het comfort en het welzijn van alle passagiers en luchthavenpersoneel.<\/p>\n<p>Om rokers tegemoet te komen, zijn er doorgaans speciale rookruimtes voorzien buiten de terminalgebouwen. Deze ruimtes bevinden zich meestal in aangewezen buitenruimtes of in specifieke rookruimtes die zijn uitgerust met goede ventilatiesystemen. Deze ruimtes of kamers zijn uitsluitend bestemd voor roken. Roken buiten deze ruimtes is niet toegestaan.<\/p>\n<p>Luchthavens in Roemeni\u00eb zijn voorzien van duidelijke bewegwijzering en geven informatie over rookvoorschriften. Informatieborden, borden en aankondigingen zijn doorgaans overal op de luchthaven aanwezig om passagiers te informeren over het rookbeleid en hen naar de aangewezen rookruimtes te leiden.<\/p>\n<p>Daarom is het raadzaam om contact op te nemen met de specifieke luchthavenautoriteiten of de bewegwijzering en informatie op de luchthaven waar u doorheen reist te raadplegen voor de meest nauwkeurige en actuele rookvoorschriften en richtlijnen.<\/p>\n<h3>Veel Gestelde Vragen<\/h3>\n<h4>Zijn de rookruimtes op de luchthaven 24\/7 beschikbaar?<\/h4>\n<p>De beschikbaarheid van rookruimtes op luchthavens kan per luchthaven en locatie verschillen. Sommige rookruimtes zijn 24 uur per dag geopend, andere hebben beperkte openingstijden of zijn op bepaalde tijden gesloten. U kunt het beste contact opnemen met de luchthaven of hun website bezoeken voor specifieke informatie over de openingstijden van de rookruimte.<\/p>\n<h4>Mag ik mijn eigen eten en drinken meenemen in de rookruimte?<\/h4>\n<p>Dit kan afhangen van de specifieke rookruimte en luchthaven. In sommige rookruimtes is eten en drinken buiten toegestaan, terwijl andere beperkingen hebben of het helemaal verbieden. Het is het beste om de bewegwijzering van de luchthaven of de rookruimte te raadplegen voor specifieke regels en voorschriften.<\/p>\n<h4>Is roken toegestaan in alle rookruimtes op de luchthaven?<\/h4>\n<p>Niet in alle rookruimtes op de luchthaven is roken toegestaan. Sommige luchthavens hebben speciale ruimtes voor elektronische sigaretten of vapen, die gescheiden zijn van de traditionele rookruimtes. Zorg ervoor dat u de specifieke regels en voorschriften controleert voor de rookruimte die u van plan bent te gebruiken.<\/p>\n<h4>Zijn rookruimtes voorzien van airconditioning of verwarming?<\/h4>\n<p>De temperatuur en ventilatie van rookruimtes op luchthavens kan sterk vari\u00ebren. Sommige zijn voorzien van airconditioning of verwarming, terwijl andere openluchtruimten zijn met beperkte bescherming tegen de elementen. Neem van tevoren contact op met de luchthaven of bezoek de rookruimte om de voorwaarden te bepalen en dienovereenkomstig voor te bereiden.<\/p>\n<h4>Zijn rookruimtes toegankelijk voor reizigers met een handicap?<\/h4>\n<p>Veel luchthavens hebben zich ingespannen om hun rookruimtes toegankelijk te maken voor reizigers met een handicap. De toegankelijkheid van specifieke rookruimtes kan echter sterk verschillen. Neem zeker contact op met de luchthaven of bezoek de rookruimte van tevoren om te bepalen of deze toegankelijk is en aan uw behoeften voldoet.<\/p>\n<p><span style=\"font-size: 12pt;\"><strong>Meer luchthavens in Roemeni\u00eb:<\/strong> <\/span><\/p>\n<ul>\n<li><span style=\"font-size: 12pt;\"><a href=\"https:\/\/airportsmokinglounge.com\/nl\/rookruimtes-in-romanias-luchthavens\/\">Luchthavens in Roemeni\u00eb<\/a><\/span><\/li>\n<\/ul>\n<p><span style=\"font-size: 12pt;\"><strong>Rookruimtes in:<\/strong><\/span><\/p>\n<ul>\n<li><span style=\"font-size: 12pt;\"><a href=\"https:\/\/airportsmokinglounge.com\/nl\/rookruimtes-in-europese-luchthavens\/\">Europese luchthavens<\/a><\/span><\/li>\n<\/ul>","protected":false},"excerpt":{"rendered":"<p>Timi\u0219oara Traian Vuia International Airport (TSR) is een grote luchthaven nabij de stad Timi\u0219oara in West-Roemeni\u00eb. De luchthaven biedt zowel binnenlandse als internationale vluchten aan en verbindt passagiers met diverse bestemmingen binnen en buiten Roemeni\u00eb. De luchthaven is een belangrijke toegangspoort tot West-Roemeni\u00eb en biedt verbindingen naar grote Europese steden. Verschillende luchtvaartmaatschappijen vliegen...&nbsp;<a href=\"https:\/\/airportsmokinglounge.com\/nl\/rookruimtes-op-timisoara-traian-vuia-airport-tsr\/\" rel=\"bookmark\">Lees meer \u00bb<span class=\"screen-reader-text\">Rookruimtes op de luchthaven Timisoara Traian Vuia (TSR)<\/span><\/a><\/p>","protected":false},"author":1,"featured_media":1199,"parent":0,"menu_order":0,"comment_status":"closed","ping_status":"closed","template":"","meta":{"neve_meta_sidebar":"","neve_meta_container":"","neve_meta_enable_content_width":"off","neve_meta_content_width":100,"neve_meta_title_alignment":"","neve_meta_author_avatar":"","neve_post_elements_order":"","neve_meta_disable_header":"","neve_meta_disable_footer":"","neve_meta_disable_title":"","neve_meta_reading_time":"","footnotes":""},"class_list":["post-986","page","type-page","status-publish","has-post-thumbnail","hentry"],"yoast_head":"<!-- This site is optimized with the Yoast SEO plugin v26.6 - https:\/\/yoast.com\/wordpress\/plugins\/seo\/ -->\n<title>Smoking areas at Timisoara Traian Vuia Airport (TSR)<\/title>\n<meta name=\"description\" content=\"Smoking areas Timisoara Traian Vuia Airport - Find a smoking area in the airport \u2714\ufe0e Smoking Guide in Airports for Travelers \u2714\ufe0e\" \/>\n<meta name=\"robots\" content=\"index, follow, max-snippet:-1, max-image-preview:large, max-video-preview:-1\" \/>\n<link rel=\"canonical\" href=\"https:\/\/airportsmokinglounge.com\/nl\/rookruimtes-op-timisoara-traian-vuia-airport-tsr\/\" \/>\n<meta property=\"og:locale\" content=\"nl_NL\" \/>\n<meta property=\"og:type\" content=\"article\" \/>\n<meta property=\"og:title\" content=\"Smoking areas at Timisoara Traian Vuia Airport (TSR)\" \/>\n<meta property=\"og:description\" content=\"Smoking areas Timisoara Traian Vuia Airport - Find a smoking area in the airport \u2714\ufe0e Smoking Guide in Airports for Travelers \u2714\ufe0e\" \/>\n<meta property=\"og:url\" content=\"https:\/\/airportsmokinglounge.com\/nl\/rookruimtes-op-timisoara-traian-vuia-airport-tsr\/\" \/>\n<meta property=\"og:site_name\" content=\"airportsmokinglounge.com\" \/>\n<meta property=\"article:modified_time\" content=\"2023-05-23T14:05:48+00:00\" \/>\n<meta property=\"og:image\" content=\"https:\/\/airportsmokinglounge.com\/wp-content\/uploads\/2023\/03\/airport-smoking-lounge-4.jpg\" \/>\n\t<meta property=\"og:image:width\" content=\"2048\" \/>\n\t<meta property=\"og:image:height\" content=\"1152\" \/>\n\t<meta property=\"og:image:type\" content=\"image\/jpeg\" \/>\n<meta name=\"twitter:card\" content=\"summary_large_image\" \/>\n<meta name=\"twitter:label1\" content=\"Geschatte leestijd\" \/>\n\t<meta name=\"twitter:data1\" content=\"3 minuten\" \/>\n<script type=\"application\/ld+json\" class=\"yoast-schema-graph\">{\"@context\":\"https:\/\/schema.org\",\"@graph\":[{\"@type\":\"WebPage\",\"@id\":\"https:\/\/airportsmokinglounge.com\/smoking-areas-at-timisoara-traian-vuia-airport-tsr\/\",\"url\":\"https:\/\/airportsmokinglounge.com\/smoking-areas-at-timisoara-traian-vuia-airport-tsr\/\",\"name\":\"Smoking areas at Timisoara Traian Vuia Airport (TSR)\",\"isPartOf\":{\"@id\":\"https:\/\/airportsmokinglounge.com\/#website\"},\"primaryImageOfPage\":{\"@id\":\"https:\/\/airportsmokinglounge.com\/smoking-areas-at-timisoara-traian-vuia-airport-tsr\/#primaryimage\"},\"image\":{\"@id\":\"https:\/\/airportsmokinglounge.com\/smoking-areas-at-timisoara-traian-vuia-airport-tsr\/#primaryimage\"},\"thumbnailUrl\":\"https:\/\/airportsmokinglounge.com\/wp-content\/uploads\/2023\/03\/airport-smoking-lounge-4.jpg\",\"datePublished\":\"2023-03-22T10:02:37+00:00\",\"dateModified\":\"2023-05-23T14:05:48+00:00\",\"description\":\"Smoking areas Timisoara Traian Vuia Airport - Find a smoking area in the airport \u2714\ufe0e Smoking Guide in Airports for Travelers \u2714\ufe0e\",\"breadcrumb\":{\"@id\":\"https:\/\/airportsmokinglounge.com\/smoking-areas-at-timisoara-traian-vuia-airport-tsr\/#breadcrumb\"},\"inLanguage\":\"nl-NL\",\"potentialAction\":[{\"@type\":\"ReadAction\",\"target\":[\"https:\/\/airportsmokinglounge.com\/smoking-areas-at-timisoara-traian-vuia-airport-tsr\/\"]}]},{\"@type\":\"ImageObject\",\"inLanguage\":\"nl-NL\",\"@id\":\"https:\/\/airportsmokinglounge.com\/smoking-areas-at-timisoara-traian-vuia-airport-tsr\/#primaryimage\",\"url\":\"https:\/\/airportsmokinglounge.com\/wp-content\/uploads\/2023\/03\/airport-smoking-lounge-4.jpg\",\"contentUrl\":\"https:\/\/airportsmokinglounge.com\/wp-content\/uploads\/2023\/03\/airport-smoking-lounge-4.jpg\",\"width\":2048,\"height\":1152,\"caption\":\"Airport Smoking\"},{\"@type\":\"BreadcrumbList\",\"@id\":\"https:\/\/airportsmokinglounge.com\/smoking-areas-at-timisoara-traian-vuia-airport-tsr\/#breadcrumb\",\"itemListElement\":[{\"@type\":\"ListItem\",\"position\":1,\"name\":\"Home\",\"item\":\"https:\/\/airportsmokinglounge.com\/\"},{\"@type\":\"ListItem\",\"position\":2,\"name\":\"Smoking areas at Timisoara Traian Vuia Airport (TSR)\"}]},{\"@type\":\"WebSite\",\"@id\":\"https:\/\/airportsmokinglounge.com\/#website\",\"url\":\"https:\/\/airportsmokinglounge.com\/\",\"name\":\"airportsmokinglounge.com\",\"description\":\"\",\"potentialAction\":[{\"@type\":\"SearchAction\",\"target\":{\"@type\":\"EntryPoint\",\"urlTemplate\":\"https:\/\/airportsmokinglounge.com\/?s={search_term_string}\"},\"query-input\":{\"@type\":\"PropertyValueSpecification\",\"valueRequired\":true,\"valueName\":\"search_term_string\"}}],\"inLanguage\":\"nl-NL\"}]}<\/script>\n<!-- \/ Yoast SEO plugin. -->","yoast_head_json":{"title":"Rookruimtes op de luchthaven Timisoara Traian Vuia (TSR)","description":"Rookruimtes Timisoara Traian Vuia Airport - Zoek een rookruimte op de luchthaven \u2714\ufe0e Rookgids op luchthavens voor reizigers \u2714\ufe0e","robots":{"index":"index","follow":"follow","max-snippet":"max-snippet:-1","max-image-preview":"max-image-preview:large","max-video-preview":"max-video-preview:-1"},"canonical":"https:\/\/airportsmokinglounge.com\/nl\/rookruimtes-op-timisoara-traian-vuia-airport-tsr\/","og_locale":"nl_NL","og_type":"article","og_title":"Smoking areas at Timisoara Traian Vuia Airport (TSR)","og_description":"Smoking areas Timisoara Traian Vuia Airport - Find a smoking area in the airport \u2714\ufe0e Smoking Guide in Airports for Travelers \u2714\ufe0e","og_url":"https:\/\/airportsmokinglounge.com\/nl\/rookruimtes-op-timisoara-traian-vuia-airport-tsr\/","og_site_name":"airportsmokinglounge.com","article_modified_time":"2023-05-23T14:05:48+00:00","og_image":[{"width":2048,"height":1152,"url":"https:\/\/airportsmokinglounge.com\/wp-content\/uploads\/2023\/03\/airport-smoking-lounge-4.jpg","type":"image\/jpeg"}],"twitter_card":"summary_large_image","twitter_misc":{"Geschatte leestijd":"3 minuten"},"schema":{"@context":"https:\/\/schema.org","@graph":[{"@type":"WebPage","@id":"https:\/\/airportsmokinglounge.com\/smoking-areas-at-timisoara-traian-vuia-airport-tsr\/","url":"https:\/\/airportsmokinglounge.com\/smoking-areas-at-timisoara-traian-vuia-airport-tsr\/","name":"Rookruimtes op de luchthaven Timisoara Traian Vuia (TSR)","isPartOf":{"@id":"https:\/\/airportsmokinglounge.com\/#website"},"primaryImageOfPage":{"@id":"https:\/\/airportsmokinglounge.com\/smoking-areas-at-timisoara-traian-vuia-airport-tsr\/#primaryimage"},"image":{"@id":"https:\/\/airportsmokinglounge.com\/smoking-areas-at-timisoara-traian-vuia-airport-tsr\/#primaryimage"},"thumbnailUrl":"https:\/\/airportsmokinglounge.com\/wp-content\/uploads\/2023\/03\/airport-smoking-lounge-4.jpg","datePublished":"2023-03-22T10:02:37+00:00","dateModified":"2023-05-23T14:05:48+00:00","description":"Rookruimtes Timisoara Traian Vuia Airport - Zoek een rookruimte op de luchthaven \u2714\ufe0e Rookgids op luchthavens voor reizigers \u2714\ufe0e","breadcrumb":{"@id":"https:\/\/airportsmokinglounge.com\/smoking-areas-at-timisoara-traian-vuia-airport-tsr\/#breadcrumb"},"inLanguage":"nl-NL","potentialAction":[{"@type":"ReadAction","target":["https:\/\/airportsmokinglounge.com\/smoking-areas-at-timisoara-traian-vuia-airport-tsr\/"]}]},{"@type":"ImageObject","inLanguage":"nl-NL","@id":"https:\/\/airportsmokinglounge.com\/smoking-areas-at-timisoara-traian-vuia-airport-tsr\/#primaryimage","url":"https:\/\/airportsmokinglounge.com\/wp-content\/uploads\/2023\/03\/airport-smoking-lounge-4.jpg","contentUrl":"https:\/\/airportsmokinglounge.com\/wp-content\/uploads\/2023\/03\/airport-smoking-lounge-4.jpg","width":2048,"height":1152,"caption":"Airport Smoking"},{"@type":"BreadcrumbList","@id":"https:\/\/airportsmokinglounge.com\/smoking-areas-at-timisoara-traian-vuia-airport-tsr\/#breadcrumb","itemListElement":[{"@type":"ListItem","position":1,"name":"Home","item":"https:\/\/airportsmokinglounge.com\/"},{"@type":"ListItem","position":2,"name":"Smoking areas at Timisoara Traian Vuia Airport (TSR)"}]},{"@type":"WebSite","@id":"https:\/\/airportsmokinglounge.com\/#website","url":"https:\/\/airportsmokinglounge.com\/","name":"luchthavenrokenlounge.com","description":"","potentialAction":[{"@type":"SearchAction","target":{"@type":"EntryPoint","urlTemplate":"https:\/\/airportsmokinglounge.com\/?s={search_term_string}"},"query-input":{"@type":"PropertyValueSpecification","valueRequired":true,"valueName":"search_term_string"}}],"inLanguage":"nl-NL"}]}},"_links":{"self":[{"href":"https:\/\/airportsmokinglounge.com\/nl\/wp-json\/wp\/v2\/pages\/986","targetHints":{"allow":["GET"]}}],"collection":[{"href":"https:\/\/airportsmokinglounge.com\/nl\/wp-json\/wp\/v2\/pages"}],"about":[{"href":"https:\/\/airportsmokinglounge.com\/nl\/wp-json\/wp\/v2\/types\/page"}],"author":[{"embeddable":true,"href":"https:\/\/airportsmokinglounge.com\/nl\/wp-json\/wp\/v2\/users\/1"}],"replies":[{"embeddable":true,"href":"https:\/\/airportsmokinglounge.com\/nl\/wp-json\/wp\/v2\/comments?post=986"}],"version-history":[{"count":6,"href":"https:\/\/airportsmokinglounge.com\/nl\/wp-json\/wp\/v2\/pages\/986\/revisions"}],"predecessor-version":[{"id":5965,"href":"https:\/\/airportsmokinglounge.com\/nl\/wp-json\/wp\/v2\/pages\/986\/revisions\/5965"}],"wp:featuredmedia":[{"embeddable":true,"href":"https:\/\/airportsmokinglounge.com\/nl\/wp-json\/wp\/v2\/media\/1199"}],"wp:attachment":[{"href":"https:\/\/airportsmokinglounge.com\/nl\/wp-json\/wp\/v2\/media?parent=986"}],"curies":[{"name":"wp","href":"https:\/\/api.w.org\/{rel}","templated":true}]}}