{"id":1002,"date":"2023-03-22T11:11:39","date_gmt":"2023-03-22T10:11:39","guid":{"rendered":"https:\/\/airportsmokinglounge.com\/?page_id=1002"},"modified":"2023-05-23T17:40:22","modified_gmt":"2023-05-23T15:40:22","slug":"smoking-areas-at-moscow-sheremetyevo-airport-svo","status":"publish","type":"page","link":"https:\/\/airportsmokinglounge.com\/pt\/areas-para-fumantes-no-aeroporto-de-moscou-sheremetyevo-svo\/","title":{"rendered":"\u00c1reas para fumantes no Aeroporto Sheremetyevo de Moscou (SVO)"},"content":{"rendered":"<p>O Aeroporto de Sheremetyevo est\u00e1 localizado aproximadamente 29 quil\u00f4metros a noroeste do centro de Moscou. O Aeroporto serve como um grande hub para companhias a\u00e9reas russas e internacionais, oferecendo uma ampla gama de conex\u00f5es de voos dom\u00e9sticos e internacionais. Ele fornece conectividade para v\u00e1rios destinos na Europa, \u00c1sia, \u00c1frica e Am\u00e9ricas.<\/p>\n<h2>\u00c1reas para fumantes antes da verifica\u00e7\u00e3o de seguran\u00e7a<\/h2>\n<ul>\n<li>S\u00f3 \u00e9 permitido fumar fora do terminal nas \u00e1reas designadas<\/li>\n<\/ul>\n<h2>\u00c1reas para fumantes ap\u00f3s verifica\u00e7\u00e3o de seguran\u00e7a<\/h2>\n<ul>\n<li>\u00c1reas para fumantes nos port\u00f5es 117 \u2013 118<\/li>\n<li>\u00c1rea para fumantes no Moscow Lounge. Se voc\u00ea n\u00e3o tem um Sky Pass ou um voo de neg\u00f3cios, a admiss\u00e3o \u00e9 $40<\/li>\n<\/ul>\n<p><span style=\"font-size: 12pt;\">Mais informa\u00e7\u00f5es no site oficial<\/span><\/p>\n<ul>\n<li><span style=\"font-size: 12pt;\"><a href=\"https:\/\/www.svo.aero\/ru\/main\" target=\"_blank\" rel=\"noopener\">www.svo.aero<\/a><\/span><\/li>\n<\/ul>\n<p><span style=\"font-size: 12pt;\"><strong>Envie-nos coment\u00e1rios<\/strong><\/span><\/p>\n<p><span style=\"font-size: 12pt;\">Se voc\u00ea estiver no aeroporto, sinta-se \u00e0 vontade para nos enviar fotos das \u00e1reas para fumantes. Isso nos ajudar\u00e1 a preencher nosso banco de dados mais rapidamente. Voc\u00ea consegue fazer isso <strong><a href=\"https:\/\/airportsmokinglounge.com\/pt\/contato\/\">Aqui<\/a>.<\/strong> As imagens s\u00e3o publicadas em nosso site, indicando a fonte da imagem (nome). Sinta-se \u00e0 vontade para compartilhar essas fotos conosco e com todos os visitantes do Airport Smokinglounge.com.<\/span><\/p>\n<h2>Fumar nos aeroportos da R\u00fassia<\/h2>\n<p>Na R\u00fassia, os regulamentos e pol\u00edticas para fumar variam entre os aeroportos. No entanto, \u00e9 importante observar que geralmente \u00e9 proibido fumar em espa\u00e7os p\u00fablicos fechados.<\/p>\n<p>A maioria dos aeroportos russos possui \u00e1reas designadas para fumantes, normalmente localizadas fora dos edif\u00edcios do terminal. Essas \u00e1reas geralmente s\u00e3o equipadas com abrigos para fumantes ou zonas designadas para fumantes. Os passageiros s\u00e3o obrigados a usar essas \u00e1reas designadas se desejarem fumar.<\/p>\n<p>Alguns aeroportos podem ter salas para fumantes ou salas designadas para fumantes dispon\u00edveis para passageiros que desejam fumar em um ambiente controlado. Estas \u00e1reas s\u00e3o frequentemente equipadas com sistemas de ventila\u00e7\u00e3o adequados para minimizar o impacto da fuma\u00e7a nas \u00e1reas para n\u00e3o fumantes.<\/p>\n<h3>perguntas frequentes<\/h3>\n<h4>As \u00e1reas para fumantes do aeroporto est\u00e3o dispon\u00edveis 24 horas por dia, 7 dias por semana?<\/h4>\n<p>A disponibilidade de \u00e1reas para fumantes no aeroporto pode variar dependendo do aeroporto e da localiza\u00e7\u00e3o. Algumas \u00e1reas para fumantes funcionam 24 horas por dia, enquanto outras podem ter hor\u00e1rios restritos ou fechar em determinados hor\u00e1rios. \u00c9 melhor verificar com o aeroporto ou visitar seu site para obter informa\u00e7\u00f5es espec\u00edficas sobre o hor\u00e1rio de funcionamento da \u00e1rea para fumantes.<\/p>\n<h4>\u00c9 permitido trazer minha pr\u00f3pria comida e bebida para a \u00e1rea de fumantes?<\/h4>\n<p>Isso pode depender da \u00e1rea espec\u00edfica para fumantes e do aeroporto. Algumas \u00e1reas para fumantes podem permitir alimentos e bebidas de fora, enquanto outras podem ter restri\u00e7\u00f5es ou proibi-las completamente. \u00c9 melhor verificar com o aeroporto ou a sinaliza\u00e7\u00e3o da \u00e1rea para fumantes as regras e regulamentos espec\u00edficos.<\/p>\n<h4>\u00c9 permitido fumar em todas as \u00e1reas para fumantes do aeroporto?<\/h4>\n<p>Nem todas as \u00e1reas para fumantes do aeroporto permitem fumar. Alguns aeroportos podem ter \u00e1reas designadas para cigarros eletr\u00f4nicos ou vaping, separadas das \u00e1reas tradicionais para fumantes. Certifique-se de verificar as regras e regulamentos espec\u00edficos da \u00e1rea para fumantes que planeja usar.<\/p>\n<h4>As \u00e1reas para fumantes s\u00e3o climatizadas ou aquecidas?<\/h4>\n<p>A temperatura e a ventila\u00e7\u00e3o das \u00e1reas para fumantes do aeroporto podem variar muito. Alguns podem ser climatizados ou aquecidos, enquanto outros podem ser espa\u00e7os ao ar livre com prote\u00e7\u00e3o limitada contra os elementos. Certifique-se de verificar com o aeroporto ou visitar a \u00e1rea de fumantes com anteced\u00eancia para determinar as condi\u00e7\u00f5es e se preparar adequadamente.<\/p>\n<h4>As \u00e1reas para fumantes s\u00e3o acess\u00edveis a viajantes com defici\u00eancia?<\/h4>\n<p>Muitos aeroportos fizeram esfor\u00e7os para tornar suas \u00e1reas para fumantes acess\u00edveis a viajantes com defici\u00eancia. No entanto, a acessibilidade de \u00e1reas espec\u00edficas para fumantes pode variar muito. Certifique-se de verificar com o aeroporto ou visitar a \u00e1rea de fumantes com anteced\u00eancia para determinar se ela \u00e9 acess\u00edvel e se atende \u00e0s suas necessidades.<\/p>\n<p><span style=\"font-size: 12pt;\"><strong>Mais aeroportos na R\u00fassia:<\/strong> <\/span><\/p>\n<ul>\n<li><span style=\"font-size: 12pt;\"><a href=\"https:\/\/airportsmokinglounge.com\/pt\/areas-para-fumantes-em-aeroportos-russos\/\">Aeroportos Russos<\/a><\/span><\/li>\n<\/ul>\n<p><span style=\"font-size: 12pt;\"><strong>Zonas de fumadores em:<\/strong><\/span><\/p>\n<ul>\n<li><span style=\"font-size: 12pt;\"><a href=\"https:\/\/airportsmokinglounge.com\/pt\/areas-para-fumantes-nos-aeroportos-europeus\/\">aeroportos europeus<\/a><\/span><\/li>\n<\/ul>","protected":false},"excerpt":{"rendered":"<p>O Aeroporto Sheremetyevo est\u00e1 localizado a aproximadamente 29 quil\u00f4metros a noroeste do centro de Moscou. O aeroporto serve como um importante centro de conex\u00f5es para companhias a\u00e9reas russas e internacionais, oferecendo uma ampla gama de voos dom\u00e9sticos e internacionais. Ele proporciona conectividade com in\u00fameros destinos na Europa, \u00c1sia, \u00c1frica e Am\u00e9ricas. \u00c1reas para fumantes antes da verifica\u00e7\u00e3o de seguran\u00e7a. \u00c9 proibido fumar\u2026&nbsp;<a href=\"https:\/\/airportsmokinglounge.com\/pt\/areas-para-fumantes-no-aeroporto-de-moscou-sheremetyevo-svo\/\" rel=\"bookmark\">Ler mais \u00bb<span class=\"screen-reader-text\">\u00c1reas para fumantes no Aeroporto Sheremetyevo de Moscou (SVO)<\/span><\/a><\/p>","protected":false},"author":1,"featured_media":1199,"parent":0,"menu_order":0,"comment_status":"closed","ping_status":"closed","template":"","meta":{"neve_meta_sidebar":"","neve_meta_container":"","neve_meta_enable_content_width":"off","neve_meta_content_width":100,"neve_meta_title_alignment":"","neve_meta_author_avatar":"","neve_post_elements_order":"","neve_meta_disable_header":"","neve_meta_disable_footer":"","neve_meta_disable_title":"","neve_meta_reading_time":"","footnotes":""},"class_list":["post-1002","page","type-page","status-publish","has-post-thumbnail","hentry"],"yoast_head":"<!-- This site is optimized with the Yoast SEO plugin v26.6 - https:\/\/yoast.com\/wordpress\/plugins\/seo\/ -->\n<title>Smoking areas at Moscow Sheremetyevo Airport (SVO)<\/title>\n<meta name=\"description\" content=\"Smoking areas Moscow Sheremetyevo Airport - Find a smoking area in the airport \u2714\ufe0e Smoking Guide in Airports for Travelers \u2714\ufe0e\" \/>\n<meta name=\"robots\" content=\"index, follow, max-snippet:-1, max-image-preview:large, max-video-preview:-1\" \/>\n<link rel=\"canonical\" href=\"https:\/\/airportsmokinglounge.com\/pt\/areas-para-fumantes-no-aeroporto-de-moscou-sheremetyevo-svo\/\" \/>\n<meta property=\"og:locale\" content=\"pt_BR\" \/>\n<meta property=\"og:type\" content=\"article\" \/>\n<meta property=\"og:title\" content=\"Smoking areas at Moscow Sheremetyevo Airport (SVO)\" \/>\n<meta property=\"og:description\" content=\"Smoking areas Moscow Sheremetyevo Airport - Find a smoking area in the airport \u2714\ufe0e Smoking Guide in Airports for Travelers \u2714\ufe0e\" \/>\n<meta property=\"og:url\" content=\"https:\/\/airportsmokinglounge.com\/pt\/areas-para-fumantes-no-aeroporto-de-moscou-sheremetyevo-svo\/\" \/>\n<meta property=\"og:site_name\" content=\"airportsmokinglounge.com\" \/>\n<meta property=\"article:modified_time\" content=\"2023-05-23T15:40:22+00:00\" \/>\n<meta property=\"og:image\" content=\"https:\/\/airportsmokinglounge.com\/wp-content\/uploads\/2023\/03\/airport-smoking-lounge-4.jpg\" \/>\n\t<meta property=\"og:image:width\" content=\"2048\" \/>\n\t<meta property=\"og:image:height\" content=\"1152\" \/>\n\t<meta property=\"og:image:type\" content=\"image\/jpeg\" \/>\n<meta name=\"twitter:card\" content=\"summary_large_image\" \/>\n<meta name=\"twitter:label1\" content=\"Est. tempo de leitura\" \/>\n\t<meta name=\"twitter:data1\" content=\"3 minutos\" \/>\n<script type=\"application\/ld+json\" class=\"yoast-schema-graph\">{\"@context\":\"https:\/\/schema.org\",\"@graph\":[{\"@type\":\"WebPage\",\"@id\":\"https:\/\/airportsmokinglounge.com\/smoking-areas-at-moscow-sheremetyevo-airport-svo\/\",\"url\":\"https:\/\/airportsmokinglounge.com\/smoking-areas-at-moscow-sheremetyevo-airport-svo\/\",\"name\":\"Smoking areas at Moscow Sheremetyevo Airport (SVO)\",\"isPartOf\":{\"@id\":\"https:\/\/airportsmokinglounge.com\/#website\"},\"primaryImageOfPage\":{\"@id\":\"https:\/\/airportsmokinglounge.com\/smoking-areas-at-moscow-sheremetyevo-airport-svo\/#primaryimage\"},\"image\":{\"@id\":\"https:\/\/airportsmokinglounge.com\/smoking-areas-at-moscow-sheremetyevo-airport-svo\/#primaryimage\"},\"thumbnailUrl\":\"https:\/\/airportsmokinglounge.com\/wp-content\/uploads\/2023\/03\/airport-smoking-lounge-4.jpg\",\"datePublished\":\"2023-03-22T10:11:39+00:00\",\"dateModified\":\"2023-05-23T15:40:22+00:00\",\"description\":\"Smoking areas Moscow Sheremetyevo Airport - Find a smoking area in the airport \u2714\ufe0e Smoking Guide in Airports for Travelers \u2714\ufe0e\",\"breadcrumb\":{\"@id\":\"https:\/\/airportsmokinglounge.com\/smoking-areas-at-moscow-sheremetyevo-airport-svo\/#breadcrumb\"},\"inLanguage\":\"pt-BR\",\"potentialAction\":[{\"@type\":\"ReadAction\",\"target\":[\"https:\/\/airportsmokinglounge.com\/smoking-areas-at-moscow-sheremetyevo-airport-svo\/\"]}]},{\"@type\":\"ImageObject\",\"inLanguage\":\"pt-BR\",\"@id\":\"https:\/\/airportsmokinglounge.com\/smoking-areas-at-moscow-sheremetyevo-airport-svo\/#primaryimage\",\"url\":\"https:\/\/airportsmokinglounge.com\/wp-content\/uploads\/2023\/03\/airport-smoking-lounge-4.jpg\",\"contentUrl\":\"https:\/\/airportsmokinglounge.com\/wp-content\/uploads\/2023\/03\/airport-smoking-lounge-4.jpg\",\"width\":2048,\"height\":1152,\"caption\":\"Airport Smoking\"},{\"@type\":\"BreadcrumbList\",\"@id\":\"https:\/\/airportsmokinglounge.com\/smoking-areas-at-moscow-sheremetyevo-airport-svo\/#breadcrumb\",\"itemListElement\":[{\"@type\":\"ListItem\",\"position\":1,\"name\":\"Home\",\"item\":\"https:\/\/airportsmokinglounge.com\/\"},{\"@type\":\"ListItem\",\"position\":2,\"name\":\"Smoking areas at Moscow Sheremetyevo Airport (SVO)\"}]},{\"@type\":\"WebSite\",\"@id\":\"https:\/\/airportsmokinglounge.com\/#website\",\"url\":\"https:\/\/airportsmokinglounge.com\/\",\"name\":\"airportsmokinglounge.com\",\"description\":\"\",\"potentialAction\":[{\"@type\":\"SearchAction\",\"target\":{\"@type\":\"EntryPoint\",\"urlTemplate\":\"https:\/\/airportsmokinglounge.com\/?s={search_term_string}\"},\"query-input\":{\"@type\":\"PropertyValueSpecification\",\"valueRequired\":true,\"valueName\":\"search_term_string\"}}],\"inLanguage\":\"pt-BR\"}]}<\/script>\n<!-- \/ Yoast SEO plugin. -->","yoast_head_json":{"title":"\u00c1reas para fumantes no Aeroporto Sheremetyevo de Moscou (SVO)","description":"\u00c1reas para fumantes no Aeroporto de Moscou Sheremetyevo - Encontre uma \u00e1rea para fumantes no aeroporto \u2714\ufe0e Guia de fumantes em aeroportos para viajantes \u2714\ufe0e","robots":{"index":"index","follow":"follow","max-snippet":"max-snippet:-1","max-image-preview":"max-image-preview:large","max-video-preview":"max-video-preview:-1"},"canonical":"https:\/\/airportsmokinglounge.com\/pt\/areas-para-fumantes-no-aeroporto-de-moscou-sheremetyevo-svo\/","og_locale":"pt_BR","og_type":"article","og_title":"Smoking areas at Moscow Sheremetyevo Airport (SVO)","og_description":"Smoking areas Moscow Sheremetyevo Airport - Find a smoking area in the airport \u2714\ufe0e Smoking Guide in Airports for Travelers \u2714\ufe0e","og_url":"https:\/\/airportsmokinglounge.com\/pt\/areas-para-fumantes-no-aeroporto-de-moscou-sheremetyevo-svo\/","og_site_name":"airportsmokinglounge.com","article_modified_time":"2023-05-23T15:40:22+00:00","og_image":[{"width":2048,"height":1152,"url":"https:\/\/airportsmokinglounge.com\/wp-content\/uploads\/2023\/03\/airport-smoking-lounge-4.jpg","type":"image\/jpeg"}],"twitter_card":"summary_large_image","twitter_misc":{"Est. tempo de leitura":"3 minutos"},"schema":{"@context":"https:\/\/schema.org","@graph":[{"@type":"WebPage","@id":"https:\/\/airportsmokinglounge.com\/smoking-areas-at-moscow-sheremetyevo-airport-svo\/","url":"https:\/\/airportsmokinglounge.com\/smoking-areas-at-moscow-sheremetyevo-airport-svo\/","name":"\u00c1reas para fumantes no Aeroporto Sheremetyevo de Moscou (SVO)","isPartOf":{"@id":"https:\/\/airportsmokinglounge.com\/#website"},"primaryImageOfPage":{"@id":"https:\/\/airportsmokinglounge.com\/smoking-areas-at-moscow-sheremetyevo-airport-svo\/#primaryimage"},"image":{"@id":"https:\/\/airportsmokinglounge.com\/smoking-areas-at-moscow-sheremetyevo-airport-svo\/#primaryimage"},"thumbnailUrl":"https:\/\/airportsmokinglounge.com\/wp-content\/uploads\/2023\/03\/airport-smoking-lounge-4.jpg","datePublished":"2023-03-22T10:11:39+00:00","dateModified":"2023-05-23T15:40:22+00:00","description":"\u00c1reas para fumantes no Aeroporto de Moscou Sheremetyevo - Encontre uma \u00e1rea para fumantes no aeroporto \u2714\ufe0e Guia de fumantes em aeroportos para viajantes \u2714\ufe0e","breadcrumb":{"@id":"https:\/\/airportsmokinglounge.com\/smoking-areas-at-moscow-sheremetyevo-airport-svo\/#breadcrumb"},"inLanguage":"pt-BR","potentialAction":[{"@type":"ReadAction","target":["https:\/\/airportsmokinglounge.com\/smoking-areas-at-moscow-sheremetyevo-airport-svo\/"]}]},{"@type":"ImageObject","inLanguage":"pt-BR","@id":"https:\/\/airportsmokinglounge.com\/smoking-areas-at-moscow-sheremetyevo-airport-svo\/#primaryimage","url":"https:\/\/airportsmokinglounge.com\/wp-content\/uploads\/2023\/03\/airport-smoking-lounge-4.jpg","contentUrl":"https:\/\/airportsmokinglounge.com\/wp-content\/uploads\/2023\/03\/airport-smoking-lounge-4.jpg","width":2048,"height":1152,"caption":"Airport Smoking"},{"@type":"BreadcrumbList","@id":"https:\/\/airportsmokinglounge.com\/smoking-areas-at-moscow-sheremetyevo-airport-svo\/#breadcrumb","itemListElement":[{"@type":"ListItem","position":1,"name":"Home","item":"https:\/\/airportsmokinglounge.com\/"},{"@type":"ListItem","position":2,"name":"Smoking areas at Moscow Sheremetyevo Airport (SVO)"}]},{"@type":"WebSite","@id":"https:\/\/airportsmokinglounge.com\/#website","url":"https:\/\/airportsmokinglounge.com\/","name":"www.airport Smokinglounge.com","description":"","potentialAction":[{"@type":"SearchAction","target":{"@type":"EntryPoint","urlTemplate":"https:\/\/airportsmokinglounge.com\/?s={search_term_string}"},"query-input":{"@type":"PropertyValueSpecification","valueRequired":true,"valueName":"search_term_string"}}],"inLanguage":"pt-BR"}]}},"_links":{"self":[{"href":"https:\/\/airportsmokinglounge.com\/pt\/wp-json\/wp\/v2\/pages\/1002","targetHints":{"allow":["GET"]}}],"collection":[{"href":"https:\/\/airportsmokinglounge.com\/pt\/wp-json\/wp\/v2\/pages"}],"about":[{"href":"https:\/\/airportsmokinglounge.com\/pt\/wp-json\/wp\/v2\/types\/page"}],"author":[{"embeddable":true,"href":"https:\/\/airportsmokinglounge.com\/pt\/wp-json\/wp\/v2\/users\/1"}],"replies":[{"embeddable":true,"href":"https:\/\/airportsmokinglounge.com\/pt\/wp-json\/wp\/v2\/comments?post=1002"}],"version-history":[{"count":8,"href":"https:\/\/airportsmokinglounge.com\/pt\/wp-json\/wp\/v2\/pages\/1002\/revisions"}],"predecessor-version":[{"id":6001,"href":"https:\/\/airportsmokinglounge.com\/pt\/wp-json\/wp\/v2\/pages\/1002\/revisions\/6001"}],"wp:featuredmedia":[{"embeddable":true,"href":"https:\/\/airportsmokinglounge.com\/pt\/wp-json\/wp\/v2\/media\/1199"}],"wp:attachment":[{"href":"https:\/\/airportsmokinglounge.com\/pt\/wp-json\/wp\/v2\/media?parent=1002"}],"curies":[{"name":"wp","href":"https:\/\/api.w.org\/{rel}","templated":true}]}}