{"id":103,"date":"2023-02-21T20:59:05","date_gmt":"2023-02-21T19:59:05","guid":{"rendered":"https:\/\/airportsmokinglounge.com\/?page_id=103"},"modified":"2023-05-30T11:37:32","modified_gmt":"2023-05-30T09:37:32","slug":"smoking-areas-in-portuguese-airports","status":"publish","type":"page","link":"https:\/\/airportsmokinglounge.com\/pt\/zonas-fumadores-nos-aeroportos-portugueses\/","title":{"rendered":"Zonas de fumadores nos aeroportos portugueses"},"content":{"rendered":"<p>Portugal \u00e9 o lar de v\u00e1rios aeroportos que servem como principais centros de transporte para viajantes dom\u00e9sticos e internacionais.<\/p>\n<p>Neste site voc\u00ea pode encontrar todas as \u00e1reas para fumantes nos aeroportos, incluindo \u00e1reas designadas para fumantes e instala\u00e7\u00f5es dispon\u00edveis. Entendemos a frustra\u00e7\u00e3o de passar pela seguran\u00e7a apenas para descobrir que n\u00e3o h\u00e1 \u00e1reas para fumantes em nenhum lugar e, em alguns casos, os cigarros eletr\u00f4nicos podem n\u00e3o ser permitidos.<\/p>\n<p>Este servi\u00e7o destina-se a todos os fumadores que queiram fumar um cigarro antes ou depois de voos longos.<\/p>\n<h2>Aeroportos em Portugal<\/h2>\n<ul style=\"list-style-type: circle;\">\n<li><a href=\"https:\/\/airportsmokinglounge.com\/pt\/zonas-fumadores-em-lisboa-portela-aeroporto-lis\/\">LISBOA \u2013 AEROPORTO DA PORTELA (LIS)<\/a><\/li>\n<li><a href=\"https:\/\/airportsmokinglounge.com\/pt\/zonas-fumadores-no-porto-aeroporto-opo\/\">AEROPORTO DO PORTO (OPO)<\/a><\/li>\n<li><a href=\"https:\/\/airportsmokinglounge.com\/pt\/zonas-fumadores-no-aeroporto-faro-fao\/\">AEROPORTO DE FARO (FAO)<\/a><\/li>\n<li><a href=\"https:\/\/airportsmokinglounge.com\/pt\/zonas-fumadores-em-ponta-delgada-pdl\/\" target=\"_blank\" rel=\"noopener\">AEROPORTO JO\u00c3O PAULO II \u2013 PONTA DELGADA (PDL)<\/a><\/li>\n<li><a href=\"https:\/\/airportsmokinglounge.com\/pt\/zonas-fumadores-no-aeroporto-das-lajes-ter\/\">AEROPORTO DAS LAJES (TER)<\/a><\/li>\n<li><a href=\"https:\/\/airportsmokinglounge.com\/pt\/zonas-fumadores-na-madeira-aeroporto-funchal-fnc\/\">AEROPORTO DA MADEIRA, FUNCHAL (FNC)<\/a><\/li>\n<li><a href=\"https:\/\/airportsmokinglounge.com\/pt\/areas-para-fumantes-no-aeroporto-de-santa-maria-sma\/\">AEROPORTO DE SANTA MARIA \u2013 VILA DO PORTO (SMA)<\/a><\/li>\n<li><a href=\"https:\/\/airportsmokinglounge.com\/pt\/zonas-fumadores-no-aeroporto-horta-hor\/\">AEROPORTO DA HORTA (HOR)<\/a><\/li>\n<li><a href=\"https:\/\/airportsmokinglounge.com\/pt\/areas-para-fumantes-no-aeroporto-de-flores-flw\/\">AEROPORTO DAS FLORES (FLW)<\/a><\/li>\n<\/ul>\n<h2>lei do fumo em portugal<\/h2>\n<p>Em Portugal, existem regulamentos para fumar para proteger a sa\u00fade p\u00fablica e garantir um ambiente livre de fumo. Geralmente \u00e9 proibido fumar em todos os espa\u00e7os p\u00fablicos internos, incluindo aeroportos, restaurantes, bares, caf\u00e9s, shopping centers, escrit\u00f3rios e outras \u00e1reas fechadas acess\u00edveis ao p\u00fablico. Esta proibi\u00e7\u00e3o aplica-se tanto aos cigarros tradicionais como aos cigarros eletr\u00f3nicos (e-cigarros).<\/p>\n<p>Alguns estabelecimentos podem fornecer \u00e1reas externas designadas para fumantes, claramente marcadas e separadas das \u00e1reas para n\u00e3o fumantes. Essas \u00e1reas s\u00e3o equipadas com cinzeiros e ventila\u00e7\u00e3o adequada para minimizar o impacto do fumo passivo em n\u00e3o fumantes. No entanto, \u00e9 importante observar que a disponibilidade de \u00e1reas designadas para fumantes pode variar e alguns estabelecimentos podem optar por n\u00e3o fornec\u00ea-las.<\/p>\n<p>\u00c9 aconselh\u00e1vel verificar com o local ou estabelecimento espec\u00edfico as informa\u00e7\u00f5es mais atualizadas sobre os regulamentos e diretrizes para fumar.<\/p>\n<p><strong>Mais \u00e1reas para fumantes no aeroporto\u00a0<\/strong><\/p>\n<ul>\n<li><a href=\"https:\/\/airportsmokinglounge.com\/pt\/fumar-nos-aeroportos-da-america-do-norte\/\">Am\u00e9rica do Norte<\/a><\/li>\n<li><a href=\"https:\/\/airportsmokinglounge.com\/pt\/fumando-nos-aeroportos-da-america-do-sul\/\">Am\u00e9rica do Sul<\/a><\/li>\n<li><a href=\"https:\/\/airportsmokinglounge.com\/pt\/areas-para-fumantes-nos-aeroportos-europeus\/\">Europa<\/a><\/li>\n<li><a href=\"https:\/\/airportsmokinglounge.com\/pt\/fumar-em-aeroportos-na-asia\/\">\u00c1sia<\/a><\/li>\n<li><a href=\"https:\/\/airportsmokinglounge.com\/pt\/fumar-em-aeroportos-na-oceania\/\">Oce\u00e2nia<\/a><\/li>\n<li><a href=\"https:\/\/airportsmokinglounge.com\/pt\/fumar-em-aeroportos-na-africa\/\">\u00c1frica<\/a><\/li>\n<\/ul>","protected":false},"excerpt":{"rendered":"<p>Portugal possui v\u00e1rios aeroportos que servem como importantes centros de transporte para viajantes nacionais e internacionais. Neste site, voc\u00ea encontra todas as \u00e1reas para fumantes nos aeroportos, incluindo \u00e1reas designadas para fumantes e instala\u00e7\u00f5es dispon\u00edveis. Entendemos a frustra\u00e7\u00e3o de passar pela seguran\u00e7a e descobrir que n\u00e3o h\u00e1 \u00e1reas para fumantes em lugar nenhum e\u2026&nbsp;<a href=\"https:\/\/airportsmokinglounge.com\/pt\/zonas-fumadores-nos-aeroportos-portugueses\/\" rel=\"bookmark\">Ler mais \u00bb<span class=\"screen-reader-text\">Zonas de fumadores nos aeroportos portugueses<\/span><\/a><\/p>","protected":false},"author":1,"featured_media":1199,"parent":0,"menu_order":0,"comment_status":"closed","ping_status":"closed","template":"","meta":{"neve_meta_sidebar":"","neve_meta_container":"","neve_meta_enable_content_width":"off","neve_meta_content_width":100,"neve_meta_title_alignment":"","neve_meta_author_avatar":"","neve_post_elements_order":"","neve_meta_disable_header":"","neve_meta_disable_footer":"","neve_meta_disable_title":"","neve_meta_reading_time":"","footnotes":""},"class_list":["post-103","page","type-page","status-publish","has-post-thumbnail","hentry"],"yoast_head":"<!-- This site is optimized with the Yoast SEO plugin v26.6 - https:\/\/yoast.com\/wordpress\/plugins\/seo\/ -->\n<title>Smoking areas in Portuguese airports - airportsmokinglounge.com<\/title>\n<meta name=\"description\" content=\"Smoking Areas in Portuguese Airports - Your Ultimate Guide to Finding a Place to Smoke \u2714\ufe0e Find Your Next Smoke Break Spot \u2714\ufe0e\" \/>\n<meta name=\"robots\" content=\"index, follow, max-snippet:-1, max-image-preview:large, max-video-preview:-1\" \/>\n<link rel=\"canonical\" href=\"https:\/\/airportsmokinglounge.com\/pt\/zonas-fumadores-nos-aeroportos-portugueses\/\" \/>\n<meta property=\"og:locale\" content=\"pt_BR\" \/>\n<meta property=\"og:type\" content=\"article\" \/>\n<meta property=\"og:title\" content=\"Smoking areas in Portuguese airports - airportsmokinglounge.com\" \/>\n<meta property=\"og:description\" content=\"Smoking Areas in Portuguese Airports - Your Ultimate Guide to Finding a Place to Smoke \u2714\ufe0e Find Your Next Smoke Break Spot \u2714\ufe0e\" \/>\n<meta property=\"og:url\" content=\"https:\/\/airportsmokinglounge.com\/pt\/zonas-fumadores-nos-aeroportos-portugueses\/\" \/>\n<meta property=\"og:site_name\" content=\"airportsmokinglounge.com\" \/>\n<meta property=\"article:modified_time\" content=\"2023-05-30T09:37:32+00:00\" \/>\n<meta property=\"og:image\" content=\"https:\/\/airportsmokinglounge.com\/wp-content\/uploads\/2023\/03\/airport-smoking-lounge-4.jpg\" \/>\n\t<meta property=\"og:image:width\" content=\"2048\" \/>\n\t<meta property=\"og:image:height\" content=\"1152\" \/>\n\t<meta property=\"og:image:type\" content=\"image\/jpeg\" \/>\n<meta name=\"twitter:card\" content=\"summary_large_image\" \/>\n<meta name=\"twitter:label1\" content=\"Est. tempo de leitura\" \/>\n\t<meta name=\"twitter:data1\" content=\"2 minutos\" \/>\n<script type=\"application\/ld+json\" class=\"yoast-schema-graph\">{\"@context\":\"https:\/\/schema.org\",\"@graph\":[{\"@type\":\"WebPage\",\"@id\":\"https:\/\/airportsmokinglounge.com\/smoking-areas-in-portuguese-airports\/\",\"url\":\"https:\/\/airportsmokinglounge.com\/smoking-areas-in-portuguese-airports\/\",\"name\":\"Smoking areas in Portuguese airports - airportsmokinglounge.com\",\"isPartOf\":{\"@id\":\"https:\/\/airportsmokinglounge.com\/#website\"},\"primaryImageOfPage\":{\"@id\":\"https:\/\/airportsmokinglounge.com\/smoking-areas-in-portuguese-airports\/#primaryimage\"},\"image\":{\"@id\":\"https:\/\/airportsmokinglounge.com\/smoking-areas-in-portuguese-airports\/#primaryimage\"},\"thumbnailUrl\":\"https:\/\/airportsmokinglounge.com\/wp-content\/uploads\/2023\/03\/airport-smoking-lounge-4.jpg\",\"datePublished\":\"2023-02-21T19:59:05+00:00\",\"dateModified\":\"2023-05-30T09:37:32+00:00\",\"description\":\"Smoking Areas in Portuguese Airports - Your Ultimate Guide to Finding a Place to Smoke \u2714\ufe0e Find Your Next Smoke Break Spot \u2714\ufe0e\",\"breadcrumb\":{\"@id\":\"https:\/\/airportsmokinglounge.com\/smoking-areas-in-portuguese-airports\/#breadcrumb\"},\"inLanguage\":\"pt-BR\",\"potentialAction\":[{\"@type\":\"ReadAction\",\"target\":[\"https:\/\/airportsmokinglounge.com\/smoking-areas-in-portuguese-airports\/\"]}]},{\"@type\":\"ImageObject\",\"inLanguage\":\"pt-BR\",\"@id\":\"https:\/\/airportsmokinglounge.com\/smoking-areas-in-portuguese-airports\/#primaryimage\",\"url\":\"https:\/\/airportsmokinglounge.com\/wp-content\/uploads\/2023\/03\/airport-smoking-lounge-4.jpg\",\"contentUrl\":\"https:\/\/airportsmokinglounge.com\/wp-content\/uploads\/2023\/03\/airport-smoking-lounge-4.jpg\",\"width\":2048,\"height\":1152,\"caption\":\"Airport Smoking\"},{\"@type\":\"BreadcrumbList\",\"@id\":\"https:\/\/airportsmokinglounge.com\/smoking-areas-in-portuguese-airports\/#breadcrumb\",\"itemListElement\":[{\"@type\":\"ListItem\",\"position\":1,\"name\":\"Home\",\"item\":\"https:\/\/airportsmokinglounge.com\/\"},{\"@type\":\"ListItem\",\"position\":2,\"name\":\"Smoking areas in Portuguese airports\"}]},{\"@type\":\"WebSite\",\"@id\":\"https:\/\/airportsmokinglounge.com\/#website\",\"url\":\"https:\/\/airportsmokinglounge.com\/\",\"name\":\"airportsmokinglounge.com\",\"description\":\"\",\"potentialAction\":[{\"@type\":\"SearchAction\",\"target\":{\"@type\":\"EntryPoint\",\"urlTemplate\":\"https:\/\/airportsmokinglounge.com\/?s={search_term_string}\"},\"query-input\":{\"@type\":\"PropertyValueSpecification\",\"valueRequired\":true,\"valueName\":\"search_term_string\"}}],\"inLanguage\":\"pt-BR\"}]}<\/script>\n<!-- \/ Yoast SEO plugin. -->","yoast_head_json":{"title":"Zonas de fumadores nos aeroportos portugueses - airport smokinglounge.com","description":"\u00c1reas para fumadores nos aeroportos portugueses - o seu melhor guia para encontrar um local para fumar \u2714\ufe0e Encontre o seu pr\u00f3ximo local para fumar \u2714\ufe0e","robots":{"index":"index","follow":"follow","max-snippet":"max-snippet:-1","max-image-preview":"max-image-preview:large","max-video-preview":"max-video-preview:-1"},"canonical":"https:\/\/airportsmokinglounge.com\/pt\/zonas-fumadores-nos-aeroportos-portugueses\/","og_locale":"pt_BR","og_type":"article","og_title":"Smoking areas in Portuguese airports - airportsmokinglounge.com","og_description":"Smoking Areas in Portuguese Airports - Your Ultimate Guide to Finding a Place to Smoke \u2714\ufe0e Find Your Next Smoke Break Spot \u2714\ufe0e","og_url":"https:\/\/airportsmokinglounge.com\/pt\/zonas-fumadores-nos-aeroportos-portugueses\/","og_site_name":"airportsmokinglounge.com","article_modified_time":"2023-05-30T09:37:32+00:00","og_image":[{"width":2048,"height":1152,"url":"https:\/\/airportsmokinglounge.com\/wp-content\/uploads\/2023\/03\/airport-smoking-lounge-4.jpg","type":"image\/jpeg"}],"twitter_card":"summary_large_image","twitter_misc":{"Est. tempo de leitura":"2 minutos"},"schema":{"@context":"https:\/\/schema.org","@graph":[{"@type":"WebPage","@id":"https:\/\/airportsmokinglounge.com\/smoking-areas-in-portuguese-airports\/","url":"https:\/\/airportsmokinglounge.com\/smoking-areas-in-portuguese-airports\/","name":"Zonas de fumadores nos aeroportos portugueses - airport smokinglounge.com","isPartOf":{"@id":"https:\/\/airportsmokinglounge.com\/#website"},"primaryImageOfPage":{"@id":"https:\/\/airportsmokinglounge.com\/smoking-areas-in-portuguese-airports\/#primaryimage"},"image":{"@id":"https:\/\/airportsmokinglounge.com\/smoking-areas-in-portuguese-airports\/#primaryimage"},"thumbnailUrl":"https:\/\/airportsmokinglounge.com\/wp-content\/uploads\/2023\/03\/airport-smoking-lounge-4.jpg","datePublished":"2023-02-21T19:59:05+00:00","dateModified":"2023-05-30T09:37:32+00:00","description":"\u00c1reas para fumadores nos aeroportos portugueses - o seu melhor guia para encontrar um local para fumar \u2714\ufe0e Encontre o seu pr\u00f3ximo local para fumar \u2714\ufe0e","breadcrumb":{"@id":"https:\/\/airportsmokinglounge.com\/smoking-areas-in-portuguese-airports\/#breadcrumb"},"inLanguage":"pt-BR","potentialAction":[{"@type":"ReadAction","target":["https:\/\/airportsmokinglounge.com\/smoking-areas-in-portuguese-airports\/"]}]},{"@type":"ImageObject","inLanguage":"pt-BR","@id":"https:\/\/airportsmokinglounge.com\/smoking-areas-in-portuguese-airports\/#primaryimage","url":"https:\/\/airportsmokinglounge.com\/wp-content\/uploads\/2023\/03\/airport-smoking-lounge-4.jpg","contentUrl":"https:\/\/airportsmokinglounge.com\/wp-content\/uploads\/2023\/03\/airport-smoking-lounge-4.jpg","width":2048,"height":1152,"caption":"Airport Smoking"},{"@type":"BreadcrumbList","@id":"https:\/\/airportsmokinglounge.com\/smoking-areas-in-portuguese-airports\/#breadcrumb","itemListElement":[{"@type":"ListItem","position":1,"name":"Home","item":"https:\/\/airportsmokinglounge.com\/"},{"@type":"ListItem","position":2,"name":"Smoking areas in Portuguese airports"}]},{"@type":"WebSite","@id":"https:\/\/airportsmokinglounge.com\/#website","url":"https:\/\/airportsmokinglounge.com\/","name":"www.airport Smokinglounge.com","description":"","potentialAction":[{"@type":"SearchAction","target":{"@type":"EntryPoint","urlTemplate":"https:\/\/airportsmokinglounge.com\/?s={search_term_string}"},"query-input":{"@type":"PropertyValueSpecification","valueRequired":true,"valueName":"search_term_string"}}],"inLanguage":"pt-BR"}]}},"_links":{"self":[{"href":"https:\/\/airportsmokinglounge.com\/pt\/wp-json\/wp\/v2\/pages\/103","targetHints":{"allow":["GET"]}}],"collection":[{"href":"https:\/\/airportsmokinglounge.com\/pt\/wp-json\/wp\/v2\/pages"}],"about":[{"href":"https:\/\/airportsmokinglounge.com\/pt\/wp-json\/wp\/v2\/types\/page"}],"author":[{"embeddable":true,"href":"https:\/\/airportsmokinglounge.com\/pt\/wp-json\/wp\/v2\/users\/1"}],"replies":[{"embeddable":true,"href":"https:\/\/airportsmokinglounge.com\/pt\/wp-json\/wp\/v2\/comments?post=103"}],"version-history":[{"count":10,"href":"https:\/\/airportsmokinglounge.com\/pt\/wp-json\/wp\/v2\/pages\/103\/revisions"}],"predecessor-version":[{"id":6315,"href":"https:\/\/airportsmokinglounge.com\/pt\/wp-json\/wp\/v2\/pages\/103\/revisions\/6315"}],"wp:featuredmedia":[{"embeddable":true,"href":"https:\/\/airportsmokinglounge.com\/pt\/wp-json\/wp\/v2\/media\/1199"}],"wp:attachment":[{"href":"https:\/\/airportsmokinglounge.com\/pt\/wp-json\/wp\/v2\/media?parent=103"}],"curies":[{"name":"wp","href":"https:\/\/api.w.org\/{rel}","templated":true}]}}