{"id":1166,"date":"2023-03-22T18:24:55","date_gmt":"2023-03-22T17:24:55","guid":{"rendered":"https:\/\/airportsmokinglounge.com\/?page_id=1166"},"modified":"2023-05-23T17:07:37","modified_gmt":"2023-05-23T15:07:37","slug":"smoking-areas-at-istanbul-airport-ist","status":"publish","type":"page","link":"https:\/\/airportsmokinglounge.com\/pt\/areas-para-fumantes-no-aeroporto-de-istambul\/","title":{"rendered":"\u00c1reas para fumantes no Aeroporto de Istambul (IST)"},"content":{"rendered":"<p>O Aeroporto de Istambul (IST), tamb\u00e9m conhecido como Aeroporto de Istambul, \u00e9 o principal aeroporto internacional que serve Istambul, na Turquia. Ele est\u00e1 localizado no distrito de Arnavutk\u00f6y, no lado europeu da cidade, a aproximadamente 35 quil\u00f4metros (22 milhas) a noroeste do centro da cidade.<\/p>\n<p>O Aeroporto de Istambul \u00e9 um dos maiores e mais movimentados aeroportos do mundo, servindo como um importante centro de tr\u00e2nsito para viajantes entre a Europa, \u00c1sia e outras partes do mundo. Substituiu o Aeroporto Atat\u00fcrk de Istambul como o principal aeroporto internacional de Istambul em 2019.<\/p>\n<h2>\u00c1reas para fumantes antes da verifica\u00e7\u00e3o de seguran\u00e7a<\/h2>\n<ul>\n<li><span style=\"font-size: 14pt;\">S\u00f3 \u00e9 permitido fumar fora do terminal<\/span><\/li>\n<\/ul>\n<h2>\u00c1reas para fumantes ap\u00f3s verifica\u00e7\u00e3o de seguran\u00e7a<\/h2>\n<ul>\n<li><span style=\"font-size: 14pt;\">Existem muitas \u00e1reas para fumantes \u201cTerrace\u201d dentro do Terminal ap\u00f3s a Seguran\u00e7a<\/span><\/li>\n<\/ul>\n<p><span style=\"font-size: 14pt;\">Mais informa\u00e7\u00f5es no site oficial<\/span><\/p>\n<ul>\n<li><a href=\"https:\/\/www.istairport.com\/en?locale=de\" target=\"_blank\" rel=\"noopener\">www.istairport.com<\/a><\/li>\n<\/ul>\n<p><strong><span style=\"font-size: 14pt;\">Envie-nos coment\u00e1rios<\/span><\/strong><\/p>\n<p><span style=\"font-size: 14pt;\">Se voc\u00ea estiver no aeroporto, sinta-se \u00e0 vontade para nos enviar fotos das \u00e1reas para fumantes. Isso nos ajudar\u00e1 a preencher nosso banco de dados mais rapidamente. Voc\u00ea consegue fazer isso <strong><a href=\"https:\/\/airportsmokinglounge.com\/pt\/contato\/\">Aqui<\/a>.<\/strong> As imagens s\u00e3o publicadas em nosso site, indicando a fonte da imagem (nome). Sinta-se \u00e0 vontade para compartilhar essas fotos conosco e com todos os visitantes do Airport Smokinglounge.com<\/span>.<\/p>\n<h2>Lei de Fumo na Turquia<\/h2>\n<ul>\n<li>\u00c9 proibido fumar em todos os locais p\u00fablicos fechados, incluindo restaurantes, bares, caf\u00e9s, shopping centers, aeroportos e ve\u00edculos de transporte p\u00fablico. Essas \u00e1reas s\u00e3o designadas como livres de fumo e n\u00e3o \u00e9 permitido fumar em seu interior.<\/li>\n<li>A Turquia tamb\u00e9m implementou restri\u00e7\u00f5es ao fumo em \u00e1reas p\u00fablicas ao ar livre, como est\u00e1dios, parques infantis e parques p\u00fablicos. Fumar pode ser proibido dentro de dist\u00e2ncias espec\u00edficas de determinadas \u00e1reas, como escolas e unidades de sa\u00fade.<\/li>\n<li>\u00c9 ilegal vender produtos de tabaco a menores de 18 anos na Turquia.<\/li>\n<li>A Turquia implementou advert\u00eancias gr\u00e1ficas de sa\u00fade nas embalagens de cigarros para aumentar a consciencializa\u00e7\u00e3o sobre os riscos para a sa\u00fade associados ao tabagismo.<\/li>\n<li>Existem restri\u00e7\u00f5es \u00e0 publicidade e promo\u00e7\u00e3o do tabaco na Turquia para desencorajar o consumo de tabaco e proteger o p\u00fablico da exposi\u00e7\u00e3o ao marketing relacionado com o tabaco.<\/li>\n<li>A lei tamb\u00e9m pro\u00edbe fumar em ve\u00edculos particulares onde os passageiros incluam indiv\u00edduos menores de 18 anos.<\/li>\n<\/ul>\n<h3>perguntas frequentes<\/h3>\n<h4>As \u00e1reas para fumantes do aeroporto est\u00e3o dispon\u00edveis 24 horas por dia, 7 dias por semana?<\/h4>\n<p>A disponibilidade de \u00e1reas para fumantes no aeroporto pode variar dependendo do aeroporto e da localiza\u00e7\u00e3o. Algumas \u00e1reas para fumantes funcionam 24 horas por dia, enquanto outras podem ter hor\u00e1rios restritos ou fechar em determinados hor\u00e1rios. \u00c9 melhor verificar com o aeroporto ou visitar seu site para obter informa\u00e7\u00f5es espec\u00edficas sobre o hor\u00e1rio de funcionamento da \u00e1rea para fumantes.<\/p>\n<h4>\u00c9 permitido trazer minha pr\u00f3pria comida e bebida para a \u00e1rea de fumantes?<\/h4>\n<p>Isso pode depender da \u00e1rea espec\u00edfica para fumantes e do aeroporto. Algumas \u00e1reas para fumantes podem permitir alimentos e bebidas de fora, enquanto outras podem ter restri\u00e7\u00f5es ou proibi-las completamente. \u00c9 melhor verificar com o aeroporto ou a sinaliza\u00e7\u00e3o da \u00e1rea para fumantes as regras e regulamentos espec\u00edficos.<\/p>\n<h4>\u00c9 permitido fumar em todas as \u00e1reas para fumantes do aeroporto?<\/h4>\n<p>Nem todas as \u00e1reas para fumantes do aeroporto permitem fumar. Alguns aeroportos podem ter \u00e1reas designadas para cigarros eletr\u00f4nicos ou vaping, separadas das \u00e1reas tradicionais para fumantes. Certifique-se de verificar as regras e regulamentos espec\u00edficos da \u00e1rea para fumantes que planeja usar.<\/p>\n<h4>As \u00e1reas para fumantes s\u00e3o climatizadas ou aquecidas?<\/h4>\n<p>A temperatura e a ventila\u00e7\u00e3o das \u00e1reas para fumantes do aeroporto podem variar muito. Alguns podem ser climatizados ou aquecidos, enquanto outros podem ser espa\u00e7os ao ar livre com prote\u00e7\u00e3o limitada contra os elementos. Certifique-se de verificar com o aeroporto ou visitar a \u00e1rea de fumantes com anteced\u00eancia para determinar as condi\u00e7\u00f5es e se preparar adequadamente.<\/p>\n<h4>As \u00e1reas para fumantes s\u00e3o acess\u00edveis a viajantes com defici\u00eancia?<\/h4>\n<p>Muitos aeroportos fizeram esfor\u00e7os para tornar suas \u00e1reas para fumantes acess\u00edveis a viajantes com defici\u00eancia. No entanto, a acessibilidade de \u00e1reas espec\u00edficas para fumantes pode variar muito. Certifique-se de verificar com o aeroporto ou visitar a \u00e1rea de fumantes com anteced\u00eancia para determinar se ela \u00e9 acess\u00edvel e se atende \u00e0s suas necessidades.<\/p>\n<p><strong>Mais aeroportos em Turquia:<\/strong><\/p>\n<ul>\n<li><a href=\"https:\/\/airportsmokinglounge.com\/pt\/areas-para-fumantes-em-aeroportos-perus\/\" data-wpel-link=\"internal\">Aeroportos da Turquia<\/a><\/li>\n<\/ul>\n<p><span style=\"font-size: 14pt;\"><strong>\u00c1reas para fumantes na Europa<\/strong><\/span><\/p>\n<ul>\n<li><span style=\"font-size: 14pt;\"><a href=\"https:\/\/airportsmokinglounge.com\/pt\/areas-para-fumantes-nos-aeroportos-europeus\/\">aeroportos europeus<\/a><\/span><\/li>\n<\/ul>","protected":false},"excerpt":{"rendered":"<p>Istanbul Airport (IST), also known as Istanbul Airport, is the main international airport serving Istanbul, Turkey. It is located in the Arnavutk\u00f6y district on the European side of the city, approximately 35 kilometers (22 miles) northwest of the city center. Istanbul Airport is one of the largest and busiest airports in the world, serving as&hellip;&nbsp;<a href=\"https:\/\/airportsmokinglounge.com\/pt\/areas-para-fumantes-no-aeroporto-de-istambul\/\" rel=\"bookmark\">Ler mais \u00bb<span class=\"screen-reader-text\">\u00c1reas para fumantes no Aeroporto de Istambul (IST)<\/span><\/a><\/p>","protected":false},"author":1,"featured_media":1199,"parent":0,"menu_order":0,"comment_status":"closed","ping_status":"closed","template":"","meta":{"neve_meta_sidebar":"","neve_meta_container":"","neve_meta_enable_content_width":"off","neve_meta_content_width":100,"neve_meta_title_alignment":"","neve_meta_author_avatar":"","neve_post_elements_order":"","neve_meta_disable_header":"","neve_meta_disable_footer":"","neve_meta_disable_title":"","neve_meta_reading_time":"","footnotes":""},"class_list":["post-1166","page","type-page","status-publish","has-post-thumbnail","hentry"],"yoast_head":"<!-- This site is optimized with the Yoast SEO plugin v26.6 - https:\/\/yoast.com\/wordpress\/plugins\/seo\/ -->\n<title>Smoking areas at Istanbul Airport (IST) - airportsmokinglounge.com<\/title>\n<meta name=\"description\" content=\"Smoking areas Istanbul Airport - Find a smoking area in the airport \u2714\ufe0e Smoking Guide in Airports: Information for Travelers \u2714\ufe0e\" \/>\n<meta name=\"robots\" content=\"index, follow, max-snippet:-1, max-image-preview:large, max-video-preview:-1\" \/>\n<link rel=\"canonical\" href=\"https:\/\/airportsmokinglounge.com\/pt\/areas-para-fumantes-no-aeroporto-de-istambul\/\" \/>\n<meta property=\"og:locale\" content=\"pt_BR\" \/>\n<meta property=\"og:type\" content=\"article\" \/>\n<meta property=\"og:title\" content=\"Smoking areas at Istanbul Airport (IST) - airportsmokinglounge.com\" \/>\n<meta property=\"og:description\" content=\"Smoking areas Istanbul Airport - Find a smoking area in the airport \u2714\ufe0e Smoking Guide in Airports: Information for Travelers \u2714\ufe0e\" \/>\n<meta property=\"og:url\" content=\"https:\/\/airportsmokinglounge.com\/pt\/areas-para-fumantes-no-aeroporto-de-istambul\/\" \/>\n<meta property=\"og:site_name\" content=\"airportsmokinglounge.com\" \/>\n<meta property=\"article:modified_time\" content=\"2023-05-23T15:07:37+00:00\" \/>\n<meta property=\"og:image\" content=\"https:\/\/airportsmokinglounge.com\/wp-content\/uploads\/2023\/03\/airport-smoking-lounge-4.jpg\" \/>\n\t<meta property=\"og:image:width\" content=\"2048\" \/>\n\t<meta property=\"og:image:height\" content=\"1152\" \/>\n\t<meta property=\"og:image:type\" content=\"image\/jpeg\" \/>\n<meta name=\"twitter:card\" content=\"summary_large_image\" \/>\n<meta name=\"twitter:label1\" content=\"Est. tempo de leitura\" \/>\n\t<meta name=\"twitter:data1\" content=\"3 minutos\" \/>\n<script type=\"application\/ld+json\" class=\"yoast-schema-graph\">{\"@context\":\"https:\/\/schema.org\",\"@graph\":[{\"@type\":\"WebPage\",\"@id\":\"https:\/\/airportsmokinglounge.com\/smoking-areas-at-istanbul-airport-ist\/\",\"url\":\"https:\/\/airportsmokinglounge.com\/smoking-areas-at-istanbul-airport-ist\/\",\"name\":\"Smoking areas at Istanbul Airport (IST) - airportsmokinglounge.com\",\"isPartOf\":{\"@id\":\"https:\/\/airportsmokinglounge.com\/#website\"},\"primaryImageOfPage\":{\"@id\":\"https:\/\/airportsmokinglounge.com\/smoking-areas-at-istanbul-airport-ist\/#primaryimage\"},\"image\":{\"@id\":\"https:\/\/airportsmokinglounge.com\/smoking-areas-at-istanbul-airport-ist\/#primaryimage\"},\"thumbnailUrl\":\"https:\/\/airportsmokinglounge.com\/wp-content\/uploads\/2023\/03\/airport-smoking-lounge-4.jpg\",\"datePublished\":\"2023-03-22T17:24:55+00:00\",\"dateModified\":\"2023-05-23T15:07:37+00:00\",\"description\":\"Smoking areas Istanbul Airport - Find a smoking area in the airport \u2714\ufe0e Smoking Guide in Airports: Information for Travelers \u2714\ufe0e\",\"breadcrumb\":{\"@id\":\"https:\/\/airportsmokinglounge.com\/smoking-areas-at-istanbul-airport-ist\/#breadcrumb\"},\"inLanguage\":\"pt-BR\",\"potentialAction\":[{\"@type\":\"ReadAction\",\"target\":[\"https:\/\/airportsmokinglounge.com\/smoking-areas-at-istanbul-airport-ist\/\"]}]},{\"@type\":\"ImageObject\",\"inLanguage\":\"pt-BR\",\"@id\":\"https:\/\/airportsmokinglounge.com\/smoking-areas-at-istanbul-airport-ist\/#primaryimage\",\"url\":\"https:\/\/airportsmokinglounge.com\/wp-content\/uploads\/2023\/03\/airport-smoking-lounge-4.jpg\",\"contentUrl\":\"https:\/\/airportsmokinglounge.com\/wp-content\/uploads\/2023\/03\/airport-smoking-lounge-4.jpg\",\"width\":2048,\"height\":1152,\"caption\":\"Airport Smoking\"},{\"@type\":\"BreadcrumbList\",\"@id\":\"https:\/\/airportsmokinglounge.com\/smoking-areas-at-istanbul-airport-ist\/#breadcrumb\",\"itemListElement\":[{\"@type\":\"ListItem\",\"position\":1,\"name\":\"Home\",\"item\":\"https:\/\/airportsmokinglounge.com\/\"},{\"@type\":\"ListItem\",\"position\":2,\"name\":\"Smoking areas at Istanbul Airport (IST)\"}]},{\"@type\":\"WebSite\",\"@id\":\"https:\/\/airportsmokinglounge.com\/#website\",\"url\":\"https:\/\/airportsmokinglounge.com\/\",\"name\":\"airportsmokinglounge.com\",\"description\":\"\",\"potentialAction\":[{\"@type\":\"SearchAction\",\"target\":{\"@type\":\"EntryPoint\",\"urlTemplate\":\"https:\/\/airportsmokinglounge.com\/?s={search_term_string}\"},\"query-input\":{\"@type\":\"PropertyValueSpecification\",\"valueRequired\":true,\"valueName\":\"search_term_string\"}}],\"inLanguage\":\"pt-BR\"}]}<\/script>\n<!-- \/ Yoast SEO plugin. -->","yoast_head_json":{"title":"\u00c1reas para fumantes no Aeroporto de Istambul (IST) - airportsmokinglounge.com","description":"\u00c1reas para fumantes Aeroporto de Istambul - Encontre uma \u00e1rea para fumantes no aeroporto \u2714\ufe0e Guia para fumantes nos aeroportos: informa\u00e7\u00f5es para viajantes \u2714\ufe0e","robots":{"index":"index","follow":"follow","max-snippet":"max-snippet:-1","max-image-preview":"max-image-preview:large","max-video-preview":"max-video-preview:-1"},"canonical":"https:\/\/airportsmokinglounge.com\/pt\/areas-para-fumantes-no-aeroporto-de-istambul\/","og_locale":"pt_BR","og_type":"article","og_title":"Smoking areas at Istanbul Airport (IST) - airportsmokinglounge.com","og_description":"Smoking areas Istanbul Airport - Find a smoking area in the airport \u2714\ufe0e Smoking Guide in Airports: Information for Travelers \u2714\ufe0e","og_url":"https:\/\/airportsmokinglounge.com\/pt\/areas-para-fumantes-no-aeroporto-de-istambul\/","og_site_name":"airportsmokinglounge.com","article_modified_time":"2023-05-23T15:07:37+00:00","og_image":[{"width":2048,"height":1152,"url":"https:\/\/airportsmokinglounge.com\/wp-content\/uploads\/2023\/03\/airport-smoking-lounge-4.jpg","type":"image\/jpeg"}],"twitter_card":"summary_large_image","twitter_misc":{"Est. tempo de leitura":"3 minutos"},"schema":{"@context":"https:\/\/schema.org","@graph":[{"@type":"WebPage","@id":"https:\/\/airportsmokinglounge.com\/smoking-areas-at-istanbul-airport-ist\/","url":"https:\/\/airportsmokinglounge.com\/smoking-areas-at-istanbul-airport-ist\/","name":"\u00c1reas para fumantes no Aeroporto de Istambul (IST) - airportsmokinglounge.com","isPartOf":{"@id":"https:\/\/airportsmokinglounge.com\/#website"},"primaryImageOfPage":{"@id":"https:\/\/airportsmokinglounge.com\/smoking-areas-at-istanbul-airport-ist\/#primaryimage"},"image":{"@id":"https:\/\/airportsmokinglounge.com\/smoking-areas-at-istanbul-airport-ist\/#primaryimage"},"thumbnailUrl":"https:\/\/airportsmokinglounge.com\/wp-content\/uploads\/2023\/03\/airport-smoking-lounge-4.jpg","datePublished":"2023-03-22T17:24:55+00:00","dateModified":"2023-05-23T15:07:37+00:00","description":"\u00c1reas para fumantes Aeroporto de Istambul - Encontre uma \u00e1rea para fumantes no aeroporto \u2714\ufe0e Guia para fumantes nos aeroportos: informa\u00e7\u00f5es para viajantes \u2714\ufe0e","breadcrumb":{"@id":"https:\/\/airportsmokinglounge.com\/smoking-areas-at-istanbul-airport-ist\/#breadcrumb"},"inLanguage":"pt-BR","potentialAction":[{"@type":"ReadAction","target":["https:\/\/airportsmokinglounge.com\/smoking-areas-at-istanbul-airport-ist\/"]}]},{"@type":"ImageObject","inLanguage":"pt-BR","@id":"https:\/\/airportsmokinglounge.com\/smoking-areas-at-istanbul-airport-ist\/#primaryimage","url":"https:\/\/airportsmokinglounge.com\/wp-content\/uploads\/2023\/03\/airport-smoking-lounge-4.jpg","contentUrl":"https:\/\/airportsmokinglounge.com\/wp-content\/uploads\/2023\/03\/airport-smoking-lounge-4.jpg","width":2048,"height":1152,"caption":"Airport Smoking"},{"@type":"BreadcrumbList","@id":"https:\/\/airportsmokinglounge.com\/smoking-areas-at-istanbul-airport-ist\/#breadcrumb","itemListElement":[{"@type":"ListItem","position":1,"name":"Home","item":"https:\/\/airportsmokinglounge.com\/"},{"@type":"ListItem","position":2,"name":"Smoking areas at Istanbul Airport (IST)"}]},{"@type":"WebSite","@id":"https:\/\/airportsmokinglounge.com\/#website","url":"https:\/\/airportsmokinglounge.com\/","name":"www.airport Smokinglounge.com","description":"","potentialAction":[{"@type":"SearchAction","target":{"@type":"EntryPoint","urlTemplate":"https:\/\/airportsmokinglounge.com\/?s={search_term_string}"},"query-input":{"@type":"PropertyValueSpecification","valueRequired":true,"valueName":"search_term_string"}}],"inLanguage":"pt-BR"}]}},"_links":{"self":[{"href":"https:\/\/airportsmokinglounge.com\/pt\/wp-json\/wp\/v2\/pages\/1166","targetHints":{"allow":["GET"]}}],"collection":[{"href":"https:\/\/airportsmokinglounge.com\/pt\/wp-json\/wp\/v2\/pages"}],"about":[{"href":"https:\/\/airportsmokinglounge.com\/pt\/wp-json\/wp\/v2\/types\/page"}],"author":[{"embeddable":true,"href":"https:\/\/airportsmokinglounge.com\/pt\/wp-json\/wp\/v2\/users\/1"}],"replies":[{"embeddable":true,"href":"https:\/\/airportsmokinglounge.com\/pt\/wp-json\/wp\/v2\/comments?post=1166"}],"version-history":[{"count":9,"href":"https:\/\/airportsmokinglounge.com\/pt\/wp-json\/wp\/v2\/pages\/1166\/revisions"}],"predecessor-version":[{"id":5977,"href":"https:\/\/airportsmokinglounge.com\/pt\/wp-json\/wp\/v2\/pages\/1166\/revisions\/5977"}],"wp:featuredmedia":[{"embeddable":true,"href":"https:\/\/airportsmokinglounge.com\/pt\/wp-json\/wp\/v2\/media\/1199"}],"wp:attachment":[{"href":"https:\/\/airportsmokinglounge.com\/pt\/wp-json\/wp\/v2\/media?parent=1166"}],"curies":[{"name":"wp","href":"https:\/\/api.w.org\/{rel}","templated":true}]}}