{"id":147,"date":"2023-02-23T18:27:08","date_gmt":"2023-02-23T17:27:08","guid":{"rendered":"https:\/\/airportsmokinglounge.com\/?page_id=147"},"modified":"2023-05-25T12:01:31","modified_gmt":"2023-05-25T10:01:31","slug":"smoking-areas-in-croatias-airports","status":"publish","type":"page","link":"https:\/\/airportsmokinglounge.com\/pt\/areas-para-fumantes-nos-aeroportos-croacias\/","title":{"rendered":"\u00c1reas para fumantes nos aeroportos da Cro\u00e1cia"},"content":{"rendered":"<p>A Cro\u00e1cia tem v\u00e1rios aeroportos importantes, incluindo o Aeroporto de Zagreb, o Aeroporto de Split, o Aeroporto de Dubrovnik e o Aeroporto de Pula. Cada um desses aeroportos possui \u00e1reas designadas para fumantes localizadas fora do edif\u00edcio do terminal, onde os passageiros podem fumar em um espa\u00e7o designado e bem ventilado.<\/p>\n<p>Neste site voc\u00ea pode encontrar todas as \u00e1reas para fumantes nos aeroportos, incluindo \u00e1reas designadas para fumantes e instala\u00e7\u00f5es dispon\u00edveis. Entendemos a frustra\u00e7\u00e3o de passar pela seguran\u00e7a apenas para descobrir que n\u00e3o h\u00e1 \u00e1reas para fumantes em nenhum lugar e, em alguns casos, os cigarros eletr\u00f4nicos podem n\u00e3o ser permitidos.<\/p>\n<p>Este servi\u00e7o destina-se a todos os fumadores que queiram fumar um cigarro antes ou depois de voos longos.<\/p>\n<h2>Aeroportos na Cro\u00e1cia<\/h2>\n<ul style=\"list-style-type: circle;\">\n<li><a href=\"https:\/\/airportsmokinglounge.com\/pt\/areas-para-fumantes-no-zagreb-aeroporto-internacional-zag\/\">AEROPORTO DE ZAGREB (ZAG)<\/a><\/li>\n<li><a href=\"https:\/\/airportsmokinglounge.com\/pt\/areas-para-fumantes-no-aeroporto-de-dubrovnik-dbv\/\">AEROPORTO DE DUBROVNIK (DBV)<\/a><\/li>\n<li><a href=\"https:\/\/airportsmokinglounge.com\/pt\/areas-para-fumantes-no-aeroporto-split-spu\/\">AEROPORTO DIVIDIDO (SPU)<\/a><\/li>\n<li><a href=\"https:\/\/airportsmokinglounge.com\/pt\/areas-para-fumantes-no-aeroporto-de-pula-puy\/\">AEROPORTO DE PULA (PUY)<\/a><\/li>\n<li><a href=\"https:\/\/airportsmokinglounge.com\/pt\/areas-para-fumantes-no-aeroporto-zadar-zad\/\">AEROPORTO DE ZADAR (ZAD)<\/a><\/li>\n<li><a href=\"https:\/\/airportsmokinglounge.com\/pt\/areas-para-fumantes-no-aeroporto-rijeka-rjk\/\">AEROPORTO DE RIJEKA (RJK)<\/a><\/li>\n<\/ul>\n<h2>Lei do Fumo na Cro\u00e1cia<\/h2>\n<p>Na Cro\u00e1cia, o tabagismo \u00e9 fortemente regulamentado pelo governo, num esfor\u00e7o para reduzir os efeitos negativos para a sa\u00fade associados ao consumo de tabaco.<\/p>\n<p>A principal lei que regulamenta o tabagismo na Cro\u00e1cia \u00e9 a Lei de Restri\u00e7\u00e3o do Uso de Produtos do Tabaco, que foi introduzida em 2008. Segundo esta lei, \u00e9 proibido fumar em todos os espa\u00e7os p\u00fablicos interiores, incluindo restaurantes, caf\u00e9s, bares e discotecas.<\/p>\n<p>N\u00e3o existem \u00e1reas designadas para fumadores nestes estabelecimentos, sendo apenas permitido fumar em espa\u00e7os exteriores que distem pelo menos 10 metros da entrada.<\/p>\n<p>Indiv\u00edduos apanhados a fumar em \u00e1reas proibidas podem ser multados at\u00e9 2.000 kuna (aproximadamente 270 euros), enquanto as empresas que permitem fumar podem ser multadas at\u00e9 15.000 kuna (aproximadamente 2.000 euros). Al\u00e9m disso, os indiv\u00edduos que vendem produtos de tabaco a menores podem ser multados at\u00e9 30.000 kuna (aproximadamente 4.000 EUR).<\/p>\n<p>&nbsp;<\/p>\n<p>&nbsp;<\/p>\n<div class=\"container single-page-container\">\n<div class=\"row\">\n<div class=\"nv-single-page-wrap col\">\n<div class=\"nv-content-wrap entry-content\">\n<p><strong>Mais \u00e1reas para fumantes no aeroporto\u00a0<\/strong><\/p>\n<ul>\n<li><a href=\"https:\/\/airportsmokinglounge.com\/pt\/fumar-nos-aeroportos-da-america-do-norte\/\">Am\u00e9rica do Norte<\/a><\/li>\n<li><a href=\"https:\/\/airportsmokinglounge.com\/pt\/fumando-nos-aeroportos-da-america-do-sul\/\">Am\u00e9rica do Sul<\/a><\/li>\n<li><a href=\"https:\/\/airportsmokinglounge.com\/pt\/areas-para-fumantes-nos-aeroportos-europeus\/\">Europa<\/a><\/li>\n<li><a href=\"https:\/\/airportsmokinglounge.com\/pt\/fumar-em-aeroportos-na-asia\/\">\u00c1sia<\/a><\/li>\n<li><a href=\"https:\/\/airportsmokinglounge.com\/pt\/fumar-em-aeroportos-na-oceania\/\">Oce\u00e2nia<\/a><\/li>\n<li><a href=\"https:\/\/airportsmokinglounge.com\/pt\/fumar-em-aeroportos-na-africa\/\">\u00c1frica<\/a><\/li>\n<\/ul>\n<\/div>\n<\/div>\n<\/div>\n<\/div>\n<p>&nbsp;<\/p>\n<p>&nbsp;<\/p>\n<footer id=\"site-footer\" class=\"site-footer\">\n<div class=\"hfg_footer\">\n<div id=\"cb-row--footer-top\" class=\"footer--row footer-top layout-full-contained\" data-row-id=\"top\" data-show-on=\"desktop\">\n<div class=\"footer--row-inner footer-top-inner footer-content-wrap\">\n<div class=\"container\">\n<div class=\"hfg-grid nv-footer-content hfg-grid-top row--wrapper row\" data-section=\"hfg_footer_layout_top\">\n<div class=\"hfg-slot left\"><\/div>\n<\/div>\n<\/div>\n<\/div>\n<\/div>\n<\/div>\n<\/footer>","protected":false},"excerpt":{"rendered":"<p>Croatia has several major airports, including Zagreb Airport, Split Airport, Dubrovnik Airport, and Pula Airport. Each of these airports has designated smoking areas located outside of the terminal building, where passengers can smoke in a designated and well-ventilated space. On this website you can find all smoking areas in airports, including designated smoking areas and&hellip;&nbsp;<a href=\"https:\/\/airportsmokinglounge.com\/pt\/areas-para-fumantes-nos-aeroportos-croacias\/\" rel=\"bookmark\">Ler mais \u00bb<span class=\"screen-reader-text\">\u00c1reas para fumantes nos aeroportos da Cro\u00e1cia<\/span><\/a><\/p>","protected":false},"author":1,"featured_media":1199,"parent":0,"menu_order":0,"comment_status":"closed","ping_status":"closed","template":"","meta":{"neve_meta_sidebar":"","neve_meta_container":"","neve_meta_enable_content_width":"off","neve_meta_content_width":100,"neve_meta_title_alignment":"","neve_meta_author_avatar":"","neve_post_elements_order":"","neve_meta_disable_header":"","neve_meta_disable_footer":"","neve_meta_disable_title":"","neve_meta_reading_time":"","footnotes":""},"class_list":["post-147","page","type-page","status-publish","has-post-thumbnail","hentry"],"yoast_head":"<!-- This site is optimized with the Yoast SEO plugin v26.6 - https:\/\/yoast.com\/wordpress\/plugins\/seo\/ -->\n<title>Smoking areas in Croatia&#039;s airports - airportsmokinglounge.com<\/title>\n<meta name=\"description\" content=\"Smoking Areas in Croatia&#039;s Airports - Your Ultimate Guide to Finding a Place to Smoke \u2714\ufe0e Find Your Next Smoke Break Spot \u2714\ufe0e\" \/>\n<meta name=\"robots\" content=\"index, follow, max-snippet:-1, max-image-preview:large, max-video-preview:-1\" \/>\n<link rel=\"canonical\" href=\"https:\/\/airportsmokinglounge.com\/pt\/areas-para-fumantes-nos-aeroportos-croacias\/\" \/>\n<meta property=\"og:locale\" content=\"pt_BR\" \/>\n<meta property=\"og:type\" content=\"article\" \/>\n<meta property=\"og:title\" content=\"Smoking areas in Croatia&#039;s airports - airportsmokinglounge.com\" \/>\n<meta property=\"og:description\" content=\"Smoking Areas in Croatia&#039;s Airports - Your Ultimate Guide to Finding a Place to Smoke \u2714\ufe0e Find Your Next Smoke Break Spot \u2714\ufe0e\" \/>\n<meta property=\"og:url\" content=\"https:\/\/airportsmokinglounge.com\/pt\/areas-para-fumantes-nos-aeroportos-croacias\/\" \/>\n<meta property=\"og:site_name\" content=\"airportsmokinglounge.com\" \/>\n<meta property=\"article:modified_time\" content=\"2023-05-25T10:01:31+00:00\" \/>\n<meta property=\"og:image\" content=\"https:\/\/airportsmokinglounge.com\/wp-content\/uploads\/2023\/03\/airport-smoking-lounge-4.jpg\" \/>\n\t<meta property=\"og:image:width\" content=\"2048\" \/>\n\t<meta property=\"og:image:height\" content=\"1152\" \/>\n\t<meta property=\"og:image:type\" content=\"image\/jpeg\" \/>\n<meta name=\"twitter:card\" content=\"summary_large_image\" \/>\n<meta name=\"twitter:label1\" content=\"Est. tempo de leitura\" \/>\n\t<meta name=\"twitter:data1\" content=\"2 minutos\" \/>\n<script type=\"application\/ld+json\" class=\"yoast-schema-graph\">{\"@context\":\"https:\/\/schema.org\",\"@graph\":[{\"@type\":\"WebPage\",\"@id\":\"https:\/\/airportsmokinglounge.com\/smoking-areas-in-croatias-airports\/\",\"url\":\"https:\/\/airportsmokinglounge.com\/smoking-areas-in-croatias-airports\/\",\"name\":\"Smoking areas in Croatia's airports - airportsmokinglounge.com\",\"isPartOf\":{\"@id\":\"https:\/\/airportsmokinglounge.com\/#website\"},\"primaryImageOfPage\":{\"@id\":\"https:\/\/airportsmokinglounge.com\/smoking-areas-in-croatias-airports\/#primaryimage\"},\"image\":{\"@id\":\"https:\/\/airportsmokinglounge.com\/smoking-areas-in-croatias-airports\/#primaryimage\"},\"thumbnailUrl\":\"https:\/\/airportsmokinglounge.com\/wp-content\/uploads\/2023\/03\/airport-smoking-lounge-4.jpg\",\"datePublished\":\"2023-02-23T17:27:08+00:00\",\"dateModified\":\"2023-05-25T10:01:31+00:00\",\"description\":\"Smoking Areas in Croatia's Airports - Your Ultimate Guide to Finding a Place to Smoke \u2714\ufe0e Find Your Next Smoke Break Spot \u2714\ufe0e\",\"breadcrumb\":{\"@id\":\"https:\/\/airportsmokinglounge.com\/smoking-areas-in-croatias-airports\/#breadcrumb\"},\"inLanguage\":\"pt-BR\",\"potentialAction\":[{\"@type\":\"ReadAction\",\"target\":[\"https:\/\/airportsmokinglounge.com\/smoking-areas-in-croatias-airports\/\"]}]},{\"@type\":\"ImageObject\",\"inLanguage\":\"pt-BR\",\"@id\":\"https:\/\/airportsmokinglounge.com\/smoking-areas-in-croatias-airports\/#primaryimage\",\"url\":\"https:\/\/airportsmokinglounge.com\/wp-content\/uploads\/2023\/03\/airport-smoking-lounge-4.jpg\",\"contentUrl\":\"https:\/\/airportsmokinglounge.com\/wp-content\/uploads\/2023\/03\/airport-smoking-lounge-4.jpg\",\"width\":2048,\"height\":1152,\"caption\":\"Airport Smoking\"},{\"@type\":\"BreadcrumbList\",\"@id\":\"https:\/\/airportsmokinglounge.com\/smoking-areas-in-croatias-airports\/#breadcrumb\",\"itemListElement\":[{\"@type\":\"ListItem\",\"position\":1,\"name\":\"Home\",\"item\":\"https:\/\/airportsmokinglounge.com\/\"},{\"@type\":\"ListItem\",\"position\":2,\"name\":\"Smoking areas in Croatia&#8217;s airports\"}]},{\"@type\":\"WebSite\",\"@id\":\"https:\/\/airportsmokinglounge.com\/#website\",\"url\":\"https:\/\/airportsmokinglounge.com\/\",\"name\":\"airportsmokinglounge.com\",\"description\":\"\",\"potentialAction\":[{\"@type\":\"SearchAction\",\"target\":{\"@type\":\"EntryPoint\",\"urlTemplate\":\"https:\/\/airportsmokinglounge.com\/?s={search_term_string}\"},\"query-input\":{\"@type\":\"PropertyValueSpecification\",\"valueRequired\":true,\"valueName\":\"search_term_string\"}}],\"inLanguage\":\"pt-BR\"}]}<\/script>\n<!-- \/ Yoast SEO plugin. -->","yoast_head_json":{"title":"\u00c1reas para fumantes nos aeroportos da Cro\u00e1cia - airportsmokinglounge.com","description":"\u00c1reas para fumantes nos aeroportos da Cro\u00e1cia - seu guia definitivo para encontrar um lugar para fumar \u2714\ufe0e Encontre seu pr\u00f3ximo local para fumar \u2714\ufe0e","robots":{"index":"index","follow":"follow","max-snippet":"max-snippet:-1","max-image-preview":"max-image-preview:large","max-video-preview":"max-video-preview:-1"},"canonical":"https:\/\/airportsmokinglounge.com\/pt\/areas-para-fumantes-nos-aeroportos-croacias\/","og_locale":"pt_BR","og_type":"article","og_title":"Smoking areas in Croatia's airports - airportsmokinglounge.com","og_description":"Smoking Areas in Croatia's Airports - Your Ultimate Guide to Finding a Place to Smoke \u2714\ufe0e Find Your Next Smoke Break Spot \u2714\ufe0e","og_url":"https:\/\/airportsmokinglounge.com\/pt\/areas-para-fumantes-nos-aeroportos-croacias\/","og_site_name":"airportsmokinglounge.com","article_modified_time":"2023-05-25T10:01:31+00:00","og_image":[{"width":2048,"height":1152,"url":"https:\/\/airportsmokinglounge.com\/wp-content\/uploads\/2023\/03\/airport-smoking-lounge-4.jpg","type":"image\/jpeg"}],"twitter_card":"summary_large_image","twitter_misc":{"Est. tempo de leitura":"2 minutos"},"schema":{"@context":"https:\/\/schema.org","@graph":[{"@type":"WebPage","@id":"https:\/\/airportsmokinglounge.com\/smoking-areas-in-croatias-airports\/","url":"https:\/\/airportsmokinglounge.com\/smoking-areas-in-croatias-airports\/","name":"\u00c1reas para fumantes nos aeroportos da Cro\u00e1cia - airportsmokinglounge.com","isPartOf":{"@id":"https:\/\/airportsmokinglounge.com\/#website"},"primaryImageOfPage":{"@id":"https:\/\/airportsmokinglounge.com\/smoking-areas-in-croatias-airports\/#primaryimage"},"image":{"@id":"https:\/\/airportsmokinglounge.com\/smoking-areas-in-croatias-airports\/#primaryimage"},"thumbnailUrl":"https:\/\/airportsmokinglounge.com\/wp-content\/uploads\/2023\/03\/airport-smoking-lounge-4.jpg","datePublished":"2023-02-23T17:27:08+00:00","dateModified":"2023-05-25T10:01:31+00:00","description":"\u00c1reas para fumantes nos aeroportos da Cro\u00e1cia - seu guia definitivo para encontrar um lugar para fumar \u2714\ufe0e Encontre seu pr\u00f3ximo local para fumar \u2714\ufe0e","breadcrumb":{"@id":"https:\/\/airportsmokinglounge.com\/smoking-areas-in-croatias-airports\/#breadcrumb"},"inLanguage":"pt-BR","potentialAction":[{"@type":"ReadAction","target":["https:\/\/airportsmokinglounge.com\/smoking-areas-in-croatias-airports\/"]}]},{"@type":"ImageObject","inLanguage":"pt-BR","@id":"https:\/\/airportsmokinglounge.com\/smoking-areas-in-croatias-airports\/#primaryimage","url":"https:\/\/airportsmokinglounge.com\/wp-content\/uploads\/2023\/03\/airport-smoking-lounge-4.jpg","contentUrl":"https:\/\/airportsmokinglounge.com\/wp-content\/uploads\/2023\/03\/airport-smoking-lounge-4.jpg","width":2048,"height":1152,"caption":"Airport Smoking"},{"@type":"BreadcrumbList","@id":"https:\/\/airportsmokinglounge.com\/smoking-areas-in-croatias-airports\/#breadcrumb","itemListElement":[{"@type":"ListItem","position":1,"name":"Home","item":"https:\/\/airportsmokinglounge.com\/"},{"@type":"ListItem","position":2,"name":"Smoking areas in Croatia&#8217;s airports"}]},{"@type":"WebSite","@id":"https:\/\/airportsmokinglounge.com\/#website","url":"https:\/\/airportsmokinglounge.com\/","name":"www.airport Smokinglounge.com","description":"","potentialAction":[{"@type":"SearchAction","target":{"@type":"EntryPoint","urlTemplate":"https:\/\/airportsmokinglounge.com\/?s={search_term_string}"},"query-input":{"@type":"PropertyValueSpecification","valueRequired":true,"valueName":"search_term_string"}}],"inLanguage":"pt-BR"}]}},"_links":{"self":[{"href":"https:\/\/airportsmokinglounge.com\/pt\/wp-json\/wp\/v2\/pages\/147","targetHints":{"allow":["GET"]}}],"collection":[{"href":"https:\/\/airportsmokinglounge.com\/pt\/wp-json\/wp\/v2\/pages"}],"about":[{"href":"https:\/\/airportsmokinglounge.com\/pt\/wp-json\/wp\/v2\/types\/page"}],"author":[{"embeddable":true,"href":"https:\/\/airportsmokinglounge.com\/pt\/wp-json\/wp\/v2\/users\/1"}],"replies":[{"embeddable":true,"href":"https:\/\/airportsmokinglounge.com\/pt\/wp-json\/wp\/v2\/comments?post=147"}],"version-history":[{"count":10,"href":"https:\/\/airportsmokinglounge.com\/pt\/wp-json\/wp\/v2\/pages\/147\/revisions"}],"predecessor-version":[{"id":6113,"href":"https:\/\/airportsmokinglounge.com\/pt\/wp-json\/wp\/v2\/pages\/147\/revisions\/6113"}],"wp:featuredmedia":[{"embeddable":true,"href":"https:\/\/airportsmokinglounge.com\/pt\/wp-json\/wp\/v2\/media\/1199"}],"wp:attachment":[{"href":"https:\/\/airportsmokinglounge.com\/pt\/wp-json\/wp\/v2\/media?parent=147"}],"curies":[{"name":"wp","href":"https:\/\/api.w.org\/{rel}","templated":true}]}}