{"id":156,"date":"2023-02-23T18:41:33","date_gmt":"2023-02-23T17:41:33","guid":{"rendered":"https:\/\/airportsmokinglounge.com\/?page_id=156"},"modified":"2023-05-26T12:25:55","modified_gmt":"2023-05-26T10:25:55","slug":"smoking-areas-in-estonias-airports","status":"publish","type":"page","link":"https:\/\/airportsmokinglounge.com\/pt\/areas-para-fumantes-nos-aeroportos-da-estonia\/","title":{"rendered":"\u00c1reas para fumantes nos aeroportos da Est\u00f4nia"},"content":{"rendered":"<p>A Est\u00f4nia tem um total de seis aeroportos, sendo o maior e mais movimentado o Aeroporto de Tallinn. Outros aeroportos na Est\u00f4nia incluem o Aeroporto de Tartu, o Aeroporto de P\u00e4rnu, o Aeroporto de Kuressaare, o Aeroporto de K\u00e4rdla e o Aeroporto de Ruhnu.<\/p>\n<p>Neste site voc\u00ea pode encontrar todas as \u00e1reas para fumantes nos aeroportos, incluindo \u00e1reas designadas para fumantes e instala\u00e7\u00f5es dispon\u00edveis. Entendemos a frustra\u00e7\u00e3o de passar pela seguran\u00e7a apenas para descobrir que n\u00e3o h\u00e1 \u00e1reas para fumantes em nenhum lugar e, em alguns casos, os cigarros eletr\u00f4nicos podem n\u00e3o ser permitidos.<\/p>\n<p>Este servi\u00e7o destina-se a todos os fumadores que queiram fumar um cigarro antes ou depois de voos longos.<\/p>\n<h2>Aeroportos na Est\u00f4nia<\/h2>\n<ul style=\"list-style-type: circle;\">\n<li><a href=\"https:\/\/airportsmokinglounge.com\/pt\/areas-para-fumantes-no-aeroporto-de-tallinn-tll\/\">AEROPORTO LENNART MERI TALLINN (TLL)<\/a><\/li>\n<li><a href=\"https:\/\/airportsmokinglounge.com\/pt\/areas-para-fumantes-no-aeroporto-de-tartu-tay\/\">AEROPORTO DE TARTU (TAY)<\/a><\/li>\n<li><a href=\"https:\/\/airportsmokinglounge.com\/pt\/areas-para-fumantes-no-aeroporto-de-kuressaare\/\">AEROPORTO DE KURESAARE (URE)<\/a><\/li>\n<li><a href=\"https:\/\/airportsmokinglounge.com\/pt\/areas-para-fumantes-no-aeroporto-de-kardla-kdl\/\">AEROPORTO DE K\u00c4RDLA (KDL)<\/a><\/li>\n<\/ul>\n<h2>Lei do Fumo na Est\u00f4nia<\/h2>\n<p>Na Est\u00f3nia, fumar \u00e9 regulamentado pela Lei do Tabaco, que pro\u00edbe fumar em locais p\u00fablicos, incluindo todas as \u00e1reas interiores de edif\u00edcios p\u00fablicos. S\u00f3 \u00e9 permitido fumar em \u00e1reas designadas para fumantes, equipadas com extratores de fuma\u00e7a e claramente marcadas com o sinal internacional para fumantes.<\/p>\n<p>A Lei do Tabaco tamb\u00e9m exige que os produtos do tabaco sejam vendidos em embalagens padronizadas e pro\u00edbe a publicidade e promo\u00e7\u00e3o dos produtos do tabaco.<\/p>\n<p>Existem tamb\u00e9m restri\u00e7\u00f5es \u00e0 venda de produtos do tabaco a menores, sendo os retalhistas obrigados a verificar a idade dos compradores e a exibir sinais de alerta sobre os riscos de fumar.<\/p>\n<p>As penalidades por viola\u00e7\u00e3o da Lei do Tabaco variam de multas a pris\u00e3o, dependendo da gravidade do delito.<\/p>\n<p><strong>Mais \u00e1reas para fumantes no aeroporto\u00a0<\/strong><\/p>\n<ul>\n<li><a href=\"https:\/\/airportsmokinglounge.com\/pt\/fumar-nos-aeroportos-da-america-do-norte\/\">Am\u00e9rica do Norte<\/a><\/li>\n<li><a href=\"https:\/\/airportsmokinglounge.com\/pt\/fumando-nos-aeroportos-da-america-do-sul\/\">Am\u00e9rica do Sul<\/a><\/li>\n<li><a href=\"https:\/\/airportsmokinglounge.com\/pt\/areas-para-fumantes-nos-aeroportos-europeus\/\">Europa<\/a><\/li>\n<li><a href=\"https:\/\/airportsmokinglounge.com\/pt\/fumar-em-aeroportos-na-asia\/\">\u00c1sia<\/a><\/li>\n<li><a href=\"https:\/\/airportsmokinglounge.com\/pt\/fumar-em-aeroportos-na-oceania\/\">Oce\u00e2nia<\/a><\/li>\n<\/ul>","protected":false},"excerpt":{"rendered":"<p>A Est\u00f4nia possui seis aeroportos, sendo o Aeroporto de Tallinn o maior e mais movimentado. Outros aeroportos na Est\u00f4nia incluem o Aeroporto de Tartu, o Aeroporto de P\u00e4rnu, o Aeroporto de Kuressaare, o Aeroporto de K\u00e4rdla e o Aeroporto de Ruhnu. Neste site, voc\u00ea encontra todas as \u00e1reas para fumantes nos aeroportos, incluindo \u00e1reas designadas para fumantes e instala\u00e7\u00f5es dispon\u00edveis. Entendemos a frustra\u00e7\u00e3o de ir\u2026&nbsp;<a href=\"https:\/\/airportsmokinglounge.com\/pt\/areas-para-fumantes-nos-aeroportos-da-estonia\/\" rel=\"bookmark\">Ler mais \u00bb<span class=\"screen-reader-text\">\u00c1reas para fumantes nos aeroportos da Est\u00f4nia<\/span><\/a><\/p>","protected":false},"author":1,"featured_media":1199,"parent":0,"menu_order":0,"comment_status":"closed","ping_status":"closed","template":"","meta":{"neve_meta_sidebar":"","neve_meta_container":"","neve_meta_enable_content_width":"off","neve_meta_content_width":100,"neve_meta_title_alignment":"","neve_meta_author_avatar":"","neve_post_elements_order":"","neve_meta_disable_header":"","neve_meta_disable_footer":"","neve_meta_disable_title":"","neve_meta_reading_time":"","footnotes":""},"class_list":["post-156","page","type-page","status-publish","has-post-thumbnail","hentry"],"yoast_head":"<!-- This site is optimized with the Yoast SEO plugin v26.6 - https:\/\/yoast.com\/wordpress\/plugins\/seo\/ -->\n<title>Smoking areas in Estonia&#039;s airports - airportsmokinglounge.com<\/title>\n<meta name=\"description\" content=\"Smoking Areas in Estonia&#039;s Airports - Your Ultimate Guide to Finding a Place to Smoke \u2714\ufe0e Find Your Next Smoke Break Spot \u2714\ufe0e\" \/>\n<meta name=\"robots\" content=\"index, follow, max-snippet:-1, max-image-preview:large, max-video-preview:-1\" \/>\n<link rel=\"canonical\" href=\"https:\/\/airportsmokinglounge.com\/pt\/areas-para-fumantes-nos-aeroportos-da-estonia\/\" \/>\n<meta property=\"og:locale\" content=\"pt_BR\" \/>\n<meta property=\"og:type\" content=\"article\" \/>\n<meta property=\"og:title\" content=\"Smoking areas in Estonia&#039;s airports - airportsmokinglounge.com\" \/>\n<meta property=\"og:description\" content=\"Smoking Areas in Estonia&#039;s Airports - Your Ultimate Guide to Finding a Place to Smoke \u2714\ufe0e Find Your Next Smoke Break Spot \u2714\ufe0e\" \/>\n<meta property=\"og:url\" content=\"https:\/\/airportsmokinglounge.com\/pt\/areas-para-fumantes-nos-aeroportos-da-estonia\/\" \/>\n<meta property=\"og:site_name\" content=\"airportsmokinglounge.com\" \/>\n<meta property=\"article:modified_time\" content=\"2023-05-26T10:25:55+00:00\" \/>\n<meta property=\"og:image\" content=\"https:\/\/airportsmokinglounge.com\/wp-content\/uploads\/2023\/03\/airport-smoking-lounge-4.jpg\" \/>\n\t<meta property=\"og:image:width\" content=\"2048\" \/>\n\t<meta property=\"og:image:height\" content=\"1152\" \/>\n\t<meta property=\"og:image:type\" content=\"image\/jpeg\" \/>\n<meta name=\"twitter:card\" content=\"summary_large_image\" \/>\n<meta name=\"twitter:label1\" content=\"Est. tempo de leitura\" \/>\n\t<meta name=\"twitter:data1\" content=\"2 minutos\" \/>\n<script type=\"application\/ld+json\" class=\"yoast-schema-graph\">{\"@context\":\"https:\/\/schema.org\",\"@graph\":[{\"@type\":\"WebPage\",\"@id\":\"https:\/\/airportsmokinglounge.com\/smoking-areas-in-estonias-airports\/\",\"url\":\"https:\/\/airportsmokinglounge.com\/smoking-areas-in-estonias-airports\/\",\"name\":\"Smoking areas in Estonia's airports - airportsmokinglounge.com\",\"isPartOf\":{\"@id\":\"https:\/\/airportsmokinglounge.com\/#website\"},\"primaryImageOfPage\":{\"@id\":\"https:\/\/airportsmokinglounge.com\/smoking-areas-in-estonias-airports\/#primaryimage\"},\"image\":{\"@id\":\"https:\/\/airportsmokinglounge.com\/smoking-areas-in-estonias-airports\/#primaryimage\"},\"thumbnailUrl\":\"https:\/\/airportsmokinglounge.com\/wp-content\/uploads\/2023\/03\/airport-smoking-lounge-4.jpg\",\"datePublished\":\"2023-02-23T17:41:33+00:00\",\"dateModified\":\"2023-05-26T10:25:55+00:00\",\"description\":\"Smoking Areas in Estonia's Airports - Your Ultimate Guide to Finding a Place to Smoke \u2714\ufe0e Find Your Next Smoke Break Spot \u2714\ufe0e\",\"breadcrumb\":{\"@id\":\"https:\/\/airportsmokinglounge.com\/smoking-areas-in-estonias-airports\/#breadcrumb\"},\"inLanguage\":\"pt-BR\",\"potentialAction\":[{\"@type\":\"ReadAction\",\"target\":[\"https:\/\/airportsmokinglounge.com\/smoking-areas-in-estonias-airports\/\"]}]},{\"@type\":\"ImageObject\",\"inLanguage\":\"pt-BR\",\"@id\":\"https:\/\/airportsmokinglounge.com\/smoking-areas-in-estonias-airports\/#primaryimage\",\"url\":\"https:\/\/airportsmokinglounge.com\/wp-content\/uploads\/2023\/03\/airport-smoking-lounge-4.jpg\",\"contentUrl\":\"https:\/\/airportsmokinglounge.com\/wp-content\/uploads\/2023\/03\/airport-smoking-lounge-4.jpg\",\"width\":2048,\"height\":1152,\"caption\":\"Airport Smoking\"},{\"@type\":\"BreadcrumbList\",\"@id\":\"https:\/\/airportsmokinglounge.com\/smoking-areas-in-estonias-airports\/#breadcrumb\",\"itemListElement\":[{\"@type\":\"ListItem\",\"position\":1,\"name\":\"Home\",\"item\":\"https:\/\/airportsmokinglounge.com\/\"},{\"@type\":\"ListItem\",\"position\":2,\"name\":\"Smoking areas in Estonia&#8217;s airports\"}]},{\"@type\":\"WebSite\",\"@id\":\"https:\/\/airportsmokinglounge.com\/#website\",\"url\":\"https:\/\/airportsmokinglounge.com\/\",\"name\":\"airportsmokinglounge.com\",\"description\":\"\",\"potentialAction\":[{\"@type\":\"SearchAction\",\"target\":{\"@type\":\"EntryPoint\",\"urlTemplate\":\"https:\/\/airportsmokinglounge.com\/?s={search_term_string}\"},\"query-input\":{\"@type\":\"PropertyValueSpecification\",\"valueRequired\":true,\"valueName\":\"search_term_string\"}}],\"inLanguage\":\"pt-BR\"}]}<\/script>\n<!-- \/ Yoast SEO plugin. -->","yoast_head_json":{"title":"\u00c1reas para fumantes nos aeroportos da Est\u00f4nia - Airportsmokinglounge.com","description":"\u00c1reas para fumantes nos aeroportos da Est\u00f4nia - seu guia definitivo para encontrar um lugar para fumar \u2714\ufe0e Encontre seu pr\u00f3ximo local para fumar \u2714\ufe0e","robots":{"index":"index","follow":"follow","max-snippet":"max-snippet:-1","max-image-preview":"max-image-preview:large","max-video-preview":"max-video-preview:-1"},"canonical":"https:\/\/airportsmokinglounge.com\/pt\/areas-para-fumantes-nos-aeroportos-da-estonia\/","og_locale":"pt_BR","og_type":"article","og_title":"Smoking areas in Estonia's airports - airportsmokinglounge.com","og_description":"Smoking Areas in Estonia's Airports - Your Ultimate Guide to Finding a Place to Smoke \u2714\ufe0e Find Your Next Smoke Break Spot \u2714\ufe0e","og_url":"https:\/\/airportsmokinglounge.com\/pt\/areas-para-fumantes-nos-aeroportos-da-estonia\/","og_site_name":"airportsmokinglounge.com","article_modified_time":"2023-05-26T10:25:55+00:00","og_image":[{"width":2048,"height":1152,"url":"https:\/\/airportsmokinglounge.com\/wp-content\/uploads\/2023\/03\/airport-smoking-lounge-4.jpg","type":"image\/jpeg"}],"twitter_card":"summary_large_image","twitter_misc":{"Est. tempo de leitura":"2 minutos"},"schema":{"@context":"https:\/\/schema.org","@graph":[{"@type":"WebPage","@id":"https:\/\/airportsmokinglounge.com\/smoking-areas-in-estonias-airports\/","url":"https:\/\/airportsmokinglounge.com\/smoking-areas-in-estonias-airports\/","name":"\u00c1reas para fumantes nos aeroportos da Est\u00f4nia - Airportsmokinglounge.com","isPartOf":{"@id":"https:\/\/airportsmokinglounge.com\/#website"},"primaryImageOfPage":{"@id":"https:\/\/airportsmokinglounge.com\/smoking-areas-in-estonias-airports\/#primaryimage"},"image":{"@id":"https:\/\/airportsmokinglounge.com\/smoking-areas-in-estonias-airports\/#primaryimage"},"thumbnailUrl":"https:\/\/airportsmokinglounge.com\/wp-content\/uploads\/2023\/03\/airport-smoking-lounge-4.jpg","datePublished":"2023-02-23T17:41:33+00:00","dateModified":"2023-05-26T10:25:55+00:00","description":"\u00c1reas para fumantes nos aeroportos da Est\u00f4nia - seu guia definitivo para encontrar um lugar para fumar \u2714\ufe0e Encontre seu pr\u00f3ximo local para fumar \u2714\ufe0e","breadcrumb":{"@id":"https:\/\/airportsmokinglounge.com\/smoking-areas-in-estonias-airports\/#breadcrumb"},"inLanguage":"pt-BR","potentialAction":[{"@type":"ReadAction","target":["https:\/\/airportsmokinglounge.com\/smoking-areas-in-estonias-airports\/"]}]},{"@type":"ImageObject","inLanguage":"pt-BR","@id":"https:\/\/airportsmokinglounge.com\/smoking-areas-in-estonias-airports\/#primaryimage","url":"https:\/\/airportsmokinglounge.com\/wp-content\/uploads\/2023\/03\/airport-smoking-lounge-4.jpg","contentUrl":"https:\/\/airportsmokinglounge.com\/wp-content\/uploads\/2023\/03\/airport-smoking-lounge-4.jpg","width":2048,"height":1152,"caption":"Airport Smoking"},{"@type":"BreadcrumbList","@id":"https:\/\/airportsmokinglounge.com\/smoking-areas-in-estonias-airports\/#breadcrumb","itemListElement":[{"@type":"ListItem","position":1,"name":"Home","item":"https:\/\/airportsmokinglounge.com\/"},{"@type":"ListItem","position":2,"name":"Smoking areas in Estonia&#8217;s airports"}]},{"@type":"WebSite","@id":"https:\/\/airportsmokinglounge.com\/#website","url":"https:\/\/airportsmokinglounge.com\/","name":"www.airport Smokinglounge.com","description":"","potentialAction":[{"@type":"SearchAction","target":{"@type":"EntryPoint","urlTemplate":"https:\/\/airportsmokinglounge.com\/?s={search_term_string}"},"query-input":{"@type":"PropertyValueSpecification","valueRequired":true,"valueName":"search_term_string"}}],"inLanguage":"pt-BR"}]}},"_links":{"self":[{"href":"https:\/\/airportsmokinglounge.com\/pt\/wp-json\/wp\/v2\/pages\/156","targetHints":{"allow":["GET"]}}],"collection":[{"href":"https:\/\/airportsmokinglounge.com\/pt\/wp-json\/wp\/v2\/pages"}],"about":[{"href":"https:\/\/airportsmokinglounge.com\/pt\/wp-json\/wp\/v2\/types\/page"}],"author":[{"embeddable":true,"href":"https:\/\/airportsmokinglounge.com\/pt\/wp-json\/wp\/v2\/users\/1"}],"replies":[{"embeddable":true,"href":"https:\/\/airportsmokinglounge.com\/pt\/wp-json\/wp\/v2\/comments?post=156"}],"version-history":[{"count":8,"href":"https:\/\/airportsmokinglounge.com\/pt\/wp-json\/wp\/v2\/pages\/156\/revisions"}],"predecessor-version":[{"id":6150,"href":"https:\/\/airportsmokinglounge.com\/pt\/wp-json\/wp\/v2\/pages\/156\/revisions\/6150"}],"wp:featuredmedia":[{"embeddable":true,"href":"https:\/\/airportsmokinglounge.com\/pt\/wp-json\/wp\/v2\/media\/1199"}],"wp:attachment":[{"href":"https:\/\/airportsmokinglounge.com\/pt\/wp-json\/wp\/v2\/media?parent=156"}],"curies":[{"name":"wp","href":"https:\/\/api.w.org\/{rel}","templated":true}]}}