{"id":189,"date":"2023-02-28T13:02:07","date_gmt":"2023-02-28T12:02:07","guid":{"rendered":"https:\/\/airportsmokinglounge.com\/?page_id=189"},"modified":"2023-05-23T18:15:17","modified_gmt":"2023-05-23T16:15:17","slug":"smoking-areas-in-swedens-airports","status":"publish","type":"page","link":"https:\/\/airportsmokinglounge.com\/pt\/areas-para-fumantes-nos-aeroportos-da-suecia\/","title":{"rendered":"\u00c1reas para fumantes nos aeroportos da Su\u00e9cia"},"content":{"rendered":"<p>A Su\u00e9cia tem v\u00e1rios aeroportos, desde pequenos aeroportos regionais at\u00e9 grandes centros internacionais.<\/p>\n<p>Neste site voc\u00ea pode encontrar todas as \u00e1reas para fumantes nos aeroportos, incluindo \u00e1reas designadas para fumantes e instala\u00e7\u00f5es dispon\u00edveis. Entendemos a frustra\u00e7\u00e3o de passar pela seguran\u00e7a apenas para descobrir que n\u00e3o h\u00e1 \u00e1reas para fumantes em nenhum lugar e, em alguns casos, os cigarros eletr\u00f4nicos podem n\u00e3o ser permitidos.<\/p>\n<p>Este servi\u00e7o destina-se a todos os fumadores que queiram fumar um cigarro antes ou depois de voos longos.<\/p>\n<h2>Aeroportos na Su\u00e9cia<\/h2>\n<ul style=\"list-style-type: circle;\">\n<li><a href=\"https:\/\/airportsmokinglounge.com\/pt\/areas-para-fumantes-no-aeroporto-arlanda-estocolmo\/\">AEROPORTO ESTOCOLMO-ARLANDA (ARN)<\/a><\/li>\n<li><a href=\"https:\/\/airportsmokinglounge.com\/pt\/areas-para-fumadores-no-aeroporto-de-estocolmo-bromma-bma\/\">AEROPORTO ESTOCOLMO-BROMMA (BMA)<\/a><\/li>\n<li><a href=\"https:\/\/airportsmokinglounge.com\/pt\/areas-para-fumantes-no-aeroporto-estocolmo-skavsta-nyo\/\">AEROPORTO SKAVSTA DE ESTOCOLMO (NYO)<\/a><\/li>\n<li><a href=\"https:\/\/airportsmokinglounge.com\/pt\/areas-para-fumantes-no-aeroporto-goteborg-landvetter\/\">AEROPORTO DE GOTEBORG LANDVETTER (GOT)<\/a><\/li>\n<li><a href=\"https:\/\/airportsmokinglounge.com\/pt\/areas-para-fumantes-no-aeroporto-malmo-mmx\/\">AEROPORTO MALM\u00d6 STURUP (MMX)<\/a><\/li>\n<\/ul>\n<h2>Lei de Fumo da Su\u00e9cia<\/h2>\n<p>A Su\u00e9cia implementou leis e regulamentos relativos ao tabagismo para proteger a sa\u00fade p\u00fablica e reduzir o consumo de tabaco. No entanto, tenha em aten\u00e7\u00e3o que as leis relativas ao fumo podem mudar ao longo do tempo, por isso \u00e9 aconselh\u00e1vel consultar a legisla\u00e7\u00e3o mais recente ou consultar as autoridades locais para obter as informa\u00e7\u00f5es mais atualizadas sobre as leis relativas ao fumo na Su\u00e9cia.<\/p>\n<p>Na Su\u00e9cia, \u00e9 geralmente proibido fumar em locais p\u00fablicos fechados, incluindo \u00e1reas interiores de restaurantes, bares, caf\u00e9s, centros comerciais e edif\u00edcios governamentais. Essas \u00e1reas s\u00e3o designadas como livres de fumo e n\u00e3o \u00e9 permitido fumar em seu interior.<\/p>\n<p>A Su\u00e9cia tamb\u00e9m implementou restri\u00e7\u00f5es ao fumo em \u00e1reas p\u00fablicas ao ar livre, como perto de entradas de edif\u00edcios, pontos de \u00f4nibus e certas \u00e1reas de estar ao ar livre. Al\u00e9m disso, pode ser proibido fumar dentro de dist\u00e2ncias espec\u00edficas de determinadas \u00e1reas, como escolas e instala\u00e7\u00f5es de sa\u00fade.<\/p>\n<p>A venda de produtos de tabaco a menores de 18 anos \u00e9 estritamente proibida na Su\u00e9cia. O pa\u00eds implementou advert\u00eancias gr\u00e1ficas de sa\u00fade nas embalagens de cigarros para aumentar a conscientiza\u00e7\u00e3o sobre os riscos \u00e0 sa\u00fade associados ao tabagismo.<\/p>\n<p><strong>Mais \u00e1reas para fumantes no aeroporto<\/strong><\/p>\n<ul>\n<li><a href=\"https:\/\/airportsmokinglounge.com\/pt\/fumar-em-aeroportos-na-africa\/\" data-wpel-link=\"internal\">\u00c1frica<\/a><\/li>\n<li><a href=\"https:\/\/airportsmokinglounge.com\/pt\/fumar-nos-aeroportos-da-america-do-norte\/\" data-wpel-link=\"internal\">Am\u00e9rica do Norte<\/a><\/li>\n<li><a href=\"https:\/\/airportsmokinglounge.com\/pt\/areas-para-fumantes-nos-aeroportos-europeus\/\" data-wpel-link=\"internal\">Europa<\/a><\/li>\n<li><a href=\"https:\/\/airportsmokinglounge.com\/pt\/fumando-nos-aeroportos-da-america-do-sul\/\" data-wpel-link=\"internal\">Am\u00e9rica do Sul<\/a><\/li>\n<li><a href=\"https:\/\/airportsmokinglounge.com\/pt\/fumar-em-aeroportos-na-asia\/\" data-wpel-link=\"internal\">\u00c1sia<\/a><\/li>\n<\/ul>","protected":false},"excerpt":{"rendered":"<p>Sweden has several airports, ranging from small regional airports to larger international hubs. On this website you can find all smoking areas in airports, including designated smoking areas and available facilities. We understand the frustration of going through security only to find that there are no smoking areas anywhere and in some cases e-cigarettes may&hellip;&nbsp;<a href=\"https:\/\/airportsmokinglounge.com\/pt\/areas-para-fumantes-nos-aeroportos-da-suecia\/\" rel=\"bookmark\">Ler mais \u00bb<span class=\"screen-reader-text\">\u00c1reas para fumantes nos aeroportos da Su\u00e9cia<\/span><\/a><\/p>","protected":false},"author":1,"featured_media":1199,"parent":0,"menu_order":0,"comment_status":"closed","ping_status":"closed","template":"","meta":{"neve_meta_sidebar":"","neve_meta_container":"","neve_meta_enable_content_width":"off","neve_meta_content_width":100,"neve_meta_title_alignment":"","neve_meta_author_avatar":"","neve_post_elements_order":"","neve_meta_disable_header":"","neve_meta_disable_footer":"","neve_meta_disable_title":"","neve_meta_reading_time":"","footnotes":""},"class_list":["post-189","page","type-page","status-publish","has-post-thumbnail","hentry"],"yoast_head":"<!-- This site is optimized with the Yoast SEO plugin v26.6 - https:\/\/yoast.com\/wordpress\/plugins\/seo\/ -->\n<title>Smoking areas in Sweden&#039;s airports - airportsmokinglounge.com<\/title>\n<meta name=\"description\" content=\"Smoking Areas in Sweden&#039;s Airports - Your Ultimate Guide to Finding a Place to Smoke \u2714\ufe0e Find Your Next Smoke Break Spot \u2714\ufe0e\" \/>\n<meta name=\"robots\" content=\"index, follow, max-snippet:-1, max-image-preview:large, max-video-preview:-1\" \/>\n<link rel=\"canonical\" href=\"https:\/\/airportsmokinglounge.com\/pt\/areas-para-fumantes-nos-aeroportos-da-suecia\/\" \/>\n<meta property=\"og:locale\" content=\"pt_BR\" \/>\n<meta property=\"og:type\" content=\"article\" \/>\n<meta property=\"og:title\" content=\"Smoking areas in Sweden&#039;s airports - airportsmokinglounge.com\" \/>\n<meta property=\"og:description\" content=\"Smoking Areas in Sweden&#039;s Airports - Your Ultimate Guide to Finding a Place to Smoke \u2714\ufe0e Find Your Next Smoke Break Spot \u2714\ufe0e\" \/>\n<meta property=\"og:url\" content=\"https:\/\/airportsmokinglounge.com\/pt\/areas-para-fumantes-nos-aeroportos-da-suecia\/\" \/>\n<meta property=\"og:site_name\" content=\"airportsmokinglounge.com\" \/>\n<meta property=\"article:modified_time\" content=\"2023-05-23T16:15:17+00:00\" \/>\n<meta property=\"og:image\" content=\"https:\/\/airportsmokinglounge.com\/wp-content\/uploads\/2023\/03\/airport-smoking-lounge-4.jpg\" \/>\n\t<meta property=\"og:image:width\" content=\"2048\" \/>\n\t<meta property=\"og:image:height\" content=\"1152\" \/>\n\t<meta property=\"og:image:type\" content=\"image\/jpeg\" \/>\n<meta name=\"twitter:card\" content=\"summary_large_image\" \/>\n<meta name=\"twitter:label1\" content=\"Est. tempo de leitura\" \/>\n\t<meta name=\"twitter:data1\" content=\"2 minutos\" \/>\n<script type=\"application\/ld+json\" class=\"yoast-schema-graph\">{\"@context\":\"https:\/\/schema.org\",\"@graph\":[{\"@type\":\"WebPage\",\"@id\":\"https:\/\/airportsmokinglounge.com\/smoking-areas-in-swedens-airports\/\",\"url\":\"https:\/\/airportsmokinglounge.com\/smoking-areas-in-swedens-airports\/\",\"name\":\"Smoking areas in Sweden's airports - airportsmokinglounge.com\",\"isPartOf\":{\"@id\":\"https:\/\/airportsmokinglounge.com\/#website\"},\"primaryImageOfPage\":{\"@id\":\"https:\/\/airportsmokinglounge.com\/smoking-areas-in-swedens-airports\/#primaryimage\"},\"image\":{\"@id\":\"https:\/\/airportsmokinglounge.com\/smoking-areas-in-swedens-airports\/#primaryimage\"},\"thumbnailUrl\":\"https:\/\/airportsmokinglounge.com\/wp-content\/uploads\/2023\/03\/airport-smoking-lounge-4.jpg\",\"datePublished\":\"2023-02-28T12:02:07+00:00\",\"dateModified\":\"2023-05-23T16:15:17+00:00\",\"description\":\"Smoking Areas in Sweden's Airports - Your Ultimate Guide to Finding a Place to Smoke \u2714\ufe0e Find Your Next Smoke Break Spot \u2714\ufe0e\",\"breadcrumb\":{\"@id\":\"https:\/\/airportsmokinglounge.com\/smoking-areas-in-swedens-airports\/#breadcrumb\"},\"inLanguage\":\"pt-BR\",\"potentialAction\":[{\"@type\":\"ReadAction\",\"target\":[\"https:\/\/airportsmokinglounge.com\/smoking-areas-in-swedens-airports\/\"]}]},{\"@type\":\"ImageObject\",\"inLanguage\":\"pt-BR\",\"@id\":\"https:\/\/airportsmokinglounge.com\/smoking-areas-in-swedens-airports\/#primaryimage\",\"url\":\"https:\/\/airportsmokinglounge.com\/wp-content\/uploads\/2023\/03\/airport-smoking-lounge-4.jpg\",\"contentUrl\":\"https:\/\/airportsmokinglounge.com\/wp-content\/uploads\/2023\/03\/airport-smoking-lounge-4.jpg\",\"width\":2048,\"height\":1152,\"caption\":\"Airport Smoking\"},{\"@type\":\"BreadcrumbList\",\"@id\":\"https:\/\/airportsmokinglounge.com\/smoking-areas-in-swedens-airports\/#breadcrumb\",\"itemListElement\":[{\"@type\":\"ListItem\",\"position\":1,\"name\":\"Home\",\"item\":\"https:\/\/airportsmokinglounge.com\/\"},{\"@type\":\"ListItem\",\"position\":2,\"name\":\"Smoking areas in Sweden&#8217;s airports\"}]},{\"@type\":\"WebSite\",\"@id\":\"https:\/\/airportsmokinglounge.com\/#website\",\"url\":\"https:\/\/airportsmokinglounge.com\/\",\"name\":\"airportsmokinglounge.com\",\"description\":\"\",\"potentialAction\":[{\"@type\":\"SearchAction\",\"target\":{\"@type\":\"EntryPoint\",\"urlTemplate\":\"https:\/\/airportsmokinglounge.com\/?s={search_term_string}\"},\"query-input\":{\"@type\":\"PropertyValueSpecification\",\"valueRequired\":true,\"valueName\":\"search_term_string\"}}],\"inLanguage\":\"pt-BR\"}]}<\/script>\n<!-- \/ Yoast SEO plugin. -->","yoast_head_json":{"title":"\u00c1reas para fumantes nos aeroportos da Su\u00e9cia - airportsmokinglounge.com","description":"\u00c1reas para fumantes nos aeroportos da Su\u00e9cia - seu guia definitivo para encontrar um lugar para fumar \u2714\ufe0e Encontre seu pr\u00f3ximo local para fumar \u2714\ufe0e","robots":{"index":"index","follow":"follow","max-snippet":"max-snippet:-1","max-image-preview":"max-image-preview:large","max-video-preview":"max-video-preview:-1"},"canonical":"https:\/\/airportsmokinglounge.com\/pt\/areas-para-fumantes-nos-aeroportos-da-suecia\/","og_locale":"pt_BR","og_type":"article","og_title":"Smoking areas in Sweden's airports - airportsmokinglounge.com","og_description":"Smoking Areas in Sweden's Airports - Your Ultimate Guide to Finding a Place to Smoke \u2714\ufe0e Find Your Next Smoke Break Spot \u2714\ufe0e","og_url":"https:\/\/airportsmokinglounge.com\/pt\/areas-para-fumantes-nos-aeroportos-da-suecia\/","og_site_name":"airportsmokinglounge.com","article_modified_time":"2023-05-23T16:15:17+00:00","og_image":[{"width":2048,"height":1152,"url":"https:\/\/airportsmokinglounge.com\/wp-content\/uploads\/2023\/03\/airport-smoking-lounge-4.jpg","type":"image\/jpeg"}],"twitter_card":"summary_large_image","twitter_misc":{"Est. tempo de leitura":"2 minutos"},"schema":{"@context":"https:\/\/schema.org","@graph":[{"@type":"WebPage","@id":"https:\/\/airportsmokinglounge.com\/smoking-areas-in-swedens-airports\/","url":"https:\/\/airportsmokinglounge.com\/smoking-areas-in-swedens-airports\/","name":"\u00c1reas para fumantes nos aeroportos da Su\u00e9cia - airportsmokinglounge.com","isPartOf":{"@id":"https:\/\/airportsmokinglounge.com\/#website"},"primaryImageOfPage":{"@id":"https:\/\/airportsmokinglounge.com\/smoking-areas-in-swedens-airports\/#primaryimage"},"image":{"@id":"https:\/\/airportsmokinglounge.com\/smoking-areas-in-swedens-airports\/#primaryimage"},"thumbnailUrl":"https:\/\/airportsmokinglounge.com\/wp-content\/uploads\/2023\/03\/airport-smoking-lounge-4.jpg","datePublished":"2023-02-28T12:02:07+00:00","dateModified":"2023-05-23T16:15:17+00:00","description":"\u00c1reas para fumantes nos aeroportos da Su\u00e9cia - seu guia definitivo para encontrar um lugar para fumar \u2714\ufe0e Encontre seu pr\u00f3ximo local para fumar \u2714\ufe0e","breadcrumb":{"@id":"https:\/\/airportsmokinglounge.com\/smoking-areas-in-swedens-airports\/#breadcrumb"},"inLanguage":"pt-BR","potentialAction":[{"@type":"ReadAction","target":["https:\/\/airportsmokinglounge.com\/smoking-areas-in-swedens-airports\/"]}]},{"@type":"ImageObject","inLanguage":"pt-BR","@id":"https:\/\/airportsmokinglounge.com\/smoking-areas-in-swedens-airports\/#primaryimage","url":"https:\/\/airportsmokinglounge.com\/wp-content\/uploads\/2023\/03\/airport-smoking-lounge-4.jpg","contentUrl":"https:\/\/airportsmokinglounge.com\/wp-content\/uploads\/2023\/03\/airport-smoking-lounge-4.jpg","width":2048,"height":1152,"caption":"Airport Smoking"},{"@type":"BreadcrumbList","@id":"https:\/\/airportsmokinglounge.com\/smoking-areas-in-swedens-airports\/#breadcrumb","itemListElement":[{"@type":"ListItem","position":1,"name":"Home","item":"https:\/\/airportsmokinglounge.com\/"},{"@type":"ListItem","position":2,"name":"Smoking areas in Sweden&#8217;s airports"}]},{"@type":"WebSite","@id":"https:\/\/airportsmokinglounge.com\/#website","url":"https:\/\/airportsmokinglounge.com\/","name":"www.airport Smokinglounge.com","description":"","potentialAction":[{"@type":"SearchAction","target":{"@type":"EntryPoint","urlTemplate":"https:\/\/airportsmokinglounge.com\/?s={search_term_string}"},"query-input":{"@type":"PropertyValueSpecification","valueRequired":true,"valueName":"search_term_string"}}],"inLanguage":"pt-BR"}]}},"_links":{"self":[{"href":"https:\/\/airportsmokinglounge.com\/pt\/wp-json\/wp\/v2\/pages\/189","targetHints":{"allow":["GET"]}}],"collection":[{"href":"https:\/\/airportsmokinglounge.com\/pt\/wp-json\/wp\/v2\/pages"}],"about":[{"href":"https:\/\/airportsmokinglounge.com\/pt\/wp-json\/wp\/v2\/types\/page"}],"author":[{"embeddable":true,"href":"https:\/\/airportsmokinglounge.com\/pt\/wp-json\/wp\/v2\/users\/1"}],"replies":[{"embeddable":true,"href":"https:\/\/airportsmokinglounge.com\/pt\/wp-json\/wp\/v2\/comments?post=189"}],"version-history":[{"count":9,"href":"https:\/\/airportsmokinglounge.com\/pt\/wp-json\/wp\/v2\/pages\/189\/revisions"}],"predecessor-version":[{"id":6020,"href":"https:\/\/airportsmokinglounge.com\/pt\/wp-json\/wp\/v2\/pages\/189\/revisions\/6020"}],"wp:featuredmedia":[{"embeddable":true,"href":"https:\/\/airportsmokinglounge.com\/pt\/wp-json\/wp\/v2\/media\/1199"}],"wp:attachment":[{"href":"https:\/\/airportsmokinglounge.com\/pt\/wp-json\/wp\/v2\/media?parent=189"}],"curies":[{"name":"wp","href":"https:\/\/api.w.org\/{rel}","templated":true}]}}