{"id":2235,"date":"2023-04-11T11:55:38","date_gmt":"2023-04-11T09:55:38","guid":{"rendered":"https:\/\/airportsmokinglounge.com\/?page_id=2235"},"modified":"2023-05-17T14:47:58","modified_gmt":"2023-05-17T12:47:58","slug":"smoking-areas-at-nha-trang-cam-ranh-airport-cxr","status":"publish","type":"page","link":"https:\/\/airportsmokinglounge.com\/pt\/areas-para-fumantes-no-aeroporto-de-nha-trang-cam-ranh-cxr\/","title":{"rendered":"\u00c1reas para fumantes no Aeroporto de Nha Trang \u2013 Cam Ranh (CXR)"},"content":{"rendered":"<p>O Aeroporto de Nha Trang \u2013 Cam Ranh (CXR) \u00e9 um grande aeroporto internacional localizado na cidade costeira de Nha Trang, prov\u00edncia de Khanh Hoa, no centro do Vietn\u00e3. Situado a aproximadamente 35 quil\u00f4metros ao sul do centro da cidade de Nha Trang, ele serve como um centro de transporte vital para viajantes que visitam o popular destino de resort de praia.<\/p>\n<p>O Aeroporto Cam Ranh passou por expans\u00f5es e atualiza\u00e7\u00f5es significativas para acomodar o crescente n\u00famero de passageiros dom\u00e9sticos e internacionais. Ele apresenta instala\u00e7\u00f5es e servi\u00e7os modernos, garantindo uma experi\u00eancia de viagem confort\u00e1vel e eficiente.<\/p>\n<h2>\u00c1reas para fumantes antes da verifica\u00e7\u00e3o de seguran\u00e7a<\/h2>\n<ul>\n<li><span style=\"font-size: 14pt;\">S\u00f3 \u00e9 permitido fumar fora do terminal<\/span><\/li>\n<\/ul>\n<h2>\u00c1reas para fumantes ap\u00f3s verifica\u00e7\u00e3o de seguran\u00e7a<\/h2>\n<ul>\n<li><span style=\"font-size: 14pt;\">Atualmente, n\u00e3o h\u00e1 informa\u00e7\u00f5es dispon\u00edveis sobre instala\u00e7\u00f5es para fumantes dentro do aeroporto.<\/span><\/li>\n<\/ul>\n<p><span style=\"font-size: 14pt;\">Mais informa\u00e7\u00f5es no site oficial<\/span><\/p>\n<ul>\n<li><a href=\"https:\/\/vietnamairport.vn\/camranhairport\/\" target=\"_blank\" rel=\"noopener\">www.vietnamairport.vn<\/a><\/li>\n<\/ul>\n<p><strong><span style=\"font-size: 14pt;\">Envie-nos coment\u00e1rios<\/span><\/strong><\/p>\n<p><span style=\"font-size: 14pt;\">Se voc\u00ea estiver no aeroporto, sinta-se \u00e0 vontade para nos enviar fotos das \u00e1reas para fumantes. Isso nos ajudar\u00e1 a preencher nosso banco de dados mais rapidamente. Voc\u00ea consegue fazer isso <strong><a href=\"https:\/\/airportsmokinglounge.com\/pt\/contato\/\">Aqui<\/a>.<\/strong> As imagens s\u00e3o publicadas em nosso site, indicando a fonte da imagem (nome). Sinta-se \u00e0 vontade para compartilhar essas fotos conosco e com todos os visitantes do Airport Smokinglounge.com<\/span>.<\/p>\n<h2>Lei de Tabagismo do Vietn\u00e3<\/h2>\n<p>O Vietname implementou regulamentos sobre o tabagismo para proteger a sa\u00fade p\u00fablica e reduzir o consumo de tabaco. No entanto, observe que as leis e regulamentos sobre fumo podem mudar com o tempo, por isso \u00e9 aconselh\u00e1vel consultar a legisla\u00e7\u00e3o mais recente ou consultar as autoridades locais para obter informa\u00e7\u00f5es mais atualizadas sobre as leis sobre fumo do Vietn\u00e3.<\/p>\n<p>No Vietname, fumar \u00e9 geralmente proibido na maioria dos locais p\u00fablicos fechados, incluindo edif\u00edcios governamentais, instala\u00e7\u00f5es de sa\u00fade, institui\u00e7\u00f5es educacionais e transportes p\u00fablicos. A lei tamb\u00e9m restringe o fumo em \u00e1reas como restaurantes, caf\u00e9s e centros comerciais, a menos que tenham \u00e1reas designadas para fumadores que cumpram requisitos espec\u00edficos.<\/p>\n<p>Al\u00e9m disso, n\u00e3o \u00e9 permitido fumar em determinadas \u00e1reas externas, como perto de entradas de pr\u00e9dios p\u00fablicos, parques e est\u00e1dios. Algumas cidades do Vietname, como Han\u00f3i e Ho Chi Minh City, implementaram restri\u00e7\u00f5es adicionais ao fumo em \u00e1reas p\u00fablicas e estabeleceram zonas designadas para fumadores.<\/p>\n<p>A venda de produtos de tabaco a menores de 18 anos \u00e9 proibida no Vietname. O pa\u00eds tamb\u00e9m implementou regulamentos sobre publicidade, promo\u00e7\u00e3o e patroc\u00ednio do tabaco.<\/p>\n<p>O Vietname tomou medidas para sensibilizar o p\u00fablico sobre os riscos para a sa\u00fade associados ao tabagismo atrav\u00e9s de campanhas de sa\u00fade e advert\u00eancias nos ma\u00e7os de cigarros. O pa\u00eds implementou advert\u00eancias de sa\u00fade gr\u00e1ficas e pict\u00f3ricas nas embalagens dos produtos do tabaco.<\/p>\n<p>A aplica\u00e7\u00e3o das leis antifumo \u00e9 realizada pelas autoridades competentes e as viola\u00e7\u00f5es podem resultar em multas ou outras penalidades.<\/p>\n<p>\u00c9 importante observar que geralmente se espera o cumprimento das regulamenta\u00e7\u00f5es sobre fumo no Vietn\u00e3, e fumar em \u00e1reas proibidas pode levar a penalidades.<\/p>\n<p>Para obter informa\u00e7\u00f5es mais precisas e atualizadas sobre as leis antitabagismo do Vietn\u00e3, \u00e9 recomend\u00e1vel consultar a legisla\u00e7\u00e3o mais recente ou entrar em contato com as autoridades locais ou organiza\u00e7\u00f5es de sa\u00fade.<\/p>\n<h3>perguntas frequentes<\/h3>\n<h4>As \u00e1reas para fumantes do aeroporto est\u00e3o dispon\u00edveis 24 horas por dia, 7 dias por semana?<\/h4>\n<p>A disponibilidade de \u00e1reas para fumantes no aeroporto pode variar dependendo do aeroporto e da localiza\u00e7\u00e3o. Algumas \u00e1reas para fumantes funcionam 24 horas por dia, enquanto outras podem ter hor\u00e1rios restritos ou fechar em determinados hor\u00e1rios. \u00c9 melhor verificar com o aeroporto ou visitar seu site para obter informa\u00e7\u00f5es espec\u00edficas sobre o hor\u00e1rio de funcionamento da \u00e1rea para fumantes.<\/p>\n<h4>\u00c9 permitido trazer minha pr\u00f3pria comida e bebida para a \u00e1rea de fumantes?<\/h4>\n<p>Isso pode depender da \u00e1rea espec\u00edfica para fumantes e do aeroporto. Algumas \u00e1reas para fumantes podem permitir alimentos e bebidas de fora, enquanto outras podem ter restri\u00e7\u00f5es ou proibi-las completamente. \u00c9 melhor verificar com o aeroporto ou a sinaliza\u00e7\u00e3o da \u00e1rea para fumantes as regras e regulamentos espec\u00edficos.<\/p>\n<h4>\u00c9 permitido fumar em todas as \u00e1reas para fumantes do aeroporto?<\/h4>\n<p>Nem todas as \u00e1reas para fumantes do aeroporto permitem fumar. Alguns aeroportos podem ter \u00e1reas designadas para cigarros eletr\u00f4nicos ou vaping, separadas das \u00e1reas tradicionais para fumantes. Certifique-se de verificar as regras e regulamentos espec\u00edficos da \u00e1rea para fumantes que planeja usar.<\/p>\n<h4>As \u00e1reas para fumantes s\u00e3o climatizadas ou aquecidas?<\/h4>\n<p>A temperatura e a ventila\u00e7\u00e3o das \u00e1reas para fumantes do aeroporto podem variar muito. Alguns podem ser climatizados ou aquecidos, enquanto outros podem ser espa\u00e7os ao ar livre com prote\u00e7\u00e3o limitada contra os elementos. Certifique-se de verificar com o aeroporto ou visitar a \u00e1rea de fumantes com anteced\u00eancia para determinar as condi\u00e7\u00f5es e se preparar adequadamente.<\/p>\n<h4>As \u00e1reas para fumantes s\u00e3o acess\u00edveis a viajantes com defici\u00eancia?<\/h4>\n<p>Muitos aeroportos fizeram esfor\u00e7os para tornar suas \u00e1reas para fumantes acess\u00edveis a viajantes com defici\u00eancia. No entanto, a acessibilidade de \u00e1reas espec\u00edficas para fumantes pode variar muito. Certifique-se de verificar com o aeroporto ou visitar a \u00e1rea de fumantes com anteced\u00eancia para determinar se ela \u00e9 acess\u00edvel e se atende \u00e0s suas necessidades.<\/p>\n<p><span style=\"font-size: 14pt;\"><strong>Mais aeroportos no Vietn\u00e3:<\/strong> <\/span><\/p>\n<ul>\n<li><a href=\"https:\/\/airportsmokinglounge.com\/pt\/areas-para-fumantes-nos-aeroportos-do-vietna\/\"><span style=\"font-size: 14pt;\">Aeroportos no Vietn\u00e3<\/span><\/a><\/li>\n<\/ul>\n<p><span style=\"font-size: 14pt;\"><strong>\u00c1reas para fumantes na \u00c1sia<\/strong><\/span><\/p>\n<ul>\n<li><a href=\"https:\/\/airportsmokinglounge.com\/pt\/fumar-em-aeroportos-na-asia\/\"><span style=\"font-size: 14pt;\">aeroportos asi\u00e1ticos<\/span><\/a><\/li>\n<\/ul>","protected":false},"excerpt":{"rendered":"<p>Nha Trang &#8211; Cam Ranh Airport (CXR) is a major international airport located in the coastal city of Nha Trang, Khanh Hoa province, in central Vietnam. Situated approximately 35 kilometers south of Nha Trang city center, it serves as a vital transportation hub for travelers visiting the popular beach resort destination. Cam Ranh Airport has&hellip;&nbsp;<a href=\"https:\/\/airportsmokinglounge.com\/pt\/areas-para-fumantes-no-aeroporto-de-nha-trang-cam-ranh-cxr\/\" rel=\"bookmark\">Ler mais \u00bb<span class=\"screen-reader-text\">\u00c1reas para fumantes no Aeroporto de Nha Trang \u2013 Cam Ranh (CXR)<\/span><\/a><\/p>","protected":false},"author":1,"featured_media":1199,"parent":0,"menu_order":0,"comment_status":"closed","ping_status":"closed","template":"","meta":{"neve_meta_sidebar":"","neve_meta_container":"","neve_meta_enable_content_width":"off","neve_meta_content_width":100,"neve_meta_title_alignment":"","neve_meta_author_avatar":"","neve_post_elements_order":"","neve_meta_disable_header":"","neve_meta_disable_footer":"","neve_meta_disable_title":"","neve_meta_reading_time":"","footnotes":""},"class_list":["post-2235","page","type-page","status-publish","has-post-thumbnail","hentry"],"yoast_head":"<!-- This site is optimized with the Yoast SEO plugin v26.6 - https:\/\/yoast.com\/wordpress\/plugins\/seo\/ -->\n<title>Smoking areas at Nha Trang - Cam Ranh Airport (CXR)<\/title>\n<meta name=\"description\" content=\"Smoking areas Nha Trang - Cam Ranh Airport - Find a smoking area in the airport \u2714\ufe0e Smoking Guide in Airports for Travelers \u2714\ufe0e\" \/>\n<meta name=\"robots\" content=\"index, follow, max-snippet:-1, max-image-preview:large, max-video-preview:-1\" \/>\n<link rel=\"canonical\" href=\"https:\/\/airportsmokinglounge.com\/pt\/areas-para-fumantes-no-aeroporto-de-nha-trang-cam-ranh-cxr\/\" \/>\n<meta property=\"og:locale\" content=\"pt_BR\" \/>\n<meta property=\"og:type\" content=\"article\" \/>\n<meta property=\"og:title\" content=\"Smoking areas at Nha Trang - Cam Ranh Airport (CXR)\" \/>\n<meta property=\"og:description\" content=\"Smoking areas Nha Trang - Cam Ranh Airport - Find a smoking area in the airport \u2714\ufe0e Smoking Guide in Airports for Travelers \u2714\ufe0e\" \/>\n<meta property=\"og:url\" content=\"https:\/\/airportsmokinglounge.com\/pt\/areas-para-fumantes-no-aeroporto-de-nha-trang-cam-ranh-cxr\/\" \/>\n<meta property=\"og:site_name\" content=\"airportsmokinglounge.com\" \/>\n<meta property=\"article:modified_time\" content=\"2023-05-17T12:47:58+00:00\" \/>\n<meta property=\"og:image\" content=\"https:\/\/airportsmokinglounge.com\/wp-content\/uploads\/2023\/03\/airport-smoking-lounge-4.jpg\" \/>\n\t<meta property=\"og:image:width\" content=\"2048\" \/>\n\t<meta property=\"og:image:height\" content=\"1152\" \/>\n\t<meta property=\"og:image:type\" content=\"image\/jpeg\" \/>\n<meta name=\"twitter:card\" content=\"summary_large_image\" \/>\n<meta name=\"twitter:label1\" content=\"Est. tempo de leitura\" \/>\n\t<meta name=\"twitter:data1\" content=\"4 minutos\" \/>\n<script type=\"application\/ld+json\" class=\"yoast-schema-graph\">{\"@context\":\"https:\/\/schema.org\",\"@graph\":[{\"@type\":\"WebPage\",\"@id\":\"https:\/\/airportsmokinglounge.com\/smoking-areas-at-nha-trang-cam-ranh-airport-cxr\/\",\"url\":\"https:\/\/airportsmokinglounge.com\/smoking-areas-at-nha-trang-cam-ranh-airport-cxr\/\",\"name\":\"Smoking areas at Nha Trang - Cam Ranh Airport (CXR)\",\"isPartOf\":{\"@id\":\"https:\/\/airportsmokinglounge.com\/#website\"},\"primaryImageOfPage\":{\"@id\":\"https:\/\/airportsmokinglounge.com\/smoking-areas-at-nha-trang-cam-ranh-airport-cxr\/#primaryimage\"},\"image\":{\"@id\":\"https:\/\/airportsmokinglounge.com\/smoking-areas-at-nha-trang-cam-ranh-airport-cxr\/#primaryimage\"},\"thumbnailUrl\":\"https:\/\/airportsmokinglounge.com\/wp-content\/uploads\/2023\/03\/airport-smoking-lounge-4.jpg\",\"datePublished\":\"2023-04-11T09:55:38+00:00\",\"dateModified\":\"2023-05-17T12:47:58+00:00\",\"description\":\"Smoking areas Nha Trang - Cam Ranh Airport - Find a smoking area in the airport \u2714\ufe0e Smoking Guide in Airports for Travelers \u2714\ufe0e\",\"breadcrumb\":{\"@id\":\"https:\/\/airportsmokinglounge.com\/smoking-areas-at-nha-trang-cam-ranh-airport-cxr\/#breadcrumb\"},\"inLanguage\":\"pt-BR\",\"potentialAction\":[{\"@type\":\"ReadAction\",\"target\":[\"https:\/\/airportsmokinglounge.com\/smoking-areas-at-nha-trang-cam-ranh-airport-cxr\/\"]}]},{\"@type\":\"ImageObject\",\"inLanguage\":\"pt-BR\",\"@id\":\"https:\/\/airportsmokinglounge.com\/smoking-areas-at-nha-trang-cam-ranh-airport-cxr\/#primaryimage\",\"url\":\"https:\/\/airportsmokinglounge.com\/wp-content\/uploads\/2023\/03\/airport-smoking-lounge-4.jpg\",\"contentUrl\":\"https:\/\/airportsmokinglounge.com\/wp-content\/uploads\/2023\/03\/airport-smoking-lounge-4.jpg\",\"width\":2048,\"height\":1152,\"caption\":\"Airport Smoking\"},{\"@type\":\"BreadcrumbList\",\"@id\":\"https:\/\/airportsmokinglounge.com\/smoking-areas-at-nha-trang-cam-ranh-airport-cxr\/#breadcrumb\",\"itemListElement\":[{\"@type\":\"ListItem\",\"position\":1,\"name\":\"Home\",\"item\":\"https:\/\/airportsmokinglounge.com\/\"},{\"@type\":\"ListItem\",\"position\":2,\"name\":\"Smoking areas at Nha Trang &#8211; Cam Ranh Airport (CXR)\"}]},{\"@type\":\"WebSite\",\"@id\":\"https:\/\/airportsmokinglounge.com\/#website\",\"url\":\"https:\/\/airportsmokinglounge.com\/\",\"name\":\"airportsmokinglounge.com\",\"description\":\"\",\"potentialAction\":[{\"@type\":\"SearchAction\",\"target\":{\"@type\":\"EntryPoint\",\"urlTemplate\":\"https:\/\/airportsmokinglounge.com\/?s={search_term_string}\"},\"query-input\":{\"@type\":\"PropertyValueSpecification\",\"valueRequired\":true,\"valueName\":\"search_term_string\"}}],\"inLanguage\":\"pt-BR\"}]}<\/script>\n<!-- \/ Yoast SEO plugin. -->","yoast_head_json":{"title":"\u00c1reas para fumantes no Aeroporto de Nha Trang - Cam Ranh (CXR)","description":"\u00c1reas para fumantes Aeroporto de Nha Trang - Cam Ranh - Encontre uma \u00e1rea para fumantes no aeroporto \u2714\ufe0e Guia de fumantes em aeroportos para viajantes \u2714\ufe0e","robots":{"index":"index","follow":"follow","max-snippet":"max-snippet:-1","max-image-preview":"max-image-preview:large","max-video-preview":"max-video-preview:-1"},"canonical":"https:\/\/airportsmokinglounge.com\/pt\/areas-para-fumantes-no-aeroporto-de-nha-trang-cam-ranh-cxr\/","og_locale":"pt_BR","og_type":"article","og_title":"Smoking areas at Nha Trang - Cam Ranh Airport (CXR)","og_description":"Smoking areas Nha Trang - Cam Ranh Airport - Find a smoking area in the airport \u2714\ufe0e Smoking Guide in Airports for Travelers \u2714\ufe0e","og_url":"https:\/\/airportsmokinglounge.com\/pt\/areas-para-fumantes-no-aeroporto-de-nha-trang-cam-ranh-cxr\/","og_site_name":"airportsmokinglounge.com","article_modified_time":"2023-05-17T12:47:58+00:00","og_image":[{"width":2048,"height":1152,"url":"https:\/\/airportsmokinglounge.com\/wp-content\/uploads\/2023\/03\/airport-smoking-lounge-4.jpg","type":"image\/jpeg"}],"twitter_card":"summary_large_image","twitter_misc":{"Est. tempo de leitura":"4 minutos"},"schema":{"@context":"https:\/\/schema.org","@graph":[{"@type":"WebPage","@id":"https:\/\/airportsmokinglounge.com\/smoking-areas-at-nha-trang-cam-ranh-airport-cxr\/","url":"https:\/\/airportsmokinglounge.com\/smoking-areas-at-nha-trang-cam-ranh-airport-cxr\/","name":"\u00c1reas para fumantes no Aeroporto de Nha Trang - Cam Ranh (CXR)","isPartOf":{"@id":"https:\/\/airportsmokinglounge.com\/#website"},"primaryImageOfPage":{"@id":"https:\/\/airportsmokinglounge.com\/smoking-areas-at-nha-trang-cam-ranh-airport-cxr\/#primaryimage"},"image":{"@id":"https:\/\/airportsmokinglounge.com\/smoking-areas-at-nha-trang-cam-ranh-airport-cxr\/#primaryimage"},"thumbnailUrl":"https:\/\/airportsmokinglounge.com\/wp-content\/uploads\/2023\/03\/airport-smoking-lounge-4.jpg","datePublished":"2023-04-11T09:55:38+00:00","dateModified":"2023-05-17T12:47:58+00:00","description":"\u00c1reas para fumantes Aeroporto de Nha Trang - Cam Ranh - Encontre uma \u00e1rea para fumantes no aeroporto \u2714\ufe0e Guia de fumantes em aeroportos para viajantes \u2714\ufe0e","breadcrumb":{"@id":"https:\/\/airportsmokinglounge.com\/smoking-areas-at-nha-trang-cam-ranh-airport-cxr\/#breadcrumb"},"inLanguage":"pt-BR","potentialAction":[{"@type":"ReadAction","target":["https:\/\/airportsmokinglounge.com\/smoking-areas-at-nha-trang-cam-ranh-airport-cxr\/"]}]},{"@type":"ImageObject","inLanguage":"pt-BR","@id":"https:\/\/airportsmokinglounge.com\/smoking-areas-at-nha-trang-cam-ranh-airport-cxr\/#primaryimage","url":"https:\/\/airportsmokinglounge.com\/wp-content\/uploads\/2023\/03\/airport-smoking-lounge-4.jpg","contentUrl":"https:\/\/airportsmokinglounge.com\/wp-content\/uploads\/2023\/03\/airport-smoking-lounge-4.jpg","width":2048,"height":1152,"caption":"Airport Smoking"},{"@type":"BreadcrumbList","@id":"https:\/\/airportsmokinglounge.com\/smoking-areas-at-nha-trang-cam-ranh-airport-cxr\/#breadcrumb","itemListElement":[{"@type":"ListItem","position":1,"name":"Home","item":"https:\/\/airportsmokinglounge.com\/"},{"@type":"ListItem","position":2,"name":"Smoking areas at Nha Trang &#8211; Cam Ranh Airport (CXR)"}]},{"@type":"WebSite","@id":"https:\/\/airportsmokinglounge.com\/#website","url":"https:\/\/airportsmokinglounge.com\/","name":"www.airport Smokinglounge.com","description":"","potentialAction":[{"@type":"SearchAction","target":{"@type":"EntryPoint","urlTemplate":"https:\/\/airportsmokinglounge.com\/?s={search_term_string}"},"query-input":{"@type":"PropertyValueSpecification","valueRequired":true,"valueName":"search_term_string"}}],"inLanguage":"pt-BR"}]}},"_links":{"self":[{"href":"https:\/\/airportsmokinglounge.com\/pt\/wp-json\/wp\/v2\/pages\/2235","targetHints":{"allow":["GET"]}}],"collection":[{"href":"https:\/\/airportsmokinglounge.com\/pt\/wp-json\/wp\/v2\/pages"}],"about":[{"href":"https:\/\/airportsmokinglounge.com\/pt\/wp-json\/wp\/v2\/types\/page"}],"author":[{"embeddable":true,"href":"https:\/\/airportsmokinglounge.com\/pt\/wp-json\/wp\/v2\/users\/1"}],"replies":[{"embeddable":true,"href":"https:\/\/airportsmokinglounge.com\/pt\/wp-json\/wp\/v2\/comments?post=2235"}],"version-history":[{"count":5,"href":"https:\/\/airportsmokinglounge.com\/pt\/wp-json\/wp\/v2\/pages\/2235\/revisions"}],"predecessor-version":[{"id":5330,"href":"https:\/\/airportsmokinglounge.com\/pt\/wp-json\/wp\/v2\/pages\/2235\/revisions\/5330"}],"wp:featuredmedia":[{"embeddable":true,"href":"https:\/\/airportsmokinglounge.com\/pt\/wp-json\/wp\/v2\/media\/1199"}],"wp:attachment":[{"href":"https:\/\/airportsmokinglounge.com\/pt\/wp-json\/wp\/v2\/media?parent=2235"}],"curies":[{"name":"wp","href":"https:\/\/api.w.org\/{rel}","templated":true}]}}