{"id":224,"date":"2023-02-28T15:48:45","date_gmt":"2023-02-28T14:48:45","guid":{"rendered":"https:\/\/airportsmokinglounge.com\/?page_id=224"},"modified":"2023-05-21T21:52:19","modified_gmt":"2023-05-21T19:52:19","slug":"smoking-areas-in-united-states-airports","status":"publish","type":"page","link":"https:\/\/airportsmokinglounge.com\/pt\/areas-para-fumantes-nos-aeroportos-dos-estados-unidos\/","title":{"rendered":"\u00c1reas para fumantes nos aeroportos dos Estados Unidos"},"content":{"rendered":"<p>Os Estados Unidos da Am\u00e9rica t\u00eam v\u00e1rios aeroportos, desde pequenos aeroportos regionais at\u00e9 grandes centros internacionais.<\/p>\n<p>Neste site voc\u00ea pode encontrar todas as \u00e1reas para fumantes nos aeroportos, incluindo \u00e1reas designadas para fumantes e instala\u00e7\u00f5es dispon\u00edveis. Entendemos a frustra\u00e7\u00e3o de passar pela seguran\u00e7a apenas para descobrir que n\u00e3o h\u00e1 \u00e1reas para fumantes em nenhum lugar e, em alguns casos, os cigarros eletr\u00f4nicos podem n\u00e3o ser permitidos.<\/p>\n<p>Este servi\u00e7o destina-se a todos os fumadores que queiram fumar um cigarro antes ou depois de voos longos.<\/p>\n<h2>Aeroportos nos Estados Unidos da Am\u00e9rica<\/h2>\n<ul style=\"list-style-type: circle;\">\n<li><a href=\"https:\/\/airportsmokinglounge.com\/pt\/areas-para-fumantes-no-aeroporto-jfk-nova-york-john-f-kennedy\/\">NOVA YORK \u2013 AEROPORTO INTERNACIONAL JOHN F KENNEDY (JFK)<\/a><\/li>\n<li><a href=\"https:\/\/airportsmokinglounge.com\/pt\/areas-para-fumantes-no-aeroporto-internacional-de-los-angeles-lax\/\">AEROPORTO INTERNACIONAL DE LOS ANGELES (LAX)<\/a><\/li>\n<li><a href=\"https:\/\/airportsmokinglounge.com\/pt\/areas-para-fumantes-em-chicago-ohare-internacional-aeroporto-ord\/\">AEROPORTO INTERNACIONAL DE CHICAGO O&#039;HARE (ORD)<\/a><\/li>\n<li><a href=\"https:\/\/airportsmokinglounge.com\/pt\/areas-para-fumantes-no-aeroporto-internacional-de-miami\/\">AEROPORTO INTERNACIONAL DE MIAMI (MIA)<\/a><\/li>\n<li><a href=\"https:\/\/airportsmokinglounge.com\/pt\/areas-para-fumantes-no-aeroporto-internacional-de-daytona-beach-dab\/\">AEROPORTO INTERNACIONAL DE DAYTONA BEACH (DAB)<\/a><\/li>\n<li><a href=\"https:\/\/airportsmokinglounge.com\/pt\/areas-para-fumadores-no-aeroporto-internacional-sfo-san-francisco\/\">AEROPORTO INTERNACIONAL DE S\u00c3O FRANCISCO (SFO)<\/a><\/li>\n<li><a href=\"https:\/\/airportsmokinglounge.com\/pt\/areas-para-fumantes-no-aeroporto-internacional-de-washington-iad\/\">AEROPORTO INTERNACIONAL DE WASHINGTON DULLES (IAD)<\/a><\/li>\n<li><a href=\"https:\/\/airportsmokinglounge.com\/pt\/areas-para-fumantes-em-atlanta-hartsfield-aeroporto-internacional-atl\/\">AEROPORTO INTERNACIONAL HARTSFIELD JACKSON ATLANTA (ATL)<\/a><\/li>\n<li><a href=\"https:\/\/airportsmokinglounge.com\/pt\/areas-para-fumantes-no-newark-liberty-international-airport-ewr\/\">AEROPORTO INTERNACIONAL DE NEWARK LIBERTY (EWR)<\/a><\/li>\n<li><a href=\"https:\/\/airportsmokinglounge.com\/pt\/areas-para-fumantes-no-aeroporto-internacional-de-orlando-mco\/\">AEROPORTO INTERNACIONAL DE ORLANDO (MCO)<\/a><\/li>\n<li><a href=\"https:\/\/airportsmokinglounge.com\/pt\/areas-para-fumantes-no-aeroporto-boston-internacional-bos\/\">BOSTON \u2013 AEROPORTO INTERNACIONAL GENERAL EDWARD LAWRENCE LOGAN (BOS)<\/a><\/li>\n<li><a href=\"https:\/\/airportsmokinglounge.com\/pt\/areas-para-fumantes-no-aeroporto-internacional-las-las-vegas\/\">LAS VEGAS \u2013 AEROPORTO INTERNACIONAL MCCARRAN (LAS)<\/a><\/li>\n<li><a href=\"https:\/\/airportsmokinglounge.com\/pt\/areas-para-fumantes-em-seattle-tacoma-aeroporto-internacional-mar\/\">AEROPORTO INTERNACIONAL DE SEATTLE TACOMA (MAR)<\/a><\/li>\n<li><a href=\"https:\/\/airportsmokinglounge.com\/pt\/areas-para-fumantes-no-aeroporto-louis-armstrong-de-nova-orleans-msy\/\">AEROPORTO INTERNACIONAL DE NOVA ORLEANS LOUIS ARMSTRONG (MSY)<\/a><\/li>\n<li><a href=\"https:\/\/airportsmokinglounge.com\/pt\/areas-para-fumantes-no-aeroporto-internacional-de-dallas-forthworth-dfw\/\">AEROPORTO INTERNACIONAL DE DALLAS FORT WORTH (DFW)<\/a><\/li>\n<li><a href=\"https:\/\/airportsmokinglounge.com\/pt\/areas-para-fumantes-em-houston-george-bush-airport-iah\/\">AEROPORTO INTERCONTINENTAL DE HOUSTON GEORGE BUSH (IAH)<\/a><\/li>\n<li><a href=\"https:\/\/airportsmokinglounge.com\/pt\/areas-para-fumantes-no-aeroporto-san-diego-internacional-san\/\">AEROPORTO INTERNACIONAL DE SAN DIEGO (SAN)<\/a><\/li>\n<li><a href=\"https:\/\/airportsmokinglounge.com\/pt\/areas-para-fumantes-no-aeroporto-internacional-de-honolulu-hnl\/\">HONOLULU \u2013 AEROPORTO INTERNACIONAL DANIEL K INOUYE (HNL)<\/a><\/li>\n<li><a href=\"https:\/\/airportsmokinglounge.com\/pt\/areas-para-fumadores-no-aeroporto-internacional-de-fort-lauderdale-fll\/\">AEROPORTO INTERNACIONAL DE FORT LAUDERDALE HOLLYWOOD (FLL)<\/a><\/li>\n<li><a href=\"https:\/\/airportsmokinglounge.com\/pt\/areas-para-fumantes-no-aeroporto-internacional-de-phoenix-phx\/\">AEROPORTO INTERNACIONAL PHOENIX SKY HARBOR (PHX)<\/a><\/li>\n<li><a href=\"https:\/\/airportsmokinglounge.com\/pt\/areas-para-fumantes-no-aeroporto-internacional-de-denver\/\">AEROPORTO INTERNACIONAL DE DENVER (DEN)<\/a><\/li>\n<li><a href=\"https:\/\/airportsmokinglounge.com\/pt\/areas-para-fumantes-no-aeroporto-metropolitano-de-detroit-dtw\/\">AEROPORTO METROPOLITANO DE DETROIT WAYNE COUNTRY (DTW)<\/a><\/li>\n<li><a href=\"https:\/\/airportsmokinglounge.com\/pt\/areas-para-fumantes-no-aeroporto-internacional-de-tampa-tpa\/\">AEROPORTO INTERNACIONAL DE TAMPA (TPA)<\/a><\/li>\n<li><a href=\"https:\/\/airportsmokinglounge.com\/pt\/areas-para-fumadores-no-aeroporto-internacional-philadelphia-phl\/\">AEROPORTO INTERNACIONAL DA FILAD\u00c9LFIA (PHL)<\/a><\/li>\n<li><a href=\"https:\/\/airportsmokinglounge.com\/pt\/areas-para-fumantes-no-austin-bergstrom-international-airport-aus\/\">AEROPORTO INTERNACIONAL DE AUSTIN BERGSTROM (AUS)<\/a><\/li>\n<li><a href=\"https:\/\/airportsmokinglounge.com\/pt\/areas-para-fumantes-em-raleigh-durham-aeroporto-internacional-rdu\/\">AEROPORTO INTERNACIONAL DE RALEIGH DURHAM (RDU)<\/a><\/li>\n<li><a href=\"https:\/\/airportsmokinglounge.com\/pt\/areas-para-fumantes-em-fort-mayers-aeroporto-internacional-do-sudoeste-da-florida-rsw\/\">FORT MAYERS \u2013 AEROPORTO INTERNACIONAL DO SUDOESTE DA FL\u00d3RIDA (RSW)<\/a><\/li>\n<li><a href=\"https:\/\/airportsmokinglounge.com\/pt\/areas-para-fumantes-no-aeroporto-internacional-de-minneapolis-msp\/\">AEROPORTO INTERNACIONAL DE MINNEAPOLIS-ST PAUL\/WOLD-CHAMBERLAIN (MSP)<\/a><\/li>\n<li><a href=\"https:\/\/airportsmokinglounge.com\/pt\/areas-para-fumantes-no-aeroporto-internacional-charlotte-clt\/\">AEROPORTO INTERNACIONAL CHARLOTTE DOUGLAS (CLT)<\/a><\/li>\n<li><a href=\"https:\/\/airportsmokinglounge.com\/pt\/areas-para-fumantes-no-aeroporto-internacional-de-baltimore-washington-bwi\/\">AEROPORTO INTERNACIONAL DE BALTIMORE\/WASHINGTON (BWI)<\/a><\/li>\n<li><a href=\"https:\/\/airportsmokinglounge.com\/pt\/areas-para-fumantes-no-aeroporto-internacional-de-st-louis\/\">AEROPORTO INTERNACIONAL DE ST LOUIS LAMBERT (STL)<\/a><\/li>\n<\/ul>\n<h2>Lei do Fumo nos Estados Unidos da Am\u00e9rica<\/h2>\n<p>Os Estados Unidos implementaram regulamenta\u00e7\u00f5es antitabagismo nos n\u00edveis federal e estadual para proteger a sa\u00fade p\u00fablica e reduzir o uso de tabaco. No entanto, observe que as leis e regulamentos para fumar podem variar entre diferentes estados e jurisdi\u00e7\u00f5es locais nos Estados Unidos, portanto, \u00e9 aconselh\u00e1vel consultar as leis espec\u00edficas do estado ou localidade em que voc\u00ea est\u00e1 interessado para obter as informa\u00e7\u00f5es mais atualizadas.<\/p>\n<p>No n\u00edvel federal, fumar \u00e9 geralmente proibido em certos locais p\u00fablicos internos de acordo com os regulamentos do Departamento de Sa\u00fade e Servi\u00e7os Humanos dos EUA. Isso inclui pr\u00e9dios do governo, instala\u00e7\u00f5es de sa\u00fade, institui\u00e7\u00f5es educacionais que recebem financiamento federal e transporte p\u00fablico sob jurisdi\u00e7\u00e3o federal. Al\u00e9m disso, a lei federal pro\u00edbe fumar em voos comerciais e em certos ve\u00edculos do governo federal.<\/p>\n<p>No entanto, os regulamentos para fumar podem variar significativamente entre os estados e localidades nos Estados Unidos. Muitos estados promulgaram suas pr\u00f3prias leis e regulamentos sobre fumar em locais p\u00fablicos, locais de trabalho, restaurantes, bares e outros locais. Alguns estados implementaram leis antifumo abrangentes que pro\u00edbem fumar em locais p\u00fablicos fechados, enquanto outros podem ter restri\u00e7\u00f5es mais limitadas ou permitir \u00e1reas designadas para fumantes em determinados estabelecimentos.<\/p>\n<p>A idade m\u00ednima legal para compra e posse de produtos de tabaco tamb\u00e9m varia de acordo com o estado, com a maioria dos estados estabelecendo-a em 18 anos, enquanto alguns a elevaram para 21 anos de acordo com a legisla\u00e7\u00e3o federal conhecida como lei do tabaco 21.<\/p>\n<p>A aplica\u00e7\u00e3o das leis antifumo \u00e9 geralmente supervisionada pelas autoridades estaduais ou locais relevantes, e as viola\u00e7\u00f5es podem resultar em multas ou outras penalidades espec\u00edficas da jurisdi\u00e7\u00e3o.<\/p>\n<p>Para obter informa\u00e7\u00f5es mais precisas e atualizadas sobre as leis antifumo nos Estados Unidos, \u00e9 recomend\u00e1vel consultar as leis do estado ou localidade espec\u00edfica em que voc\u00ea est\u00e1 interessado ou entrar em contato com as autoridades locais ou organiza\u00e7\u00f5es de sa\u00fade.<\/p>\n<p><strong>Mais \u00e1reas para fumantes no aeroporto\u00a0<\/strong><\/p>\n<ul>\n<li><a href=\"https:\/\/airportsmokinglounge.com\/pt\/fumar-nos-aeroportos-da-america-do-norte\/\">Am\u00e9rica do Norte<\/a><\/li>\n<li><a href=\"https:\/\/airportsmokinglounge.com\/pt\/fumando-nos-aeroportos-da-america-do-sul\/\">Am\u00e9rica do Sul<\/a><\/li>\n<li><a href=\"https:\/\/airportsmokinglounge.com\/pt\/areas-para-fumantes-nos-aeroportos-europeus\/\">Europa<\/a><\/li>\n<li><a href=\"https:\/\/airportsmokinglounge.com\/pt\/fumar-em-aeroportos-na-asia\/\">\u00c1sia<\/a><\/li>\n<li><a href=\"https:\/\/airportsmokinglounge.com\/pt\/fumar-em-aeroportos-na-oceania\/\">Oce\u00e2nia<\/a><\/li>\n<\/ul>","protected":false},"excerpt":{"rendered":"<p>Os Estados Unidos da Am\u00e9rica t\u00eam diversos aeroportos, desde pequenos aeroportos regionais at\u00e9 grandes hubs internacionais. Neste site, voc\u00ea encontra todas as \u00e1reas para fumantes nos aeroportos, incluindo \u00e1reas designadas para fumantes e instala\u00e7\u00f5es dispon\u00edveis. Entendemos a frustra\u00e7\u00e3o de passar pela seguran\u00e7a e descobrir que n\u00e3o h\u00e1 \u00e1reas para fumantes em nenhum lugar e em\u2026&nbsp;<a href=\"https:\/\/airportsmokinglounge.com\/pt\/areas-para-fumantes-nos-aeroportos-dos-estados-unidos\/\" rel=\"bookmark\">Ler mais \u00bb<span class=\"screen-reader-text\">\u00c1reas para fumantes nos aeroportos dos Estados Unidos<\/span><\/a><\/p>","protected":false},"author":1,"featured_media":1199,"parent":0,"menu_order":0,"comment_status":"closed","ping_status":"closed","template":"","meta":{"neve_meta_sidebar":"","neve_meta_container":"","neve_meta_enable_content_width":"off","neve_meta_content_width":100,"neve_meta_title_alignment":"","neve_meta_author_avatar":"","neve_post_elements_order":"","neve_meta_disable_header":"","neve_meta_disable_footer":"","neve_meta_disable_title":"","neve_meta_reading_time":"","footnotes":""},"class_list":["post-224","page","type-page","status-publish","has-post-thumbnail","hentry"],"yoast_head":"<!-- This site is optimized with the Yoast SEO plugin v26.6 - https:\/\/yoast.com\/wordpress\/plugins\/seo\/ -->\n<title>Smoking areas in United States airports<\/title>\n<meta name=\"description\" content=\"Smoking areas at United States airports - Where to Smoke at the Airport? - Your Ultimate Guide to Finding a Place to Smoke \u2714\ufe0e\" \/>\n<meta name=\"robots\" content=\"index, follow, max-snippet:-1, max-image-preview:large, max-video-preview:-1\" \/>\n<link rel=\"canonical\" href=\"https:\/\/airportsmokinglounge.com\/pt\/areas-para-fumantes-nos-aeroportos-dos-estados-unidos\/\" \/>\n<meta property=\"og:locale\" content=\"pt_BR\" \/>\n<meta property=\"og:type\" content=\"article\" \/>\n<meta property=\"og:title\" content=\"Smoking areas in United States airports\" \/>\n<meta property=\"og:description\" content=\"Smoking areas at United States airports - Where to Smoke at the Airport? - Your Ultimate Guide to Finding a Place to Smoke \u2714\ufe0e\" \/>\n<meta property=\"og:url\" content=\"https:\/\/airportsmokinglounge.com\/pt\/areas-para-fumantes-nos-aeroportos-dos-estados-unidos\/\" \/>\n<meta property=\"og:site_name\" content=\"airportsmokinglounge.com\" \/>\n<meta property=\"article:modified_time\" content=\"2023-05-21T19:52:19+00:00\" \/>\n<meta property=\"og:image\" content=\"https:\/\/airportsmokinglounge.com\/wp-content\/uploads\/2023\/03\/airport-smoking-lounge-4.jpg\" \/>\n\t<meta property=\"og:image:width\" content=\"2048\" \/>\n\t<meta property=\"og:image:height\" content=\"1152\" \/>\n\t<meta property=\"og:image:type\" content=\"image\/jpeg\" \/>\n<meta name=\"twitter:card\" content=\"summary_large_image\" \/>\n<meta name=\"twitter:label1\" content=\"Est. tempo de leitura\" \/>\n\t<meta name=\"twitter:data1\" content=\"3 minutos\" \/>\n<script type=\"application\/ld+json\" class=\"yoast-schema-graph\">{\"@context\":\"https:\/\/schema.org\",\"@graph\":[{\"@type\":\"WebPage\",\"@id\":\"https:\/\/airportsmokinglounge.com\/smoking-areas-in-united-states-airports\/\",\"url\":\"https:\/\/airportsmokinglounge.com\/smoking-areas-in-united-states-airports\/\",\"name\":\"Smoking areas in United States airports\",\"isPartOf\":{\"@id\":\"https:\/\/airportsmokinglounge.com\/#website\"},\"primaryImageOfPage\":{\"@id\":\"https:\/\/airportsmokinglounge.com\/smoking-areas-in-united-states-airports\/#primaryimage\"},\"image\":{\"@id\":\"https:\/\/airportsmokinglounge.com\/smoking-areas-in-united-states-airports\/#primaryimage\"},\"thumbnailUrl\":\"https:\/\/airportsmokinglounge.com\/wp-content\/uploads\/2023\/03\/airport-smoking-lounge-4.jpg\",\"datePublished\":\"2023-02-28T14:48:45+00:00\",\"dateModified\":\"2023-05-21T19:52:19+00:00\",\"description\":\"Smoking areas at United States airports - Where to Smoke at the Airport? - Your Ultimate Guide to Finding a Place to Smoke \u2714\ufe0e\",\"breadcrumb\":{\"@id\":\"https:\/\/airportsmokinglounge.com\/smoking-areas-in-united-states-airports\/#breadcrumb\"},\"inLanguage\":\"pt-BR\",\"potentialAction\":[{\"@type\":\"ReadAction\",\"target\":[\"https:\/\/airportsmokinglounge.com\/smoking-areas-in-united-states-airports\/\"]}]},{\"@type\":\"ImageObject\",\"inLanguage\":\"pt-BR\",\"@id\":\"https:\/\/airportsmokinglounge.com\/smoking-areas-in-united-states-airports\/#primaryimage\",\"url\":\"https:\/\/airportsmokinglounge.com\/wp-content\/uploads\/2023\/03\/airport-smoking-lounge-4.jpg\",\"contentUrl\":\"https:\/\/airportsmokinglounge.com\/wp-content\/uploads\/2023\/03\/airport-smoking-lounge-4.jpg\",\"width\":2048,\"height\":1152,\"caption\":\"Airport Smoking\"},{\"@type\":\"BreadcrumbList\",\"@id\":\"https:\/\/airportsmokinglounge.com\/smoking-areas-in-united-states-airports\/#breadcrumb\",\"itemListElement\":[{\"@type\":\"ListItem\",\"position\":1,\"name\":\"Home\",\"item\":\"https:\/\/airportsmokinglounge.com\/\"},{\"@type\":\"ListItem\",\"position\":2,\"name\":\"Smoking areas in United States airports\"}]},{\"@type\":\"WebSite\",\"@id\":\"https:\/\/airportsmokinglounge.com\/#website\",\"url\":\"https:\/\/airportsmokinglounge.com\/\",\"name\":\"airportsmokinglounge.com\",\"description\":\"\",\"potentialAction\":[{\"@type\":\"SearchAction\",\"target\":{\"@type\":\"EntryPoint\",\"urlTemplate\":\"https:\/\/airportsmokinglounge.com\/?s={search_term_string}\"},\"query-input\":{\"@type\":\"PropertyValueSpecification\",\"valueRequired\":true,\"valueName\":\"search_term_string\"}}],\"inLanguage\":\"pt-BR\"}]}<\/script>\n<!-- \/ Yoast SEO plugin. -->","yoast_head_json":{"title":"\u00c1reas para fumantes nos aeroportos dos Estados Unidos","description":"\u00c1reas para fumantes nos aeroportos dos Estados Unidos - Onde fumar no aeroporto? - Seu guia definitivo para encontrar um lugar para fumar \u2714\ufe0e","robots":{"index":"index","follow":"follow","max-snippet":"max-snippet:-1","max-image-preview":"max-image-preview:large","max-video-preview":"max-video-preview:-1"},"canonical":"https:\/\/airportsmokinglounge.com\/pt\/areas-para-fumantes-nos-aeroportos-dos-estados-unidos\/","og_locale":"pt_BR","og_type":"article","og_title":"Smoking areas in United States airports","og_description":"Smoking areas at United States airports - Where to Smoke at the Airport? - Your Ultimate Guide to Finding a Place to Smoke \u2714\ufe0e","og_url":"https:\/\/airportsmokinglounge.com\/pt\/areas-para-fumantes-nos-aeroportos-dos-estados-unidos\/","og_site_name":"airportsmokinglounge.com","article_modified_time":"2023-05-21T19:52:19+00:00","og_image":[{"width":2048,"height":1152,"url":"https:\/\/airportsmokinglounge.com\/wp-content\/uploads\/2023\/03\/airport-smoking-lounge-4.jpg","type":"image\/jpeg"}],"twitter_card":"summary_large_image","twitter_misc":{"Est. tempo de leitura":"3 minutos"},"schema":{"@context":"https:\/\/schema.org","@graph":[{"@type":"WebPage","@id":"https:\/\/airportsmokinglounge.com\/smoking-areas-in-united-states-airports\/","url":"https:\/\/airportsmokinglounge.com\/smoking-areas-in-united-states-airports\/","name":"\u00c1reas para fumantes nos aeroportos dos Estados Unidos","isPartOf":{"@id":"https:\/\/airportsmokinglounge.com\/#website"},"primaryImageOfPage":{"@id":"https:\/\/airportsmokinglounge.com\/smoking-areas-in-united-states-airports\/#primaryimage"},"image":{"@id":"https:\/\/airportsmokinglounge.com\/smoking-areas-in-united-states-airports\/#primaryimage"},"thumbnailUrl":"https:\/\/airportsmokinglounge.com\/wp-content\/uploads\/2023\/03\/airport-smoking-lounge-4.jpg","datePublished":"2023-02-28T14:48:45+00:00","dateModified":"2023-05-21T19:52:19+00:00","description":"\u00c1reas para fumantes nos aeroportos dos Estados Unidos - Onde fumar no aeroporto? - Seu guia definitivo para encontrar um lugar para fumar \u2714\ufe0e","breadcrumb":{"@id":"https:\/\/airportsmokinglounge.com\/smoking-areas-in-united-states-airports\/#breadcrumb"},"inLanguage":"pt-BR","potentialAction":[{"@type":"ReadAction","target":["https:\/\/airportsmokinglounge.com\/smoking-areas-in-united-states-airports\/"]}]},{"@type":"ImageObject","inLanguage":"pt-BR","@id":"https:\/\/airportsmokinglounge.com\/smoking-areas-in-united-states-airports\/#primaryimage","url":"https:\/\/airportsmokinglounge.com\/wp-content\/uploads\/2023\/03\/airport-smoking-lounge-4.jpg","contentUrl":"https:\/\/airportsmokinglounge.com\/wp-content\/uploads\/2023\/03\/airport-smoking-lounge-4.jpg","width":2048,"height":1152,"caption":"Airport Smoking"},{"@type":"BreadcrumbList","@id":"https:\/\/airportsmokinglounge.com\/smoking-areas-in-united-states-airports\/#breadcrumb","itemListElement":[{"@type":"ListItem","position":1,"name":"Home","item":"https:\/\/airportsmokinglounge.com\/"},{"@type":"ListItem","position":2,"name":"Smoking areas in United States airports"}]},{"@type":"WebSite","@id":"https:\/\/airportsmokinglounge.com\/#website","url":"https:\/\/airportsmokinglounge.com\/","name":"www.airport Smokinglounge.com","description":"","potentialAction":[{"@type":"SearchAction","target":{"@type":"EntryPoint","urlTemplate":"https:\/\/airportsmokinglounge.com\/?s={search_term_string}"},"query-input":{"@type":"PropertyValueSpecification","valueRequired":true,"valueName":"search_term_string"}}],"inLanguage":"pt-BR"}]}},"_links":{"self":[{"href":"https:\/\/airportsmokinglounge.com\/pt\/wp-json\/wp\/v2\/pages\/224","targetHints":{"allow":["GET"]}}],"collection":[{"href":"https:\/\/airportsmokinglounge.com\/pt\/wp-json\/wp\/v2\/pages"}],"about":[{"href":"https:\/\/airportsmokinglounge.com\/pt\/wp-json\/wp\/v2\/types\/page"}],"author":[{"embeddable":true,"href":"https:\/\/airportsmokinglounge.com\/pt\/wp-json\/wp\/v2\/users\/1"}],"replies":[{"embeddable":true,"href":"https:\/\/airportsmokinglounge.com\/pt\/wp-json\/wp\/v2\/comments?post=224"}],"version-history":[{"count":10,"href":"https:\/\/airportsmokinglounge.com\/pt\/wp-json\/wp\/v2\/pages\/224\/revisions"}],"predecessor-version":[{"id":5645,"href":"https:\/\/airportsmokinglounge.com\/pt\/wp-json\/wp\/v2\/pages\/224\/revisions\/5645"}],"wp:featuredmedia":[{"embeddable":true,"href":"https:\/\/airportsmokinglounge.com\/pt\/wp-json\/wp\/v2\/media\/1199"}],"wp:attachment":[{"href":"https:\/\/airportsmokinglounge.com\/pt\/wp-json\/wp\/v2\/media?parent=224"}],"curies":[{"name":"wp","href":"https:\/\/api.w.org\/{rel}","templated":true}]}}